{"id":13235,"date":"2017-09-05T15:57:34","date_gmt":"2017-09-05T13:57:34","guid":{"rendered":"https:\/\/lanaja.sk\/obchod\/neza\u0159azen\u00e9\/kos-z-rucne-tkaneho-lnu-20x16cm\/"},"modified":"2025-08-03T13:49:29","modified_gmt":"2025-08-03T11:49:29","slug":"kos-z-rucne-tkaneho-lnu-20x16cm","status":"publish","type":"product","link":"https:\/\/lanaja.sk\/cs\/obchod\/kos-z-rucne-tkaneho-lnu-20x16cm\/","title":{"rendered":"Ko\u0161\u00edk z ru\u010dn\u011b tkan\u00e9ho lnu 20x16cm"},"content":{"rendered":"<h2 data-sourcepos=\"1:1-1:75\">Ru\u010dn\u011b tkan\u00fd kousek slovensk\u00e9 tradice<\/h2>\n<p data-sourcepos=\"3:1-3:381\"><strong>P\u0159edstavit si:<\/strong> R\u00e1no v\u00e1s probud\u00ed v\u016fn\u011b \u010derstv\u011b upe\u010den\u00e9ho chleba. Vynd\u00e1te ho z trouby a vlo\u017e\u00edte do <strong>kr\u00e1sn\u00e9ho ko\u0161\u00edku z ru\u010dn\u011b tkan\u00e9ho lnu<\/strong>. V\u016fn\u011b chleba se m\u00eds\u00ed s jemnou v\u016fn\u00ed lnu a vytv\u00e1\u0159\u00ed tak <strong>dokonalou atmosf\u00e9ru domova.<\/strong> Ko\u0161 je nejen praktick\u00fdm pomocn\u00edkem, ale tak\u00e9 <strong>n\u00e1dhern\u00fdm dekorativn\u00edm prvkem<\/strong>, kter\u00fd dod\u00e1 va\u0161\u00ed kuchyni <strong>rustik\u00e1ln\u00ed a \u00fatuln\u00fd vzhled<\/strong>.<\/p>\n<h4 data-sourcepos=\"5:1-5:59\"><strong>Pro\u010d si vybrat ko\u0161\u00edk z ru\u010dn\u011b tkan\u00e9ho slovensk\u00e9ho lnu?<\/strong><\/h4>\n<ul data-sourcepos=\"7:1-12:0\">\n<li data-sourcepos=\"7:1-7:156\"><strong>Jedine\u010dn\u00e9 a origin\u00e1ln\u00ed:<\/strong> Ka\u017ed\u00fd ko\u0161 je <strong>ru\u010dn\u011b tkan\u00fd s l\u00e1skou a p\u00e9\u010d\u00ed<\/strong>, d\u00edky \u010demu\u017e je <strong>naprosto jedine\u010dn\u00fd<\/strong>. Nenajdete dva \u00fapln\u011b stejn\u00e9 kousky.<\/li>\n<li data-sourcepos=\"8:1-8:192\"><strong>Ekologick\u00e9 a udr\u017eiteln\u00e9:<\/strong> Len je <strong>p\u0159\u00edrodn\u00ed materi\u00e1l<\/strong>, kter\u00fd se p\u011bstuje bez pou\u017eit\u00ed pesticid\u016f. Ko\u0161\u00edk je <strong>100% kompostovateln\u00fd<\/strong>, tak\u017ee se na konci sv\u00e9 \u017eivotnosti vr\u00e1t\u00ed zp\u011bt do p\u0159\u00edrody.<\/li>\n<li data-sourcepos=\"9:1-9:217\"><strong>Praktick\u00fd a odoln\u00fd:<\/strong> Ko\u0161\u00edk je<strong> pevn\u00fd a prostorn\u00fd<\/strong>, tak\u017ee se do n\u011bj vejde nakr\u00e1jen\u00fd chleba, pe\u010divo, ovoce \u010di zelenina. Len je <strong>p\u0159irozen\u011b sav\u00fd a rychle schne<\/strong>, tak\u017ee se nemus\u00edte b\u00e1t, \u017ee by v\u00e1m ko\u0161\u00edk navlhl.<\/li>\n<li data-sourcepos=\"11:1-12:0\"><strong>Tradi\u010dn\u00ed a modern\u00ed z\u00e1rove\u0148:<\/strong> ln\u011bn\u00e1 l\u00e1tka, ze kter\u00e9 je ko\u0161 \u0161it\u00fd, je vyrobena <strong>tradi\u010dn\u00ed technikou ln\u011bn\u00e9ho tkan\u00ed<\/strong>, kter\u00e1 se na Slovensku p\u0159ed\u00e1v\u00e1 z generace na generaci. Z\u00e1rove\u0148 <strong>je to modern\u00ed a funk\u010dn\u00ed<\/strong> dopln\u011bk va\u0161\u00ed kuchyn\u011b.<\/li>\n<\/ul>\n<h4 data-sourcepos=\"13:1-13:47\"><strong>N\u00e1\u0161 ko\u0161\u00edk z ru\u010dn\u011b tkan\u00e9ho slovensk\u00e9ho lnu:<\/strong><\/h4>\n<ul data-sourcepos=\"15:1-20:0\">\n<li data-sourcepos=\"16:1-16:49\">M\u00e1 kulat\u00e9 dno o pr\u016fm\u011bru 20 cm a v\u00fd\u0161ce 16 cm.<\/li>\n<li data-sourcepos=\"17:1-17:20\">Je pevn\u00fd a odoln\u00fd.<\/li>\n<li data-sourcepos=\"19:1-20:0\">Je 100% kompostovateln\u00fd.<\/li>\n<\/ul>\n<p data-sourcepos=\"21:1-21:10\"><strong>Bonus:<\/strong><\/p>\n<ul data-sourcepos=\"23:1-25:0\">\n<li data-sourcepos=\"23:1-23:124\">M\u016f\u017eete jej kombinovat s dal\u0161\u00edmi ln\u011bn\u00fdmi v\u00fdrobky, jako jsou ru\u010dn\u00edky, prost\u00edr\u00e1n\u00ed, \u0161t\u00f3ly, ta\u0161ky nebo oble\u010den\u00ed.<\/li>\n<li data-sourcepos=\"24:1-25:0\"> Je zabalen\u00fd v d\u00e1rkov\u00e9 krabi\u010dce a m\u016f\u017ee poslou\u017eit i jako <strong>origin\u00e1ln\u00ed a praktick\u00fd d\u00e1rek<\/strong>.<\/li>\n<\/ul>\n<h4 data-sourcepos=\"37:1-37:61\"><strong>Tipy na pou\u017eit\u00ed ko\u0161\u00edku z ru\u010dn\u011b tkan\u00e9ho slovensk\u00e9ho lnu:<\/strong><\/h4>\n<ul data-sourcepos=\"39:1-43:0\">\n<li data-sourcepos=\"39:1-39:74\">Ko\u0161\u00edk m\u016f\u017eete pou\u017e\u00edt k pod\u00e1v\u00e1n\u00ed chleba, pe\u010diva, ovoce nebo zeleniny.<\/li>\n<li data-sourcepos=\"40:1-40:99\">Ko\u0161\u00edk m\u016f\u017eete pou\u017e\u00edt k ulo\u017een\u00ed potravin, jako jsou su\u0161enky, o\u0159echy nebo su\u0161en\u00e9 ovoce.<\/li>\n<li data-sourcepos=\"41:1-41:64\">Ko\u0161\u00edk m\u016f\u017eete pou\u017e\u00edt k ozdoben\u00ed kuchyn\u011b, ob\u00fdvac\u00edho pokoje nebo terasy.<\/li>\n<li data-sourcepos=\"42:1-43:0\">Ko\u0161\u00edk m\u016f\u017eete darovat sv\u00fdm bl\u00edzk\u00fdm jako origin\u00e1ln\u00ed a praktick\u00fd d\u00e1rek.<\/li>\n<\/ul>\n<p><strong>Fotografie vznikly ve spolupr\u00e1ci s chytrou \u017eenou Elou Kr\u00eddlovou a j\u00e1 jsem j\u00ed za tuto spolupr\u00e1ci nesm\u00edrn\u011b vd\u011b\u010dn\u00e1.<\/strong><\/p>\n<p>Ela je l\u00e9ka\u0159ka, m\u00e1ma na pln\u00fd \u00favazek a foodblogerka. Jej\u00ed inspirativn\u00ed a chutn\u00e9 recepty najdete na jej\u00edm blogu, jeho\u017e n\u00e1zev ji vystihuje do punt\u00edku \u2665 <a href=\"https:\/\/www.zosrdcadohrnca.sk\/?fbclid=IwAR20ZtqdkmDcWTJSkPFpd5ZVq8lIDq8nnx-wZetnmJNp2qqGI_39o7oqEmU\" target=\"_blank\" rel=\"noopener noreferrer\">Zo srdca do hrnca<\/a> \u2665 Recept na fantastick\u00fd p\u0161eni\u010dno-kvasnicov\u00fd bramborov\u00fd chl\u00e9b najdete mimo jin\u00e9 i na blogu Ely <a href=\"https:\/\/www.zosrdcadohrnca.sk\/2018\/11\/28\/psenicny-zemiakovy-chlieb\/\" target=\"_blank\" rel=\"noopener noreferrer\">ZDE<\/a><\/p>\n<p class=\"article\"><strong>Po\u010d\u00edtejte s dodac\u00ed lh\u016ftou 5-15 pracovn\u00edch dn\u016f, pokud nem\u00e1me produkt \u0161it\u00fd skladem, ru\u010dn\u00ed pr\u00e1ce vy\u017eaduje n\u00e1\u0161 \u010das. Ln\u011bn\u00e9 v\u00fdrobky \u0161ijeme v na\u0161\u00ed d\u00edln\u011b dle Va\u0161eho p\u0159\u00e1n\u00ed a na m\u00edru v z\u00e1vislosti na konkr\u00e9tn\u00edm v\u00fdrobku.<\/strong><\/p>\n","protected":false},"excerpt":{"rendered":"<p>Ru\u010dn\u011b tkan\u00fd kousek slovensk\u00e9 tradice P\u0159edstavit si: R\u00e1no v\u00e1s probud\u00ed v\u016fn\u011b \u010derstv\u011b upe\u010den\u00e9ho chleba. Vynd\u00e1te ho z trouby a vlo\u017e\u00edte do kr\u00e1sn\u00e9ho ko\u0161\u00edku z ru\u010dn\u011b tkan\u00e9ho lnu. V\u016fn\u011b chleba se m\u00eds\u00ed s jemnou v\u016fn\u00ed lnu a vytv\u00e1\u0159\u00ed tak dokonalou atmosf\u00e9ru domova. Ko\u0161 je nejen praktick\u00fdm pomocn\u00edkem, ale tak\u00e9 n\u00e1dhern\u00fdm dekorativn\u00edm prvkem, kter\u00fd dod\u00e1 va\u0161\u00ed kuchyni [&hellip;]<\/p>\n","protected":false},"featured_media":6867,"template":"","meta":[],"product_brand":[],"product_cat":[339],"product_tag":[343],"class_list":{"0":"post-13235","1":"product","2":"type-product","3":"status-publish","4":"has-post-thumbnail","6":"product_cat-lnene-kosiky","7":"product_tag-lanovy-kos","9":"first","10":"onbackorder","11":"shipping-taxable","12":"purchasable","13":"product-type-simple"},"yoast_head":"<!-- This site is optimized with the Yoast SEO plugin v27.4 - https:\/\/yoast.com\/product\/yoast-seo-wordpress\/ -->\n<title>Ko\u0161\u00edk z ru\u010dn\u011b tkan\u00e9ho lnu 20x16cm &#8226; Lanaja-slovensk\u00e1 udr\u017eiteln\u00e1 zna\u010dka a v\u00fdrobce ln\u011bn\u00e9ho textilu<\/title>\n<meta name=\"description\" content=\"Ko\u0161\u00edk z ru\u010dn\u011b tkan\u00e9ho lnu slou\u017e\u00ed k serv\u00edrov\u00e1n\u00ed, p\u0159en\u00e1\u0161en\u00ed potravin, chleba, sladk\u00e9ho i slan\u00e9ho pe\u010diva.\" \/>\n<meta name=\"robots\" content=\"index, follow, max-snippet:-1, max-image-preview:large, max-video-preview:-1\" \/>\n<link rel=\"canonical\" href=\"https:\/\/lanaja.sk\/cs\/obchod\/kos-z-rucne-tkaneho-lnu-20x16cm\/\" \/>\n<meta property=\"og:locale\" content=\"cs_CZ\" \/>\n<meta property=\"og:type\" content=\"article\" \/>\n<meta property=\"og:title\" content=\"Ko\u0161\u00edk z ru\u010dn\u011b tkan\u00e9ho lnu 20x16cm &#8226; Lanaja-slovensk\u00e1 udr\u017eiteln\u00e1 zna\u010dka a v\u00fdrobce ln\u011bn\u00e9ho textilu\" \/>\n<meta property=\"og:description\" content=\"Ko\u0161\u00edk z ru\u010dn\u011b tkan\u00e9ho lnu slou\u017e\u00ed k serv\u00edrov\u00e1n\u00ed, p\u0159en\u00e1\u0161en\u00ed potravin, chleba, sladk\u00e9ho i slan\u00e9ho pe\u010diva.\" \/>\n<meta property=\"og:url\" content=\"https:\/\/lanaja.sk\/cs\/obchod\/kos-z-rucne-tkaneho-lnu-20x16cm\/\" \/>\n<meta property=\"og:site_name\" content=\"Lanaja-slovensk\u00e1 udr\u017eiteln\u00e1 zna\u010dka a v\u00fdrobce ln\u011bn\u00e9ho textilu\" \/>\n<meta property=\"article:publisher\" content=\"https:\/\/www.facebook.com\/Abreadbag\" \/>\n<meta property=\"article:modified_time\" content=\"2025-08-03T11:49:29+00:00\" \/>\n<meta property=\"og:image\" content=\"https:\/\/lanaja.sk\/wp-content\/uploads\/2019\/10\/servirovaci-kosik.-e1596725233561-jpg.webp\" \/>\n\t<meta property=\"og:image:width\" content=\"638\" \/>\n\t<meta property=\"og:image:height\" content=\"850\" \/>\n\t<meta property=\"og:image:type\" content=\"image\/jpeg\" \/>\n<meta name=\"twitter:card\" content=\"summary_large_image\" \/>\n<meta name=\"twitter:label1\" content=\"Odhadovan\u00e1 doba \u010dten\u00ed\" \/>\n\t<meta name=\"twitter:data1\" content=\"3 minuty\" \/>\n<script type=\"application\/ld+json\" class=\"yoast-schema-graph\">{\"@context\":\"https:\\\/\\\/schema.org\",\"@graph\":[{\"@type\":\"WebPage\",\"@id\":\"https:\\\/\\\/lanaja.sk\\\/cs\\\/obchod\\\/kos-z-rucne-tkaneho-lnu-20x16cm\\\/\",\"url\":\"https:\\\/\\\/lanaja.sk\\\/cs\\\/obchod\\\/kos-z-rucne-tkaneho-lnu-20x16cm\\\/\",\"name\":\"Ko\u0161\u00edk z ru\u010dn\u011b tkan\u00e9ho lnu 20x16cm &#8226; Lanaja-slovensk\u00e1 udr\u017eiteln\u00e1 zna\u010dka a v\u00fdrobce ln\u011bn\u00e9ho textilu\",\"isPartOf\":{\"@id\":\"https:\\\/\\\/lanaja.sk\\\/cs\\\/#website\"},\"primaryImageOfPage\":{\"@id\":\"https:\\\/\\\/lanaja.sk\\\/cs\\\/obchod\\\/kos-z-rucne-tkaneho-lnu-20x16cm\\\/#primaryimage\"},\"image\":{\"@id\":\"https:\\\/\\\/lanaja.sk\\\/cs\\\/obchod\\\/kos-z-rucne-tkaneho-lnu-20x16cm\\\/#primaryimage\"},\"thumbnailUrl\":\"https:\\\/\\\/lanaja.sk\\\/wp-content\\\/uploads\\\/2019\\\/10\\\/servirovaci-kosik.-e1596725233561-jpg.webp\",\"datePublished\":\"2017-09-05T13:57:34+00:00\",\"dateModified\":\"2025-08-03T11:49:29+00:00\",\"description\":\"Ko\u0161\u00edk z ru\u010dn\u011b tkan\u00e9ho lnu slou\u017e\u00ed k serv\u00edrov\u00e1n\u00ed, p\u0159en\u00e1\u0161en\u00ed potravin, chleba, sladk\u00e9ho i slan\u00e9ho pe\u010diva.\",\"breadcrumb\":{\"@id\":\"https:\\\/\\\/lanaja.sk\\\/cs\\\/obchod\\\/kos-z-rucne-tkaneho-lnu-20x16cm\\\/#breadcrumb\"},\"inLanguage\":\"cs\",\"potentialAction\":[{\"@type\":\"ReadAction\",\"target\":[\"https:\\\/\\\/lanaja.sk\\\/cs\\\/obchod\\\/kos-z-rucne-tkaneho-lnu-20x16cm\\\/\"]}]},{\"@type\":\"ImageObject\",\"inLanguage\":\"cs\",\"@id\":\"https:\\\/\\\/lanaja.sk\\\/cs\\\/obchod\\\/kos-z-rucne-tkaneho-lnu-20x16cm\\\/#primaryimage\",\"url\":\"https:\\\/\\\/lanaja.sk\\\/wp-content\\\/uploads\\\/2019\\\/10\\\/servirovaci-kosik.-e1596725233561-jpg.webp\",\"contentUrl\":\"https:\\\/\\\/lanaja.sk\\\/wp-content\\\/uploads\\\/2019\\\/10\\\/servirovaci-kosik.-e1596725233561-jpg.webp\",\"width\":638,\"height\":850,\"caption\":\"serv\u00edrovac\u00ed ko\u0161\u00edk\"},{\"@type\":\"BreadcrumbList\",\"@id\":\"https:\\\/\\\/lanaja.sk\\\/cs\\\/obchod\\\/kos-z-rucne-tkaneho-lnu-20x16cm\\\/#breadcrumb\",\"itemListElement\":[{\"@type\":\"ListItem\",\"position\":1,\"name\":\"Home\",\"item\":\"https:\\\/\\\/lanaja.sk\\\/cs\\\/\"},{\"@type\":\"ListItem\",\"position\":2,\"name\":\"Obchod\",\"item\":\"https:\\\/\\\/lanaja.sk\\\/cs\\\/obchod-cz\\\/\"},{\"@type\":\"ListItem\",\"position\":3,\"name\":\"Ko\u0161\u00edk z ru\u010dn\u011b tkan\u00e9ho lnu 20x16cm\"}]},{\"@type\":\"WebSite\",\"@id\":\"https:\\\/\\\/lanaja.sk\\\/cs\\\/#website\",\"url\":\"https:\\\/\\\/lanaja.sk\\\/cs\\\/\",\"name\":\"Lanaja - bytov\u00fd textil z \u013eanu a \u013eanov\u00e9 v\u00fdrobky\",\"description\":\"Jedine\u010dn\u00fd bytov\u00fd textil, ln\u011bn\u00e9 pytl\u00edky, ln\u011bn\u00e9 ubrusy, ln\u011bn\u00e9 lo\u017en\u00ed povle\u010den\u00ed, ln\u011bn\u00e9 ut\u011brky, ln\u011bn\u00e9 prost\u00edr\u00e1n\u00ed vyroben\u00e9 a \u0161it\u00e9 na Slovensku\",\"publisher\":{\"@id\":\"https:\\\/\\\/lanaja.sk\\\/cs\\\/#organization\"},\"alternateName\":\"Lanaja - v\u00fdrobky z \u013eanu, \u013eanov\u00fd bytov\u00fd textil\",\"potentialAction\":[{\"@type\":\"SearchAction\",\"target\":{\"@type\":\"EntryPoint\",\"urlTemplate\":\"https:\\\/\\\/lanaja.sk\\\/cs\\\/?s={search_term_string}\"},\"query-input\":{\"@type\":\"PropertyValueSpecification\",\"valueRequired\":true,\"valueName\":\"search_term_string\"}}],\"inLanguage\":\"cs\"},{\"@type\":\"Organization\",\"@id\":\"https:\\\/\\\/lanaja.sk\\\/cs\\\/#organization\",\"name\":\"Lanaja\",\"alternateName\":\"Al\u017ebeta Andr\u00e1\u0161ikov\u00e1 - Lanaja\",\"url\":\"https:\\\/\\\/lanaja.sk\\\/cs\\\/\",\"logo\":{\"@type\":\"ImageObject\",\"inLanguage\":\"cs\",\"@id\":\"https:\\\/\\\/lanaja.sk\\\/cs\\\/#\\\/schema\\\/logo\\\/image\\\/\",\"url\":\"https:\\\/\\\/lanaja.sk\\\/wp-content\\\/uploads\\\/2024\\\/01\\\/Lanaja.sk-logo.png\",\"contentUrl\":\"https:\\\/\\\/lanaja.sk\\\/wp-content\\\/uploads\\\/2024\\\/01\\\/Lanaja.sk-logo.png\",\"width\":600,\"height\":300,\"caption\":\"Lanaja\"},\"image\":{\"@id\":\"https:\\\/\\\/lanaja.sk\\\/cs\\\/#\\\/schema\\\/logo\\\/image\\\/\"},\"sameAs\":[\"https:\\\/\\\/www.facebook.com\\\/Abreadbag\",\"https:\\\/\\\/www.instagram.com\\\/lanaja_sk\\\/\"]}]}<\/script>\n<!-- \/ Yoast SEO plugin. -->","yoast_head_json":{"title":"Ko\u0161\u00edk z ru\u010dn\u011b tkan\u00e9ho lnu 20x16cm &#8226; Lanaja-slovensk\u00e1 udr\u017eiteln\u00e1 zna\u010dka a v\u00fdrobce ln\u011bn\u00e9ho textilu","description":"Ko\u0161\u00edk z ru\u010dn\u011b tkan\u00e9ho lnu slou\u017e\u00ed k serv\u00edrov\u00e1n\u00ed, p\u0159en\u00e1\u0161en\u00ed potravin, chleba, sladk\u00e9ho i slan\u00e9ho pe\u010diva.","robots":{"index":"index","follow":"follow","max-snippet":"max-snippet:-1","max-image-preview":"max-image-preview:large","max-video-preview":"max-video-preview:-1"},"canonical":"https:\/\/lanaja.sk\/cs\/obchod\/kos-z-rucne-tkaneho-lnu-20x16cm\/","og_locale":"cs_CZ","og_type":"article","og_title":"Ko\u0161\u00edk z ru\u010dn\u011b tkan\u00e9ho lnu 20x16cm &#8226; Lanaja-slovensk\u00e1 udr\u017eiteln\u00e1 zna\u010dka a v\u00fdrobce ln\u011bn\u00e9ho textilu","og_description":"Ko\u0161\u00edk z ru\u010dn\u011b tkan\u00e9ho lnu slou\u017e\u00ed k serv\u00edrov\u00e1n\u00ed, p\u0159en\u00e1\u0161en\u00ed potravin, chleba, sladk\u00e9ho i slan\u00e9ho pe\u010diva.","og_url":"https:\/\/lanaja.sk\/cs\/obchod\/kos-z-rucne-tkaneho-lnu-20x16cm\/","og_site_name":"Lanaja-slovensk\u00e1 udr\u017eiteln\u00e1 zna\u010dka a v\u00fdrobce ln\u011bn\u00e9ho textilu","article_publisher":"https:\/\/www.facebook.com\/Abreadbag","article_modified_time":"2025-08-03T11:49:29+00:00","og_image":[{"width":638,"height":850,"url":"https:\/\/lanaja.sk\/wp-content\/uploads\/2019\/10\/servirovaci-kosik.-e1596725233561-jpg.webp","type":"image\/jpeg"}],"twitter_card":"summary_large_image","twitter_misc":{"Odhadovan\u00e1 doba \u010dten\u00ed":"3 minuty"},"schema":{"@context":"https:\/\/schema.org","@graph":[{"@type":"WebPage","@id":"https:\/\/lanaja.sk\/cs\/obchod\/kos-z-rucne-tkaneho-lnu-20x16cm\/","url":"https:\/\/lanaja.sk\/cs\/obchod\/kos-z-rucne-tkaneho-lnu-20x16cm\/","name":"Ko\u0161\u00edk z ru\u010dn\u011b tkan\u00e9ho lnu 20x16cm &#8226; Lanaja-slovensk\u00e1 udr\u017eiteln\u00e1 zna\u010dka a v\u00fdrobce ln\u011bn\u00e9ho textilu","isPartOf":{"@id":"https:\/\/lanaja.sk\/cs\/#website"},"primaryImageOfPage":{"@id":"https:\/\/lanaja.sk\/cs\/obchod\/kos-z-rucne-tkaneho-lnu-20x16cm\/#primaryimage"},"image":{"@id":"https:\/\/lanaja.sk\/cs\/obchod\/kos-z-rucne-tkaneho-lnu-20x16cm\/#primaryimage"},"thumbnailUrl":"https:\/\/lanaja.sk\/wp-content\/uploads\/2019\/10\/servirovaci-kosik.-e1596725233561-jpg.webp","datePublished":"2017-09-05T13:57:34+00:00","dateModified":"2025-08-03T11:49:29+00:00","description":"Ko\u0161\u00edk z ru\u010dn\u011b tkan\u00e9ho lnu slou\u017e\u00ed k serv\u00edrov\u00e1n\u00ed, p\u0159en\u00e1\u0161en\u00ed potravin, chleba, sladk\u00e9ho i slan\u00e9ho pe\u010diva.","breadcrumb":{"@id":"https:\/\/lanaja.sk\/cs\/obchod\/kos-z-rucne-tkaneho-lnu-20x16cm\/#breadcrumb"},"inLanguage":"cs","potentialAction":[{"@type":"ReadAction","target":["https:\/\/lanaja.sk\/cs\/obchod\/kos-z-rucne-tkaneho-lnu-20x16cm\/"]}]},{"@type":"ImageObject","inLanguage":"cs","@id":"https:\/\/lanaja.sk\/cs\/obchod\/kos-z-rucne-tkaneho-lnu-20x16cm\/#primaryimage","url":"https:\/\/lanaja.sk\/wp-content\/uploads\/2019\/10\/servirovaci-kosik.-e1596725233561-jpg.webp","contentUrl":"https:\/\/lanaja.sk\/wp-content\/uploads\/2019\/10\/servirovaci-kosik.-e1596725233561-jpg.webp","width":638,"height":850,"caption":"serv\u00edrovac\u00ed ko\u0161\u00edk"},{"@type":"BreadcrumbList","@id":"https:\/\/lanaja.sk\/cs\/obchod\/kos-z-rucne-tkaneho-lnu-20x16cm\/#breadcrumb","itemListElement":[{"@type":"ListItem","position":1,"name":"Home","item":"https:\/\/lanaja.sk\/cs\/"},{"@type":"ListItem","position":2,"name":"Obchod","item":"https:\/\/lanaja.sk\/cs\/obchod-cz\/"},{"@type":"ListItem","position":3,"name":"Ko\u0161\u00edk z ru\u010dn\u011b tkan\u00e9ho lnu 20x16cm"}]},{"@type":"WebSite","@id":"https:\/\/lanaja.sk\/cs\/#website","url":"https:\/\/lanaja.sk\/cs\/","name":"Lanaja - bytov\u00fd textil z \u013eanu a \u013eanov\u00e9 v\u00fdrobky","description":"Jedine\u010dn\u00fd bytov\u00fd textil, ln\u011bn\u00e9 pytl\u00edky, ln\u011bn\u00e9 ubrusy, ln\u011bn\u00e9 lo\u017en\u00ed povle\u010den\u00ed, ln\u011bn\u00e9 ut\u011brky, ln\u011bn\u00e9 prost\u00edr\u00e1n\u00ed vyroben\u00e9 a \u0161it\u00e9 na Slovensku","publisher":{"@id":"https:\/\/lanaja.sk\/cs\/#organization"},"alternateName":"Lanaja - v\u00fdrobky z \u013eanu, \u013eanov\u00fd bytov\u00fd textil","potentialAction":[{"@type":"SearchAction","target":{"@type":"EntryPoint","urlTemplate":"https:\/\/lanaja.sk\/cs\/?s={search_term_string}"},"query-input":{"@type":"PropertyValueSpecification","valueRequired":true,"valueName":"search_term_string"}}],"inLanguage":"cs"},{"@type":"Organization","@id":"https:\/\/lanaja.sk\/cs\/#organization","name":"Lanaja","alternateName":"Al\u017ebeta Andr\u00e1\u0161ikov\u00e1 - Lanaja","url":"https:\/\/lanaja.sk\/cs\/","logo":{"@type":"ImageObject","inLanguage":"cs","@id":"https:\/\/lanaja.sk\/cs\/#\/schema\/logo\/image\/","url":"https:\/\/lanaja.sk\/wp-content\/uploads\/2024\/01\/Lanaja.sk-logo.png","contentUrl":"https:\/\/lanaja.sk\/wp-content\/uploads\/2024\/01\/Lanaja.sk-logo.png","width":600,"height":300,"caption":"Lanaja"},"image":{"@id":"https:\/\/lanaja.sk\/cs\/#\/schema\/logo\/image\/"},"sameAs":["https:\/\/www.facebook.com\/Abreadbag","https:\/\/www.instagram.com\/lanaja_sk\/"]}]}},"_links":{"self":[{"href":"https:\/\/lanaja.sk\/cs\/wp-json\/wp\/v2\/product\/13235","targetHints":{"allow":["GET"]}}],"collection":[{"href":"https:\/\/lanaja.sk\/cs\/wp-json\/wp\/v2\/product"}],"about":[{"href":"https:\/\/lanaja.sk\/cs\/wp-json\/wp\/v2\/types\/product"}],"version-history":[{"count":1,"href":"https:\/\/lanaja.sk\/cs\/wp-json\/wp\/v2\/product\/13235\/revisions"}],"predecessor-version":[{"id":16473,"href":"https:\/\/lanaja.sk\/cs\/wp-json\/wp\/v2\/product\/13235\/revisions\/16473"}],"wp:featuredmedia":[{"embeddable":true,"href":"https:\/\/lanaja.sk\/cs\/wp-json\/wp\/v2\/media\/6867"}],"wp:attachment":[{"href":"https:\/\/lanaja.sk\/cs\/wp-json\/wp\/v2\/media?parent=13235"}],"wp:term":[{"taxonomy":"product_brand","embeddable":true,"href":"https:\/\/lanaja.sk\/cs\/wp-json\/wp\/v2\/product_brand?post=13235"},{"taxonomy":"product_cat","embeddable":true,"href":"https:\/\/lanaja.sk\/cs\/wp-json\/wp\/v2\/product_cat?post=13235"},{"taxonomy":"product_tag","embeddable":true,"href":"https:\/\/lanaja.sk\/cs\/wp-json\/wp\/v2\/product_tag?post=13235"}],"curies":[{"name":"wp","href":"https:\/\/api.w.org\/{rel}","templated":true}]}}