{"id":13241,"date":"2019-07-31T10:34:11","date_gmt":"2019-07-31T08:34:11","guid":{"rendered":"https:\/\/lanaja.sk\/obchod\/neza\u0159azen\u00e9\/lneny-vaflovy-rucnik\/"},"modified":"2025-07-16T20:50:16","modified_gmt":"2025-07-16T18:50:16","slug":"lneny-vaflovy-rucnik","status":"publish","type":"product","link":"https:\/\/lanaja.sk\/cs\/obchod\/lneny-vaflovy-rucnik\/","title":{"rendered":"Ln\u011bn\u00fd vaflov\u00fd ru\u010dn\u00edk"},"content":{"rendered":"<h2>Ln\u011bn\u00fd vaflov\u00fd ru\u010dn\u00edk<\/h2>\n<p><strong>Ln\u011bn\u00e9 ru\u010dn\u00edky<\/strong> Sou nejen n\u00e1dhern\u00e9 a stylov\u00e9, ale i vysoce funk\u010dn\u00ed. Co si mysl\u00edte o estetice a funk\u010dnosti koupelnov\u00fdch dopl\u0148k\u016f, jako jsou \u017eupany, ru\u010dn\u00edky a osu\u0161ky? Je pro v\u00e1s d\u016fle\u017eit\u00fd interi\u00e9r va\u0161\u00ed koupelny a ty nezbytn\u00e9 a pot\u0159ebn\u00e9 v\u011bci, kter\u00e9 pou\u017e\u00edv\u00e1te? Tr\u00e1v\u00edme tam prvn\u00ed chv\u00edle hned po probuzen\u00ed a p\u0159\u00edprav\u011b na nov\u00fd den pln\u00fd mo\u017enost\u00ed, kr\u00e1sn\u00fdch chvil a p\u0159i odpo\u010dinku po n\u00e1ro\u010dn\u00fdch dnech a n\u00e1ro\u010dn\u00fdch hodin\u00e1ch. Osu\u0161ky, ru\u010dn\u00edky, v\u0161echny ty skleni\u010dky a flakony s kosmetikou a ka\u017edodenn\u00ed dopl\u0148ky v koupeln\u011b jsou pr\u00e1v\u011b ty v\u011bci, kter\u00e9 \u0159\u00edkaj\u00ed \u201eDobr\u00e9 r\u00e1no\u201c a \u201eDobrou noc\u201c \u2013 a to pr\u00e1v\u011b n\u00e1m. Tak pro\u010d by nem\u011bly b\u00fdt nejen kr\u00e1sn\u00e9, ale i pln\u011b \u00fa\u010deln\u00e9 a z hlediska udr\u017eitelnosti a pomal\u00e9 m\u00f3dy t\u00edm prav\u00fdm \u201eslow living\u201c? A my od nich m\u016f\u017eeme klidn\u011b o\u010dek\u00e1vat, a\u0165 n\u00e1m slou\u017e\u00ed a vydr\u017e\u00ed co nejd\u00e9le.<\/p>\n<p>Vaflov\u00e9 ru\u010dn\u00edky a osu\u0161ky maj\u00ed nerovnom\u011brn\u00fd povrch v kombinaci s inovativn\u00edm designem, kter\u00fd rychle zachycuje vlhkost a \u00fa\u010dinn\u011b absorbuje jakoukoli vodu. Proto je savost ln\u011bn\u00fdch vaflov\u00fdch osu\u0161ek a\u017e o 40 % vy\u0161\u0161\u00ed ne\u017e u b\u011b\u017en\u00fdch bavln\u011bn\u00fdch frot\u00e9 ru\u010dn\u00edk\u016f a osu\u0161ek. Len poskytuje \u00fa\u010dinn\u00e9 proud\u011bn\u00ed vzduchu, co\u017e znamen\u00e1, \u017ee mohou schnout mnohem rychleji ne\u017e ostatn\u00ed ru\u010dn\u00edky \u010di tlust\u00e9 osu\u0161ky. Vy se tak vyhnete nep\u0159\u00edjemn\u00fdm pach\u016fm z vlhkosti.<\/p>\n<p>Ln\u011bn\u00e1 vaflov\u00e1 osu\u0161ka se vyzna\u010duje vaflovou vazbou, kter\u00e1 j\u00ed dod\u00e1v\u00e1 jemnou vizu\u00e1ln\u00ed a hmatovou texturu, je\u017e dopln\u00ed sou\u010dasnou modern\u00ed koupelnu.<\/p>\n<p>Ln\u011bn\u00e9 ru\u010dn\u00edky jsou p\u0159irozen\u011b antibakteri\u00e1ln\u00ed, <strong>ekologi\u010dt\u011bj\u0161\u00ed a odoln\u011bj\u0161\u00ed<\/strong> ne\u017e bavlna a p\u0159irozen\u011b omlazuj\u00ed poko\u017eku. T\u00edm, \u017ee jejich struktura bude nerovnom\u011brn\u00e1, poskytnete sv\u00e9 poko\u017ece jemnou mas\u00e1\u017e. Ln\u011bn\u00e1 vaflov\u00e1 vazba potla\u010duje \u017eiv\u00e9 bakterie a pl\u00edsn\u011b, stimuluje krevn\u00ed ob\u011bh a podporuje relaxaci.<\/p>\n<p><em>Vaflov\u00e9 ln\u011bn\u00e9 ru\u010dn\u00edky a osu\u0161ky jsou z\u00e1rove\u0148 <strong>hypoalergenn\u00ed. <\/strong>D\u00edky sv\u00fdm p\u0159\u00edrodn\u00edm vl\u00e1kn\u016fm a v\u00fdrobn\u00edmu procesu v\u00e1m mohou pomoci vyhnout se b\u011b\u017en\u00fdm alergick\u00fdm reakc\u00edm, kter\u00e9 se vyskytuj\u00ed u jin\u00fdch l\u00e1tek s odli\u0161n\u00fdm materi\u00e1lov\u00fdm slo\u017een\u00edm.<\/em><\/p>\n<p>Len je z\u00e1rove\u0148 <strong>antistatick\u00fd<\/strong>, neelektrizuje a nep\u0159itahuje prach, je to ekologick\u00e1 l\u00e1tka, proto\u017ee jeho p\u011bstov\u00e1n\u00ed nevy\u017eaduje pou\u017eit\u00ed pesticid\u016f ani hnojiv a vysta\u010d\u00ed si i s de\u0161\u0165ovou vodou.<\/p>\n<p>Len je hrub\u0161\u00ed a jeho vl\u00e1kna jsou mnohem del\u0161\u00ed, proto je jeho \u017eivotnost mnohem del\u0161\u00ed. \u010c\u00edm \u010dast\u011bji je budete pr\u00e1t, t\u00edm budou v\u00fdrobky hez\u010d\u00ed a m\u011bk\u010d\u00ed. Len je ji\u017e histori\u00ed prov\u011b\u0159en jako jeden z nejpevn\u011bj\u0161\u00edch p\u0159\u00edrodn\u00edch a ekologicky \u0161etrn\u00fdch materi\u00e1l\u016f. Navzdory historii, tis\u00edcilet\u00edm, kdy lid\u00e9 nem\u011bli p\u0159\u00edstup k modern\u00edm technologi\u00edm, m\u00e1me to \u0161t\u011bst\u00ed, \u017ee ji\u017e sta\u0159\u00ed Egyp\u0165an\u00e9 v\u011bd\u011bli o t\u00e9m\u011b\u0159 magick\u00fdch (ale zcela p\u0159\u00edrodn\u00edch) vlastnostech lnu. Dodnes se pou\u017e\u00edv\u00e1 jako l\u00e9k, proto\u017ee odpuzuje mikroorganismy a udr\u017euje poko\u017eku \u010distou. Je tak\u00e9 zn\u00e1mo, \u017ee pom\u00e1h\u00e1 p\u0159i ko\u017en\u00edch onemocn\u011bn\u00edch, zklid\u0148uje dermatitidy a ekz\u00e9my. P\u0159edstavte si, \u017ee tyto l\u00e9\u010div\u00e9 vlastnosti jsou v\u0161echny zabalen\u00e9 do jednoho ru\u010dn\u00edku, do jedn\u00e9 ln\u011bn\u00e9 osu\u0161ky. To je dal\u0161\u00ed d\u016fvod, pro\u010d by len nem\u011bl chyb\u011bt v koupeln\u00e1ch.<\/p>\n<p><strong>Len je pln\u011b biologicky odbourateln\u00fd,<\/strong> co\u017e z n\u011bj \u010din\u00ed fantastickou volbu pro ty, kte\u0159\u00ed nakupuj\u00ed s <strong>\u201eEKOLOGICKOU MYSL\u00cd\u201c.<\/strong><\/p>\n<p>P\u0159i focen\u00ed jsme s radost\u00ed pou\u017eili p\u0159\u00edrodn\u00ed \u010dist\u00edc\u00ed m\u00fddlo se v\u010del\u00edm voskem, aktivn\u00edm uhl\u00edm a tea tree olejem od slovensk\u00e9ho v\u00fdrobce p\u0159\u00edrodn\u00ed kosmetiky <a href=\"https:\/\/musk.sk\/\" target=\"_blank\" rel=\"noopener noreferrer\">MUSK<\/a><\/p>\n<p><strong>Ln\u011bn\u00fd vaflov\u00fd ru\u010dn\u00edk m\u00e1 rozm\u011bry:<\/strong> cca 50x80cm<\/p>\n<p><strong>BARVA: <\/strong>P\u0159\u00edrodn\u00ed, gram\u00e1\u017e 330g, 100% ln\u011bn\u00e9 ru\u010dn\u00edky a osu\u0161ky jsou pevn\u011bj\u0161\u00ed, o n\u011bco hrub\u0161\u00ed a siln\u011bj\u0161\u00ed ne\u017e barevn\u00e9 vaflov\u00e9 ru\u010dn\u00edky a osu\u0161ky. Je t\u0159eba je n\u011bkolikr\u00e1t vyprat, aby zm\u011bkly. Naopak mas\u00edruj\u00ed poko\u017eku mnohem l\u00e9pe, ale pokud hled\u00e1te hebkost, doporu\u010dujeme zvolit klasick\u00fd vaflov\u00fd vzor, kde je gram\u00e1\u017e men\u0161\u00ed <a href=\"https:\/\/lanaja.sk\/cs\/kategorie-produktu\/koupelna\/lnene-rucniky-osusky\/\" target=\"_blank\" rel=\"noopener\">ZDE<\/a><\/p>\n<p><strong>SLO\u017dEN\u00cd: <\/strong>100% len<\/p>\n<p><strong>Po\u010d\u00edtejte s dodac\u00ed lh\u016ftou 5-15 pracovn\u00edch dn\u016f, pokud nem\u00e1me produkt \u0161it\u00fd skladem, ru\u010dn\u00ed pr\u00e1ce vy\u017eaduje n\u00e1\u0161 \u010das. Ln\u011bn\u00e9 v\u00fdrobky \u0161ijeme v na\u0161\u00ed d\u00edln\u011b dle Va\u0161eho p\u0159\u00e1n\u00ed a na m\u00edru v z\u00e1vislosti na konkr\u00e9tn\u00edm v\u00fdrobku.<\/strong><\/p>\n<p>V\u00edce o n\u00e1s, o Lanaja, z ka\u017edodenn\u00edho \u017eivota v na\u0161em ateli\u00e9ru a hodnocen\u00ed spokojen\u00fdch z\u00e1kazn\u00edk\u016f si m\u016f\u017eete prohl\u00e9dnout i na na\u0161ich soci\u00e1ln\u00edch s\u00edt\u00edch: <a href=\"https:\/\/www.instagram.com\/lanaja_sk\" target=\"_blank\" rel=\"noopener\">Lanaja na Instagramu<\/a> a <a href=\"https:\/\/www.facebook.com\/Abreadbag\/\" target=\"_blank\" rel=\"noopener\">Lanaja na Facebooku.<\/a><\/p>\n","protected":false},"excerpt":{"rendered":"<div dir=\"auto\">Investice do ln\u011bn\u00fdch vaflov\u00fdch ru\u010dn\u00edk\u016f a osu\u0161ek znamen\u00e1 investici do sebe a sv\u00e9ho pohodl\u00ed. Dop\u0159ejte si tu nejlep\u0161\u00ed p\u00e9\u010di a nechte se obklopit p\u0159\u00edrodn\u00edm kouzlem, kter\u00e9 len nab\u00edz\u00ed.<\/div>\n<div dir=\"auto\">Na\u0161e ln\u011bn\u00e9 vaflov\u00e9 ru\u010dn\u00edky jsou k dispozici v r\u016fzn\u00fdch barv\u00e1ch, aby uspokojily i ty nejn\u00e1ro\u010dn\u011bj\u0161\u00ed z\u00e1kazn\u00edky. Od jemn\u00fdch odst\u00edn\u016f a\u017e po v\u00fdrazn\u00e9 a \u017eiv\u00e9 barvy \u2013 u n\u00e1s si ka\u017ed\u00fd p\u0159ijde na sv\u00e9.<\/div>\n<div dir=\"auto\">V\u011b\u0159\u00edme, \u017ee ln\u011bn\u00e9 osu\u0161ky spolu s ru\u010dn\u00edky jsou jedn\u00edm z nejlep\u0161\u00edch d\u00e1rk\u016f, kter\u00e9 m\u016f\u017eete d\u00e1t sob\u011b nebo sv\u00fdm bl\u00edzk\u00fdm. Jsou to d\u00e1rky, kter\u00e9 dok\u00e1\u017e\u00ed p\u0159in\u00e9st radost a pohodl\u00ed ka\u017ed\u00fd den.<\/div>\n<div dir=\"auto\">Na p\u0159\u00e1n\u00ed je m\u016f\u017eeme vy\u0161\u00edt v\u00fd\u0161ivkou monogramu nebo va\u0161\u00edm textem.<\/div>\n","protected":false},"featured_media":6816,"template":"","meta":[],"product_brand":[],"product_cat":[184],"product_tag":[348],"class_list":{"0":"post-13241","1":"product","2":"type-product","3":"status-publish","4":"has-post-thumbnail","6":"product_cat-lnene-rucniky-osusky","7":"product_tag-lneny-rucnik-cs","9":"first","10":"instock","11":"shipping-taxable","12":"purchasable","13":"product-type-simple"},"yoast_head":"<!-- This site is optimized with the Yoast SEO plugin v27.4 - https:\/\/yoast.com\/product\/yoast-seo-wordpress\/ -->\n<title>Ln\u011bn\u00fd vaflov\u00fd ru\u010dn\u00edk &#8226; Lanaja-slovensk\u00e1 udr\u017eiteln\u00e1 zna\u010dka a v\u00fdrobce ln\u011bn\u00e9ho textilu<\/title>\n<meta name=\"description\" content=\"Ln\u011bn\u00fd vaflov\u00fd ru\u010dn\u00edk je hypoalergenn\u00ed \u2013 d\u00edky sv\u00fdm p\u0159\u00edrodn\u00edm vl\u00e1kn\u016fm a v\u00fdrobn\u00edmu procesu v\u00e1m m\u016f\u017ee pomoci vyhnout se b\u011b\u017en\u00fdm alergick\u00fdm reakc\u00edm...\" \/>\n<meta name=\"robots\" content=\"index, follow, max-snippet:-1, max-image-preview:large, max-video-preview:-1\" \/>\n<link rel=\"canonical\" href=\"https:\/\/lanaja.sk\/cs\/obchod\/lneny-vaflovy-rucnik\/\" \/>\n<meta property=\"og:locale\" content=\"cs_CZ\" \/>\n<meta property=\"og:type\" content=\"article\" \/>\n<meta property=\"og:title\" content=\"Ln\u011bn\u00fd vaflov\u00fd ru\u010dn\u00edk &#8226; Lanaja-slovensk\u00e1 udr\u017eiteln\u00e1 zna\u010dka a v\u00fdrobce ln\u011bn\u00e9ho textilu\" \/>\n<meta property=\"og:description\" content=\"Ln\u011bn\u00fd vaflov\u00fd ru\u010dn\u00edk je hypoalergenn\u00ed \u2013 d\u00edky sv\u00fdm p\u0159\u00edrodn\u00edm vl\u00e1kn\u016fm a v\u00fdrobn\u00edmu procesu v\u00e1m m\u016f\u017ee pomoci vyhnout se b\u011b\u017en\u00fdm alergick\u00fdm reakc\u00edm...\" \/>\n<meta property=\"og:url\" content=\"https:\/\/lanaja.sk\/cs\/obchod\/lneny-vaflovy-rucnik\/\" \/>\n<meta property=\"og:site_name\" content=\"Lanaja-slovensk\u00e1 udr\u017eiteln\u00e1 zna\u010dka a v\u00fdrobce ln\u011bn\u00e9ho textilu\" \/>\n<meta property=\"article:publisher\" content=\"https:\/\/www.facebook.com\/Abreadbag\" \/>\n<meta property=\"article:modified_time\" content=\"2025-07-16T18:50:16+00:00\" \/>\n<meta property=\"og:image\" content=\"https:\/\/lanaja.sk\/wp-content\/uploads\/2019\/07\/lanova-osuska7-e1596695392616-jpg.webp\" \/>\n\t<meta property=\"og:image:width\" content=\"800\" \/>\n\t<meta property=\"og:image:height\" content=\"600\" \/>\n\t<meta property=\"og:image:type\" content=\"image\/jpeg\" \/>\n<meta name=\"twitter:card\" content=\"summary_large_image\" \/>\n<meta name=\"twitter:label1\" content=\"Odhadovan\u00e1 doba \u010dten\u00ed\" \/>\n\t<meta name=\"twitter:data1\" content=\"4 minuty\" \/>\n<script type=\"application\/ld+json\" class=\"yoast-schema-graph\">{\"@context\":\"https:\\\/\\\/schema.org\",\"@graph\":[{\"@type\":\"WebPage\",\"@id\":\"https:\\\/\\\/lanaja.sk\\\/cs\\\/obchod\\\/lneny-vaflovy-rucnik\\\/\",\"url\":\"https:\\\/\\\/lanaja.sk\\\/cs\\\/obchod\\\/lneny-vaflovy-rucnik\\\/\",\"name\":\"Ln\u011bn\u00fd vaflov\u00fd ru\u010dn\u00edk &#8226; Lanaja-slovensk\u00e1 udr\u017eiteln\u00e1 zna\u010dka a v\u00fdrobce ln\u011bn\u00e9ho textilu\",\"isPartOf\":{\"@id\":\"https:\\\/\\\/lanaja.sk\\\/cs\\\/#website\"},\"primaryImageOfPage\":{\"@id\":\"https:\\\/\\\/lanaja.sk\\\/cs\\\/obchod\\\/lneny-vaflovy-rucnik\\\/#primaryimage\"},\"image\":{\"@id\":\"https:\\\/\\\/lanaja.sk\\\/cs\\\/obchod\\\/lneny-vaflovy-rucnik\\\/#primaryimage\"},\"thumbnailUrl\":\"https:\\\/\\\/lanaja.sk\\\/wp-content\\\/uploads\\\/2019\\\/07\\\/lanova-osuska7-e1596695392616-jpg.webp\",\"datePublished\":\"2019-07-31T08:34:11+00:00\",\"dateModified\":\"2025-07-16T18:50:16+00:00\",\"description\":\"Ln\u011bn\u00fd vaflov\u00fd ru\u010dn\u00edk je hypoalergenn\u00ed \u2013 d\u00edky sv\u00fdm p\u0159\u00edrodn\u00edm vl\u00e1kn\u016fm a v\u00fdrobn\u00edmu procesu v\u00e1m m\u016f\u017ee pomoci vyhnout se b\u011b\u017en\u00fdm alergick\u00fdm reakc\u00edm...\",\"breadcrumb\":{\"@id\":\"https:\\\/\\\/lanaja.sk\\\/cs\\\/obchod\\\/lneny-vaflovy-rucnik\\\/#breadcrumb\"},\"inLanguage\":\"cs\",\"potentialAction\":[{\"@type\":\"ReadAction\",\"target\":[\"https:\\\/\\\/lanaja.sk\\\/cs\\\/obchod\\\/lneny-vaflovy-rucnik\\\/\"]}]},{\"@type\":\"ImageObject\",\"inLanguage\":\"cs\",\"@id\":\"https:\\\/\\\/lanaja.sk\\\/cs\\\/obchod\\\/lneny-vaflovy-rucnik\\\/#primaryimage\",\"url\":\"https:\\\/\\\/lanaja.sk\\\/wp-content\\\/uploads\\\/2019\\\/07\\\/lanova-osuska7-e1596695392616-jpg.webp\",\"contentUrl\":\"https:\\\/\\\/lanaja.sk\\\/wp-content\\\/uploads\\\/2019\\\/07\\\/lanova-osuska7-e1596695392616-jpg.webp\",\"width\":800,\"height\":600,\"caption\":\"Vaflov\u00e1 \u013eanov\u00e1 osu\u0161ka\"},{\"@type\":\"BreadcrumbList\",\"@id\":\"https:\\\/\\\/lanaja.sk\\\/cs\\\/obchod\\\/lneny-vaflovy-rucnik\\\/#breadcrumb\",\"itemListElement\":[{\"@type\":\"ListItem\",\"position\":1,\"name\":\"Home\",\"item\":\"https:\\\/\\\/lanaja.sk\\\/cs\\\/\"},{\"@type\":\"ListItem\",\"position\":2,\"name\":\"Obchod\",\"item\":\"https:\\\/\\\/lanaja.sk\\\/cs\\\/obchod-cz\\\/\"},{\"@type\":\"ListItem\",\"position\":3,\"name\":\"Ln\u011bn\u00fd vaflov\u00fd ru\u010dn\u00edk\"}]},{\"@type\":\"WebSite\",\"@id\":\"https:\\\/\\\/lanaja.sk\\\/cs\\\/#website\",\"url\":\"https:\\\/\\\/lanaja.sk\\\/cs\\\/\",\"name\":\"Lanaja - bytov\u00fd textil z \u013eanu a \u013eanov\u00e9 v\u00fdrobky\",\"description\":\"Jedine\u010dn\u00fd bytov\u00fd textil, ln\u011bn\u00e9 pytl\u00edky, ln\u011bn\u00e9 ubrusy, ln\u011bn\u00e9 lo\u017en\u00ed povle\u010den\u00ed, ln\u011bn\u00e9 ut\u011brky, ln\u011bn\u00e9 prost\u00edr\u00e1n\u00ed vyroben\u00e9 a \u0161it\u00e9 na Slovensku\",\"publisher\":{\"@id\":\"https:\\\/\\\/lanaja.sk\\\/cs\\\/#organization\"},\"alternateName\":\"Lanaja - v\u00fdrobky z \u013eanu, \u013eanov\u00fd bytov\u00fd textil\",\"potentialAction\":[{\"@type\":\"SearchAction\",\"target\":{\"@type\":\"EntryPoint\",\"urlTemplate\":\"https:\\\/\\\/lanaja.sk\\\/cs\\\/?s={search_term_string}\"},\"query-input\":{\"@type\":\"PropertyValueSpecification\",\"valueRequired\":true,\"valueName\":\"search_term_string\"}}],\"inLanguage\":\"cs\"},{\"@type\":\"Organization\",\"@id\":\"https:\\\/\\\/lanaja.sk\\\/cs\\\/#organization\",\"name\":\"Lanaja\",\"alternateName\":\"Al\u017ebeta Andr\u00e1\u0161ikov\u00e1 - Lanaja\",\"url\":\"https:\\\/\\\/lanaja.sk\\\/cs\\\/\",\"logo\":{\"@type\":\"ImageObject\",\"inLanguage\":\"cs\",\"@id\":\"https:\\\/\\\/lanaja.sk\\\/cs\\\/#\\\/schema\\\/logo\\\/image\\\/\",\"url\":\"https:\\\/\\\/lanaja.sk\\\/wp-content\\\/uploads\\\/2024\\\/01\\\/Lanaja.sk-logo.png\",\"contentUrl\":\"https:\\\/\\\/lanaja.sk\\\/wp-content\\\/uploads\\\/2024\\\/01\\\/Lanaja.sk-logo.png\",\"width\":600,\"height\":300,\"caption\":\"Lanaja\"},\"image\":{\"@id\":\"https:\\\/\\\/lanaja.sk\\\/cs\\\/#\\\/schema\\\/logo\\\/image\\\/\"},\"sameAs\":[\"https:\\\/\\\/www.facebook.com\\\/Abreadbag\",\"https:\\\/\\\/www.instagram.com\\\/lanaja_sk\\\/\"]}]}<\/script>\n<!-- \/ Yoast SEO plugin. -->","yoast_head_json":{"title":"Ln\u011bn\u00fd vaflov\u00fd ru\u010dn\u00edk &#8226; Lanaja-slovensk\u00e1 udr\u017eiteln\u00e1 zna\u010dka a v\u00fdrobce ln\u011bn\u00e9ho textilu","description":"Ln\u011bn\u00fd vaflov\u00fd ru\u010dn\u00edk je hypoalergenn\u00ed \u2013 d\u00edky sv\u00fdm p\u0159\u00edrodn\u00edm vl\u00e1kn\u016fm a v\u00fdrobn\u00edmu procesu v\u00e1m m\u016f\u017ee pomoci vyhnout se b\u011b\u017en\u00fdm alergick\u00fdm reakc\u00edm...","robots":{"index":"index","follow":"follow","max-snippet":"max-snippet:-1","max-image-preview":"max-image-preview:large","max-video-preview":"max-video-preview:-1"},"canonical":"https:\/\/lanaja.sk\/cs\/obchod\/lneny-vaflovy-rucnik\/","og_locale":"cs_CZ","og_type":"article","og_title":"Ln\u011bn\u00fd vaflov\u00fd ru\u010dn\u00edk &#8226; Lanaja-slovensk\u00e1 udr\u017eiteln\u00e1 zna\u010dka a v\u00fdrobce ln\u011bn\u00e9ho textilu","og_description":"Ln\u011bn\u00fd vaflov\u00fd ru\u010dn\u00edk je hypoalergenn\u00ed \u2013 d\u00edky sv\u00fdm p\u0159\u00edrodn\u00edm vl\u00e1kn\u016fm a v\u00fdrobn\u00edmu procesu v\u00e1m m\u016f\u017ee pomoci vyhnout se b\u011b\u017en\u00fdm alergick\u00fdm reakc\u00edm...","og_url":"https:\/\/lanaja.sk\/cs\/obchod\/lneny-vaflovy-rucnik\/","og_site_name":"Lanaja-slovensk\u00e1 udr\u017eiteln\u00e1 zna\u010dka a v\u00fdrobce ln\u011bn\u00e9ho textilu","article_publisher":"https:\/\/www.facebook.com\/Abreadbag","article_modified_time":"2025-07-16T18:50:16+00:00","og_image":[{"width":800,"height":600,"url":"https:\/\/lanaja.sk\/wp-content\/uploads\/2019\/07\/lanova-osuska7-e1596695392616-jpg.webp","type":"image\/jpeg"}],"twitter_card":"summary_large_image","twitter_misc":{"Odhadovan\u00e1 doba \u010dten\u00ed":"4 minuty"},"schema":{"@context":"https:\/\/schema.org","@graph":[{"@type":"WebPage","@id":"https:\/\/lanaja.sk\/cs\/obchod\/lneny-vaflovy-rucnik\/","url":"https:\/\/lanaja.sk\/cs\/obchod\/lneny-vaflovy-rucnik\/","name":"Ln\u011bn\u00fd vaflov\u00fd ru\u010dn\u00edk &#8226; Lanaja-slovensk\u00e1 udr\u017eiteln\u00e1 zna\u010dka a v\u00fdrobce ln\u011bn\u00e9ho textilu","isPartOf":{"@id":"https:\/\/lanaja.sk\/cs\/#website"},"primaryImageOfPage":{"@id":"https:\/\/lanaja.sk\/cs\/obchod\/lneny-vaflovy-rucnik\/#primaryimage"},"image":{"@id":"https:\/\/lanaja.sk\/cs\/obchod\/lneny-vaflovy-rucnik\/#primaryimage"},"thumbnailUrl":"https:\/\/lanaja.sk\/wp-content\/uploads\/2019\/07\/lanova-osuska7-e1596695392616-jpg.webp","datePublished":"2019-07-31T08:34:11+00:00","dateModified":"2025-07-16T18:50:16+00:00","description":"Ln\u011bn\u00fd vaflov\u00fd ru\u010dn\u00edk je hypoalergenn\u00ed \u2013 d\u00edky sv\u00fdm p\u0159\u00edrodn\u00edm vl\u00e1kn\u016fm a v\u00fdrobn\u00edmu procesu v\u00e1m m\u016f\u017ee pomoci vyhnout se b\u011b\u017en\u00fdm alergick\u00fdm reakc\u00edm...","breadcrumb":{"@id":"https:\/\/lanaja.sk\/cs\/obchod\/lneny-vaflovy-rucnik\/#breadcrumb"},"inLanguage":"cs","potentialAction":[{"@type":"ReadAction","target":["https:\/\/lanaja.sk\/cs\/obchod\/lneny-vaflovy-rucnik\/"]}]},{"@type":"ImageObject","inLanguage":"cs","@id":"https:\/\/lanaja.sk\/cs\/obchod\/lneny-vaflovy-rucnik\/#primaryimage","url":"https:\/\/lanaja.sk\/wp-content\/uploads\/2019\/07\/lanova-osuska7-e1596695392616-jpg.webp","contentUrl":"https:\/\/lanaja.sk\/wp-content\/uploads\/2019\/07\/lanova-osuska7-e1596695392616-jpg.webp","width":800,"height":600,"caption":"Vaflov\u00e1 \u013eanov\u00e1 osu\u0161ka"},{"@type":"BreadcrumbList","@id":"https:\/\/lanaja.sk\/cs\/obchod\/lneny-vaflovy-rucnik\/#breadcrumb","itemListElement":[{"@type":"ListItem","position":1,"name":"Home","item":"https:\/\/lanaja.sk\/cs\/"},{"@type":"ListItem","position":2,"name":"Obchod","item":"https:\/\/lanaja.sk\/cs\/obchod-cz\/"},{"@type":"ListItem","position":3,"name":"Ln\u011bn\u00fd vaflov\u00fd ru\u010dn\u00edk"}]},{"@type":"WebSite","@id":"https:\/\/lanaja.sk\/cs\/#website","url":"https:\/\/lanaja.sk\/cs\/","name":"Lanaja - bytov\u00fd textil z \u013eanu a \u013eanov\u00e9 v\u00fdrobky","description":"Jedine\u010dn\u00fd bytov\u00fd textil, ln\u011bn\u00e9 pytl\u00edky, ln\u011bn\u00e9 ubrusy, ln\u011bn\u00e9 lo\u017en\u00ed povle\u010den\u00ed, ln\u011bn\u00e9 ut\u011brky, ln\u011bn\u00e9 prost\u00edr\u00e1n\u00ed vyroben\u00e9 a \u0161it\u00e9 na Slovensku","publisher":{"@id":"https:\/\/lanaja.sk\/cs\/#organization"},"alternateName":"Lanaja - v\u00fdrobky z \u013eanu, \u013eanov\u00fd bytov\u00fd textil","potentialAction":[{"@type":"SearchAction","target":{"@type":"EntryPoint","urlTemplate":"https:\/\/lanaja.sk\/cs\/?s={search_term_string}"},"query-input":{"@type":"PropertyValueSpecification","valueRequired":true,"valueName":"search_term_string"}}],"inLanguage":"cs"},{"@type":"Organization","@id":"https:\/\/lanaja.sk\/cs\/#organization","name":"Lanaja","alternateName":"Al\u017ebeta Andr\u00e1\u0161ikov\u00e1 - Lanaja","url":"https:\/\/lanaja.sk\/cs\/","logo":{"@type":"ImageObject","inLanguage":"cs","@id":"https:\/\/lanaja.sk\/cs\/#\/schema\/logo\/image\/","url":"https:\/\/lanaja.sk\/wp-content\/uploads\/2024\/01\/Lanaja.sk-logo.png","contentUrl":"https:\/\/lanaja.sk\/wp-content\/uploads\/2024\/01\/Lanaja.sk-logo.png","width":600,"height":300,"caption":"Lanaja"},"image":{"@id":"https:\/\/lanaja.sk\/cs\/#\/schema\/logo\/image\/"},"sameAs":["https:\/\/www.facebook.com\/Abreadbag","https:\/\/www.instagram.com\/lanaja_sk\/"]}]}},"_links":{"self":[{"href":"https:\/\/lanaja.sk\/cs\/wp-json\/wp\/v2\/product\/13241","targetHints":{"allow":["GET"]}}],"collection":[{"href":"https:\/\/lanaja.sk\/cs\/wp-json\/wp\/v2\/product"}],"about":[{"href":"https:\/\/lanaja.sk\/cs\/wp-json\/wp\/v2\/types\/product"}],"version-history":[{"count":1,"href":"https:\/\/lanaja.sk\/cs\/wp-json\/wp\/v2\/product\/13241\/revisions"}],"predecessor-version":[{"id":16381,"href":"https:\/\/lanaja.sk\/cs\/wp-json\/wp\/v2\/product\/13241\/revisions\/16381"}],"wp:featuredmedia":[{"embeddable":true,"href":"https:\/\/lanaja.sk\/cs\/wp-json\/wp\/v2\/media\/6816"}],"wp:attachment":[{"href":"https:\/\/lanaja.sk\/cs\/wp-json\/wp\/v2\/media?parent=13241"}],"wp:term":[{"taxonomy":"product_brand","embeddable":true,"href":"https:\/\/lanaja.sk\/cs\/wp-json\/wp\/v2\/product_brand?post=13241"},{"taxonomy":"product_cat","embeddable":true,"href":"https:\/\/lanaja.sk\/cs\/wp-json\/wp\/v2\/product_cat?post=13241"},{"taxonomy":"product_tag","embeddable":true,"href":"https:\/\/lanaja.sk\/cs\/wp-json\/wp\/v2\/product_tag?post=13241"}],"curies":[{"name":"wp","href":"https:\/\/api.w.org\/{rel}","templated":true}]}}