{"id":13246,"date":"2018-04-20T15:58:57","date_gmt":"2018-04-20T13:58:57","guid":{"rendered":"https:\/\/lanaja.sk\/obchod\/neza\u0159azen\u00e9\/rostouci-lnena-zastera\/"},"modified":"2025-07-21T17:56:32","modified_gmt":"2025-07-21T15:56:32","slug":"rostouci-lnena-zastera","status":"publish","type":"product","link":"https:\/\/lanaja.sk\/cs\/obchod\/rostouci-lnena-zastera\/","title":{"rendered":"Rostouc\u00ed ln\u011bn\u00e1 z\u00e1st\u011bra"},"content":{"rendered":"<h2><strong>Rostouc\u00ed ln\u011bn\u00e1 z\u00e1st\u011bra <\/strong><\/h2>\n<p>Ln\u011bn\u00e9 pytl\u00ed\u010dky, dom\u00e1c\u00ed chl\u00e9b a samotn\u00e9 pe\u010den\u00ed neodmysliteln\u011b pat\u0159\u00ed k rodinn\u00fdm kuchy\u0148sk\u00fdm z\u00e1st\u011br\u00e1m, a tak vznikla nov\u00e1 d\u011btsk\u00e1 kolekce ln\u011bn\u00fdch z\u00e1st\u011br pro mal\u00e9 i velk\u00e9 pomocn\u00edky, a\u0165 u\u017e pe\u010dete, grilujete, s\u00e1z\u00edte, skl\u00edz\u00edte prvn\u00ed sklize\u0148 s malinov\u00fdmi obli\u010deji a v\u016fn\u00ed malin, nebo b\u011bh\u00e1te po zahrad\u011b, jsou p\u0159\u00edjemnou a praktickou sou\u010d\u00e1st\u00ed na\u0161eho i va\u0161eho domova.<\/p>\n<p>D\u011btsk\u00e1 rostouc\u00ed ln\u011bn\u00e1 z\u00e1st\u011bra je u\u0161it\u00e1 ze 100% m\u011bk\u010den\u00e9ho, p\u0159edepran\u00e9ho lnu pr\u00e9miov\u00e9 kvality, 185g\/m2 Rostouc\u00ed z\u00e1st\u011brka m\u00e1 na\u0161it\u00e9 d\u0159ev\u011bn\u00e9 knofl\u00edky. Pokud va\u0161e d\u011b\u0165\u00e1tko poroste, sta\u010d\u00ed je vyp\u00e1rat a popruhy se t\u00edm prodlou\u017e\u00ed, p\u0159\u00edpadn\u011b posunout knofl\u00edk na pot\u0159ebnou velikost. Vhodn\u00e9 pro chlapce i d\u00edvky.<\/p>\n<p>Rostouc\u00ed ln\u011bn\u00e1 z\u00e1st\u011bra m\u00e1 na\u0161it\u00e9 dv\u011b velk\u00e9 kapsy, do kter\u00fdch se skryj\u00ed poklady a v\u0161echny pot\u0159ebn\u00e9 i nepot\u0159ebn\u00e9 v\u011bci na\u0161ich nejmen\u0161\u00edch. Je u\u0161ita se \u0161irok\u00fdmi k\u0159\u00ed\u017e\u00edc\u00edmi se popruhy na z\u00e1dech, sta\u010d\u00ed ji jen p\u0159et\u00e1hnout p\u0159es hlavu bez v\u00e1z\u00e1n\u00ed \u2013 zaru\u010den\u00e1 rychlovka. Popruhy jsou dostate\u010dn\u011b \u0161irok\u00e9, aby z\u00e1st\u011brka nesklouz\u00e1vala a pohodln\u011b se nosila klidn\u011b i po cel\u00fd den. Len nav\u00edc chr\u00e1n\u00ed sv\u00fdmi p\u0159irozen\u00fdmi vlastnostmi i v letn\u00edch vedrech, proto\u017ee chlad\u00ed a z\u00e1rove\u0148 chr\u00e1n\u00ed p\u0159ed UV z\u00e1\u0159en\u00edm.<\/p>\n<p>A\u0165 u\u017e pou\u017e\u00edv\u00e1te ln\u011bnou z\u00e1st\u011bru doma nebo venku na zahrad\u011b, bude to v\u00e1\u0161 v\u011brn\u00fd spole\u010dn\u00edk, len se snadno udr\u017euje, doporu\u010duji pran\u00ed na 40 st., po umyt\u00ed sta\u010d\u00ed z\u00e1st\u011bru d\u016fkladn\u011b prot\u0159epat a nechat uschnout a to je jen okam\u017eik, proto\u017ee schne velmi rychle, nemus\u00edte ji \u017eehlit, m\u00edrn\u011b vr\u00e1s\u010dit\u00e1 struktura po umyt\u00ed j\u00ed dod\u00e1 ten spr\u00e1vn\u00fd a kr\u00e1sn\u00fd vr\u00e1s\u010dit\u00fd efekt.<\/p>\n<p>BARVY: M\u016f\u017eete si vybrat 100% len podle barev z p\u0159ilo\u017een\u00e9ho vzorn\u00edku. Barvu lnu sta\u010d\u00ed napsat do pozn\u00e1mky p\u0159i objedn\u00e1vce.<\/p>\n<p>Fotografie ln\u011bn\u00fdch z\u00e1st\u011br vznikly ve spolupr\u00e1ci se zku\u0161enou food blogerkou, autorkou dvou vydan\u00fdch knih Mezi j\u00eddlem a l\u00e1skou, maminkou \u010dty\u0159 d\u011bt\u00ed, Majkou \u0160imkovou &#8211; <a href=\"https:\/\/mariasimko.sk\/\">M\u00e1ri\u00ed \u0160imkovou<\/a><\/p>\n<p>Celou kolekci ln\u011bn\u00fdch rodinn\u00fdch z\u00e1st\u011br si m\u016f\u017eete prohl\u00e9dnout zde <a href=\"https:\/\/lanaja.sk\/cs\/kategorie-produktu\/kuchyne\/lnene-zastery\/\">LN\u011aN\u00c9 Z\u00c1ST\u011aRY<\/a><\/p>\n<p><strong>Po\u010d\u00edtejte s dodac\u00ed lh\u016ftou 5-15 pracovn\u00edch dn\u016f, pokud nem\u00e1me produkt \u0161it\u00fd skladem, ru\u010dn\u00ed pr\u00e1ce vy\u017eaduje n\u00e1\u0161 \u010das. Ln\u011bn\u00e9 v\u00fdrobky \u0161ijeme v na\u0161\u00ed d\u00edln\u011b dle Va\u0161eho p\u0159\u00e1n\u00ed a na m\u00edru, dle konkr\u00e9tn\u00edho v\u00fdrobku.<\/strong><\/p>\n","protected":false},"excerpt":{"rendered":"<p>Rostouc\u00ed ln\u011bn\u00e1 z\u00e1st\u011bra Ln\u011bn\u00e9 pytl\u00ed\u010dky, dom\u00e1c\u00ed chl\u00e9b a samotn\u00e9 pe\u010den\u00ed neodmysliteln\u011b pat\u0159\u00ed k rodinn\u00fdm kuchy\u0148sk\u00fdm z\u00e1st\u011br\u00e1m, a tak vznikla nov\u00e1 d\u011btsk\u00e1 kolekce ln\u011bn\u00fdch z\u00e1st\u011br pro mal\u00e9 i velk\u00e9 pomocn\u00edky, a\u0165 u\u017e pe\u010dete, grilujete, s\u00e1z\u00edte, skl\u00edz\u00edte prvn\u00ed sklize\u0148 s malinov\u00fdmi obli\u010deji a v\u016fn\u00ed malin, nebo b\u011bh\u00e1te po zahrad\u011b, jsou p\u0159\u00edjemnou a praktickou sou\u010d\u00e1st\u00ed na\u0161eho i va\u0161eho [&hellip;]<\/p>\n","protected":false},"featured_media":6720,"template":"","meta":[],"product_brand":[],"product_cat":[349],"product_tag":[],"class_list":{"0":"post-13246","1":"product","2":"type-product","3":"status-publish","4":"has-post-thumbnail","6":"product_cat-lnene-zastery","8":"first","9":"onbackorder","10":"shipping-taxable","11":"purchasable","12":"product-type-variable"},"yoast_head":"<!-- This site is optimized with the Yoast SEO plugin v27.4 - https:\/\/yoast.com\/product\/yoast-seo-wordpress\/ -->\n<title>Rostouc\u00ed ln\u011bn\u00e1 z\u00e1st\u011bra &#8226; Lanaja-slovensk\u00e1 udr\u017eiteln\u00e1 zna\u010dka a v\u00fdrobce ln\u011bn\u00e9ho textilu<\/title>\n<meta name=\"description\" content=\"Rostouc\u00ed ln\u011bn\u00e1 z\u00e1st\u011bra je \u0161it\u00e1 ze 100% m\u011bk\u010den\u00e9ho, p\u0159edepran\u00e9ho lnu pr\u00e9miov\u00e9 kvality, 185g\/m2 Rostouc\u00ed z\u00e1st\u011bra m\u00e1 na\u0161it\u00e9 d\u0159ev\u011bn\u00e9 knofl\u00edky...\" \/>\n<meta name=\"robots\" content=\"index, follow, max-snippet:-1, max-image-preview:large, max-video-preview:-1\" \/>\n<link rel=\"canonical\" href=\"https:\/\/lanaja.sk\/cs\/obchod\/rostouci-lnena-zastera\/\" \/>\n<meta property=\"og:locale\" content=\"cs_CZ\" \/>\n<meta property=\"og:type\" content=\"article\" \/>\n<meta property=\"og:title\" content=\"Rostouc\u00ed ln\u011bn\u00e1 z\u00e1st\u011bra &#8226; Lanaja-slovensk\u00e1 udr\u017eiteln\u00e1 zna\u010dka a v\u00fdrobce ln\u011bn\u00e9ho textilu\" \/>\n<meta property=\"og:description\" content=\"Rostouc\u00ed ln\u011bn\u00e1 z\u00e1st\u011bra je \u0161it\u00e1 ze 100% m\u011bk\u010den\u00e9ho, p\u0159edepran\u00e9ho lnu pr\u00e9miov\u00e9 kvality, 185g\/m2 Rostouc\u00ed z\u00e1st\u011bra m\u00e1 na\u0161it\u00e9 d\u0159ev\u011bn\u00e9 knofl\u00edky...\" \/>\n<meta property=\"og:url\" content=\"https:\/\/lanaja.sk\/cs\/obchod\/rostouci-lnena-zastera\/\" \/>\n<meta property=\"og:site_name\" content=\"Lanaja-slovensk\u00e1 udr\u017eiteln\u00e1 zna\u010dka a v\u00fdrobce ln\u011bn\u00e9ho textilu\" \/>\n<meta property=\"article:publisher\" content=\"https:\/\/www.facebook.com\/Abreadbag\" \/>\n<meta property=\"article:modified_time\" content=\"2025-07-21T15:56:32+00:00\" \/>\n<meta property=\"og:image\" content=\"https:\/\/lanaja.sk\/wp-content\/uploads\/2018\/04\/sashe3241-e1538932817411-jpg.webp\" \/>\n\t<meta property=\"og:image:width\" content=\"622\" \/>\n\t<meta property=\"og:image:height\" content=\"900\" \/>\n\t<meta property=\"og:image:type\" content=\"image\/jpeg\" \/>\n<meta name=\"twitter:card\" content=\"summary_large_image\" \/>\n<meta name=\"twitter:label1\" content=\"Odhadovan\u00e1 doba \u010dten\u00ed\" \/>\n\t<meta name=\"twitter:data1\" content=\"2 minuty\" \/>\n<script type=\"application\/ld+json\" class=\"yoast-schema-graph\">{\"@context\":\"https:\\\/\\\/schema.org\",\"@graph\":[{\"@type\":\"WebPage\",\"@id\":\"https:\\\/\\\/lanaja.sk\\\/cs\\\/obchod\\\/rostouci-lnena-zastera\\\/\",\"url\":\"https:\\\/\\\/lanaja.sk\\\/cs\\\/obchod\\\/rostouci-lnena-zastera\\\/\",\"name\":\"Rostouc\u00ed ln\u011bn\u00e1 z\u00e1st\u011bra &#8226; Lanaja-slovensk\u00e1 udr\u017eiteln\u00e1 zna\u010dka a v\u00fdrobce ln\u011bn\u00e9ho textilu\",\"isPartOf\":{\"@id\":\"https:\\\/\\\/lanaja.sk\\\/cs\\\/#website\"},\"primaryImageOfPage\":{\"@id\":\"https:\\\/\\\/lanaja.sk\\\/cs\\\/obchod\\\/rostouci-lnena-zastera\\\/#primaryimage\"},\"image\":{\"@id\":\"https:\\\/\\\/lanaja.sk\\\/cs\\\/obchod\\\/rostouci-lnena-zastera\\\/#primaryimage\"},\"thumbnailUrl\":\"https:\\\/\\\/lanaja.sk\\\/wp-content\\\/uploads\\\/2018\\\/04\\\/sashe3241-e1538932817411-jpg.webp\",\"datePublished\":\"2018-04-20T13:58:57+00:00\",\"dateModified\":\"2025-07-21T15:56:32+00:00\",\"description\":\"Rostouc\u00ed ln\u011bn\u00e1 z\u00e1st\u011bra je \u0161it\u00e1 ze 100% m\u011bk\u010den\u00e9ho, p\u0159edepran\u00e9ho lnu pr\u00e9miov\u00e9 kvality, 185g\\\/m2 Rostouc\u00ed z\u00e1st\u011bra m\u00e1 na\u0161it\u00e9 d\u0159ev\u011bn\u00e9 knofl\u00edky...\",\"breadcrumb\":{\"@id\":\"https:\\\/\\\/lanaja.sk\\\/cs\\\/obchod\\\/rostouci-lnena-zastera\\\/#breadcrumb\"},\"inLanguage\":\"cs\",\"potentialAction\":[{\"@type\":\"ReadAction\",\"target\":[\"https:\\\/\\\/lanaja.sk\\\/cs\\\/obchod\\\/rostouci-lnena-zastera\\\/\"]}]},{\"@type\":\"ImageObject\",\"inLanguage\":\"cs\",\"@id\":\"https:\\\/\\\/lanaja.sk\\\/cs\\\/obchod\\\/rostouci-lnena-zastera\\\/#primaryimage\",\"url\":\"https:\\\/\\\/lanaja.sk\\\/wp-content\\\/uploads\\\/2018\\\/04\\\/sashe3241-e1538932817411-jpg.webp\",\"contentUrl\":\"https:\\\/\\\/lanaja.sk\\\/wp-content\\\/uploads\\\/2018\\\/04\\\/sashe3241-e1538932817411-jpg.webp\",\"width\":622,\"height\":900,\"caption\":\"Detsk\u00e1 z\u00e1stera\"},{\"@type\":\"BreadcrumbList\",\"@id\":\"https:\\\/\\\/lanaja.sk\\\/cs\\\/obchod\\\/rostouci-lnena-zastera\\\/#breadcrumb\",\"itemListElement\":[{\"@type\":\"ListItem\",\"position\":1,\"name\":\"Home\",\"item\":\"https:\\\/\\\/lanaja.sk\\\/cs\\\/\"},{\"@type\":\"ListItem\",\"position\":2,\"name\":\"Obchod\",\"item\":\"https:\\\/\\\/lanaja.sk\\\/cs\\\/obchod-cz\\\/\"},{\"@type\":\"ListItem\",\"position\":3,\"name\":\"Rostouc\u00ed ln\u011bn\u00e1 z\u00e1st\u011bra\"}]},{\"@type\":\"WebSite\",\"@id\":\"https:\\\/\\\/lanaja.sk\\\/cs\\\/#website\",\"url\":\"https:\\\/\\\/lanaja.sk\\\/cs\\\/\",\"name\":\"Lanaja - bytov\u00fd textil z \u013eanu a \u013eanov\u00e9 v\u00fdrobky\",\"description\":\"Jedine\u010dn\u00fd bytov\u00fd textil, ln\u011bn\u00e9 pytl\u00edky, ln\u011bn\u00e9 ubrusy, ln\u011bn\u00e9 lo\u017en\u00ed povle\u010den\u00ed, ln\u011bn\u00e9 ut\u011brky, ln\u011bn\u00e9 prost\u00edr\u00e1n\u00ed vyroben\u00e9 a \u0161it\u00e9 na Slovensku\",\"publisher\":{\"@id\":\"https:\\\/\\\/lanaja.sk\\\/cs\\\/#organization\"},\"alternateName\":\"Lanaja - v\u00fdrobky z \u013eanu, \u013eanov\u00fd bytov\u00fd textil\",\"potentialAction\":[{\"@type\":\"SearchAction\",\"target\":{\"@type\":\"EntryPoint\",\"urlTemplate\":\"https:\\\/\\\/lanaja.sk\\\/cs\\\/?s={search_term_string}\"},\"query-input\":{\"@type\":\"PropertyValueSpecification\",\"valueRequired\":true,\"valueName\":\"search_term_string\"}}],\"inLanguage\":\"cs\"},{\"@type\":\"Organization\",\"@id\":\"https:\\\/\\\/lanaja.sk\\\/cs\\\/#organization\",\"name\":\"Lanaja\",\"alternateName\":\"Al\u017ebeta Andr\u00e1\u0161ikov\u00e1 - Lanaja\",\"url\":\"https:\\\/\\\/lanaja.sk\\\/cs\\\/\",\"logo\":{\"@type\":\"ImageObject\",\"inLanguage\":\"cs\",\"@id\":\"https:\\\/\\\/lanaja.sk\\\/cs\\\/#\\\/schema\\\/logo\\\/image\\\/\",\"url\":\"https:\\\/\\\/lanaja.sk\\\/wp-content\\\/uploads\\\/2024\\\/01\\\/Lanaja.sk-logo.png\",\"contentUrl\":\"https:\\\/\\\/lanaja.sk\\\/wp-content\\\/uploads\\\/2024\\\/01\\\/Lanaja.sk-logo.png\",\"width\":600,\"height\":300,\"caption\":\"Lanaja\"},\"image\":{\"@id\":\"https:\\\/\\\/lanaja.sk\\\/cs\\\/#\\\/schema\\\/logo\\\/image\\\/\"},\"sameAs\":[\"https:\\\/\\\/www.facebook.com\\\/Abreadbag\",\"https:\\\/\\\/www.instagram.com\\\/lanaja_sk\\\/\"]}]}<\/script>\n<!-- \/ Yoast SEO plugin. -->","yoast_head_json":{"title":"Rostouc\u00ed ln\u011bn\u00e1 z\u00e1st\u011bra &#8226; Lanaja-slovensk\u00e1 udr\u017eiteln\u00e1 zna\u010dka a v\u00fdrobce ln\u011bn\u00e9ho textilu","description":"Rostouc\u00ed ln\u011bn\u00e1 z\u00e1st\u011bra je \u0161it\u00e1 ze 100% m\u011bk\u010den\u00e9ho, p\u0159edepran\u00e9ho lnu pr\u00e9miov\u00e9 kvality, 185g\/m2 Rostouc\u00ed z\u00e1st\u011bra m\u00e1 na\u0161it\u00e9 d\u0159ev\u011bn\u00e9 knofl\u00edky...","robots":{"index":"index","follow":"follow","max-snippet":"max-snippet:-1","max-image-preview":"max-image-preview:large","max-video-preview":"max-video-preview:-1"},"canonical":"https:\/\/lanaja.sk\/cs\/obchod\/rostouci-lnena-zastera\/","og_locale":"cs_CZ","og_type":"article","og_title":"Rostouc\u00ed ln\u011bn\u00e1 z\u00e1st\u011bra &#8226; Lanaja-slovensk\u00e1 udr\u017eiteln\u00e1 zna\u010dka a v\u00fdrobce ln\u011bn\u00e9ho textilu","og_description":"Rostouc\u00ed ln\u011bn\u00e1 z\u00e1st\u011bra je \u0161it\u00e1 ze 100% m\u011bk\u010den\u00e9ho, p\u0159edepran\u00e9ho lnu pr\u00e9miov\u00e9 kvality, 185g\/m2 Rostouc\u00ed z\u00e1st\u011bra m\u00e1 na\u0161it\u00e9 d\u0159ev\u011bn\u00e9 knofl\u00edky...","og_url":"https:\/\/lanaja.sk\/cs\/obchod\/rostouci-lnena-zastera\/","og_site_name":"Lanaja-slovensk\u00e1 udr\u017eiteln\u00e1 zna\u010dka a v\u00fdrobce ln\u011bn\u00e9ho textilu","article_publisher":"https:\/\/www.facebook.com\/Abreadbag","article_modified_time":"2025-07-21T15:56:32+00:00","og_image":[{"width":622,"height":900,"url":"https:\/\/lanaja.sk\/wp-content\/uploads\/2018\/04\/sashe3241-e1538932817411-jpg.webp","type":"image\/jpeg"}],"twitter_card":"summary_large_image","twitter_misc":{"Odhadovan\u00e1 doba \u010dten\u00ed":"2 minuty"},"schema":{"@context":"https:\/\/schema.org","@graph":[{"@type":"WebPage","@id":"https:\/\/lanaja.sk\/cs\/obchod\/rostouci-lnena-zastera\/","url":"https:\/\/lanaja.sk\/cs\/obchod\/rostouci-lnena-zastera\/","name":"Rostouc\u00ed ln\u011bn\u00e1 z\u00e1st\u011bra &#8226; Lanaja-slovensk\u00e1 udr\u017eiteln\u00e1 zna\u010dka a v\u00fdrobce ln\u011bn\u00e9ho textilu","isPartOf":{"@id":"https:\/\/lanaja.sk\/cs\/#website"},"primaryImageOfPage":{"@id":"https:\/\/lanaja.sk\/cs\/obchod\/rostouci-lnena-zastera\/#primaryimage"},"image":{"@id":"https:\/\/lanaja.sk\/cs\/obchod\/rostouci-lnena-zastera\/#primaryimage"},"thumbnailUrl":"https:\/\/lanaja.sk\/wp-content\/uploads\/2018\/04\/sashe3241-e1538932817411-jpg.webp","datePublished":"2018-04-20T13:58:57+00:00","dateModified":"2025-07-21T15:56:32+00:00","description":"Rostouc\u00ed ln\u011bn\u00e1 z\u00e1st\u011bra je \u0161it\u00e1 ze 100% m\u011bk\u010den\u00e9ho, p\u0159edepran\u00e9ho lnu pr\u00e9miov\u00e9 kvality, 185g\/m2 Rostouc\u00ed z\u00e1st\u011bra m\u00e1 na\u0161it\u00e9 d\u0159ev\u011bn\u00e9 knofl\u00edky...","breadcrumb":{"@id":"https:\/\/lanaja.sk\/cs\/obchod\/rostouci-lnena-zastera\/#breadcrumb"},"inLanguage":"cs","potentialAction":[{"@type":"ReadAction","target":["https:\/\/lanaja.sk\/cs\/obchod\/rostouci-lnena-zastera\/"]}]},{"@type":"ImageObject","inLanguage":"cs","@id":"https:\/\/lanaja.sk\/cs\/obchod\/rostouci-lnena-zastera\/#primaryimage","url":"https:\/\/lanaja.sk\/wp-content\/uploads\/2018\/04\/sashe3241-e1538932817411-jpg.webp","contentUrl":"https:\/\/lanaja.sk\/wp-content\/uploads\/2018\/04\/sashe3241-e1538932817411-jpg.webp","width":622,"height":900,"caption":"Detsk\u00e1 z\u00e1stera"},{"@type":"BreadcrumbList","@id":"https:\/\/lanaja.sk\/cs\/obchod\/rostouci-lnena-zastera\/#breadcrumb","itemListElement":[{"@type":"ListItem","position":1,"name":"Home","item":"https:\/\/lanaja.sk\/cs\/"},{"@type":"ListItem","position":2,"name":"Obchod","item":"https:\/\/lanaja.sk\/cs\/obchod-cz\/"},{"@type":"ListItem","position":3,"name":"Rostouc\u00ed ln\u011bn\u00e1 z\u00e1st\u011bra"}]},{"@type":"WebSite","@id":"https:\/\/lanaja.sk\/cs\/#website","url":"https:\/\/lanaja.sk\/cs\/","name":"Lanaja - bytov\u00fd textil z \u013eanu a \u013eanov\u00e9 v\u00fdrobky","description":"Jedine\u010dn\u00fd bytov\u00fd textil, ln\u011bn\u00e9 pytl\u00edky, ln\u011bn\u00e9 ubrusy, ln\u011bn\u00e9 lo\u017en\u00ed povle\u010den\u00ed, ln\u011bn\u00e9 ut\u011brky, ln\u011bn\u00e9 prost\u00edr\u00e1n\u00ed vyroben\u00e9 a \u0161it\u00e9 na Slovensku","publisher":{"@id":"https:\/\/lanaja.sk\/cs\/#organization"},"alternateName":"Lanaja - v\u00fdrobky z \u013eanu, \u013eanov\u00fd bytov\u00fd textil","potentialAction":[{"@type":"SearchAction","target":{"@type":"EntryPoint","urlTemplate":"https:\/\/lanaja.sk\/cs\/?s={search_term_string}"},"query-input":{"@type":"PropertyValueSpecification","valueRequired":true,"valueName":"search_term_string"}}],"inLanguage":"cs"},{"@type":"Organization","@id":"https:\/\/lanaja.sk\/cs\/#organization","name":"Lanaja","alternateName":"Al\u017ebeta Andr\u00e1\u0161ikov\u00e1 - Lanaja","url":"https:\/\/lanaja.sk\/cs\/","logo":{"@type":"ImageObject","inLanguage":"cs","@id":"https:\/\/lanaja.sk\/cs\/#\/schema\/logo\/image\/","url":"https:\/\/lanaja.sk\/wp-content\/uploads\/2024\/01\/Lanaja.sk-logo.png","contentUrl":"https:\/\/lanaja.sk\/wp-content\/uploads\/2024\/01\/Lanaja.sk-logo.png","width":600,"height":300,"caption":"Lanaja"},"image":{"@id":"https:\/\/lanaja.sk\/cs\/#\/schema\/logo\/image\/"},"sameAs":["https:\/\/www.facebook.com\/Abreadbag","https:\/\/www.instagram.com\/lanaja_sk\/"]}]}},"_links":{"self":[{"href":"https:\/\/lanaja.sk\/cs\/wp-json\/wp\/v2\/product\/13246","targetHints":{"allow":["GET"]}}],"collection":[{"href":"https:\/\/lanaja.sk\/cs\/wp-json\/wp\/v2\/product"}],"about":[{"href":"https:\/\/lanaja.sk\/cs\/wp-json\/wp\/v2\/types\/product"}],"version-history":[{"count":1,"href":"https:\/\/lanaja.sk\/cs\/wp-json\/wp\/v2\/product\/13246\/revisions"}],"predecessor-version":[{"id":16399,"href":"https:\/\/lanaja.sk\/cs\/wp-json\/wp\/v2\/product\/13246\/revisions\/16399"}],"wp:featuredmedia":[{"embeddable":true,"href":"https:\/\/lanaja.sk\/cs\/wp-json\/wp\/v2\/media\/6720"}],"wp:attachment":[{"href":"https:\/\/lanaja.sk\/cs\/wp-json\/wp\/v2\/media?parent=13246"}],"wp:term":[{"taxonomy":"product_brand","embeddable":true,"href":"https:\/\/lanaja.sk\/cs\/wp-json\/wp\/v2\/product_brand?post=13246"},{"taxonomy":"product_cat","embeddable":true,"href":"https:\/\/lanaja.sk\/cs\/wp-json\/wp\/v2\/product_cat?post=13246"},{"taxonomy":"product_tag","embeddable":true,"href":"https:\/\/lanaja.sk\/cs\/wp-json\/wp\/v2\/product_tag?post=13246"}],"curies":[{"name":"wp","href":"https:\/\/api.w.org\/{rel}","templated":true}]}}