{"id":13247,"date":"2025-07-28T19:25:33","date_gmt":"2025-07-28T17:25:33","guid":{"rendered":"https:\/\/lanaja.sk\/obchod\/neza\u0159azen\u00e9\/lneny-ubrus-s-volankem\/"},"modified":"2025-07-28T19:51:52","modified_gmt":"2025-07-28T17:51:52","slug":"lneny-ubrus-s-volankem","status":"publish","type":"product","link":"https:\/\/lanaja.sk\/cs\/obchod\/lneny-ubrus-s-volankem\/","title":{"rendered":"Ln\u011bn\u00fd ubrus s vol\u00e1nem"},"content":{"rendered":"<h2>Ln\u011bn\u00fd ubrus s vol\u00e1nem<\/h2>\n<p><strong>Ln\u011bn\u00fd ubrus<\/strong> <strong>s vol\u00e1nem<\/strong> je \u0161it\u00fd ze 100% lnu Pokud se v\u00e1m l\u00edb\u00ed a \u017eijete sv\u016fj \u201eslow living\u201c styl, je to pro v\u00e1s ta prav\u00e1 dekorace do va\u0161ich p\u0159\u00edbytk\u016f. Po cel\u00e9m obvodu je na\u0159asen\u00fd vol\u00e1n. M\u016f\u017eeme ji u\u0161\u00edt i v jin\u00fdch barv\u00e1ch a velikostech, m\u016f\u017eete si vybrat barvu z <a href=\"https:\/\/lanaja.sk\/cs\/?page_id=7625\">na\u0161eho vzorn\u00edku.<\/a> Doporu\u010dujeme se v takov\u00e9m p\u0159\u00edpad\u011b poradit s n\u00e1mi, proto n\u00e1m napi\u0161te, r\u00e1di v\u00e1m porad\u00edme. Ubrusy a jejich velikosti, kter\u00e9 naleznete v rolovac\u00ed li\u0161t\u011b, jsou m\u011b\u0159eny s vol\u00e1ny. Poskytujeme tak\u00e9 online konzultace, je to skv\u011bl\u00fd zp\u016fsob, jak vysv\u011btlit v\u0161echny mo\u017enosti.<\/p>\n<p>Len je p\u0159edepran\u00fd na 40 \u00b0C. Proto ji\u017e nen\u00ed nutn\u00e9 po\u010d\u00edtat s jeho sr\u00e1\u017elivost\u00ed. Dovolte lnu kr\u010dit se, je to jeho p\u0159irozen\u00e1 vlastnost. Pokud jste p\u0159ece jen velc\u00ed kamar\u00e1di s \u017eehli\u010dkou a \u017eehl\u00edte v\u0161e, co v\u00e1m p\u0159ijde pod ruce, doporu\u010duji len \u017eehlit vlhk\u00fd, nebo jemn\u011b nakropen\u00fd.<\/p>\n<p>Ln\u011bn\u00fd ubrus m\u016f\u017eete kr\u00e1sn\u011b sladit, a\u0165 u\u017e jde o ln\u011bn\u00e9 prost\u00edr\u00e1n\u00ed, ln\u011bn\u00e9 ko\u0161e, ln\u011bn\u00e9 pytl\u00edky na pe\u010divo, ln\u011bn\u00e9 obaly na p\u0159\u00edbory&#8230; R\u00e1da V\u00e1m porad\u00edm s v\u00fdb\u011brem, v p\u0159\u00edpad\u011b z\u00e1jmu o jin\u00fd rozm\u011br m\u011b pros\u00edm kontaktujte e-mailem nebo telefonicky.<\/p>\n<p>A\u0165 u\u017e se rozhodnete pro ln\u011bn\u00e9 ut\u011brky na chl\u00e9b, nebo ln\u011bn\u00e9 pytl\u00edky, bude to spr\u00e1vn\u00e1 volba nejen pro va\u0161e zdrav\u00ed, ale pom\u016f\u017eete chr\u00e1nit na\u0161e \u017eivotn\u00ed prost\u0159ed\u00ed. D\u011bkujeme v\u00e1m, \u017ee n\u00e1m pom\u00e1h\u00e1te \u0161\u00ed\u0159it my\u0161lenku o pot\u0159eb\u011b recyklovat a spole\u010dn\u011b vym\u011b\u0148ujeme tis\u00edce plastov\u00fdch s\u00e1\u010dk\u016f za ln\u011bn\u00e9 pytl\u00edky \u2665<\/p>\n<p><strong>Po\u010d\u00edtejte s dodac\u00ed lh\u016ftou 5-15 pracovn\u00edch dn\u016f, pokud nem\u00e1me produkt \u0161it\u00fd skladem, ru\u010dn\u00ed pr\u00e1ce vy\u017eaduje n\u00e1\u0161 \u010das. Ln\u011bn\u00e9 v\u00fdrobky \u0161ijeme v na\u0161\u00ed d\u00edln\u011b dle Va\u0161eho p\u0159\u00e1n\u00ed a na m\u00edru v z\u00e1vislosti na konkr\u00e9tn\u00edm v\u00fdrobku.<\/strong><\/p>\n<p>V\u00edce o n\u00e1s, o Lanaja, z ka\u017edodenn\u00edho \u017eivota v na\u0161em ateli\u00e9ru a hodnocen\u00ed spokojen\u00fdch z\u00e1kazn\u00edk\u016f si m\u016f\u017eete prohl\u00e9dnout i na na\u0161ich soci\u00e1ln\u00edch s\u00edt\u00edch: <a href=\"https:\/\/www.instagram.com\/lanaja_sk\" target=\"_blank\" rel=\"noopener\">Lanaja na Instagramu<\/a> a <a href=\"https:\/\/www.facebook.com\/Abreadbag\/\" target=\"_blank\" rel=\"noopener\">Lanaja na Facebooku.<\/a><\/p>\n","protected":false},"excerpt":{"rendered":"<p>V\u00edtejte v na\u0161\u00ed romantick\u00e9 kolekci. Ln\u011bn\u00e9 ubrusy s vol\u00e1nky vnesou do va\u0161eho domova n\u00e1dech elegance, romantiky a stylu. Jejich romantick\u00fd a hrav\u00fd vzhled vytv\u00e1\u0159\u00ed atmosf\u00e9ru plnou kouzla, a\u0165 u\u017e p\u0159i ka\u017edodenn\u00edm stolov\u00e1n\u00ed nebo p\u0159i zvl\u00e1\u0161tn\u00edch p\u0159\u00edle\u017eitostech. Ka\u017ed\u00fd detail je proveden s nejv\u011bt\u0161\u00ed p\u0159esnost\u00ed, abychom v\u00e1m mohli nab\u00eddnout produkt, kter\u00fd spl\u0148uje nejvy\u0161\u0161\u00ed standardy kvality.<\/p>\n","protected":false},"featured_media":15852,"template":"","meta":[],"product_brand":[],"product_cat":[351],"product_tag":[352],"class_list":{"0":"post-13247","1":"product","2":"type-product","3":"status-publish","4":"has-post-thumbnail","6":"product_cat-lnene-ubrusy-a-prostirani","7":"product_tag-lneny-ubrus","9":"first","10":"onbackorder","11":"shipping-taxable","12":"purchasable","13":"product-type-variable"},"yoast_head":"<!-- This site is optimized with the Yoast SEO plugin v27.4 - https:\/\/yoast.com\/product\/yoast-seo-wordpress\/ -->\n<title>Ln\u011bn\u00fd ubrus s vol\u00e1nem &#8226; Lanaja-slovensk\u00e1 udr\u017eiteln\u00e1 zna\u010dka a v\u00fdrobce ln\u011bn\u00e9ho textilu<\/title>\n<meta name=\"description\" content=\"Ln\u011bn\u00fd ubrus s vol\u00e1nem je u\u0161it\u00fd ze 100% lnu 185 gram\u00e1\u017ee, pokud m\u00e1te r\u00e1di a \u017eijete sv\u016fj styl &quot;pomal\u00e9ho bydlen\u00ed&quot;, je to ta prav\u00e1 dekorace do va\u0161ich domov\u016f. Po cel\u00e9m obvodu je na\u0159asen\u00fd vol\u00e1n.\" \/>\n<meta name=\"robots\" content=\"index, follow, max-snippet:-1, max-image-preview:large, max-video-preview:-1\" \/>\n<link rel=\"canonical\" href=\"https:\/\/lanaja.sk\/cs\/obchod\/lneny-ubrus-s-volankem\/\" \/>\n<meta property=\"og:locale\" content=\"cs_CZ\" \/>\n<meta property=\"og:type\" content=\"article\" \/>\n<meta property=\"og:title\" content=\"Ln\u011bn\u00fd ubrus s vol\u00e1nem &#8226; Lanaja-slovensk\u00e1 udr\u017eiteln\u00e1 zna\u010dka a v\u00fdrobce ln\u011bn\u00e9ho textilu\" \/>\n<meta property=\"og:description\" content=\"Ln\u011bn\u00fd ubrus s vol\u00e1nem je u\u0161it\u00fd ze 100% lnu 185 gram\u00e1\u017ee, pokud m\u00e1te r\u00e1di a \u017eijete sv\u016fj styl &quot;pomal\u00e9ho bydlen\u00ed&quot;, je to ta prav\u00e1 dekorace do va\u0161ich domov\u016f. Po cel\u00e9m obvodu je na\u0159asen\u00fd vol\u00e1n.\" \/>\n<meta property=\"og:url\" content=\"https:\/\/lanaja.sk\/cs\/obchod\/lneny-ubrus-s-volankem\/\" \/>\n<meta property=\"og:site_name\" content=\"Lanaja-slovensk\u00e1 udr\u017eiteln\u00e1 zna\u010dka a v\u00fdrobce ln\u011bn\u00e9ho textilu\" \/>\n<meta property=\"article:publisher\" content=\"https:\/\/www.facebook.com\/Abreadbag\" \/>\n<meta property=\"article:modified_time\" content=\"2025-07-28T17:51:52+00:00\" \/>\n<meta property=\"og:image\" content=\"https:\/\/lanaja.sk\/wp-content\/uploads\/2025\/04\/IMG_1107-scaled.jpeg\" \/>\n\t<meta property=\"og:image:width\" content=\"1920\" \/>\n\t<meta property=\"og:image:height\" content=\"2560\" \/>\n\t<meta property=\"og:image:type\" content=\"image\/jpeg\" \/>\n<meta name=\"twitter:card\" content=\"summary_large_image\" \/>\n<meta name=\"twitter:label1\" content=\"Odhadovan\u00e1 doba \u010dten\u00ed\" \/>\n\t<meta name=\"twitter:data1\" content=\"2 minuty\" \/>\n<script type=\"application\/ld+json\" class=\"yoast-schema-graph\">{\"@context\":\"https:\\\/\\\/schema.org\",\"@graph\":[{\"@type\":\"WebPage\",\"@id\":\"https:\\\/\\\/lanaja.sk\\\/cs\\\/obchod\\\/lneny-ubrus-s-volankem\\\/\",\"url\":\"https:\\\/\\\/lanaja.sk\\\/cs\\\/obchod\\\/lneny-ubrus-s-volankem\\\/\",\"name\":\"Ln\u011bn\u00fd ubrus s vol\u00e1nem &#8226; Lanaja-slovensk\u00e1 udr\u017eiteln\u00e1 zna\u010dka a v\u00fdrobce ln\u011bn\u00e9ho textilu\",\"isPartOf\":{\"@id\":\"https:\\\/\\\/lanaja.sk\\\/cs\\\/#website\"},\"primaryImageOfPage\":{\"@id\":\"https:\\\/\\\/lanaja.sk\\\/cs\\\/obchod\\\/lneny-ubrus-s-volankem\\\/#primaryimage\"},\"image\":{\"@id\":\"https:\\\/\\\/lanaja.sk\\\/cs\\\/obchod\\\/lneny-ubrus-s-volankem\\\/#primaryimage\"},\"thumbnailUrl\":\"https:\\\/\\\/lanaja.sk\\\/wp-content\\\/uploads\\\/2025\\\/04\\\/IMG_1107-scaled.jpeg\",\"datePublished\":\"2025-07-28T17:25:33+00:00\",\"dateModified\":\"2025-07-28T17:51:52+00:00\",\"description\":\"Ln\u011bn\u00fd ubrus s vol\u00e1nem je u\u0161it\u00fd ze 100% lnu 185 gram\u00e1\u017ee, pokud m\u00e1te r\u00e1di a \u017eijete sv\u016fj styl \\\"pomal\u00e9ho bydlen\u00ed\\\", je to ta prav\u00e1 dekorace do va\u0161ich domov\u016f. Po cel\u00e9m obvodu je na\u0159asen\u00fd vol\u00e1n.\",\"breadcrumb\":{\"@id\":\"https:\\\/\\\/lanaja.sk\\\/cs\\\/obchod\\\/lneny-ubrus-s-volankem\\\/#breadcrumb\"},\"inLanguage\":\"cs\",\"potentialAction\":[{\"@type\":\"ReadAction\",\"target\":[\"https:\\\/\\\/lanaja.sk\\\/cs\\\/obchod\\\/lneny-ubrus-s-volankem\\\/\"]}]},{\"@type\":\"ImageObject\",\"inLanguage\":\"cs\",\"@id\":\"https:\\\/\\\/lanaja.sk\\\/cs\\\/obchod\\\/lneny-ubrus-s-volankem\\\/#primaryimage\",\"url\":\"https:\\\/\\\/lanaja.sk\\\/wp-content\\\/uploads\\\/2025\\\/04\\\/IMG_1107-scaled.jpeg\",\"contentUrl\":\"https:\\\/\\\/lanaja.sk\\\/wp-content\\\/uploads\\\/2025\\\/04\\\/IMG_1107-scaled.jpeg\",\"width\":1920,\"height\":2560,\"caption\":\"Lanaja a ve\u013ek\u00e1 noc, in\u0161pir\u00e1cie, v\u00fdzdoba, tvorenie s de\u0165mi\"},{\"@type\":\"BreadcrumbList\",\"@id\":\"https:\\\/\\\/lanaja.sk\\\/cs\\\/obchod\\\/lneny-ubrus-s-volankem\\\/#breadcrumb\",\"itemListElement\":[{\"@type\":\"ListItem\",\"position\":1,\"name\":\"Home\",\"item\":\"https:\\\/\\\/lanaja.sk\\\/cs\\\/\"},{\"@type\":\"ListItem\",\"position\":2,\"name\":\"Obchod\",\"item\":\"https:\\\/\\\/lanaja.sk\\\/cs\\\/obchod-cz\\\/\"},{\"@type\":\"ListItem\",\"position\":3,\"name\":\"Ln\u011bn\u00fd ubrus s vol\u00e1nem\"}]},{\"@type\":\"WebSite\",\"@id\":\"https:\\\/\\\/lanaja.sk\\\/cs\\\/#website\",\"url\":\"https:\\\/\\\/lanaja.sk\\\/cs\\\/\",\"name\":\"Lanaja - bytov\u00fd textil z \u013eanu a \u013eanov\u00e9 v\u00fdrobky\",\"description\":\"Jedine\u010dn\u00fd bytov\u00fd textil, ln\u011bn\u00e9 pytl\u00edky, ln\u011bn\u00e9 ubrusy, ln\u011bn\u00e9 lo\u017en\u00ed povle\u010den\u00ed, ln\u011bn\u00e9 ut\u011brky, ln\u011bn\u00e9 prost\u00edr\u00e1n\u00ed vyroben\u00e9 a \u0161it\u00e9 na Slovensku\",\"publisher\":{\"@id\":\"https:\\\/\\\/lanaja.sk\\\/cs\\\/#organization\"},\"alternateName\":\"Lanaja - v\u00fdrobky z \u013eanu, \u013eanov\u00fd bytov\u00fd textil\",\"potentialAction\":[{\"@type\":\"SearchAction\",\"target\":{\"@type\":\"EntryPoint\",\"urlTemplate\":\"https:\\\/\\\/lanaja.sk\\\/cs\\\/?s={search_term_string}\"},\"query-input\":{\"@type\":\"PropertyValueSpecification\",\"valueRequired\":true,\"valueName\":\"search_term_string\"}}],\"inLanguage\":\"cs\"},{\"@type\":\"Organization\",\"@id\":\"https:\\\/\\\/lanaja.sk\\\/cs\\\/#organization\",\"name\":\"Lanaja\",\"alternateName\":\"Al\u017ebeta Andr\u00e1\u0161ikov\u00e1 - Lanaja\",\"url\":\"https:\\\/\\\/lanaja.sk\\\/cs\\\/\",\"logo\":{\"@type\":\"ImageObject\",\"inLanguage\":\"cs\",\"@id\":\"https:\\\/\\\/lanaja.sk\\\/cs\\\/#\\\/schema\\\/logo\\\/image\\\/\",\"url\":\"https:\\\/\\\/lanaja.sk\\\/wp-content\\\/uploads\\\/2024\\\/01\\\/Lanaja.sk-logo.png\",\"contentUrl\":\"https:\\\/\\\/lanaja.sk\\\/wp-content\\\/uploads\\\/2024\\\/01\\\/Lanaja.sk-logo.png\",\"width\":600,\"height\":300,\"caption\":\"Lanaja\"},\"image\":{\"@id\":\"https:\\\/\\\/lanaja.sk\\\/cs\\\/#\\\/schema\\\/logo\\\/image\\\/\"},\"sameAs\":[\"https:\\\/\\\/www.facebook.com\\\/Abreadbag\",\"https:\\\/\\\/www.instagram.com\\\/lanaja_sk\\\/\"]}]}<\/script>\n<!-- \/ Yoast SEO plugin. -->","yoast_head_json":{"title":"Ln\u011bn\u00fd ubrus s vol\u00e1nem &#8226; Lanaja-slovensk\u00e1 udr\u017eiteln\u00e1 zna\u010dka a v\u00fdrobce ln\u011bn\u00e9ho textilu","description":"Ln\u011bn\u00fd ubrus s vol\u00e1nem je u\u0161it\u00fd ze 100% lnu 185 gram\u00e1\u017ee, pokud m\u00e1te r\u00e1di a \u017eijete sv\u016fj styl \"pomal\u00e9ho bydlen\u00ed\", je to ta prav\u00e1 dekorace do va\u0161ich domov\u016f. Po cel\u00e9m obvodu je na\u0159asen\u00fd vol\u00e1n.","robots":{"index":"index","follow":"follow","max-snippet":"max-snippet:-1","max-image-preview":"max-image-preview:large","max-video-preview":"max-video-preview:-1"},"canonical":"https:\/\/lanaja.sk\/cs\/obchod\/lneny-ubrus-s-volankem\/","og_locale":"cs_CZ","og_type":"article","og_title":"Ln\u011bn\u00fd ubrus s vol\u00e1nem &#8226; Lanaja-slovensk\u00e1 udr\u017eiteln\u00e1 zna\u010dka a v\u00fdrobce ln\u011bn\u00e9ho textilu","og_description":"Ln\u011bn\u00fd ubrus s vol\u00e1nem je u\u0161it\u00fd ze 100% lnu 185 gram\u00e1\u017ee, pokud m\u00e1te r\u00e1di a \u017eijete sv\u016fj styl \"pomal\u00e9ho bydlen\u00ed\", je to ta prav\u00e1 dekorace do va\u0161ich domov\u016f. Po cel\u00e9m obvodu je na\u0159asen\u00fd vol\u00e1n.","og_url":"https:\/\/lanaja.sk\/cs\/obchod\/lneny-ubrus-s-volankem\/","og_site_name":"Lanaja-slovensk\u00e1 udr\u017eiteln\u00e1 zna\u010dka a v\u00fdrobce ln\u011bn\u00e9ho textilu","article_publisher":"https:\/\/www.facebook.com\/Abreadbag","article_modified_time":"2025-07-28T17:51:52+00:00","og_image":[{"width":1920,"height":2560,"url":"https:\/\/lanaja.sk\/wp-content\/uploads\/2025\/04\/IMG_1107-scaled.jpeg","type":"image\/jpeg"}],"twitter_card":"summary_large_image","twitter_misc":{"Odhadovan\u00e1 doba \u010dten\u00ed":"2 minuty"},"schema":{"@context":"https:\/\/schema.org","@graph":[{"@type":"WebPage","@id":"https:\/\/lanaja.sk\/cs\/obchod\/lneny-ubrus-s-volankem\/","url":"https:\/\/lanaja.sk\/cs\/obchod\/lneny-ubrus-s-volankem\/","name":"Ln\u011bn\u00fd ubrus s vol\u00e1nem &#8226; Lanaja-slovensk\u00e1 udr\u017eiteln\u00e1 zna\u010dka a v\u00fdrobce ln\u011bn\u00e9ho textilu","isPartOf":{"@id":"https:\/\/lanaja.sk\/cs\/#website"},"primaryImageOfPage":{"@id":"https:\/\/lanaja.sk\/cs\/obchod\/lneny-ubrus-s-volankem\/#primaryimage"},"image":{"@id":"https:\/\/lanaja.sk\/cs\/obchod\/lneny-ubrus-s-volankem\/#primaryimage"},"thumbnailUrl":"https:\/\/lanaja.sk\/wp-content\/uploads\/2025\/04\/IMG_1107-scaled.jpeg","datePublished":"2025-07-28T17:25:33+00:00","dateModified":"2025-07-28T17:51:52+00:00","description":"Ln\u011bn\u00fd ubrus s vol\u00e1nem je u\u0161it\u00fd ze 100% lnu 185 gram\u00e1\u017ee, pokud m\u00e1te r\u00e1di a \u017eijete sv\u016fj styl \"pomal\u00e9ho bydlen\u00ed\", je to ta prav\u00e1 dekorace do va\u0161ich domov\u016f. Po cel\u00e9m obvodu je na\u0159asen\u00fd vol\u00e1n.","breadcrumb":{"@id":"https:\/\/lanaja.sk\/cs\/obchod\/lneny-ubrus-s-volankem\/#breadcrumb"},"inLanguage":"cs","potentialAction":[{"@type":"ReadAction","target":["https:\/\/lanaja.sk\/cs\/obchod\/lneny-ubrus-s-volankem\/"]}]},{"@type":"ImageObject","inLanguage":"cs","@id":"https:\/\/lanaja.sk\/cs\/obchod\/lneny-ubrus-s-volankem\/#primaryimage","url":"https:\/\/lanaja.sk\/wp-content\/uploads\/2025\/04\/IMG_1107-scaled.jpeg","contentUrl":"https:\/\/lanaja.sk\/wp-content\/uploads\/2025\/04\/IMG_1107-scaled.jpeg","width":1920,"height":2560,"caption":"Lanaja a ve\u013ek\u00e1 noc, in\u0161pir\u00e1cie, v\u00fdzdoba, tvorenie s de\u0165mi"},{"@type":"BreadcrumbList","@id":"https:\/\/lanaja.sk\/cs\/obchod\/lneny-ubrus-s-volankem\/#breadcrumb","itemListElement":[{"@type":"ListItem","position":1,"name":"Home","item":"https:\/\/lanaja.sk\/cs\/"},{"@type":"ListItem","position":2,"name":"Obchod","item":"https:\/\/lanaja.sk\/cs\/obchod-cz\/"},{"@type":"ListItem","position":3,"name":"Ln\u011bn\u00fd ubrus s vol\u00e1nem"}]},{"@type":"WebSite","@id":"https:\/\/lanaja.sk\/cs\/#website","url":"https:\/\/lanaja.sk\/cs\/","name":"Lanaja - bytov\u00fd textil z \u013eanu a \u013eanov\u00e9 v\u00fdrobky","description":"Jedine\u010dn\u00fd bytov\u00fd textil, ln\u011bn\u00e9 pytl\u00edky, ln\u011bn\u00e9 ubrusy, ln\u011bn\u00e9 lo\u017en\u00ed povle\u010den\u00ed, ln\u011bn\u00e9 ut\u011brky, ln\u011bn\u00e9 prost\u00edr\u00e1n\u00ed vyroben\u00e9 a \u0161it\u00e9 na Slovensku","publisher":{"@id":"https:\/\/lanaja.sk\/cs\/#organization"},"alternateName":"Lanaja - v\u00fdrobky z \u013eanu, \u013eanov\u00fd bytov\u00fd textil","potentialAction":[{"@type":"SearchAction","target":{"@type":"EntryPoint","urlTemplate":"https:\/\/lanaja.sk\/cs\/?s={search_term_string}"},"query-input":{"@type":"PropertyValueSpecification","valueRequired":true,"valueName":"search_term_string"}}],"inLanguage":"cs"},{"@type":"Organization","@id":"https:\/\/lanaja.sk\/cs\/#organization","name":"Lanaja","alternateName":"Al\u017ebeta Andr\u00e1\u0161ikov\u00e1 - Lanaja","url":"https:\/\/lanaja.sk\/cs\/","logo":{"@type":"ImageObject","inLanguage":"cs","@id":"https:\/\/lanaja.sk\/cs\/#\/schema\/logo\/image\/","url":"https:\/\/lanaja.sk\/wp-content\/uploads\/2024\/01\/Lanaja.sk-logo.png","contentUrl":"https:\/\/lanaja.sk\/wp-content\/uploads\/2024\/01\/Lanaja.sk-logo.png","width":600,"height":300,"caption":"Lanaja"},"image":{"@id":"https:\/\/lanaja.sk\/cs\/#\/schema\/logo\/image\/"},"sameAs":["https:\/\/www.facebook.com\/Abreadbag","https:\/\/www.instagram.com\/lanaja_sk\/"]}]}},"_links":{"self":[{"href":"https:\/\/lanaja.sk\/cs\/wp-json\/wp\/v2\/product\/13247","targetHints":{"allow":["GET"]}}],"collection":[{"href":"https:\/\/lanaja.sk\/cs\/wp-json\/wp\/v2\/product"}],"about":[{"href":"https:\/\/lanaja.sk\/cs\/wp-json\/wp\/v2\/types\/product"}],"version-history":[{"count":2,"href":"https:\/\/lanaja.sk\/cs\/wp-json\/wp\/v2\/product\/13247\/revisions"}],"predecessor-version":[{"id":16418,"href":"https:\/\/lanaja.sk\/cs\/wp-json\/wp\/v2\/product\/13247\/revisions\/16418"}],"wp:featuredmedia":[{"embeddable":true,"href":"https:\/\/lanaja.sk\/cs\/wp-json\/wp\/v2\/media\/15852"}],"wp:attachment":[{"href":"https:\/\/lanaja.sk\/cs\/wp-json\/wp\/v2\/media?parent=13247"}],"wp:term":[{"taxonomy":"product_brand","embeddable":true,"href":"https:\/\/lanaja.sk\/cs\/wp-json\/wp\/v2\/product_brand?post=13247"},{"taxonomy":"product_cat","embeddable":true,"href":"https:\/\/lanaja.sk\/cs\/wp-json\/wp\/v2\/product_cat?post=13247"},{"taxonomy":"product_tag","embeddable":true,"href":"https:\/\/lanaja.sk\/cs\/wp-json\/wp\/v2\/product_tag?post=13247"}],"curies":[{"name":"wp","href":"https:\/\/api.w.org\/{rel}","templated":true}]}}