{"id":13256,"date":"2019-10-02T19:13:49","date_gmt":"2019-10-02T17:13:49","guid":{"rendered":"https:\/\/lanaja.sk\/obchod\/neza\u0159azen\u00e9\/lnene-ubrousky\/"},"modified":"2019-10-02T19:13:49","modified_gmt":"2019-10-02T17:13:49","slug":"lnene-ubrousky","status":"publish","type":"product","link":"https:\/\/lanaja.sk\/cs\/obchod\/lnene-ubrousky\/","title":{"rendered":"Ln\u011bn\u00e9 ubrousky"},"content":{"rendered":"<h2 data-sourcepos=\"1:1-1:49\">  Kr\u00e1sn\u00e9, ekologick\u00e9 a praktick\u00e9<\/h2>\n<p data-sourcepos=\"3:1-3:221\"><strong>Hled\u00e1te elegantn\u00ed a ekologickou alternativu k pap\u00edrov\u00fdm ubrousk\u016fm?<\/strong>  Ln\u011bn\u00e9 ubrousky od n\u00e1s jsou perfektn\u00ed volbou! \u0160it\u00e9 ze 100% p\u0159edepran\u00e9ho a zm\u011bk\u010den\u00e9ho lnu nejen kr\u00e1sn\u011b vypadaj\u00ed, ale tak\u00e9 \u0161et\u0159\u00ed \u017eivotn\u00ed prost\u0159ed\u00ed.<\/p>\n<h4 data-sourcepos=\"5:1-5:35\"><strong>Pro\u010d si vybrat ln\u011bn\u00e9 ubrousky?<\/strong><\/h4>\n<ul data-sourcepos=\"7:1-11:0\">\n<li data-sourcepos=\"7:1-7:172\"><strong>Organick\u00fd:<\/strong> Na rozd\u00edl od pap\u00edrov\u00fdch ubrousk\u016f, kter\u00e9 se po jednom pou\u017eit\u00ed vyhod\u00ed, m\u016f\u017eete ln\u011bn\u00e9 ubrousky pou\u017e\u00edvat opakovan\u011b. To \u0161et\u0159\u00ed lesy a sni\u017euje mno\u017estv\u00ed odpadu. Len je p\u0159irozen\u011b odoln\u00fd materi\u00e1l, kter\u00fd se p\u011bstuje bez pou\u017eit\u00ed pesticid\u016f a zavla\u017eov\u00e1n\u00ed.<\/li>\n<li data-sourcepos=\"8:1-8:170\"><strong>Elegantn\u00ed:<\/strong> dodejte sv\u00e9mu stolov\u00e1n\u00ed elegantn\u00ed a sofistikovan\u00fd vzhled. Jsou ide\u00e1ln\u00ed pro ka\u017edou p\u0159\u00edle\u017eitost, od neform\u00e1ln\u00edho stolov\u00e1n\u00ed a\u017e po slavnostn\u00ed ve\u010de\u0159e.<\/li>\n<li data-sourcepos=\"9:1-9:106\"><strong>Praktick\u00e9:<\/strong> jsou pevn\u00e9 a sav\u00e9, tak\u017ee se s nimi snadno manipuluje a porad\u00ed si s jak\u00fdmikoli ne\u010distotami.<\/li>\n<li data-sourcepos=\"10:1-11:0\"><strong><br \/>\n  <span class=\"citation-0 entailed\" tabindex=\"0\" role=\"button\">Zdrav\u00e9:<\/span><br \/>\n<\/strong><span class=\"citation-0 entailed citation-end-0\" tabindex=\"0\" role=\"button\"> Len je p\u0159irozen\u011b antibakteri\u00e1ln\u00ed a hypoalergenn\u00ed, tak\u017ee je ide\u00e1ln\u00ed pro lidi s citlivou poko\u017ekou.<\/span><\/li>\n<\/ul>\n<h4 data-sourcepos=\"12:1-12:26\"><strong>Ln\u011bn\u00e9 ubrousky od n\u00e1s:<\/strong><\/h4>\n<ul data-sourcepos=\"14:1-17:0\">\n<li data-sourcepos=\"14:1-14:56\">Jsou precizn\u011b pro\u0161it\u00e9 s l\u00e1skou k detailu, aby si udr\u017eely tvar i po vypr\u00e1n\u00ed.<\/li>\n<li data-sourcepos=\"15:1-15:53\">Jsou p\u0159edepran\u00e9, tak\u017ee se nemus\u00edte b\u00e1t, \u017ee by se srazily.<\/li>\n<li data-sourcepos=\"15:1-15:53\">Jsou k dispozici v r\u016fzn\u00fdch barv\u00e1ch a velikostech, tak\u017ee si m\u016f\u017eete vybrat ty, kter\u00e9 se hod\u00ed do va\u0161eho interi\u00e9ru.<\/li>\n<li>M\u016f\u017eete je kombinovat s dal\u0161\u00edmi ln\u011bn\u00fdmi v\u00fdrobky z na\u0161\u00ed nab\u00eddky, jako jsou <a href=\"https:\/\/lanaja.sk\/obchod\/lanove-obrusy-a-prestierania\/lanovy-obrus\">ln\u011bn\u00e9 prost\u00edr\u00e1n\u00ed, ubrusy<\/a>, ut\u011brky a ta\u0161ky.<\/li>\n<li data-sourcepos=\"17:1-18:0\">M\u016f\u017eete si je tak\u00e9 objednat na m\u00edru a vyu\u017e\u00edt na\u0161ich online konzultac\u00ed.<\/li>\n<\/ul>\n<h4 data-sourcepos=\"18:1-18:42\"><strong>Darujte je sv\u00fdm bl\u00edzk\u00fdm:<\/strong><\/h4>\n<p data-sourcepos=\"20:1-20:175\">Ln\u011bn\u00e9 ubrousky jsou perfektn\u00edm d\u00e1rkem pro ka\u017ed\u00e9ho, komu z\u00e1le\u017e\u00ed na \u017eivotn\u00edm prost\u0159ed\u00ed a kr\u00e1sn\u00e9m designu. Zabal\u00edme je do d\u00e1rkov\u00e9 krabi\u010dky, abyste je mohli rovnou darovat.<\/p>\n<h4 data-sourcepos=\"22:1-22:86\"><strong>Objednejte si ln\u011bn\u00e9 ubrousky je\u0161t\u011b dnes a ud\u011blejte n\u011bco dobr\u00e9ho pro sebe i planetu!<\/strong><\/h4>\n<p><strong>MALUJE:<\/strong> P\u0159i objedn\u00e1vce sta\u010d\u00ed do pozn\u00e1mky uv\u00e9st preferovanou barvu dle p\u0159ilo\u017een\u00e9ho vzorn\u00edku. Pokud m\u00e1te speci\u00e1ln\u00ed po\u017eadavky, nev\u00e1hejte se na n\u00e1s obr\u00e1tit, jsme tu pro v\u00e1s, abychom v\u00e1m pomohli vybrat ten spr\u00e1vn\u00fd kousek, kter\u00fd dokonale zapadne do va\u0161eho domova.<\/p>\n<p><strong>Po\u010d\u00edtejte s dodac\u00ed lh\u016ftou 5-15 pracovn\u00edch dn\u016f, pokud nem\u00e1me produkt \u0161it\u00fd skladem, ru\u010dn\u00ed pr\u00e1ce vy\u017eaduje n\u00e1\u0161 \u010das. Ln\u011bn\u00e9 v\u00fdrobky \u0161ijeme v na\u0161\u00ed d\u00edln\u011b dle Va\u0161eho p\u0159\u00e1n\u00ed a na m\u00edru v z\u00e1vislosti na konkr\u00e9tn\u00edm v\u00fdrobku.<\/strong><\/p>\n","protected":false},"excerpt":{"rendered":"<p>Jsme hrd\u00ed na to, \u017ee na\u0161e v\u00fdroba je zalo\u017eena na udr\u017eiteln\u00fdch postupech a \u017ee jsme sou\u010d\u00e1st\u00ed hnut\u00ed za bezodpadov\u00fd \u017eivot. S na\u0161imi ln\u011bn\u00fdmi ubrousky v\u00e1m p\u0159in\u00e1\u0161\u00edme nejen kousek elegance do va\u0161eho domova, ale tak\u00e9 p\u0159\u00edle\u017eitost podpo\u0159it ekologicky uv\u011bdom\u011bl\u00e1 rozhodnut\u00ed ve va\u0161em ka\u017edodenn\u00edm \u017eivot\u011b. P\u0159i stolov\u00e1n\u00ed si u\u017eijete estetick\u00fd z\u00e1\u017eitek. P\u0159irozen\u00e1 schopnost lnu absorbovat vlhkost a jemn\u00e1 textura vytv\u00e1\u0159ej\u00ed ide\u00e1ln\u00ed prost\u0159ed\u00ed pro p\u0159\u00edjemn\u00e9 j\u00eddlo a p\u0159\u00edjemn\u00e9 chv\u00edle str\u00e1ven\u00e9 s rodinou a p\u0159\u00e1teli.<\/p>\n","protected":false},"featured_media":6827,"template":"","meta":[],"product_brand":[],"product_cat":[351],"product_tag":[362],"class_list":{"0":"post-13256","1":"product","2":"type-product","3":"status-publish","4":"has-post-thumbnail","6":"product_cat-lnene-ubrusy-a-prostirani","7":"product_tag-lneny-ubrousek","9":"first","10":"onbackorder","11":"shipping-taxable","12":"purchasable","13":"product-type-variable"},"yoast_head":"<!-- This site is optimized with the Yoast SEO plugin v27.4 - https:\/\/yoast.com\/product\/yoast-seo-wordpress\/ -->\n<title>Ln\u011bn\u00e9 ubrousky &#8226; Lanaja-slovensk\u00e1 udr\u017eiteln\u00e1 zna\u010dka a v\u00fdrobce ln\u011bn\u00e9ho textilu<\/title>\n<meta name=\"description\" content=\"Ln\u011bn\u00e9 ubrousky jsou \u0161it\u00e9 ze 100% p\u0159edepran\u00e9ho m\u011bk\u010den\u00e9ho lnu vysok\u00e9 gram\u00e1\u017ee, jsou ide\u00e1ln\u00edm m\u00edstem pro pap\u00edrov\u00e9 ubrousky a ubrousky, nejen \u017ee vypadaj\u00ed elegantn\u011bji\" \/>\n<meta name=\"robots\" content=\"index, follow, max-snippet:-1, max-image-preview:large, max-video-preview:-1\" \/>\n<link rel=\"canonical\" href=\"https:\/\/lanaja.sk\/cs\/obchod\/lnene-ubrousky\/\" \/>\n<meta property=\"og:locale\" content=\"cs_CZ\" \/>\n<meta property=\"og:type\" content=\"article\" \/>\n<meta property=\"og:title\" content=\"Ln\u011bn\u00e9 ubrousky &#8226; Lanaja-slovensk\u00e1 udr\u017eiteln\u00e1 zna\u010dka a v\u00fdrobce ln\u011bn\u00e9ho textilu\" \/>\n<meta property=\"og:description\" content=\"Ln\u011bn\u00e9 ubrousky jsou \u0161it\u00e9 ze 100% p\u0159edepran\u00e9ho m\u011bk\u010den\u00e9ho lnu vysok\u00e9 gram\u00e1\u017ee, jsou ide\u00e1ln\u00edm m\u00edstem pro pap\u00edrov\u00e9 ubrousky a ubrousky, nejen \u017ee vypadaj\u00ed elegantn\u011bji\" \/>\n<meta property=\"og:url\" content=\"https:\/\/lanaja.sk\/cs\/obchod\/lnene-ubrousky\/\" \/>\n<meta property=\"og:site_name\" content=\"Lanaja-slovensk\u00e1 udr\u017eiteln\u00e1 zna\u010dka a v\u00fdrobce ln\u011bn\u00e9ho textilu\" \/>\n<meta property=\"article:publisher\" content=\"https:\/\/www.facebook.com\/Abreadbag\" \/>\n<meta property=\"og:image\" content=\"https:\/\/lanaja.sk\/wp-content\/uploads\/2019\/10\/lanove-obrusky-e1586806398789-jpg.webp\" \/>\n\t<meta property=\"og:image:width\" content=\"900\" \/>\n\t<meta property=\"og:image:height\" content=\"509\" \/>\n\t<meta property=\"og:image:type\" content=\"image\/jpeg\" \/>\n<meta name=\"twitter:card\" content=\"summary_large_image\" \/>\n<meta name=\"twitter:label1\" content=\"Odhadovan\u00e1 doba \u010dten\u00ed\" \/>\n\t<meta name=\"twitter:data1\" content=\"2 minuty\" \/>\n<script type=\"application\/ld+json\" class=\"yoast-schema-graph\">{\"@context\":\"https:\\\/\\\/schema.org\",\"@graph\":[{\"@type\":\"WebPage\",\"@id\":\"https:\\\/\\\/lanaja.sk\\\/cs\\\/obchod\\\/lnene-ubrousky\\\/\",\"url\":\"https:\\\/\\\/lanaja.sk\\\/cs\\\/obchod\\\/lnene-ubrousky\\\/\",\"name\":\"Ln\u011bn\u00e9 ubrousky &#8226; Lanaja-slovensk\u00e1 udr\u017eiteln\u00e1 zna\u010dka a v\u00fdrobce ln\u011bn\u00e9ho textilu\",\"isPartOf\":{\"@id\":\"https:\\\/\\\/lanaja.sk\\\/cs\\\/#website\"},\"primaryImageOfPage\":{\"@id\":\"https:\\\/\\\/lanaja.sk\\\/cs\\\/obchod\\\/lnene-ubrousky\\\/#primaryimage\"},\"image\":{\"@id\":\"https:\\\/\\\/lanaja.sk\\\/cs\\\/obchod\\\/lnene-ubrousky\\\/#primaryimage\"},\"thumbnailUrl\":\"https:\\\/\\\/lanaja.sk\\\/wp-content\\\/uploads\\\/2019\\\/10\\\/lanove-obrusky-e1586806398789-jpg.webp\",\"datePublished\":\"2019-10-02T17:13:49+00:00\",\"description\":\"Ln\u011bn\u00e9 ubrousky jsou \u0161it\u00e9 ze 100% p\u0159edepran\u00e9ho m\u011bk\u010den\u00e9ho lnu vysok\u00e9 gram\u00e1\u017ee, jsou ide\u00e1ln\u00edm m\u00edstem pro pap\u00edrov\u00e9 ubrousky a ubrousky, nejen \u017ee vypadaj\u00ed elegantn\u011bji\",\"breadcrumb\":{\"@id\":\"https:\\\/\\\/lanaja.sk\\\/cs\\\/obchod\\\/lnene-ubrousky\\\/#breadcrumb\"},\"inLanguage\":\"cs\",\"potentialAction\":[{\"@type\":\"ReadAction\",\"target\":[\"https:\\\/\\\/lanaja.sk\\\/cs\\\/obchod\\\/lnene-ubrousky\\\/\"]}]},{\"@type\":\"ImageObject\",\"inLanguage\":\"cs\",\"@id\":\"https:\\\/\\\/lanaja.sk\\\/cs\\\/obchod\\\/lnene-ubrousky\\\/#primaryimage\",\"url\":\"https:\\\/\\\/lanaja.sk\\\/wp-content\\\/uploads\\\/2019\\\/10\\\/lanove-obrusky-e1586806398789-jpg.webp\",\"contentUrl\":\"https:\\\/\\\/lanaja.sk\\\/wp-content\\\/uploads\\\/2019\\\/10\\\/lanove-obrusky-e1586806398789-jpg.webp\",\"width\":900,\"height\":509,\"caption\":\"\u013eanov\u00e9 prestieranie\"},{\"@type\":\"BreadcrumbList\",\"@id\":\"https:\\\/\\\/lanaja.sk\\\/cs\\\/obchod\\\/lnene-ubrousky\\\/#breadcrumb\",\"itemListElement\":[{\"@type\":\"ListItem\",\"position\":1,\"name\":\"Home\",\"item\":\"https:\\\/\\\/lanaja.sk\\\/cs\\\/\"},{\"@type\":\"ListItem\",\"position\":2,\"name\":\"Obchod\",\"item\":\"https:\\\/\\\/lanaja.sk\\\/cs\\\/obchod-cz\\\/\"},{\"@type\":\"ListItem\",\"position\":3,\"name\":\"Ln\u011bn\u00e9 ubrousky\"}]},{\"@type\":\"WebSite\",\"@id\":\"https:\\\/\\\/lanaja.sk\\\/cs\\\/#website\",\"url\":\"https:\\\/\\\/lanaja.sk\\\/cs\\\/\",\"name\":\"Lanaja - bytov\u00fd textil z \u013eanu a \u013eanov\u00e9 v\u00fdrobky\",\"description\":\"Jedine\u010dn\u00fd bytov\u00fd textil, ln\u011bn\u00e9 pytl\u00edky, ln\u011bn\u00e9 ubrusy, ln\u011bn\u00e9 lo\u017en\u00ed povle\u010den\u00ed, ln\u011bn\u00e9 ut\u011brky, ln\u011bn\u00e9 prost\u00edr\u00e1n\u00ed vyroben\u00e9 a \u0161it\u00e9 na Slovensku\",\"publisher\":{\"@id\":\"https:\\\/\\\/lanaja.sk\\\/cs\\\/#organization\"},\"alternateName\":\"Lanaja - v\u00fdrobky z \u013eanu, \u013eanov\u00fd bytov\u00fd textil\",\"potentialAction\":[{\"@type\":\"SearchAction\",\"target\":{\"@type\":\"EntryPoint\",\"urlTemplate\":\"https:\\\/\\\/lanaja.sk\\\/cs\\\/?s={search_term_string}\"},\"query-input\":{\"@type\":\"PropertyValueSpecification\",\"valueRequired\":true,\"valueName\":\"search_term_string\"}}],\"inLanguage\":\"cs\"},{\"@type\":\"Organization\",\"@id\":\"https:\\\/\\\/lanaja.sk\\\/cs\\\/#organization\",\"name\":\"Lanaja\",\"alternateName\":\"Al\u017ebeta Andr\u00e1\u0161ikov\u00e1 - Lanaja\",\"url\":\"https:\\\/\\\/lanaja.sk\\\/cs\\\/\",\"logo\":{\"@type\":\"ImageObject\",\"inLanguage\":\"cs\",\"@id\":\"https:\\\/\\\/lanaja.sk\\\/cs\\\/#\\\/schema\\\/logo\\\/image\\\/\",\"url\":\"https:\\\/\\\/lanaja.sk\\\/wp-content\\\/uploads\\\/2024\\\/01\\\/Lanaja.sk-logo.png\",\"contentUrl\":\"https:\\\/\\\/lanaja.sk\\\/wp-content\\\/uploads\\\/2024\\\/01\\\/Lanaja.sk-logo.png\",\"width\":600,\"height\":300,\"caption\":\"Lanaja\"},\"image\":{\"@id\":\"https:\\\/\\\/lanaja.sk\\\/cs\\\/#\\\/schema\\\/logo\\\/image\\\/\"},\"sameAs\":[\"https:\\\/\\\/www.facebook.com\\\/Abreadbag\",\"https:\\\/\\\/www.instagram.com\\\/lanaja_sk\\\/\"]}]}<\/script>\n<!-- \/ Yoast SEO plugin. -->","yoast_head_json":{"title":"Ln\u011bn\u00e9 ubrousky &#8226; Lanaja-slovensk\u00e1 udr\u017eiteln\u00e1 zna\u010dka a v\u00fdrobce ln\u011bn\u00e9ho textilu","description":"Ln\u011bn\u00e9 ubrousky jsou \u0161it\u00e9 ze 100% p\u0159edepran\u00e9ho m\u011bk\u010den\u00e9ho lnu vysok\u00e9 gram\u00e1\u017ee, jsou ide\u00e1ln\u00edm m\u00edstem pro pap\u00edrov\u00e9 ubrousky a ubrousky, nejen \u017ee vypadaj\u00ed elegantn\u011bji","robots":{"index":"index","follow":"follow","max-snippet":"max-snippet:-1","max-image-preview":"max-image-preview:large","max-video-preview":"max-video-preview:-1"},"canonical":"https:\/\/lanaja.sk\/cs\/obchod\/lnene-ubrousky\/","og_locale":"cs_CZ","og_type":"article","og_title":"Ln\u011bn\u00e9 ubrousky &#8226; Lanaja-slovensk\u00e1 udr\u017eiteln\u00e1 zna\u010dka a v\u00fdrobce ln\u011bn\u00e9ho textilu","og_description":"Ln\u011bn\u00e9 ubrousky jsou \u0161it\u00e9 ze 100% p\u0159edepran\u00e9ho m\u011bk\u010den\u00e9ho lnu vysok\u00e9 gram\u00e1\u017ee, jsou ide\u00e1ln\u00edm m\u00edstem pro pap\u00edrov\u00e9 ubrousky a ubrousky, nejen \u017ee vypadaj\u00ed elegantn\u011bji","og_url":"https:\/\/lanaja.sk\/cs\/obchod\/lnene-ubrousky\/","og_site_name":"Lanaja-slovensk\u00e1 udr\u017eiteln\u00e1 zna\u010dka a v\u00fdrobce ln\u011bn\u00e9ho textilu","article_publisher":"https:\/\/www.facebook.com\/Abreadbag","og_image":[{"width":900,"height":509,"url":"https:\/\/lanaja.sk\/wp-content\/uploads\/2019\/10\/lanove-obrusky-e1586806398789-jpg.webp","type":"image\/jpeg"}],"twitter_card":"summary_large_image","twitter_misc":{"Odhadovan\u00e1 doba \u010dten\u00ed":"2 minuty"},"schema":{"@context":"https:\/\/schema.org","@graph":[{"@type":"WebPage","@id":"https:\/\/lanaja.sk\/cs\/obchod\/lnene-ubrousky\/","url":"https:\/\/lanaja.sk\/cs\/obchod\/lnene-ubrousky\/","name":"Ln\u011bn\u00e9 ubrousky &#8226; Lanaja-slovensk\u00e1 udr\u017eiteln\u00e1 zna\u010dka a v\u00fdrobce ln\u011bn\u00e9ho textilu","isPartOf":{"@id":"https:\/\/lanaja.sk\/cs\/#website"},"primaryImageOfPage":{"@id":"https:\/\/lanaja.sk\/cs\/obchod\/lnene-ubrousky\/#primaryimage"},"image":{"@id":"https:\/\/lanaja.sk\/cs\/obchod\/lnene-ubrousky\/#primaryimage"},"thumbnailUrl":"https:\/\/lanaja.sk\/wp-content\/uploads\/2019\/10\/lanove-obrusky-e1586806398789-jpg.webp","datePublished":"2019-10-02T17:13:49+00:00","description":"Ln\u011bn\u00e9 ubrousky jsou \u0161it\u00e9 ze 100% p\u0159edepran\u00e9ho m\u011bk\u010den\u00e9ho lnu vysok\u00e9 gram\u00e1\u017ee, jsou ide\u00e1ln\u00edm m\u00edstem pro pap\u00edrov\u00e9 ubrousky a ubrousky, nejen \u017ee vypadaj\u00ed elegantn\u011bji","breadcrumb":{"@id":"https:\/\/lanaja.sk\/cs\/obchod\/lnene-ubrousky\/#breadcrumb"},"inLanguage":"cs","potentialAction":[{"@type":"ReadAction","target":["https:\/\/lanaja.sk\/cs\/obchod\/lnene-ubrousky\/"]}]},{"@type":"ImageObject","inLanguage":"cs","@id":"https:\/\/lanaja.sk\/cs\/obchod\/lnene-ubrousky\/#primaryimage","url":"https:\/\/lanaja.sk\/wp-content\/uploads\/2019\/10\/lanove-obrusky-e1586806398789-jpg.webp","contentUrl":"https:\/\/lanaja.sk\/wp-content\/uploads\/2019\/10\/lanove-obrusky-e1586806398789-jpg.webp","width":900,"height":509,"caption":"\u013eanov\u00e9 prestieranie"},{"@type":"BreadcrumbList","@id":"https:\/\/lanaja.sk\/cs\/obchod\/lnene-ubrousky\/#breadcrumb","itemListElement":[{"@type":"ListItem","position":1,"name":"Home","item":"https:\/\/lanaja.sk\/cs\/"},{"@type":"ListItem","position":2,"name":"Obchod","item":"https:\/\/lanaja.sk\/cs\/obchod-cz\/"},{"@type":"ListItem","position":3,"name":"Ln\u011bn\u00e9 ubrousky"}]},{"@type":"WebSite","@id":"https:\/\/lanaja.sk\/cs\/#website","url":"https:\/\/lanaja.sk\/cs\/","name":"Lanaja - bytov\u00fd textil z \u013eanu a \u013eanov\u00e9 v\u00fdrobky","description":"Jedine\u010dn\u00fd bytov\u00fd textil, ln\u011bn\u00e9 pytl\u00edky, ln\u011bn\u00e9 ubrusy, ln\u011bn\u00e9 lo\u017en\u00ed povle\u010den\u00ed, ln\u011bn\u00e9 ut\u011brky, ln\u011bn\u00e9 prost\u00edr\u00e1n\u00ed vyroben\u00e9 a \u0161it\u00e9 na Slovensku","publisher":{"@id":"https:\/\/lanaja.sk\/cs\/#organization"},"alternateName":"Lanaja - v\u00fdrobky z \u013eanu, \u013eanov\u00fd bytov\u00fd textil","potentialAction":[{"@type":"SearchAction","target":{"@type":"EntryPoint","urlTemplate":"https:\/\/lanaja.sk\/cs\/?s={search_term_string}"},"query-input":{"@type":"PropertyValueSpecification","valueRequired":true,"valueName":"search_term_string"}}],"inLanguage":"cs"},{"@type":"Organization","@id":"https:\/\/lanaja.sk\/cs\/#organization","name":"Lanaja","alternateName":"Al\u017ebeta Andr\u00e1\u0161ikov\u00e1 - Lanaja","url":"https:\/\/lanaja.sk\/cs\/","logo":{"@type":"ImageObject","inLanguage":"cs","@id":"https:\/\/lanaja.sk\/cs\/#\/schema\/logo\/image\/","url":"https:\/\/lanaja.sk\/wp-content\/uploads\/2024\/01\/Lanaja.sk-logo.png","contentUrl":"https:\/\/lanaja.sk\/wp-content\/uploads\/2024\/01\/Lanaja.sk-logo.png","width":600,"height":300,"caption":"Lanaja"},"image":{"@id":"https:\/\/lanaja.sk\/cs\/#\/schema\/logo\/image\/"},"sameAs":["https:\/\/www.facebook.com\/Abreadbag","https:\/\/www.instagram.com\/lanaja_sk\/"]}]}},"_links":{"self":[{"href":"https:\/\/lanaja.sk\/cs\/wp-json\/wp\/v2\/product\/13256","targetHints":{"allow":["GET"]}}],"collection":[{"href":"https:\/\/lanaja.sk\/cs\/wp-json\/wp\/v2\/product"}],"about":[{"href":"https:\/\/lanaja.sk\/cs\/wp-json\/wp\/v2\/types\/product"}],"version-history":[{"count":0,"href":"https:\/\/lanaja.sk\/cs\/wp-json\/wp\/v2\/product\/13256\/revisions"}],"wp:featuredmedia":[{"embeddable":true,"href":"https:\/\/lanaja.sk\/cs\/wp-json\/wp\/v2\/media\/6827"}],"wp:attachment":[{"href":"https:\/\/lanaja.sk\/cs\/wp-json\/wp\/v2\/media?parent=13256"}],"wp:term":[{"taxonomy":"product_brand","embeddable":true,"href":"https:\/\/lanaja.sk\/cs\/wp-json\/wp\/v2\/product_brand?post=13256"},{"taxonomy":"product_cat","embeddable":true,"href":"https:\/\/lanaja.sk\/cs\/wp-json\/wp\/v2\/product_cat?post=13256"},{"taxonomy":"product_tag","embeddable":true,"href":"https:\/\/lanaja.sk\/cs\/wp-json\/wp\/v2\/product_tag?post=13256"}],"curies":[{"name":"wp","href":"https:\/\/api.w.org\/{rel}","templated":true}]}}