{"id":13257,"date":"2025-03-08T17:28:06","date_gmt":"2025-03-08T16:28:06","guid":{"rendered":"https:\/\/lanaja.sk\/obchod\/neza\u0159azen\u00e9\/prirodni-lneny-ubrus\/"},"modified":"2025-07-28T19:51:46","modified_gmt":"2025-07-28T17:51:46","slug":"prirodni-lneny-ubrus","status":"publish","type":"product","link":"https:\/\/lanaja.sk\/cs\/obchod\/prirodni-lneny-ubrus\/","title":{"rendered":"P\u0159\u00edrodn\u00ed ln\u011bn\u00fd ubrus"},"content":{"rendered":"<h2><strong>P\u0159\u00edrodn\u00ed ln\u011bn\u00fd ubrus<\/strong><\/h2>\n<p><strong>Hled\u00e1te elegantn\u00ed a ekologick\u00fd ubrus, kter\u00fd vydr\u017e\u00ed roky? <\/strong>P\u0159\u00edrodn\u00ed ln\u011bn\u00fd ubrus od n\u00e1s je perfektn\u00ed volbou! \u0160it\u00fd z m\u011bk\u010den\u00e9ho p\u0159edepran\u00e9ho lnu je nejen kr\u00e1sn\u00fd, ale tak\u00e9 odoln\u00fd a praktick\u00fd.<\/p>\n<h4 data-sourcepos=\"5:1-5:33\"><strong>Pro\u010d zvolit ln\u011bn\u00fd ubrus?<\/strong><\/h4>\n<p><strong>Ekologick\u00e9:<\/strong> Len je p\u0159\u00edrodn\u00ed materi\u00e1l, kter\u00fd se p\u011bstuje bez pou\u017eit\u00ed pesticid\u016f a zavla\u017eov\u00e1n\u00ed. Jedn\u00e1 se o obnoviteln\u00fd zdroj a je pln\u011b biologicky odbourateln\u00fd.<\/p>\n<p><strong>Odoln\u00fd:<\/strong> Len je pevn\u00e9 vl\u00e1kno, tak\u017ee ubrus vydr\u017e\u00ed roky i p\u0159i ka\u017edodenn\u00edm pou\u017e\u00edv\u00e1n\u00ed.<\/p>\n<p><strong>Praktick\u00fd:<\/strong> sav\u00fd a rychleschnouc\u00ed ubrus je ide\u00e1ln\u00ed pro prost\u00edr\u00e1n\u00ed stolu p\u0159i j\u00eddle a pit\u00ed.<\/p>\n<p><strong>Elegantn\u00ed:<\/strong> m\u00e1 p\u0159irozen\u011b kr\u00e1snou texturu a vzhled, kter\u00fd dod\u00e1 va\u0161emu stolov\u00e1n\u00ed n\u00e1dech luxusu.<\/p>\n<p><strong>Jedine\u010dn\u00fd:<\/strong> Ka\u017ed\u00fd ln\u011bn\u00fd ubrus je jedine\u010dn\u00fd kus, proto\u017ee ln\u011bn\u00e1 vl\u00e1kna nelze obarvit na 100%. Na ubrusu se proto m\u016f\u017ee vyskytnout jemn\u00e1 mel\u00edrovanost, kter\u00e1 je charakteristick\u00e1 pro tento materi\u00e1l.<\/p>\n<h4 data-sourcepos=\"5:1-5:47\"><strong>Len: Starobyl\u00fd materi\u00e1l s modern\u00edm vyu\u017eit\u00edm<\/strong><\/h4>\n<p data-sourcepos=\"7:1-7:300\">Len se p\u011bstuje ji\u017e od starov\u011bku a je zn\u00e1m\u00fd sv\u00fdmi v\u00fdjime\u010dn\u00fdmi vlastnostmi. Je pevn\u00fd, odoln\u00fd a prody\u0161n\u00fd z\u00e1rove\u0148. Ln\u011bn\u00e9 ubrusy jsou proto ide\u00e1ln\u00ed pro ka\u017edodenn\u00ed pou\u017eit\u00ed. Snadno se \u010dist\u00ed a rychle schnou. Len m\u00e1 nav\u00edc p\u0159irozen\u00e9 antibakteri\u00e1ln\u00ed vlastnosti, tak\u017ee je hygienick\u00fd a vhodn\u00fd i pro alergiky.<\/p>\n<h4 data-sourcepos=\"13:1-13:21\"><strong>N\u00e1\u0161 p\u0159\u00edrodn\u00ed ln\u011bn\u00fd ubrus:<\/strong><\/h4>\n<p>Je \u0161it\u00fd z m\u011bk\u010den\u00e9ho p\u0159edepran\u00e9ho lnu v p\u0159\u00edrodn\u00ed barv\u011b.<\/p>\n<p>Je p\u0159edepran\u00fd na 40 \u00b0 C, tak\u017ee se nen\u00ed t\u0159eba ob\u00e1vat jeho sr\u00e1\u017een\u00ed.<\/p>\n<p>M\u00e1 p\u0159irozenou ma\u010dkavost, kter\u00e1 je typick\u00e1 pro len.<\/p>\n<p>Je k dispozici v r\u016fzn\u00fdch velikostech.<\/p>\n<p>M\u016f\u017eete si ho objednat i na m\u00edru.<\/p>\n<h4 data-sourcepos=\"21:1-21:10\"><strong>Bonus:<\/strong><\/h4>\n<ul data-sourcepos=\"23:1-25:0\">\n<li data-sourcepos=\"23:1-23:73\">V\u0161echny na\u0161e produkty jsou kr\u00e1sn\u011b zabalen\u00e9, tak\u017ee je m\u016f\u017eete rovnou darovat.<\/li>\n<li data-sourcepos=\"24:1-25:0\">Ln\u011bn\u00fd ubrus m\u016f\u017eete kombinovat s na\u0161imi <a href=\"https:\/\/lanaja.sk\/cs\/obchod\/kuchyne\/lnene-ubrusy-a-prostirani\/lnene-ubrousky-2\/\" rel=\"noopener\">ln\u011bn\u00fdmi ubrousky<\/a> a prost\u00edr\u00e1n\u00edm.<\/li>\n<\/ul>\n<h4 data-sourcepos=\"26:1-26:75\"><strong>Investujte do ln\u011bn\u00e9ho ubrusu a dop\u0159ejte si kr\u00e1su a funk\u010dnost v jednom!<\/strong><\/h4>\n<p>Ln\u011bn\u00fd ubrus je nejen praktick\u00fdm dopl\u0148kem va\u0161\u00ed kuchyn\u011b, ale tak\u00e9 symbolem tradice a \u0159emesla. Ka\u017ed\u00fd ubrus je u\u0161it s l\u00e1skou a p\u00e9\u010d\u00ed z kvalitn\u00edho lnu. Kdy\u017e si koup\u00edte ln\u011bn\u00fd ubrus, investujete do kousku, kter\u00fd v\u00e1m bude p\u0159in\u00e1\u0161et radost po mnoho let.<\/p>\n<p><strong>Po\u010d\u00edtejte s dodac\u00ed lh\u016ftou 5-15 pracovn\u00edch dn\u016f, pokud nem\u00e1me produkt \u0161it\u00fd skladem, ru\u010dn\u00ed pr\u00e1ce vy\u017eaduje n\u00e1\u0161 \u010das. Ln\u011bn\u00e9 v\u00fdrobky \u0161ijeme v na\u0161\u00ed d\u00edln\u011b dle Va\u0161eho p\u0159\u00e1n\u00ed a na m\u00edru v z\u00e1vislosti na konkr\u00e9tn\u00edm v\u00fdrobku.<\/strong><\/p>\n<p>Foto: <strong><a href=\"https:\/\/www.instagram.com\/vladkaturcok\/?hl=en\" target=\"_blank\" rel=\"noopener\">Vla\u010fka Tur\u010dok<\/a> a <a href=\"https:\/\/turcokmarek.co\/?fbclid=IwAR29l5f7KKn9LyRgD5ODComIa_94mitC3TKdbRMorP_V_cn23OoWeN98Xb4\" target=\"_blank\" rel=\"noopener\">Marek Tur\u010dok<\/a><\/strong><\/p>\n","protected":false},"excerpt":{"rendered":"<p><strong>Na\u0161e ln\u011bn\u00e9 ubrusy v\u00e1m u\u0161ijeme na m\u00edru a pe\u010dliv\u011b vypereme, <\/strong>proto se v\u00e1m u\u017e nezmen\u0161\u00ed, nesraz\u00ed a neztrat\u00ed sv\u016fj tvar po n\u011bkolika pran\u00edch. Vybrat si m\u016f\u017eete z r\u016fzn\u00fdch odst\u00edn\u016f a vzor\u016f, kter\u00e9 dokonale dopln\u00ed v\u00e1\u0161 interi\u00e9r a vnesou do n\u011bj p\u0159irozenou eleganci. Pokud j\u00eddeln\u00ed st\u016fl prost\u0159ete ln\u011bn\u00fdm ubrusem, dodaj\u00ed va\u0161emu p\u0159ipraven\u00e9mu j\u00eddlu atmosf\u00e9ru jednoduch\u00e9ho luxusu. Celkov\u011b jsou ln\u011bn\u00e9 ubrusy &#8222;um\u011blci&#8220; samy o sob\u011b, p\u0159in\u00e1\u0161ej\u00ed do va\u0161eho domova p\u0159\u00edrodu, jednoduchost a autenticitu svou p\u0159irozenou v\u016fn\u00ed a texturou. Jsou to neoby\u010dejn\u00e9 textiln\u00ed klenoty, kter\u00e9 o\u017eiv\u00ed v\u00e1\u0161 interi\u00e9r a z\u00e1rove\u0148 p\u0159isp\u00edvaj\u00ed k udr\u017eitelnosti s pou\u017eit\u00edm p\u0159\u00edrodn\u00edch materi\u00e1l\u016f.<\/p>\n","protected":false},"featured_media":7241,"template":"","meta":[],"product_brand":[],"product_cat":[351],"product_tag":[352],"class_list":{"0":"post-13257","1":"product","2":"type-product","3":"status-publish","4":"has-post-thumbnail","6":"product_cat-lnene-ubrusy-a-prostirani","7":"product_tag-lneny-ubrus","9":"first","10":"onbackorder","11":"purchasable","12":"product-type-variable"},"yoast_head":"<!-- This site is optimized with the Yoast SEO plugin v27.4 - https:\/\/yoast.com\/product\/yoast-seo-wordpress\/ -->\n<title>P\u0159\u00edrodn\u00ed ln\u011bn\u00fd ubrus &#8226; Lanaja-slovensk\u00e1 udr\u017eiteln\u00e1 zna\u010dka a v\u00fdrobce ln\u011bn\u00e9ho textilu<\/title>\n<meta name=\"description\" content=\"P\u0159\u00edrodn\u00ed ln\u011bn\u00fd ubrus je u\u0161it\u00fd ze 100% lnu, je tou pravou dekorac\u00ed pro v\u00e1\u0161 domov. M\u016f\u017eeme v\u00e1m ho tak\u00e9 u\u0161\u00edt na m\u00edru\" \/>\n<meta name=\"robots\" content=\"index, follow, max-snippet:-1, max-image-preview:large, max-video-preview:-1\" \/>\n<link rel=\"canonical\" href=\"https:\/\/lanaja.sk\/cs\/obchod\/prirodni-lneny-ubrus\/\" \/>\n<meta property=\"og:locale\" content=\"cs_CZ\" \/>\n<meta property=\"og:type\" content=\"article\" \/>\n<meta property=\"og:title\" content=\"P\u0159\u00edrodn\u00ed ln\u011bn\u00fd ubrus &#8226; Lanaja-slovensk\u00e1 udr\u017eiteln\u00e1 zna\u010dka a v\u00fdrobce ln\u011bn\u00e9ho textilu\" \/>\n<meta property=\"og:description\" content=\"P\u0159\u00edrodn\u00ed ln\u011bn\u00fd ubrus je u\u0161it\u00fd ze 100% lnu, je tou pravou dekorac\u00ed pro v\u00e1\u0161 domov. M\u016f\u017eeme v\u00e1m ho tak\u00e9 u\u0161\u00edt na m\u00edru\" \/>\n<meta property=\"og:url\" content=\"https:\/\/lanaja.sk\/cs\/obchod\/prirodni-lneny-ubrus\/\" \/>\n<meta property=\"og:site_name\" content=\"Lanaja-slovensk\u00e1 udr\u017eiteln\u00e1 zna\u010dka a v\u00fdrobce ln\u011bn\u00e9ho textilu\" \/>\n<meta property=\"article:publisher\" content=\"https:\/\/www.facebook.com\/Abreadbag\" \/>\n<meta property=\"article:modified_time\" content=\"2025-07-28T17:51:46+00:00\" \/>\n<meta property=\"og:image\" content=\"https:\/\/lanaja.sk\/wp-content\/uploads\/2018\/03\/Abreadbag-0-scaled-e1643907819710-jpg.webp\" \/>\n\t<meta property=\"og:image:width\" content=\"567\" \/>\n\t<meta property=\"og:image:height\" content=\"850\" \/>\n\t<meta property=\"og:image:type\" content=\"image\/jpeg\" \/>\n<meta name=\"twitter:card\" content=\"summary_large_image\" \/>\n<meta name=\"twitter:label1\" content=\"Odhadovan\u00e1 doba \u010dten\u00ed\" \/>\n\t<meta name=\"twitter:data1\" content=\"2 minuty\" \/>\n<script type=\"application\/ld+json\" class=\"yoast-schema-graph\">{\"@context\":\"https:\\\/\\\/schema.org\",\"@graph\":[{\"@type\":\"WebPage\",\"@id\":\"https:\\\/\\\/lanaja.sk\\\/cs\\\/obchod\\\/prirodni-lneny-ubrus\\\/\",\"url\":\"https:\\\/\\\/lanaja.sk\\\/cs\\\/obchod\\\/prirodni-lneny-ubrus\\\/\",\"name\":\"P\u0159\u00edrodn\u00ed ln\u011bn\u00fd ubrus &#8226; Lanaja-slovensk\u00e1 udr\u017eiteln\u00e1 zna\u010dka a v\u00fdrobce ln\u011bn\u00e9ho textilu\",\"isPartOf\":{\"@id\":\"https:\\\/\\\/lanaja.sk\\\/cs\\\/#website\"},\"primaryImageOfPage\":{\"@id\":\"https:\\\/\\\/lanaja.sk\\\/cs\\\/obchod\\\/prirodni-lneny-ubrus\\\/#primaryimage\"},\"image\":{\"@id\":\"https:\\\/\\\/lanaja.sk\\\/cs\\\/obchod\\\/prirodni-lneny-ubrus\\\/#primaryimage\"},\"thumbnailUrl\":\"https:\\\/\\\/lanaja.sk\\\/wp-content\\\/uploads\\\/2018\\\/03\\\/Abreadbag-0-scaled-e1643907819710-jpg.webp\",\"datePublished\":\"2025-03-08T16:28:06+00:00\",\"dateModified\":\"2025-07-28T17:51:46+00:00\",\"description\":\"P\u0159\u00edrodn\u00ed ln\u011bn\u00fd ubrus je u\u0161it\u00fd ze 100% lnu, je tou pravou dekorac\u00ed pro v\u00e1\u0161 domov. M\u016f\u017eeme v\u00e1m ho tak\u00e9 u\u0161\u00edt na m\u00edru\",\"breadcrumb\":{\"@id\":\"https:\\\/\\\/lanaja.sk\\\/cs\\\/obchod\\\/prirodni-lneny-ubrus\\\/#breadcrumb\"},\"inLanguage\":\"cs\",\"potentialAction\":[{\"@type\":\"ReadAction\",\"target\":[\"https:\\\/\\\/lanaja.sk\\\/cs\\\/obchod\\\/prirodni-lneny-ubrus\\\/\"]}]},{\"@type\":\"ImageObject\",\"inLanguage\":\"cs\",\"@id\":\"https:\\\/\\\/lanaja.sk\\\/cs\\\/obchod\\\/prirodni-lneny-ubrus\\\/#primaryimage\",\"url\":\"https:\\\/\\\/lanaja.sk\\\/wp-content\\\/uploads\\\/2018\\\/03\\\/Abreadbag-0-scaled-e1643907819710-jpg.webp\",\"contentUrl\":\"https:\\\/\\\/lanaja.sk\\\/wp-content\\\/uploads\\\/2018\\\/03\\\/Abreadbag-0-scaled-e1643907819710-jpg.webp\",\"width\":567,\"height\":850,\"caption\":\"kuchynsk\u00fd obrus\"},{\"@type\":\"BreadcrumbList\",\"@id\":\"https:\\\/\\\/lanaja.sk\\\/cs\\\/obchod\\\/prirodni-lneny-ubrus\\\/#breadcrumb\",\"itemListElement\":[{\"@type\":\"ListItem\",\"position\":1,\"name\":\"Home\",\"item\":\"https:\\\/\\\/lanaja.sk\\\/cs\\\/\"},{\"@type\":\"ListItem\",\"position\":2,\"name\":\"Obchod\",\"item\":\"https:\\\/\\\/lanaja.sk\\\/cs\\\/obchod-cz\\\/\"},{\"@type\":\"ListItem\",\"position\":3,\"name\":\"P\u0159\u00edrodn\u00ed ln\u011bn\u00fd ubrus\"}]},{\"@type\":\"WebSite\",\"@id\":\"https:\\\/\\\/lanaja.sk\\\/cs\\\/#website\",\"url\":\"https:\\\/\\\/lanaja.sk\\\/cs\\\/\",\"name\":\"Lanaja - bytov\u00fd textil z \u013eanu a \u013eanov\u00e9 v\u00fdrobky\",\"description\":\"Jedine\u010dn\u00fd bytov\u00fd textil, ln\u011bn\u00e9 pytl\u00edky, ln\u011bn\u00e9 ubrusy, ln\u011bn\u00e9 lo\u017en\u00ed povle\u010den\u00ed, ln\u011bn\u00e9 ut\u011brky, ln\u011bn\u00e9 prost\u00edr\u00e1n\u00ed vyroben\u00e9 a \u0161it\u00e9 na Slovensku\",\"publisher\":{\"@id\":\"https:\\\/\\\/lanaja.sk\\\/cs\\\/#organization\"},\"alternateName\":\"Lanaja - v\u00fdrobky z \u013eanu, \u013eanov\u00fd bytov\u00fd textil\",\"potentialAction\":[{\"@type\":\"SearchAction\",\"target\":{\"@type\":\"EntryPoint\",\"urlTemplate\":\"https:\\\/\\\/lanaja.sk\\\/cs\\\/?s={search_term_string}\"},\"query-input\":{\"@type\":\"PropertyValueSpecification\",\"valueRequired\":true,\"valueName\":\"search_term_string\"}}],\"inLanguage\":\"cs\"},{\"@type\":\"Organization\",\"@id\":\"https:\\\/\\\/lanaja.sk\\\/cs\\\/#organization\",\"name\":\"Lanaja\",\"alternateName\":\"Al\u017ebeta Andr\u00e1\u0161ikov\u00e1 - Lanaja\",\"url\":\"https:\\\/\\\/lanaja.sk\\\/cs\\\/\",\"logo\":{\"@type\":\"ImageObject\",\"inLanguage\":\"cs\",\"@id\":\"https:\\\/\\\/lanaja.sk\\\/cs\\\/#\\\/schema\\\/logo\\\/image\\\/\",\"url\":\"https:\\\/\\\/lanaja.sk\\\/wp-content\\\/uploads\\\/2024\\\/01\\\/Lanaja.sk-logo.png\",\"contentUrl\":\"https:\\\/\\\/lanaja.sk\\\/wp-content\\\/uploads\\\/2024\\\/01\\\/Lanaja.sk-logo.png\",\"width\":600,\"height\":300,\"caption\":\"Lanaja\"},\"image\":{\"@id\":\"https:\\\/\\\/lanaja.sk\\\/cs\\\/#\\\/schema\\\/logo\\\/image\\\/\"},\"sameAs\":[\"https:\\\/\\\/www.facebook.com\\\/Abreadbag\",\"https:\\\/\\\/www.instagram.com\\\/lanaja_sk\\\/\"]}]}<\/script>\n<!-- \/ Yoast SEO plugin. -->","yoast_head_json":{"title":"P\u0159\u00edrodn\u00ed ln\u011bn\u00fd ubrus &#8226; Lanaja-slovensk\u00e1 udr\u017eiteln\u00e1 zna\u010dka a v\u00fdrobce ln\u011bn\u00e9ho textilu","description":"P\u0159\u00edrodn\u00ed ln\u011bn\u00fd ubrus je u\u0161it\u00fd ze 100% lnu, je tou pravou dekorac\u00ed pro v\u00e1\u0161 domov. M\u016f\u017eeme v\u00e1m ho tak\u00e9 u\u0161\u00edt na m\u00edru","robots":{"index":"index","follow":"follow","max-snippet":"max-snippet:-1","max-image-preview":"max-image-preview:large","max-video-preview":"max-video-preview:-1"},"canonical":"https:\/\/lanaja.sk\/cs\/obchod\/prirodni-lneny-ubrus\/","og_locale":"cs_CZ","og_type":"article","og_title":"P\u0159\u00edrodn\u00ed ln\u011bn\u00fd ubrus &#8226; Lanaja-slovensk\u00e1 udr\u017eiteln\u00e1 zna\u010dka a v\u00fdrobce ln\u011bn\u00e9ho textilu","og_description":"P\u0159\u00edrodn\u00ed ln\u011bn\u00fd ubrus je u\u0161it\u00fd ze 100% lnu, je tou pravou dekorac\u00ed pro v\u00e1\u0161 domov. M\u016f\u017eeme v\u00e1m ho tak\u00e9 u\u0161\u00edt na m\u00edru","og_url":"https:\/\/lanaja.sk\/cs\/obchod\/prirodni-lneny-ubrus\/","og_site_name":"Lanaja-slovensk\u00e1 udr\u017eiteln\u00e1 zna\u010dka a v\u00fdrobce ln\u011bn\u00e9ho textilu","article_publisher":"https:\/\/www.facebook.com\/Abreadbag","article_modified_time":"2025-07-28T17:51:46+00:00","og_image":[{"width":567,"height":850,"url":"https:\/\/lanaja.sk\/wp-content\/uploads\/2018\/03\/Abreadbag-0-scaled-e1643907819710-jpg.webp","type":"image\/jpeg"}],"twitter_card":"summary_large_image","twitter_misc":{"Odhadovan\u00e1 doba \u010dten\u00ed":"2 minuty"},"schema":{"@context":"https:\/\/schema.org","@graph":[{"@type":"WebPage","@id":"https:\/\/lanaja.sk\/cs\/obchod\/prirodni-lneny-ubrus\/","url":"https:\/\/lanaja.sk\/cs\/obchod\/prirodni-lneny-ubrus\/","name":"P\u0159\u00edrodn\u00ed ln\u011bn\u00fd ubrus &#8226; Lanaja-slovensk\u00e1 udr\u017eiteln\u00e1 zna\u010dka a v\u00fdrobce ln\u011bn\u00e9ho textilu","isPartOf":{"@id":"https:\/\/lanaja.sk\/cs\/#website"},"primaryImageOfPage":{"@id":"https:\/\/lanaja.sk\/cs\/obchod\/prirodni-lneny-ubrus\/#primaryimage"},"image":{"@id":"https:\/\/lanaja.sk\/cs\/obchod\/prirodni-lneny-ubrus\/#primaryimage"},"thumbnailUrl":"https:\/\/lanaja.sk\/wp-content\/uploads\/2018\/03\/Abreadbag-0-scaled-e1643907819710-jpg.webp","datePublished":"2025-03-08T16:28:06+00:00","dateModified":"2025-07-28T17:51:46+00:00","description":"P\u0159\u00edrodn\u00ed ln\u011bn\u00fd ubrus je u\u0161it\u00fd ze 100% lnu, je tou pravou dekorac\u00ed pro v\u00e1\u0161 domov. M\u016f\u017eeme v\u00e1m ho tak\u00e9 u\u0161\u00edt na m\u00edru","breadcrumb":{"@id":"https:\/\/lanaja.sk\/cs\/obchod\/prirodni-lneny-ubrus\/#breadcrumb"},"inLanguage":"cs","potentialAction":[{"@type":"ReadAction","target":["https:\/\/lanaja.sk\/cs\/obchod\/prirodni-lneny-ubrus\/"]}]},{"@type":"ImageObject","inLanguage":"cs","@id":"https:\/\/lanaja.sk\/cs\/obchod\/prirodni-lneny-ubrus\/#primaryimage","url":"https:\/\/lanaja.sk\/wp-content\/uploads\/2018\/03\/Abreadbag-0-scaled-e1643907819710-jpg.webp","contentUrl":"https:\/\/lanaja.sk\/wp-content\/uploads\/2018\/03\/Abreadbag-0-scaled-e1643907819710-jpg.webp","width":567,"height":850,"caption":"kuchynsk\u00fd obrus"},{"@type":"BreadcrumbList","@id":"https:\/\/lanaja.sk\/cs\/obchod\/prirodni-lneny-ubrus\/#breadcrumb","itemListElement":[{"@type":"ListItem","position":1,"name":"Home","item":"https:\/\/lanaja.sk\/cs\/"},{"@type":"ListItem","position":2,"name":"Obchod","item":"https:\/\/lanaja.sk\/cs\/obchod-cz\/"},{"@type":"ListItem","position":3,"name":"P\u0159\u00edrodn\u00ed ln\u011bn\u00fd ubrus"}]},{"@type":"WebSite","@id":"https:\/\/lanaja.sk\/cs\/#website","url":"https:\/\/lanaja.sk\/cs\/","name":"Lanaja - bytov\u00fd textil z \u013eanu a \u013eanov\u00e9 v\u00fdrobky","description":"Jedine\u010dn\u00fd bytov\u00fd textil, ln\u011bn\u00e9 pytl\u00edky, ln\u011bn\u00e9 ubrusy, ln\u011bn\u00e9 lo\u017en\u00ed povle\u010den\u00ed, ln\u011bn\u00e9 ut\u011brky, ln\u011bn\u00e9 prost\u00edr\u00e1n\u00ed vyroben\u00e9 a \u0161it\u00e9 na Slovensku","publisher":{"@id":"https:\/\/lanaja.sk\/cs\/#organization"},"alternateName":"Lanaja - v\u00fdrobky z \u013eanu, \u013eanov\u00fd bytov\u00fd textil","potentialAction":[{"@type":"SearchAction","target":{"@type":"EntryPoint","urlTemplate":"https:\/\/lanaja.sk\/cs\/?s={search_term_string}"},"query-input":{"@type":"PropertyValueSpecification","valueRequired":true,"valueName":"search_term_string"}}],"inLanguage":"cs"},{"@type":"Organization","@id":"https:\/\/lanaja.sk\/cs\/#organization","name":"Lanaja","alternateName":"Al\u017ebeta Andr\u00e1\u0161ikov\u00e1 - Lanaja","url":"https:\/\/lanaja.sk\/cs\/","logo":{"@type":"ImageObject","inLanguage":"cs","@id":"https:\/\/lanaja.sk\/cs\/#\/schema\/logo\/image\/","url":"https:\/\/lanaja.sk\/wp-content\/uploads\/2024\/01\/Lanaja.sk-logo.png","contentUrl":"https:\/\/lanaja.sk\/wp-content\/uploads\/2024\/01\/Lanaja.sk-logo.png","width":600,"height":300,"caption":"Lanaja"},"image":{"@id":"https:\/\/lanaja.sk\/cs\/#\/schema\/logo\/image\/"},"sameAs":["https:\/\/www.facebook.com\/Abreadbag","https:\/\/www.instagram.com\/lanaja_sk\/"]}]}},"_links":{"self":[{"href":"https:\/\/lanaja.sk\/cs\/wp-json\/wp\/v2\/product\/13257","targetHints":{"allow":["GET"]}}],"collection":[{"href":"https:\/\/lanaja.sk\/cs\/wp-json\/wp\/v2\/product"}],"about":[{"href":"https:\/\/lanaja.sk\/cs\/wp-json\/wp\/v2\/types\/product"}],"version-history":[{"count":1,"href":"https:\/\/lanaja.sk\/cs\/wp-json\/wp\/v2\/product\/13257\/revisions"}],"predecessor-version":[{"id":16417,"href":"https:\/\/lanaja.sk\/cs\/wp-json\/wp\/v2\/product\/13257\/revisions\/16417"}],"wp:featuredmedia":[{"embeddable":true,"href":"https:\/\/lanaja.sk\/cs\/wp-json\/wp\/v2\/media\/7241"}],"wp:attachment":[{"href":"https:\/\/lanaja.sk\/cs\/wp-json\/wp\/v2\/media?parent=13257"}],"wp:term":[{"taxonomy":"product_brand","embeddable":true,"href":"https:\/\/lanaja.sk\/cs\/wp-json\/wp\/v2\/product_brand?post=13257"},{"taxonomy":"product_cat","embeddable":true,"href":"https:\/\/lanaja.sk\/cs\/wp-json\/wp\/v2\/product_cat?post=13257"},{"taxonomy":"product_tag","embeddable":true,"href":"https:\/\/lanaja.sk\/cs\/wp-json\/wp\/v2\/product_tag?post=13257"}],"curies":[{"name":"wp","href":"https:\/\/api.w.org\/{rel}","templated":true}]}}