{"id":13261,"date":"2019-10-05T10:28:22","date_gmt":"2019-10-05T08:28:22","guid":{"rendered":"https:\/\/lanaja.sk\/obchod\/neza\u0159azen\u00e9\/lnena-zastera-s-maxi-kapsami\/"},"modified":"2025-07-21T17:56:37","modified_gmt":"2025-07-21T15:56:37","slug":"lnena-zastera-s-maxi-kapsami","status":"publish","type":"product","link":"https:\/\/lanaja.sk\/cs\/obchod\/lnena-zastera-s-maxi-kapsami\/","title":{"rendered":"Ln\u011bn\u00e1 z\u00e1st\u011bra s MAXI kapsami"},"content":{"rendered":"<h2><strong>Ln\u011bn\u00e1 z\u00e1st\u011bra s maxi kapsami<\/strong><\/h2>\n<p>Ln\u011bn\u00e9 pytl\u00edky, dom\u00e1c\u00ed chl\u00e9b a samotn\u00e9 pe\u010den\u00ed neodmysliteln\u011b pat\u0159\u00ed k rodinn\u00fdm kuchy\u0148sk\u00fdm z\u00e1st\u011br\u00e1m, a tak vznikla nov\u00e1 zahradn\u00ed kolekce ln\u011bn\u00fdch z\u00e1st\u011br pro mal\u00e9 i velk\u00e9 pomocn\u00edky, a\u0165 u\u017e pe\u010dete, grilujete, s\u00e1z\u00edte, skl\u00edzej\u00ed prvn\u00ed sklize\u0148 s malinov\u00fdmi obli\u010deji, nebo pob\u00edh\u00e1te po zahrad\u011b, jsou p\u0159\u00edjemnou a praktickou sou\u010d\u00e1st\u00ed na\u0161eho i va\u0161eho domova.<\/p>\n<p>Ln\u011bn\u00e1 z\u00e1st\u011bra s maxi kapsami je u\u0161it\u00e1 ze 100% m\u011bk\u010den\u00e9ho, p\u0159edepran\u00e9ho pr\u00e1dla pr\u00e9miov\u00e9 kvality, siln\u011bj\u0161\u00ed gram\u00e1\u017ee. Z\u00e1st\u011bra m\u00e1 na\u0161it\u00e9 dv\u011b velk\u00e9 kapsy, velikost je univerz\u00e1ln\u00ed. Je tak\u00e9 mo\u017en\u00e9 si ji personalizovat a vy\u0161\u00edt sv\u016fj text, jm\u00e9no strojovou v\u00fd\u0161ivkou, p\u0159i objedn\u00e1vce to pros\u00edm napi\u0161te do m\u00e9 pozn\u00e1mky a tak\u00e9 barvu v\u00fd\u0161ivky \u010cERVEN\u00c1, \u017dLUT\u00c1, MODR\u00c1, ZELEN\u00c1, B\u00cdL\u00c1, HN\u011aD\u00c1, R\u016e\u017dOV\u00c1, V\u00cdNOV\u00c1, \u0160ED\u00c1.<\/p>\n<p>Je u\u0161ita se \u0161irok\u00fdmi k\u0159\u00ed\u017e\u00edc\u00edmi se popruhy na z\u00e1dech, sta\u010d\u00ed ji jen p\u0159et\u00e1hnout p\u0159es hlavu bez v\u00e1z\u00e1n\u00ed \u2013 zaru\u010den\u00e1 rychlovka. Popruhy jsou dostate\u010dn\u011b \u0161irok\u00e9, aby z\u00e1st\u011brka nesklouz\u00e1vala a pohodln\u011b se nosila klidn\u011b i po cel\u00fd den. Len nav\u00edc chr\u00e1n\u00ed sv\u00fdmi p\u0159irozen\u00fdmi vlastnostmi i v letn\u00edch vedrech, proto\u017ee chlad\u00ed a z\u00e1rove\u0148 chr\u00e1n\u00ed p\u0159ed UV z\u00e1\u0159en\u00edm.<\/p>\n<p>A\u0165 u\u017e pou\u017e\u00edv\u00e1te pl\u00e1t\u011bnou z\u00e1st\u011bru doma nebo venku na zahrad\u011b, bude to v\u00e1\u0161 v\u011brn\u00fd spole\u010dn\u00edk, len se snadno udr\u017euje, doporu\u010duji pran\u00ed na 40 st., po umyt\u00ed sta\u010d\u00ed z\u00e1st\u011bru d\u016fkladn\u011b prot\u0159epat a nechat uschnout a to je jen okam\u017eik, proto\u017ee schne velmi rychle, nemus\u00edte ji \u017eehlit, m\u00edrn\u011b vr\u00e1s\u010dit\u00e1 struktura po umyt\u00ed j\u00ed dod\u00e1 ten spr\u00e1vn\u00fd a kr\u00e1sn\u00fd vr\u00e1s\u010dit\u00fd efekt.<\/p>\n<p>BARVY: barvu si m\u016f\u017eete vybrat z p\u0159ilo\u017een\u00e9ho vzorn\u00edku a napsat ji do pozn\u00e1mky p\u0159i objedn\u00e1vce.<\/p>\n<p>Ln\u011bnou z\u00e1st\u011bru lze u\u0161\u00edt i s men\u0161\u00edmi kapsi\u010dkami <a href=\"https:\/\/lanaja.sk\/cs\/obchod\/kuchyne\/lnene-zastery\/damska-lnena-zastera\/\" target=\"_blank\" rel=\"noopener noreferrer\">ZDE<\/a><\/p>\n<p class=\"article\"><strong>Velikost: <\/strong>Uni velikost<\/p>\n<p><strong>P\u0159e\u010dt\u011bte si s dodac\u00ed lh\u016ftou 5-15 pracovn\u00edch dn\u016f, pokud nem\u00e1me produkt \u0161it\u00fd skladem, ru\u010dn\u00ed pr\u00e1ce vy\u017eaduje n\u00e1\u0161 \u010das. Ln\u011bn\u00e9 v\u00fdrobky \u0161ijeme v na\u0161\u00ed d\u00edln\u011b dle Va\u0161eho p\u0159\u00e1n\u00ed a na m\u00edru, dle konkr\u00e9tn\u00edho v\u00fdrobku.<\/strong><\/p>\n","protected":false},"excerpt":{"rendered":"<p><strong>Ln\u011bn\u00e9 z\u00e1st\u011bry jsou tradi\u010dn\u00edm a obl\u00edben\u00fdm dopl\u0148kem v kuchyn\u00edch a dom\u00e1cnostech po cel\u00e9m sv\u011bt\u011b. <\/strong>Tyto z\u00e1st\u011bry vyroben\u00e9 z p\u0159\u00edrodn\u00edch ln\u011bn\u00fdch vl\u00e1ken maj\u00ed mnoho v\u00fdhod, od estetick\u00e9 hodnoty a\u017e po praktick\u00e9 vyu\u017eit\u00ed. Na zahrad\u011b mohou b\u00fdt nepostradateln\u00fdm pomocn\u00edkem. Mohou v\u00e1s ochr\u00e1nit p\u0159ed slune\u010dn\u00edmi paprsky, proto\u017ee len absorbuje UV z\u00e1\u0159en\u00ed, nebo se budou skv\u011ble hodit na rodinn\u00e9 grilov\u00e1n\u00ed.<\/p>\n<p><strong>Pou\u017eit\u00ed ln\u011bn\u00fdch z\u00e1st\u011br<\/strong> je \u0161irok\u00e9, nejen \u017ee ochr\u00e1n\u00ed va\u0161e oble\u010den\u00ed p\u0159ed skvrnami a ne\u010distotami p\u0159i va\u0159en\u00ed a pe\u010den\u00ed, ale z\u00e1rove\u0148 se v nich budete c\u00edtit pohodln\u011b a elegantn\u011b. D\u00edky sv\u00e9 jednoduchosti, minimalistick\u00e9mu designu a autentick\u00e9mu vzhledu p\u0159itahuj\u00ed pozornost a vytv\u00e1\u0159ej\u00ed nezam\u011bnitelnou atmosf\u00e9ru.<\/p>\n","protected":false},"featured_media":6837,"template":"","meta":[],"product_brand":[],"product_cat":[349],"product_tag":[],"class_list":{"0":"post-13261","1":"product","2":"type-product","3":"status-publish","4":"has-post-thumbnail","6":"product_cat-lnene-zastery","8":"first","9":"onbackorder","10":"shipping-taxable","11":"purchasable","12":"product-type-variable"},"yoast_head":"<!-- This site is optimized with the Yoast SEO plugin v27.4 - https:\/\/yoast.com\/product\/yoast-seo-wordpress\/ -->\n<title>Ln\u011bn\u00e1 z\u00e1st\u011bra s MAXI kapsami &#8226; Lanaja-slovensk\u00e1 udr\u017eiteln\u00e1 zna\u010dka a v\u00fdrobce ln\u011bn\u00e9ho textilu<\/title>\n<meta name=\"description\" content=\"Ln\u011bn\u00e1 z\u00e1st\u011bra s maxi kapsami je u\u0161it\u00e1 ze 100% m\u011bk\u010den\u00e9ho, p\u0159edepran\u00e9ho lnu pr\u00e9miov\u00e9 kvality 185g Z\u00e1st\u011bra m\u00e1 dv\u011b velk\u00e9 kapsy na\u0161it\u00e9 na...\" \/>\n<meta name=\"robots\" content=\"index, follow, max-snippet:-1, max-image-preview:large, max-video-preview:-1\" \/>\n<link rel=\"canonical\" href=\"https:\/\/lanaja.sk\/cs\/obchod\/lnena-zastera-s-maxi-kapsami\/\" \/>\n<meta property=\"og:locale\" content=\"cs_CZ\" \/>\n<meta property=\"og:type\" content=\"article\" \/>\n<meta property=\"og:title\" content=\"Ln\u011bn\u00e1 z\u00e1st\u011bra\" \/>\n<meta property=\"og:description\" content=\"Ln\u011bn\u00e1 z\u00e1st\u011bra s maxi kapsami je u\u0161it\u00e1 ze 100% m\u011bk\u010den\u00e9ho, p\u0159edepran\u00e9ho lnu pr\u00e9miov\u00e9 kvality 185g Z\u00e1st\u011bra m\u00e1 dv\u011b velk\u00e9 kapsy na\u0161it\u00e9 na...\" \/>\n<meta property=\"og:url\" content=\"https:\/\/lanaja.sk\/cs\/obchod\/lnena-zastera-s-maxi-kapsami\/\" \/>\n<meta property=\"og:site_name\" content=\"Lanaja-slovensk\u00e1 udr\u017eiteln\u00e1 zna\u010dka a v\u00fdrobce ln\u011bn\u00e9ho textilu\" \/>\n<meta property=\"article:publisher\" content=\"https:\/\/www.facebook.com\/Abreadbag\" \/>\n<meta property=\"article:modified_time\" content=\"2025-07-21T15:56:37+00:00\" \/>\n<meta property=\"og:image\" content=\"https:\/\/lanaja.sk\/wp-content\/uploads\/2019\/10\/lanova-zastera........jpg\" \/>\n<meta name=\"twitter:card\" content=\"summary_large_image\" \/>\n<meta name=\"twitter:label1\" content=\"Odhadovan\u00e1 doba \u010dten\u00ed\" \/>\n\t<meta name=\"twitter:data1\" content=\"2 minuty\" \/>\n<script type=\"application\/ld+json\" class=\"yoast-schema-graph\">{\"@context\":\"https:\\\/\\\/schema.org\",\"@graph\":[{\"@type\":\"WebPage\",\"@id\":\"https:\\\/\\\/lanaja.sk\\\/cs\\\/obchod\\\/lnena-zastera-s-maxi-kapsami\\\/\",\"url\":\"https:\\\/\\\/lanaja.sk\\\/cs\\\/obchod\\\/lnena-zastera-s-maxi-kapsami\\\/\",\"name\":\"Ln\u011bn\u00e1 z\u00e1st\u011bra s MAXI kapsami &#8226; Lanaja-slovensk\u00e1 udr\u017eiteln\u00e1 zna\u010dka a v\u00fdrobce ln\u011bn\u00e9ho textilu\",\"isPartOf\":{\"@id\":\"https:\\\/\\\/lanaja.sk\\\/cs\\\/#website\"},\"primaryImageOfPage\":{\"@id\":\"https:\\\/\\\/lanaja.sk\\\/cs\\\/obchod\\\/lnena-zastera-s-maxi-kapsami\\\/#primaryimage\"},\"image\":{\"@id\":\"https:\\\/\\\/lanaja.sk\\\/cs\\\/obchod\\\/lnena-zastera-s-maxi-kapsami\\\/#primaryimage\"},\"thumbnailUrl\":\"https:\\\/\\\/lanaja.sk\\\/wp-content\\\/uploads\\\/2019\\\/10\\\/lanova-zastera-e1596725788710-jpg.webp\",\"datePublished\":\"2019-10-05T08:28:22+00:00\",\"dateModified\":\"2025-07-21T15:56:37+00:00\",\"description\":\"Ln\u011bn\u00e1 z\u00e1st\u011bra s maxi kapsami je u\u0161it\u00e1 ze 100% m\u011bk\u010den\u00e9ho, p\u0159edepran\u00e9ho lnu pr\u00e9miov\u00e9 kvality 185g Z\u00e1st\u011bra m\u00e1 dv\u011b velk\u00e9 kapsy na\u0161it\u00e9 na...\",\"breadcrumb\":{\"@id\":\"https:\\\/\\\/lanaja.sk\\\/cs\\\/obchod\\\/lnena-zastera-s-maxi-kapsami\\\/#breadcrumb\"},\"inLanguage\":\"cs\",\"potentialAction\":[{\"@type\":\"ReadAction\",\"target\":[\"https:\\\/\\\/lanaja.sk\\\/cs\\\/obchod\\\/lnena-zastera-s-maxi-kapsami\\\/\"]}]},{\"@type\":\"ImageObject\",\"inLanguage\":\"cs\",\"@id\":\"https:\\\/\\\/lanaja.sk\\\/cs\\\/obchod\\\/lnena-zastera-s-maxi-kapsami\\\/#primaryimage\",\"url\":\"https:\\\/\\\/lanaja.sk\\\/wp-content\\\/uploads\\\/2019\\\/10\\\/lanova-zastera-e1596725788710-jpg.webp\",\"contentUrl\":\"https:\\\/\\\/lanaja.sk\\\/wp-content\\\/uploads\\\/2019\\\/10\\\/lanova-zastera-e1596725788710-jpg.webp\",\"width\":870,\"height\":653,\"caption\":\"lanova zasterka\"},{\"@type\":\"BreadcrumbList\",\"@id\":\"https:\\\/\\\/lanaja.sk\\\/cs\\\/obchod\\\/lnena-zastera-s-maxi-kapsami\\\/#breadcrumb\",\"itemListElement\":[{\"@type\":\"ListItem\",\"position\":1,\"name\":\"Home\",\"item\":\"https:\\\/\\\/lanaja.sk\\\/cs\\\/\"},{\"@type\":\"ListItem\",\"position\":2,\"name\":\"Obchod\",\"item\":\"https:\\\/\\\/lanaja.sk\\\/cs\\\/obchod-cz\\\/\"},{\"@type\":\"ListItem\",\"position\":3,\"name\":\"Ln\u011bn\u00e1 z\u00e1st\u011bra s MAXI kapsami\"}]},{\"@type\":\"WebSite\",\"@id\":\"https:\\\/\\\/lanaja.sk\\\/cs\\\/#website\",\"url\":\"https:\\\/\\\/lanaja.sk\\\/cs\\\/\",\"name\":\"Lanaja - bytov\u00fd textil z \u013eanu a \u013eanov\u00e9 v\u00fdrobky\",\"description\":\"Jedine\u010dn\u00fd bytov\u00fd textil, ln\u011bn\u00e9 pytl\u00edky, ln\u011bn\u00e9 ubrusy, ln\u011bn\u00e9 lo\u017en\u00ed povle\u010den\u00ed, ln\u011bn\u00e9 ut\u011brky, ln\u011bn\u00e9 prost\u00edr\u00e1n\u00ed vyroben\u00e9 a \u0161it\u00e9 na Slovensku\",\"publisher\":{\"@id\":\"https:\\\/\\\/lanaja.sk\\\/cs\\\/#organization\"},\"alternateName\":\"Lanaja - v\u00fdrobky z \u013eanu, \u013eanov\u00fd bytov\u00fd textil\",\"potentialAction\":[{\"@type\":\"SearchAction\",\"target\":{\"@type\":\"EntryPoint\",\"urlTemplate\":\"https:\\\/\\\/lanaja.sk\\\/cs\\\/?s={search_term_string}\"},\"query-input\":{\"@type\":\"PropertyValueSpecification\",\"valueRequired\":true,\"valueName\":\"search_term_string\"}}],\"inLanguage\":\"cs\"},{\"@type\":\"Organization\",\"@id\":\"https:\\\/\\\/lanaja.sk\\\/cs\\\/#organization\",\"name\":\"Lanaja\",\"alternateName\":\"Al\u017ebeta Andr\u00e1\u0161ikov\u00e1 - Lanaja\",\"url\":\"https:\\\/\\\/lanaja.sk\\\/cs\\\/\",\"logo\":{\"@type\":\"ImageObject\",\"inLanguage\":\"cs\",\"@id\":\"https:\\\/\\\/lanaja.sk\\\/cs\\\/#\\\/schema\\\/logo\\\/image\\\/\",\"url\":\"https:\\\/\\\/lanaja.sk\\\/wp-content\\\/uploads\\\/2024\\\/01\\\/Lanaja.sk-logo.png\",\"contentUrl\":\"https:\\\/\\\/lanaja.sk\\\/wp-content\\\/uploads\\\/2024\\\/01\\\/Lanaja.sk-logo.png\",\"width\":600,\"height\":300,\"caption\":\"Lanaja\"},\"image\":{\"@id\":\"https:\\\/\\\/lanaja.sk\\\/cs\\\/#\\\/schema\\\/logo\\\/image\\\/\"},\"sameAs\":[\"https:\\\/\\\/www.facebook.com\\\/Abreadbag\",\"https:\\\/\\\/www.instagram.com\\\/lanaja_sk\\\/\"]}]}<\/script>\n<!-- \/ Yoast SEO plugin. -->","yoast_head_json":{"title":"Ln\u011bn\u00e1 z\u00e1st\u011bra s MAXI kapsami &#8226; Lanaja-slovensk\u00e1 udr\u017eiteln\u00e1 zna\u010dka a v\u00fdrobce ln\u011bn\u00e9ho textilu","description":"Ln\u011bn\u00e1 z\u00e1st\u011bra s maxi kapsami je u\u0161it\u00e1 ze 100% m\u011bk\u010den\u00e9ho, p\u0159edepran\u00e9ho lnu pr\u00e9miov\u00e9 kvality 185g Z\u00e1st\u011bra m\u00e1 dv\u011b velk\u00e9 kapsy na\u0161it\u00e9 na...","robots":{"index":"index","follow":"follow","max-snippet":"max-snippet:-1","max-image-preview":"max-image-preview:large","max-video-preview":"max-video-preview:-1"},"canonical":"https:\/\/lanaja.sk\/cs\/obchod\/lnena-zastera-s-maxi-kapsami\/","og_locale":"cs_CZ","og_type":"article","og_title":"Ln\u011bn\u00e1 z\u00e1st\u011bra","og_description":"Ln\u011bn\u00e1 z\u00e1st\u011bra s maxi kapsami je u\u0161it\u00e1 ze 100% m\u011bk\u010den\u00e9ho, p\u0159edepran\u00e9ho lnu pr\u00e9miov\u00e9 kvality 185g Z\u00e1st\u011bra m\u00e1 dv\u011b velk\u00e9 kapsy na\u0161it\u00e9 na...","og_url":"https:\/\/lanaja.sk\/cs\/obchod\/lnena-zastera-s-maxi-kapsami\/","og_site_name":"Lanaja-slovensk\u00e1 udr\u017eiteln\u00e1 zna\u010dka a v\u00fdrobce ln\u011bn\u00e9ho textilu","article_publisher":"https:\/\/www.facebook.com\/Abreadbag","article_modified_time":"2025-07-21T15:56:37+00:00","og_image":[{"url":"https:\/\/lanaja.sk\/wp-content\/uploads\/2019\/10\/lanova-zastera........jpg","type":"","width":"","height":""}],"twitter_card":"summary_large_image","twitter_misc":{"Odhadovan\u00e1 doba \u010dten\u00ed":"2 minuty"},"schema":{"@context":"https:\/\/schema.org","@graph":[{"@type":"WebPage","@id":"https:\/\/lanaja.sk\/cs\/obchod\/lnena-zastera-s-maxi-kapsami\/","url":"https:\/\/lanaja.sk\/cs\/obchod\/lnena-zastera-s-maxi-kapsami\/","name":"Ln\u011bn\u00e1 z\u00e1st\u011bra s MAXI kapsami &#8226; Lanaja-slovensk\u00e1 udr\u017eiteln\u00e1 zna\u010dka a v\u00fdrobce ln\u011bn\u00e9ho textilu","isPartOf":{"@id":"https:\/\/lanaja.sk\/cs\/#website"},"primaryImageOfPage":{"@id":"https:\/\/lanaja.sk\/cs\/obchod\/lnena-zastera-s-maxi-kapsami\/#primaryimage"},"image":{"@id":"https:\/\/lanaja.sk\/cs\/obchod\/lnena-zastera-s-maxi-kapsami\/#primaryimage"},"thumbnailUrl":"https:\/\/lanaja.sk\/wp-content\/uploads\/2019\/10\/lanova-zastera-e1596725788710-jpg.webp","datePublished":"2019-10-05T08:28:22+00:00","dateModified":"2025-07-21T15:56:37+00:00","description":"Ln\u011bn\u00e1 z\u00e1st\u011bra s maxi kapsami je u\u0161it\u00e1 ze 100% m\u011bk\u010den\u00e9ho, p\u0159edepran\u00e9ho lnu pr\u00e9miov\u00e9 kvality 185g Z\u00e1st\u011bra m\u00e1 dv\u011b velk\u00e9 kapsy na\u0161it\u00e9 na...","breadcrumb":{"@id":"https:\/\/lanaja.sk\/cs\/obchod\/lnena-zastera-s-maxi-kapsami\/#breadcrumb"},"inLanguage":"cs","potentialAction":[{"@type":"ReadAction","target":["https:\/\/lanaja.sk\/cs\/obchod\/lnena-zastera-s-maxi-kapsami\/"]}]},{"@type":"ImageObject","inLanguage":"cs","@id":"https:\/\/lanaja.sk\/cs\/obchod\/lnena-zastera-s-maxi-kapsami\/#primaryimage","url":"https:\/\/lanaja.sk\/wp-content\/uploads\/2019\/10\/lanova-zastera-e1596725788710-jpg.webp","contentUrl":"https:\/\/lanaja.sk\/wp-content\/uploads\/2019\/10\/lanova-zastera-e1596725788710-jpg.webp","width":870,"height":653,"caption":"lanova zasterka"},{"@type":"BreadcrumbList","@id":"https:\/\/lanaja.sk\/cs\/obchod\/lnena-zastera-s-maxi-kapsami\/#breadcrumb","itemListElement":[{"@type":"ListItem","position":1,"name":"Home","item":"https:\/\/lanaja.sk\/cs\/"},{"@type":"ListItem","position":2,"name":"Obchod","item":"https:\/\/lanaja.sk\/cs\/obchod-cz\/"},{"@type":"ListItem","position":3,"name":"Ln\u011bn\u00e1 z\u00e1st\u011bra s MAXI kapsami"}]},{"@type":"WebSite","@id":"https:\/\/lanaja.sk\/cs\/#website","url":"https:\/\/lanaja.sk\/cs\/","name":"Lanaja - bytov\u00fd textil z \u013eanu a \u013eanov\u00e9 v\u00fdrobky","description":"Jedine\u010dn\u00fd bytov\u00fd textil, ln\u011bn\u00e9 pytl\u00edky, ln\u011bn\u00e9 ubrusy, ln\u011bn\u00e9 lo\u017en\u00ed povle\u010den\u00ed, ln\u011bn\u00e9 ut\u011brky, ln\u011bn\u00e9 prost\u00edr\u00e1n\u00ed vyroben\u00e9 a \u0161it\u00e9 na Slovensku","publisher":{"@id":"https:\/\/lanaja.sk\/cs\/#organization"},"alternateName":"Lanaja - v\u00fdrobky z \u013eanu, \u013eanov\u00fd bytov\u00fd textil","potentialAction":[{"@type":"SearchAction","target":{"@type":"EntryPoint","urlTemplate":"https:\/\/lanaja.sk\/cs\/?s={search_term_string}"},"query-input":{"@type":"PropertyValueSpecification","valueRequired":true,"valueName":"search_term_string"}}],"inLanguage":"cs"},{"@type":"Organization","@id":"https:\/\/lanaja.sk\/cs\/#organization","name":"Lanaja","alternateName":"Al\u017ebeta Andr\u00e1\u0161ikov\u00e1 - Lanaja","url":"https:\/\/lanaja.sk\/cs\/","logo":{"@type":"ImageObject","inLanguage":"cs","@id":"https:\/\/lanaja.sk\/cs\/#\/schema\/logo\/image\/","url":"https:\/\/lanaja.sk\/wp-content\/uploads\/2024\/01\/Lanaja.sk-logo.png","contentUrl":"https:\/\/lanaja.sk\/wp-content\/uploads\/2024\/01\/Lanaja.sk-logo.png","width":600,"height":300,"caption":"Lanaja"},"image":{"@id":"https:\/\/lanaja.sk\/cs\/#\/schema\/logo\/image\/"},"sameAs":["https:\/\/www.facebook.com\/Abreadbag","https:\/\/www.instagram.com\/lanaja_sk\/"]}]}},"_links":{"self":[{"href":"https:\/\/lanaja.sk\/cs\/wp-json\/wp\/v2\/product\/13261","targetHints":{"allow":["GET"]}}],"collection":[{"href":"https:\/\/lanaja.sk\/cs\/wp-json\/wp\/v2\/product"}],"about":[{"href":"https:\/\/lanaja.sk\/cs\/wp-json\/wp\/v2\/types\/product"}],"version-history":[{"count":1,"href":"https:\/\/lanaja.sk\/cs\/wp-json\/wp\/v2\/product\/13261\/revisions"}],"predecessor-version":[{"id":16400,"href":"https:\/\/lanaja.sk\/cs\/wp-json\/wp\/v2\/product\/13261\/revisions\/16400"}],"wp:featuredmedia":[{"embeddable":true,"href":"https:\/\/lanaja.sk\/cs\/wp-json\/wp\/v2\/media\/6837"}],"wp:attachment":[{"href":"https:\/\/lanaja.sk\/cs\/wp-json\/wp\/v2\/media?parent=13261"}],"wp:term":[{"taxonomy":"product_brand","embeddable":true,"href":"https:\/\/lanaja.sk\/cs\/wp-json\/wp\/v2\/product_brand?post=13261"},{"taxonomy":"product_cat","embeddable":true,"href":"https:\/\/lanaja.sk\/cs\/wp-json\/wp\/v2\/product_cat?post=13261"},{"taxonomy":"product_tag","embeddable":true,"href":"https:\/\/lanaja.sk\/cs\/wp-json\/wp\/v2\/product_tag?post=13261"}],"curies":[{"name":"wp","href":"https:\/\/api.w.org\/{rel}","templated":true}]}}