{"id":13266,"date":"2019-10-17T11:18:05","date_gmt":"2019-10-17T09:18:05","guid":{"rendered":"https:\/\/lanaja.sk\/obchod\/neza\u0159azen\u00e9\/lneny-obal-na-pribory\/"},"modified":"2025-08-02T20:54:57","modified_gmt":"2025-08-02T18:54:57","slug":"lneny-obal-na-pribory","status":"publish","type":"product","link":"https:\/\/lanaja.sk\/cs\/obchod\/lneny-obal-na-pribory\/","title":{"rendered":"Ln\u011bn\u00fd obal na p\u0159\u00edbory"},"content":{"rendered":"<p>Ln\u011bn\u00fd obal, ln\u011bn\u00fd povlak na p\u0159\u00edbory ze 100% p\u0159edepran\u00e9ho lnu ozdob\u00ed a vytvo\u0159\u00ed tu spr\u00e1vnou atmosf\u00e9ru p\u0159i stolov\u00e1n\u00ed. P\u0159\u00edrodn\u00ed materi\u00e1l dod\u00e1v\u00e1 svou strukturou jedine\u010dn\u00fd vzhled. Vhodn\u00e9 pro pou\u017eit\u00ed i venku, na zahradn\u00ed terasy, chaty, nebo pikniky v p\u0159\u00edrod\u011b.<\/p>\n<p>Pokud chcete ve sv\u00e9m dom\u011b vytvo\u0159it udr\u017eiteln\u011bj\u0161\u00ed a ekologi\u010dt\u011bj\u0161\u00ed prost\u0159ed\u00ed, kombinace 100% lnu je rozhodn\u011b materi\u00e1l, do kter\u00e9ho se vyplat\u00ed investovat. 100% len je \u0161etrn\u00fd k \u017eivotn\u00edmu prost\u0159ed\u00ed, z\u00e1rove\u0148 se jedn\u00e1 o obnoviteln\u00fd zdroj, p\u0159i jeho p\u011bstov\u00e1n\u00ed se nepou\u017e\u00edvaj\u00ed \u017e\u00e1dn\u00e1 hnojiva a nepot\u0159ebuje \u017e\u00e1dn\u00e9 z\u00e1vlahy, len je nav\u00edc pln\u011b biologicky odbourateln\u00fd.<\/p>\n<p><strong>V\u0161echny l\u00e1tky, se kter\u00fdmi pracujeme a \u0161iji se z nich ln\u011bn\u00e9 v\u00fdrobky, jsou p\u0159edepran\u00e9, aby se k v\u00e1m dom\u016f dostal dokonale \u010dist\u00fd produkt \u2665 <\/strong><\/p>\n<p>M\u016f\u017eete kr\u00e1sn\u011b sladit ln\u011bn\u00e9 obaly na p\u0159\u00edbory, a\u0165 u\u017e <a href=\"https:\/\/lanaja.sk\/cs\/obchod\/kuchyne\/lnene-ubrusy-a-prostirani\/lnene-ubrousky-2\/\" target=\"_blank\" rel=\"noopener noreferrer\">jde o prost\u00edr\u00e1n\u00ed ln\u011bn\u00e9ho stolu<\/a>, <a href=\"https:\/\/lanaja.sk\/cs\/kategorie-produktu\/kuchyne\/lnene-ubrusy-a-prostirani\/\" target=\"_blank\" rel=\"noopener noreferrer\">ln\u011bn\u00e9 ubrusy, ln\u011bn\u00e9<\/a> <a href=\"https:\/\/lanaja.sk\/cs\/kategorie-produktu\/kuchyne\/lnene-ubrusy-a-prostirani\/\" target=\"_blank\" rel=\"noopener noreferrer\">ubrousky<\/a> , ln\u011bn\u00e9 ko\u0161e, ln\u011bn\u00e9 s\u00e1\u010dky na chl\u00e9b&#8230; R\u00e1d v\u00e1m porad\u00edm s v\u00fdb\u011brem, kontaktujte m\u011b pros\u00edm intern\u00ed po\u0161tou. Pokud chcete jinou barvu, napi\u0161te n\u00e1m to pros\u00edm p\u0159i objedn\u00e1vce do pozn\u00e1mky, m\u016f\u017eete si ji vybrat z p\u0159ilo\u017een\u00e9ho vzorn\u00edku, r\u00e1di v\u00e1m je p\u0159iprav\u00edme.<\/p>\n<p>Ln\u011bn\u00fd obal na p\u0159\u00edbory je na fotografii v b\u00edl\u00e9 barv\u011b.<\/p>\n<p><strong>Po\u010d\u00edtejte s dodac\u00ed lh\u016ftou 5-15 pracovn\u00edch dn\u016f, pokud nem\u00e1me produkt \u0161it\u00fd skladem, ru\u010dn\u00ed pr\u00e1ce vy\u017eaduje n\u00e1\u0161 \u010das. Ln\u011bn\u00e9 v\u00fdrobky \u0161ijeme v na\u0161\u00ed d\u00edln\u011b dle Va\u0161eho p\u0159\u00e1n\u00ed a na m\u00edru v z\u00e1vislosti na konkr\u00e9tn\u00edm v\u00fdrobku.<\/strong><\/p>\n<p>V\u00edce o n\u00e1s, o Lanaja, z ka\u017edodenn\u00edho \u017eivota v na\u0161em ateli\u00e9ru, hodnocen\u00ed spokojen\u00fdch z\u00e1kazn\u00edk\u016f, si m\u016f\u017eete prohl\u00e9dnout tak\u00e9 na na\u0161ich soci\u00e1ln\u00edch s\u00edt\u00edch <a href=\"https:\/\/www.instagram.com\/lanaja_sk\" target=\"_blank\" rel=\"noopener\">Lanaja na Instagramu <\/a>a <a href=\"https:\/\/www.facebook.com\/Abreadbag\/\" target=\"_blank\" rel=\"noopener\">Lanaja na Facebooku.<\/a><\/p>\n","protected":false},"excerpt":{"rendered":"<p>Ln\u011bn\u00fd obal, ln\u011bn\u00fd povlak na p\u0159\u00edbory ze 100% p\u0159edepran\u00e9ho lnu ozdob\u00ed a vytvo\u0159\u00ed tu spr\u00e1vnou atmosf\u00e9ru p\u0159i stolov\u00e1n\u00ed. P\u0159\u00edrodn\u00ed materi\u00e1l dod\u00e1v\u00e1 svou strukturou jedine\u010dn\u00fd vzhled. Vhodn\u00e9 pro pou\u017eit\u00ed i venku, na zahradn\u00ed terasy, chaty, nebo pikniky v p\u0159\u00edrod\u011b. Pokud chcete ve sv\u00e9m dom\u011b vytvo\u0159it udr\u017eiteln\u011bj\u0161\u00ed a ekologi\u010dt\u011bj\u0161\u00ed prost\u0159ed\u00ed, kombinace 100% lnu je rozhodn\u011b materi\u00e1l, do [&hellip;]<\/p>\n","protected":false},"featured_media":6859,"template":"","meta":[],"product_brand":[],"product_cat":[351],"product_tag":[],"class_list":{"0":"post-13266","1":"product","2":"type-product","3":"status-publish","4":"has-post-thumbnail","6":"product_cat-lnene-ubrusy-a-prostirani","8":"first","9":"onbackorder","10":"shipping-taxable","11":"purchasable","12":"product-type-simple"},"yoast_head":"<!-- This site is optimized with the Yoast SEO plugin v27.4 - https:\/\/yoast.com\/product\/yoast-seo-wordpress\/ -->\n<title>Ln\u011bn\u00fd obal na p\u0159\u00edbory &#8226; Lanaja-slovensk\u00e1 udr\u017eiteln\u00e1 zna\u010dka a v\u00fdrobce ln\u011bn\u00e9ho textilu<\/title>\n<meta name=\"description\" content=\"Ln\u011bn\u00fd obal na p\u0159\u00edbor ze 100% p\u0159edepran\u00e9ho lnu ozdob\u00ed a vytvo\u0159\u00ed tu spr\u00e1vnou atmosf\u00e9ru p\u0159i stolov\u00e1n\u00ed. P\u0159\u00edrodn\u00ed materi\u00e1l dod\u00e1v\u00e1 svou strukturou jedine\u010dn\u00fd vzhled.\" \/>\n<meta name=\"robots\" content=\"index, follow, max-snippet:-1, max-image-preview:large, max-video-preview:-1\" \/>\n<link rel=\"canonical\" href=\"https:\/\/lanaja.sk\/cs\/obchod\/lneny-obal-na-pribory\/\" \/>\n<meta property=\"og:locale\" content=\"cs_CZ\" \/>\n<meta property=\"og:type\" content=\"article\" \/>\n<meta property=\"og:title\" content=\"Ln\u011bn\u00fd obal na p\u0159\u00edbory &#8226; Lanaja-slovensk\u00e1 udr\u017eiteln\u00e1 zna\u010dka a v\u00fdrobce ln\u011bn\u00e9ho textilu\" \/>\n<meta property=\"og:description\" content=\"Ln\u011bn\u00fd obal na p\u0159\u00edbor ze 100% p\u0159edepran\u00e9ho lnu ozdob\u00ed a vytvo\u0159\u00ed tu spr\u00e1vnou atmosf\u00e9ru p\u0159i stolov\u00e1n\u00ed. P\u0159\u00edrodn\u00ed materi\u00e1l dod\u00e1v\u00e1 svou strukturou jedine\u010dn\u00fd vzhled.\" \/>\n<meta property=\"og:url\" content=\"https:\/\/lanaja.sk\/cs\/obchod\/lneny-obal-na-pribory\/\" \/>\n<meta property=\"og:site_name\" content=\"Lanaja-slovensk\u00e1 udr\u017eiteln\u00e1 zna\u010dka a v\u00fdrobce ln\u011bn\u00e9ho textilu\" \/>\n<meta property=\"article:publisher\" content=\"https:\/\/www.facebook.com\/Abreadbag\" \/>\n<meta property=\"article:modified_time\" content=\"2025-08-02T18:54:57+00:00\" \/>\n<meta property=\"og:image\" content=\"https:\/\/lanaja.sk\/wp-content\/uploads\/2019\/10\/obal-na-pribor..-e1586806138439-jpg.webp\" \/>\n\t<meta property=\"og:image:width\" content=\"900\" \/>\n\t<meta property=\"og:image:height\" content=\"744\" \/>\n\t<meta property=\"og:image:type\" content=\"image\/jpeg\" \/>\n<meta name=\"twitter:card\" content=\"summary_large_image\" \/>\n<meta name=\"twitter:label1\" content=\"Odhadovan\u00e1 doba \u010dten\u00ed\" \/>\n\t<meta name=\"twitter:data1\" content=\"2 minuty\" \/>\n<script type=\"application\/ld+json\" class=\"yoast-schema-graph\">{\"@context\":\"https:\\\/\\\/schema.org\",\"@graph\":[{\"@type\":\"WebPage\",\"@id\":\"https:\\\/\\\/lanaja.sk\\\/cs\\\/obchod\\\/lneny-obal-na-pribory\\\/\",\"url\":\"https:\\\/\\\/lanaja.sk\\\/cs\\\/obchod\\\/lneny-obal-na-pribory\\\/\",\"name\":\"Ln\u011bn\u00fd obal na p\u0159\u00edbory &#8226; Lanaja-slovensk\u00e1 udr\u017eiteln\u00e1 zna\u010dka a v\u00fdrobce ln\u011bn\u00e9ho textilu\",\"isPartOf\":{\"@id\":\"https:\\\/\\\/lanaja.sk\\\/cs\\\/#website\"},\"primaryImageOfPage\":{\"@id\":\"https:\\\/\\\/lanaja.sk\\\/cs\\\/obchod\\\/lneny-obal-na-pribory\\\/#primaryimage\"},\"image\":{\"@id\":\"https:\\\/\\\/lanaja.sk\\\/cs\\\/obchod\\\/lneny-obal-na-pribory\\\/#primaryimage\"},\"thumbnailUrl\":\"https:\\\/\\\/lanaja.sk\\\/wp-content\\\/uploads\\\/2019\\\/10\\\/obal-na-pribor..-e1586806138439-jpg.webp\",\"datePublished\":\"2019-10-17T09:18:05+00:00\",\"dateModified\":\"2025-08-02T18:54:57+00:00\",\"description\":\"Ln\u011bn\u00fd obal na p\u0159\u00edbor ze 100% p\u0159edepran\u00e9ho lnu ozdob\u00ed a vytvo\u0159\u00ed tu spr\u00e1vnou atmosf\u00e9ru p\u0159i stolov\u00e1n\u00ed. P\u0159\u00edrodn\u00ed materi\u00e1l dod\u00e1v\u00e1 svou strukturou jedine\u010dn\u00fd vzhled.\",\"breadcrumb\":{\"@id\":\"https:\\\/\\\/lanaja.sk\\\/cs\\\/obchod\\\/lneny-obal-na-pribory\\\/#breadcrumb\"},\"inLanguage\":\"cs\",\"potentialAction\":[{\"@type\":\"ReadAction\",\"target\":[\"https:\\\/\\\/lanaja.sk\\\/cs\\\/obchod\\\/lneny-obal-na-pribory\\\/\"]}]},{\"@type\":\"ImageObject\",\"inLanguage\":\"cs\",\"@id\":\"https:\\\/\\\/lanaja.sk\\\/cs\\\/obchod\\\/lneny-obal-na-pribory\\\/#primaryimage\",\"url\":\"https:\\\/\\\/lanaja.sk\\\/wp-content\\\/uploads\\\/2019\\\/10\\\/obal-na-pribor..-e1586806138439-jpg.webp\",\"contentUrl\":\"https:\\\/\\\/lanaja.sk\\\/wp-content\\\/uploads\\\/2019\\\/10\\\/obal-na-pribor..-e1586806138439-jpg.webp\",\"width\":900,\"height\":744,\"caption\":\"\u013eanov\u00fd obal na pribor\"},{\"@type\":\"BreadcrumbList\",\"@id\":\"https:\\\/\\\/lanaja.sk\\\/cs\\\/obchod\\\/lneny-obal-na-pribory\\\/#breadcrumb\",\"itemListElement\":[{\"@type\":\"ListItem\",\"position\":1,\"name\":\"Home\",\"item\":\"https:\\\/\\\/lanaja.sk\\\/cs\\\/\"},{\"@type\":\"ListItem\",\"position\":2,\"name\":\"Obchod\",\"item\":\"https:\\\/\\\/lanaja.sk\\\/cs\\\/obchod-cz\\\/\"},{\"@type\":\"ListItem\",\"position\":3,\"name\":\"Ln\u011bn\u00fd obal na p\u0159\u00edbory\"}]},{\"@type\":\"WebSite\",\"@id\":\"https:\\\/\\\/lanaja.sk\\\/cs\\\/#website\",\"url\":\"https:\\\/\\\/lanaja.sk\\\/cs\\\/\",\"name\":\"Lanaja - bytov\u00fd textil z \u013eanu a \u013eanov\u00e9 v\u00fdrobky\",\"description\":\"Jedine\u010dn\u00fd bytov\u00fd textil, ln\u011bn\u00e9 pytl\u00edky, ln\u011bn\u00e9 ubrusy, ln\u011bn\u00e9 lo\u017en\u00ed povle\u010den\u00ed, ln\u011bn\u00e9 ut\u011brky, ln\u011bn\u00e9 prost\u00edr\u00e1n\u00ed vyroben\u00e9 a \u0161it\u00e9 na Slovensku\",\"publisher\":{\"@id\":\"https:\\\/\\\/lanaja.sk\\\/cs\\\/#organization\"},\"alternateName\":\"Lanaja - v\u00fdrobky z \u013eanu, \u013eanov\u00fd bytov\u00fd textil\",\"potentialAction\":[{\"@type\":\"SearchAction\",\"target\":{\"@type\":\"EntryPoint\",\"urlTemplate\":\"https:\\\/\\\/lanaja.sk\\\/cs\\\/?s={search_term_string}\"},\"query-input\":{\"@type\":\"PropertyValueSpecification\",\"valueRequired\":true,\"valueName\":\"search_term_string\"}}],\"inLanguage\":\"cs\"},{\"@type\":\"Organization\",\"@id\":\"https:\\\/\\\/lanaja.sk\\\/cs\\\/#organization\",\"name\":\"Lanaja\",\"alternateName\":\"Al\u017ebeta Andr\u00e1\u0161ikov\u00e1 - Lanaja\",\"url\":\"https:\\\/\\\/lanaja.sk\\\/cs\\\/\",\"logo\":{\"@type\":\"ImageObject\",\"inLanguage\":\"cs\",\"@id\":\"https:\\\/\\\/lanaja.sk\\\/cs\\\/#\\\/schema\\\/logo\\\/image\\\/\",\"url\":\"https:\\\/\\\/lanaja.sk\\\/wp-content\\\/uploads\\\/2024\\\/01\\\/Lanaja.sk-logo.png\",\"contentUrl\":\"https:\\\/\\\/lanaja.sk\\\/wp-content\\\/uploads\\\/2024\\\/01\\\/Lanaja.sk-logo.png\",\"width\":600,\"height\":300,\"caption\":\"Lanaja\"},\"image\":{\"@id\":\"https:\\\/\\\/lanaja.sk\\\/cs\\\/#\\\/schema\\\/logo\\\/image\\\/\"},\"sameAs\":[\"https:\\\/\\\/www.facebook.com\\\/Abreadbag\",\"https:\\\/\\\/www.instagram.com\\\/lanaja_sk\\\/\"]}]}<\/script>\n<!-- \/ Yoast SEO plugin. -->","yoast_head_json":{"title":"Ln\u011bn\u00fd obal na p\u0159\u00edbory &#8226; Lanaja-slovensk\u00e1 udr\u017eiteln\u00e1 zna\u010dka a v\u00fdrobce ln\u011bn\u00e9ho textilu","description":"Ln\u011bn\u00fd obal na p\u0159\u00edbor ze 100% p\u0159edepran\u00e9ho lnu ozdob\u00ed a vytvo\u0159\u00ed tu spr\u00e1vnou atmosf\u00e9ru p\u0159i stolov\u00e1n\u00ed. P\u0159\u00edrodn\u00ed materi\u00e1l dod\u00e1v\u00e1 svou strukturou jedine\u010dn\u00fd vzhled.","robots":{"index":"index","follow":"follow","max-snippet":"max-snippet:-1","max-image-preview":"max-image-preview:large","max-video-preview":"max-video-preview:-1"},"canonical":"https:\/\/lanaja.sk\/cs\/obchod\/lneny-obal-na-pribory\/","og_locale":"cs_CZ","og_type":"article","og_title":"Ln\u011bn\u00fd obal na p\u0159\u00edbory &#8226; Lanaja-slovensk\u00e1 udr\u017eiteln\u00e1 zna\u010dka a v\u00fdrobce ln\u011bn\u00e9ho textilu","og_description":"Ln\u011bn\u00fd obal na p\u0159\u00edbor ze 100% p\u0159edepran\u00e9ho lnu ozdob\u00ed a vytvo\u0159\u00ed tu spr\u00e1vnou atmosf\u00e9ru p\u0159i stolov\u00e1n\u00ed. P\u0159\u00edrodn\u00ed materi\u00e1l dod\u00e1v\u00e1 svou strukturou jedine\u010dn\u00fd vzhled.","og_url":"https:\/\/lanaja.sk\/cs\/obchod\/lneny-obal-na-pribory\/","og_site_name":"Lanaja-slovensk\u00e1 udr\u017eiteln\u00e1 zna\u010dka a v\u00fdrobce ln\u011bn\u00e9ho textilu","article_publisher":"https:\/\/www.facebook.com\/Abreadbag","article_modified_time":"2025-08-02T18:54:57+00:00","og_image":[{"width":900,"height":744,"url":"https:\/\/lanaja.sk\/wp-content\/uploads\/2019\/10\/obal-na-pribor..-e1586806138439-jpg.webp","type":"image\/jpeg"}],"twitter_card":"summary_large_image","twitter_misc":{"Odhadovan\u00e1 doba \u010dten\u00ed":"2 minuty"},"schema":{"@context":"https:\/\/schema.org","@graph":[{"@type":"WebPage","@id":"https:\/\/lanaja.sk\/cs\/obchod\/lneny-obal-na-pribory\/","url":"https:\/\/lanaja.sk\/cs\/obchod\/lneny-obal-na-pribory\/","name":"Ln\u011bn\u00fd obal na p\u0159\u00edbory &#8226; Lanaja-slovensk\u00e1 udr\u017eiteln\u00e1 zna\u010dka a v\u00fdrobce ln\u011bn\u00e9ho textilu","isPartOf":{"@id":"https:\/\/lanaja.sk\/cs\/#website"},"primaryImageOfPage":{"@id":"https:\/\/lanaja.sk\/cs\/obchod\/lneny-obal-na-pribory\/#primaryimage"},"image":{"@id":"https:\/\/lanaja.sk\/cs\/obchod\/lneny-obal-na-pribory\/#primaryimage"},"thumbnailUrl":"https:\/\/lanaja.sk\/wp-content\/uploads\/2019\/10\/obal-na-pribor..-e1586806138439-jpg.webp","datePublished":"2019-10-17T09:18:05+00:00","dateModified":"2025-08-02T18:54:57+00:00","description":"Ln\u011bn\u00fd obal na p\u0159\u00edbor ze 100% p\u0159edepran\u00e9ho lnu ozdob\u00ed a vytvo\u0159\u00ed tu spr\u00e1vnou atmosf\u00e9ru p\u0159i stolov\u00e1n\u00ed. P\u0159\u00edrodn\u00ed materi\u00e1l dod\u00e1v\u00e1 svou strukturou jedine\u010dn\u00fd vzhled.","breadcrumb":{"@id":"https:\/\/lanaja.sk\/cs\/obchod\/lneny-obal-na-pribory\/#breadcrumb"},"inLanguage":"cs","potentialAction":[{"@type":"ReadAction","target":["https:\/\/lanaja.sk\/cs\/obchod\/lneny-obal-na-pribory\/"]}]},{"@type":"ImageObject","inLanguage":"cs","@id":"https:\/\/lanaja.sk\/cs\/obchod\/lneny-obal-na-pribory\/#primaryimage","url":"https:\/\/lanaja.sk\/wp-content\/uploads\/2019\/10\/obal-na-pribor..-e1586806138439-jpg.webp","contentUrl":"https:\/\/lanaja.sk\/wp-content\/uploads\/2019\/10\/obal-na-pribor..-e1586806138439-jpg.webp","width":900,"height":744,"caption":"\u013eanov\u00fd obal na pribor"},{"@type":"BreadcrumbList","@id":"https:\/\/lanaja.sk\/cs\/obchod\/lneny-obal-na-pribory\/#breadcrumb","itemListElement":[{"@type":"ListItem","position":1,"name":"Home","item":"https:\/\/lanaja.sk\/cs\/"},{"@type":"ListItem","position":2,"name":"Obchod","item":"https:\/\/lanaja.sk\/cs\/obchod-cz\/"},{"@type":"ListItem","position":3,"name":"Ln\u011bn\u00fd obal na p\u0159\u00edbory"}]},{"@type":"WebSite","@id":"https:\/\/lanaja.sk\/cs\/#website","url":"https:\/\/lanaja.sk\/cs\/","name":"Lanaja - bytov\u00fd textil z \u013eanu a \u013eanov\u00e9 v\u00fdrobky","description":"Jedine\u010dn\u00fd bytov\u00fd textil, ln\u011bn\u00e9 pytl\u00edky, ln\u011bn\u00e9 ubrusy, ln\u011bn\u00e9 lo\u017en\u00ed povle\u010den\u00ed, ln\u011bn\u00e9 ut\u011brky, ln\u011bn\u00e9 prost\u00edr\u00e1n\u00ed vyroben\u00e9 a \u0161it\u00e9 na Slovensku","publisher":{"@id":"https:\/\/lanaja.sk\/cs\/#organization"},"alternateName":"Lanaja - v\u00fdrobky z \u013eanu, \u013eanov\u00fd bytov\u00fd textil","potentialAction":[{"@type":"SearchAction","target":{"@type":"EntryPoint","urlTemplate":"https:\/\/lanaja.sk\/cs\/?s={search_term_string}"},"query-input":{"@type":"PropertyValueSpecification","valueRequired":true,"valueName":"search_term_string"}}],"inLanguage":"cs"},{"@type":"Organization","@id":"https:\/\/lanaja.sk\/cs\/#organization","name":"Lanaja","alternateName":"Al\u017ebeta Andr\u00e1\u0161ikov\u00e1 - Lanaja","url":"https:\/\/lanaja.sk\/cs\/","logo":{"@type":"ImageObject","inLanguage":"cs","@id":"https:\/\/lanaja.sk\/cs\/#\/schema\/logo\/image\/","url":"https:\/\/lanaja.sk\/wp-content\/uploads\/2024\/01\/Lanaja.sk-logo.png","contentUrl":"https:\/\/lanaja.sk\/wp-content\/uploads\/2024\/01\/Lanaja.sk-logo.png","width":600,"height":300,"caption":"Lanaja"},"image":{"@id":"https:\/\/lanaja.sk\/cs\/#\/schema\/logo\/image\/"},"sameAs":["https:\/\/www.facebook.com\/Abreadbag","https:\/\/www.instagram.com\/lanaja_sk\/"]}]}},"_links":{"self":[{"href":"https:\/\/lanaja.sk\/cs\/wp-json\/wp\/v2\/product\/13266","targetHints":{"allow":["GET"]}}],"collection":[{"href":"https:\/\/lanaja.sk\/cs\/wp-json\/wp\/v2\/product"}],"about":[{"href":"https:\/\/lanaja.sk\/cs\/wp-json\/wp\/v2\/types\/product"}],"version-history":[{"count":1,"href":"https:\/\/lanaja.sk\/cs\/wp-json\/wp\/v2\/product\/13266\/revisions"}],"predecessor-version":[{"id":16459,"href":"https:\/\/lanaja.sk\/cs\/wp-json\/wp\/v2\/product\/13266\/revisions\/16459"}],"wp:featuredmedia":[{"embeddable":true,"href":"https:\/\/lanaja.sk\/cs\/wp-json\/wp\/v2\/media\/6859"}],"wp:attachment":[{"href":"https:\/\/lanaja.sk\/cs\/wp-json\/wp\/v2\/media?parent=13266"}],"wp:term":[{"taxonomy":"product_brand","embeddable":true,"href":"https:\/\/lanaja.sk\/cs\/wp-json\/wp\/v2\/product_brand?post=13266"},{"taxonomy":"product_cat","embeddable":true,"href":"https:\/\/lanaja.sk\/cs\/wp-json\/wp\/v2\/product_cat?post=13266"},{"taxonomy":"product_tag","embeddable":true,"href":"https:\/\/lanaja.sk\/cs\/wp-json\/wp\/v2\/product_tag?post=13266"}],"curies":[{"name":"wp","href":"https:\/\/api.w.org\/{rel}","templated":true}]}}