{"id":13270,"date":"2021-09-28T14:48:24","date_gmt":"2021-09-28T12:48:24","guid":{"rendered":"https:\/\/lanaja.sk\/obchod\/neza\u0159azen\u00e9\/lnene-zinky-3ks\/"},"modified":"2025-07-16T13:05:03","modified_gmt":"2025-07-16T11:05:03","slug":"lnene-zinky-3ks","status":"publish","type":"product","link":"https:\/\/lanaja.sk\/cs\/obchod\/lnene-zinky-3ks\/","title":{"rendered":"Ln\u011bn\u00e9 \u017e\u00ednky 3ks"},"content":{"rendered":"<h2><strong>Ln\u011bn\u00e9 \u017e\u00ednky na t\u011blo a obli\u010dej<\/strong><\/h2>\n<p>Ln\u011bn\u00e9 vaflov\u00e9 \u017e\u00ednky, d\u00e1rkov\u00e9 balen\u00ed 3 kus\u016f ur\u010den\u00fdch na t\u011blo a obli\u010dej, v\u00e1m jemn\u011b promas\u00edruj\u00ed poko\u017eku. Jsou ide\u00e1ln\u00ed na odli\u010dov\u00e1n\u00ed m\u00edsto jednor\u00e1zov\u00fdch vatov\u00fdch tampon\u016f, ale i na set\u0159en\u00ed ple\u0165ov\u00e9 masky z obli\u010deje. Sta\u010d\u00ed je vyprat v jemn\u00e9m prac\u00edm prost\u0159edku nebo m\u00fddlem, nejl\u00e9pe je n\u00e1sledn\u011b nechat usu\u0161it na vzduchu. Velmi rychle schnou, jsou skv\u011bl\u00fdm spole\u010dn\u00edkem na cesty.<\/p>\n<p>Ln\u011bnou \u017e\u00ednku vyu\u017eijete p\u0159i relaxa\u010dn\u00ed koupeli, p\u0159i sprchov\u00e1n\u00ed budete pot\u0159ebovat mnohem men\u0161\u00ed mno\u017estv\u00ed sprchov\u00e9ho m\u00fddla, s p\u011bnivost\u00ed a \u00fa\u010dinky tuh\u00fdch m\u00fddel od <a href=\"https:\/\/musk.sk\/\" target=\"_blank\" rel=\"noopener\">MUSKU<\/a> m\u00e1me velmi dobr\u00e9 zku\u0161enosti.<\/p>\n<p>Ln\u011bn\u00e1 tkanina m\u00e1 <strong>lehk\u00fd mas\u00e1\u017en\u00ed \u00fa\u010dinek<\/strong> d\u00edky mikroskopick\u00fdm prasklin\u00e1m na vn\u011bj\u0161\u00edm povrchu, nepravidelnostem, m\u00e1 siln\u011bj\u0161\u00ed povrch, drobn\u00e9 hrbolky a zvr\u00e1sn\u011bn\u00e1 struktura v\u00e1m poskytnou mas\u00e1\u017e, stimuluj\u00ed pr\u016ftok krve a podporuj\u00ed relaxaci. D\u00edky <strong>jedine\u010dn\u00e9 filtraci, schopnosti odol\u00e1vat bakteri\u00edm, prody\u0161nosti, absorpci a odpa\u0159ov\u00e1n\u00ed vlhkosti je len zn\u00e1m\u00fd jako antialergick\u00fd materi\u00e1l.<\/strong> Je doporu\u010dov\u00e1n <strong>pro lidi s ko\u017en\u00edmi onemocn\u011bn\u00edmi, alergiky a je vhodn\u00fd i pro mal\u00e9 d\u011bti. <\/strong>M\u00e1 vysokou schopnost <strong>potla\u010dit bakterie, rozto\u010de a pl\u00edsn\u011b a je vysoce repelentn\u00ed v\u016f\u010di hmyzu.<\/strong> Len je \u0161etrn\u00fd k \u017eivotn\u00edmu prost\u0159ed\u00ed, z\u00e1rove\u0148 je obnoviteln\u00fdm zdrojem, p\u0159i jeho p\u011bstov\u00e1n\u00ed se nepou\u017e\u00edvaj\u00ed \u017e\u00e1dn\u00e1 hnojiva a nepot\u0159ebuje \u017e\u00e1dn\u00e9 z\u00e1vlahy, len je tak\u00e9 pln\u011b biologicky odbourateln\u00fd.<\/p>\n<p>Ru\u010dn\u00edky, osu\u0161ky z na\u0161\u00ed kolekce pr\u00e1dla si m\u016f\u017eete zakoupit <a href=\"https:\/\/lanaja.sk\/cs\/kategorie-produktu\/koupelna\/lnene-rucniky-osusky\/\" target=\"_blank\" rel=\"noopener\">tak\u00e9 ZDE<\/a><\/p>\n<p class=\"article\"><strong>Velikost: <\/strong>D\u00e1rkov\u00e9 balen\u00ed v krabi\u010dce po 3 kusech, rozm\u011br jedn\u00e9 \u017e\u00ednky cca 17x22cm<br \/>\n<strong>Barvy:<\/strong> b\u00edl\u00e1, b\u00e9\u017eovo-p\u00edskov\u00e1, r\u016f\u017eov\u00e1.<\/p>\n<p class=\"article\"><strong>Slo\u017een\u00ed:<\/strong> 53% len, 47% bavlna<\/p>\n<p><strong>Po\u010d\u00edtejte s dodac\u00ed lh\u016ftou 5-15 pracovn\u00edch dn\u016f, pokud nem\u00e1me produkt \u0161it\u00fd skladem, ru\u010dn\u00ed pr\u00e1ce vy\u017eaduje n\u00e1\u0161 \u010das. Ln\u011bn\u00e9 v\u00fdrobky \u0161ijeme v na\u0161\u00ed d\u00edln\u011b dle Va\u0161eho p\u0159\u00e1n\u00ed a na m\u00edru v z\u00e1vislosti na konkr\u00e9tn\u00edm v\u00fdrobku.<\/strong><\/p>\n<div id=\"jp-relatedposts\" class=\"jp-relatedposts\">V\u00edce o n\u00e1s, o Lanaja, z ka\u017edodenn\u00edho \u017eivota v na\u0161em ateli\u00e9ru a hodnocen\u00ed spokojen\u00fdch z\u00e1kazn\u00edk\u016f si m\u016f\u017eete prohl\u00e9dnout i na na\u0161ich soci\u00e1ln\u00edch s\u00edt\u00edch: <a href=\"https:\/\/www.instagram.com\/lanaja_sk\" target=\"_blank\" rel=\"noopener\">Lanaja na Instagramu<\/a> a <a href=\"https:\/\/www.facebook.com\/Abreadbag\/\" target=\"_blank\" rel=\"noopener\">Lanaja na Facebooku.<\/a><\/div>\n","protected":false},"excerpt":{"rendered":"<p>Ln\u011bn\u00e9 vaflov\u00e9 \u017e\u00ednky na myt\u00ed obli\u010deje a t\u011bla jsou ide\u00e1ln\u00ed volbou pro ty, kte\u0159\u00ed hledaj\u00ed udr\u017eiteln\u00e9 a ekologick\u00e9 alternativy k jednor\u00e1zov\u00fdm ubrousk\u016fm a odli\u010dovac\u00edm vatov\u00fdm tampon\u016fm. Na rozd\u00edl od jednor\u00e1zov\u00fdch ubrousk\u016f a odli\u010dovac\u00edch tampon\u016f jsou na\u0161e \u017e\u00ednky vyrobeny z vysoce kvalitn\u00edho a odoln\u00e9ho materi\u00e1lu, kter\u00fd vydr\u017e\u00ed mnoho pou\u017eit\u00ed. D\u00edky vaflov\u00e9mu vzoru jsou schopny dokonale a \u0161etrn\u011b odstranit ne\u010distoty, zbytky make-upu z obli\u010deje a t\u011bla, ani\u017e by dr\u00e1\u017edily poko\u017eku.<\/p>\n<p>Nav\u00edc, oproti jednor\u00e1zov\u00fdm ubrousk\u016fm a tampon\u016fm, jsou ln\u011bn\u00e9 vaflov\u00e9 \u017e\u00ednky hygieni\u010dt\u011bj\u0161\u00ed a opakovan\u011b pou\u017eiteln\u00e9. Mohou se pr\u00e1t v pra\u010dce, jsou \u0161etrn\u00e9 k \u017eivotn\u00edmu prost\u0159ed\u00ed, tak\u017ee v\u00e1m u\u0161et\u0159\u00ed pen\u00edze a udr\u017e\u00ed va\u0161i koupelnu \u010dist\u0161\u00ed a udr\u017eiteln\u011bj\u0161\u00ed. Sna\u017e\u00edme se \u0161\u00edt ln\u011bn\u00e9 v\u00fdrobky, kter\u00e9 jsou udr\u017eiteln\u00e9 a kter\u00e9 m\u016f\u017eete pou\u017e\u00edvat dlouhodob\u011b. D\u00edky sv\u00e9 velikosti jsou vhodn\u00e9 i na cesty a mohou b\u00fdt sou\u010d\u00e1st\u00ed va\u0161\u00ed ka\u017edodenn\u00ed p\u00e9\u010de o ple\u0165 a t\u011blo.<\/p>\n","protected":false},"featured_media":7057,"template":"","meta":[],"product_brand":[],"product_cat":[184],"product_tag":[372],"class_list":{"0":"post-13270","1":"product","2":"type-product","3":"status-publish","4":"has-post-thumbnail","6":"product_cat-lnene-rucniky-osusky","7":"product_tag-lnena-zinka","9":"first","10":"instock","11":"shipping-taxable","12":"purchasable","13":"product-type-simple"},"yoast_head":"<!-- This site is optimized with the Yoast SEO plugin v27.4 - https:\/\/yoast.com\/product\/yoast-seo-wordpress\/ -->\n<title>Ln\u011bn\u00e9 \u017e\u00ednky 3ks &#8226; Lanaja-slovensk\u00e1 udr\u017eiteln\u00e1 zna\u010dka a v\u00fdrobce ln\u011bn\u00e9ho textilu<\/title>\n<meta name=\"description\" content=\"Ln\u011bn\u00e9 vaflov\u00e9 \u017e\u00ednky, d\u00e1rkov\u00e9 balen\u00ed 3 kus\u016f ur\u010den\u00e9 pro t\u011blo a obli\u010dej jemn\u011b mas\u00edruj\u00ed poko\u017eku, jsou ide\u00e1ln\u00ed pro odstran\u011bn\u00ed make-upu m\u00edsto jednor\u00e1zov\u00e9 vaty\" \/>\n<meta name=\"robots\" content=\"index, follow, max-snippet:-1, max-image-preview:large, max-video-preview:-1\" \/>\n<link rel=\"canonical\" href=\"https:\/\/lanaja.sk\/cs\/obchod\/lnene-zinky-3ks\/\" \/>\n<meta property=\"og:locale\" content=\"cs_CZ\" \/>\n<meta property=\"og:type\" content=\"article\" \/>\n<meta property=\"og:title\" content=\"Ln\u011bn\u00e9 \u017e\u00ednky 3ks &#8226; Lanaja-slovensk\u00e1 udr\u017eiteln\u00e1 zna\u010dka a v\u00fdrobce ln\u011bn\u00e9ho textilu\" \/>\n<meta property=\"og:description\" content=\"Ln\u011bn\u00e9 vaflov\u00e9 \u017e\u00ednky, d\u00e1rkov\u00e9 balen\u00ed 3 kus\u016f ur\u010den\u00e9 pro t\u011blo a obli\u010dej jemn\u011b mas\u00edruj\u00ed poko\u017eku, jsou ide\u00e1ln\u00ed pro odstran\u011bn\u00ed make-upu m\u00edsto jednor\u00e1zov\u00e9 vaty\" \/>\n<meta property=\"og:url\" content=\"https:\/\/lanaja.sk\/cs\/obchod\/lnene-zinky-3ks\/\" \/>\n<meta property=\"og:site_name\" content=\"Lanaja-slovensk\u00e1 udr\u017eiteln\u00e1 zna\u010dka a v\u00fdrobce ln\u011bn\u00e9ho textilu\" \/>\n<meta property=\"article:publisher\" content=\"https:\/\/www.facebook.com\/Abreadbag\" \/>\n<meta property=\"article:modified_time\" content=\"2025-07-16T11:05:03+00:00\" \/>\n<meta property=\"og:image\" content=\"https:\/\/lanaja.sk\/wp-content\/uploads\/2021\/09\/zinenka4-e1632833081258-jpg.webp\" \/>\n\t<meta property=\"og:image:width\" content=\"850\" \/>\n\t<meta property=\"og:image:height\" content=\"664\" \/>\n\t<meta property=\"og:image:type\" content=\"image\/jpeg\" \/>\n<meta name=\"twitter:card\" content=\"summary_large_image\" \/>\n<meta name=\"twitter:label1\" content=\"Odhadovan\u00e1 doba \u010dten\u00ed\" \/>\n\t<meta name=\"twitter:data1\" content=\"2 minuty\" \/>\n<script type=\"application\/ld+json\" class=\"yoast-schema-graph\">{\"@context\":\"https:\\\/\\\/schema.org\",\"@graph\":[{\"@type\":\"WebPage\",\"@id\":\"https:\\\/\\\/lanaja.sk\\\/cs\\\/obchod\\\/lnene-zinky-3ks\\\/\",\"url\":\"https:\\\/\\\/lanaja.sk\\\/cs\\\/obchod\\\/lnene-zinky-3ks\\\/\",\"name\":\"Ln\u011bn\u00e9 \u017e\u00ednky 3ks &#8226; Lanaja-slovensk\u00e1 udr\u017eiteln\u00e1 zna\u010dka a v\u00fdrobce ln\u011bn\u00e9ho textilu\",\"isPartOf\":{\"@id\":\"https:\\\/\\\/lanaja.sk\\\/cs\\\/#website\"},\"primaryImageOfPage\":{\"@id\":\"https:\\\/\\\/lanaja.sk\\\/cs\\\/obchod\\\/lnene-zinky-3ks\\\/#primaryimage\"},\"image\":{\"@id\":\"https:\\\/\\\/lanaja.sk\\\/cs\\\/obchod\\\/lnene-zinky-3ks\\\/#primaryimage\"},\"thumbnailUrl\":\"https:\\\/\\\/lanaja.sk\\\/wp-content\\\/uploads\\\/2021\\\/09\\\/zinenka4-e1632833081258-jpg.webp\",\"datePublished\":\"2021-09-28T12:48:24+00:00\",\"dateModified\":\"2025-07-16T11:05:03+00:00\",\"description\":\"Ln\u011bn\u00e9 vaflov\u00e9 \u017e\u00ednky, d\u00e1rkov\u00e9 balen\u00ed 3 kus\u016f ur\u010den\u00e9 pro t\u011blo a obli\u010dej jemn\u011b mas\u00edruj\u00ed poko\u017eku, jsou ide\u00e1ln\u00ed pro odstran\u011bn\u00ed make-upu m\u00edsto jednor\u00e1zov\u00e9 vaty\",\"breadcrumb\":{\"@id\":\"https:\\\/\\\/lanaja.sk\\\/cs\\\/obchod\\\/lnene-zinky-3ks\\\/#breadcrumb\"},\"inLanguage\":\"cs\",\"potentialAction\":[{\"@type\":\"ReadAction\",\"target\":[\"https:\\\/\\\/lanaja.sk\\\/cs\\\/obchod\\\/lnene-zinky-3ks\\\/\"]}]},{\"@type\":\"ImageObject\",\"inLanguage\":\"cs\",\"@id\":\"https:\\\/\\\/lanaja.sk\\\/cs\\\/obchod\\\/lnene-zinky-3ks\\\/#primaryimage\",\"url\":\"https:\\\/\\\/lanaja.sk\\\/wp-content\\\/uploads\\\/2021\\\/09\\\/zinenka4-e1632833081258-jpg.webp\",\"contentUrl\":\"https:\\\/\\\/lanaja.sk\\\/wp-content\\\/uploads\\\/2021\\\/09\\\/zinenka4-e1632833081258-jpg.webp\",\"width\":850,\"height\":664,\"caption\":\"\u017einka na telo\"},{\"@type\":\"BreadcrumbList\",\"@id\":\"https:\\\/\\\/lanaja.sk\\\/cs\\\/obchod\\\/lnene-zinky-3ks\\\/#breadcrumb\",\"itemListElement\":[{\"@type\":\"ListItem\",\"position\":1,\"name\":\"Home\",\"item\":\"https:\\\/\\\/lanaja.sk\\\/cs\\\/\"},{\"@type\":\"ListItem\",\"position\":2,\"name\":\"Obchod\",\"item\":\"https:\\\/\\\/lanaja.sk\\\/cs\\\/obchod-cz\\\/\"},{\"@type\":\"ListItem\",\"position\":3,\"name\":\"Ln\u011bn\u00e9 \u017e\u00ednky 3ks\"}]},{\"@type\":\"WebSite\",\"@id\":\"https:\\\/\\\/lanaja.sk\\\/cs\\\/#website\",\"url\":\"https:\\\/\\\/lanaja.sk\\\/cs\\\/\",\"name\":\"Lanaja - bytov\u00fd textil z \u013eanu a \u013eanov\u00e9 v\u00fdrobky\",\"description\":\"Jedine\u010dn\u00fd bytov\u00fd textil, ln\u011bn\u00e9 pytl\u00edky, ln\u011bn\u00e9 ubrusy, ln\u011bn\u00e9 lo\u017en\u00ed povle\u010den\u00ed, ln\u011bn\u00e9 ut\u011brky, ln\u011bn\u00e9 prost\u00edr\u00e1n\u00ed vyroben\u00e9 a \u0161it\u00e9 na Slovensku\",\"publisher\":{\"@id\":\"https:\\\/\\\/lanaja.sk\\\/cs\\\/#organization\"},\"alternateName\":\"Lanaja - v\u00fdrobky z \u013eanu, \u013eanov\u00fd bytov\u00fd textil\",\"potentialAction\":[{\"@type\":\"SearchAction\",\"target\":{\"@type\":\"EntryPoint\",\"urlTemplate\":\"https:\\\/\\\/lanaja.sk\\\/cs\\\/?s={search_term_string}\"},\"query-input\":{\"@type\":\"PropertyValueSpecification\",\"valueRequired\":true,\"valueName\":\"search_term_string\"}}],\"inLanguage\":\"cs\"},{\"@type\":\"Organization\",\"@id\":\"https:\\\/\\\/lanaja.sk\\\/cs\\\/#organization\",\"name\":\"Lanaja\",\"alternateName\":\"Al\u017ebeta Andr\u00e1\u0161ikov\u00e1 - Lanaja\",\"url\":\"https:\\\/\\\/lanaja.sk\\\/cs\\\/\",\"logo\":{\"@type\":\"ImageObject\",\"inLanguage\":\"cs\",\"@id\":\"https:\\\/\\\/lanaja.sk\\\/cs\\\/#\\\/schema\\\/logo\\\/image\\\/\",\"url\":\"https:\\\/\\\/lanaja.sk\\\/wp-content\\\/uploads\\\/2024\\\/01\\\/Lanaja.sk-logo.png\",\"contentUrl\":\"https:\\\/\\\/lanaja.sk\\\/wp-content\\\/uploads\\\/2024\\\/01\\\/Lanaja.sk-logo.png\",\"width\":600,\"height\":300,\"caption\":\"Lanaja\"},\"image\":{\"@id\":\"https:\\\/\\\/lanaja.sk\\\/cs\\\/#\\\/schema\\\/logo\\\/image\\\/\"},\"sameAs\":[\"https:\\\/\\\/www.facebook.com\\\/Abreadbag\",\"https:\\\/\\\/www.instagram.com\\\/lanaja_sk\\\/\"]}]}<\/script>\n<!-- \/ Yoast SEO plugin. -->","yoast_head_json":{"title":"Ln\u011bn\u00e9 \u017e\u00ednky 3ks &#8226; Lanaja-slovensk\u00e1 udr\u017eiteln\u00e1 zna\u010dka a v\u00fdrobce ln\u011bn\u00e9ho textilu","description":"Ln\u011bn\u00e9 vaflov\u00e9 \u017e\u00ednky, d\u00e1rkov\u00e9 balen\u00ed 3 kus\u016f ur\u010den\u00e9 pro t\u011blo a obli\u010dej jemn\u011b mas\u00edruj\u00ed poko\u017eku, jsou ide\u00e1ln\u00ed pro odstran\u011bn\u00ed make-upu m\u00edsto jednor\u00e1zov\u00e9 vaty","robots":{"index":"index","follow":"follow","max-snippet":"max-snippet:-1","max-image-preview":"max-image-preview:large","max-video-preview":"max-video-preview:-1"},"canonical":"https:\/\/lanaja.sk\/cs\/obchod\/lnene-zinky-3ks\/","og_locale":"cs_CZ","og_type":"article","og_title":"Ln\u011bn\u00e9 \u017e\u00ednky 3ks &#8226; Lanaja-slovensk\u00e1 udr\u017eiteln\u00e1 zna\u010dka a v\u00fdrobce ln\u011bn\u00e9ho textilu","og_description":"Ln\u011bn\u00e9 vaflov\u00e9 \u017e\u00ednky, d\u00e1rkov\u00e9 balen\u00ed 3 kus\u016f ur\u010den\u00e9 pro t\u011blo a obli\u010dej jemn\u011b mas\u00edruj\u00ed poko\u017eku, jsou ide\u00e1ln\u00ed pro odstran\u011bn\u00ed make-upu m\u00edsto jednor\u00e1zov\u00e9 vaty","og_url":"https:\/\/lanaja.sk\/cs\/obchod\/lnene-zinky-3ks\/","og_site_name":"Lanaja-slovensk\u00e1 udr\u017eiteln\u00e1 zna\u010dka a v\u00fdrobce ln\u011bn\u00e9ho textilu","article_publisher":"https:\/\/www.facebook.com\/Abreadbag","article_modified_time":"2025-07-16T11:05:03+00:00","og_image":[{"width":850,"height":664,"url":"https:\/\/lanaja.sk\/wp-content\/uploads\/2021\/09\/zinenka4-e1632833081258-jpg.webp","type":"image\/jpeg"}],"twitter_card":"summary_large_image","twitter_misc":{"Odhadovan\u00e1 doba \u010dten\u00ed":"2 minuty"},"schema":{"@context":"https:\/\/schema.org","@graph":[{"@type":"WebPage","@id":"https:\/\/lanaja.sk\/cs\/obchod\/lnene-zinky-3ks\/","url":"https:\/\/lanaja.sk\/cs\/obchod\/lnene-zinky-3ks\/","name":"Ln\u011bn\u00e9 \u017e\u00ednky 3ks &#8226; Lanaja-slovensk\u00e1 udr\u017eiteln\u00e1 zna\u010dka a v\u00fdrobce ln\u011bn\u00e9ho textilu","isPartOf":{"@id":"https:\/\/lanaja.sk\/cs\/#website"},"primaryImageOfPage":{"@id":"https:\/\/lanaja.sk\/cs\/obchod\/lnene-zinky-3ks\/#primaryimage"},"image":{"@id":"https:\/\/lanaja.sk\/cs\/obchod\/lnene-zinky-3ks\/#primaryimage"},"thumbnailUrl":"https:\/\/lanaja.sk\/wp-content\/uploads\/2021\/09\/zinenka4-e1632833081258-jpg.webp","datePublished":"2021-09-28T12:48:24+00:00","dateModified":"2025-07-16T11:05:03+00:00","description":"Ln\u011bn\u00e9 vaflov\u00e9 \u017e\u00ednky, d\u00e1rkov\u00e9 balen\u00ed 3 kus\u016f ur\u010den\u00e9 pro t\u011blo a obli\u010dej jemn\u011b mas\u00edruj\u00ed poko\u017eku, jsou ide\u00e1ln\u00ed pro odstran\u011bn\u00ed make-upu m\u00edsto jednor\u00e1zov\u00e9 vaty","breadcrumb":{"@id":"https:\/\/lanaja.sk\/cs\/obchod\/lnene-zinky-3ks\/#breadcrumb"},"inLanguage":"cs","potentialAction":[{"@type":"ReadAction","target":["https:\/\/lanaja.sk\/cs\/obchod\/lnene-zinky-3ks\/"]}]},{"@type":"ImageObject","inLanguage":"cs","@id":"https:\/\/lanaja.sk\/cs\/obchod\/lnene-zinky-3ks\/#primaryimage","url":"https:\/\/lanaja.sk\/wp-content\/uploads\/2021\/09\/zinenka4-e1632833081258-jpg.webp","contentUrl":"https:\/\/lanaja.sk\/wp-content\/uploads\/2021\/09\/zinenka4-e1632833081258-jpg.webp","width":850,"height":664,"caption":"\u017einka na telo"},{"@type":"BreadcrumbList","@id":"https:\/\/lanaja.sk\/cs\/obchod\/lnene-zinky-3ks\/#breadcrumb","itemListElement":[{"@type":"ListItem","position":1,"name":"Home","item":"https:\/\/lanaja.sk\/cs\/"},{"@type":"ListItem","position":2,"name":"Obchod","item":"https:\/\/lanaja.sk\/cs\/obchod-cz\/"},{"@type":"ListItem","position":3,"name":"Ln\u011bn\u00e9 \u017e\u00ednky 3ks"}]},{"@type":"WebSite","@id":"https:\/\/lanaja.sk\/cs\/#website","url":"https:\/\/lanaja.sk\/cs\/","name":"Lanaja - bytov\u00fd textil z \u013eanu a \u013eanov\u00e9 v\u00fdrobky","description":"Jedine\u010dn\u00fd bytov\u00fd textil, ln\u011bn\u00e9 pytl\u00edky, ln\u011bn\u00e9 ubrusy, ln\u011bn\u00e9 lo\u017en\u00ed povle\u010den\u00ed, ln\u011bn\u00e9 ut\u011brky, ln\u011bn\u00e9 prost\u00edr\u00e1n\u00ed vyroben\u00e9 a \u0161it\u00e9 na Slovensku","publisher":{"@id":"https:\/\/lanaja.sk\/cs\/#organization"},"alternateName":"Lanaja - v\u00fdrobky z \u013eanu, \u013eanov\u00fd bytov\u00fd textil","potentialAction":[{"@type":"SearchAction","target":{"@type":"EntryPoint","urlTemplate":"https:\/\/lanaja.sk\/cs\/?s={search_term_string}"},"query-input":{"@type":"PropertyValueSpecification","valueRequired":true,"valueName":"search_term_string"}}],"inLanguage":"cs"},{"@type":"Organization","@id":"https:\/\/lanaja.sk\/cs\/#organization","name":"Lanaja","alternateName":"Al\u017ebeta Andr\u00e1\u0161ikov\u00e1 - Lanaja","url":"https:\/\/lanaja.sk\/cs\/","logo":{"@type":"ImageObject","inLanguage":"cs","@id":"https:\/\/lanaja.sk\/cs\/#\/schema\/logo\/image\/","url":"https:\/\/lanaja.sk\/wp-content\/uploads\/2024\/01\/Lanaja.sk-logo.png","contentUrl":"https:\/\/lanaja.sk\/wp-content\/uploads\/2024\/01\/Lanaja.sk-logo.png","width":600,"height":300,"caption":"Lanaja"},"image":{"@id":"https:\/\/lanaja.sk\/cs\/#\/schema\/logo\/image\/"},"sameAs":["https:\/\/www.facebook.com\/Abreadbag","https:\/\/www.instagram.com\/lanaja_sk\/"]}]}},"_links":{"self":[{"href":"https:\/\/lanaja.sk\/cs\/wp-json\/wp\/v2\/product\/13270","targetHints":{"allow":["GET"]}}],"collection":[{"href":"https:\/\/lanaja.sk\/cs\/wp-json\/wp\/v2\/product"}],"about":[{"href":"https:\/\/lanaja.sk\/cs\/wp-json\/wp\/v2\/types\/product"}],"version-history":[{"count":1,"href":"https:\/\/lanaja.sk\/cs\/wp-json\/wp\/v2\/product\/13270\/revisions"}],"predecessor-version":[{"id":16372,"href":"https:\/\/lanaja.sk\/cs\/wp-json\/wp\/v2\/product\/13270\/revisions\/16372"}],"wp:featuredmedia":[{"embeddable":true,"href":"https:\/\/lanaja.sk\/cs\/wp-json\/wp\/v2\/media\/7057"}],"wp:attachment":[{"href":"https:\/\/lanaja.sk\/cs\/wp-json\/wp\/v2\/media?parent=13270"}],"wp:term":[{"taxonomy":"product_brand","embeddable":true,"href":"https:\/\/lanaja.sk\/cs\/wp-json\/wp\/v2\/product_brand?post=13270"},{"taxonomy":"product_cat","embeddable":true,"href":"https:\/\/lanaja.sk\/cs\/wp-json\/wp\/v2\/product_cat?post=13270"},{"taxonomy":"product_tag","embeddable":true,"href":"https:\/\/lanaja.sk\/cs\/wp-json\/wp\/v2\/product_tag?post=13270"}],"curies":[{"name":"wp","href":"https:\/\/api.w.org\/{rel}","templated":true}]}}