{"id":13273,"date":"2025-07-06T13:30:20","date_gmt":"2025-07-06T11:30:20","guid":{"rendered":"https:\/\/lanaja.sk\/obchod\/neza\u0159azen\u00e9\/lnena-prosteradla-katarina\/"},"modified":"2025-07-28T19:04:14","modified_gmt":"2025-07-28T17:04:14","slug":"lnene-povleceni-katarina","status":"publish","type":"product","link":"https:\/\/lanaja.sk\/cs\/obchod\/lnene-povleceni-katarina\/","title":{"rendered":"Ln\u011bn\u00e9 povle\u010den\u00ed KATAR\u00cdNA"},"content":{"rendered":"<h2><strong>\u017dlut\u00e9 ln\u011bn\u00e9 povle\u010den\u00ed je jako: &#8222;Slunce v posteli&#8220;<\/strong><\/h2>\n<p>&nbsp;<\/p>\n<p data-sourcepos=\"3:1-3:88\"><strong>Probu\u010fte se do jasn\u00e9ho r\u00e1na s ln\u011bn\u00fdm povle\u010den\u00edm Katarina ve slune\u010dn\u011b \u017elut\u00e9 barv\u011b!<\/strong><\/p>\n<p data-sourcepos=\"5:1-5:26\"><strong>Teplo a energie slunce:<\/strong><\/p>\n<ul data-sourcepos=\"7:1-9:0\">\n<li data-sourcepos=\"7:1-7:100\">\u017dlut\u00e1 barva lnu je jako slune\u010dn\u00ed paprsek, kter\u00fd do va\u0161\u00ed lo\u017enice vnese radost, energii a optimistick\u00fd n\u00e1dech.<\/li>\n<li data-sourcepos=\"8:1-9:0\">Jemn\u00e1 ln\u011bn\u00e1 l\u00e1tka s minimalistick\u00fdm designem v sob\u011b nese p\u0159\u00edb\u011bh \u017eivota a dotek tradice.<\/li>\n<\/ul>\n<p>Ln\u011bn\u00e9 povle\u010den\u00ed Katar\u00edna je \u0161it\u00e9 ze 100% certifikovan\u00e9ho lnu 185g\/m2 pr\u00e9miov\u00e9 kvality. Pokud hled\u00e1te zp\u016fsob, jak vytvo\u0159it v lo\u017enici prost\u0159ed\u00ed \u0161etrn\u00e9 k \u017eivotn\u00edmu prost\u0159ed\u00ed a z\u00e1rove\u0148 pohodln\u00e9, pak je 100% len spr\u00e1vn\u00e1 volba.<\/p>\n<p>Povle\u010den\u00ed Katar\u00edna je z\u00e1rukou nejen kvalitn\u00edho sp\u00e1nku, ale tak\u00e9 udr\u017eiteln\u00e9ho a ekologick\u00e9ho p\u0159\u00edstupu do dom\u00e1cnosti. Pokud hled\u00e1te zp\u016fsob, jak vytvo\u0159it v lo\u017enici prost\u0159ed\u00ed \u0161etrn\u00e9 k \u017eivotn\u00edmu prost\u0159ed\u00ed a z\u00e1rove\u0148 pohodln\u00e9, pak je 100% len spr\u00e1vn\u00e1 volba.<\/p>\n<h4>Hlavn\u00ed v\u00fdhody zdrav\u00e9ho sp\u00e1nku ve lnu<\/h4>\n<p>Za\u017eijte na sv\u00e9 k\u016f\u017ei hebkost a nechte se obklopit uklid\u0148uj\u00edc\u00ed v\u016fn\u00ed. Na\u0161e produkty navod\u00ed atmosf\u00e9ru klidu a p\u0159iprav\u00ed v\u00e1s na klidn\u00fd sp\u00e1nek. \u013danov\u00e9 povle\u010den\u00ed nemus\u00ed b\u00fdt \u017eehleno. Jeho p\u0159irozen\u00e1 struktura mu dod\u00e1v\u00e1 elegantn\u00ed vzhled a vy u\u0161et\u0159\u00edte drahocenn\u00fd \u010das. Uvoln\u011bte se po n\u00e1ro\u010dn\u00e9m dni a usn\u011bte do m\u011bkk\u00e9ho objet\u00ed ln\u011bn\u00e9ho povle\u010den\u00ed. Ka\u017ed\u00fd nov\u00fd den je nov\u00e9 dobrodru\u017estv\u00ed, a proto je d\u016fle\u017eit\u00e9 m\u00edt kvalitn\u00ed a zdrav\u00fd sp\u00e1nek, abychom byli p\u0159ipraveni na v\u0161e, co n\u00e1s \u010dek\u00e1. Ln\u011bn\u00e9 povle\u010den\u00ed v\u00e1m poskytne pr\u00e1v\u011b tuto p\u0159\u00edle\u017eitost &#8211; odpo\u010dinout si a na\u010derpat nov\u00e9 s\u00edly.<\/p>\n<p>V\u00fdhody lo\u017en\u00edho pr\u00e1dla ze 100% lnu jsou nesporn\u00e9. Jeho jedine\u010dn\u00e1 schopnost regulovat teplotu, absorbovat vlhkost a odol\u00e1vat bakteri\u00edm a rozto\u010d\u016fm \u010din\u00ed z n\u011bj ide\u00e1ln\u00ed \u0159e\u0161en\u00ed pro lidi se zdravotn\u00edmi probl\u00e9my, ale i pro ty, kte\u0159\u00ed dbaj\u00ed na zdrav\u00fd sp\u00e1nek a pohodl\u00ed. Pro\u010d si vybrat ln\u011bnou tkaninu?<br \/>Antialergick\u00e1: Ln\u011bn\u00e9 vl\u00e1kno je odoln\u00e9 v\u016f\u010di rozto\u010d\u016fm a bakteri\u00edm, co\u017e z n\u011bj \u010din\u00ed skv\u011blou volbu pro alergiky a osoby s citlivou poko\u017ekou.<br \/>Prody\u0161n\u00e1: Vynikaj\u00edc\u00ed prody\u0161nost ln\u011bn\u00e9 tkaniny zaji\u0161\u0165uje optim\u00e1ln\u00ed klima b\u011bhem sp\u00e1nku. Tkanina odv\u00e1d\u00ed vlhkost a zabra\u0148uje p\u0159eh\u0159\u00edv\u00e1n\u00ed, tak\u017ee se budete c\u00edtit sv\u011b\u017e\u00ed a odpo\u010dat\u00ed.<br \/>Odoln\u00e1 v\u016f\u010di prachu: Ln\u011bn\u00e1 tkanina m\u00e1 p\u0159irozenou schopnost odpuzovat prach, co\u017e p\u0159isp\u00edv\u00e1 k \u010dist\u0161\u00edmu a zdrav\u011bj\u0161\u00edmu prost\u0159ed\u00ed ve va\u0161\u00ed lo\u017enici.<\/p>\n<h4>Ln\u011bn\u00e9 povle\u010den\u00ed \u0161ijeme na m\u00edru<\/h4>\n<p>Spl\u0148te si sv\u016fj sen o dokonal\u00e9m ln\u011bn\u00e9m povle\u010den\u00ed. U\u0161ijeme v\u00e1m je p\u0159esn\u011b podle va\u0161ich p\u0159edstav a rozm\u011br\u016f. Doporu\u010dujeme tak\u00e9 vyu\u017e\u00edt na\u0161e online konzultace.<\/p>\n<p>D\u00edky vn\u011bj\u0161\u00edmu pro\u0161it\u00ed po cel\u00e9m obvodu si m\u016f\u017eete b\u00fdt jisti, \u017ee si v\u00fdrobek zachov\u00e1 sv\u016fj tvar i po opakovan\u00e9m pran\u00ed. Ln\u011bn\u00e9 povle\u010den\u00ed Nela v\u00e1m bude doru\u010deno v elegantn\u00ed d\u00e1rkov\u00e9 krabici, kter\u00e1 je ur\u010dena i pro dal\u0161\u00ed pou\u017eit\u00ed. T\u00edm v\u00e1m u\u0161et\u0159\u00edme starosti s balen\u00edm a vy tak m\u016f\u017eete rovnou darovat zdrav\u00fd a komfortn\u00ed sp\u00e1nek. P\u0159ed \u0161it\u00edm se l\u00e1tka vypere a vy\u017eehl\u00ed, tak\u017ee se nemus\u00edte b\u00e1t, \u017ee by se p\u0159i dal\u0161\u00edm pran\u00ed srazila. Chceme v\u00e1m nab\u00eddnout kvalitn\u00ed lo\u017en\u00ed pr\u00e1dlo, kter\u00e9 je pln\u011b funk\u010dn\u00ed, zdravotn\u011b nez\u00e1vadn\u00e9 a d\u00edky v\u00fdhod\u00e1m lnu p\u0159isp\u00edv\u00e1 k va\u0161emu zdrav\u00ed.<\/p>\n<h4>Bal\u00ed\u010dek m\u016f\u017eete rovnou darovat, a\u0165 u\u017e k narozenin\u00e1m, jako svatebn\u00ed dar, nebo pod strome\u010dek na V\u00e1noce.<\/h4>\n<p>Vytvo\u0159te si sv\u016fj jedine\u010dn\u00fd barevn\u00fd mix a nechte se p\u0159ekvapit kr\u00e1snou a vo\u0148avou krabi\u010dkou. Sestavte si vlastn\u00ed kombinaci barev.<\/p>\n<h4>Zap\u00edn\u00e1n\u00ed na ln\u011bn\u00e9m povle\u010den\u00ed<\/h4>\n<p>Zap\u00edn\u00e1n\u00ed na ln\u011bn\u00e9m povle\u010den\u00ed je \u0159e\u0161eno d\u0159ev\u011bn\u00fdmi knofl\u00edky. M\u016f\u017eete si vybrat tyto typy knofl\u00edk\u016f: D\u0158EV\u011aN\u00c9 NEBO KOKOSOV\u00c9, s viditeln\u00fdm zap\u00edn\u00e1n\u00edm nebo se skryt\u00fdmi knofl\u00edky. Hled\u00e1te lo\u017en\u00ed pr\u00e1dlo z kvalitn\u00ed lnu, kter\u00e9 v\u00e1m vydr\u017e\u00ed dlouh\u00e9 roky? V tom p\u0159\u00edpad\u011b v\u00e1m doporu\u010dujeme zvolit klasick\u00e9 zap\u00edn\u00e1n\u00ed na knofl\u00edky. A\u010dkoli nab\u00edz\u00edme i lo\u017en\u00ed pr\u00e1dlo se zipem, na\u0161e dlouholet\u00e9 zku\u0161enosti ukazuj\u00ed, \u017ee knofl\u00edky jsou odoln\u011bj\u0161\u00ed a zachovaj\u00ed si svou funk\u010dnost po del\u0161\u00ed dobu.<\/p>\n<p><strong>V\u0161echny ln\u011bn\u00e9 tkaniny jsou certifikov\u00e1ny <\/strong>OEKO-TEX STANDART 100. vyrobeno v Evrop\u011b.<\/p>\n<p>V\u00edce o v\u00fdhod\u00e1ch ln\u011bn\u00e9ho pr\u00e1dla se do\u010dtete na na\u0161em blogu <a href=\"https:\/\/lanaja.sk\/cs\" rel=\"noopener\">LEN A JEHO \u00da\u010cINKY Pro zdrav\u00fd a plnohodnotn\u00fd sp\u00e1nek, <\/a> <\/p>\n<p>Jak se starat o ln\u011bn\u00e9 v\u00fdrobky <a href=\"https:\/\/lanaja.sk\/cs\" rel=\"noopener\">P\u00c9\u010cE O LN\u011aN\u00c9 V\u00ddROBKY<\/a><\/p>\n<p>BARVA: \u017dlut\u00e1<\/p>\n<p>Ln\u011bn\u00e9 povle\u010den\u00ed m\u016f\u017eete tak\u00e9 sladit s ln\u011bn\u00fdm prost\u011bradlem <a href=\"https:\/\/lanaja.sk\/cs\" rel=\"noopener noreferrer\">ZDE<\/a><\/p>\n<p>Ln\u011bn\u00e9 povle\u010den\u00ed v jin\u00fdch barv\u00e1ch a velikostech si m\u016f\u017eete objednat <a href=\"https:\/\/lanaja.sk\/cs\" rel=\"noopener noreferrer\">tak\u00e9 ZDE<\/a> a tak\u00e9 rozm\u011bry ln\u011bn\u00e9ho povle\u010den\u00ed do d\u011btsk\u00fdch post\u00fdlek, junior\u016f.<\/p>\n<h4>Tipy pro barevnou kombinaci:<\/h4>\n<ol>\n<li>ln\u011bn\u00e9 povle\u010den\u00ed Katar\u00edna kombinovan\u00e9 s b\u00edl\u00fdm ln\u011bn\u00fdm povle\u010den\u00edm <a href=\"https:\/\/lanaja.sk\/cs\">Martina<\/a> a <a href=\"https:\/\/lanaja.sk\/cs\">b\u00edl\u00fdm ln\u011bn\u00fdm prost\u011bradlem<\/a>.<br \/>\nKombinace s b\u00edlou barvou je klasick\u00e1 a elegantn\u00ed volba, kter\u00e1 nikdy nevyjde z m\u00f3dy. B\u00edl\u00e1 barva zd\u016frazn\u00ed z\u00e1\u0159ivost \u017elut\u00e9 a dod\u00e1 interi\u00e9ru lehkost a vzdu\u0161nost.<\/li>\n<li>ln\u011bn\u00e9 povle\u010den\u00ed Katar\u00edna kombinovan\u00e9 s <a href=\"https:\/\/lanaja.sk\/cs\">p\u0159\u00edrodn\u00edm ln\u011bn\u00fdm prost\u011bradlem<\/a> a ln\u011bn\u00fdmi pol\u0161t\u00e1\u0159i <a href=\"https:\/\/lanaja.sk\/cs\/obchod\/loznice\/lnene-povleceni-cs\/lnene-povleceni-classic\/\">Klasik<\/a> v p\u0159\u00edrodn\u00ed b\u00e9\u017eov\u00e9 barv\u011b.<br \/>\nKombinace s p\u0159\u00edrodn\u00ed b\u00e9\u017eovou barvou p\u016fsob\u00ed jemn\u011b a harmonicky, ale z\u00e1rove\u0148 uklid\u0148uj\u00edc\u00edm a relaxa\u010dn\u00edm dojmem. B\u00e9\u017eov\u00e1 barva zd\u016frazn\u00ed p\u0159irozenou kr\u00e1su lnu a dod\u00e1 va\u0161\u00ed lo\u017enici teplo.<\/li>\n<li>ln\u011bn\u00e9 povle\u010den\u00ed Katarina v kombinaci se <a href=\"https:\/\/lanaja.sk\/cs\">sv\u011btle \u0161ed\u00fdm ln\u011bn\u00fdm povle\u010den\u00edm David, <\/a> nebo s tmav\u011b \u0161ed\u00fdmi ln\u011bn\u00fdmi prost\u011bradly <a href=\"https:\/\/lanaja.sk\/cs\">Viktor<\/a><\/li>\n<\/ol>\n<p>&nbsp;<\/p>\n<p><strong>Po\u010d\u00edtejte s dodac\u00ed lh\u016ftou 5-15 pracovn\u00edch dn\u016f, pokud nem\u00e1me produkt \u0161it\u00fd skladem, ru\u010dn\u00ed pr\u00e1ce vy\u017eaduje n\u00e1\u0161 \u010das. Ln\u011bn\u00e9 v\u00fdrobky \u0161ijeme v na\u0161\u00ed d\u00edln\u011b dle Va\u0161eho p\u0159\u00e1n\u00ed a na m\u00edru v z\u00e1vislosti na konkr\u00e9tn\u00edm v\u00fdrobku.<\/strong><\/p>\n","protected":false},"excerpt":{"rendered":"<p>Jarn\u00ed slunce n\u00e1m sv\u00fdm h\u0159ejiv\u00fdm sv\u011btlem rozjas\u0148uje krajinu. Za\u017eijte tepl\u00e9 paprsky slunce v na\u0161em \u017elut\u00e9m ln\u011bn\u00e9m povle\u010den\u00ed Katar\u00edna. Ru\u010dn\u011b \u0161it\u00e9 s l\u00e1skou a p\u00e9\u010d\u00ed p\u0159\u00edmo v na\u0161\u00ed d\u00edln\u011b v Lanaja z t\u011bch nejkvalitn\u011bj\u0161\u00edch p\u0159\u00edrodn\u00edch materi\u00e1l\u016f.<\/p>\n<p>\u017dlut\u00e1 barva lnu je jako slune\u010dn\u00ed paprsek, je to barva radosti, energie a nov\u00e9ho za\u010d\u00e1tku. Ln\u011bn\u00e1 tkanina je jemn\u00e1, ale z\u00e1rove\u0148 pevn\u00e1, s p\u0159irozenou strukturou. Vzor ln\u011bn\u00fdch prost\u011bradel je minilistick\u00fd, jednoduch\u00fd a nese v sob\u011b p\u0159\u00edb\u011bh \u017eivota.<\/p>\n<p>Ln\u011bn\u00e1 l\u00e1tka je vyrobena z \u010dist\u00e9ho certifikovan\u00e9ho lnu p\u011bstovan\u00e9ho v Pobalt\u00ed, bez pou\u017eit\u00ed chemik\u00e1li\u00ed a s ohledem na \u017eivotn\u00ed prost\u0159ed\u00ed. Je to projev zodpov\u011bdn\u00e9ho p\u0159\u00edstupu k p\u0159\u00edrod\u011b a udr\u017eiteln\u00e9ho \u017eivotn\u00edho stylu.<br \/>\nTyto \u017elut\u00e9 ln\u011bn\u00e9 povle\u010den\u00ed Kate\u0159ina (Katar\u00edna) jsou v\u00edce ne\u017e jen kus l\u00e1tky, spojuj\u00ed tradici s modern\u00edm sv\u011btem a ekologickou odpov\u011bdnost\u00ed. Svou zru\u010dnost\u00ed a l\u00e1skou ke sv\u00e9 pr\u00e1ci d\u00e1v\u00e1me tomuto povle\u010den\u00ed du\u0161i a charakter.<br \/>\nKdy\u017e se dotknete \u017elut\u00e9ho ln\u011bn\u00e9ho povle\u010den\u00ed, c\u00edt\u00edte teplo slunce, v\u016fni p\u0159\u00edrody a touhu \u017e\u00edt s n\u00ed v harmonii.  Objevte povle\u010den\u00ed, kter\u00e9 do va\u0161eho domova p\u0159inese d\u00e1vku pozitivn\u00ed energie.<\/p>\n","protected":false},"featured_media":16221,"template":"","meta":[],"product_brand":[],"product_cat":[365,363],"product_tag":[367],"class_list":{"0":"post-13273","1":"product","2":"type-product","3":"status-publish","4":"has-post-thumbnail","6":"product_cat-lnena-prosteradla-ve-standardnich-velikostech","7":"product_cat-lnene-povleceni-cs","8":"product_tag-lnene-povleceni","10":"first","11":"onbackorder","12":"shipping-taxable","13":"purchasable","14":"product-type-variable"},"yoast_head":"<!-- This site is optimized with the Yoast SEO plugin v27.4 - https:\/\/yoast.com\/product\/yoast-seo-wordpress\/ -->\n<title>Ln\u011bn\u00e9 povle\u010den\u00ed Katar\u00edna - slovensk\u00fd v\u00fdrobek Lanaja-slovensk\u00e1 udr\u017eiteln\u00e1 zna\u010dka a v\u00fdrobce ln\u011bn\u00e9ho textilu zna\u010dka<\/title>\n<meta name=\"description\" content=\"Ln\u011bn\u00e9 povle\u010den\u00ed Katar\u00edna jsou \u0161it\u00e9 v na\u0161\u00ed d\u00edln\u011b z m\u011bk\u010den\u00e9ho p\u0159edepran\u00e9ho lnu 185g, STONEWASHED\" \/>\n<meta name=\"robots\" content=\"index, follow, max-snippet:-1, max-image-preview:large, max-video-preview:-1\" \/>\n<link rel=\"canonical\" href=\"https:\/\/lanaja.sk\/cs\/obchod\/lnene-povleceni-katarina\/\" \/>\n<meta property=\"og:locale\" content=\"cs_CZ\" \/>\n<meta property=\"og:type\" content=\"article\" \/>\n<meta property=\"og:title\" content=\"Ln\u011bn\u00e9 povle\u010den\u00ed Katar\u00edna - slovensk\u00fd v\u00fdrobek Lanaja-slovensk\u00e1 udr\u017eiteln\u00e1 zna\u010dka a v\u00fdrobce ln\u011bn\u00e9ho textilu zna\u010dka\" \/>\n<meta property=\"og:description\" content=\"Ln\u011bn\u00e9 povle\u010den\u00ed Katar\u00edna jsou \u0161it\u00e9 v na\u0161\u00ed d\u00edln\u011b z m\u011bk\u010den\u00e9ho p\u0159edepran\u00e9ho lnu 185g, STONEWASHED\" \/>\n<meta property=\"og:url\" content=\"https:\/\/lanaja.sk\/cs\/obchod\/lnene-povleceni-katarina\/\" \/>\n<meta property=\"og:site_name\" content=\"Lanaja-slovensk\u00e1 udr\u017eiteln\u00e1 zna\u010dka a v\u00fdrobce ln\u011bn\u00e9ho textilu\" \/>\n<meta property=\"article:publisher\" content=\"https:\/\/www.facebook.com\/Abreadbag\" \/>\n<meta property=\"article:modified_time\" content=\"2025-07-28T17:04:14+00:00\" \/>\n<meta property=\"og:image\" content=\"https:\/\/lanaja.sk\/wp-content\/uploads\/2024\/05\/slovenske-zlte-lanove-postelne-obliecky-katarina-scaled.jpg\" \/>\n\t<meta property=\"og:image:width\" content=\"2560\" \/>\n\t<meta property=\"og:image:height\" content=\"2560\" \/>\n\t<meta property=\"og:image:type\" content=\"image\/jpeg\" \/>\n<meta name=\"twitter:card\" content=\"summary_large_image\" \/>\n<meta name=\"twitter:label1\" content=\"Odhadovan\u00e1 doba \u010dten\u00ed\" \/>\n\t<meta name=\"twitter:data1\" content=\"5 minut\" \/>\n<script type=\"application\/ld+json\" class=\"yoast-schema-graph\">{\"@context\":\"https:\\\/\\\/schema.org\",\"@graph\":[{\"@type\":\"WebPage\",\"@id\":\"https:\\\/\\\/lanaja.sk\\\/cs\\\/obchod\\\/lnene-povleceni-katarina\\\/\",\"url\":\"https:\\\/\\\/lanaja.sk\\\/cs\\\/obchod\\\/lnene-povleceni-katarina\\\/\",\"name\":\"Ln\u011bn\u00e9 povle\u010den\u00ed Katar\u00edna - slovensk\u00fd v\u00fdrobek Lanaja-slovensk\u00e1 udr\u017eiteln\u00e1 zna\u010dka a v\u00fdrobce ln\u011bn\u00e9ho textilu zna\u010dka\",\"isPartOf\":{\"@id\":\"https:\\\/\\\/lanaja.sk\\\/cs\\\/#website\"},\"primaryImageOfPage\":{\"@id\":\"https:\\\/\\\/lanaja.sk\\\/cs\\\/obchod\\\/lnene-povleceni-katarina\\\/#primaryimage\"},\"image\":{\"@id\":\"https:\\\/\\\/lanaja.sk\\\/cs\\\/obchod\\\/lnene-povleceni-katarina\\\/#primaryimage\"},\"thumbnailUrl\":\"https:\\\/\\\/lanaja.sk\\\/wp-content\\\/uploads\\\/2024\\\/05\\\/slovenske-zlte-lanove-postelne-obliecky-katarina-scaled.jpg\",\"datePublished\":\"2025-07-06T11:30:20+00:00\",\"dateModified\":\"2025-07-28T17:04:14+00:00\",\"description\":\"Ln\u011bn\u00e9 povle\u010den\u00ed Katar\u00edna jsou \u0161it\u00e9 v na\u0161\u00ed d\u00edln\u011b z m\u011bk\u010den\u00e9ho p\u0159edepran\u00e9ho lnu 185g, STONEWASHED\",\"breadcrumb\":{\"@id\":\"https:\\\/\\\/lanaja.sk\\\/cs\\\/obchod\\\/lnene-povleceni-katarina\\\/#breadcrumb\"},\"inLanguage\":\"cs\",\"potentialAction\":[{\"@type\":\"ReadAction\",\"target\":[\"https:\\\/\\\/lanaja.sk\\\/cs\\\/obchod\\\/lnene-povleceni-katarina\\\/\"]}]},{\"@type\":\"ImageObject\",\"inLanguage\":\"cs\",\"@id\":\"https:\\\/\\\/lanaja.sk\\\/cs\\\/obchod\\\/lnene-povleceni-katarina\\\/#primaryimage\",\"url\":\"https:\\\/\\\/lanaja.sk\\\/wp-content\\\/uploads\\\/2024\\\/05\\\/slovenske-zlte-lanove-postelne-obliecky-katarina-scaled.jpg\",\"contentUrl\":\"https:\\\/\\\/lanaja.sk\\\/wp-content\\\/uploads\\\/2024\\\/05\\\/slovenske-zlte-lanove-postelne-obliecky-katarina-scaled.jpg\",\"width\":2560,\"height\":2560,\"caption\":\"Ako kombinova\u0165 \u017elt\u00e9\"},{\"@type\":\"BreadcrumbList\",\"@id\":\"https:\\\/\\\/lanaja.sk\\\/cs\\\/obchod\\\/lnene-povleceni-katarina\\\/#breadcrumb\",\"itemListElement\":[{\"@type\":\"ListItem\",\"position\":1,\"name\":\"Home\",\"item\":\"https:\\\/\\\/lanaja.sk\\\/cs\\\/\"},{\"@type\":\"ListItem\",\"position\":2,\"name\":\"Obchod\",\"item\":\"https:\\\/\\\/lanaja.sk\\\/cs\\\/obchod-cz\\\/\"},{\"@type\":\"ListItem\",\"position\":3,\"name\":\"Ln\u011bn\u00e9 povle\u010den\u00ed KATAR\u00cdNA\"}]},{\"@type\":\"WebSite\",\"@id\":\"https:\\\/\\\/lanaja.sk\\\/cs\\\/#website\",\"url\":\"https:\\\/\\\/lanaja.sk\\\/cs\\\/\",\"name\":\"Lanaja - bytov\u00fd textil z \u013eanu a \u013eanov\u00e9 v\u00fdrobky\",\"description\":\"Jedine\u010dn\u00fd bytov\u00fd textil, ln\u011bn\u00e9 pytl\u00edky, ln\u011bn\u00e9 ubrusy, ln\u011bn\u00e9 lo\u017en\u00ed povle\u010den\u00ed, ln\u011bn\u00e9 ut\u011brky, ln\u011bn\u00e9 prost\u00edr\u00e1n\u00ed vyroben\u00e9 a \u0161it\u00e9 na Slovensku\",\"publisher\":{\"@id\":\"https:\\\/\\\/lanaja.sk\\\/cs\\\/#organization\"},\"alternateName\":\"Lanaja - v\u00fdrobky z \u013eanu, \u013eanov\u00fd bytov\u00fd textil\",\"potentialAction\":[{\"@type\":\"SearchAction\",\"target\":{\"@type\":\"EntryPoint\",\"urlTemplate\":\"https:\\\/\\\/lanaja.sk\\\/cs\\\/?s={search_term_string}\"},\"query-input\":{\"@type\":\"PropertyValueSpecification\",\"valueRequired\":true,\"valueName\":\"search_term_string\"}}],\"inLanguage\":\"cs\"},{\"@type\":\"Organization\",\"@id\":\"https:\\\/\\\/lanaja.sk\\\/cs\\\/#organization\",\"name\":\"Lanaja\",\"alternateName\":\"Al\u017ebeta Andr\u00e1\u0161ikov\u00e1 - Lanaja\",\"url\":\"https:\\\/\\\/lanaja.sk\\\/cs\\\/\",\"logo\":{\"@type\":\"ImageObject\",\"inLanguage\":\"cs\",\"@id\":\"https:\\\/\\\/lanaja.sk\\\/cs\\\/#\\\/schema\\\/logo\\\/image\\\/\",\"url\":\"https:\\\/\\\/lanaja.sk\\\/wp-content\\\/uploads\\\/2024\\\/01\\\/Lanaja.sk-logo.png\",\"contentUrl\":\"https:\\\/\\\/lanaja.sk\\\/wp-content\\\/uploads\\\/2024\\\/01\\\/Lanaja.sk-logo.png\",\"width\":600,\"height\":300,\"caption\":\"Lanaja\"},\"image\":{\"@id\":\"https:\\\/\\\/lanaja.sk\\\/cs\\\/#\\\/schema\\\/logo\\\/image\\\/\"},\"sameAs\":[\"https:\\\/\\\/www.facebook.com\\\/Abreadbag\",\"https:\\\/\\\/www.instagram.com\\\/lanaja_sk\\\/\"]}]}<\/script>\n<!-- \/ Yoast SEO plugin. -->","yoast_head_json":{"title":"Ln\u011bn\u00e9 povle\u010den\u00ed Katar\u00edna - slovensk\u00fd v\u00fdrobek Lanaja-slovensk\u00e1 udr\u017eiteln\u00e1 zna\u010dka a v\u00fdrobce ln\u011bn\u00e9ho textilu zna\u010dka","description":"Ln\u011bn\u00e9 povle\u010den\u00ed Katar\u00edna jsou \u0161it\u00e9 v na\u0161\u00ed d\u00edln\u011b z m\u011bk\u010den\u00e9ho p\u0159edepran\u00e9ho lnu 185g, STONEWASHED","robots":{"index":"index","follow":"follow","max-snippet":"max-snippet:-1","max-image-preview":"max-image-preview:large","max-video-preview":"max-video-preview:-1"},"canonical":"https:\/\/lanaja.sk\/cs\/obchod\/lnene-povleceni-katarina\/","og_locale":"cs_CZ","og_type":"article","og_title":"Ln\u011bn\u00e9 povle\u010den\u00ed Katar\u00edna - slovensk\u00fd v\u00fdrobek Lanaja-slovensk\u00e1 udr\u017eiteln\u00e1 zna\u010dka a v\u00fdrobce ln\u011bn\u00e9ho textilu zna\u010dka","og_description":"Ln\u011bn\u00e9 povle\u010den\u00ed Katar\u00edna jsou \u0161it\u00e9 v na\u0161\u00ed d\u00edln\u011b z m\u011bk\u010den\u00e9ho p\u0159edepran\u00e9ho lnu 185g, STONEWASHED","og_url":"https:\/\/lanaja.sk\/cs\/obchod\/lnene-povleceni-katarina\/","og_site_name":"Lanaja-slovensk\u00e1 udr\u017eiteln\u00e1 zna\u010dka a v\u00fdrobce ln\u011bn\u00e9ho textilu","article_publisher":"https:\/\/www.facebook.com\/Abreadbag","article_modified_time":"2025-07-28T17:04:14+00:00","og_image":[{"width":2560,"height":2560,"url":"https:\/\/lanaja.sk\/wp-content\/uploads\/2024\/05\/slovenske-zlte-lanove-postelne-obliecky-katarina-scaled.jpg","type":"image\/jpeg"}],"twitter_card":"summary_large_image","twitter_misc":{"Odhadovan\u00e1 doba \u010dten\u00ed":"5 minut"},"schema":{"@context":"https:\/\/schema.org","@graph":[{"@type":"WebPage","@id":"https:\/\/lanaja.sk\/cs\/obchod\/lnene-povleceni-katarina\/","url":"https:\/\/lanaja.sk\/cs\/obchod\/lnene-povleceni-katarina\/","name":"Ln\u011bn\u00e9 povle\u010den\u00ed Katar\u00edna - slovensk\u00fd v\u00fdrobek Lanaja-slovensk\u00e1 udr\u017eiteln\u00e1 zna\u010dka a v\u00fdrobce ln\u011bn\u00e9ho textilu zna\u010dka","isPartOf":{"@id":"https:\/\/lanaja.sk\/cs\/#website"},"primaryImageOfPage":{"@id":"https:\/\/lanaja.sk\/cs\/obchod\/lnene-povleceni-katarina\/#primaryimage"},"image":{"@id":"https:\/\/lanaja.sk\/cs\/obchod\/lnene-povleceni-katarina\/#primaryimage"},"thumbnailUrl":"https:\/\/lanaja.sk\/wp-content\/uploads\/2024\/05\/slovenske-zlte-lanove-postelne-obliecky-katarina-scaled.jpg","datePublished":"2025-07-06T11:30:20+00:00","dateModified":"2025-07-28T17:04:14+00:00","description":"Ln\u011bn\u00e9 povle\u010den\u00ed Katar\u00edna jsou \u0161it\u00e9 v na\u0161\u00ed d\u00edln\u011b z m\u011bk\u010den\u00e9ho p\u0159edepran\u00e9ho lnu 185g, STONEWASHED","breadcrumb":{"@id":"https:\/\/lanaja.sk\/cs\/obchod\/lnene-povleceni-katarina\/#breadcrumb"},"inLanguage":"cs","potentialAction":[{"@type":"ReadAction","target":["https:\/\/lanaja.sk\/cs\/obchod\/lnene-povleceni-katarina\/"]}]},{"@type":"ImageObject","inLanguage":"cs","@id":"https:\/\/lanaja.sk\/cs\/obchod\/lnene-povleceni-katarina\/#primaryimage","url":"https:\/\/lanaja.sk\/wp-content\/uploads\/2024\/05\/slovenske-zlte-lanove-postelne-obliecky-katarina-scaled.jpg","contentUrl":"https:\/\/lanaja.sk\/wp-content\/uploads\/2024\/05\/slovenske-zlte-lanove-postelne-obliecky-katarina-scaled.jpg","width":2560,"height":2560,"caption":"Ako kombinova\u0165 \u017elt\u00e9"},{"@type":"BreadcrumbList","@id":"https:\/\/lanaja.sk\/cs\/obchod\/lnene-povleceni-katarina\/#breadcrumb","itemListElement":[{"@type":"ListItem","position":1,"name":"Home","item":"https:\/\/lanaja.sk\/cs\/"},{"@type":"ListItem","position":2,"name":"Obchod","item":"https:\/\/lanaja.sk\/cs\/obchod-cz\/"},{"@type":"ListItem","position":3,"name":"Ln\u011bn\u00e9 povle\u010den\u00ed KATAR\u00cdNA"}]},{"@type":"WebSite","@id":"https:\/\/lanaja.sk\/cs\/#website","url":"https:\/\/lanaja.sk\/cs\/","name":"Lanaja - bytov\u00fd textil z \u013eanu a \u013eanov\u00e9 v\u00fdrobky","description":"Jedine\u010dn\u00fd bytov\u00fd textil, ln\u011bn\u00e9 pytl\u00edky, ln\u011bn\u00e9 ubrusy, ln\u011bn\u00e9 lo\u017en\u00ed povle\u010den\u00ed, ln\u011bn\u00e9 ut\u011brky, ln\u011bn\u00e9 prost\u00edr\u00e1n\u00ed vyroben\u00e9 a \u0161it\u00e9 na Slovensku","publisher":{"@id":"https:\/\/lanaja.sk\/cs\/#organization"},"alternateName":"Lanaja - v\u00fdrobky z \u013eanu, \u013eanov\u00fd bytov\u00fd textil","potentialAction":[{"@type":"SearchAction","target":{"@type":"EntryPoint","urlTemplate":"https:\/\/lanaja.sk\/cs\/?s={search_term_string}"},"query-input":{"@type":"PropertyValueSpecification","valueRequired":true,"valueName":"search_term_string"}}],"inLanguage":"cs"},{"@type":"Organization","@id":"https:\/\/lanaja.sk\/cs\/#organization","name":"Lanaja","alternateName":"Al\u017ebeta Andr\u00e1\u0161ikov\u00e1 - Lanaja","url":"https:\/\/lanaja.sk\/cs\/","logo":{"@type":"ImageObject","inLanguage":"cs","@id":"https:\/\/lanaja.sk\/cs\/#\/schema\/logo\/image\/","url":"https:\/\/lanaja.sk\/wp-content\/uploads\/2024\/01\/Lanaja.sk-logo.png","contentUrl":"https:\/\/lanaja.sk\/wp-content\/uploads\/2024\/01\/Lanaja.sk-logo.png","width":600,"height":300,"caption":"Lanaja"},"image":{"@id":"https:\/\/lanaja.sk\/cs\/#\/schema\/logo\/image\/"},"sameAs":["https:\/\/www.facebook.com\/Abreadbag","https:\/\/www.instagram.com\/lanaja_sk\/"]}]}},"_links":{"self":[{"href":"https:\/\/lanaja.sk\/cs\/wp-json\/wp\/v2\/product\/13273","targetHints":{"allow":["GET"]}}],"collection":[{"href":"https:\/\/lanaja.sk\/cs\/wp-json\/wp\/v2\/product"}],"about":[{"href":"https:\/\/lanaja.sk\/cs\/wp-json\/wp\/v2\/types\/product"}],"version-history":[{"count":8,"href":"https:\/\/lanaja.sk\/cs\/wp-json\/wp\/v2\/product\/13273\/revisions"}],"predecessor-version":[{"id":16411,"href":"https:\/\/lanaja.sk\/cs\/wp-json\/wp\/v2\/product\/13273\/revisions\/16411"}],"wp:featuredmedia":[{"embeddable":true,"href":"https:\/\/lanaja.sk\/cs\/wp-json\/wp\/v2\/media\/16221"}],"wp:attachment":[{"href":"https:\/\/lanaja.sk\/cs\/wp-json\/wp\/v2\/media?parent=13273"}],"wp:term":[{"taxonomy":"product_brand","embeddable":true,"href":"https:\/\/lanaja.sk\/cs\/wp-json\/wp\/v2\/product_brand?post=13273"},{"taxonomy":"product_cat","embeddable":true,"href":"https:\/\/lanaja.sk\/cs\/wp-json\/wp\/v2\/product_cat?post=13273"},{"taxonomy":"product_tag","embeddable":true,"href":"https:\/\/lanaja.sk\/cs\/wp-json\/wp\/v2\/product_tag?post=13273"}],"curies":[{"name":"wp","href":"https:\/\/api.w.org\/{rel}","templated":true}]}}