{"id":13274,"date":"2021-02-27T16:33:14","date_gmt":"2021-02-27T15:33:14","guid":{"rendered":"https:\/\/lanaja.sk\/obchod\/neza\u0159azen\u00e9\/povleceni-michaela\/"},"modified":"2025-07-05T14:43:00","modified_gmt":"2025-07-05T12:43:00","slug":"povleceni-michaela","status":"publish","type":"product","link":"https:\/\/lanaja.sk\/cs\/obchod\/povleceni-michaela\/","title":{"rendered":"Ln\u011bn\u00e9 povle\u010den\u00ed Michaela"},"content":{"rendered":"<h2><strong>Ln\u011bn\u00e9 povle\u010den\u00ed Michaela<\/strong><\/h2>\n<p><strong>Ln\u011bn\u00e9 povle\u010den\u00ed Michaela<\/strong> jsou dokonalou kombinac\u00ed p\u0159\u00edrodn\u00edho lnu a zp\u016fsobu, jak si u\u017e\u00edt p\u0159\u00edjemn\u00fd a pohodln\u00fd sp\u00e1nek v zim\u011b i v l\u00e9t\u011b. Jsou tepl\u00e9, prody\u0161n\u00e9 a odoln\u00e9. Pokud hled\u00e1te kvalitn\u00ed povle\u010den\u00ed, kter\u00e9 v\u00e1m vydr\u017e\u00ed roky, povle\u010den\u00ed Michaela jsou skv\u011blou volbou. Siln\u011bj\u0161\u00ed len m\u00e1 n\u011bkolik v\u00fdhod. Je odoln\u011bj\u0161\u00ed proti od\u011bru a tolik se nema\u010dk\u00e1. Povle\u010den\u00ed s vy\u0161\u0161\u00ed gram\u00e1\u017e\u00ed 245 g\/m\u00b2 je ide\u00e1ln\u00ed v zimn\u00edch i letn\u00edch m\u011bs\u00edc\u00edch.<\/p>\n<p><strong>Pro\u010d Michaela? Pro\u010d vy\u0161\u0161\u00ed v\u00e1ha?<\/strong><br \/>\nDovolte mi p\u0159edstavit v\u00e1m na\u0161i kolekci ln\u011bn\u00e9ho povle\u010den\u00ed Michaela, kter\u00e1 je navr\u017eena s ohledem na va\u0161e pohodl\u00ed, teplej\u0161\u00ed noci a uspokoj\u00ed i ten nejn\u00e1ro\u010dn\u011bj\u0161\u00ed vkus.<\/p>\n<p><strong>Zima s eleganc\u00ed:<\/strong><br \/>\nLn\u011bn\u00e9 povle\u010den\u00ed Michaela je o spojen\u00ed p\u0159\u00edjemn\u00e9ho s u\u017eite\u010dn\u00fdm. Je to spojen\u00ed p\u0159\u00edrodn\u00edho a funk\u010dn\u00edho, kter\u00e9 v\u00e1s zah\u0159\u00edv\u00e1 nejen svoj\u00ed hustotou ln\u011bn\u00fdch vl\u00e1ken.<\/p>\n<p><strong>Hmotnost, kter\u00e1 h\u0159eje:<\/strong><br \/>\nVy\u0161\u0161\u00ed gram\u00e1\u017e (245g\/m\u00b2) znamen\u00e1 h\u0159ejiv\u00fd objem. Kolekce Michaela nen\u00ed jen povle\u010den\u00ed, je to p\u0159edev\u0161\u00edm funk\u010dnost a pohodl\u00ed, kter\u00e9 v\u00e1m poskytne p\u0159\u00edjemn\u00fd pocit objet\u00ed, kdy\u017e venkovn\u00ed teploty klesnou. Naopak v letn\u00edch m\u011bs\u00edc\u00edch v\u00e1s spolehliv\u011b ochlad\u00ed.<\/p>\n<p><strong>Ekologicky udr\u017eiteln\u00e9:<\/strong><br \/>\nZ\u00e1le\u017e\u00ed n\u00e1m na udr\u017eitelnosti. Ln\u011bn\u00e1 l\u00e1tka je ekologicky p\u0159ijateln\u00e1 volba, proto\u017ee je vyrobena z p\u0159\u00edrodn\u00edch vl\u00e1ken a m\u00e1 men\u0161\u00ed ekologickou stopu.<\/p>\n<p>Ln\u011bn\u00e9 povle\u010den\u00ed si nevyb\u00edr\u00e1te jen na leto\u0161n\u00ed zimu. Vyb\u00edr\u00e1te si v\u011brn\u00e9ho spole\u010dn\u00edka na mnoho let. Vy\u0161\u0161\u00ed hmotnost znamen\u00e1 vy\u0161\u0161\u00ed odolnost a dlouhodob\u00fd po\u017eitek. Nen\u00ed t\u0159eba se jich b\u00e1t, len nep\u0159eh\u0159\u00edv\u00e1 t\u011blo, proto\u017ee m\u00e1 termoregula\u010dn\u00ed schopnost, je p\u0159\u00edjemn\u00fd a m\u011bkk\u00fd na dotek. U\u017e se n\u00e1m mnohokr\u00e1t potvrdilo, \u017ee kdo jednou vyzkou\u0161el sp\u00e1nek ve ln\u011bn\u00e9m povle\u010den\u00ed, v jin\u00e9m u\u017e sp\u00e1t necht\u011bl,<\/p>\n<p>Ln\u011bn\u00e9 povle\u010den\u00ed Michaela je u\u0161ito ze 100% certifikovan\u00e9ho lnu 245g\/m2 pr\u00e9miov\u00e9 kvality, tento len je m\u011bk\u010den\u00fd, ide\u00e1ln\u00ed na lo\u017en\u00ed pr\u00e1dlo a z\u00e1rove\u0148 dostate\u010dn\u011b pevn\u00fd.<\/p>\n<p>Pokud si p\u0159ejete ln\u011bn\u00e9 povle\u010den\u00ed prodlou\u017eit, napi\u0161te n\u00e1m, r\u00e1di v\u00e1m porad\u00edme a uprav\u00edme p\u0159esn\u011b podle va\u0161ich po\u017eadavk\u016f a na m\u00edru.<\/p>\n<p>D\u00edky vn\u011bj\u0161\u00edmu pro\u0161it\u00ed po obvodu si ln\u011bn\u00e9 povle\u010den\u00ed zachov\u00e1 sv\u016fj tvar i po opakovan\u00e9m pran\u00ed. Povle\u010den\u00ed se v\u00e1m nebude kroutit a po vypr\u00e1n\u00ed sta\u010d\u00ed jen vyt\u0159epat a nechat uschnout. Ln\u011bn\u00e9 povle\u010den\u00ed Nela v\u00e1m bude doru\u010deno v elegantn\u00ed d\u00e1rkov\u00e9 krabici, kter\u00e1 je ur\u010dena i pro dal\u0161\u00ed pou\u017eit\u00ed. T\u00edm v\u00e1m u\u0161et\u0159\u00edme starosti s balen\u00edm a vy tak m\u016f\u017eete rovnou darovat zdrav\u00fd a komfortn\u00ed sp\u00e1nek. P\u0159ed \u0161it\u00edm se l\u00e1tka vypere a vy\u017eehl\u00ed, tak\u017ee se nemus\u00edte b\u00e1t, \u017ee by se p\u0159i dal\u0161\u00edm pran\u00ed srazila. Tou\u017e\u00edme v\u00e1m nab\u00eddnout kvalitn\u00ed povle\u010den\u00ed, kter\u00e9 je pln\u011b funk\u010dn\u00ed, zdravotn\u011b nez\u00e1vadn\u00e9 a d\u00edky vlastnostem lnu i prosp\u011b\u0161n\u00e9 pro va\u0161e zdrav\u00ed.<\/p>\n<p>Dovolte lnu kr\u010dit se, je to jeho p\u0159irozen\u00e1 vlastnost a d\u00e1v\u00e1 mu autenti\u010dnost a kr\u00e1snou p\u0159\u00edrodn\u00ed strukturu jemu tak vlastn\u00ed, zapome\u0148te na \u017eehli\u010dku a nechte jej vyniknout v pln\u00e9 kr\u00e1se.<\/p>\n<p>D\u00edky sv\u00e9 molekul\u00e1rn\u00ed struktu\u0159e m\u016f\u017ee ln\u011bn\u00e9 lo\u017en\u00ed povle\u010den\u00ed absorbovat a\u017e 20% sv\u00e9 hmotnosti z vlhkosti, proto skv\u011ble saje pot a v\u00e1m zaru\u010d\u00ed plnohodnotn\u011bj\u0161\u00ed a zdrav\u011bj\u0161\u00ed sp\u00e1nek. A\u0165 u\u017e je hork\u00e1 letn\u00ed noc, nebo chladn\u00e9 zimn\u00ed r\u00e1no, ln\u011bn\u00e9 povle\u010den\u00ed v\u00e1m reguluje v\u00fdm\u011bnu tepla mezi poko\u017ekou a vzduchem tak jako \u017e\u00e1dn\u00e1 jin\u00e1 tkanina. Ln\u011bn\u00e9 vl\u00e1kno je dut\u00e9, tak\u017ee se vyzna\u010duj\u00ed t\u011bmito schopnostmi, udr\u017euje teplo ve vl\u00e1knech, ochlazuje a spolehliv\u011b odstra\u0148uje p\u0159ebyte\u010dnou vlhkost. Tuto gram\u00e1\u017e v\u0159ele doporu\u010duji v chladn\u00e9m obdob\u00ed, pokud m\u00e1te r\u00e1di teplou\u010dko, dokonale v\u00e1s zah\u0159ej\u00ed, v l\u00e9t\u011b naopak zchlad\u00ed.<\/p>\n<p class=\"article\">V\u00edce o v\u00fdhod\u00e1ch ln\u011bn\u00e9ho pr\u00e1dla se do\u010dtete na na\u0161em blogu <a href=\"https:\/\/lanaja.sk\/lanove-obliecky\/?swcfpc=1\" rel=\"noopener\">LEN a jeho \u00da\u010cINKY pro zdrav\u00fd a plnohodnotn\u00fd sp\u00e1nek<\/a><\/p>\n<p>Zap\u00edn\u00e1n\u00ed na ln\u011bn\u00e9m povle\u010den\u00ed Michaela je \u0159e\u0161eno s d\u0159ev\u011bn\u00fdmi knofl\u00edky M\u016f\u017eete si vybrat tyto typy knofl\u00edk\u016f: D\u0158EV\u011aN\u00c9 NEBO KOKOSOV\u00c9, s viditeln\u00fdm zap\u00edn\u00e1n\u00edm nebo se skryt\u00fdmi knofl\u00edky . Zap\u00edn\u00e1n\u00ed na zip (D\u016fle\u017eit\u00e9 upozorn\u011bn\u00ed) do na\u0161eho ln\u011bn\u00e9ho povle\u010den\u00ed v\u0161\u00edv\u00e1me kvalitn\u00ed zipy, av\u0161ak z na\u0161ich dlouholet\u00fdch zku\u0161enost\u00ed v\u00edme, \u017ee jezdce na zipsech nemaj\u00ed takovou \u017eivotnost jako klasick\u00e9 zap\u00edn\u00e1n\u00ed na knofl\u00edky. Bohu\u017eel tuto skute\u010dnost nem\u016f\u017eeme ovlivnit. Proto V\u00e1m doporu\u010dujeme zvolit si klasick\u00e9 zap\u00edn\u00e1n\u00ed na knofl\u00edky, pokud hled\u00e1te povle\u010den\u00ed s maxim\u00e1ln\u00ed \u017eivotnost\u00ed .<\/p>\n<p>&nbsp;<\/p>\n<p><strong>Ln\u011bn\u00e9 v\u00fdrobky \u0161ijeme v na\u0161\u00ed d\u00edln\u011b dle Va\u0161eho p\u0159\u00e1n\u00ed a na m\u00edru, proto je pot\u0159eba po\u010d\u00edtat s dod\u00e1n\u00edm do 5-15 pracovn\u00edch dn\u016f, v z\u00e1vislosti na konkr\u00e9tn\u00edm produktu.<\/strong><\/p>\n","protected":false},"excerpt":{"rendered":"<p>Ln\u011bn\u00e9 povle\u010den\u00ed Michaela je dokonal\u00fdm spojen\u00edm p\u0159\u00edrodn\u00edho lnu a zp\u016fsobu, jak si u\u017e\u00edt p\u0159\u00edjemn\u00fd a pohodln\u00fd sp\u00e1nek v zim\u011b i v l\u00e9t\u011b. Jsou tepl\u00e9, prody\u0161n\u00e9 a odoln\u00e9. Pokud hled\u00e1te kvalitn\u00ed povle\u010den\u00ed, kter\u00e9 v\u00e1m vydr\u017e\u00ed roky, len je skv\u011blou volbou. Gram\u00e1\u017eov\u011b hust\u0161\u00ed len m\u00e1 n\u011bkolik v\u00fdhod. Je odoln\u011bj\u0161\u00ed proti od\u011bru a tolik se nema\u010dk\u00e1. Vy\u0161\u0161\u00ed gram\u00e1\u017e (245 g\/m\u00b2) znamen\u00e1 h\u0159ejiv\u00fd objem v zimn\u00edch m\u011bs\u00edc\u00edch. V l\u00e9t\u011b jsou spolehliv\u00fdm partnerem pro ochlazen\u00ed va\u0161eho t\u011bla. Kolekce Michaela je nejen povle\u010den\u00ed, je to zejm\u00e9na funk\u010dnost a pohodl\u00ed, kter\u00e9 v\u00e1m poskytne p\u0159\u00edjemn\u00fd pocit objet\u00ed nejen tehdy, kdy\u017e venku klesaj\u00ed teploty<\/p>\n","protected":false},"featured_media":6999,"template":"","meta":[],"product_brand":[],"product_cat":[365,363],"product_tag":[],"class_list":{"0":"post-13274","1":"product","2":"type-product","3":"status-publish","4":"has-post-thumbnail","6":"product_cat-lnena-prosteradla-ve-standardnich-velikostech","7":"product_cat-lnene-povleceni-cs","9":"first","10":"onbackorder","11":"shipping-taxable","12":"purchasable","13":"product-type-variable"},"yoast_head":"<!-- This site is optimized with the Yoast SEO plugin v27.4 - https:\/\/yoast.com\/product\/yoast-seo-wordpress\/ -->\n<title>Ln\u011bn\u00e9 povle\u010den\u00ed Michaela &#8226; Slovensk\u00e9 ln\u011bn\u00e9 v\u00fdrobky<\/title>\n<meta name=\"description\" content=\"Ln\u011bn\u00e9 povle\u010den\u00ed Michaela jsou dokonalou kombinac\u00ed p\u0159\u00edrodn\u00edho lnu a zp\u016fsobu, jak si v zim\u011b u\u017e\u00edt p\u0159\u00edjemn\u00fd a pohodln\u00fd sp\u00e1nek. Jsou tepl\u00e9, prody\u0161n\u00e9 a odoln\u00e9.\" \/>\n<meta name=\"robots\" content=\"index, follow, max-snippet:-1, max-image-preview:large, max-video-preview:-1\" \/>\n<link rel=\"canonical\" href=\"https:\/\/lanaja.sk\/cs\/obchod\/povleceni-michaela\/\" \/>\n<meta property=\"og:locale\" content=\"cs_CZ\" \/>\n<meta property=\"og:type\" content=\"article\" \/>\n<meta property=\"og:title\" content=\"Ln\u011bn\u00e9 povle\u010den\u00ed Michaela &#8226; Slovensk\u00e9 ln\u011bn\u00e9 v\u00fdrobky\" \/>\n<meta property=\"og:description\" content=\"Ln\u011bn\u00e9 povle\u010den\u00ed Michaela jsou dokonalou kombinac\u00ed p\u0159\u00edrodn\u00edho lnu a zp\u016fsobu, jak si v zim\u011b u\u017e\u00edt p\u0159\u00edjemn\u00fd a pohodln\u00fd sp\u00e1nek. Jsou tepl\u00e9, prody\u0161n\u00e9 a odoln\u00e9.\" \/>\n<meta property=\"og:url\" content=\"https:\/\/lanaja.sk\/cs\/obchod\/povleceni-michaela\/\" \/>\n<meta property=\"og:site_name\" content=\"Lanaja-slovensk\u00e1 udr\u017eiteln\u00e1 zna\u010dka a v\u00fdrobce ln\u011bn\u00e9ho textilu\" \/>\n<meta property=\"article:publisher\" content=\"https:\/\/www.facebook.com\/Abreadbag\" \/>\n<meta property=\"article:modified_time\" content=\"2025-07-05T12:43:00+00:00\" \/>\n<meta property=\"og:image\" content=\"https:\/\/lanaja.sk\/wp-content\/uploads\/2021\/02\/LANOVE-OBLIECKY-E-e1614438721946-jpg.webp\" \/>\n\t<meta property=\"og:image:width\" content=\"768\" \/>\n\t<meta property=\"og:image:height\" content=\"850\" \/>\n\t<meta property=\"og:image:type\" content=\"image\/jpeg\" \/>\n<meta name=\"twitter:card\" content=\"summary_large_image\" \/>\n<meta name=\"twitter:label1\" content=\"Odhadovan\u00e1 doba \u010dten\u00ed\" \/>\n\t<meta name=\"twitter:data1\" content=\"5 minut\" \/>\n<script type=\"application\/ld+json\" class=\"yoast-schema-graph\">{\"@context\":\"https:\\\/\\\/schema.org\",\"@graph\":[{\"@type\":\"WebPage\",\"@id\":\"https:\\\/\\\/lanaja.sk\\\/cs\\\/obchod\\\/povleceni-michaela\\\/\",\"url\":\"https:\\\/\\\/lanaja.sk\\\/cs\\\/obchod\\\/povleceni-michaela\\\/\",\"name\":\"Ln\u011bn\u00e9 povle\u010den\u00ed Michaela &#8226; Slovensk\u00e9 ln\u011bn\u00e9 v\u00fdrobky\",\"isPartOf\":{\"@id\":\"https:\\\/\\\/lanaja.sk\\\/cs\\\/#website\"},\"primaryImageOfPage\":{\"@id\":\"https:\\\/\\\/lanaja.sk\\\/cs\\\/obchod\\\/povleceni-michaela\\\/#primaryimage\"},\"image\":{\"@id\":\"https:\\\/\\\/lanaja.sk\\\/cs\\\/obchod\\\/povleceni-michaela\\\/#primaryimage\"},\"thumbnailUrl\":\"https:\\\/\\\/lanaja.sk\\\/wp-content\\\/uploads\\\/2021\\\/02\\\/LANOVE-OBLIECKY-E-e1614438721946-jpg.webp\",\"datePublished\":\"2021-02-27T15:33:14+00:00\",\"dateModified\":\"2025-07-05T12:43:00+00:00\",\"description\":\"Ln\u011bn\u00e9 povle\u010den\u00ed Michaela jsou dokonalou kombinac\u00ed p\u0159\u00edrodn\u00edho lnu a zp\u016fsobu, jak si v zim\u011b u\u017e\u00edt p\u0159\u00edjemn\u00fd a pohodln\u00fd sp\u00e1nek. Jsou tepl\u00e9, prody\u0161n\u00e9 a odoln\u00e9.\",\"breadcrumb\":{\"@id\":\"https:\\\/\\\/lanaja.sk\\\/cs\\\/obchod\\\/povleceni-michaela\\\/#breadcrumb\"},\"inLanguage\":\"cs\",\"potentialAction\":[{\"@type\":\"ReadAction\",\"target\":[\"https:\\\/\\\/lanaja.sk\\\/cs\\\/obchod\\\/povleceni-michaela\\\/\"]}]},{\"@type\":\"ImageObject\",\"inLanguage\":\"cs\",\"@id\":\"https:\\\/\\\/lanaja.sk\\\/cs\\\/obchod\\\/povleceni-michaela\\\/#primaryimage\",\"url\":\"https:\\\/\\\/lanaja.sk\\\/wp-content\\\/uploads\\\/2021\\\/02\\\/LANOVE-OBLIECKY-E-e1614438721946-jpg.webp\",\"contentUrl\":\"https:\\\/\\\/lanaja.sk\\\/wp-content\\\/uploads\\\/2021\\\/02\\\/LANOVE-OBLIECKY-E-e1614438721946-jpg.webp\",\"width\":768,\"height\":850,\"caption\":\"\u013eanov\u00e9 oblie\u010dky\"},{\"@type\":\"BreadcrumbList\",\"@id\":\"https:\\\/\\\/lanaja.sk\\\/cs\\\/obchod\\\/povleceni-michaela\\\/#breadcrumb\",\"itemListElement\":[{\"@type\":\"ListItem\",\"position\":1,\"name\":\"Home\",\"item\":\"https:\\\/\\\/lanaja.sk\\\/cs\\\/\"},{\"@type\":\"ListItem\",\"position\":2,\"name\":\"Obchod\",\"item\":\"https:\\\/\\\/lanaja.sk\\\/cs\\\/obchod-cz\\\/\"},{\"@type\":\"ListItem\",\"position\":3,\"name\":\"Ln\u011bn\u00e9 povle\u010den\u00ed Michaela\"}]},{\"@type\":\"WebSite\",\"@id\":\"https:\\\/\\\/lanaja.sk\\\/cs\\\/#website\",\"url\":\"https:\\\/\\\/lanaja.sk\\\/cs\\\/\",\"name\":\"Lanaja - bytov\u00fd textil z \u013eanu a \u013eanov\u00e9 v\u00fdrobky\",\"description\":\"Jedine\u010dn\u00fd bytov\u00fd textil, ln\u011bn\u00e9 pytl\u00edky, ln\u011bn\u00e9 ubrusy, ln\u011bn\u00e9 lo\u017en\u00ed povle\u010den\u00ed, ln\u011bn\u00e9 ut\u011brky, ln\u011bn\u00e9 prost\u00edr\u00e1n\u00ed vyroben\u00e9 a \u0161it\u00e9 na Slovensku\",\"publisher\":{\"@id\":\"https:\\\/\\\/lanaja.sk\\\/cs\\\/#organization\"},\"alternateName\":\"Lanaja - v\u00fdrobky z \u013eanu, \u013eanov\u00fd bytov\u00fd textil\",\"potentialAction\":[{\"@type\":\"SearchAction\",\"target\":{\"@type\":\"EntryPoint\",\"urlTemplate\":\"https:\\\/\\\/lanaja.sk\\\/cs\\\/?s={search_term_string}\"},\"query-input\":{\"@type\":\"PropertyValueSpecification\",\"valueRequired\":true,\"valueName\":\"search_term_string\"}}],\"inLanguage\":\"cs\"},{\"@type\":\"Organization\",\"@id\":\"https:\\\/\\\/lanaja.sk\\\/cs\\\/#organization\",\"name\":\"Lanaja\",\"alternateName\":\"Al\u017ebeta Andr\u00e1\u0161ikov\u00e1 - Lanaja\",\"url\":\"https:\\\/\\\/lanaja.sk\\\/cs\\\/\",\"logo\":{\"@type\":\"ImageObject\",\"inLanguage\":\"cs\",\"@id\":\"https:\\\/\\\/lanaja.sk\\\/cs\\\/#\\\/schema\\\/logo\\\/image\\\/\",\"url\":\"https:\\\/\\\/lanaja.sk\\\/wp-content\\\/uploads\\\/2024\\\/01\\\/Lanaja.sk-logo.png\",\"contentUrl\":\"https:\\\/\\\/lanaja.sk\\\/wp-content\\\/uploads\\\/2024\\\/01\\\/Lanaja.sk-logo.png\",\"width\":600,\"height\":300,\"caption\":\"Lanaja\"},\"image\":{\"@id\":\"https:\\\/\\\/lanaja.sk\\\/cs\\\/#\\\/schema\\\/logo\\\/image\\\/\"},\"sameAs\":[\"https:\\\/\\\/www.facebook.com\\\/Abreadbag\",\"https:\\\/\\\/www.instagram.com\\\/lanaja_sk\\\/\"]}]}<\/script>\n<!-- \/ Yoast SEO plugin. -->","yoast_head_json":{"title":"Ln\u011bn\u00e9 povle\u010den\u00ed Michaela &#8226; Slovensk\u00e9 ln\u011bn\u00e9 v\u00fdrobky","description":"Ln\u011bn\u00e9 povle\u010den\u00ed Michaela jsou dokonalou kombinac\u00ed p\u0159\u00edrodn\u00edho lnu a zp\u016fsobu, jak si v zim\u011b u\u017e\u00edt p\u0159\u00edjemn\u00fd a pohodln\u00fd sp\u00e1nek. Jsou tepl\u00e9, prody\u0161n\u00e9 a odoln\u00e9.","robots":{"index":"index","follow":"follow","max-snippet":"max-snippet:-1","max-image-preview":"max-image-preview:large","max-video-preview":"max-video-preview:-1"},"canonical":"https:\/\/lanaja.sk\/cs\/obchod\/povleceni-michaela\/","og_locale":"cs_CZ","og_type":"article","og_title":"Ln\u011bn\u00e9 povle\u010den\u00ed Michaela &#8226; Slovensk\u00e9 ln\u011bn\u00e9 v\u00fdrobky","og_description":"Ln\u011bn\u00e9 povle\u010den\u00ed Michaela jsou dokonalou kombinac\u00ed p\u0159\u00edrodn\u00edho lnu a zp\u016fsobu, jak si v zim\u011b u\u017e\u00edt p\u0159\u00edjemn\u00fd a pohodln\u00fd sp\u00e1nek. Jsou tepl\u00e9, prody\u0161n\u00e9 a odoln\u00e9.","og_url":"https:\/\/lanaja.sk\/cs\/obchod\/povleceni-michaela\/","og_site_name":"Lanaja-slovensk\u00e1 udr\u017eiteln\u00e1 zna\u010dka a v\u00fdrobce ln\u011bn\u00e9ho textilu","article_publisher":"https:\/\/www.facebook.com\/Abreadbag","article_modified_time":"2025-07-05T12:43:00+00:00","og_image":[{"width":768,"height":850,"url":"https:\/\/lanaja.sk\/wp-content\/uploads\/2021\/02\/LANOVE-OBLIECKY-E-e1614438721946-jpg.webp","type":"image\/jpeg"}],"twitter_card":"summary_large_image","twitter_misc":{"Odhadovan\u00e1 doba \u010dten\u00ed":"5 minut"},"schema":{"@context":"https:\/\/schema.org","@graph":[{"@type":"WebPage","@id":"https:\/\/lanaja.sk\/cs\/obchod\/povleceni-michaela\/","url":"https:\/\/lanaja.sk\/cs\/obchod\/povleceni-michaela\/","name":"Ln\u011bn\u00e9 povle\u010den\u00ed Michaela &#8226; Slovensk\u00e9 ln\u011bn\u00e9 v\u00fdrobky","isPartOf":{"@id":"https:\/\/lanaja.sk\/cs\/#website"},"primaryImageOfPage":{"@id":"https:\/\/lanaja.sk\/cs\/obchod\/povleceni-michaela\/#primaryimage"},"image":{"@id":"https:\/\/lanaja.sk\/cs\/obchod\/povleceni-michaela\/#primaryimage"},"thumbnailUrl":"https:\/\/lanaja.sk\/wp-content\/uploads\/2021\/02\/LANOVE-OBLIECKY-E-e1614438721946-jpg.webp","datePublished":"2021-02-27T15:33:14+00:00","dateModified":"2025-07-05T12:43:00+00:00","description":"Ln\u011bn\u00e9 povle\u010den\u00ed Michaela jsou dokonalou kombinac\u00ed p\u0159\u00edrodn\u00edho lnu a zp\u016fsobu, jak si v zim\u011b u\u017e\u00edt p\u0159\u00edjemn\u00fd a pohodln\u00fd sp\u00e1nek. Jsou tepl\u00e9, prody\u0161n\u00e9 a odoln\u00e9.","breadcrumb":{"@id":"https:\/\/lanaja.sk\/cs\/obchod\/povleceni-michaela\/#breadcrumb"},"inLanguage":"cs","potentialAction":[{"@type":"ReadAction","target":["https:\/\/lanaja.sk\/cs\/obchod\/povleceni-michaela\/"]}]},{"@type":"ImageObject","inLanguage":"cs","@id":"https:\/\/lanaja.sk\/cs\/obchod\/povleceni-michaela\/#primaryimage","url":"https:\/\/lanaja.sk\/wp-content\/uploads\/2021\/02\/LANOVE-OBLIECKY-E-e1614438721946-jpg.webp","contentUrl":"https:\/\/lanaja.sk\/wp-content\/uploads\/2021\/02\/LANOVE-OBLIECKY-E-e1614438721946-jpg.webp","width":768,"height":850,"caption":"\u013eanov\u00e9 oblie\u010dky"},{"@type":"BreadcrumbList","@id":"https:\/\/lanaja.sk\/cs\/obchod\/povleceni-michaela\/#breadcrumb","itemListElement":[{"@type":"ListItem","position":1,"name":"Home","item":"https:\/\/lanaja.sk\/cs\/"},{"@type":"ListItem","position":2,"name":"Obchod","item":"https:\/\/lanaja.sk\/cs\/obchod-cz\/"},{"@type":"ListItem","position":3,"name":"Ln\u011bn\u00e9 povle\u010den\u00ed Michaela"}]},{"@type":"WebSite","@id":"https:\/\/lanaja.sk\/cs\/#website","url":"https:\/\/lanaja.sk\/cs\/","name":"Lanaja - bytov\u00fd textil z \u013eanu a \u013eanov\u00e9 v\u00fdrobky","description":"Jedine\u010dn\u00fd bytov\u00fd textil, ln\u011bn\u00e9 pytl\u00edky, ln\u011bn\u00e9 ubrusy, ln\u011bn\u00e9 lo\u017en\u00ed povle\u010den\u00ed, ln\u011bn\u00e9 ut\u011brky, ln\u011bn\u00e9 prost\u00edr\u00e1n\u00ed vyroben\u00e9 a \u0161it\u00e9 na Slovensku","publisher":{"@id":"https:\/\/lanaja.sk\/cs\/#organization"},"alternateName":"Lanaja - v\u00fdrobky z \u013eanu, \u013eanov\u00fd bytov\u00fd textil","potentialAction":[{"@type":"SearchAction","target":{"@type":"EntryPoint","urlTemplate":"https:\/\/lanaja.sk\/cs\/?s={search_term_string}"},"query-input":{"@type":"PropertyValueSpecification","valueRequired":true,"valueName":"search_term_string"}}],"inLanguage":"cs"},{"@type":"Organization","@id":"https:\/\/lanaja.sk\/cs\/#organization","name":"Lanaja","alternateName":"Al\u017ebeta Andr\u00e1\u0161ikov\u00e1 - Lanaja","url":"https:\/\/lanaja.sk\/cs\/","logo":{"@type":"ImageObject","inLanguage":"cs","@id":"https:\/\/lanaja.sk\/cs\/#\/schema\/logo\/image\/","url":"https:\/\/lanaja.sk\/wp-content\/uploads\/2024\/01\/Lanaja.sk-logo.png","contentUrl":"https:\/\/lanaja.sk\/wp-content\/uploads\/2024\/01\/Lanaja.sk-logo.png","width":600,"height":300,"caption":"Lanaja"},"image":{"@id":"https:\/\/lanaja.sk\/cs\/#\/schema\/logo\/image\/"},"sameAs":["https:\/\/www.facebook.com\/Abreadbag","https:\/\/www.instagram.com\/lanaja_sk\/"]}]}},"_links":{"self":[{"href":"https:\/\/lanaja.sk\/cs\/wp-json\/wp\/v2\/product\/13274","targetHints":{"allow":["GET"]}}],"collection":[{"href":"https:\/\/lanaja.sk\/cs\/wp-json\/wp\/v2\/product"}],"about":[{"href":"https:\/\/lanaja.sk\/cs\/wp-json\/wp\/v2\/types\/product"}],"version-history":[{"count":3,"href":"https:\/\/lanaja.sk\/cs\/wp-json\/wp\/v2\/product\/13274\/revisions"}],"predecessor-version":[{"id":14604,"href":"https:\/\/lanaja.sk\/cs\/wp-json\/wp\/v2\/product\/13274\/revisions\/14604"}],"wp:featuredmedia":[{"embeddable":true,"href":"https:\/\/lanaja.sk\/cs\/wp-json\/wp\/v2\/media\/6999"}],"wp:attachment":[{"href":"https:\/\/lanaja.sk\/cs\/wp-json\/wp\/v2\/media?parent=13274"}],"wp:term":[{"taxonomy":"product_brand","embeddable":true,"href":"https:\/\/lanaja.sk\/cs\/wp-json\/wp\/v2\/product_brand?post=13274"},{"taxonomy":"product_cat","embeddable":true,"href":"https:\/\/lanaja.sk\/cs\/wp-json\/wp\/v2\/product_cat?post=13274"},{"taxonomy":"product_tag","embeddable":true,"href":"https:\/\/lanaja.sk\/cs\/wp-json\/wp\/v2\/product_tag?post=13274"}],"curies":[{"name":"wp","href":"https:\/\/api.w.org\/{rel}","templated":true}]}}