{"id":13282,"date":"2021-09-26T11:24:04","date_gmt":"2021-09-26T09:24:04","guid":{"rendered":"https:\/\/lanaja.sk\/obchod\/neza\u0159azen\u00e9\/rebekah-lneny-prehoz-na-postel\/"},"modified":"2025-08-10T19:10:34","modified_gmt":"2025-08-10T17:10:34","slug":"rebekah-lneny-prehoz-na-postel","status":"publish","type":"product","link":"https:\/\/lanaja.sk\/cs\/obchod\/rebekah-lneny-prehoz-na-postel\/","title":{"rendered":"Ln\u011bn\u00fd p\u0159ehoz Rebeka"},"content":{"rendered":"<h2><strong>Oboustrann\u00fd ln\u011bn\u00fd p\u0159ehoz Rebeka<\/strong><\/h2>\n<p>&nbsp;<\/p>\n<p>Oboustrann\u00fd ln\u011bn\u00fd p\u0159ehoz Rebeka m\u00e1 p\u0159\u00edjemnou texturu a p\u0159irozen\u00fd vzhled. Dod\u00e1v\u00e1 v\u00e1m pocit pohodl\u00ed. Detailn\u00ed pro\u0161it\u00ed po cel\u00e9m obvodu v\u00e1m zaru\u010d\u00ed, \u017ee si zachov\u00e1 pevnost a tvar i po mnoha vypr\u00e1n\u00edch. Nemus\u00edte se ob\u00e1vat deformace nebo znehodnocen\u00ed p\u0159ehozu b\u011bhem jeho pou\u017e\u00edv\u00e1n\u00ed. Ln\u011bn\u00e1 l\u00e1tka je p\u0159irozen\u011b termoregula\u010dn\u00ed, poskytne v\u00e1m p\u0159\u00edjemn\u00fd chladiv\u00fd pocit v letn\u00edch m\u011bs\u00edc\u00edch a h\u0159ejiv\u00e9 teplo v zimn\u00edch dnech.<\/p>\n<p>Ln\u011bn\u00fd p\u0159ehoz m\u00e1 rafinovan\u00fd a z\u00e1rove\u0148 jedine\u010dn\u00fd vzhled, je lehk\u00fd, m\u011bkk\u00fd a pevn\u00fd z\u00e1rove\u0148. Jedna strana v\u00e1s pot\u011b\u0161\u00ed s podkladem ve sv\u011btl\u00e9m b\u00e9\u017eov\u00e9m odst\u00ednu s hn\u011bd\u00fdmi punt\u00edky a naopak druh\u00e1 strana p\u0159ikr\u00fdvky je zkombinovan\u00e1 s podkladem v p\u0159irozen\u00e9 nebarven\u00e9 hn\u011bd\u00e9 barv\u011b s b\u00e9\u017eov\u00fdmi punt\u00edky.<\/p>\n<h4>P\u00e9\u010de o ln\u011bn\u00fd p\u0159ehoz na postel<\/h4>\n<p>P\u0159irozen\u011b poma\u010dkan\u00fd vzhled v\u00e1m p\u0159inese pohodlnou p\u00e9\u010di o ln\u011bn\u00fd p\u0159ehoz Rebeka, proto\u017ee ho nikdy nemus\u00edte \u017eehlit, dobr\u00e1 zpr\u00e1va, \u017ee?<\/p>\n<p>Pokud pou\u017e\u00edv\u00e1te su\u0161i\u010dku, p\u0159ikr\u00fdvky m\u016f\u017eete su\u0161it p\u0159i ni\u017e\u0161\u00ed teplot\u011b. Po vyjmut\u00ed ze su\u0161i\u010dky budou je\u0161t\u011b vlhk\u00e9, ale velmi rychle uschnou. Budou m\u011bk\u010d\u00ed a ln\u011bn\u00e1 vl\u00e1kna se tak rychle neopot\u0159ebuj\u00ed, a takto v\u00e1s budou t\u011b\u0161it dlouh\u00e1 l\u00e9ta.<\/p>\n<p>Doporu\u010dujeme je zkombinovat s ln\u011bn\u00fdmi povlaky Rebeka, kter\u00e9 si m\u016f\u017eete prohl\u00e9dnout <a href=\"https:\/\/lanaja.sk\/cs\/obchod\/loznice\/lnene-povleceni-cs\/lnene-pradlo-rebeka\/\">ZDE.<\/a><\/p>\n<h4>Ln\u011bn\u00e9 l\u00e1tky pe\u010dliv\u011b vyb\u00edr\u00e1me<\/h4>\n<p>Ln\u011bn\u00e9 p\u0159ehozy jsou \u0161ity ze zm\u011bk\u010den\u00e9ho p\u0159edepran\u00e9ho lnu, kter\u00fd je vym\u00fdvan\u00fd pomoc\u00ed kamene, tzv. Stone washing, nebo s ozna\u010den\u00edm STONEWASHED. Ln\u011bn\u00e1 l\u00e1tka tak z\u00edsk\u00e1 obl\u00edben\u00fd jemn\u011bj\u0161\u00ed vzhled, p\u0159irozen\u011b a rovnom\u011brn\u011b ma\u010dkav\u00fd, a p\u0159i pou\u017e\u00edv\u00e1n\u00ed v\u00e1s odm\u011bn\u00ed p\u0159\u00edjemn\u00fdm pocitem jemnosti. B\u011bhem sp\u00e1nku v\u00e1m prokrv\u00ed a jemn\u011b promas\u00edruje poko\u017eku, podpo\u0159\u00ed relaxaci, \u010d\u00edm\u017e ji zjemn\u00ed a ochr\u00e1n\u00ed d\u00edky sv\u00e9mu p\u0159irozen\u00e9mu pH.<\/p>\n<p><strong>V\u0161echny ln\u011bn\u00e9 tkaniny jsou certifikov\u00e1ny <\/strong>OEKO-TEX STANDART 100. a vyroben\u00e9 v Evrop\u011b. Certifikace zabezpe\u010duje ekologickou bezpe\u010dnost textiln\u00edch v\u00fdrobk\u016f ve v\u0161ech f\u00e1z\u00edch v\u00fdroby (suroviny a vl\u00e1kna, p\u0159\u00edze, tkaniny, kone\u010dn\u00e9 produkty). Produkty s certifik\u00e1tem OEKO-TEX neobsahuj\u00ed alergenn\u00ed, toxick\u00e1 barviva, pesticidy, t\u011b\u017ek\u00e9 kovy a jin\u00e9 \u0161kodliv\u00e9 l\u00e1tky. Jsou vhodn\u00e9 i pro citlivou d\u011btskou poko\u017eku. Certifikace je dobrovoln\u00e1 a mus\u00ed b\u00fdt ka\u017edoro\u010dn\u011b aktualizov\u00e1na. D\u00edky tomu jako z\u00e1kazn\u00edk m\u00e1te jistotu, \u017ee si zakl\u00e1d\u00e1me na kvalit\u011b na\u0161ich ln\u011bn\u00fdch l\u00e1tek. Proto jsou v\u0161echny na\u0161e produkty \u0161it\u00e9 na m\u00edru s ohledem na \u017eivotn\u00ed prost\u0159ed\u00ed a va\u0161e zdrav\u00ed. Certifik\u00e1t zaru\u010duje jejich bezpe\u010dnost a zdravotn\u00ed nez\u00e1vadnost. D\u00edky jejich evropsk\u00e9mu p\u016fvodu budete m\u00edt jistotu, \u017ee jsou vyr\u00e1b\u011bny podle p\u0159\u00edsn\u00fdch norem kvality a udr\u017eitelnosti. P\u0159i samotn\u00e9m v\u00fdb\u011bru ln\u011bn\u00e9ho p\u0159ehozu Rebeka se m\u016f\u017eete spolehnout nejen na jeho stylov\u00fd design, ale i na jeho kvalitu a trvanlivost.<\/p>\n<p>Materi\u00e1l: 80% len, 20% bavlna, gram\u00e1\u017e 330g\/m2<\/p>\n<p>Jednobarevn\u00e9 ln\u011bn\u00e9 p\u0159ehozy a p\u0159ikr\u00fdvky si m\u016f\u017eete prohl\u00e9dnout a zakoupit <a href=\"https:\/\/lanaja.sk\/cs\/kategorie-produktu\/loznice\/lnene-prehozy\/\" target=\"_blank\" rel=\"noopener\">ZDE <\/a> <\/p>\n<p><strong>Ln\u011bn\u00e9 v\u00fdrobky \u0161ijeme v na\u0161\u00ed d\u00edln\u011b podle va\u0161ich p\u0159edstav a na m\u00edru, proto je t\u0159eba po\u010d\u00edtat s dod\u00e1n\u00edm 5\u201315 pracovn\u00edch dn\u016f, v z\u00e1vislosti na konkr\u00e9tn\u00edm produktu.<\/strong><\/p>\n<p>V\u00edce o n\u00e1s, o Lanaja, z ka\u017edodenn\u00edho \u017eivota v na\u0161em ateli\u00e9ru a hodnocen\u00ed spokojen\u00fdch z\u00e1kazn\u00edk\u016f si m\u016f\u017eete prohl\u00e9dnout i na na\u0161ich soci\u00e1ln\u00edch s\u00edt\u00edch <a href=\"https:\/\/www.instagram.com\/lanaja_sk\" target=\"_blank\" rel=\"noopener\">Lanaja na Instagramu <\/a>a <a href=\"https:\/\/www.facebook.com\/Abreadbag\/\" target=\"_blank\" rel=\"noopener\">Lanaja na Facebooku.<\/a><\/p>\n","protected":false},"excerpt":{"rendered":"<p>Obojstrann\u00fd ln\u011bn\u00fd p\u0159ehoz Rebeka je nejen praktick\u00fdm dopl\u0148kem va\u0161\u00ed lo\u017enice, ale i symbolem elegance. Jeho jedine\u010dn\u00e1 struktura a kvalitn\u00ed v\u00fdroba ho d\u011blaj\u00ed nenahraditeln\u00fdm kouskem, kter\u00fd v\u00e1m bude slou\u017eit dlouh\u00e1 l\u00e9ta s maxim\u00e1ln\u00edm pohodl\u00edm a stylem.<\/p>\n","protected":false},"featured_media":7047,"template":"","meta":[],"product_brand":[],"product_cat":[379,380],"product_tag":[381],"class_list":{"0":"post-13282","1":"product","2":"type-product","3":"status-publish","4":"has-post-thumbnail","6":"product_cat-lnene-prehozy","7":"product_cat-loznice","8":"product_tag-lneny-prehoz-na-postel","10":"first","11":"onbackorder","12":"shipping-taxable","13":"purchasable","14":"product-type-variable"},"yoast_head":"<!-- This site is optimized with the Yoast SEO plugin v27.4 - https:\/\/yoast.com\/product\/yoast-seo-wordpress\/ -->\n<title>Ln\u011bn\u00fd p\u0159ehoz Rebeka &#8226; Lanaja-slovensk\u00e1 udr\u017eiteln\u00e1 zna\u010dka a v\u00fdrobce ln\u011bn\u00e9ho textilu<\/title>\n<meta name=\"description\" content=\"Ln\u011bn\u00fd p\u0159ehoz Rebeka m\u00e1 rafinovan\u00fd a z\u00e1rove\u0148 jedine\u010dn\u00fd vzhled. Jeho kvalitn\u00ed v\u00fdroba a u\u0161it\u00ed ho d\u011blaj\u00ed nenahraditeln\u00fdm kouskem.\" \/>\n<meta name=\"robots\" content=\"index, follow, max-snippet:-1, max-image-preview:large, max-video-preview:-1\" \/>\n<link rel=\"canonical\" href=\"https:\/\/lanaja.sk\/cs\/obchod\/rebekah-lneny-prehoz-na-postel\/\" \/>\n<meta property=\"og:locale\" content=\"cs_CZ\" \/>\n<meta property=\"og:type\" content=\"article\" \/>\n<meta property=\"og:title\" content=\"Ln\u011bn\u00fd p\u0159ehoz Rebeka &#8226; Lanaja-slovensk\u00e1 udr\u017eiteln\u00e1 zna\u010dka a v\u00fdrobce ln\u011bn\u00e9ho textilu\" \/>\n<meta property=\"og:description\" content=\"Ln\u011bn\u00fd p\u0159ehoz Rebeka m\u00e1 rafinovan\u00fd a z\u00e1rove\u0148 jedine\u010dn\u00fd vzhled. Jeho kvalitn\u00ed v\u00fdroba a u\u0161it\u00ed ho d\u011blaj\u00ed nenahraditeln\u00fdm kouskem.\" \/>\n<meta property=\"og:url\" content=\"https:\/\/lanaja.sk\/cs\/obchod\/rebekah-lneny-prehoz-na-postel\/\" \/>\n<meta property=\"og:site_name\" content=\"Lanaja-slovensk\u00e1 udr\u017eiteln\u00e1 zna\u010dka a v\u00fdrobce ln\u011bn\u00e9ho textilu\" \/>\n<meta property=\"article:publisher\" content=\"https:\/\/www.facebook.com\/Abreadbag\" \/>\n<meta property=\"article:modified_time\" content=\"2025-08-10T17:10:34+00:00\" \/>\n<meta property=\"og:image\" content=\"https:\/\/lanaja.sk\/wp-content\/uploads\/2021\/09\/l\u030canovy-prehoz-e1632647996125-jpg.webp\" \/>\n\t<meta property=\"og:image:width\" content=\"900\" \/>\n\t<meta property=\"og:image:height\" content=\"644\" \/>\n\t<meta property=\"og:image:type\" content=\"image\/jpeg\" \/>\n<meta name=\"twitter:card\" content=\"summary_large_image\" \/>\n<meta name=\"twitter:label1\" content=\"Odhadovan\u00e1 doba \u010dten\u00ed\" \/>\n\t<meta name=\"twitter:data1\" content=\"3 minuty\" \/>\n<script type=\"application\/ld+json\" class=\"yoast-schema-graph\">{\"@context\":\"https:\\\/\\\/schema.org\",\"@graph\":[{\"@type\":\"WebPage\",\"@id\":\"https:\\\/\\\/lanaja.sk\\\/cs\\\/obchod\\\/rebekah-lneny-prehoz-na-postel\\\/\",\"url\":\"https:\\\/\\\/lanaja.sk\\\/cs\\\/obchod\\\/rebekah-lneny-prehoz-na-postel\\\/\",\"name\":\"Ln\u011bn\u00fd p\u0159ehoz Rebeka &#8226; Lanaja-slovensk\u00e1 udr\u017eiteln\u00e1 zna\u010dka a v\u00fdrobce ln\u011bn\u00e9ho textilu\",\"isPartOf\":{\"@id\":\"https:\\\/\\\/lanaja.sk\\\/cs\\\/#website\"},\"primaryImageOfPage\":{\"@id\":\"https:\\\/\\\/lanaja.sk\\\/cs\\\/obchod\\\/rebekah-lneny-prehoz-na-postel\\\/#primaryimage\"},\"image\":{\"@id\":\"https:\\\/\\\/lanaja.sk\\\/cs\\\/obchod\\\/rebekah-lneny-prehoz-na-postel\\\/#primaryimage\"},\"thumbnailUrl\":\"https:\\\/\\\/lanaja.sk\\\/wp-content\\\/uploads\\\/2021\\\/09\\\/l\u030canovy-prehoz-e1632647996125-jpg.webp\",\"datePublished\":\"2021-09-26T09:24:04+00:00\",\"dateModified\":\"2025-08-10T17:10:34+00:00\",\"description\":\"Ln\u011bn\u00fd p\u0159ehoz Rebeka m\u00e1 rafinovan\u00fd a z\u00e1rove\u0148 jedine\u010dn\u00fd vzhled. Jeho kvalitn\u00ed v\u00fdroba a u\u0161it\u00ed ho d\u011blaj\u00ed nenahraditeln\u00fdm kouskem.\",\"breadcrumb\":{\"@id\":\"https:\\\/\\\/lanaja.sk\\\/cs\\\/obchod\\\/rebekah-lneny-prehoz-na-postel\\\/#breadcrumb\"},\"inLanguage\":\"cs\",\"potentialAction\":[{\"@type\":\"ReadAction\",\"target\":[\"https:\\\/\\\/lanaja.sk\\\/cs\\\/obchod\\\/rebekah-lneny-prehoz-na-postel\\\/\"]}]},{\"@type\":\"ImageObject\",\"inLanguage\":\"cs\",\"@id\":\"https:\\\/\\\/lanaja.sk\\\/cs\\\/obchod\\\/rebekah-lneny-prehoz-na-postel\\\/#primaryimage\",\"url\":\"https:\\\/\\\/lanaja.sk\\\/wp-content\\\/uploads\\\/2021\\\/09\\\/l\u030canovy-prehoz-e1632647996125-jpg.webp\",\"contentUrl\":\"https:\\\/\\\/lanaja.sk\\\/wp-content\\\/uploads\\\/2021\\\/09\\\/l\u030canovy-prehoz-e1632647996125-jpg.webp\",\"width\":900,\"height\":644,\"caption\":\"\u013eanov\u00fd prehoz\"},{\"@type\":\"BreadcrumbList\",\"@id\":\"https:\\\/\\\/lanaja.sk\\\/cs\\\/obchod\\\/rebekah-lneny-prehoz-na-postel\\\/#breadcrumb\",\"itemListElement\":[{\"@type\":\"ListItem\",\"position\":1,\"name\":\"Home\",\"item\":\"https:\\\/\\\/lanaja.sk\\\/cs\\\/\"},{\"@type\":\"ListItem\",\"position\":2,\"name\":\"Obchod\",\"item\":\"https:\\\/\\\/lanaja.sk\\\/cs\\\/obchod-cz\\\/\"},{\"@type\":\"ListItem\",\"position\":3,\"name\":\"Ln\u011bn\u00fd p\u0159ehoz Rebeka\"}]},{\"@type\":\"WebSite\",\"@id\":\"https:\\\/\\\/lanaja.sk\\\/cs\\\/#website\",\"url\":\"https:\\\/\\\/lanaja.sk\\\/cs\\\/\",\"name\":\"Lanaja - bytov\u00fd textil z \u013eanu a \u013eanov\u00e9 v\u00fdrobky\",\"description\":\"Jedine\u010dn\u00fd bytov\u00fd textil, ln\u011bn\u00e9 pytl\u00edky, ln\u011bn\u00e9 ubrusy, ln\u011bn\u00e9 lo\u017en\u00ed povle\u010den\u00ed, ln\u011bn\u00e9 ut\u011brky, ln\u011bn\u00e9 prost\u00edr\u00e1n\u00ed vyroben\u00e9 a \u0161it\u00e9 na Slovensku\",\"publisher\":{\"@id\":\"https:\\\/\\\/lanaja.sk\\\/cs\\\/#organization\"},\"alternateName\":\"Lanaja - v\u00fdrobky z \u013eanu, \u013eanov\u00fd bytov\u00fd textil\",\"potentialAction\":[{\"@type\":\"SearchAction\",\"target\":{\"@type\":\"EntryPoint\",\"urlTemplate\":\"https:\\\/\\\/lanaja.sk\\\/cs\\\/?s={search_term_string}\"},\"query-input\":{\"@type\":\"PropertyValueSpecification\",\"valueRequired\":true,\"valueName\":\"search_term_string\"}}],\"inLanguage\":\"cs\"},{\"@type\":\"Organization\",\"@id\":\"https:\\\/\\\/lanaja.sk\\\/cs\\\/#organization\",\"name\":\"Lanaja\",\"alternateName\":\"Al\u017ebeta Andr\u00e1\u0161ikov\u00e1 - Lanaja\",\"url\":\"https:\\\/\\\/lanaja.sk\\\/cs\\\/\",\"logo\":{\"@type\":\"ImageObject\",\"inLanguage\":\"cs\",\"@id\":\"https:\\\/\\\/lanaja.sk\\\/cs\\\/#\\\/schema\\\/logo\\\/image\\\/\",\"url\":\"https:\\\/\\\/lanaja.sk\\\/wp-content\\\/uploads\\\/2024\\\/01\\\/Lanaja.sk-logo.png\",\"contentUrl\":\"https:\\\/\\\/lanaja.sk\\\/wp-content\\\/uploads\\\/2024\\\/01\\\/Lanaja.sk-logo.png\",\"width\":600,\"height\":300,\"caption\":\"Lanaja\"},\"image\":{\"@id\":\"https:\\\/\\\/lanaja.sk\\\/cs\\\/#\\\/schema\\\/logo\\\/image\\\/\"},\"sameAs\":[\"https:\\\/\\\/www.facebook.com\\\/Abreadbag\",\"https:\\\/\\\/www.instagram.com\\\/lanaja_sk\\\/\"]}]}<\/script>\n<!-- \/ Yoast SEO plugin. -->","yoast_head_json":{"title":"Ln\u011bn\u00fd p\u0159ehoz Rebeka &#8226; Lanaja-slovensk\u00e1 udr\u017eiteln\u00e1 zna\u010dka a v\u00fdrobce ln\u011bn\u00e9ho textilu","description":"Ln\u011bn\u00fd p\u0159ehoz Rebeka m\u00e1 rafinovan\u00fd a z\u00e1rove\u0148 jedine\u010dn\u00fd vzhled. Jeho kvalitn\u00ed v\u00fdroba a u\u0161it\u00ed ho d\u011blaj\u00ed nenahraditeln\u00fdm kouskem.","robots":{"index":"index","follow":"follow","max-snippet":"max-snippet:-1","max-image-preview":"max-image-preview:large","max-video-preview":"max-video-preview:-1"},"canonical":"https:\/\/lanaja.sk\/cs\/obchod\/rebekah-lneny-prehoz-na-postel\/","og_locale":"cs_CZ","og_type":"article","og_title":"Ln\u011bn\u00fd p\u0159ehoz Rebeka &#8226; Lanaja-slovensk\u00e1 udr\u017eiteln\u00e1 zna\u010dka a v\u00fdrobce ln\u011bn\u00e9ho textilu","og_description":"Ln\u011bn\u00fd p\u0159ehoz Rebeka m\u00e1 rafinovan\u00fd a z\u00e1rove\u0148 jedine\u010dn\u00fd vzhled. Jeho kvalitn\u00ed v\u00fdroba a u\u0161it\u00ed ho d\u011blaj\u00ed nenahraditeln\u00fdm kouskem.","og_url":"https:\/\/lanaja.sk\/cs\/obchod\/rebekah-lneny-prehoz-na-postel\/","og_site_name":"Lanaja-slovensk\u00e1 udr\u017eiteln\u00e1 zna\u010dka a v\u00fdrobce ln\u011bn\u00e9ho textilu","article_publisher":"https:\/\/www.facebook.com\/Abreadbag","article_modified_time":"2025-08-10T17:10:34+00:00","og_image":[{"width":900,"height":644,"url":"https:\/\/lanaja.sk\/wp-content\/uploads\/2021\/09\/l\u030canovy-prehoz-e1632647996125-jpg.webp","type":"image\/jpeg"}],"twitter_card":"summary_large_image","twitter_misc":{"Odhadovan\u00e1 doba \u010dten\u00ed":"3 minuty"},"schema":{"@context":"https:\/\/schema.org","@graph":[{"@type":"WebPage","@id":"https:\/\/lanaja.sk\/cs\/obchod\/rebekah-lneny-prehoz-na-postel\/","url":"https:\/\/lanaja.sk\/cs\/obchod\/rebekah-lneny-prehoz-na-postel\/","name":"Ln\u011bn\u00fd p\u0159ehoz Rebeka &#8226; Lanaja-slovensk\u00e1 udr\u017eiteln\u00e1 zna\u010dka a v\u00fdrobce ln\u011bn\u00e9ho textilu","isPartOf":{"@id":"https:\/\/lanaja.sk\/cs\/#website"},"primaryImageOfPage":{"@id":"https:\/\/lanaja.sk\/cs\/obchod\/rebekah-lneny-prehoz-na-postel\/#primaryimage"},"image":{"@id":"https:\/\/lanaja.sk\/cs\/obchod\/rebekah-lneny-prehoz-na-postel\/#primaryimage"},"thumbnailUrl":"https:\/\/lanaja.sk\/wp-content\/uploads\/2021\/09\/l\u030canovy-prehoz-e1632647996125-jpg.webp","datePublished":"2021-09-26T09:24:04+00:00","dateModified":"2025-08-10T17:10:34+00:00","description":"Ln\u011bn\u00fd p\u0159ehoz Rebeka m\u00e1 rafinovan\u00fd a z\u00e1rove\u0148 jedine\u010dn\u00fd vzhled. Jeho kvalitn\u00ed v\u00fdroba a u\u0161it\u00ed ho d\u011blaj\u00ed nenahraditeln\u00fdm kouskem.","breadcrumb":{"@id":"https:\/\/lanaja.sk\/cs\/obchod\/rebekah-lneny-prehoz-na-postel\/#breadcrumb"},"inLanguage":"cs","potentialAction":[{"@type":"ReadAction","target":["https:\/\/lanaja.sk\/cs\/obchod\/rebekah-lneny-prehoz-na-postel\/"]}]},{"@type":"ImageObject","inLanguage":"cs","@id":"https:\/\/lanaja.sk\/cs\/obchod\/rebekah-lneny-prehoz-na-postel\/#primaryimage","url":"https:\/\/lanaja.sk\/wp-content\/uploads\/2021\/09\/l\u030canovy-prehoz-e1632647996125-jpg.webp","contentUrl":"https:\/\/lanaja.sk\/wp-content\/uploads\/2021\/09\/l\u030canovy-prehoz-e1632647996125-jpg.webp","width":900,"height":644,"caption":"\u013eanov\u00fd prehoz"},{"@type":"BreadcrumbList","@id":"https:\/\/lanaja.sk\/cs\/obchod\/rebekah-lneny-prehoz-na-postel\/#breadcrumb","itemListElement":[{"@type":"ListItem","position":1,"name":"Home","item":"https:\/\/lanaja.sk\/cs\/"},{"@type":"ListItem","position":2,"name":"Obchod","item":"https:\/\/lanaja.sk\/cs\/obchod-cz\/"},{"@type":"ListItem","position":3,"name":"Ln\u011bn\u00fd p\u0159ehoz Rebeka"}]},{"@type":"WebSite","@id":"https:\/\/lanaja.sk\/cs\/#website","url":"https:\/\/lanaja.sk\/cs\/","name":"Lanaja - bytov\u00fd textil z \u013eanu a \u013eanov\u00e9 v\u00fdrobky","description":"Jedine\u010dn\u00fd bytov\u00fd textil, ln\u011bn\u00e9 pytl\u00edky, ln\u011bn\u00e9 ubrusy, ln\u011bn\u00e9 lo\u017en\u00ed povle\u010den\u00ed, ln\u011bn\u00e9 ut\u011brky, ln\u011bn\u00e9 prost\u00edr\u00e1n\u00ed vyroben\u00e9 a \u0161it\u00e9 na Slovensku","publisher":{"@id":"https:\/\/lanaja.sk\/cs\/#organization"},"alternateName":"Lanaja - v\u00fdrobky z \u013eanu, \u013eanov\u00fd bytov\u00fd textil","potentialAction":[{"@type":"SearchAction","target":{"@type":"EntryPoint","urlTemplate":"https:\/\/lanaja.sk\/cs\/?s={search_term_string}"},"query-input":{"@type":"PropertyValueSpecification","valueRequired":true,"valueName":"search_term_string"}}],"inLanguage":"cs"},{"@type":"Organization","@id":"https:\/\/lanaja.sk\/cs\/#organization","name":"Lanaja","alternateName":"Al\u017ebeta Andr\u00e1\u0161ikov\u00e1 - Lanaja","url":"https:\/\/lanaja.sk\/cs\/","logo":{"@type":"ImageObject","inLanguage":"cs","@id":"https:\/\/lanaja.sk\/cs\/#\/schema\/logo\/image\/","url":"https:\/\/lanaja.sk\/wp-content\/uploads\/2024\/01\/Lanaja.sk-logo.png","contentUrl":"https:\/\/lanaja.sk\/wp-content\/uploads\/2024\/01\/Lanaja.sk-logo.png","width":600,"height":300,"caption":"Lanaja"},"image":{"@id":"https:\/\/lanaja.sk\/cs\/#\/schema\/logo\/image\/"},"sameAs":["https:\/\/www.facebook.com\/Abreadbag","https:\/\/www.instagram.com\/lanaja_sk\/"]}]}},"_links":{"self":[{"href":"https:\/\/lanaja.sk\/cs\/wp-json\/wp\/v2\/product\/13282","targetHints":{"allow":["GET"]}}],"collection":[{"href":"https:\/\/lanaja.sk\/cs\/wp-json\/wp\/v2\/product"}],"about":[{"href":"https:\/\/lanaja.sk\/cs\/wp-json\/wp\/v2\/types\/product"}],"version-history":[{"count":1,"href":"https:\/\/lanaja.sk\/cs\/wp-json\/wp\/v2\/product\/13282\/revisions"}],"predecessor-version":[{"id":16536,"href":"https:\/\/lanaja.sk\/cs\/wp-json\/wp\/v2\/product\/13282\/revisions\/16536"}],"wp:featuredmedia":[{"embeddable":true,"href":"https:\/\/lanaja.sk\/cs\/wp-json\/wp\/v2\/media\/7047"}],"wp:attachment":[{"href":"https:\/\/lanaja.sk\/cs\/wp-json\/wp\/v2\/media?parent=13282"}],"wp:term":[{"taxonomy":"product_brand","embeddable":true,"href":"https:\/\/lanaja.sk\/cs\/wp-json\/wp\/v2\/product_brand?post=13282"},{"taxonomy":"product_cat","embeddable":true,"href":"https:\/\/lanaja.sk\/cs\/wp-json\/wp\/v2\/product_cat?post=13282"},{"taxonomy":"product_tag","embeddable":true,"href":"https:\/\/lanaja.sk\/cs\/wp-json\/wp\/v2\/product_tag?post=13282"}],"curies":[{"name":"wp","href":"https:\/\/api.w.org\/{rel}","templated":true}]}}