{"id":13284,"date":"2025-11-23T19:21:15","date_gmt":"2025-11-23T18:21:15","guid":{"rendered":"https:\/\/lanaja.sk\/obchod\/neza\u0159azen\u00e9\/nela-lnene-povleceni\/"},"modified":"2024-06-03T12:40:47","modified_gmt":"2024-06-03T10:40:47","slug":"nela-lnene-povleceni","status":"publish","type":"product","link":"https:\/\/lanaja.sk\/cs\/obchod\/nela-lnene-povleceni\/","title":{"rendered":"Ln\u011bn\u00e9 povle\u010den\u00ed NELA"},"content":{"rendered":"<h2>Ln\u011bn\u00e9 povle\u010den\u00ed Nela<\/h2>\n<h3><\/h3>\n<p>Ln\u011bn\u00e9 povle\u010den\u00ed Nela je z\u00e1rukou nejen kvalitn\u00edho sp\u00e1nku, ale tak\u00e9 udr\u017eiteln\u00e9ho a ekologick\u00e9ho p\u0159\u00edstupu do dom\u00e1cnosti. Pokud jde o zp\u016fsob, jak vytvo\u0159it prost\u0159ed\u00ed ve va\u0161\u00ed lo\u017enici, kter\u00e9 je \u0161etrn\u00e9 k \u017eivotn\u00edmu prost\u0159ed\u00ed a z\u00e1rove\u0148 nab\u00edz\u00ed, pak je na 100% spr\u00e1vn\u00e1 volba.<\/p>\n<h4>Hlavn\u00ed v\u00fdhody zdrav\u00e9ho sp\u00e1nku ve lnu<\/h4>\n<p>P\u0159i kontaktu s poko\u017ekou poskytuj\u00ed p\u0159\u00edjemn\u00fd pocit hebkosti a m\u00e1 relaxa\u010dn\u00ed \u00fa\u010dinek, co\u017e p\u0159isp\u00edv\u00e1 k lep\u0161\u00edmu sp\u00e1nku. Ln\u011bn\u00e9 povle\u010den\u00ed nepot\u0159ebuje \u017eehlen\u00ed, jejich p\u0159irozen\u00e9 zvr\u00e1sn\u011bn\u00ed jim dod\u00e1v\u00e1 stylov\u00fd vzhled a z\u00e1rove\u0148 \u0161et\u0159\u00ed v\u00e1\u0161 \u010das. Odpo\u010di\u0148te si po n\u00e1ro\u010dn\u00e9m dni a pono\u0159te se do m\u011bkk\u00e9ho objet\u00ed lnu. Ka\u017ed\u00fd nov\u00fd den je nov\u00fdm dobrodru\u017estv\u00edm. Proto je d\u016fle\u017eit\u00e9 m\u00edt kvalitn\u00ed a zdrav\u00fd sp\u00e1nek, abychom byli p\u0159ipraveni na v\u0161e, co n\u00e1s \u010dek\u00e1. Ln\u011bn\u00e9 povle\u010den\u00ed Nela v\u00e1m d\u00e1 pr\u00e1v\u011b tuto mo\u017enost &#8211; odpo\u010dinout si a na\u010derpat nov\u00e9 s\u00edly.<\/p>\n<p>V\u00fdhody pou\u017e\u00edv\u00e1n\u00ed lo\u017en\u00edho pr\u00e1dla ze 100% lnu jsou nepopirateln\u00e9. Jeho jedine\u010dn\u00e1 schopnost regulovat teplotu, absorbovat vlhkost a odol\u00e1vat bakteri\u00edm a rozto\u010d\u016fm z n\u011bj d\u011bl\u00e1 ide\u00e1ln\u00ed \u0159e\u0161en\u00ed pro lidi se zdravotn\u00edmi probl\u00e9my, ale i pro ty, kter\u00fdm z\u00e1le\u017e\u00ed na zdrav\u00e9m sp\u00e1nku a pohodl\u00ed. Ln\u011bn\u00e1 l\u00e1tka je antialergick\u00e1, odol\u00e1v\u00e1 prachu a m\u00e1 prody\u0161nost, co\u017e zaji\u0161\u0165uje st\u00e1lou cirkulaci vzduchu a zabra\u0148uje p\u0159eh\u0159\u00e1t\u00ed b\u011bhem sp\u00e1nku.<\/p>\n<p>V\u010faka jedine\u010dn\u00e9 molekul\u00e1rn\u00ed struktu\u0159e dok\u00e1\u017e\u00ed ln\u011bn\u00e9 povle\u010den\u00ed absorbovat a\u017e 20% sv\u00e9 hmotnosti vlhkosti, \u010d\u00edm zaru\u010duj\u00ed su\u0161\u0161\u00ed a zdrav\u011bj\u0161\u00ed sp\u00e1nek. D\u00edky sv\u00e9 p\u0159irozen\u00e9 tepeln\u00e9 vodivosti v\u00e1s ln\u011bn\u00e9 povle\u010den\u00ed zah\u0159eje v zim\u011b a ochlad\u00ed v l\u00e9t\u011b, \u010d\u00edm\u017e p\u0159isp\u00edv\u00e1 k celkov\u00e9mu komfortu a relaxaci. Jejich odoln\u00e1 struktura zaru\u010duje dlouhou \u017eivotnost, tak\u017ee investice do ln\u011bn\u00e9ho povle\u010den\u00ed se vyplat\u00ed nejen z hlediska pohodl\u00ed, ale i z hlediska trvanlivosti.<\/p>\n<p>Povle\u010den\u00ed Nela je z\u00e1rukou kvality, stylu a zdrav\u00ed, kter\u00e9 si va\u0161e rodina zaslou\u017e\u00ed. Investujte do sv\u00e9ho sp\u00e1nku a zajist\u011bte si zdrav\u011bj\u0161\u00ed a kvalitn\u011bj\u0161\u00ed \u017eivot.<\/p>\n<h3>Ln\u011bn\u00e9 povle\u010den\u00ed v\u00e1m u\u0161ijeme i na m\u00edru<\/h3>\n<p>Pokud si p\u0159ejete ln\u011bn\u00e9 povle\u010den\u00ed prodlou\u017eit, napi\u0161te n\u00e1m, r\u00e1di v\u00e1m porad\u00edme a uprav\u00edme p\u0159esn\u011b podle va\u0161ich po\u017eadavk\u016f a na m\u00edru. Doporu\u010dujeme tak\u00e9 vyu\u017e\u00edt na\u0161e online konzultace.<\/p>\n<p>D\u00edky vn\u011bj\u0161\u00edmu pro\u0161it\u00ed po obvodu si ln\u011bn\u00e9 povle\u010den\u00ed zachov\u00e1 sv\u016fj tvar i po opakovan\u00e9m pran\u00ed. Povle\u010den\u00ed se v\u00e1m nebude kroutit a po vypr\u00e1n\u00ed sta\u010d\u00ed jen vyt\u0159epat a nechat uschnout. P\u0159ed \u0161it\u00edm se l\u00e1tka vypere a vy\u017eehl\u00ed, tak\u017ee se nemus\u00edte b\u00e1t, \u017ee by se p\u0159i dal\u0161\u00edm pran\u00ed srazila. Tou\u017e\u00edme v\u00e1m nab\u00eddnout kvalitn\u00ed povle\u010den\u00ed, kter\u00e9 je pln\u011b funk\u010dn\u00ed, zdravotn\u011b nez\u00e1vadn\u00e9 a d\u00edky vlastnostem lnu i prosp\u011b\u0161n\u00e9 pro va\u0161e zdrav\u00ed.<\/p>\n<p>Ln\u011bn\u00e9 povle\u010den\u00ed Nela v\u00e1m bude doru\u010deno v elegantn\u00ed d\u00e1rkov\u00e9 krabici, kter\u00e1 je ur\u010dena i pro dal\u0161\u00ed pou\u017eit\u00ed. T\u00edm v\u00e1m u\u0161et\u0159\u00edme starosti s balen\u00edm a vy tak m\u016f\u017eete rovnou darovat zdrav\u00fd a komfortn\u00ed sp\u00e1nek. Bal\u00ed\u010dek m\u016f\u017eete darovat p\u0159\u00edmo k sv\u00e1tku, jako svatebn\u00ed dar nebo k V\u00e1noc\u016fm. Sestavte si vlastn\u00ed kombinaci barev, p\u0159ijde k v\u00e1m kr\u00e1sn\u00e1 a vo\u0148av\u00e1 krabi\u010dka.<\/p>\n<h3>Zap\u00edn\u00e1n\u00ed na ln\u011bn\u00e9m povle\u010den\u00ed<\/h3>\n<p>Zap\u00edn\u00e1n\u00ed na ln\u011bn\u00e9m povle\u010den\u00ed je \u0159e\u0161eno s d\u0159ev\u011bn\u00fdmi knofl\u00edky M\u016f\u017eete si vybrat tyto typy knofl\u00edk\u016f: D\u0158EV\u011aN\u00c9 NEBO KOKOSOV\u00c9, s viditeln\u00fdm zap\u00edn\u00e1n\u00edm nebo se skryt\u00fdmi knofl\u00edky. Zap\u00edn\u00e1n\u00ed na zip (D\u016fle\u017eit\u00e9 upozorn\u011bn\u00ed) do na\u0161eho ln\u011bn\u00e9ho povle\u010den\u00ed v\u0161\u00edv\u00e1me kvalitn\u00ed zipy, av\u0161ak z na\u0161ich dlouholet\u00fdch zku\u0161enost\u00ed v\u00edme, \u017ee jezdce na zipsech nemaj\u00ed takovou \u017eivotnost jako klasick\u00e9 zap\u00edn\u00e1n\u00ed na knofl\u00edky. Bohu\u017eel tuto skute\u010dnost nem\u016f\u017eeme ovlivnit. Proto V\u00e1m doporu\u010dujeme zvolit si klasick\u00e9 zap\u00edn\u00e1n\u00ed na knofl\u00edky, pokud hled\u00e1te povle\u010den\u00ed s maxim\u00e1ln\u00ed \u017eivotnost\u00ed.<\/p>\n<p><strong>V\u0161echny ln\u011bn\u00e9 l\u00e1tky jsou certifikov\u00e1ny <\/strong>OEKO-TEX STANDART 100. vyrobeno v Evrop\u011b.<\/p>\n<p>V\u00edce o v\u00fdhod\u00e1ch ln\u011bn\u00e9ho pr\u00e1dla se do\u010dtete na na\u0161em blogu <a href=\"https:\/\/lanaja.sk\/lanove-obliecky\/?swcfpc=1\" rel=\"noopener\">LEN A JEHO \u00da\u010cINKY Pro zdrav\u00fd a plnohodnotn\u00fd sp\u00e1nek, <\/a> <\/p>\n<p>Jak se starat o ln\u011bn\u00e9 v\u00fdrobky <a href=\"https:\/\/lanaja.sk\/starostlivost-o-lanove-vyrobky\/?swcfpc=1\" rel=\"noopener\">P\u00c9\u010cE O LN\u011aN\u00c9 V\u00ddROBKY<\/a><\/p>\n<p><strong>LN\u011aN\u00c9 POVLE\u010cEN\u00cd BARVA: m\u00e1tov\u011b zelen\u00e1<\/strong><\/p>\n<p>Ln\u011bn\u00e9 povle\u010den\u00ed m\u016f\u017eete tak\u00e9 sladit s ln\u011bn\u00fdm prost\u011bradlem <a href=\"https:\/\/lanaja.sk\/kategoria-produktu\/spalna\/lanove-plachty\/?swcfpc=1\" rel=\"noopener noreferrer\">ZDE<\/a><\/p>\n<p>Ln\u011bn\u00e9 povle\u010den\u00ed v jin\u00fdch barv\u00e1ch a velikostech si m\u016f\u017eete objednat <a href=\"https:\/\/lanaja.sk\/kategoria-produktu\/spalna\/lanove-obliecky\/?swcfpc=1\" rel=\"noopener noreferrer\">tak\u00e9 ZDE<\/a> a tak\u00e9 rozm\u011bry ln\u011bn\u00e9ho povle\u010den\u00ed do d\u011btsk\u00fdch post\u00fdlek, junior\u016f.<\/p>\n<p><strong>Po\u010d\u00edtejte s dodac\u00ed lh\u016ftou 5-15 pracovn\u00edch dn\u016f, pokud nem\u00e1me produkt \u0161it\u00fd skladem, ru\u010dn\u00ed pr\u00e1ce vy\u017eaduje n\u00e1\u0161 \u010das. Ln\u011bn\u00e9 v\u00fdrobky \u0161ijeme v na\u0161\u00ed d\u00edln\u011b dle Va\u0161eho p\u0159\u00e1n\u00ed a na m\u00edru v z\u00e1vislosti na konkr\u00e9tn\u00edm v\u00fdrobku.<\/strong><\/p>\n","protected":false},"excerpt":{"rendered":"<div class=\"\" data-block=\"true\" data-editor=\"98q1f\" data-offset-key=\"3m4b-0-0\">\n<div class=\"_1mf _1mj\" data-offset-key=\"3m4b-0-0\"><span data-offset-key=\"3m4b-0-0\">V\u00edtejte v LANAJA! Na m\u00edst\u011b, kde se v\u00e1m spln\u00ed va\u0161e touha po dokonal\u00e9m sp\u00e1nku! Na\u0161e ln\u011bn\u00e9 povle\u010den\u00ed \u0161ijeme p\u0159\u00edmo v na\u0161\u00ed d\u00edln\u011b Lanaja na Slovensku. Podporujeme m\u00edstn\u00ed v\u00fdrobce a zaji\u0161\u0165ujeme, aby ka\u017ed\u00fd krok v\u00fdrobn\u00edho procesu byl etick\u00fd a udr\u017eiteln\u00fd. V\u011b\u0159\u00edme, \u017ee je to zp\u016fsob, jak vytvo\u0159it lep\u0161\u00ed sv\u011bt nejen pro n\u00e1s, ale i pro budouc\u00ed generace. <\/span>Vstupte do sv\u011bta sn\u016f, kde sp\u00e1nek a va\u0161e postel jsou \u010dist\u00fdm um\u011bleck\u00fdm pl\u00e1tnem.<\/div>\n<\/div>\n<div class=\"\" data-block=\"true\" data-editor=\"98q1f\" data-offset-key=\"62tks-0-0\">\n<div class=\"_1mf _1mj\" data-offset-key=\"62tks-0-0\"><span data-offset-key=\"62tks-0-0\"> <\/span><\/div>\n<\/div>\n<div class=\"\" data-block=\"true\" data-editor=\"98q1f\" data-offset-key=\"3bdhh-0-0\">\n<div class=\"_1mf _1mj\" data-offset-key=\"3bdhh-0-0\" data-auto-logging-id=\"f79bb95c770c28\"><\/div>\n<\/div>\n","protected":false},"featured_media":14437,"template":"","meta":[],"product_brand":[],"product_cat":[365,366,363],"product_tag":[384],"class_list":{"0":"post-13284","1":"product","2":"type-product","3":"status-publish","4":"has-post-thumbnail","6":"product_cat-lnena-prosteradla-ve-standardnich-velikostech","7":"product_cat-lnene-povlaky-na-prikryvky","8":"product_cat-lnene-povleceni-cs","9":"product_tag-lnena-prosteradla-lanaja","11":"first","12":"onbackorder","13":"shipping-taxable","14":"purchasable","15":"product-type-variable"},"yoast_head":"<!-- This site is optimized with the Yoast SEO plugin v27.4 - https:\/\/yoast.com\/product\/yoast-seo-wordpress\/ -->\n<title>Ln\u011bn\u00e9 povle\u010den\u00ed NELA &#8226; Lanaja-slovensk\u00e1 udr\u017eiteln\u00e1 zna\u010dka a v\u00fdrobce ln\u011bn\u00e9ho textilu<\/title>\n<meta name=\"description\" content=\"Ln\u011bn\u00e9 povle\u010den\u00ed Nela je z\u00e1rukou nejen kvalitn\u00edho sp\u00e1nku, ale tak\u00e9 udr\u017eiteln\u00e9ho a ekologick\u00e9ho p\u0159\u00edstupu, pono\u0159te se do m\u011bkk\u00e9ho objet\u00ed lnu\" \/>\n<meta name=\"robots\" content=\"index, follow, max-snippet:-1, max-image-preview:large, max-video-preview:-1\" \/>\n<link rel=\"canonical\" href=\"https:\/\/lanaja.sk\/cs\/obchod\/nela-lnene-povleceni\/\" \/>\n<meta property=\"og:locale\" content=\"cs_CZ\" \/>\n<meta property=\"og:type\" content=\"article\" \/>\n<meta property=\"og:title\" content=\"Ln\u011bn\u00e9 povle\u010den\u00ed NELA &#8226; Lanaja-slovensk\u00e1 udr\u017eiteln\u00e1 zna\u010dka a v\u00fdrobce ln\u011bn\u00e9ho textilu\" \/>\n<meta property=\"og:description\" content=\"Ln\u011bn\u00e9 povle\u010den\u00ed Nela je z\u00e1rukou nejen kvalitn\u00edho sp\u00e1nku, ale tak\u00e9 udr\u017eiteln\u00e9ho a ekologick\u00e9ho p\u0159\u00edstupu, pono\u0159te se do m\u011bkk\u00e9ho objet\u00ed lnu\" \/>\n<meta property=\"og:url\" content=\"https:\/\/lanaja.sk\/cs\/obchod\/nela-lnene-povleceni\/\" \/>\n<meta property=\"og:site_name\" content=\"Lanaja-slovensk\u00e1 udr\u017eiteln\u00e1 zna\u010dka a v\u00fdrobce ln\u011bn\u00e9ho textilu\" \/>\n<meta property=\"article:publisher\" content=\"https:\/\/www.facebook.com\/Abreadbag\" \/>\n<meta property=\"og:image\" content=\"https:\/\/lanaja.sk\/wp-content\/uploads\/2024\/06\/DSC_1841-scaled.jpg\" \/>\n\t<meta property=\"og:image:width\" content=\"1699\" \/>\n\t<meta property=\"og:image:height\" content=\"2560\" \/>\n\t<meta property=\"og:image:type\" content=\"image\/jpeg\" \/>\n<meta name=\"twitter:card\" content=\"summary_large_image\" \/>\n<meta name=\"twitter:label1\" content=\"Odhadovan\u00e1 doba \u010dten\u00ed\" \/>\n\t<meta name=\"twitter:data1\" content=\"5 minut\" \/>\n<script type=\"application\/ld+json\" class=\"yoast-schema-graph\">{\"@context\":\"https:\\\/\\\/schema.org\",\"@graph\":[{\"@type\":\"WebPage\",\"@id\":\"https:\\\/\\\/lanaja.sk\\\/cs\\\/obchod\\\/nela-lnene-povleceni\\\/\",\"url\":\"https:\\\/\\\/lanaja.sk\\\/cs\\\/obchod\\\/nela-lnene-povleceni\\\/\",\"name\":\"Ln\u011bn\u00e9 povle\u010den\u00ed NELA &#8226; Lanaja-slovensk\u00e1 udr\u017eiteln\u00e1 zna\u010dka a v\u00fdrobce ln\u011bn\u00e9ho textilu\",\"isPartOf\":{\"@id\":\"https:\\\/\\\/lanaja.sk\\\/cs\\\/#website\"},\"primaryImageOfPage\":{\"@id\":\"https:\\\/\\\/lanaja.sk\\\/cs\\\/obchod\\\/nela-lnene-povleceni\\\/#primaryimage\"},\"image\":{\"@id\":\"https:\\\/\\\/lanaja.sk\\\/cs\\\/obchod\\\/nela-lnene-povleceni\\\/#primaryimage\"},\"thumbnailUrl\":\"https:\\\/\\\/lanaja.sk\\\/wp-content\\\/uploads\\\/2024\\\/06\\\/DSC_1841-scaled.jpg\",\"datePublished\":\"2025-11-23T18:21:15+00:00\",\"description\":\"Ln\u011bn\u00e9 povle\u010den\u00ed Nela je z\u00e1rukou nejen kvalitn\u00edho sp\u00e1nku, ale tak\u00e9 udr\u017eiteln\u00e9ho a ekologick\u00e9ho p\u0159\u00edstupu, pono\u0159te se do m\u011bkk\u00e9ho objet\u00ed lnu\",\"breadcrumb\":{\"@id\":\"https:\\\/\\\/lanaja.sk\\\/cs\\\/obchod\\\/nela-lnene-povleceni\\\/#breadcrumb\"},\"inLanguage\":\"cs\",\"potentialAction\":[{\"@type\":\"ReadAction\",\"target\":[\"https:\\\/\\\/lanaja.sk\\\/cs\\\/obchod\\\/nela-lnene-povleceni\\\/\"]}]},{\"@type\":\"ImageObject\",\"inLanguage\":\"cs\",\"@id\":\"https:\\\/\\\/lanaja.sk\\\/cs\\\/obchod\\\/nela-lnene-povleceni\\\/#primaryimage\",\"url\":\"https:\\\/\\\/lanaja.sk\\\/wp-content\\\/uploads\\\/2024\\\/06\\\/DSC_1841-scaled.jpg\",\"contentUrl\":\"https:\\\/\\\/lanaja.sk\\\/wp-content\\\/uploads\\\/2024\\\/06\\\/DSC_1841-scaled.jpg\",\"width\":1699,\"height\":2560,\"caption\":\"slovensk\u00e9 \u013eanov\u00e9 oblie\u010dky Lanaja\"},{\"@type\":\"BreadcrumbList\",\"@id\":\"https:\\\/\\\/lanaja.sk\\\/cs\\\/obchod\\\/nela-lnene-povleceni\\\/#breadcrumb\",\"itemListElement\":[{\"@type\":\"ListItem\",\"position\":1,\"name\":\"Home\",\"item\":\"https:\\\/\\\/lanaja.sk\\\/cs\\\/\"},{\"@type\":\"ListItem\",\"position\":2,\"name\":\"Obchod\",\"item\":\"https:\\\/\\\/lanaja.sk\\\/cs\\\/obchod-cz\\\/\"},{\"@type\":\"ListItem\",\"position\":3,\"name\":\"Ln\u011bn\u00e9 povle\u010den\u00ed NELA\"}]},{\"@type\":\"WebSite\",\"@id\":\"https:\\\/\\\/lanaja.sk\\\/cs\\\/#website\",\"url\":\"https:\\\/\\\/lanaja.sk\\\/cs\\\/\",\"name\":\"Lanaja - bytov\u00fd textil z \u013eanu a \u013eanov\u00e9 v\u00fdrobky\",\"description\":\"Jedine\u010dn\u00fd bytov\u00fd textil, ln\u011bn\u00e9 pytl\u00edky, ln\u011bn\u00e9 ubrusy, ln\u011bn\u00e9 lo\u017en\u00ed povle\u010den\u00ed, ln\u011bn\u00e9 ut\u011brky, ln\u011bn\u00e9 prost\u00edr\u00e1n\u00ed vyroben\u00e9 a \u0161it\u00e9 na Slovensku\",\"publisher\":{\"@id\":\"https:\\\/\\\/lanaja.sk\\\/cs\\\/#organization\"},\"alternateName\":\"Lanaja - v\u00fdrobky z \u013eanu, \u013eanov\u00fd bytov\u00fd textil\",\"potentialAction\":[{\"@type\":\"SearchAction\",\"target\":{\"@type\":\"EntryPoint\",\"urlTemplate\":\"https:\\\/\\\/lanaja.sk\\\/cs\\\/?s={search_term_string}\"},\"query-input\":{\"@type\":\"PropertyValueSpecification\",\"valueRequired\":true,\"valueName\":\"search_term_string\"}}],\"inLanguage\":\"cs\"},{\"@type\":\"Organization\",\"@id\":\"https:\\\/\\\/lanaja.sk\\\/cs\\\/#organization\",\"name\":\"Lanaja\",\"alternateName\":\"Al\u017ebeta Andr\u00e1\u0161ikov\u00e1 - Lanaja\",\"url\":\"https:\\\/\\\/lanaja.sk\\\/cs\\\/\",\"logo\":{\"@type\":\"ImageObject\",\"inLanguage\":\"cs\",\"@id\":\"https:\\\/\\\/lanaja.sk\\\/cs\\\/#\\\/schema\\\/logo\\\/image\\\/\",\"url\":\"https:\\\/\\\/lanaja.sk\\\/wp-content\\\/uploads\\\/2024\\\/01\\\/Lanaja.sk-logo.png\",\"contentUrl\":\"https:\\\/\\\/lanaja.sk\\\/wp-content\\\/uploads\\\/2024\\\/01\\\/Lanaja.sk-logo.png\",\"width\":600,\"height\":300,\"caption\":\"Lanaja\"},\"image\":{\"@id\":\"https:\\\/\\\/lanaja.sk\\\/cs\\\/#\\\/schema\\\/logo\\\/image\\\/\"},\"sameAs\":[\"https:\\\/\\\/www.facebook.com\\\/Abreadbag\",\"https:\\\/\\\/www.instagram.com\\\/lanaja_sk\\\/\"]}]}<\/script>\n<!-- \/ Yoast SEO plugin. -->","yoast_head_json":{"title":"Ln\u011bn\u00e9 povle\u010den\u00ed NELA &#8226; Lanaja-slovensk\u00e1 udr\u017eiteln\u00e1 zna\u010dka a v\u00fdrobce ln\u011bn\u00e9ho textilu","description":"Ln\u011bn\u00e9 povle\u010den\u00ed Nela je z\u00e1rukou nejen kvalitn\u00edho sp\u00e1nku, ale tak\u00e9 udr\u017eiteln\u00e9ho a ekologick\u00e9ho p\u0159\u00edstupu, pono\u0159te se do m\u011bkk\u00e9ho objet\u00ed lnu","robots":{"index":"index","follow":"follow","max-snippet":"max-snippet:-1","max-image-preview":"max-image-preview:large","max-video-preview":"max-video-preview:-1"},"canonical":"https:\/\/lanaja.sk\/cs\/obchod\/nela-lnene-povleceni\/","og_locale":"cs_CZ","og_type":"article","og_title":"Ln\u011bn\u00e9 povle\u010den\u00ed NELA &#8226; Lanaja-slovensk\u00e1 udr\u017eiteln\u00e1 zna\u010dka a v\u00fdrobce ln\u011bn\u00e9ho textilu","og_description":"Ln\u011bn\u00e9 povle\u010den\u00ed Nela je z\u00e1rukou nejen kvalitn\u00edho sp\u00e1nku, ale tak\u00e9 udr\u017eiteln\u00e9ho a ekologick\u00e9ho p\u0159\u00edstupu, pono\u0159te se do m\u011bkk\u00e9ho objet\u00ed lnu","og_url":"https:\/\/lanaja.sk\/cs\/obchod\/nela-lnene-povleceni\/","og_site_name":"Lanaja-slovensk\u00e1 udr\u017eiteln\u00e1 zna\u010dka a v\u00fdrobce ln\u011bn\u00e9ho textilu","article_publisher":"https:\/\/www.facebook.com\/Abreadbag","og_image":[{"width":1699,"height":2560,"url":"https:\/\/lanaja.sk\/wp-content\/uploads\/2024\/06\/DSC_1841-scaled.jpg","type":"image\/jpeg"}],"twitter_card":"summary_large_image","twitter_misc":{"Odhadovan\u00e1 doba \u010dten\u00ed":"5 minut"},"schema":{"@context":"https:\/\/schema.org","@graph":[{"@type":"WebPage","@id":"https:\/\/lanaja.sk\/cs\/obchod\/nela-lnene-povleceni\/","url":"https:\/\/lanaja.sk\/cs\/obchod\/nela-lnene-povleceni\/","name":"Ln\u011bn\u00e9 povle\u010den\u00ed NELA &#8226; Lanaja-slovensk\u00e1 udr\u017eiteln\u00e1 zna\u010dka a v\u00fdrobce ln\u011bn\u00e9ho textilu","isPartOf":{"@id":"https:\/\/lanaja.sk\/cs\/#website"},"primaryImageOfPage":{"@id":"https:\/\/lanaja.sk\/cs\/obchod\/nela-lnene-povleceni\/#primaryimage"},"image":{"@id":"https:\/\/lanaja.sk\/cs\/obchod\/nela-lnene-povleceni\/#primaryimage"},"thumbnailUrl":"https:\/\/lanaja.sk\/wp-content\/uploads\/2024\/06\/DSC_1841-scaled.jpg","datePublished":"2025-11-23T18:21:15+00:00","description":"Ln\u011bn\u00e9 povle\u010den\u00ed Nela je z\u00e1rukou nejen kvalitn\u00edho sp\u00e1nku, ale tak\u00e9 udr\u017eiteln\u00e9ho a ekologick\u00e9ho p\u0159\u00edstupu, pono\u0159te se do m\u011bkk\u00e9ho objet\u00ed lnu","breadcrumb":{"@id":"https:\/\/lanaja.sk\/cs\/obchod\/nela-lnene-povleceni\/#breadcrumb"},"inLanguage":"cs","potentialAction":[{"@type":"ReadAction","target":["https:\/\/lanaja.sk\/cs\/obchod\/nela-lnene-povleceni\/"]}]},{"@type":"ImageObject","inLanguage":"cs","@id":"https:\/\/lanaja.sk\/cs\/obchod\/nela-lnene-povleceni\/#primaryimage","url":"https:\/\/lanaja.sk\/wp-content\/uploads\/2024\/06\/DSC_1841-scaled.jpg","contentUrl":"https:\/\/lanaja.sk\/wp-content\/uploads\/2024\/06\/DSC_1841-scaled.jpg","width":1699,"height":2560,"caption":"slovensk\u00e9 \u013eanov\u00e9 oblie\u010dky Lanaja"},{"@type":"BreadcrumbList","@id":"https:\/\/lanaja.sk\/cs\/obchod\/nela-lnene-povleceni\/#breadcrumb","itemListElement":[{"@type":"ListItem","position":1,"name":"Home","item":"https:\/\/lanaja.sk\/cs\/"},{"@type":"ListItem","position":2,"name":"Obchod","item":"https:\/\/lanaja.sk\/cs\/obchod-cz\/"},{"@type":"ListItem","position":3,"name":"Ln\u011bn\u00e9 povle\u010den\u00ed NELA"}]},{"@type":"WebSite","@id":"https:\/\/lanaja.sk\/cs\/#website","url":"https:\/\/lanaja.sk\/cs\/","name":"Lanaja - bytov\u00fd textil z \u013eanu a \u013eanov\u00e9 v\u00fdrobky","description":"Jedine\u010dn\u00fd bytov\u00fd textil, ln\u011bn\u00e9 pytl\u00edky, ln\u011bn\u00e9 ubrusy, ln\u011bn\u00e9 lo\u017en\u00ed povle\u010den\u00ed, ln\u011bn\u00e9 ut\u011brky, ln\u011bn\u00e9 prost\u00edr\u00e1n\u00ed vyroben\u00e9 a \u0161it\u00e9 na Slovensku","publisher":{"@id":"https:\/\/lanaja.sk\/cs\/#organization"},"alternateName":"Lanaja - v\u00fdrobky z \u013eanu, \u013eanov\u00fd bytov\u00fd textil","potentialAction":[{"@type":"SearchAction","target":{"@type":"EntryPoint","urlTemplate":"https:\/\/lanaja.sk\/cs\/?s={search_term_string}"},"query-input":{"@type":"PropertyValueSpecification","valueRequired":true,"valueName":"search_term_string"}}],"inLanguage":"cs"},{"@type":"Organization","@id":"https:\/\/lanaja.sk\/cs\/#organization","name":"Lanaja","alternateName":"Al\u017ebeta Andr\u00e1\u0161ikov\u00e1 - Lanaja","url":"https:\/\/lanaja.sk\/cs\/","logo":{"@type":"ImageObject","inLanguage":"cs","@id":"https:\/\/lanaja.sk\/cs\/#\/schema\/logo\/image\/","url":"https:\/\/lanaja.sk\/wp-content\/uploads\/2024\/01\/Lanaja.sk-logo.png","contentUrl":"https:\/\/lanaja.sk\/wp-content\/uploads\/2024\/01\/Lanaja.sk-logo.png","width":600,"height":300,"caption":"Lanaja"},"image":{"@id":"https:\/\/lanaja.sk\/cs\/#\/schema\/logo\/image\/"},"sameAs":["https:\/\/www.facebook.com\/Abreadbag","https:\/\/www.instagram.com\/lanaja_sk\/"]}]}},"_links":{"self":[{"href":"https:\/\/lanaja.sk\/cs\/wp-json\/wp\/v2\/product\/13284","targetHints":{"allow":["GET"]}}],"collection":[{"href":"https:\/\/lanaja.sk\/cs\/wp-json\/wp\/v2\/product"}],"about":[{"href":"https:\/\/lanaja.sk\/cs\/wp-json\/wp\/v2\/types\/product"}],"version-history":[{"count":2,"href":"https:\/\/lanaja.sk\/cs\/wp-json\/wp\/v2\/product\/13284\/revisions"}],"predecessor-version":[{"id":14594,"href":"https:\/\/lanaja.sk\/cs\/wp-json\/wp\/v2\/product\/13284\/revisions\/14594"}],"wp:featuredmedia":[{"embeddable":true,"href":"https:\/\/lanaja.sk\/cs\/wp-json\/wp\/v2\/media\/14437"}],"wp:attachment":[{"href":"https:\/\/lanaja.sk\/cs\/wp-json\/wp\/v2\/media?parent=13284"}],"wp:term":[{"taxonomy":"product_brand","embeddable":true,"href":"https:\/\/lanaja.sk\/cs\/wp-json\/wp\/v2\/product_brand?post=13284"},{"taxonomy":"product_cat","embeddable":true,"href":"https:\/\/lanaja.sk\/cs\/wp-json\/wp\/v2\/product_cat?post=13284"},{"taxonomy":"product_tag","embeddable":true,"href":"https:\/\/lanaja.sk\/cs\/wp-json\/wp\/v2\/product_tag?post=13284"}],"curies":[{"name":"wp","href":"https:\/\/api.w.org\/{rel}","templated":true}]}}