{"id":13286,"date":"2020-04-13T21:23:22","date_gmt":"2020-04-13T19:23:22","guid":{"rendered":"https:\/\/lanaja.sk\/obchod\/neza\u0159azen\u00e9\/lnene-ubrousky-2\/"},"modified":"2025-08-02T15:44:39","modified_gmt":"2025-08-02T13:44:39","slug":"lnene-ubrousky-2","status":"publish","type":"product","link":"https:\/\/lanaja.sk\/cs\/obchod\/lnene-ubrousky-2\/","title":{"rendered":"Ln\u011bn\u00e9 ubrousky"},"content":{"rendered":"<h2>Ln\u011bn\u00e9 ubrousky<\/h2>\n<p>&nbsp;<\/p>\n<p><strong>Ln\u011bn\u00e9 ubrousky <\/strong>\u0161it\u00e9 ze 100% p\u0159edepran\u00e9ho m\u011bk\u010den\u00e9ho lnu. Jsou ide\u00e1ln\u00edm m\u00edstem pro pap\u00edrov\u00e9 ubrousky a ubrousky. Nejen\u017ee p\u016fsob\u00ed elegantn\u011bji a vytvo\u0159\u00ed slavnostn\u011bj\u0161\u00ed atmosf\u00e9ru p\u0159i stolov\u00e1n\u00ed, ale jejich opakovan\u00fdm pou\u017e\u00edv\u00e1n\u00edm \u0161et\u0159\u00edte na\u0161i p\u0159\u00edrodu a \u017eivotn\u00ed prost\u0159ed\u00ed a nevytv\u00e1\u0159\u00edte dal\u0161\u00ed zbyte\u010dn\u00fd odpad. Pokud jsi i ty nad\u0161enec pro ZERO WASTE a \u017eivot bez odpadu, toto je pro tebe to prav\u00e9 \u0159e\u0161en\u00ed, jak eliminovat odpad na minimum. My ti za to D\u011aKUJEME, d\u011bkujeme, \u017ee n\u00e1m pom\u00e1h\u00e1\u0161 chr\u00e1nit na\u0161e \u017eivotn\u00ed prost\u0159ed\u00ed, v\u011b\u0159\u00edm, \u017ee spole\u010dnou osv\u011btou a s na\u0161\u00ed i va\u0161\u00ed pomoc\u00ed to dok\u00e1\u017eeme!<\/p>\n<p>Ubrousky jsou precizn\u011b pro\u0161it\u00e9, aby len i po pran\u00ed dr\u017eel sv\u016fj tvar. Je p\u0159edepran\u00fd, tak\u017ee se nemus\u00edte b\u00e1t, \u017ee by se srazily.<\/p>\n<p>Pokud m\u00e1te z\u00e1jem o jin\u00fd rozm\u011br, napi\u0161te n\u00e1m p\u0159ed objedn\u00e1n\u00edm, r\u00e1di v\u00e1m porad\u00edme. M\u016f\u017eete tak\u00e9 vyu\u017e\u00edt na\u0161e konzulta\u010dn\u00ed hodiny formou videohovor\u016f.<\/p>\n<p>A\u0165 u\u017e se rozhodnete pro ln\u011bn\u00e9 ru\u010dn\u00edky na chleba nebo ln\u011bn\u00e9 pytl\u00edky, bude to spr\u00e1vn\u00e1 volba nejen pro va\u0161e zdrav\u00ed, ale pom\u016f\u017eete chr\u00e1nit na\u0161e \u017eivotn\u00ed prost\u0159ed\u00ed, d\u011bkujeme, \u017ee n\u00e1m pom\u00e1h\u00e1te \u0161\u00ed\u0159it pov\u011bdom\u00ed o pot\u0159eb\u011b recyklace a spole\u010dn\u011b vym\u011bn\u00edme tis\u00edce um\u011bl\u00fdch s\u00e1\u010dk\u016f za ln\u011bn\u00e9 pytle.<\/p>\n<p>Jako bonus v\u00e1m v\u0161echny produkty p\u0159ijdou kr\u00e1sn\u011b zabalen\u00e9 a my v\u00e1s zbav\u00edme starost\u00ed a vym\u00fd\u0161len\u00ed d\u00e1rkov\u00e9ho balen\u00ed, bal\u00ed\u010dek m\u016f\u017eete darovat p\u0159\u00edmo k sv\u00e1tku nebo V\u00e1noc\u016fm, sestavit si vlastn\u00ed kombinaci barev, p\u0159ijde k v\u00e1m kr\u00e1sn\u00e1 a vo\u0148av\u00e1 krabi\u010dka.<\/p>\n<p>Ln\u011bn\u00e9 ubrousky m\u016f\u017eete kombinovat s ln\u011bnou \u0161t\u00f3lou <a href=\"https:\/\/lanaja.sk\/cs\/obchod\/kuchyne\/lnene-ubrusy-a-prostirani\/lnena-stola\/\" rel=\"noopener noreferrer\">ZDE<\/a> a <a href=\"https:\/\/lanaja.sk\/cs\/obchod\/kuchyne\/lnene-ubrusy-a-prostirani\/lneny-ubrus-4\/\" target=\"_blank\" rel=\"noopener noreferrer\">ubrusmi ZDE<\/a><\/p>\n<p><strong>Po\u010d\u00edtejte s dodac\u00ed lh\u016ftou 5-15 pracovn\u00edch dn\u016f, pokud nem\u00e1me produkt \u0161it\u00fd skladem, ru\u010dn\u00ed pr\u00e1ce vy\u017eaduje n\u00e1\u0161 \u010das. Ln\u011bn\u00e9 v\u00fdrobky \u0161ijeme v na\u0161\u00ed d\u00edln\u011b dle Va\u0161eho p\u0159\u00e1n\u00ed a na m\u00edru v z\u00e1vislosti na konkr\u00e9tn\u00edm v\u00fdrobku.<\/strong><\/p>\n","protected":false},"excerpt":{"rendered":"<div class=\"flex-1 overflow-hidden\">\n<div class=\"react-scroll-to-bottom--css-ywyml-79elbk h-full\">\n<div class=\"react-scroll-to-bottom--css-ywyml-1n7m0yu\">\n<div class=\"flex flex-col text-sm pb-9\">\n<div class=\"w-full text-token-text-primary\" data-testid=\"conversation-turn-91\">\n<div class=\"px-4 py-2 justify-center text-base md:gap-6 m-auto\">\n<div class=\"flex flex-1 text-base mx-auto gap-3 md:px-5 lg:px-1 xl:px-5 md:max-w-3xl lg:max-w-[40rem] xl:max-w-[48rem] group final-completion\">\n<div class=\"relative flex w-full flex-col agent-turn\">\n<div class=\"flex-col gap-1 md:gap-3\">\n<div class=\"flex flex-grow flex-col max-w-full\">\n<div class=\"min-h-[20px] text-message flex flex-col items-start gap-3 whitespace-pre-wrap break-words [.text-message+&amp;]:mt-5 overflow-x-auto\" data-message-author-role=\"assistant\" data-message-id=\"f5b7d8d7-b547-4f82-b3fe-972e6e94b6f0\">\n<div class=\"markdown prose w-full break-words dark:prose-invert light\"><\/div>\n<\/div>\n<\/div>\n<\/div>\n<\/div>\n<\/div>\n<\/div>\n<\/div>\n<\/div>\n<\/div>\n<\/div>\n<\/div>\n<div class=\"w-full pt-2 md:pt-0 dark:border-white\/20 md:border-transparent md:dark:border-transparent md:w-[calc(100%-.5rem)]\">\n<form class=\"stretch mx-2 flex flex-row gap-3 last:mb-2 md:mx-4 md:last:mb-6 lg:mx-auto lg:max-w-2xl xl:max-w-3xl\">\n<div class=\"relative flex h-full flex-1 flex-col\">\n<div class=\"absolute bottom-full left-0 right-0\">Jsme hrd\u00ed na to, \u017ee na\u0161e v\u00fdroba je zalo\u017eena na udr\u017eiteln\u00fdch postupech a \u017ee jsme sou\u010d\u00e1st\u00ed hnut\u00ed za bezodpadov\u00fd \u017eivot. S na\u0161imi ln\u011bn\u00fdmi ubrousky v\u00e1m p\u0159in\u00e1\u0161\u00edme nejen kousek elegance do va\u0161eho domova, ale tak\u00e9 p\u0159\u00edle\u017eitost podpo\u0159it ekologicky uv\u011bdom\u011bl\u00e1 rozhodnut\u00ed ve va\u0161em ka\u017edodenn\u00edm \u017eivot\u011b. P\u0159i stolov\u00e1n\u00ed si u\u017eijete estetick\u00fd z\u00e1\u017eitek. P\u0159irozen\u00e1 schopnost lnu absorbovat vlhkost a jemn\u00e1 textura vytv\u00e1\u0159ej\u00ed ide\u00e1ln\u00ed prost\u0159ed\u00ed pro p\u0159\u00edjemn\u00e9 j\u00eddlo a p\u0159\u00edjemn\u00e9 chv\u00edle str\u00e1ven\u00e9 s rodinou a p\u0159\u00e1teli.<\/div>\n<div class=\"flex w-full items-center\"><\/div>\n<\/div>\n<\/form>\n<\/div>\n","protected":false},"featured_media":6908,"template":"","meta":[],"product_brand":[],"product_cat":[351],"product_tag":[362],"class_list":{"0":"post-13286","1":"product","2":"type-product","3":"status-publish","4":"has-post-thumbnail","6":"product_cat-lnene-ubrusy-a-prostirani","7":"product_tag-lneny-ubrousek","9":"first","10":"onbackorder","11":"shipping-taxable","12":"purchasable","13":"product-type-variable"},"yoast_head":"<!-- This site is optimized with the Yoast SEO plugin v27.4 - https:\/\/yoast.com\/product\/yoast-seo-wordpress\/ -->\n<title>Ln\u011bn\u00e9 ubrousky &#8226; Lanaja-slovensk\u00e1 udr\u017eiteln\u00e1 zna\u010dka a v\u00fdrobce ln\u011bn\u00e9ho textilu<\/title>\n<meta name=\"description\" content=\"Ln\u011bn\u00e9 ubrousky u\u0161it\u00e9 ze 100% p\u0159edepran\u00e9ho m\u011bk\u010den\u00e9ho lnu o vysok\u00e9 gram\u00e1\u017ei jsou ide\u00e1ln\u00ed n\u00e1hradou za pap\u00edrov\u00e9 ubrousky a ubrousky. Nejen\u017ee p\u016fsob\u00ed elegantn\u011bji a vytvo\u0159\u00ed slavnostn\u011bj\u0161\u00ed atmosf\u00e9ru p\u0159i stolov\u00e1n\u00ed, ale jejich opakovan\u00fdm pou\u017e\u00edv\u00e1n\u00edm \u0161et\u0159\u00edte na\u0161i p\u0159\u00edrodu.\" \/>\n<meta name=\"robots\" content=\"index, follow, max-snippet:-1, max-image-preview:large, max-video-preview:-1\" \/>\n<link rel=\"canonical\" href=\"https:\/\/lanaja.sk\/cs\/obchod\/lnene-ubrousky-2\/\" \/>\n<meta property=\"og:locale\" content=\"cs_CZ\" \/>\n<meta property=\"og:type\" content=\"article\" \/>\n<meta property=\"og:title\" content=\"Ln\u011bn\u00e9 ubrousky &#8226; Lanaja-slovensk\u00e1 udr\u017eiteln\u00e1 zna\u010dka a v\u00fdrobce ln\u011bn\u00e9ho textilu\" \/>\n<meta property=\"og:description\" content=\"Ln\u011bn\u00e9 ubrousky u\u0161it\u00e9 ze 100% p\u0159edepran\u00e9ho m\u011bk\u010den\u00e9ho lnu o vysok\u00e9 gram\u00e1\u017ei jsou ide\u00e1ln\u00ed n\u00e1hradou za pap\u00edrov\u00e9 ubrousky a ubrousky. Nejen\u017ee p\u016fsob\u00ed elegantn\u011bji a vytvo\u0159\u00ed slavnostn\u011bj\u0161\u00ed atmosf\u00e9ru p\u0159i stolov\u00e1n\u00ed, ale jejich opakovan\u00fdm pou\u017e\u00edv\u00e1n\u00edm \u0161et\u0159\u00edte na\u0161i p\u0159\u00edrodu.\" \/>\n<meta property=\"og:url\" content=\"https:\/\/lanaja.sk\/cs\/obchod\/lnene-ubrousky-2\/\" \/>\n<meta property=\"og:site_name\" content=\"Lanaja-slovensk\u00e1 udr\u017eiteln\u00e1 zna\u010dka a v\u00fdrobce ln\u011bn\u00e9ho textilu\" \/>\n<meta property=\"article:publisher\" content=\"https:\/\/www.facebook.com\/Abreadbag\" \/>\n<meta property=\"article:modified_time\" content=\"2025-08-02T13:44:39+00:00\" \/>\n<meta property=\"og:image\" content=\"https:\/\/lanaja.sk\/wp-content\/uploads\/2020\/04\/obrus70-e1586806025905-jpg.webp\" \/>\n\t<meta property=\"og:image:width\" content=\"800\" \/>\n\t<meta property=\"og:image:height\" content=\"620\" \/>\n\t<meta property=\"og:image:type\" content=\"image\/jpeg\" \/>\n<meta name=\"twitter:card\" content=\"summary_large_image\" \/>\n<meta name=\"twitter:label1\" content=\"Odhadovan\u00e1 doba \u010dten\u00ed\" \/>\n\t<meta name=\"twitter:data1\" content=\"2 minuty\" \/>\n<script type=\"application\/ld+json\" class=\"yoast-schema-graph\">{\"@context\":\"https:\\\/\\\/schema.org\",\"@graph\":[{\"@type\":\"WebPage\",\"@id\":\"https:\\\/\\\/lanaja.sk\\\/cs\\\/obchod\\\/lnene-ubrousky-2\\\/\",\"url\":\"https:\\\/\\\/lanaja.sk\\\/cs\\\/obchod\\\/lnene-ubrousky-2\\\/\",\"name\":\"Ln\u011bn\u00e9 ubrousky &#8226; Lanaja-slovensk\u00e1 udr\u017eiteln\u00e1 zna\u010dka a v\u00fdrobce ln\u011bn\u00e9ho textilu\",\"isPartOf\":{\"@id\":\"https:\\\/\\\/lanaja.sk\\\/cs\\\/#website\"},\"primaryImageOfPage\":{\"@id\":\"https:\\\/\\\/lanaja.sk\\\/cs\\\/obchod\\\/lnene-ubrousky-2\\\/#primaryimage\"},\"image\":{\"@id\":\"https:\\\/\\\/lanaja.sk\\\/cs\\\/obchod\\\/lnene-ubrousky-2\\\/#primaryimage\"},\"thumbnailUrl\":\"https:\\\/\\\/lanaja.sk\\\/wp-content\\\/uploads\\\/2020\\\/04\\\/obrus70-e1586806025905-jpg.webp\",\"datePublished\":\"2020-04-13T19:23:22+00:00\",\"dateModified\":\"2025-08-02T13:44:39+00:00\",\"description\":\"Ln\u011bn\u00e9 ubrousky u\u0161it\u00e9 ze 100% p\u0159edepran\u00e9ho m\u011bk\u010den\u00e9ho lnu o vysok\u00e9 gram\u00e1\u017ei jsou ide\u00e1ln\u00ed n\u00e1hradou za pap\u00edrov\u00e9 ubrousky a ubrousky. Nejen\u017ee p\u016fsob\u00ed elegantn\u011bji a vytvo\u0159\u00ed slavnostn\u011bj\u0161\u00ed atmosf\u00e9ru p\u0159i stolov\u00e1n\u00ed, ale jejich opakovan\u00fdm pou\u017e\u00edv\u00e1n\u00edm \u0161et\u0159\u00edte na\u0161i p\u0159\u00edrodu.\",\"breadcrumb\":{\"@id\":\"https:\\\/\\\/lanaja.sk\\\/cs\\\/obchod\\\/lnene-ubrousky-2\\\/#breadcrumb\"},\"inLanguage\":\"cs\",\"potentialAction\":[{\"@type\":\"ReadAction\",\"target\":[\"https:\\\/\\\/lanaja.sk\\\/cs\\\/obchod\\\/lnene-ubrousky-2\\\/\"]}]},{\"@type\":\"ImageObject\",\"inLanguage\":\"cs\",\"@id\":\"https:\\\/\\\/lanaja.sk\\\/cs\\\/obchod\\\/lnene-ubrousky-2\\\/#primaryimage\",\"url\":\"https:\\\/\\\/lanaja.sk\\\/wp-content\\\/uploads\\\/2020\\\/04\\\/obrus70-e1586806025905-jpg.webp\",\"contentUrl\":\"https:\\\/\\\/lanaja.sk\\\/wp-content\\\/uploads\\\/2020\\\/04\\\/obrus70-e1586806025905-jpg.webp\",\"width\":800,\"height\":620,\"caption\":\"\u013eanov\u00e9 obrusy\"},{\"@type\":\"BreadcrumbList\",\"@id\":\"https:\\\/\\\/lanaja.sk\\\/cs\\\/obchod\\\/lnene-ubrousky-2\\\/#breadcrumb\",\"itemListElement\":[{\"@type\":\"ListItem\",\"position\":1,\"name\":\"Home\",\"item\":\"https:\\\/\\\/lanaja.sk\\\/cs\\\/\"},{\"@type\":\"ListItem\",\"position\":2,\"name\":\"Obchod\",\"item\":\"https:\\\/\\\/lanaja.sk\\\/cs\\\/obchod-cz\\\/\"},{\"@type\":\"ListItem\",\"position\":3,\"name\":\"Ln\u011bn\u00e9 ubrousky\"}]},{\"@type\":\"WebSite\",\"@id\":\"https:\\\/\\\/lanaja.sk\\\/cs\\\/#website\",\"url\":\"https:\\\/\\\/lanaja.sk\\\/cs\\\/\",\"name\":\"Lanaja - bytov\u00fd textil z \u013eanu a \u013eanov\u00e9 v\u00fdrobky\",\"description\":\"Jedine\u010dn\u00fd bytov\u00fd textil, ln\u011bn\u00e9 pytl\u00edky, ln\u011bn\u00e9 ubrusy, ln\u011bn\u00e9 lo\u017en\u00ed povle\u010den\u00ed, ln\u011bn\u00e9 ut\u011brky, ln\u011bn\u00e9 prost\u00edr\u00e1n\u00ed vyroben\u00e9 a \u0161it\u00e9 na Slovensku\",\"publisher\":{\"@id\":\"https:\\\/\\\/lanaja.sk\\\/cs\\\/#organization\"},\"alternateName\":\"Lanaja - v\u00fdrobky z \u013eanu, \u013eanov\u00fd bytov\u00fd textil\",\"potentialAction\":[{\"@type\":\"SearchAction\",\"target\":{\"@type\":\"EntryPoint\",\"urlTemplate\":\"https:\\\/\\\/lanaja.sk\\\/cs\\\/?s={search_term_string}\"},\"query-input\":{\"@type\":\"PropertyValueSpecification\",\"valueRequired\":true,\"valueName\":\"search_term_string\"}}],\"inLanguage\":\"cs\"},{\"@type\":\"Organization\",\"@id\":\"https:\\\/\\\/lanaja.sk\\\/cs\\\/#organization\",\"name\":\"Lanaja\",\"alternateName\":\"Al\u017ebeta Andr\u00e1\u0161ikov\u00e1 - Lanaja\",\"url\":\"https:\\\/\\\/lanaja.sk\\\/cs\\\/\",\"logo\":{\"@type\":\"ImageObject\",\"inLanguage\":\"cs\",\"@id\":\"https:\\\/\\\/lanaja.sk\\\/cs\\\/#\\\/schema\\\/logo\\\/image\\\/\",\"url\":\"https:\\\/\\\/lanaja.sk\\\/wp-content\\\/uploads\\\/2024\\\/01\\\/Lanaja.sk-logo.png\",\"contentUrl\":\"https:\\\/\\\/lanaja.sk\\\/wp-content\\\/uploads\\\/2024\\\/01\\\/Lanaja.sk-logo.png\",\"width\":600,\"height\":300,\"caption\":\"Lanaja\"},\"image\":{\"@id\":\"https:\\\/\\\/lanaja.sk\\\/cs\\\/#\\\/schema\\\/logo\\\/image\\\/\"},\"sameAs\":[\"https:\\\/\\\/www.facebook.com\\\/Abreadbag\",\"https:\\\/\\\/www.instagram.com\\\/lanaja_sk\\\/\"]}]}<\/script>\n<!-- \/ Yoast SEO plugin. -->","yoast_head_json":{"title":"Ln\u011bn\u00e9 ubrousky &#8226; Lanaja-slovensk\u00e1 udr\u017eiteln\u00e1 zna\u010dka a v\u00fdrobce ln\u011bn\u00e9ho textilu","description":"Ln\u011bn\u00e9 ubrousky u\u0161it\u00e9 ze 100% p\u0159edepran\u00e9ho m\u011bk\u010den\u00e9ho lnu o vysok\u00e9 gram\u00e1\u017ei jsou ide\u00e1ln\u00ed n\u00e1hradou za pap\u00edrov\u00e9 ubrousky a ubrousky. Nejen\u017ee p\u016fsob\u00ed elegantn\u011bji a vytvo\u0159\u00ed slavnostn\u011bj\u0161\u00ed atmosf\u00e9ru p\u0159i stolov\u00e1n\u00ed, ale jejich opakovan\u00fdm pou\u017e\u00edv\u00e1n\u00edm \u0161et\u0159\u00edte na\u0161i p\u0159\u00edrodu.","robots":{"index":"index","follow":"follow","max-snippet":"max-snippet:-1","max-image-preview":"max-image-preview:large","max-video-preview":"max-video-preview:-1"},"canonical":"https:\/\/lanaja.sk\/cs\/obchod\/lnene-ubrousky-2\/","og_locale":"cs_CZ","og_type":"article","og_title":"Ln\u011bn\u00e9 ubrousky &#8226; Lanaja-slovensk\u00e1 udr\u017eiteln\u00e1 zna\u010dka a v\u00fdrobce ln\u011bn\u00e9ho textilu","og_description":"Ln\u011bn\u00e9 ubrousky u\u0161it\u00e9 ze 100% p\u0159edepran\u00e9ho m\u011bk\u010den\u00e9ho lnu o vysok\u00e9 gram\u00e1\u017ei jsou ide\u00e1ln\u00ed n\u00e1hradou za pap\u00edrov\u00e9 ubrousky a ubrousky. Nejen\u017ee p\u016fsob\u00ed elegantn\u011bji a vytvo\u0159\u00ed slavnostn\u011bj\u0161\u00ed atmosf\u00e9ru p\u0159i stolov\u00e1n\u00ed, ale jejich opakovan\u00fdm pou\u017e\u00edv\u00e1n\u00edm \u0161et\u0159\u00edte na\u0161i p\u0159\u00edrodu.","og_url":"https:\/\/lanaja.sk\/cs\/obchod\/lnene-ubrousky-2\/","og_site_name":"Lanaja-slovensk\u00e1 udr\u017eiteln\u00e1 zna\u010dka a v\u00fdrobce ln\u011bn\u00e9ho textilu","article_publisher":"https:\/\/www.facebook.com\/Abreadbag","article_modified_time":"2025-08-02T13:44:39+00:00","og_image":[{"width":800,"height":620,"url":"https:\/\/lanaja.sk\/wp-content\/uploads\/2020\/04\/obrus70-e1586806025905-jpg.webp","type":"image\/jpeg"}],"twitter_card":"summary_large_image","twitter_misc":{"Odhadovan\u00e1 doba \u010dten\u00ed":"2 minuty"},"schema":{"@context":"https:\/\/schema.org","@graph":[{"@type":"WebPage","@id":"https:\/\/lanaja.sk\/cs\/obchod\/lnene-ubrousky-2\/","url":"https:\/\/lanaja.sk\/cs\/obchod\/lnene-ubrousky-2\/","name":"Ln\u011bn\u00e9 ubrousky &#8226; Lanaja-slovensk\u00e1 udr\u017eiteln\u00e1 zna\u010dka a v\u00fdrobce ln\u011bn\u00e9ho textilu","isPartOf":{"@id":"https:\/\/lanaja.sk\/cs\/#website"},"primaryImageOfPage":{"@id":"https:\/\/lanaja.sk\/cs\/obchod\/lnene-ubrousky-2\/#primaryimage"},"image":{"@id":"https:\/\/lanaja.sk\/cs\/obchod\/lnene-ubrousky-2\/#primaryimage"},"thumbnailUrl":"https:\/\/lanaja.sk\/wp-content\/uploads\/2020\/04\/obrus70-e1586806025905-jpg.webp","datePublished":"2020-04-13T19:23:22+00:00","dateModified":"2025-08-02T13:44:39+00:00","description":"Ln\u011bn\u00e9 ubrousky u\u0161it\u00e9 ze 100% p\u0159edepran\u00e9ho m\u011bk\u010den\u00e9ho lnu o vysok\u00e9 gram\u00e1\u017ei jsou ide\u00e1ln\u00ed n\u00e1hradou za pap\u00edrov\u00e9 ubrousky a ubrousky. Nejen\u017ee p\u016fsob\u00ed elegantn\u011bji a vytvo\u0159\u00ed slavnostn\u011bj\u0161\u00ed atmosf\u00e9ru p\u0159i stolov\u00e1n\u00ed, ale jejich opakovan\u00fdm pou\u017e\u00edv\u00e1n\u00edm \u0161et\u0159\u00edte na\u0161i p\u0159\u00edrodu.","breadcrumb":{"@id":"https:\/\/lanaja.sk\/cs\/obchod\/lnene-ubrousky-2\/#breadcrumb"},"inLanguage":"cs","potentialAction":[{"@type":"ReadAction","target":["https:\/\/lanaja.sk\/cs\/obchod\/lnene-ubrousky-2\/"]}]},{"@type":"ImageObject","inLanguage":"cs","@id":"https:\/\/lanaja.sk\/cs\/obchod\/lnene-ubrousky-2\/#primaryimage","url":"https:\/\/lanaja.sk\/wp-content\/uploads\/2020\/04\/obrus70-e1586806025905-jpg.webp","contentUrl":"https:\/\/lanaja.sk\/wp-content\/uploads\/2020\/04\/obrus70-e1586806025905-jpg.webp","width":800,"height":620,"caption":"\u013eanov\u00e9 obrusy"},{"@type":"BreadcrumbList","@id":"https:\/\/lanaja.sk\/cs\/obchod\/lnene-ubrousky-2\/#breadcrumb","itemListElement":[{"@type":"ListItem","position":1,"name":"Home","item":"https:\/\/lanaja.sk\/cs\/"},{"@type":"ListItem","position":2,"name":"Obchod","item":"https:\/\/lanaja.sk\/cs\/obchod-cz\/"},{"@type":"ListItem","position":3,"name":"Ln\u011bn\u00e9 ubrousky"}]},{"@type":"WebSite","@id":"https:\/\/lanaja.sk\/cs\/#website","url":"https:\/\/lanaja.sk\/cs\/","name":"Lanaja - bytov\u00fd textil z \u013eanu a \u013eanov\u00e9 v\u00fdrobky","description":"Jedine\u010dn\u00fd bytov\u00fd textil, ln\u011bn\u00e9 pytl\u00edky, ln\u011bn\u00e9 ubrusy, ln\u011bn\u00e9 lo\u017en\u00ed povle\u010den\u00ed, ln\u011bn\u00e9 ut\u011brky, ln\u011bn\u00e9 prost\u00edr\u00e1n\u00ed vyroben\u00e9 a \u0161it\u00e9 na Slovensku","publisher":{"@id":"https:\/\/lanaja.sk\/cs\/#organization"},"alternateName":"Lanaja - v\u00fdrobky z \u013eanu, \u013eanov\u00fd bytov\u00fd textil","potentialAction":[{"@type":"SearchAction","target":{"@type":"EntryPoint","urlTemplate":"https:\/\/lanaja.sk\/cs\/?s={search_term_string}"},"query-input":{"@type":"PropertyValueSpecification","valueRequired":true,"valueName":"search_term_string"}}],"inLanguage":"cs"},{"@type":"Organization","@id":"https:\/\/lanaja.sk\/cs\/#organization","name":"Lanaja","alternateName":"Al\u017ebeta Andr\u00e1\u0161ikov\u00e1 - Lanaja","url":"https:\/\/lanaja.sk\/cs\/","logo":{"@type":"ImageObject","inLanguage":"cs","@id":"https:\/\/lanaja.sk\/cs\/#\/schema\/logo\/image\/","url":"https:\/\/lanaja.sk\/wp-content\/uploads\/2024\/01\/Lanaja.sk-logo.png","contentUrl":"https:\/\/lanaja.sk\/wp-content\/uploads\/2024\/01\/Lanaja.sk-logo.png","width":600,"height":300,"caption":"Lanaja"},"image":{"@id":"https:\/\/lanaja.sk\/cs\/#\/schema\/logo\/image\/"},"sameAs":["https:\/\/www.facebook.com\/Abreadbag","https:\/\/www.instagram.com\/lanaja_sk\/"]}]}},"_links":{"self":[{"href":"https:\/\/lanaja.sk\/cs\/wp-json\/wp\/v2\/product\/13286","targetHints":{"allow":["GET"]}}],"collection":[{"href":"https:\/\/lanaja.sk\/cs\/wp-json\/wp\/v2\/product"}],"about":[{"href":"https:\/\/lanaja.sk\/cs\/wp-json\/wp\/v2\/types\/product"}],"version-history":[{"count":1,"href":"https:\/\/lanaja.sk\/cs\/wp-json\/wp\/v2\/product\/13286\/revisions"}],"predecessor-version":[{"id":16452,"href":"https:\/\/lanaja.sk\/cs\/wp-json\/wp\/v2\/product\/13286\/revisions\/16452"}],"wp:featuredmedia":[{"embeddable":true,"href":"https:\/\/lanaja.sk\/cs\/wp-json\/wp\/v2\/media\/6908"}],"wp:attachment":[{"href":"https:\/\/lanaja.sk\/cs\/wp-json\/wp\/v2\/media?parent=13286"}],"wp:term":[{"taxonomy":"product_brand","embeddable":true,"href":"https:\/\/lanaja.sk\/cs\/wp-json\/wp\/v2\/product_brand?post=13286"},{"taxonomy":"product_cat","embeddable":true,"href":"https:\/\/lanaja.sk\/cs\/wp-json\/wp\/v2\/product_cat?post=13286"},{"taxonomy":"product_tag","embeddable":true,"href":"https:\/\/lanaja.sk\/cs\/wp-json\/wp\/v2\/product_tag?post=13286"}],"curies":[{"name":"wp","href":"https:\/\/api.w.org\/{rel}","templated":true}]}}