{"id":13291,"date":"2021-09-26T17:24:14","date_gmt":"2021-09-26T15:24:14","guid":{"rendered":"https:\/\/lanaja.sk\/obchod\/neza\u0159azen\u00e9\/oboustranny-lneny-rucnik\/"},"modified":"2025-07-12T11:56:33","modified_gmt":"2025-07-12T09:56:33","slug":"oboustranny-lneny-rucnik","status":"publish","type":"product","link":"https:\/\/lanaja.sk\/cs\/obchod\/oboustranny-lneny-rucnik\/","title":{"rendered":"Oboustrann\u00e1 ln\u011bn\u00e1 osu\u0161ka"},"content":{"rendered":"<h2><strong>Oboustrann\u00e1 ln\u011bn\u00e1 osu\u0161ka<\/strong><\/h2>\n<p>Ln\u011bn\u00e1 osu\u0161ka m\u00e1 rafinovan\u00fd a z\u00e1rove\u0148 jedine\u010dn\u00fd vzhled, je lehk\u00e1, m\u011bkk\u00e1 a pevn\u00e1 z\u00e1rove\u0148. Jedna strana v\u00e1s pot\u011b\u0161\u00ed podkladem ve sv\u011btl\u00e9m b\u00e9\u017eov\u00e9m odst\u00ednu s hn\u011bd\u00fdmi punt\u00edky a naopak druh\u00e1 strana je zkombinovan\u00e1 s podkladem v p\u0159\u00edrodn\u00ed nebarven\u00e9 hn\u011bd\u00e9 barv\u011b s b\u00e9\u017eov\u00fdmi punt\u00edky.<\/p>\n<p>Ln\u011bn\u00e9 osu\u0161ky zab\u00edraj\u00ed podstatn\u011b m\u00e9n\u011b m\u00edsta. Pokud pot\u0159ebujete u\u0161et\u0159it \u00falo\u017en\u00fd prostor, cestujete nebo \u010dasto chod\u00edte do fitka, jsou pro v\u00e1s ide\u00e1ln\u00ed volbou.<\/p>\n<h4>Balen\u00ed v krabi\u010dce<\/h4>\n<p>V na\u0161\u00ed d\u00edln\u011b \u0161ijeme ru\u010dn\u00edky a osu\u0161ky v\u011bt\u0161inou ze sm\u011bsi lnu a bavlny, abychom dos\u00e1hli maxim\u00e1ln\u00ed \u00farovn\u011b trvanlivosti, savosti a jemnosti. V\u00edte si zkombinovat svou vlastn\u00ed sadu ru\u010dn\u00edk\u016f a osu\u0161ek, kter\u00e1 v\u00e1m p\u0159ijde zabalen\u00e1 v d\u00e1rkov\u00e9 krabi\u010dce, jako v\u0161echny v\u00fdrobky od n\u00e1s.<\/p>\n<h4><strong>V\u0161echny ln\u011bn\u00e9 l\u00e1tky jsou certifikov\u00e1ny<\/strong> OEKO-TEX STANDARD 100. vyrobeno v Evrop\u011b.<\/h4>\n<p>Ln\u011bn\u00e9 osu\u0161ky a ru\u010dn\u00edky jsou \u0161ity z m\u011bk\u010den\u00e9ho, p\u0159edpran\u00e9ho, certifikovan\u00e9ho lnu, kter\u00fd je vym\u00fdv\u00e1n pomoc\u00ed kamene, tzv. Stone washing nebo s ozna\u010den\u00edm STONEWASHED. Ln\u011bn\u00e1 l\u00e1tka tak z\u00edsk\u00e1 obl\u00edben\u00fd jemn\u011bj\u0161\u00ed vzhled, p\u0159irozen\u011b a rovnom\u011brn\u011b poma\u010dkan\u00fd, a p\u0159i pou\u017e\u00edv\u00e1n\u00ed v\u00e1s odm\u011bn\u00ed p\u0159\u00edjemn\u00fdm pocitem jemnosti. B\u011bhem sp\u00e1nku v\u00e1m prokrv\u00ed a jemn\u011b promas\u00edruje poko\u017eku, podpo\u0159\u00ed relaxaci, \u010d\u00edm\u017e ji zjemn\u00ed a ochr\u00e1n\u00ed d\u00edky sv\u00e9 p\u0159irozen\u00e9 pH.<\/p>\n<h4>Jak\u00e9 jsou pro v\u00e1s benefity ln\u011bn\u00fdch osu\u0161ek?<\/h4>\n<p>Ln\u011bn\u00e1 tkanina je n\u011bkolikan\u00e1sobn\u011b <strong>siln\u011bj\u0161\u00ed <\/strong>a <strong>trvanliv\u011bj\u0161\u00ed, a pou\u017e\u00edv\u00e1n\u00ed takov\u00fdchto v\u00fdrobk\u016f je dlouholet\u00e1 z\u00e1ruka spokojenosti. <\/strong>\u010c\u00edm \u010dast\u011bji budete ln\u011bn\u00e9 osu\u0161ky a ru\u010dn\u00edky pr\u00e1t, t\u00edm budou m\u011bk\u010d\u00ed a kr\u00e1sn\u011bj\u0161\u00ed. Proto se nen\u00ed t\u0159eba b\u00e1t vy\u0161\u0161\u00ed investice, kter\u00e1 v\u00e1m a va\u0161\u00ed rodin\u011b zaru\u010d\u00ed kvalitu a spokojenost na dlouh\u00e1 l\u00e9ta. V neposledn\u00ed \u0159ad\u011b vytvo\u0159\u00edte bezpe\u010dn\u011bj\u0161\u00ed a zdrav\u011bj\u0161\u00ed domov pro sebe a sv\u00e9 bl\u00edzk\u00e9. Ln\u011bn\u00e1 l\u00e1tka m\u00e1 l<strong>ehk\u00fd mas\u00e1\u017en\u00ed \u00fa\u010dinek <\/strong>kv\u016fli mikroskopick\u00fdm zlom\u016fm na sv\u00e9m vn\u011bj\u0161\u00edm povrchu. Nepravidelnosti, hrub\u0161\u00ed povrch, mal\u00e9 hrudky a vr\u00e1s\u010dit\u00e1 struktura v\u00e1m zajist\u00ed mas\u00e1\u017e, stimuluje pr\u016ftok krve a podpo\u0159\u00ed relaxaci. Vzhledem k j<strong>edine\u010dn\u00e9 filtraci, schopnosti odol\u00e1vat bakteri\u00edm, vzdu\u0161nosti, absorpci a odpa\u0159ov\u00e1n\u00ed vlhkosti je len zn\u00e1m\u00fd jako antialergick\u00fd. <\/strong>Doporu\u010duje se i pro <strong>lidi s ko\u017en\u00edmi onemocn\u011bn\u00edmi, alergiemi a je vhodn\u00fd i pro mal\u00e9 d\u011bti.<\/strong> M\u00e1 vysokou schopnost <strong>potla\u010dit bakterie, rozto\u010de a pl\u00edsn\u011b. Je vysoce repelentn\u00ed proti hmyzu<\/strong>. Len je \u0161etrn\u00fd k \u017eivotn\u00edmu prost\u0159ed\u00ed, z\u00e1rove\u0148 je to obnoviteln\u00fd zdroj. P\u0159i jeho p\u011bstov\u00e1n\u00ed se nepou\u017e\u00edvaj\u00ed \u017e\u00e1dn\u00e1 hnojiva a nepot\u0159ebuje \u017e\u00e1dn\u00e9 zavla\u017eov\u00e1n\u00ed, a je pln\u011b biologicky odbourateln\u00fd.<\/p>\n<p><strong>Ln\u011bn\u00e1 osu\u0161ka je u\u0161ita z materi\u00e1lu<\/strong>: 80 % len, 20 % bavlna, gram\u00e1\u017e 330 g\/m\u00b2.<\/p>\n<p>Celou kolekci ru\u010dn\u00edk\u016f a ru\u010dn\u00edk\u016f si m\u016f\u017eete prohl\u00e9dnout <a href=\"https:\/\/lanaja.sk\/cs\/kategorie-produktu\/koupelna\/lnene-rucniky-osusky\/\" target=\"_blank\" rel=\"noopener\">ZDE<\/a><\/p>\n<p>Na fotce je 100% BIO meru\u0148kov\u00fd olej lisovan\u00fd za studena, kter\u00fd si tak zachov\u00e1v\u00e1 v\u0161echny prosp\u011b\u0161n\u00e9 l\u00e1tky, od slovensk\u00e9 zna\u010dky <a href=\"https:\/\/musk.sk\/\" target=\"_blank\" rel=\"noopener\">MUSK.<\/a><\/p>\n<p class=\"article\"><strong>Rozm\u011bry: <\/strong>cca 90x140cm<\/p>\n<p><strong>Po\u010d\u00edtejte s dodac\u00ed lh\u016ftou 5-15 pracovn\u00edch dn\u016f, pokud nem\u00e1me produkt \u0161it\u00fd skladem, ru\u010dn\u00ed pr\u00e1ce vy\u017eaduje n\u00e1\u0161 \u010das. Ln\u011bn\u00e9 v\u00fdrobky \u0161ijeme v na\u0161\u00ed d\u00edln\u011b dle Va\u0161eho p\u0159\u00e1n\u00ed a na m\u00edru v z\u00e1vislosti na konkr\u00e9tn\u00edm v\u00fdrobku.<\/strong><\/p>\n<p>M\u016f\u017eete tak\u00e9 vid\u011bt v\u00edce o n\u00e1s, o Lanaji, z ka\u017edodenn\u00edho \u017eivota v na\u0161em studiu, recenze spokojen\u00fdch z\u00e1kazn\u00edk\u016f na na\u0161ich soci\u00e1ln\u00edch s\u00edt\u00edch <a href=\"https:\/\/www.instagram.com\/lanaja_sk\" target=\"_blank\" rel=\"noopener\">Lanaja na Instagramu<\/a> a <a href=\"https:\/\/www.facebook.com\/Abreadbag\/\" target=\"_blank\" rel=\"noopener\">Lanaja na Facebooku<\/a><\/p>\n","protected":false},"excerpt":{"rendered":"<p>V Lanaja jsme op\u011bt spojili kr\u00e1su a funk\u010dnost a vytvo\u0159ili n\u011bco, co v\u00e1s uchv\u00e1t\u00ed \u2013 oboustrann\u00e9 ln\u011bn\u00e9 ru\u010dn\u00edky a osu\u0161ky s punt\u00edkovan\u00fdm vzorem. Tyto kousky jsou nejen n\u00e1dhern\u00e9 na pohled, ale i velmi praktick\u00e9. Jejich oboustrann\u00fd design a punt\u00edkovan\u00fd vzor vytv\u00e1\u0159ej\u00ed pocit hloubky a textury.<\/p>\n<p>ejich materi\u00e1l je v\u00fdjime\u010dn\u00fd \u2013 len je hypoalergenn\u00ed a p\u0159irozen\u011b antibakteri\u00e1ln\u00ed, proto jsou skv\u011blou volbou pro ka\u017ed\u00e9ho, kdo db\u00e1 na sv\u00e9 zdrav\u00ed a pohodu. Jsou velmi praktick\u00e9 a odoln\u00e9 \u2013 rychle schnou a maj\u00ed dlouhou \u017eivotnost. Skr\u00fdv\u00e1 se v nich p\u0159\u00edb\u011bh, kter\u00fd vypr\u00e1v\u00ed o tradi\u010dn\u00edm \u0159emesle a l\u00e1sce k p\u0159\u00edrod\u011b.<\/p>\n<p>V ateli\u00e9ru Lanaja v\u011b\u0159\u00edme, \u017ee ka\u017ed\u00fd z\u00e1kazn\u00edk si najde sv\u016fj obl\u00edben\u00fd kousek a \u017ee oboustrann\u00e9 ln\u011bn\u00e9 ru\u010dn\u00edky a osu\u0161ky se stanou sou\u010d\u00e1st\u00ed va\u0161eho \u017eivota na mnoho dal\u0161\u00edch let. Tak jako se spojuj\u00ed vl\u00e1kna v ln\u011bn\u00e9 l\u00e1tce, tak se u n\u00e1s spojuje v\u00e1\u0161e\u0148, kreativita a \u0159emeslo, abychom pro v\u00e1s vytvo\u0159ili n\u011bco jedine\u010dn\u00e9ho a kr\u00e1sn\u00e9ho.<\/p>\n","protected":false},"featured_media":7056,"template":"","meta":[],"product_brand":[],"product_cat":[184],"product_tag":[354],"class_list":{"0":"post-13291","1":"product","2":"type-product","3":"status-publish","4":"has-post-thumbnail","6":"product_cat-lnene-rucniky-osusky","7":"product_tag-lneny-rucnik-cs-2","9":"first","10":"instock","11":"shipping-taxable","12":"purchasable","13":"product-type-simple"},"yoast_head":"<!-- This site is optimized with the Yoast SEO plugin v27.4 - https:\/\/yoast.com\/product\/yoast-seo-wordpress\/ -->\n<title>Oboustrann\u00e1 ln\u011bn\u00e1 osu\u0161ka &#8226; Lanaja-slovensk\u00e1 udr\u017eiteln\u00e1 zna\u010dka a v\u00fdrobce ln\u011bn\u00e9ho textilu<\/title>\n<meta name=\"description\" content=\"Ln\u011bn\u00e1 osu\u0161ka m\u00e1 rafinovan\u00fd a z\u00e1rove\u0148 jedine\u010dn\u00fd vzhled, je lehk\u00e1, m\u011bkk\u00e1 a pevn\u00e1 z\u00e1rove\u0148. Ln\u011bn\u00e1 osu\u0161ka je \u0161it\u00e1 z m\u011bk\u010den\u00e9ho p\u0159edepran\u00e9ho lnu...\" \/>\n<meta name=\"robots\" content=\"index, follow, max-snippet:-1, max-image-preview:large, max-video-preview:-1\" \/>\n<link rel=\"canonical\" href=\"https:\/\/lanaja.sk\/cs\/obchod\/oboustranny-lneny-rucnik\/\" \/>\n<meta property=\"og:locale\" content=\"cs_CZ\" \/>\n<meta property=\"og:type\" content=\"article\" \/>\n<meta property=\"og:title\" content=\"Oboustrann\u00e1 ln\u011bn\u00e1 osu\u0161ka &#8226; Lanaja-slovensk\u00e1 udr\u017eiteln\u00e1 zna\u010dka a v\u00fdrobce ln\u011bn\u00e9ho textilu\" \/>\n<meta property=\"og:description\" content=\"Ln\u011bn\u00e1 osu\u0161ka m\u00e1 rafinovan\u00fd a z\u00e1rove\u0148 jedine\u010dn\u00fd vzhled, je lehk\u00e1, m\u011bkk\u00e1 a pevn\u00e1 z\u00e1rove\u0148. Ln\u011bn\u00e1 osu\u0161ka je \u0161it\u00e1 z m\u011bk\u010den\u00e9ho p\u0159edepran\u00e9ho lnu...\" \/>\n<meta property=\"og:url\" content=\"https:\/\/lanaja.sk\/cs\/obchod\/oboustranny-lneny-rucnik\/\" \/>\n<meta property=\"og:site_name\" content=\"Lanaja-slovensk\u00e1 udr\u017eiteln\u00e1 zna\u010dka a v\u00fdrobce ln\u011bn\u00e9ho textilu\" \/>\n<meta property=\"article:publisher\" content=\"https:\/\/www.facebook.com\/Abreadbag\" \/>\n<meta property=\"article:modified_time\" content=\"2025-07-12T09:56:33+00:00\" \/>\n<meta property=\"og:image\" content=\"https:\/\/lanaja.sk\/wp-content\/uploads\/2021\/09\/lanova-osuska15-e1632669459570-jpg.webp\" \/>\n\t<meta property=\"og:image:width\" content=\"782\" \/>\n\t<meta property=\"og:image:height\" content=\"850\" \/>\n\t<meta property=\"og:image:type\" content=\"image\/jpeg\" \/>\n<meta name=\"twitter:card\" content=\"summary_large_image\" \/>\n<meta name=\"twitter:label1\" content=\"Odhadovan\u00e1 doba \u010dten\u00ed\" \/>\n\t<meta name=\"twitter:data1\" content=\"3 minuty\" \/>\n<script type=\"application\/ld+json\" class=\"yoast-schema-graph\">{\"@context\":\"https:\\\/\\\/schema.org\",\"@graph\":[{\"@type\":\"WebPage\",\"@id\":\"https:\\\/\\\/lanaja.sk\\\/cs\\\/obchod\\\/oboustranny-lneny-rucnik\\\/\",\"url\":\"https:\\\/\\\/lanaja.sk\\\/cs\\\/obchod\\\/oboustranny-lneny-rucnik\\\/\",\"name\":\"Oboustrann\u00e1 ln\u011bn\u00e1 osu\u0161ka &#8226; Lanaja-slovensk\u00e1 udr\u017eiteln\u00e1 zna\u010dka a v\u00fdrobce ln\u011bn\u00e9ho textilu\",\"isPartOf\":{\"@id\":\"https:\\\/\\\/lanaja.sk\\\/cs\\\/#website\"},\"primaryImageOfPage\":{\"@id\":\"https:\\\/\\\/lanaja.sk\\\/cs\\\/obchod\\\/oboustranny-lneny-rucnik\\\/#primaryimage\"},\"image\":{\"@id\":\"https:\\\/\\\/lanaja.sk\\\/cs\\\/obchod\\\/oboustranny-lneny-rucnik\\\/#primaryimage\"},\"thumbnailUrl\":\"https:\\\/\\\/lanaja.sk\\\/wp-content\\\/uploads\\\/2021\\\/09\\\/lanova-osuska15-e1632669459570-jpg.webp\",\"datePublished\":\"2021-09-26T15:24:14+00:00\",\"dateModified\":\"2025-07-12T09:56:33+00:00\",\"description\":\"Ln\u011bn\u00e1 osu\u0161ka m\u00e1 rafinovan\u00fd a z\u00e1rove\u0148 jedine\u010dn\u00fd vzhled, je lehk\u00e1, m\u011bkk\u00e1 a pevn\u00e1 z\u00e1rove\u0148. Ln\u011bn\u00e1 osu\u0161ka je \u0161it\u00e1 z m\u011bk\u010den\u00e9ho p\u0159edepran\u00e9ho lnu...\",\"breadcrumb\":{\"@id\":\"https:\\\/\\\/lanaja.sk\\\/cs\\\/obchod\\\/oboustranny-lneny-rucnik\\\/#breadcrumb\"},\"inLanguage\":\"cs\",\"potentialAction\":[{\"@type\":\"ReadAction\",\"target\":[\"https:\\\/\\\/lanaja.sk\\\/cs\\\/obchod\\\/oboustranny-lneny-rucnik\\\/\"]}]},{\"@type\":\"ImageObject\",\"inLanguage\":\"cs\",\"@id\":\"https:\\\/\\\/lanaja.sk\\\/cs\\\/obchod\\\/oboustranny-lneny-rucnik\\\/#primaryimage\",\"url\":\"https:\\\/\\\/lanaja.sk\\\/wp-content\\\/uploads\\\/2021\\\/09\\\/lanova-osuska15-e1632669459570-jpg.webp\",\"contentUrl\":\"https:\\\/\\\/lanaja.sk\\\/wp-content\\\/uploads\\\/2021\\\/09\\\/lanova-osuska15-e1632669459570-jpg.webp\",\"width\":782,\"height\":850,\"caption\":\"\u013eanov\u00e9 osu\u0161ky\"},{\"@type\":\"BreadcrumbList\",\"@id\":\"https:\\\/\\\/lanaja.sk\\\/cs\\\/obchod\\\/oboustranny-lneny-rucnik\\\/#breadcrumb\",\"itemListElement\":[{\"@type\":\"ListItem\",\"position\":1,\"name\":\"Home\",\"item\":\"https:\\\/\\\/lanaja.sk\\\/cs\\\/\"},{\"@type\":\"ListItem\",\"position\":2,\"name\":\"Obchod\",\"item\":\"https:\\\/\\\/lanaja.sk\\\/cs\\\/obchod-cz\\\/\"},{\"@type\":\"ListItem\",\"position\":3,\"name\":\"Oboustrann\u00e1 ln\u011bn\u00e1 osu\u0161ka\"}]},{\"@type\":\"WebSite\",\"@id\":\"https:\\\/\\\/lanaja.sk\\\/cs\\\/#website\",\"url\":\"https:\\\/\\\/lanaja.sk\\\/cs\\\/\",\"name\":\"Lanaja - bytov\u00fd textil z \u013eanu a \u013eanov\u00e9 v\u00fdrobky\",\"description\":\"Jedine\u010dn\u00fd bytov\u00fd textil, ln\u011bn\u00e9 pytl\u00edky, ln\u011bn\u00e9 ubrusy, ln\u011bn\u00e9 lo\u017en\u00ed povle\u010den\u00ed, ln\u011bn\u00e9 ut\u011brky, ln\u011bn\u00e9 prost\u00edr\u00e1n\u00ed vyroben\u00e9 a \u0161it\u00e9 na Slovensku\",\"publisher\":{\"@id\":\"https:\\\/\\\/lanaja.sk\\\/cs\\\/#organization\"},\"alternateName\":\"Lanaja - v\u00fdrobky z \u013eanu, \u013eanov\u00fd bytov\u00fd textil\",\"potentialAction\":[{\"@type\":\"SearchAction\",\"target\":{\"@type\":\"EntryPoint\",\"urlTemplate\":\"https:\\\/\\\/lanaja.sk\\\/cs\\\/?s={search_term_string}\"},\"query-input\":{\"@type\":\"PropertyValueSpecification\",\"valueRequired\":true,\"valueName\":\"search_term_string\"}}],\"inLanguage\":\"cs\"},{\"@type\":\"Organization\",\"@id\":\"https:\\\/\\\/lanaja.sk\\\/cs\\\/#organization\",\"name\":\"Lanaja\",\"alternateName\":\"Al\u017ebeta Andr\u00e1\u0161ikov\u00e1 - Lanaja\",\"url\":\"https:\\\/\\\/lanaja.sk\\\/cs\\\/\",\"logo\":{\"@type\":\"ImageObject\",\"inLanguage\":\"cs\",\"@id\":\"https:\\\/\\\/lanaja.sk\\\/cs\\\/#\\\/schema\\\/logo\\\/image\\\/\",\"url\":\"https:\\\/\\\/lanaja.sk\\\/wp-content\\\/uploads\\\/2024\\\/01\\\/Lanaja.sk-logo.png\",\"contentUrl\":\"https:\\\/\\\/lanaja.sk\\\/wp-content\\\/uploads\\\/2024\\\/01\\\/Lanaja.sk-logo.png\",\"width\":600,\"height\":300,\"caption\":\"Lanaja\"},\"image\":{\"@id\":\"https:\\\/\\\/lanaja.sk\\\/cs\\\/#\\\/schema\\\/logo\\\/image\\\/\"},\"sameAs\":[\"https:\\\/\\\/www.facebook.com\\\/Abreadbag\",\"https:\\\/\\\/www.instagram.com\\\/lanaja_sk\\\/\"]}]}<\/script>\n<!-- \/ Yoast SEO plugin. -->","yoast_head_json":{"title":"Oboustrann\u00e1 ln\u011bn\u00e1 osu\u0161ka &#8226; Lanaja-slovensk\u00e1 udr\u017eiteln\u00e1 zna\u010dka a v\u00fdrobce ln\u011bn\u00e9ho textilu","description":"Ln\u011bn\u00e1 osu\u0161ka m\u00e1 rafinovan\u00fd a z\u00e1rove\u0148 jedine\u010dn\u00fd vzhled, je lehk\u00e1, m\u011bkk\u00e1 a pevn\u00e1 z\u00e1rove\u0148. Ln\u011bn\u00e1 osu\u0161ka je \u0161it\u00e1 z m\u011bk\u010den\u00e9ho p\u0159edepran\u00e9ho lnu...","robots":{"index":"index","follow":"follow","max-snippet":"max-snippet:-1","max-image-preview":"max-image-preview:large","max-video-preview":"max-video-preview:-1"},"canonical":"https:\/\/lanaja.sk\/cs\/obchod\/oboustranny-lneny-rucnik\/","og_locale":"cs_CZ","og_type":"article","og_title":"Oboustrann\u00e1 ln\u011bn\u00e1 osu\u0161ka &#8226; Lanaja-slovensk\u00e1 udr\u017eiteln\u00e1 zna\u010dka a v\u00fdrobce ln\u011bn\u00e9ho textilu","og_description":"Ln\u011bn\u00e1 osu\u0161ka m\u00e1 rafinovan\u00fd a z\u00e1rove\u0148 jedine\u010dn\u00fd vzhled, je lehk\u00e1, m\u011bkk\u00e1 a pevn\u00e1 z\u00e1rove\u0148. Ln\u011bn\u00e1 osu\u0161ka je \u0161it\u00e1 z m\u011bk\u010den\u00e9ho p\u0159edepran\u00e9ho lnu...","og_url":"https:\/\/lanaja.sk\/cs\/obchod\/oboustranny-lneny-rucnik\/","og_site_name":"Lanaja-slovensk\u00e1 udr\u017eiteln\u00e1 zna\u010dka a v\u00fdrobce ln\u011bn\u00e9ho textilu","article_publisher":"https:\/\/www.facebook.com\/Abreadbag","article_modified_time":"2025-07-12T09:56:33+00:00","og_image":[{"width":782,"height":850,"url":"https:\/\/lanaja.sk\/wp-content\/uploads\/2021\/09\/lanova-osuska15-e1632669459570-jpg.webp","type":"image\/jpeg"}],"twitter_card":"summary_large_image","twitter_misc":{"Odhadovan\u00e1 doba \u010dten\u00ed":"3 minuty"},"schema":{"@context":"https:\/\/schema.org","@graph":[{"@type":"WebPage","@id":"https:\/\/lanaja.sk\/cs\/obchod\/oboustranny-lneny-rucnik\/","url":"https:\/\/lanaja.sk\/cs\/obchod\/oboustranny-lneny-rucnik\/","name":"Oboustrann\u00e1 ln\u011bn\u00e1 osu\u0161ka &#8226; Lanaja-slovensk\u00e1 udr\u017eiteln\u00e1 zna\u010dka a v\u00fdrobce ln\u011bn\u00e9ho textilu","isPartOf":{"@id":"https:\/\/lanaja.sk\/cs\/#website"},"primaryImageOfPage":{"@id":"https:\/\/lanaja.sk\/cs\/obchod\/oboustranny-lneny-rucnik\/#primaryimage"},"image":{"@id":"https:\/\/lanaja.sk\/cs\/obchod\/oboustranny-lneny-rucnik\/#primaryimage"},"thumbnailUrl":"https:\/\/lanaja.sk\/wp-content\/uploads\/2021\/09\/lanova-osuska15-e1632669459570-jpg.webp","datePublished":"2021-09-26T15:24:14+00:00","dateModified":"2025-07-12T09:56:33+00:00","description":"Ln\u011bn\u00e1 osu\u0161ka m\u00e1 rafinovan\u00fd a z\u00e1rove\u0148 jedine\u010dn\u00fd vzhled, je lehk\u00e1, m\u011bkk\u00e1 a pevn\u00e1 z\u00e1rove\u0148. Ln\u011bn\u00e1 osu\u0161ka je \u0161it\u00e1 z m\u011bk\u010den\u00e9ho p\u0159edepran\u00e9ho lnu...","breadcrumb":{"@id":"https:\/\/lanaja.sk\/cs\/obchod\/oboustranny-lneny-rucnik\/#breadcrumb"},"inLanguage":"cs","potentialAction":[{"@type":"ReadAction","target":["https:\/\/lanaja.sk\/cs\/obchod\/oboustranny-lneny-rucnik\/"]}]},{"@type":"ImageObject","inLanguage":"cs","@id":"https:\/\/lanaja.sk\/cs\/obchod\/oboustranny-lneny-rucnik\/#primaryimage","url":"https:\/\/lanaja.sk\/wp-content\/uploads\/2021\/09\/lanova-osuska15-e1632669459570-jpg.webp","contentUrl":"https:\/\/lanaja.sk\/wp-content\/uploads\/2021\/09\/lanova-osuska15-e1632669459570-jpg.webp","width":782,"height":850,"caption":"\u013eanov\u00e9 osu\u0161ky"},{"@type":"BreadcrumbList","@id":"https:\/\/lanaja.sk\/cs\/obchod\/oboustranny-lneny-rucnik\/#breadcrumb","itemListElement":[{"@type":"ListItem","position":1,"name":"Home","item":"https:\/\/lanaja.sk\/cs\/"},{"@type":"ListItem","position":2,"name":"Obchod","item":"https:\/\/lanaja.sk\/cs\/obchod-cz\/"},{"@type":"ListItem","position":3,"name":"Oboustrann\u00e1 ln\u011bn\u00e1 osu\u0161ka"}]},{"@type":"WebSite","@id":"https:\/\/lanaja.sk\/cs\/#website","url":"https:\/\/lanaja.sk\/cs\/","name":"Lanaja - bytov\u00fd textil z \u013eanu a \u013eanov\u00e9 v\u00fdrobky","description":"Jedine\u010dn\u00fd bytov\u00fd textil, ln\u011bn\u00e9 pytl\u00edky, ln\u011bn\u00e9 ubrusy, ln\u011bn\u00e9 lo\u017en\u00ed povle\u010den\u00ed, ln\u011bn\u00e9 ut\u011brky, ln\u011bn\u00e9 prost\u00edr\u00e1n\u00ed vyroben\u00e9 a \u0161it\u00e9 na Slovensku","publisher":{"@id":"https:\/\/lanaja.sk\/cs\/#organization"},"alternateName":"Lanaja - v\u00fdrobky z \u013eanu, \u013eanov\u00fd bytov\u00fd textil","potentialAction":[{"@type":"SearchAction","target":{"@type":"EntryPoint","urlTemplate":"https:\/\/lanaja.sk\/cs\/?s={search_term_string}"},"query-input":{"@type":"PropertyValueSpecification","valueRequired":true,"valueName":"search_term_string"}}],"inLanguage":"cs"},{"@type":"Organization","@id":"https:\/\/lanaja.sk\/cs\/#organization","name":"Lanaja","alternateName":"Al\u017ebeta Andr\u00e1\u0161ikov\u00e1 - Lanaja","url":"https:\/\/lanaja.sk\/cs\/","logo":{"@type":"ImageObject","inLanguage":"cs","@id":"https:\/\/lanaja.sk\/cs\/#\/schema\/logo\/image\/","url":"https:\/\/lanaja.sk\/wp-content\/uploads\/2024\/01\/Lanaja.sk-logo.png","contentUrl":"https:\/\/lanaja.sk\/wp-content\/uploads\/2024\/01\/Lanaja.sk-logo.png","width":600,"height":300,"caption":"Lanaja"},"image":{"@id":"https:\/\/lanaja.sk\/cs\/#\/schema\/logo\/image\/"},"sameAs":["https:\/\/www.facebook.com\/Abreadbag","https:\/\/www.instagram.com\/lanaja_sk\/"]}]}},"_links":{"self":[{"href":"https:\/\/lanaja.sk\/cs\/wp-json\/wp\/v2\/product\/13291","targetHints":{"allow":["GET"]}}],"collection":[{"href":"https:\/\/lanaja.sk\/cs\/wp-json\/wp\/v2\/product"}],"about":[{"href":"https:\/\/lanaja.sk\/cs\/wp-json\/wp\/v2\/types\/product"}],"version-history":[{"count":1,"href":"https:\/\/lanaja.sk\/cs\/wp-json\/wp\/v2\/product\/13291\/revisions"}],"predecessor-version":[{"id":16353,"href":"https:\/\/lanaja.sk\/cs\/wp-json\/wp\/v2\/product\/13291\/revisions\/16353"}],"wp:featuredmedia":[{"embeddable":true,"href":"https:\/\/lanaja.sk\/cs\/wp-json\/wp\/v2\/media\/7056"}],"wp:attachment":[{"href":"https:\/\/lanaja.sk\/cs\/wp-json\/wp\/v2\/media?parent=13291"}],"wp:term":[{"taxonomy":"product_brand","embeddable":true,"href":"https:\/\/lanaja.sk\/cs\/wp-json\/wp\/v2\/product_brand?post=13291"},{"taxonomy":"product_cat","embeddable":true,"href":"https:\/\/lanaja.sk\/cs\/wp-json\/wp\/v2\/product_cat?post=13291"},{"taxonomy":"product_tag","embeddable":true,"href":"https:\/\/lanaja.sk\/cs\/wp-json\/wp\/v2\/product_tag?post=13291"}],"curies":[{"name":"wp","href":"https:\/\/api.w.org\/{rel}","templated":true}]}}