{"id":13292,"date":"2024-07-31T19:35:07","date_gmt":"2024-07-31T17:35:07","guid":{"rendered":"https:\/\/lanaja.sk\/obchod\/neza\u0159azen\u00e9\/povleceni-julianna-2\/"},"modified":"2025-09-27T13:18:17","modified_gmt":"2025-09-27T11:18:17","slug":"povleceni-julianna-2","status":"publish","type":"product","link":"https:\/\/lanaja.sk\/cs\/obchod\/povleceni-julianna-2\/","title":{"rendered":"Ln\u011bn\u00e9 povle\u010den\u00ed JULIANNA"},"content":{"rendered":"<h2>Ln\u011bn\u00e9 povle\u010den\u00ed JULIANNA<\/h2>\n<p>V\u00edtejte ve zcela nov\u00e9m sv\u011bt\u011b zdrav\u00e9ho sp\u00e1nku, kde se setk\u00e1v\u00e1 ekologie a slovensk\u00e1 tradice. Ln\u011bn\u00e9 povle\u010den\u00ed Julianna v\u00e1m p\u0159in\u00e1\u0161\u00ed neodolatelnou kombinaci p\u0159irozen\u00e9ho doteku, elegance a zdrav\u00ed. Pokud chcete m\u00edt doma prost\u0159ed\u00ed, kter\u00e9 je udr\u017eiteln\u011bj\u0161\u00ed a \u0161etrn\u011bj\u0161\u00ed k \u017eivotn\u00edmu prost\u0159ed\u00ed, 100% len je tou spr\u00e1vnou volbou. Je to materi\u00e1l, do kter\u00e9ho se vyplat\u00ed investovat. Je nejen \u0161etrn\u00fd k \u017eivotn\u00edmu prost\u0159ed\u00ed, ale tak\u00e9 obnoviteln\u00fdm zdrojem.<\/p>\n<p>Pruhovan\u00e9 vzory dod\u00e1vaj\u00ed ln\u011bn\u00e9mu povle\u010den\u00ed sofistikovan\u00fd a modern\u00ed vzhled, kter\u00fd osv\u011b\u017e\u00ed va\u0161i lo\u017enici. Bez ohledu na to, zda preferujete klasick\u00fd styl nebo modern\u00ed trendy, prou\u017ekov\u00e9 povle\u010den\u00ed p\u0159inese do va\u0161eho interi\u00e9ru osobitost. Prou\u017eky jsou jedn\u00edm z t\u011bch vzor\u016f, kter\u00e9 se hod\u00ed t\u00e9m\u011b\u0159 ke v\u0161emu.<\/p>\n<p>A\u0165 u\u017e m\u00e1te minimalistick\u00fd, rustik\u00e1ln\u00ed nebo eklektick\u00fd interi\u00e9r, prou\u017eky snadno splynou a vnesou do n\u011bj nov\u00fd rozm\u011br. Dod\u00e1vaj\u00ed prostoru dynamiku a zaj\u00edmavost. Jejich hrav\u00fd vzor p\u0159it\u00e1hne pohledy a vytvo\u0159\u00ed p\u0159\u00edjemnou atmosf\u00e9ru. Mohou opticky zv\u011bt\u0161it nebo zmen\u0161it prostor, co\u017e je v\u00fdhoda zejm\u00e9na v mal\u00fdch lo\u017enic\u00edch.<\/p>\n<p>V\u0161echny na\u0161e ln\u011bn\u00e9 povle\u010den\u00ed \u0161ijeme p\u0159\u00edmo v na\u0161\u00ed d\u00edln\u011b na Slovensku. Podporujeme m\u00edstn\u00ed v\u00fdrobce a zaji\u0161\u0165ujeme, aby ka\u017ed\u00fd krok v\u00fdrobn\u00edho procesu byl etick\u00fd a udr\u017eiteln\u00fd. V\u011b\u0159\u00edme, \u017ee je to cesta, jak vytvo\u0159it lep\u0161\u00ed sv\u011bt nejen pro n\u00e1s, ale i pro budouc\u00ed generace.<\/p>\n<h3>Pod\u00edvejme se spole\u010dn\u011b na v\u00fdhody zdrav\u00e9ho sp\u00e1nku ve lnu<\/h3>\n<p>Ln\u011bn\u00e9 povle\u010den\u00ed Julianna je \u0161ite z p\u0159\u00edrodn\u00edho evropsk\u00e9ho lnu, kter\u00fd je p\u0159edem pran\u00fd, certifikovan\u00fd a o\u0161et\u0159en\u00fd technologi\u00ed stonewashed. Tento proces dod\u00e1v\u00e1 l\u00e1tce m\u011bk\u010d\u00ed vzhled a p\u0159irozen\u011b zvr\u00e1sn\u011bnou texturu s pruhovan\u00fdm vzorem. P\u0159i pou\u017e\u00edv\u00e1n\u00ed v\u00e1s povle\u010den\u00ed odm\u011bn\u00ed p\u0159\u00edjemn\u00fdm pocitem jemnosti, kter\u00fd se prom\u00edtne do va\u0161eho sp\u00e1nku a podpo\u0159\u00ed relaxaci poko\u017eky d\u00edky p\u0159irozen\u00e9 hodnot\u011b pH. A ta nejlep\u0161\u00ed zpr\u00e1va? Tento len nemus\u00edte \u017eehlit, u\u0161et\u0159\u00ed v\u00e1m to \u010das i energii.<\/p>\n<p>Odpo\u010di\u0148te si po dobrodru\u017en\u00e9m dni a pono\u0159te se do m\u011bkk\u00e9ho objet\u00ed lnu. Dop\u0159ejte si kvalitn\u00ed sp\u00e1nek, proto\u017ee ka\u017ed\u00fd den je nov\u00e9 dobrodru\u017estv\u00ed. Odpo\u010di\u0148te si a p\u0159ipravte se na dal\u0161\u00ed dobrodru\u017estv\u00ed, kter\u00e1 na v\u00e1s \u010dekaj\u00ed. Ln\u011bn\u00e9 povle\u010den\u00ed d\u00edky sv\u00e9 speci\u00e1ln\u00ed struktu\u0159e poskytuj\u00ed v\u00fdjime\u010dn\u00e9 vlastnosti. Jsou antialergick\u00e9, odol\u00e1vaj\u00ed bakteri\u00edm, rozto\u010d\u016fm a pl\u00edsn\u00edm, co\u017e je ide\u00e1ln\u00ed pro alergiky a lidi s citlivou poko\u017ekou.<\/p>\n<p>Ln\u011bn\u00e1 vl\u00e1kna jsou antistatick\u00e1, nep\u0159itahuj\u00ed prach a d\u00edky p\u0159irozen\u00e9 rovnov\u00e1ze pH mohou dokonce pomoci zjemnit a chr\u00e1nit poko\u017eku. Jejich lehk\u00fd mas\u00e1\u017en\u00ed \u00fa\u010dinek stimuluje pr\u016ftok krve a podporuje relaxaci, co\u017e je p\u0159esn\u011b to, co pot\u0159ebujete pro zdrav\u00fd sp\u00e1nek.<\/p>\n<p>Ln\u011bn\u00e1 vl\u00e1kna maj\u00ed vynikaj\u00edc\u00ed tepelnou vodivost a propustnost vzduchu. V zim\u011b zah\u0159ej\u00ed a v l\u00e9t\u011b ochlad\u00ed a zaru\u010d\u00ed v\u00e1m pohodln\u00fd sp\u00e1nek po cel\u00fd rok. Ln\u011bn\u00e1 l\u00e1tka absorbuje a\u017e 20 % sv\u00e9 hmotnosti z vlhkosti, \u00fa\u010dinn\u011b odv\u00e1d\u00ed pot a udr\u017e\u00ed v\u00e1s v suchu po celou noc.<\/p>\n<p>A co je je\u0161t\u011b d\u016fle\u017eit\u00e9 zm\u00ednit, ln\u011bn\u00e9 povle\u010den\u00ed je dlouhotrvaj\u00edc\u00ed a odoln\u00e9. P\u0159i pravideln\u00e9 a spr\u00e1vn\u00e9 \u00fadr\u017eb\u011b v\u00e1m vydr\u017e\u00ed mnoho let a zachovaj\u00ed si sv\u016fj p\u016fvodn\u00ed vzhled a kvalitu. Investice do t\u011bchto prost\u011bradel je investic\u00ed do va\u0161eho zdrav\u00ed a pohodl\u00ed na mnoho let.<\/p>\n<h3>D\u00e1rkov\u00e9 balen\u00ed ln\u011bn\u00fdch prost\u011bradel nechte na n\u00e1s<\/h3>\n<p>Ka\u017ed\u00e1 lo\u017en\u00ed souprava je pe\u010dliv\u011b uva\u0159en\u00e1 a p\u0159ijde k v\u00e1m dom\u016f zabalen\u00e1 v d\u00e1rkov\u00e9 krabi\u010dce. P\u0159ed \u0161it\u00edm se l\u00e1tka pe\u010dliv\u011b vypere a vy\u017eehl\u00ed, tak\u017ee se nemus\u00edte b\u00e1t, \u017ee by se po n\u011bkolika pran\u00edch zdeformovala.<\/p>\n<p>D\u00edky vn\u011bj\u0161\u00edmu pro\u0161it\u00ed po cel\u00e9m obvodu si m\u016f\u017eete b\u00fdt jisti, \u017ee si v\u00fdrobek zachov\u00e1 sv\u016fj tvar i po opakovan\u00e9m pran\u00ed. Ka\u017ed\u00e1 lo\u017en\u00ed souprava v\u00e1m p\u0159ijde dom\u016f kr\u00e1sn\u011b zabalen\u00e1 v d\u00e1rkov\u00e9 krabi\u010dce, p\u0159ed \u0161it\u00edm se l\u00e1tka vypere a vy\u017eehl\u00ed, tak\u017ee se nemus\u00edte b\u00e1t, \u017ee by se p\u0159i dal\u0161\u00edm pran\u00ed srazila. Chceme v\u00e1m p\u0159in\u00e9st kvalitn\u00ed lo\u017en\u00ed pr\u00e1dlo, kter\u00e9 je pln\u011b funk\u010dn\u00ed, zdravotn\u011b nez\u00e1vadn\u00e9 a s individu\u00e1ln\u00edmi ln\u011bn\u00fdmi benefity i zdrav\u00ed prosp\u011b\u0161n\u00e9.<\/p>\n<h3>Ln\u011bn\u00e9 povle\u010den\u00ed v\u00e1m u\u0161ijeme i na m\u00edru<\/h3>\n<p>Pokud si p\u0159ejete ln\u011bn\u00e9 povle\u010den\u00ed prodlou\u017eit, napi\u0161te n\u00e1m, r\u00e1di v\u00e1m porad\u00edme a uprav\u00edme p\u0159esn\u011b podle va\u0161ich po\u017eadavk\u016f a na m\u00edru. Doporu\u010dujeme tak\u00e9 vyu\u017e\u00edt na\u0161e online konzultace.<\/p>\n<p>T\u00edm, \u017ee bylo na ln\u011bn\u00e9m povle\u010den\u00ed zvoleno i vn\u011bj\u0161\u00ed pro\u0161it\u00ed (pro\u0161tepov\u00e1n\u00ed na 1 mm od okraje) po obvodu, v\u00e1m zaru\u010d\u00ed st\u00e1lost tvaru p\u0159i pran\u00ed. Povle\u010den\u00ed se nekrout\u00ed a po vypr\u00e1n\u00ed je sta\u010d\u00ed vyt\u0159epat a nechat uschnout. Ka\u017ed\u00e1 lo\u017en\u00ed souprava v\u00e1m dom\u016f p\u0159ijde kr\u00e1sn\u011b zabalen\u00e1 v d\u00e1rkov\u00e9 krabi\u010dce. P\u0159ed \u0161it\u00edm se l\u00e1tka vypere a vy\u017eehl\u00ed, tak\u017ee se nemus\u00edte b\u00e1t, \u017ee by se p\u0159i dal\u0161\u00edm pran\u00ed srazila. Chceme v\u00e1m p\u0159in\u00e9st kvalitn\u00ed lo\u017en\u00ed pr\u00e1dlo, kter\u00e9 je pln\u011b funk\u010dn\u00ed, zdravotn\u011b nez\u00e1vadn\u00e9 a s individu\u00e1ln\u00edmi ln\u011bn\u00fdmi benefity i zdrav\u00ed prosp\u011b\u0161n\u00e9.<\/p>\n<h3>Zap\u00edn\u00e1n\u00ed na ln\u011bn\u00e9m povle\u010den\u00ed<\/h3>\n<p>Zap\u00edn\u00e1n\u00ed na povle\u010den\u00ed Julianna je navr\u017eeno pomoc\u00ed mal\u00fdch d\u0159ev\u011bn\u00fdch knofl\u00edk\u016f. M\u016f\u017eete si vybrat tyto typy knofl\u00edk\u016f: D\u0158EV\u011aN\u00c9 NEBO KOKOSOV\u00c9, s viditeln\u00fdm zap\u00edn\u00e1n\u00edm nebo se skryt\u00fdmi knofl\u00edky. Se zap\u00edn\u00e1n\u00edm na zip (upozorn\u011bn\u00ed pro na\u0161e mil\u00e9 z\u00e1kazn\u00edky: do ln\u011bn\u00fdch prost\u011bradel v\u0161\u00edv\u00e1me kvalitn\u00ed zipy, ale m\u00e1me dlouholet\u00e9 zku\u0161enosti, \u017ee zipov\u00e9 b\u011bhouny nevydr\u017e\u00ed tak dlouho jako klasick\u00e9 knofl\u00edkov\u00e9 uz\u00e1v\u011bry, co\u017e nem\u016f\u017eeme ovlivnit.) Proto doporu\u010dujeme zvolit klasick\u00e9 zap\u00edn\u00e1n\u00ed na knofl\u00edky.<\/p>\n<p>Povle\u010den\u00ed Julianna m\u016f\u017eete tak\u00e9 sladit s ln\u011bn\u00fdm prost\u011bradlem <a href=\"https:\/\/lanaja.sk\/cs\/kategorie-produktu\/loznice\/lnene-prosteradla\/\" rel=\"noopener noreferrer\">ZDE<\/a><\/p>\n<p><strong>V\u0161echny ln\u011bn\u00e9 tkaniny jsou certifikov\u00e1ny <\/strong>OEKO-TEX STANDART 100. vyrobeno v Evrop\u011b.<\/p>\n<p>V\u00edce o v\u00fdhod\u00e1ch ln\u011bn\u00e9ho pr\u00e1dla se do\u010dtete na na\u0161em blogu <a href=\"https:\/\/lanaja.sk\/lan-a-jeho-ucinky-pre-zdravy-a-plnohodnotny-spanok\/\" rel=\"noopener\">LEN a jeho \u00da\u010cINKY pro zdrav\u00fd a plnohodnotn\u00fd sp\u00e1nek, <\/a> <\/p>\n<p>Jak pe\u010dovat o ln\u011bn\u00e9 v\u00fdrobky <a href=\"https:\/\/lanaja.sk\/starostlivost-o-lanove-vyrobky\/\" rel=\"noopener\">P\u00c9\u010cE O LN\u011aN\u00c9 V\u00ddROBKY<\/a><\/p>\n<p><strong>\u2060<\/strong><\/p>\n<p><strong>BARVA: modro-b\u00edl\u00fd prou\u017eek<\/strong><\/p>\n<p>Z p\u0159ilo\u017een\u00e9ho vzorn\u00edku si m\u016f\u017eete vybrat sv\u016fj obl\u00edben\u00fd vzor 100% lnu:<\/p>\n<p>1. \u0160EDO-B\u00cdLE PRUHOVAN\u00dd 100% LEN<\/p>\n<p>2. B\u00c9\u017dOV\u011a HN\u011aD\u00dd PRUHOVAN\u00dd 100% LEN<\/p>\n<p>3. MODRO-B\u00cdL\u00dd PRUHOVAN\u00dd 100% LEN<\/p>\n<p>4. KV\u011aTINA 100% LEN &#8211; PROD\u00c1NO!<\/p>\n<p>D\u011bkujeme za fotky na\u0161\u00ed mil\u00e9 Julianny Renc\u00e9s Kov\u00e1cs, n\u00e1vrh\u00e1\u0159ky a zakladatelky slow-fashion zna\u010dky <a href=\"https:\/\/lovecolors.sk\/\" target=\"_blank\" rel=\"noopener\">LOVE COLORS<\/a><\/p>\n<p><strong>Po\u010d\u00edtejte s dodac\u00ed lh\u016ftou 5-15 pracovn\u00edch dn\u016f, pokud nem\u00e1me produkt \u0161it\u00fd skladem, ru\u010dn\u00ed pr\u00e1ce vy\u017eaduje n\u00e1\u0161 \u010das. Ln\u011bn\u00e9 v\u00fdrobky \u0161ijeme v na\u0161\u00ed d\u00edln\u011b dle Va\u0161eho p\u0159\u00e1n\u00ed a na m\u00edru v z\u00e1vislosti na konkr\u00e9tn\u00edm v\u00fdrobku.<\/strong><\/p>\n","protected":false},"excerpt":{"rendered":"<p>Pruhovan\u00fd vzor na ln\u011bn\u00fdch prost\u011bradlech Julianna dod\u00e1v\u00e1 sofistikovan\u00fd a modern\u00ed vzhled, kter\u00fd osv\u011b\u017e\u00ed va\u0161i lo\u017enici. Bez ohledu na to, zda preferujete klasick\u00fd styl nebo modern\u00ed trendy, prou\u017ekov\u00e9 povle\u010den\u00ed p\u0159inese do va\u0161eho interi\u00e9ru osobitost. A\u0165 u\u017e m\u00e1te minimalistick\u00fd, rustik\u00e1ln\u00ed nebo eklektick\u00fd interi\u00e9r, prou\u017eky snadno splynou a vnesou do n\u011bj nov\u00fd rozm\u011br. Dod\u00e1vaj\u00ed prostoru dynamiku a zaj\u00edmavost. Jejich hrav\u00fd vzor p\u0159it\u00e1hne pohledy a vytvo\u0159\u00ed p\u0159\u00edjemnou atmosf\u00e9ru. Mohou opticky zv\u011bt\u0161it nebo zmen\u0161it prostor, co\u017e je v\u00fdhoda zejm\u00e9na v mal\u00fdch lo\u017enic\u00edch.<\/p>\n","protected":false},"featured_media":16433,"template":"","meta":[],"product_brand":[],"product_cat":[365,366,363,364],"product_tag":[369,386],"class_list":{"0":"post-13292","1":"product","2":"type-product","3":"status-publish","4":"has-post-thumbnail","6":"product_cat-lnena-prosteradla-ve-standardnich-velikostech","7":"product_cat-lnene-povlaky-na-prikryvky","8":"product_cat-lnene-povleceni-cs","9":"product_cat-lnene-povleceni-do-detske-postylky","10":"product_tag-lnene-povleceni-julianna","11":"product_tag-lnene-prosteradlo-julianna","13":"first","14":"onbackorder","15":"shipping-taxable","16":"purchasable","17":"product-type-variable"},"yoast_head":"<!-- This site is optimized with the Yoast SEO plugin v27.4 - https:\/\/yoast.com\/product\/yoast-seo-wordpress\/ -->\n<title>Ln\u011bn\u00e9 povle\u010den\u00ed JULIANNA &#8226; Lanaja-slovensk\u00e1 udr\u017eiteln\u00e1 zna\u010dka a v\u00fdrobce ln\u011bn\u00e9ho textilu<\/title>\n<meta name=\"description\" content=\"Ln\u011bn\u00e9 povle\u010den\u00ed Julianna v\u00e1m p\u0159in\u00e1\u0161\u00ed neodolatelnou kombinaci p\u0159irozen\u00e9ho doteku, elegance a zdrav\u00ed. Ln\u011bn\u00e9 povle\u010den\u00ed \u0161ijeme p\u0159\u00edmo v na\u0161\u00ed d\u00edlne...\" \/>\n<meta name=\"robots\" content=\"index, follow, max-snippet:-1, max-image-preview:large, max-video-preview:-1\" \/>\n<link rel=\"canonical\" href=\"https:\/\/lanaja.sk\/cs\/obchod\/povleceni-julianna-2\/\" \/>\n<meta property=\"og:locale\" content=\"cs_CZ\" \/>\n<meta property=\"og:type\" content=\"article\" \/>\n<meta property=\"og:title\" content=\"Ln\u011bn\u00e9 povle\u010den\u00ed JULIANNA &#8226; Lanaja-slovensk\u00e1 udr\u017eiteln\u00e1 zna\u010dka a v\u00fdrobce ln\u011bn\u00e9ho textilu\" \/>\n<meta property=\"og:description\" content=\"Ln\u011bn\u00e9 povle\u010den\u00ed Julianna v\u00e1m p\u0159in\u00e1\u0161\u00ed neodolatelnou kombinaci p\u0159irozen\u00e9ho doteku, elegance a zdrav\u00ed. Ln\u011bn\u00e9 povle\u010den\u00ed \u0161ijeme p\u0159\u00edmo v na\u0161\u00ed d\u00edlne...\" \/>\n<meta property=\"og:url\" content=\"https:\/\/lanaja.sk\/cs\/obchod\/povleceni-julianna-2\/\" \/>\n<meta property=\"og:site_name\" content=\"Lanaja-slovensk\u00e1 udr\u017eiteln\u00e1 zna\u010dka a v\u00fdrobce ln\u011bn\u00e9ho textilu\" \/>\n<meta property=\"article:publisher\" content=\"https:\/\/www.facebook.com\/Abreadbag\" \/>\n<meta property=\"article:modified_time\" content=\"2025-09-27T11:18:17+00:00\" \/>\n<meta property=\"og:image\" content=\"https:\/\/lanaja.sk\/wp-content\/uploads\/2024\/07\/lanove-postelne-obliecky-Julianna-pasikave.jpg\" \/>\n\t<meta property=\"og:image:width\" content=\"828\" \/>\n\t<meta property=\"og:image:height\" content=\"828\" \/>\n\t<meta property=\"og:image:type\" content=\"image\/jpeg\" \/>\n<meta name=\"twitter:card\" content=\"summary_large_image\" \/>\n<meta name=\"twitter:label1\" content=\"Odhadovan\u00e1 doba \u010dten\u00ed\" \/>\n\t<meta name=\"twitter:data1\" content=\"6 minut\" \/>\n<script type=\"application\/ld+json\" class=\"yoast-schema-graph\">{\"@context\":\"https:\\\/\\\/schema.org\",\"@graph\":[{\"@type\":\"WebPage\",\"@id\":\"https:\\\/\\\/lanaja.sk\\\/cs\\\/obchod\\\/povleceni-julianna-2\\\/\",\"url\":\"https:\\\/\\\/lanaja.sk\\\/cs\\\/obchod\\\/povleceni-julianna-2\\\/\",\"name\":\"Ln\u011bn\u00e9 povle\u010den\u00ed JULIANNA &#8226; Lanaja-slovensk\u00e1 udr\u017eiteln\u00e1 zna\u010dka a v\u00fdrobce ln\u011bn\u00e9ho textilu\",\"isPartOf\":{\"@id\":\"https:\\\/\\\/lanaja.sk\\\/cs\\\/#website\"},\"primaryImageOfPage\":{\"@id\":\"https:\\\/\\\/lanaja.sk\\\/cs\\\/obchod\\\/povleceni-julianna-2\\\/#primaryimage\"},\"image\":{\"@id\":\"https:\\\/\\\/lanaja.sk\\\/cs\\\/obchod\\\/povleceni-julianna-2\\\/#primaryimage\"},\"thumbnailUrl\":\"https:\\\/\\\/lanaja.sk\\\/wp-content\\\/uploads\\\/2024\\\/07\\\/lanove-postelne-obliecky-Julianna-pasikave.jpg\",\"datePublished\":\"2024-07-31T17:35:07+00:00\",\"dateModified\":\"2025-09-27T11:18:17+00:00\",\"description\":\"Ln\u011bn\u00e9 povle\u010den\u00ed Julianna v\u00e1m p\u0159in\u00e1\u0161\u00ed neodolatelnou kombinaci p\u0159irozen\u00e9ho doteku, elegance a zdrav\u00ed. Ln\u011bn\u00e9 povle\u010den\u00ed \u0161ijeme p\u0159\u00edmo v na\u0161\u00ed d\u00edlne...\",\"breadcrumb\":{\"@id\":\"https:\\\/\\\/lanaja.sk\\\/cs\\\/obchod\\\/povleceni-julianna-2\\\/#breadcrumb\"},\"inLanguage\":\"cs\",\"potentialAction\":[{\"@type\":\"ReadAction\",\"target\":[\"https:\\\/\\\/lanaja.sk\\\/cs\\\/obchod\\\/povleceni-julianna-2\\\/\"]}]},{\"@type\":\"ImageObject\",\"inLanguage\":\"cs\",\"@id\":\"https:\\\/\\\/lanaja.sk\\\/cs\\\/obchod\\\/povleceni-julianna-2\\\/#primaryimage\",\"url\":\"https:\\\/\\\/lanaja.sk\\\/wp-content\\\/uploads\\\/2024\\\/07\\\/lanove-postelne-obliecky-Julianna-pasikave.jpg\",\"contentUrl\":\"https:\\\/\\\/lanaja.sk\\\/wp-content\\\/uploads\\\/2024\\\/07\\\/lanove-postelne-obliecky-Julianna-pasikave.jpg\",\"width\":828,\"height\":828,\"caption\":\"\u013danov\u00e9 oblie\u010dky Julianna - P\u00e1sikav\u00fd vzor | Pr\u00e9miov\u00e9 \u013eanov\u00e9 poste\u013en\u00e9 oblie\u010dky\"},{\"@type\":\"BreadcrumbList\",\"@id\":\"https:\\\/\\\/lanaja.sk\\\/cs\\\/obchod\\\/povleceni-julianna-2\\\/#breadcrumb\",\"itemListElement\":[{\"@type\":\"ListItem\",\"position\":1,\"name\":\"Home\",\"item\":\"https:\\\/\\\/lanaja.sk\\\/cs\\\/\"},{\"@type\":\"ListItem\",\"position\":2,\"name\":\"Obchod\",\"item\":\"https:\\\/\\\/lanaja.sk\\\/cs\\\/obchod-cz\\\/\"},{\"@type\":\"ListItem\",\"position\":3,\"name\":\"Ln\u011bn\u00e9 povle\u010den\u00ed JULIANNA\"}]},{\"@type\":\"WebSite\",\"@id\":\"https:\\\/\\\/lanaja.sk\\\/cs\\\/#website\",\"url\":\"https:\\\/\\\/lanaja.sk\\\/cs\\\/\",\"name\":\"Lanaja - bytov\u00fd textil z \u013eanu a \u013eanov\u00e9 v\u00fdrobky\",\"description\":\"Jedine\u010dn\u00fd bytov\u00fd textil, ln\u011bn\u00e9 pytl\u00edky, ln\u011bn\u00e9 ubrusy, ln\u011bn\u00e9 lo\u017en\u00ed povle\u010den\u00ed, ln\u011bn\u00e9 ut\u011brky, ln\u011bn\u00e9 prost\u00edr\u00e1n\u00ed vyroben\u00e9 a \u0161it\u00e9 na Slovensku\",\"publisher\":{\"@id\":\"https:\\\/\\\/lanaja.sk\\\/cs\\\/#organization\"},\"alternateName\":\"Lanaja - v\u00fdrobky z \u013eanu, \u013eanov\u00fd bytov\u00fd textil\",\"potentialAction\":[{\"@type\":\"SearchAction\",\"target\":{\"@type\":\"EntryPoint\",\"urlTemplate\":\"https:\\\/\\\/lanaja.sk\\\/cs\\\/?s={search_term_string}\"},\"query-input\":{\"@type\":\"PropertyValueSpecification\",\"valueRequired\":true,\"valueName\":\"search_term_string\"}}],\"inLanguage\":\"cs\"},{\"@type\":\"Organization\",\"@id\":\"https:\\\/\\\/lanaja.sk\\\/cs\\\/#organization\",\"name\":\"Lanaja\",\"alternateName\":\"Al\u017ebeta Andr\u00e1\u0161ikov\u00e1 - Lanaja\",\"url\":\"https:\\\/\\\/lanaja.sk\\\/cs\\\/\",\"logo\":{\"@type\":\"ImageObject\",\"inLanguage\":\"cs\",\"@id\":\"https:\\\/\\\/lanaja.sk\\\/cs\\\/#\\\/schema\\\/logo\\\/image\\\/\",\"url\":\"https:\\\/\\\/lanaja.sk\\\/wp-content\\\/uploads\\\/2024\\\/01\\\/Lanaja.sk-logo.png\",\"contentUrl\":\"https:\\\/\\\/lanaja.sk\\\/wp-content\\\/uploads\\\/2024\\\/01\\\/Lanaja.sk-logo.png\",\"width\":600,\"height\":300,\"caption\":\"Lanaja\"},\"image\":{\"@id\":\"https:\\\/\\\/lanaja.sk\\\/cs\\\/#\\\/schema\\\/logo\\\/image\\\/\"},\"sameAs\":[\"https:\\\/\\\/www.facebook.com\\\/Abreadbag\",\"https:\\\/\\\/www.instagram.com\\\/lanaja_sk\\\/\"]}]}<\/script>\n<!-- \/ Yoast SEO plugin. -->","yoast_head_json":{"title":"Ln\u011bn\u00e9 povle\u010den\u00ed JULIANNA &#8226; Lanaja-slovensk\u00e1 udr\u017eiteln\u00e1 zna\u010dka a v\u00fdrobce ln\u011bn\u00e9ho textilu","description":"Ln\u011bn\u00e9 povle\u010den\u00ed Julianna v\u00e1m p\u0159in\u00e1\u0161\u00ed neodolatelnou kombinaci p\u0159irozen\u00e9ho doteku, elegance a zdrav\u00ed. Ln\u011bn\u00e9 povle\u010den\u00ed \u0161ijeme p\u0159\u00edmo v na\u0161\u00ed d\u00edlne...","robots":{"index":"index","follow":"follow","max-snippet":"max-snippet:-1","max-image-preview":"max-image-preview:large","max-video-preview":"max-video-preview:-1"},"canonical":"https:\/\/lanaja.sk\/cs\/obchod\/povleceni-julianna-2\/","og_locale":"cs_CZ","og_type":"article","og_title":"Ln\u011bn\u00e9 povle\u010den\u00ed JULIANNA &#8226; Lanaja-slovensk\u00e1 udr\u017eiteln\u00e1 zna\u010dka a v\u00fdrobce ln\u011bn\u00e9ho textilu","og_description":"Ln\u011bn\u00e9 povle\u010den\u00ed Julianna v\u00e1m p\u0159in\u00e1\u0161\u00ed neodolatelnou kombinaci p\u0159irozen\u00e9ho doteku, elegance a zdrav\u00ed. Ln\u011bn\u00e9 povle\u010den\u00ed \u0161ijeme p\u0159\u00edmo v na\u0161\u00ed d\u00edlne...","og_url":"https:\/\/lanaja.sk\/cs\/obchod\/povleceni-julianna-2\/","og_site_name":"Lanaja-slovensk\u00e1 udr\u017eiteln\u00e1 zna\u010dka a v\u00fdrobce ln\u011bn\u00e9ho textilu","article_publisher":"https:\/\/www.facebook.com\/Abreadbag","article_modified_time":"2025-09-27T11:18:17+00:00","og_image":[{"width":828,"height":828,"url":"https:\/\/lanaja.sk\/wp-content\/uploads\/2024\/07\/lanove-postelne-obliecky-Julianna-pasikave.jpg","type":"image\/jpeg"}],"twitter_card":"summary_large_image","twitter_misc":{"Odhadovan\u00e1 doba \u010dten\u00ed":"6 minut"},"schema":{"@context":"https:\/\/schema.org","@graph":[{"@type":"WebPage","@id":"https:\/\/lanaja.sk\/cs\/obchod\/povleceni-julianna-2\/","url":"https:\/\/lanaja.sk\/cs\/obchod\/povleceni-julianna-2\/","name":"Ln\u011bn\u00e9 povle\u010den\u00ed JULIANNA &#8226; Lanaja-slovensk\u00e1 udr\u017eiteln\u00e1 zna\u010dka a v\u00fdrobce ln\u011bn\u00e9ho textilu","isPartOf":{"@id":"https:\/\/lanaja.sk\/cs\/#website"},"primaryImageOfPage":{"@id":"https:\/\/lanaja.sk\/cs\/obchod\/povleceni-julianna-2\/#primaryimage"},"image":{"@id":"https:\/\/lanaja.sk\/cs\/obchod\/povleceni-julianna-2\/#primaryimage"},"thumbnailUrl":"https:\/\/lanaja.sk\/wp-content\/uploads\/2024\/07\/lanove-postelne-obliecky-Julianna-pasikave.jpg","datePublished":"2024-07-31T17:35:07+00:00","dateModified":"2025-09-27T11:18:17+00:00","description":"Ln\u011bn\u00e9 povle\u010den\u00ed Julianna v\u00e1m p\u0159in\u00e1\u0161\u00ed neodolatelnou kombinaci p\u0159irozen\u00e9ho doteku, elegance a zdrav\u00ed. Ln\u011bn\u00e9 povle\u010den\u00ed \u0161ijeme p\u0159\u00edmo v na\u0161\u00ed d\u00edlne...","breadcrumb":{"@id":"https:\/\/lanaja.sk\/cs\/obchod\/povleceni-julianna-2\/#breadcrumb"},"inLanguage":"cs","potentialAction":[{"@type":"ReadAction","target":["https:\/\/lanaja.sk\/cs\/obchod\/povleceni-julianna-2\/"]}]},{"@type":"ImageObject","inLanguage":"cs","@id":"https:\/\/lanaja.sk\/cs\/obchod\/povleceni-julianna-2\/#primaryimage","url":"https:\/\/lanaja.sk\/wp-content\/uploads\/2024\/07\/lanove-postelne-obliecky-Julianna-pasikave.jpg","contentUrl":"https:\/\/lanaja.sk\/wp-content\/uploads\/2024\/07\/lanove-postelne-obliecky-Julianna-pasikave.jpg","width":828,"height":828,"caption":"\u013danov\u00e9 oblie\u010dky Julianna - P\u00e1sikav\u00fd vzor | Pr\u00e9miov\u00e9 \u013eanov\u00e9 poste\u013en\u00e9 oblie\u010dky"},{"@type":"BreadcrumbList","@id":"https:\/\/lanaja.sk\/cs\/obchod\/povleceni-julianna-2\/#breadcrumb","itemListElement":[{"@type":"ListItem","position":1,"name":"Home","item":"https:\/\/lanaja.sk\/cs\/"},{"@type":"ListItem","position":2,"name":"Obchod","item":"https:\/\/lanaja.sk\/cs\/obchod-cz\/"},{"@type":"ListItem","position":3,"name":"Ln\u011bn\u00e9 povle\u010den\u00ed JULIANNA"}]},{"@type":"WebSite","@id":"https:\/\/lanaja.sk\/cs\/#website","url":"https:\/\/lanaja.sk\/cs\/","name":"Lanaja - bytov\u00fd textil z \u013eanu a \u013eanov\u00e9 v\u00fdrobky","description":"Jedine\u010dn\u00fd bytov\u00fd textil, ln\u011bn\u00e9 pytl\u00edky, ln\u011bn\u00e9 ubrusy, ln\u011bn\u00e9 lo\u017en\u00ed povle\u010den\u00ed, ln\u011bn\u00e9 ut\u011brky, ln\u011bn\u00e9 prost\u00edr\u00e1n\u00ed vyroben\u00e9 a \u0161it\u00e9 na Slovensku","publisher":{"@id":"https:\/\/lanaja.sk\/cs\/#organization"},"alternateName":"Lanaja - v\u00fdrobky z \u013eanu, \u013eanov\u00fd bytov\u00fd textil","potentialAction":[{"@type":"SearchAction","target":{"@type":"EntryPoint","urlTemplate":"https:\/\/lanaja.sk\/cs\/?s={search_term_string}"},"query-input":{"@type":"PropertyValueSpecification","valueRequired":true,"valueName":"search_term_string"}}],"inLanguage":"cs"},{"@type":"Organization","@id":"https:\/\/lanaja.sk\/cs\/#organization","name":"Lanaja","alternateName":"Al\u017ebeta Andr\u00e1\u0161ikov\u00e1 - Lanaja","url":"https:\/\/lanaja.sk\/cs\/","logo":{"@type":"ImageObject","inLanguage":"cs","@id":"https:\/\/lanaja.sk\/cs\/#\/schema\/logo\/image\/","url":"https:\/\/lanaja.sk\/wp-content\/uploads\/2024\/01\/Lanaja.sk-logo.png","contentUrl":"https:\/\/lanaja.sk\/wp-content\/uploads\/2024\/01\/Lanaja.sk-logo.png","width":600,"height":300,"caption":"Lanaja"},"image":{"@id":"https:\/\/lanaja.sk\/cs\/#\/schema\/logo\/image\/"},"sameAs":["https:\/\/www.facebook.com\/Abreadbag","https:\/\/www.instagram.com\/lanaja_sk\/"]}]}},"_links":{"self":[{"href":"https:\/\/lanaja.sk\/cs\/wp-json\/wp\/v2\/product\/13292","targetHints":{"allow":["GET"]}}],"collection":[{"href":"https:\/\/lanaja.sk\/cs\/wp-json\/wp\/v2\/product"}],"about":[{"href":"https:\/\/lanaja.sk\/cs\/wp-json\/wp\/v2\/types\/product"}],"version-history":[{"count":2,"href":"https:\/\/lanaja.sk\/cs\/wp-json\/wp\/v2\/product\/13292\/revisions"}],"predecessor-version":[{"id":16658,"href":"https:\/\/lanaja.sk\/cs\/wp-json\/wp\/v2\/product\/13292\/revisions\/16658"}],"wp:featuredmedia":[{"embeddable":true,"href":"https:\/\/lanaja.sk\/cs\/wp-json\/wp\/v2\/media\/16433"}],"wp:attachment":[{"href":"https:\/\/lanaja.sk\/cs\/wp-json\/wp\/v2\/media?parent=13292"}],"wp:term":[{"taxonomy":"product_brand","embeddable":true,"href":"https:\/\/lanaja.sk\/cs\/wp-json\/wp\/v2\/product_brand?post=13292"},{"taxonomy":"product_cat","embeddable":true,"href":"https:\/\/lanaja.sk\/cs\/wp-json\/wp\/v2\/product_cat?post=13292"},{"taxonomy":"product_tag","embeddable":true,"href":"https:\/\/lanaja.sk\/cs\/wp-json\/wp\/v2\/product_tag?post=13292"}],"curies":[{"name":"wp","href":"https:\/\/api.w.org\/{rel}","templated":true}]}}