{"id":13294,"date":"2021-10-01T18:32:37","date_gmt":"2021-10-01T16:32:37","guid":{"rendered":"https:\/\/lanaja.sk\/obchod\/neza\u0159azen\u00e9\/fialovy-lneny-rucnik-2\/"},"modified":"2025-07-16T13:05:09","modified_gmt":"2025-07-16T11:05:09","slug":"fialovy-lneny-rucnik-2","status":"publish","type":"product","link":"https:\/\/lanaja.sk\/cs\/obchod\/fialovy-lneny-rucnik-2\/","title":{"rendered":"Fialov\u00e1 ln\u011bn\u00e1 osu\u0161ka"},"content":{"rendered":"<h2>Fialov\u00e1 ln\u011bn\u00e1 osu\u0161ka<\/h2>\n<p>Zn\u00e1te tajemstv\u00ed lnu? Jedn\u00e1 se o p\u0159\u00edrodn\u00ed, nad\u010dasov\u00fd materi\u00e1l se vz\u00e1cn\u00fdmi vlastnostmi, kter\u00fd v\u00e1m p\u0159iroste k srdci. Len je skute\u010dn\u00fdm darem p\u0159\u00edrody, kter\u00fd p\u0159in\u00e1\u0161\u00ed do va\u0161eho domova nejen nov\u00e9 z\u00e1\u017eitky, ale tak\u00e9 bezpe\u010d\u00ed a zdrav\u00ed pro celou rodinu.<\/p>\n<h4>Jemn\u00e1 mas\u00e1\u017e a wellness pro celou rodinu<\/h4>\n<p>Fialov\u00e1 ln\u011bn\u00e1 osu\u0161ka je u\u0161ita ze lnu s vaflovou vazbou, m\u00e1 jemnou vizu\u00e1ln\u011b-hmatovou strukturu, kter\u00e1 dopln\u00ed va\u0161i koupelnu. Vaflov\u00e1 vazba v\u00e1m poskytne jemn\u00fd mas\u00e1\u017en\u00ed \u00fa\u010dinek, stimuluje pr\u016ftok krve a podporuje relaxaci ka\u017ed\u00fd den. Svou nerovnom\u011brnou strukturou p\u0159irozen\u011b omlazuje poko\u017eku. D\u00edky sv\u00e9 jedine\u010dn\u00e9 filtraci a schopnosti odol\u00e1vat bakteri\u00edm jsou na\u0161e vaflov\u00e9 ru\u010dn\u00edky ide\u00e1ln\u00ed pro lidi s ko\u017en\u00edmi onemocn\u011bn\u00edmi, alergiemi a dokonce i pro mal\u00e9 d\u011bti. Len je antistatick\u00fd materi\u00e1l, nep\u0159itahuje prach a udr\u017e\u00ed va\u0161e osu\u0161ky a ru\u010dn\u00edky d\u00e9le \u010dist\u00e9. Jeho p\u0159irozen\u00e1 rovnov\u00e1ha pH m\u016f\u017ee pomoci zjemnit a chr\u00e1nit va\u0161i poko\u017eku p\u0159i ka\u017ed\u00e9m pou\u017eit\u00ed.<\/p>\n<h4>V\u011bt\u0161\u00ed rozm\u011bry a rychleschnouc\u00ed materi\u00e1l<\/h4>\n<p>Na\u0161e ln\u011bn\u00e9 vaflov\u00e9 osu\u0161ky a ru\u010dn\u00edky byly \u0161it\u00e9 ve v\u011bt\u0161\u00edch velikostech a jsou navr\u017eeny s ohledem na va\u0161e pot\u0159eby. To v\u00e1m poskytne v\u011bt\u0161\u00ed flexibilitu p\u0159i jejich pou\u017e\u00edv\u00e1n\u00ed. Kdykoli, v p\u0159\u00edpad\u011b nouze, m\u016f\u017eete m\u00edsto osu\u0161ky pou\u017e\u00edt ru\u010dn\u00edk a naopak jako p\u0159ikr\u00fdvku. Jejich vaflov\u00e1 struktura dok\u00e1\u017ee absorbovat vlhkost a\u017e o 40 % \u00fa\u010dinn\u011bji ne\u017e b\u011b\u017en\u00e9 ru\u010dn\u00edky. Len zaji\u0161\u0165uje efektivn\u00ed proud\u011bn\u00ed vzduchu a schne mnohem rychleji. Va\u0161e ru\u010dn\u00edky a osu\u0161ky rychle uschnou a budou p\u0159ipraveny k dal\u0161\u00edmu pou\u017eit\u00ed. Vyhnete se tak nep\u0159\u00edjemn\u00fdm pach\u016fm z vlhkosti. Nerovn\u00fd povrch vaflov\u00e9 ut\u011brky v kombinaci s inovativn\u00edm designem rychle zachycuje vlhkost a \u00fa\u010dinn\u011b absorbuje vodu. Len m\u00e1 dut\u00e1 vl\u00e1kna, tak\u017ee se rychleji odpa\u0159uje a po ka\u017ed\u00e9m pou\u017eit\u00ed v\u00e1m tak dod\u00e1 pocit sucha a sv\u011b\u017eesti.<\/p>\n<h4><strong>Len je \u0161etrn\u00fd k va\u0161\u00ed poko\u017ece i \u017eivotn\u00edmu prost\u0159ed\u00ed<\/strong><\/h4>\n<p>K p\u011bstov\u00e1n\u00ed lnu nepot\u0159ebujete \u017e\u00e1dn\u00e1 hnojiva ani z\u00e1vlahu, je pln\u011b biologicky odbourateln\u00fd. D\u00edky p\u0159\u00edrodn\u00edm vl\u00e1kn\u016fm a v\u00fdrobn\u00edmu procesu v\u00e1m m\u016f\u017ee pomoci vyhnout se b\u011b\u017en\u00fdm alergick\u00fdm reakc\u00edm, kter\u00e9 se vyskytuj\u00ed v jin\u00fdch l\u00e1tk\u00e1ch. s odli\u0161n\u00fdm materi\u00e1lov\u00fdm slo\u017een\u00edm. Proto jsou hypoalergenn\u00ed i produkty, jako jsou ln\u011bn\u00e9 ru\u010dn\u00edky a ln\u011bn\u00e9 ru\u010dn\u00edky. Nejsou tak objemn\u00e9 a t\u011b\u017ek\u00e9, a pokud se chyst\u00e1te na letn\u00ed dovolenou, s d\u011btmi k vod\u011b, u\u0161et\u0159\u00ed v\u00e1m a\u017e polovinu m\u00edsta v zavazadle ne\u017e klasick\u00e9 ru\u010dn\u00edky a osu\u0161ky. Ocen\u00edte je i na pl\u00e1\u017ei, kde je rychle sbal\u00edte do pl\u00e1\u017eov\u00e9 ta\u0161ky. Len je pln\u011b biologicky odbourateln\u00fd, co\u017e z n\u011bj \u010din\u00ed fantastickou volbu pro ty, kte\u0159\u00ed nakupuj\u00ed s \u201eekologickou mysl\u00ed\u201c.<\/p>\n<h4>Kvalita se snoub\u00ed s udr\u017eitelnost\u00ed a trvanlivost\u00ed<\/h4>\n<p>Ln\u011bn\u00e9 v\u00fdrobky si sice vy\u017eaduj\u00ed vy\u0161\u0161\u00ed investici, ale jejich trvanlivost, odolnost a kvalita va\u0161\u00ed rodin\u011b naopak zajist\u00ed spokojenost na dlouh\u00e1 l\u00e9ta. Len nen\u00ed oby\u010dejn\u00fd materi\u00e1l \u2013 je to p\u0159\u00edrodn\u00ed poklad s neuv\u011b\u0159iteln\u00fdmi vlastnostmi, kter\u00fd v\u00e1s p\u0159enese z d\u00e1vn\u00e9 minulosti do sou\u010dasnosti. Jeho siln\u00e1 vl\u00e1kna a dlouh\u00e1 \u017eivotnost z n\u011bj d\u011blaj\u00ed jeden z nejodoln\u011bj\u0161\u00edch materi\u00e1l\u016f. A nen\u00ed to jen pr\u00e1zdn\u00e9 tvrzen\u00ed, jeho spolehlivost je ov\u011b\u0159ena jeho histori\u00ed. U\u017e sta\u0159\u00ed Egyp\u0165an\u00e9 znali tajemstv\u00ed lnu a vyu\u017e\u00edvali jeho neuv\u011b\u0159iteln\u00fdch vlastnost\u00ed nejen v textiln\u00edm pr\u016fmyslu, ale i v medic\u00edn\u011b. Investice do ln\u011bn\u00fdch vaflov\u00fdch ru\u010dn\u00edk\u016f znamen\u00e1 investici do sebe a sv\u00e9ho pohodl\u00ed. Dop\u0159ejte si tu nejlep\u0161\u00ed p\u00e9\u010di a nechte se obklopit p\u0159\u00edrodn\u00edm kouzlem, kter\u00e9 len nab\u00edz\u00ed.<\/p>\n<p>Nyn\u00ed si p\u0159edstavte v\u0161echny tyto l\u00e9\u010div\u00e9 vlastnosti zabalen\u00e9 v jedin\u00e9m ru\u010dn\u00edku, v jednom ln\u011bn\u00e9m ru\u010dn\u00edku. Je to jako m\u00edt doma sv\u016fj vlastn\u00ed kousek p\u0159\u00edrody a zdrav\u00ed. S na\u0161imi ln\u011bn\u00fdmi osu\u0161kami a ru\u010dn\u00edky m\u016f\u017eete ka\u017ed\u00fd den za\u017e\u00edt spojen\u00ed p\u0159\u00edrodn\u00edho luxusu a l\u00e9\u010div\u00fdch \u00fa\u010dink\u016f lnu. Abychom zajistili maxim\u00e1ln\u00ed spokojenost na\u0161ich z\u00e1kazn\u00edk\u016f, \u0161ijeme v na\u0161\u00ed d\u00edln\u011b vaflov\u00e9 ru\u010dn\u00edky a osu\u0161ky ze sm\u011bsi lnu a bavlny. Dosahujeme tak nejvy\u0161\u0161\u00ed \u00farovn\u011b trvanlivosti, savosti a jemnosti.<\/p>\n<p> Ka\u017ed\u00e1 sada osu\u0161ek a ru\u010dn\u00edk\u016f je zabalena v d\u00e1rkov\u00e9 krabi\u010dce a p\u0159ipravena pot\u011b\u0161it ka\u017ed\u00e9ho. Pokud byste si cht\u011bli sladit a vyskl\u00e1dat vlastn\u00ed barevnou kombinaci, nebo je sladit s jin\u00fdmi barevn\u00fdmi odst\u00edny, m\u016f\u017eete si s d\u016fv\u011brou vybrat <a href=\"https:\/\/lanaja.sk\/cs\/kategorie-produktu\/koupelna\/lnene-rucniky-osusky\/\" target=\"_blank\" rel=\"noopener\">ZDE.<\/a> Ka\u017ed\u00fd kousek je pro n\u00e1s v\u00fdzvou a z\u00e1rove\u0148 p\u0159\u00edle\u017eitost\u00ed, abychom dok\u00e1zali p\u0159en\u00e9st sv\u00e9 nad\u0161en\u00ed a l\u00e1sku k p\u0159\u00edrodn\u00edm materi\u00e1l\u016fm i k v\u00e1m.<\/p>\n<h4><strong>Fialov\u00e1 ln\u011bn\u00e1 osu\u0161ka m\u00e1 slo\u017een\u00ed: 53% len, 47% bavlna<\/strong><\/h4>\n<p><strong>Barva: fialov\u00e1<\/strong><\/p>\n<p class=\"article\"><strong>Velikost: <\/strong>cca 95\u00d7150 cm<\/p>\n<p>Ln\u011bn\u00e9 vaflov\u00e9 osu\u0161ky a ru\u010dn\u00edky m\u016f\u017eeme u\u0161\u00edt i v jin\u00fdch barv\u00e1ch, v\u0161echny odst\u00edny najdete v <a href=\"https:\/\/lanaja.sk\/cs\/?page_id=7625&#038;swcfpc=1\" target=\"_blank\" rel=\"noopener\">na\u0161em VZORN\u00cdKU LN\u011aN\u00ddCH VAFL\u00cd<\/a><\/p>\n<p><strong>Po\u010d\u00edtejte s dodac\u00ed lh\u016ftou 5-15 pracovn\u00edch dn\u016f, pokud nem\u00e1me produkt \u0161it\u00fd skladem, ru\u010dn\u00ed pr\u00e1ce vy\u017eaduje n\u00e1\u0161 \u010das. Ln\u011bn\u00e9 v\u00fdrobky \u0161ijeme v na\u0161\u00ed d\u00edln\u011b dle Va\u0161eho p\u0159\u00e1n\u00ed a na m\u00edru v z\u00e1vislosti na konkr\u00e9tn\u00edm v\u00fdrobku.<\/strong><\/p>\n<p>V\u00edce o n\u00e1s, o Lanaja, z ka\u017edodenn\u00edho \u017eivota v na\u0161em ateli\u00e9ru a hodnocen\u00ed spokojen\u00fdch z\u00e1kazn\u00edk\u016f si m\u016f\u017eete prohl\u00e9dnout i na na\u0161ich soci\u00e1ln\u00edch s\u00edt\u00edch:<a href=\"https:\/\/www.instagram.com\/lanaja_sk\" target=\"_blank\" rel=\"noopener\"> Lanaja na Instagramu<\/a> a <a href=\"https:\/\/www.facebook.com\/Abreadbag\/\" target=\"_blank\" rel=\"noopener\">Lanaja na Facebooku.<\/a><\/p>\n","protected":false},"excerpt":{"rendered":"<div dir=\"auto\">Investice do ln\u011bn\u00fdch vaflov\u00fdch osu\u0161ek znamen\u00e1 investici do sebe a sv\u00e9ho pohodl\u00ed. Dop\u0159ejte si tu nejlep\u0161\u00ed p\u00e9\u010di a nechte se obklopit p\u0159\u00edrodn\u00edm kouzlem, kter\u00e9 len nab\u00edz\u00ed.<\/div>\n<div dir=\"auto\">Na\u0161e ln\u011bn\u00e9 vaflov\u00e9 ru\u010dn\u00edky, osu\u0161ky jsou k dispozici v r\u016fzn\u00fdch barv\u00e1ch, aby uspokojily i ty nejn\u00e1ro\u010dn\u011bj\u0161\u00ed z\u00e1kazn\u00edky. Od jemn\u00fdch odst\u00edn\u016f a\u017e po v\u00fdrazn\u00e9 a \u017eiv\u00e9 barvy \u2013 u n\u00e1s si ka\u017ed\u00fd p\u0159ijde na sv\u00e9.<\/div>\n<div dir=\"auto\">V\u011b\u0159\u00edme, \u017ee ln\u011bn\u00e9 osu\u0161ky spolu s ru\u010dn\u00edky jsou jedn\u00edm z nejlep\u0161\u00edch d\u00e1rk\u016f, kter\u00e9 m\u016f\u017eete d\u00e1t sob\u011b nebo sv\u00fdm bl\u00edzk\u00fdm. Jsou to d\u00e1rky, kter\u00e9 dok\u00e1\u017e\u00ed p\u0159in\u00e9st radost a pohodl\u00ed ka\u017ed\u00fd den.<\/div>\n<div dir=\"auto\">Na p\u0159\u00e1n\u00ed je m\u016f\u017eeme vy\u0161\u00edt v\u00fd\u0161ivkou monogramu nebo va\u0161\u00edm textem.<\/div>\n","protected":false},"featured_media":11691,"template":"","meta":[],"product_brand":[],"product_cat":[389,184],"product_tag":[354,356],"class_list":{"0":"post-13294","1":"product","2":"type-product","3":"status-publish","4":"has-post-thumbnail","6":"product_cat-koupelna","7":"product_cat-lnene-rucniky-osusky","8":"product_tag-lneny-rucnik-cs-2","9":"product_tag-vaflovy-rucnik","11":"first","12":"instock","13":"shipping-taxable","14":"purchasable","15":"product-type-simple"},"yoast_head":"<!-- This site is optimized with the Yoast SEO plugin v27.4 - https:\/\/yoast.com\/product\/yoast-seo-wordpress\/ -->\n<title>Fialov\u00e1 ln\u011bn\u00e1 osu\u0161ka &#8226; Lanaja-slovensk\u00e1 udr\u017eiteln\u00e1 zna\u010dka a v\u00fdrobce ln\u011bn\u00e9ho textilu<\/title>\n<meta name=\"description\" content=\"Ln\u011bn\u00e1 osu\u0161ka m\u00e1 tu fantastickou vlastnost, \u017ee nas\u00e1v\u00e1 vlhkost a\u017e o 40 % v\u00edce ne\u017e bavlna a ostatn\u00ed materi\u00e1ly, a nav\u00edc rychleji schne a odpa\u0159uje vlhkost.\" \/>\n<meta name=\"robots\" content=\"index, follow, max-snippet:-1, max-image-preview:large, max-video-preview:-1\" \/>\n<link rel=\"canonical\" href=\"https:\/\/lanaja.sk\/cs\/obchod\/fialovy-lneny-rucnik-2\/\" \/>\n<meta property=\"og:locale\" content=\"cs_CZ\" \/>\n<meta property=\"og:type\" content=\"article\" \/>\n<meta property=\"og:title\" content=\"Fialov\u00e1 ln\u011bn\u00e1 osu\u0161ka &#8226; Lanaja-slovensk\u00e1 udr\u017eiteln\u00e1 zna\u010dka a v\u00fdrobce ln\u011bn\u00e9ho textilu\" \/>\n<meta property=\"og:description\" content=\"Ln\u011bn\u00e1 osu\u0161ka m\u00e1 tu fantastickou vlastnost, \u017ee nas\u00e1v\u00e1 vlhkost a\u017e o 40 % v\u00edce ne\u017e bavlna a ostatn\u00ed materi\u00e1ly, a nav\u00edc rychleji schne a odpa\u0159uje vlhkost.\" \/>\n<meta property=\"og:url\" content=\"https:\/\/lanaja.sk\/cs\/obchod\/fialovy-lneny-rucnik-2\/\" \/>\n<meta property=\"og:site_name\" content=\"Lanaja-slovensk\u00e1 udr\u017eiteln\u00e1 zna\u010dka a v\u00fdrobce ln\u011bn\u00e9ho textilu\" \/>\n<meta property=\"article:publisher\" content=\"https:\/\/www.facebook.com\/Abreadbag\" \/>\n<meta property=\"article:modified_time\" content=\"2025-07-16T11:05:09+00:00\" \/>\n<meta property=\"og:image\" content=\"https:\/\/lanaja.sk\/wp-content\/uploads\/2021\/10\/lanova-osuska-fialova-jpg.webp\" \/>\n\t<meta property=\"og:image:width\" content=\"1502\" \/>\n\t<meta property=\"og:image:height\" content=\"2000\" \/>\n\t<meta property=\"og:image:type\" content=\"image\/jpeg\" \/>\n<meta name=\"twitter:card\" content=\"summary_large_image\" \/>\n<meta name=\"twitter:label1\" content=\"Odhadovan\u00e1 doba \u010dten\u00ed\" \/>\n\t<meta name=\"twitter:data1\" content=\"5 minut\" \/>\n<script type=\"application\/ld+json\" class=\"yoast-schema-graph\">{\"@context\":\"https:\\\/\\\/schema.org\",\"@graph\":[{\"@type\":\"WebPage\",\"@id\":\"https:\\\/\\\/lanaja.sk\\\/cs\\\/obchod\\\/fialovy-lneny-rucnik-2\\\/\",\"url\":\"https:\\\/\\\/lanaja.sk\\\/cs\\\/obchod\\\/fialovy-lneny-rucnik-2\\\/\",\"name\":\"Fialov\u00e1 ln\u011bn\u00e1 osu\u0161ka &#8226; Lanaja-slovensk\u00e1 udr\u017eiteln\u00e1 zna\u010dka a v\u00fdrobce ln\u011bn\u00e9ho textilu\",\"isPartOf\":{\"@id\":\"https:\\\/\\\/lanaja.sk\\\/cs\\\/#website\"},\"primaryImageOfPage\":{\"@id\":\"https:\\\/\\\/lanaja.sk\\\/cs\\\/obchod\\\/fialovy-lneny-rucnik-2\\\/#primaryimage\"},\"image\":{\"@id\":\"https:\\\/\\\/lanaja.sk\\\/cs\\\/obchod\\\/fialovy-lneny-rucnik-2\\\/#primaryimage\"},\"thumbnailUrl\":\"https:\\\/\\\/lanaja.sk\\\/wp-content\\\/uploads\\\/2021\\\/10\\\/lanova-osuska-fialova-jpg.webp\",\"datePublished\":\"2021-10-01T16:32:37+00:00\",\"dateModified\":\"2025-07-16T11:05:09+00:00\",\"description\":\"Ln\u011bn\u00e1 osu\u0161ka m\u00e1 tu fantastickou vlastnost, \u017ee nas\u00e1v\u00e1 vlhkost a\u017e o 40 % v\u00edce ne\u017e bavlna a ostatn\u00ed materi\u00e1ly, a nav\u00edc rychleji schne a odpa\u0159uje vlhkost.\",\"breadcrumb\":{\"@id\":\"https:\\\/\\\/lanaja.sk\\\/cs\\\/obchod\\\/fialovy-lneny-rucnik-2\\\/#breadcrumb\"},\"inLanguage\":\"cs\",\"potentialAction\":[{\"@type\":\"ReadAction\",\"target\":[\"https:\\\/\\\/lanaja.sk\\\/cs\\\/obchod\\\/fialovy-lneny-rucnik-2\\\/\"]}]},{\"@type\":\"ImageObject\",\"inLanguage\":\"cs\",\"@id\":\"https:\\\/\\\/lanaja.sk\\\/cs\\\/obchod\\\/fialovy-lneny-rucnik-2\\\/#primaryimage\",\"url\":\"https:\\\/\\\/lanaja.sk\\\/wp-content\\\/uploads\\\/2021\\\/10\\\/lanova-osuska-fialova-jpg.webp\",\"contentUrl\":\"https:\\\/\\\/lanaja.sk\\\/wp-content\\\/uploads\\\/2021\\\/10\\\/lanova-osuska-fialova-jpg.webp\",\"width\":1502,\"height\":2000,\"caption\":\"slovensk\u00e9 osu\u0161ky a uter\u00e1ky\"},{\"@type\":\"BreadcrumbList\",\"@id\":\"https:\\\/\\\/lanaja.sk\\\/cs\\\/obchod\\\/fialovy-lneny-rucnik-2\\\/#breadcrumb\",\"itemListElement\":[{\"@type\":\"ListItem\",\"position\":1,\"name\":\"Home\",\"item\":\"https:\\\/\\\/lanaja.sk\\\/cs\\\/\"},{\"@type\":\"ListItem\",\"position\":2,\"name\":\"Obchod\",\"item\":\"https:\\\/\\\/lanaja.sk\\\/cs\\\/obchod-cz\\\/\"},{\"@type\":\"ListItem\",\"position\":3,\"name\":\"Fialov\u00e1 ln\u011bn\u00e1 osu\u0161ka\"}]},{\"@type\":\"WebSite\",\"@id\":\"https:\\\/\\\/lanaja.sk\\\/cs\\\/#website\",\"url\":\"https:\\\/\\\/lanaja.sk\\\/cs\\\/\",\"name\":\"Lanaja - bytov\u00fd textil z \u013eanu a \u013eanov\u00e9 v\u00fdrobky\",\"description\":\"Jedine\u010dn\u00fd bytov\u00fd textil, ln\u011bn\u00e9 pytl\u00edky, ln\u011bn\u00e9 ubrusy, ln\u011bn\u00e9 lo\u017en\u00ed povle\u010den\u00ed, ln\u011bn\u00e9 ut\u011brky, ln\u011bn\u00e9 prost\u00edr\u00e1n\u00ed vyroben\u00e9 a \u0161it\u00e9 na Slovensku\",\"publisher\":{\"@id\":\"https:\\\/\\\/lanaja.sk\\\/cs\\\/#organization\"},\"alternateName\":\"Lanaja - v\u00fdrobky z \u013eanu, \u013eanov\u00fd bytov\u00fd textil\",\"potentialAction\":[{\"@type\":\"SearchAction\",\"target\":{\"@type\":\"EntryPoint\",\"urlTemplate\":\"https:\\\/\\\/lanaja.sk\\\/cs\\\/?s={search_term_string}\"},\"query-input\":{\"@type\":\"PropertyValueSpecification\",\"valueRequired\":true,\"valueName\":\"search_term_string\"}}],\"inLanguage\":\"cs\"},{\"@type\":\"Organization\",\"@id\":\"https:\\\/\\\/lanaja.sk\\\/cs\\\/#organization\",\"name\":\"Lanaja\",\"alternateName\":\"Al\u017ebeta Andr\u00e1\u0161ikov\u00e1 - Lanaja\",\"url\":\"https:\\\/\\\/lanaja.sk\\\/cs\\\/\",\"logo\":{\"@type\":\"ImageObject\",\"inLanguage\":\"cs\",\"@id\":\"https:\\\/\\\/lanaja.sk\\\/cs\\\/#\\\/schema\\\/logo\\\/image\\\/\",\"url\":\"https:\\\/\\\/lanaja.sk\\\/wp-content\\\/uploads\\\/2024\\\/01\\\/Lanaja.sk-logo.png\",\"contentUrl\":\"https:\\\/\\\/lanaja.sk\\\/wp-content\\\/uploads\\\/2024\\\/01\\\/Lanaja.sk-logo.png\",\"width\":600,\"height\":300,\"caption\":\"Lanaja\"},\"image\":{\"@id\":\"https:\\\/\\\/lanaja.sk\\\/cs\\\/#\\\/schema\\\/logo\\\/image\\\/\"},\"sameAs\":[\"https:\\\/\\\/www.facebook.com\\\/Abreadbag\",\"https:\\\/\\\/www.instagram.com\\\/lanaja_sk\\\/\"]}]}<\/script>\n<!-- \/ Yoast SEO plugin. -->","yoast_head_json":{"title":"Fialov\u00e1 ln\u011bn\u00e1 osu\u0161ka &#8226; Lanaja-slovensk\u00e1 udr\u017eiteln\u00e1 zna\u010dka a v\u00fdrobce ln\u011bn\u00e9ho textilu","description":"Ln\u011bn\u00e1 osu\u0161ka m\u00e1 tu fantastickou vlastnost, \u017ee nas\u00e1v\u00e1 vlhkost a\u017e o 40 % v\u00edce ne\u017e bavlna a ostatn\u00ed materi\u00e1ly, a nav\u00edc rychleji schne a odpa\u0159uje vlhkost.","robots":{"index":"index","follow":"follow","max-snippet":"max-snippet:-1","max-image-preview":"max-image-preview:large","max-video-preview":"max-video-preview:-1"},"canonical":"https:\/\/lanaja.sk\/cs\/obchod\/fialovy-lneny-rucnik-2\/","og_locale":"cs_CZ","og_type":"article","og_title":"Fialov\u00e1 ln\u011bn\u00e1 osu\u0161ka &#8226; Lanaja-slovensk\u00e1 udr\u017eiteln\u00e1 zna\u010dka a v\u00fdrobce ln\u011bn\u00e9ho textilu","og_description":"Ln\u011bn\u00e1 osu\u0161ka m\u00e1 tu fantastickou vlastnost, \u017ee nas\u00e1v\u00e1 vlhkost a\u017e o 40 % v\u00edce ne\u017e bavlna a ostatn\u00ed materi\u00e1ly, a nav\u00edc rychleji schne a odpa\u0159uje vlhkost.","og_url":"https:\/\/lanaja.sk\/cs\/obchod\/fialovy-lneny-rucnik-2\/","og_site_name":"Lanaja-slovensk\u00e1 udr\u017eiteln\u00e1 zna\u010dka a v\u00fdrobce ln\u011bn\u00e9ho textilu","article_publisher":"https:\/\/www.facebook.com\/Abreadbag","article_modified_time":"2025-07-16T11:05:09+00:00","og_image":[{"width":1502,"height":2000,"url":"https:\/\/lanaja.sk\/wp-content\/uploads\/2021\/10\/lanova-osuska-fialova-jpg.webp","type":"image\/jpeg"}],"twitter_card":"summary_large_image","twitter_misc":{"Odhadovan\u00e1 doba \u010dten\u00ed":"5 minut"},"schema":{"@context":"https:\/\/schema.org","@graph":[{"@type":"WebPage","@id":"https:\/\/lanaja.sk\/cs\/obchod\/fialovy-lneny-rucnik-2\/","url":"https:\/\/lanaja.sk\/cs\/obchod\/fialovy-lneny-rucnik-2\/","name":"Fialov\u00e1 ln\u011bn\u00e1 osu\u0161ka &#8226; Lanaja-slovensk\u00e1 udr\u017eiteln\u00e1 zna\u010dka a v\u00fdrobce ln\u011bn\u00e9ho textilu","isPartOf":{"@id":"https:\/\/lanaja.sk\/cs\/#website"},"primaryImageOfPage":{"@id":"https:\/\/lanaja.sk\/cs\/obchod\/fialovy-lneny-rucnik-2\/#primaryimage"},"image":{"@id":"https:\/\/lanaja.sk\/cs\/obchod\/fialovy-lneny-rucnik-2\/#primaryimage"},"thumbnailUrl":"https:\/\/lanaja.sk\/wp-content\/uploads\/2021\/10\/lanova-osuska-fialova-jpg.webp","datePublished":"2021-10-01T16:32:37+00:00","dateModified":"2025-07-16T11:05:09+00:00","description":"Ln\u011bn\u00e1 osu\u0161ka m\u00e1 tu fantastickou vlastnost, \u017ee nas\u00e1v\u00e1 vlhkost a\u017e o 40 % v\u00edce ne\u017e bavlna a ostatn\u00ed materi\u00e1ly, a nav\u00edc rychleji schne a odpa\u0159uje vlhkost.","breadcrumb":{"@id":"https:\/\/lanaja.sk\/cs\/obchod\/fialovy-lneny-rucnik-2\/#breadcrumb"},"inLanguage":"cs","potentialAction":[{"@type":"ReadAction","target":["https:\/\/lanaja.sk\/cs\/obchod\/fialovy-lneny-rucnik-2\/"]}]},{"@type":"ImageObject","inLanguage":"cs","@id":"https:\/\/lanaja.sk\/cs\/obchod\/fialovy-lneny-rucnik-2\/#primaryimage","url":"https:\/\/lanaja.sk\/wp-content\/uploads\/2021\/10\/lanova-osuska-fialova-jpg.webp","contentUrl":"https:\/\/lanaja.sk\/wp-content\/uploads\/2021\/10\/lanova-osuska-fialova-jpg.webp","width":1502,"height":2000,"caption":"slovensk\u00e9 osu\u0161ky a uter\u00e1ky"},{"@type":"BreadcrumbList","@id":"https:\/\/lanaja.sk\/cs\/obchod\/fialovy-lneny-rucnik-2\/#breadcrumb","itemListElement":[{"@type":"ListItem","position":1,"name":"Home","item":"https:\/\/lanaja.sk\/cs\/"},{"@type":"ListItem","position":2,"name":"Obchod","item":"https:\/\/lanaja.sk\/cs\/obchod-cz\/"},{"@type":"ListItem","position":3,"name":"Fialov\u00e1 ln\u011bn\u00e1 osu\u0161ka"}]},{"@type":"WebSite","@id":"https:\/\/lanaja.sk\/cs\/#website","url":"https:\/\/lanaja.sk\/cs\/","name":"Lanaja - bytov\u00fd textil z \u013eanu a \u013eanov\u00e9 v\u00fdrobky","description":"Jedine\u010dn\u00fd bytov\u00fd textil, ln\u011bn\u00e9 pytl\u00edky, ln\u011bn\u00e9 ubrusy, ln\u011bn\u00e9 lo\u017en\u00ed povle\u010den\u00ed, ln\u011bn\u00e9 ut\u011brky, ln\u011bn\u00e9 prost\u00edr\u00e1n\u00ed vyroben\u00e9 a \u0161it\u00e9 na Slovensku","publisher":{"@id":"https:\/\/lanaja.sk\/cs\/#organization"},"alternateName":"Lanaja - v\u00fdrobky z \u013eanu, \u013eanov\u00fd bytov\u00fd textil","potentialAction":[{"@type":"SearchAction","target":{"@type":"EntryPoint","urlTemplate":"https:\/\/lanaja.sk\/cs\/?s={search_term_string}"},"query-input":{"@type":"PropertyValueSpecification","valueRequired":true,"valueName":"search_term_string"}}],"inLanguage":"cs"},{"@type":"Organization","@id":"https:\/\/lanaja.sk\/cs\/#organization","name":"Lanaja","alternateName":"Al\u017ebeta Andr\u00e1\u0161ikov\u00e1 - Lanaja","url":"https:\/\/lanaja.sk\/cs\/","logo":{"@type":"ImageObject","inLanguage":"cs","@id":"https:\/\/lanaja.sk\/cs\/#\/schema\/logo\/image\/","url":"https:\/\/lanaja.sk\/wp-content\/uploads\/2024\/01\/Lanaja.sk-logo.png","contentUrl":"https:\/\/lanaja.sk\/wp-content\/uploads\/2024\/01\/Lanaja.sk-logo.png","width":600,"height":300,"caption":"Lanaja"},"image":{"@id":"https:\/\/lanaja.sk\/cs\/#\/schema\/logo\/image\/"},"sameAs":["https:\/\/www.facebook.com\/Abreadbag","https:\/\/www.instagram.com\/lanaja_sk\/"]}]}},"_links":{"self":[{"href":"https:\/\/lanaja.sk\/cs\/wp-json\/wp\/v2\/product\/13294","targetHints":{"allow":["GET"]}}],"collection":[{"href":"https:\/\/lanaja.sk\/cs\/wp-json\/wp\/v2\/product"}],"about":[{"href":"https:\/\/lanaja.sk\/cs\/wp-json\/wp\/v2\/types\/product"}],"version-history":[{"count":1,"href":"https:\/\/lanaja.sk\/cs\/wp-json\/wp\/v2\/product\/13294\/revisions"}],"predecessor-version":[{"id":16374,"href":"https:\/\/lanaja.sk\/cs\/wp-json\/wp\/v2\/product\/13294\/revisions\/16374"}],"wp:featuredmedia":[{"embeddable":true,"href":"https:\/\/lanaja.sk\/cs\/wp-json\/wp\/v2\/media\/11691"}],"wp:attachment":[{"href":"https:\/\/lanaja.sk\/cs\/wp-json\/wp\/v2\/media?parent=13294"}],"wp:term":[{"taxonomy":"product_brand","embeddable":true,"href":"https:\/\/lanaja.sk\/cs\/wp-json\/wp\/v2\/product_brand?post=13294"},{"taxonomy":"product_cat","embeddable":true,"href":"https:\/\/lanaja.sk\/cs\/wp-json\/wp\/v2\/product_cat?post=13294"},{"taxonomy":"product_tag","embeddable":true,"href":"https:\/\/lanaja.sk\/cs\/wp-json\/wp\/v2\/product_tag?post=13294"}],"curies":[{"name":"wp","href":"https:\/\/api.w.org\/{rel}","templated":true}]}}