{"id":13303,"date":"2021-09-26T17:38:42","date_gmt":"2021-09-26T15:38:42","guid":{"rendered":"https:\/\/lanaja.sk\/obchod\/neza\u0159azen\u00e9\/oboustranny-lneny-rucnik-2\/"},"modified":"2025-07-12T13:53:05","modified_gmt":"2025-07-12T11:53:05","slug":"oboustranny-lneny-rucnik-2","status":"publish","type":"product","link":"https:\/\/lanaja.sk\/cs\/obchod\/oboustranny-lneny-rucnik-2\/","title":{"rendered":"Oboustrann\u00fd ln\u011bn\u00fd ru\u010dn\u00edk"},"content":{"rendered":"<h2><strong>Oboustrann\u00fd ln\u011bn\u00fd ru\u010dn\u00edk<\/strong><\/h2>\n<p>Ln\u011bn\u00fd ru\u010dn\u00edk m\u00e1 rafinovan\u00fd a z\u00e1rove\u0148 jedine\u010dn\u00fd vzhled, je lehk\u00fd, m\u011bkk\u00fd a pevn\u00fd z\u00e1rove\u0148. Jedna strana v\u00e1s pot\u011b\u0161\u00ed podkladem ve sv\u011btl\u00e9m b\u00e9\u017eov\u00e9m odst\u00ednu s hn\u011bd\u00fdmi punt\u00edky a naopak druh\u00e1 strana je zkombinovan\u00e1 s podkladem v p\u0159\u00edrodn\u00ed nebarven\u00e9 hn\u011bd\u00e9 barv\u011b s b\u00e9\u017eov\u00fdmi punt\u00edky.<\/p>\n<p>Ln\u011bn\u00e9 ru\u010dn\u00edky a osu\u0161ky zab\u00edraj\u00ed v\u00fdrazn\u011b m\u00e9n\u011b m\u00edsta. Pokud pot\u0159ebujete u\u0161et\u0159it \u00falo\u017en\u00fd prostor, cestujete nebo \u010dasto chod\u00edte do fitka, jsou pro v\u00e1s ide\u00e1ln\u00ed volbou.<\/p>\n<h4>\u0160ijeme je ve t\u0159ech velikostech:<\/h4>\n<p><strong>1. <\/strong><label><strong>30x30cm<\/strong> <\/label><label>Tato velikost je ide\u00e1ln\u00ed pro odli\u010dov\u00e1n\u00ed, na obli\u010dej, dokonce i m\u00edsto jednor\u00e1zov\u00fdch odli\u010dovac\u00edch tampon\u016f, pro odstra\u0148ov\u00e1n\u00ed ple\u0165ov\u00fdch masek.<\/label><\/p>\n<p><strong>2. Ru\u010dn\u00edk 30x50cm<\/strong><\/p>\n<p><strong>3. Standardn\u00ed velikost 45 x 75 cm<\/strong><\/p>\n<p>V na\u0161\u00ed d\u00edln\u011b \u0161ijeme ru\u010dn\u00edky a osu\u0161ky p\u0159ev\u00e1\u017en\u011b ze sm\u011bsi lnu a bavlny, abychom dos\u00e1hli maxim\u00e1ln\u00ed odolnosti, savosti a m\u011bkkosti. M\u016f\u017eete si zkombinovat svou vlastn\u00ed sadu ru\u010dn\u00edk\u016f a osu\u0161ek, kter\u00e1 v\u00e1m p\u0159ijde zabalena v d\u00e1rkov\u00e9 krabi\u010dce, stejn\u011b jako v\u0161echny na\u0161e v\u00fdrobky.<\/p>\n<p>Ln\u011bn\u00e9 osu\u0161ky a ru\u010dn\u00edky jsou \u0161ity z m\u011bk\u010den\u00e9ho, p\u0159edpran\u00e9ho lnu, kter\u00fd je vym\u00fdv\u00e1n pomoc\u00ed kamene, tzv. Stone washing (neboli s ozna\u010den\u00edm STONEWASHED). Ln\u011bn\u00e1 l\u00e1tka tak z\u00edsk\u00e1 obl\u00edben\u00fd jemn\u011bj\u0161\u00ed vzhled, je p\u0159irozen\u011b a rovnom\u011brn\u011b poma\u010dkan\u00e1 a p\u0159i pou\u017e\u00edv\u00e1n\u00ed v\u00e1s odm\u011bn\u00ed p\u0159\u00edjemn\u00fdm pocitem jemnosti. B\u011bhem sp\u00e1nku v\u00e1m prokrv\u00ed a jemn\u011b promas\u00edruje poko\u017eku, podpo\u0159\u00ed relaxaci, \u010d\u00edm\u017e ji zjemn\u00ed a ochr\u00e1n\u00ed d\u00edky sv\u00e9 p\u0159irozen\u00e9 pH.<\/p>\n<p>Ln\u011bn\u00e1 tkanina je n\u011bkolikan\u00e1sobn\u011b <strong>siln\u011bj\u0161\u00ed <\/strong>a <strong>trvanliv\u011bj\u0161\u00ed, a pou\u017e\u00edv\u00e1n\u00ed takov\u00fdchto v\u00fdrobk\u016f je dlouholet\u00e1 z\u00e1ruka spokojenosti. <\/strong>\u010c\u00edm \u010dast\u011bji budete ln\u011bn\u00e9 osu\u0161ky a ru\u010dn\u00edky pr\u00e1t, t\u00edm budou m\u011bk\u010d\u00ed a kr\u00e1sn\u011bj\u0161\u00ed. Proto se nen\u00ed t\u0159eba b\u00e1t vy\u0161\u0161\u00ed investice, kter\u00e1 v\u00e1m a va\u0161\u00ed rodin\u011b zaru\u010d\u00ed kvalitu a spokojenost na dlouh\u00e1 l\u00e9ta. V neposledn\u00ed \u0159ad\u011b vytvo\u0159\u00edte bezpe\u010dn\u011bj\u0161\u00ed a zdrav\u011bj\u0161\u00ed domov pro sebe a sv\u00e9 bl\u00edzk\u00e9. Ln\u011bn\u00e1 l\u00e1tka m\u00e1 <strong>lehk\u00fd mas\u00e1\u017en\u00ed \u00fa\u010dinek <\/strong>kv\u016fli mikroskopick\u00fdm zlom\u016fm na jej\u00edm vn\u011bj\u0161\u00edm povrchu. Nepravidelnosti, drobn\u00e9 hrbolky a vr\u00e1s\u010dit\u00e1 struktura v\u00e1m poskytnou mas\u00e1\u017e, stimuluj\u00ed pr\u016ftok krve a podpo\u0159\u00ed relaxaci. D\u00edky <strong>sv\u00e9 unik\u00e1tn\u00ed filtraci, schopnosti odol\u00e1vat bakteri\u00edm, vzdu\u0161nosti, absorpci a odpa\u0159ov\u00e1n\u00ed vlhkosti je len zn\u00e1m\u00fd jako antialergick\u00fd<\/strong>, doporu\u010duje se<strong> lidem s ko\u017en\u00edmi chorobami, alergiemi a je vhodn\u00fd i pro mal\u00e9 d\u011bti.<\/strong> Len m\u00e1 vysokou schopnost <strong>potla\u010dit bakterie, rozto\u010de a pl\u00edsn\u011b. Je vysoce repelentn\u00ed proti hmyzu<\/strong>. Je \u0161etrn\u00fd k \u017eivotn\u00edmu prost\u0159ed\u00ed, z\u00e1rove\u0148 je to obnoviteln\u00fd zdroj. P\u0159i p\u011bstov\u00e1n\u00ed se nepou\u017e\u00edvaj\u00ed \u017e\u00e1dn\u00e1 hnojiva a nepot\u0159ebuje \u017e\u00e1dn\u00e9 z\u00e1vlahy, je tak\u00e9 pln\u011b biologicky odbourateln\u00fd.<\/p>\n<h4><strong>V\u0161echny ln\u011bn\u00e9 tkaniny jsou certifikov\u00e1ny <\/strong>OEKO-TEX STANDART 100. vyrobeno v Evrop\u011b.<\/h4>\n<p><strong>Ln\u011bn\u00fd ru\u010dn\u00edk je u\u0161it z materi\u00e1lu:<\/strong> 80 % len, 20 % bavlna, gram\u00e1\u017e 330 g\/m\u00b2.<\/p>\n<p>Celou kolekci ru\u010dn\u00edk\u016f a ru\u010dn\u00edk\u016f si m\u016f\u017eete prohl\u00e9dnout <a href=\"https:\/\/lanaja.sk\/cs\/kategorie-produktu\/koupelna\/lnene-rucniky-osusky\/\" target=\"_blank\" rel=\"noopener\">ZDE<\/a><\/p>\n<p>Na fotografii je 100% BIO meru\u0148kov\u00fd olej lisovan\u00fd za studena, kter\u00fd si zachov\u00e1v\u00e1 v\u0161echny prosp\u011b\u0161n\u00e9 l\u00e1tky slovensk\u00e9 zna\u010dky <a href=\"https:\/\/musk.sk\/\" target=\"_blank\" rel=\"noopener\">MUSK<\/a><\/p>\n<p><strong>Po\u010d\u00edtejte s dodac\u00ed lh\u016ftou 5-15 pracovn\u00edch dn\u016f, pokud nem\u00e1me produkt \u0161it\u00fd skladem, ru\u010dn\u00ed pr\u00e1ce vy\u017eaduje n\u00e1\u0161 \u010das. Ln\u011bn\u00e9 v\u00fdrobky \u0161ijeme v na\u0161\u00ed d\u00edln\u011b dle Va\u0161eho p\u0159\u00e1n\u00ed a na m\u00edru v z\u00e1vislosti na konkr\u00e9tn\u00edm v\u00fdrobku.<\/strong><\/p>\n<p>M\u016f\u017eete tak\u00e9 vid\u011bt v\u00edce o n\u00e1s, o Lanaji, z ka\u017edodenn\u00edho \u017eivota v na\u0161em studiu, recenze spokojen\u00fdch z\u00e1kazn\u00edk\u016f na na\u0161ich soci\u00e1ln\u00edch s\u00edt\u00edch <a href=\"https:\/\/www.instagram.com\/lanaja_sk\" target=\"_blank\" rel=\"noopener\">Lanaja na Instagramu<\/a> a <a href=\"https:\/\/www.facebook.com\/Abreadbag\/\" target=\"_blank\" rel=\"noopener\">Lanaja na Facebooku<\/a><\/p>\n","protected":false},"excerpt":{"rendered":"<p>V Lanaja jsme op\u011bt spojili kr\u00e1su a funk\u010dnost, abychom vytvo\u0159ili n\u011bco, co v\u00e1s uchv\u00e1t\u00ed \u2013 oboustrann\u00e9 ln\u011bn\u00e9 ru\u010dn\u00edky a osu\u0161ky s punt\u00edkovan\u00fdm vzorem. Tyto kousky jsou nejen n\u00e1dhern\u00e9 na pohled, ale tak\u00e9 velmi praktick\u00e9, jejich oboustrann\u00fd design a te\u010dkovan\u00fd vzor vytv\u00e1\u0159ej\u00ed pocit hloubky a textury.<\/p>\n<p>Jejich materi\u00e1l je v\u00fdjime\u010dn\u00fd \u2013 len je hypoalergenn\u00ed a p\u0159irozen\u011b antibakteri\u00e1ln\u00ed, tak\u017ee jsou skv\u011blou volbou pro ka\u017ed\u00e9ho, komu z\u00e1le\u017e\u00ed na jeho zdrav\u00ed a pohod\u011b. Jsou velmi praktick\u00e9 a odoln\u00e9 &#8211; rychle schnou a maj\u00ed dlouhou \u017eivotnost. Skr\u00fdv\u00e1 se v nich p\u0159\u00edb\u011bh, kter\u00fd vypr\u00e1v\u00ed o tradi\u010dn\u00edm \u0159emesle a l\u00e1sce k p\u0159\u00edrod\u011b.<\/p>\n<p>V Atelieru Lanaja v\u011b\u0159\u00edme, \u017ee si ka\u017ed\u00fd z\u00e1kazn\u00edk najde sv\u016fj obl\u00edben\u00fd kousek a \u017ee se oboustrann\u00e9 ln\u011bn\u00e9 ru\u010dn\u00edky a osu\u0161ky stanou sou\u010d\u00e1st\u00ed va\u0161eho \u017eivota na dlouh\u00e1 l\u00e9ta. Stejn\u011b jako se vl\u00e1kna ve ln\u011bn\u00e9 l\u00e1tce spojuj\u00ed, spojujeme v\u00e1\u0161e\u0148, kreativitu a \u0159emeslnou zru\u010dnost, abychom pro v\u00e1s vytvo\u0159ili n\u011bco jedine\u010dn\u00e9ho a kr\u00e1sn\u00e9ho.<\/p>\n","protected":false},"featured_media":7055,"template":"","meta":[],"product_brand":[],"product_cat":[184],"product_tag":[],"class_list":{"0":"post-13303","1":"product","2":"type-product","3":"status-publish","4":"has-post-thumbnail","6":"product_cat-lnene-rucniky-osusky","8":"first","9":"instock","10":"shipping-taxable","11":"purchasable","12":"product-type-variable"},"yoast_head":"<!-- This site is optimized with the Yoast SEO plugin v27.4 - https:\/\/yoast.com\/product\/yoast-seo-wordpress\/ -->\n<title>Oboustrann\u00fd ln\u011bn\u00fd ru\u010dn\u00edk &#8226; Lanaja-slovensk\u00e1 udr\u017eiteln\u00e1 zna\u010dka a v\u00fdrobce ln\u011bn\u00e9ho textilu<\/title>\n<meta name=\"description\" content=\"Ln\u011bn\u00fd ru\u010dn\u00edk m\u00e1 lehk\u00fd mas\u00e1\u017en\u00ed \u00fa\u010dinek kv\u016fli mikroskopick\u00fdm zlom\u016fm na jeho vn\u011bj\u0161\u00edm povrchu; vr\u00e1s\u010dit\u00e1 struktura v\u00e1m zajist\u00ed mas\u00e1\u017e.\" \/>\n<meta name=\"robots\" content=\"index, follow, max-snippet:-1, max-image-preview:large, max-video-preview:-1\" \/>\n<link rel=\"canonical\" href=\"https:\/\/lanaja.sk\/cs\/obchod\/oboustranny-lneny-rucnik-2\/\" \/>\n<meta property=\"og:locale\" content=\"cs_CZ\" \/>\n<meta property=\"og:type\" content=\"article\" \/>\n<meta property=\"og:title\" content=\"Oboustrann\u00fd ln\u011bn\u00fd ru\u010dn\u00edk &#8226; Lanaja-slovensk\u00e1 udr\u017eiteln\u00e1 zna\u010dka a v\u00fdrobce ln\u011bn\u00e9ho textilu\" \/>\n<meta property=\"og:description\" content=\"Ln\u011bn\u00fd ru\u010dn\u00edk m\u00e1 lehk\u00fd mas\u00e1\u017en\u00ed \u00fa\u010dinek kv\u016fli mikroskopick\u00fdm zlom\u016fm na jeho vn\u011bj\u0161\u00edm povrchu; vr\u00e1s\u010dit\u00e1 struktura v\u00e1m zajist\u00ed mas\u00e1\u017e.\" \/>\n<meta property=\"og:url\" content=\"https:\/\/lanaja.sk\/cs\/obchod\/oboustranny-lneny-rucnik-2\/\" \/>\n<meta property=\"og:site_name\" content=\"Lanaja-slovensk\u00e1 udr\u017eiteln\u00e1 zna\u010dka a v\u00fdrobce ln\u011bn\u00e9ho textilu\" \/>\n<meta property=\"article:publisher\" content=\"https:\/\/www.facebook.com\/Abreadbag\" \/>\n<meta property=\"article:modified_time\" content=\"2025-07-12T11:53:05+00:00\" \/>\n<meta property=\"og:image\" content=\"https:\/\/lanaja.sk\/wp-content\/uploads\/2021\/09\/lanova-osuska-scaled-e1632669531942-jpg.webp\" \/>\n\t<meta property=\"og:image:width\" content=\"850\" \/>\n\t<meta property=\"og:image:height\" content=\"653\" \/>\n\t<meta property=\"og:image:type\" content=\"image\/jpeg\" \/>\n<meta name=\"twitter:card\" content=\"summary_large_image\" \/>\n<meta name=\"twitter:label1\" content=\"Odhadovan\u00e1 doba \u010dten\u00ed\" \/>\n\t<meta name=\"twitter:data1\" content=\"4 minuty\" \/>\n<script type=\"application\/ld+json\" class=\"yoast-schema-graph\">{\"@context\":\"https:\\\/\\\/schema.org\",\"@graph\":[{\"@type\":\"WebPage\",\"@id\":\"https:\\\/\\\/lanaja.sk\\\/cs\\\/obchod\\\/oboustranny-lneny-rucnik-2\\\/\",\"url\":\"https:\\\/\\\/lanaja.sk\\\/cs\\\/obchod\\\/oboustranny-lneny-rucnik-2\\\/\",\"name\":\"Oboustrann\u00fd ln\u011bn\u00fd ru\u010dn\u00edk &#8226; Lanaja-slovensk\u00e1 udr\u017eiteln\u00e1 zna\u010dka a v\u00fdrobce ln\u011bn\u00e9ho textilu\",\"isPartOf\":{\"@id\":\"https:\\\/\\\/lanaja.sk\\\/cs\\\/#website\"},\"primaryImageOfPage\":{\"@id\":\"https:\\\/\\\/lanaja.sk\\\/cs\\\/obchod\\\/oboustranny-lneny-rucnik-2\\\/#primaryimage\"},\"image\":{\"@id\":\"https:\\\/\\\/lanaja.sk\\\/cs\\\/obchod\\\/oboustranny-lneny-rucnik-2\\\/#primaryimage\"},\"thumbnailUrl\":\"https:\\\/\\\/lanaja.sk\\\/wp-content\\\/uploads\\\/2021\\\/09\\\/lanova-osuska-scaled-e1632669531942-jpg.webp\",\"datePublished\":\"2021-09-26T15:38:42+00:00\",\"dateModified\":\"2025-07-12T11:53:05+00:00\",\"description\":\"Ln\u011bn\u00fd ru\u010dn\u00edk m\u00e1 lehk\u00fd mas\u00e1\u017en\u00ed \u00fa\u010dinek kv\u016fli mikroskopick\u00fdm zlom\u016fm na jeho vn\u011bj\u0161\u00edm povrchu; vr\u00e1s\u010dit\u00e1 struktura v\u00e1m zajist\u00ed mas\u00e1\u017e.\",\"breadcrumb\":{\"@id\":\"https:\\\/\\\/lanaja.sk\\\/cs\\\/obchod\\\/oboustranny-lneny-rucnik-2\\\/#breadcrumb\"},\"inLanguage\":\"cs\",\"potentialAction\":[{\"@type\":\"ReadAction\",\"target\":[\"https:\\\/\\\/lanaja.sk\\\/cs\\\/obchod\\\/oboustranny-lneny-rucnik-2\\\/\"]}]},{\"@type\":\"ImageObject\",\"inLanguage\":\"cs\",\"@id\":\"https:\\\/\\\/lanaja.sk\\\/cs\\\/obchod\\\/oboustranny-lneny-rucnik-2\\\/#primaryimage\",\"url\":\"https:\\\/\\\/lanaja.sk\\\/wp-content\\\/uploads\\\/2021\\\/09\\\/lanova-osuska-scaled-e1632669531942-jpg.webp\",\"contentUrl\":\"https:\\\/\\\/lanaja.sk\\\/wp-content\\\/uploads\\\/2021\\\/09\\\/lanova-osuska-scaled-e1632669531942-jpg.webp\",\"width\":850,\"height\":653,\"caption\":\"\u013eanov\u00e9 uter\u00e1ky\"},{\"@type\":\"BreadcrumbList\",\"@id\":\"https:\\\/\\\/lanaja.sk\\\/cs\\\/obchod\\\/oboustranny-lneny-rucnik-2\\\/#breadcrumb\",\"itemListElement\":[{\"@type\":\"ListItem\",\"position\":1,\"name\":\"Home\",\"item\":\"https:\\\/\\\/lanaja.sk\\\/cs\\\/\"},{\"@type\":\"ListItem\",\"position\":2,\"name\":\"Obchod\",\"item\":\"https:\\\/\\\/lanaja.sk\\\/cs\\\/obchod-cz\\\/\"},{\"@type\":\"ListItem\",\"position\":3,\"name\":\"Oboustrann\u00fd ln\u011bn\u00fd ru\u010dn\u00edk\"}]},{\"@type\":\"WebSite\",\"@id\":\"https:\\\/\\\/lanaja.sk\\\/cs\\\/#website\",\"url\":\"https:\\\/\\\/lanaja.sk\\\/cs\\\/\",\"name\":\"Lanaja - bytov\u00fd textil z \u013eanu a \u013eanov\u00e9 v\u00fdrobky\",\"description\":\"Jedine\u010dn\u00fd bytov\u00fd textil, ln\u011bn\u00e9 pytl\u00edky, ln\u011bn\u00e9 ubrusy, ln\u011bn\u00e9 lo\u017en\u00ed povle\u010den\u00ed, ln\u011bn\u00e9 ut\u011brky, ln\u011bn\u00e9 prost\u00edr\u00e1n\u00ed vyroben\u00e9 a \u0161it\u00e9 na Slovensku\",\"publisher\":{\"@id\":\"https:\\\/\\\/lanaja.sk\\\/cs\\\/#organization\"},\"alternateName\":\"Lanaja - v\u00fdrobky z \u013eanu, \u013eanov\u00fd bytov\u00fd textil\",\"potentialAction\":[{\"@type\":\"SearchAction\",\"target\":{\"@type\":\"EntryPoint\",\"urlTemplate\":\"https:\\\/\\\/lanaja.sk\\\/cs\\\/?s={search_term_string}\"},\"query-input\":{\"@type\":\"PropertyValueSpecification\",\"valueRequired\":true,\"valueName\":\"search_term_string\"}}],\"inLanguage\":\"cs\"},{\"@type\":\"Organization\",\"@id\":\"https:\\\/\\\/lanaja.sk\\\/cs\\\/#organization\",\"name\":\"Lanaja\",\"alternateName\":\"Al\u017ebeta Andr\u00e1\u0161ikov\u00e1 - Lanaja\",\"url\":\"https:\\\/\\\/lanaja.sk\\\/cs\\\/\",\"logo\":{\"@type\":\"ImageObject\",\"inLanguage\":\"cs\",\"@id\":\"https:\\\/\\\/lanaja.sk\\\/cs\\\/#\\\/schema\\\/logo\\\/image\\\/\",\"url\":\"https:\\\/\\\/lanaja.sk\\\/wp-content\\\/uploads\\\/2024\\\/01\\\/Lanaja.sk-logo.png\",\"contentUrl\":\"https:\\\/\\\/lanaja.sk\\\/wp-content\\\/uploads\\\/2024\\\/01\\\/Lanaja.sk-logo.png\",\"width\":600,\"height\":300,\"caption\":\"Lanaja\"},\"image\":{\"@id\":\"https:\\\/\\\/lanaja.sk\\\/cs\\\/#\\\/schema\\\/logo\\\/image\\\/\"},\"sameAs\":[\"https:\\\/\\\/www.facebook.com\\\/Abreadbag\",\"https:\\\/\\\/www.instagram.com\\\/lanaja_sk\\\/\"]}]}<\/script>\n<!-- \/ Yoast SEO plugin. -->","yoast_head_json":{"title":"Oboustrann\u00fd ln\u011bn\u00fd ru\u010dn\u00edk &#8226; Lanaja-slovensk\u00e1 udr\u017eiteln\u00e1 zna\u010dka a v\u00fdrobce ln\u011bn\u00e9ho textilu","description":"Ln\u011bn\u00fd ru\u010dn\u00edk m\u00e1 lehk\u00fd mas\u00e1\u017en\u00ed \u00fa\u010dinek kv\u016fli mikroskopick\u00fdm zlom\u016fm na jeho vn\u011bj\u0161\u00edm povrchu; vr\u00e1s\u010dit\u00e1 struktura v\u00e1m zajist\u00ed mas\u00e1\u017e.","robots":{"index":"index","follow":"follow","max-snippet":"max-snippet:-1","max-image-preview":"max-image-preview:large","max-video-preview":"max-video-preview:-1"},"canonical":"https:\/\/lanaja.sk\/cs\/obchod\/oboustranny-lneny-rucnik-2\/","og_locale":"cs_CZ","og_type":"article","og_title":"Oboustrann\u00fd ln\u011bn\u00fd ru\u010dn\u00edk &#8226; Lanaja-slovensk\u00e1 udr\u017eiteln\u00e1 zna\u010dka a v\u00fdrobce ln\u011bn\u00e9ho textilu","og_description":"Ln\u011bn\u00fd ru\u010dn\u00edk m\u00e1 lehk\u00fd mas\u00e1\u017en\u00ed \u00fa\u010dinek kv\u016fli mikroskopick\u00fdm zlom\u016fm na jeho vn\u011bj\u0161\u00edm povrchu; vr\u00e1s\u010dit\u00e1 struktura v\u00e1m zajist\u00ed mas\u00e1\u017e.","og_url":"https:\/\/lanaja.sk\/cs\/obchod\/oboustranny-lneny-rucnik-2\/","og_site_name":"Lanaja-slovensk\u00e1 udr\u017eiteln\u00e1 zna\u010dka a v\u00fdrobce ln\u011bn\u00e9ho textilu","article_publisher":"https:\/\/www.facebook.com\/Abreadbag","article_modified_time":"2025-07-12T11:53:05+00:00","og_image":[{"width":850,"height":653,"url":"https:\/\/lanaja.sk\/wp-content\/uploads\/2021\/09\/lanova-osuska-scaled-e1632669531942-jpg.webp","type":"image\/jpeg"}],"twitter_card":"summary_large_image","twitter_misc":{"Odhadovan\u00e1 doba \u010dten\u00ed":"4 minuty"},"schema":{"@context":"https:\/\/schema.org","@graph":[{"@type":"WebPage","@id":"https:\/\/lanaja.sk\/cs\/obchod\/oboustranny-lneny-rucnik-2\/","url":"https:\/\/lanaja.sk\/cs\/obchod\/oboustranny-lneny-rucnik-2\/","name":"Oboustrann\u00fd ln\u011bn\u00fd ru\u010dn\u00edk &#8226; Lanaja-slovensk\u00e1 udr\u017eiteln\u00e1 zna\u010dka a v\u00fdrobce ln\u011bn\u00e9ho textilu","isPartOf":{"@id":"https:\/\/lanaja.sk\/cs\/#website"},"primaryImageOfPage":{"@id":"https:\/\/lanaja.sk\/cs\/obchod\/oboustranny-lneny-rucnik-2\/#primaryimage"},"image":{"@id":"https:\/\/lanaja.sk\/cs\/obchod\/oboustranny-lneny-rucnik-2\/#primaryimage"},"thumbnailUrl":"https:\/\/lanaja.sk\/wp-content\/uploads\/2021\/09\/lanova-osuska-scaled-e1632669531942-jpg.webp","datePublished":"2021-09-26T15:38:42+00:00","dateModified":"2025-07-12T11:53:05+00:00","description":"Ln\u011bn\u00fd ru\u010dn\u00edk m\u00e1 lehk\u00fd mas\u00e1\u017en\u00ed \u00fa\u010dinek kv\u016fli mikroskopick\u00fdm zlom\u016fm na jeho vn\u011bj\u0161\u00edm povrchu; vr\u00e1s\u010dit\u00e1 struktura v\u00e1m zajist\u00ed mas\u00e1\u017e.","breadcrumb":{"@id":"https:\/\/lanaja.sk\/cs\/obchod\/oboustranny-lneny-rucnik-2\/#breadcrumb"},"inLanguage":"cs","potentialAction":[{"@type":"ReadAction","target":["https:\/\/lanaja.sk\/cs\/obchod\/oboustranny-lneny-rucnik-2\/"]}]},{"@type":"ImageObject","inLanguage":"cs","@id":"https:\/\/lanaja.sk\/cs\/obchod\/oboustranny-lneny-rucnik-2\/#primaryimage","url":"https:\/\/lanaja.sk\/wp-content\/uploads\/2021\/09\/lanova-osuska-scaled-e1632669531942-jpg.webp","contentUrl":"https:\/\/lanaja.sk\/wp-content\/uploads\/2021\/09\/lanova-osuska-scaled-e1632669531942-jpg.webp","width":850,"height":653,"caption":"\u013eanov\u00e9 uter\u00e1ky"},{"@type":"BreadcrumbList","@id":"https:\/\/lanaja.sk\/cs\/obchod\/oboustranny-lneny-rucnik-2\/#breadcrumb","itemListElement":[{"@type":"ListItem","position":1,"name":"Home","item":"https:\/\/lanaja.sk\/cs\/"},{"@type":"ListItem","position":2,"name":"Obchod","item":"https:\/\/lanaja.sk\/cs\/obchod-cz\/"},{"@type":"ListItem","position":3,"name":"Oboustrann\u00fd ln\u011bn\u00fd ru\u010dn\u00edk"}]},{"@type":"WebSite","@id":"https:\/\/lanaja.sk\/cs\/#website","url":"https:\/\/lanaja.sk\/cs\/","name":"Lanaja - bytov\u00fd textil z \u013eanu a \u013eanov\u00e9 v\u00fdrobky","description":"Jedine\u010dn\u00fd bytov\u00fd textil, ln\u011bn\u00e9 pytl\u00edky, ln\u011bn\u00e9 ubrusy, ln\u011bn\u00e9 lo\u017en\u00ed povle\u010den\u00ed, ln\u011bn\u00e9 ut\u011brky, ln\u011bn\u00e9 prost\u00edr\u00e1n\u00ed vyroben\u00e9 a \u0161it\u00e9 na Slovensku","publisher":{"@id":"https:\/\/lanaja.sk\/cs\/#organization"},"alternateName":"Lanaja - v\u00fdrobky z \u013eanu, \u013eanov\u00fd bytov\u00fd textil","potentialAction":[{"@type":"SearchAction","target":{"@type":"EntryPoint","urlTemplate":"https:\/\/lanaja.sk\/cs\/?s={search_term_string}"},"query-input":{"@type":"PropertyValueSpecification","valueRequired":true,"valueName":"search_term_string"}}],"inLanguage":"cs"},{"@type":"Organization","@id":"https:\/\/lanaja.sk\/cs\/#organization","name":"Lanaja","alternateName":"Al\u017ebeta Andr\u00e1\u0161ikov\u00e1 - Lanaja","url":"https:\/\/lanaja.sk\/cs\/","logo":{"@type":"ImageObject","inLanguage":"cs","@id":"https:\/\/lanaja.sk\/cs\/#\/schema\/logo\/image\/","url":"https:\/\/lanaja.sk\/wp-content\/uploads\/2024\/01\/Lanaja.sk-logo.png","contentUrl":"https:\/\/lanaja.sk\/wp-content\/uploads\/2024\/01\/Lanaja.sk-logo.png","width":600,"height":300,"caption":"Lanaja"},"image":{"@id":"https:\/\/lanaja.sk\/cs\/#\/schema\/logo\/image\/"},"sameAs":["https:\/\/www.facebook.com\/Abreadbag","https:\/\/www.instagram.com\/lanaja_sk\/"]}]}},"_links":{"self":[{"href":"https:\/\/lanaja.sk\/cs\/wp-json\/wp\/v2\/product\/13303","targetHints":{"allow":["GET"]}}],"collection":[{"href":"https:\/\/lanaja.sk\/cs\/wp-json\/wp\/v2\/product"}],"about":[{"href":"https:\/\/lanaja.sk\/cs\/wp-json\/wp\/v2\/types\/product"}],"version-history":[{"count":1,"href":"https:\/\/lanaja.sk\/cs\/wp-json\/wp\/v2\/product\/13303\/revisions"}],"predecessor-version":[{"id":16355,"href":"https:\/\/lanaja.sk\/cs\/wp-json\/wp\/v2\/product\/13303\/revisions\/16355"}],"wp:featuredmedia":[{"embeddable":true,"href":"https:\/\/lanaja.sk\/cs\/wp-json\/wp\/v2\/media\/7055"}],"wp:attachment":[{"href":"https:\/\/lanaja.sk\/cs\/wp-json\/wp\/v2\/media?parent=13303"}],"wp:term":[{"taxonomy":"product_brand","embeddable":true,"href":"https:\/\/lanaja.sk\/cs\/wp-json\/wp\/v2\/product_brand?post=13303"},{"taxonomy":"product_cat","embeddable":true,"href":"https:\/\/lanaja.sk\/cs\/wp-json\/wp\/v2\/product_cat?post=13303"},{"taxonomy":"product_tag","embeddable":true,"href":"https:\/\/lanaja.sk\/cs\/wp-json\/wp\/v2\/product_tag?post=13303"}],"curies":[{"name":"wp","href":"https:\/\/api.w.org\/{rel}","templated":true}]}}