{"id":13304,"date":"2020-01-05T18:07:52","date_gmt":"2020-01-05T17:07:52","guid":{"rendered":"https:\/\/lanaja.sk\/obchod\/neza\u0159azen\u00e9\/lnene-povlaky-na-polstare\/"},"modified":"2024-05-18T21:04:58","modified_gmt":"2024-05-18T19:04:58","slug":"lnene-povlaky-na-polstare","status":"publish","type":"product","link":"https:\/\/lanaja.sk\/cs\/obchod\/lnene-povlaky-na-polstare\/","title":{"rendered":"Ln\u011bn\u00e9 povlaky na pol\u0161t\u00e1\u0159e"},"content":{"rendered":"<h2><strong>Ln\u011bn\u00e9 povlaky na pol\u0161t\u00e1\u0159e<\/strong><\/h2>\n<p>Pokud chcete ve sv\u00e9m dom\u011b vytvo\u0159it udr\u017eiteln\u011bj\u0161\u00ed a ekologi\u010dt\u011bj\u0161\u00ed prost\u0159ed\u00ed, ekologick\u00e1 kombinace 100% lnu je rozhodn\u011b materi\u00e1l, do kter\u00e9ho se vyplat\u00ed investovat. 100% len je \u0161etrn\u00fd k \u017eivotn\u00edmu prost\u0159ed\u00ed, z\u00e1rove\u0148 se jedn\u00e1 o obnoviteln\u00fd zdroj, p\u0159i jeho p\u011bstov\u00e1n\u00ed se nepou\u017e\u00edvaj\u00ed \u017e\u00e1dn\u00e1 hnojiva a nepot\u0159ebuje \u017e\u00e1dn\u00e9 z\u00e1vlahy, len je nav\u00edc pln\u011b biologicky odbourateln\u00fd. Pro\u010d si vybrat na\u0161e ln\u011bn\u00e9 povlaky na pol\u0161t\u00e1\u0159e?<\/p>\n<h4>Ln\u011bn\u00e9 povlaky na pol\u0161t\u00e1\u0159e jsou \u0161it\u00e9 z certifikovan\u00e9ho lnu<\/h4>\n<p>Z\u00e1le\u017e\u00ed na tom, z jak\u00e9ho materi\u00e1lu pro v\u00e1s pr\u00e1dlo \u0161ijeme, kde a za jak\u00fdch podm\u00ednek bylo pr\u00e1dlo vyrobeno. Proto jsou v\u0161echny na\u0161e <strong> ln\u011bn\u00e9 tkaniny <\/strong>certifikov\u00e1ny OEKO-TEX STANDART 100. a vyroben\u00e9 v Evrop\u011b. Certifikace zaji\u0161\u0165uje ekologickou bezpe\u010dnost textiln\u00edch v\u00fdrobk\u016f ve v\u0161ech f\u00e1z\u00edch v\u00fdroby (suroviny a vl\u00e1kna, p\u0159\u00edze, tkaniny, kone\u010dn\u00e9 v\u00fdrobky). V\u00fdrobky s certifikac\u00ed OEKO-TEX neobsahuj\u00ed alergenn\u00ed, toxick\u00e1 barviva, pesticidy, t\u011b\u017ek\u00e9 kovy a dal\u0161\u00ed \u0161kodliv\u00e9 l\u00e1tky. Jsou vhodn\u00e9 i pro citlivou d\u011btskou poko\u017eku. Certifikace je dobrovoln\u00e1 a mus\u00ed b\u00fdt ka\u017edoro\u010dn\u011b aktualizov\u00e1na. D\u00edky tomu si jako z\u00e1kazn\u00edk m\u016f\u017eete b\u00fdt jisti, \u017ee si zakl\u00e1d\u00e1me na kvalit\u011b na\u0161ich ln\u011bn\u00fdch l\u00e1tek. Proto jsou v\u0161echny na\u0161e produkty \u0161it\u00e9 na m\u00edru s ohledem na \u017eivotn\u00ed prost\u0159ed\u00ed a va\u0161e zdrav\u00ed. Certifik\u00e1t zaru\u010duje jejich bezpe\u010dnost a zdravotn\u00ed nez\u00e1vadnost. D\u00edky sv\u00e9mu evropsk\u00e9mu p\u016fvodu si m\u016f\u017eete b\u00fdt jisti, \u017ee jsou vyr\u00e1b\u011bny podle vysok\u00fdch standard\u016f kvality a udr\u017eitelnosti.<\/p>\n<p>Ln\u011bn\u00e9 povle\u010den\u00ed \u0161ijeme tak\u00e9 na m\u00edru, proto n\u00e1m nev\u00e1hejte napsat, pokud pot\u0159ebujete jin\u00fd rozm\u011br. M\u016f\u017eete tak\u00e9 sladit <a href=\"https:\/\/lanaja.sk\/kategoria-produktu\/lanove-obliecky?swcfpc=1\" rel=\"noopener\">ln\u011bn\u00e1 prost\u011bradla s<\/a> <a href=\"https:\/\/lanaja.sk\/kategoria-produktu\/lanove-plachty?swcfpc=1\">gumi\u010dkou<\/a> nebo bez n\u00ed. Pokud jste majitelem velk\u00fdch dvojit\u00fdch povlak\u016f na p\u0159ikr\u00fdvky, doubleking size, \u0161ijeme ln\u011bn\u00e1 prost\u011bradla jak na m\u00edru, tak na velk\u00e9 velikosti.<\/p>\n<h4>V\u00fdhody lo\u017en\u00edho pr\u00e1dla ze 100% lnu<\/h4>\n<p>\u2013 D\u00edky unik\u00e1tn\u00ed filtraci, schopnosti odol\u00e1vat bakteri\u00edm, vzdu\u0161nosti, absorpci vlhkosti a odpa\u0159ov\u00e1n\u00ed je lo\u017en\u00ed pr\u00e1dlo ze 100% lnu zn\u00e1m\u00e9 jako antialergick\u00e9, doporu\u010duje se pro osoby s ko\u017en\u00edmi chorobami, alergiemi, vhodn\u00e9 i pro mal\u00e9 d\u011bti. M\u00e1 vysokou schopnost potla\u010dovat bakterie, rozto\u010de a pl\u00edsn\u011b, je vysoce repelentn\u00ed v\u016f\u010di hmyzu.<\/p>\n<p>-100% len je antistatick\u00fd, nep\u0159itahuje prach a d\u00edky sv\u00e9 p\u0159irozen\u00e9 rovnov\u00e1ze pH m\u016f\u017ee dokonce pomoci zjemnit a chr\u00e1nit poko\u017eku.<\/p>\n<p>\u2013 Ln\u011bn\u00e1 tkanina m\u00e1 lehk\u00fd mas\u00e1\u017en\u00ed \u00fa\u010dinek d\u00edky mikroskopick\u00fdm prasklin\u00e1m na jej\u00edm vn\u011bj\u0161\u00edm povrchu. Dop\u0159ejte si mas\u00e1\u017e <strong>zdarma <\/strong>, nerovnosti, drsn\u011bj\u0161\u00ed povrch, drobn\u00e9 hrbolky a vr\u00e1s\u010dit\u00e1 textura v\u00e1m poskytnou mas\u00e1\u017e b\u011bhem sp\u00e1nku, stimuluj\u00ed pr\u016ftok krve a podpo\u0159\u00ed relaxaci.<\/p>\n<p>\u2013 ln\u011bn\u00e9 pr\u00e1dlo m\u00e1 vysokou propustnost vzduchu a tepelnou vodivost, to znamen\u00e1, \u017ee je to prody\u0161n\u00e1 tkanina, kter\u00e1 v\u00e1s v zim\u011b zah\u0159eje a v l\u00e9t\u011b ochlad\u00ed. M\u00e1 p\u011btkr\u00e1t vy\u0161\u0161\u00ed tepelnou vodivost ne\u017e vlna a ve srovn\u00e1n\u00ed s bavlnou nebo hedv\u00e1b\u00edm samoreguluje teplotu a v\u00fdh\u0159evnost asi o \u010dty\u0159i stupn\u011b.<\/p>\n<p>\u2013 Ln\u011bn\u00e9 povle\u010den\u00ed dok\u00e1\u017ee d\u00edky sv\u00e9 molekul\u00e1rn\u00ed struktu\u0159e absorbovat a\u017e 20 % sv\u00e9 hmotnosti z vlhkosti, proto dokonale absorbuje pot a zaru\u010d\u00ed v\u00e1m pln\u011bj\u0161\u00ed a zdrav\u011bj\u0161\u00ed sp\u00e1nek. A\u0165 u\u017e je hork\u00e1 letn\u00ed noc nebo chladn\u00e9 zimn\u00ed r\u00e1no, ln\u011bn\u00e1 prost\u011bradla reguluj\u00ed v\u00fdm\u011bnu tepla mezi poko\u017ekou a vzduchem jako \u017e\u00e1dn\u00e1 jin\u00e1 tkanina. Ln\u011bn\u00e9 vl\u00e1kno je dut\u00e9, tak\u017ee se vyzna\u010duj\u00ed t\u011bmito schopnostmi, udr\u017euje teplo ve vl\u00e1knech, ochlazuje a spolehliv\u011b odstra\u0148uje p\u0159ebyte\u010dnou vlhkost.<\/p>\n<h4>Na p\u0159\u00e1n\u00ed personalizujeme a vy\u0161\u00edv\u00e1me monogramy<\/h4>\n<p>Ln\u011bn\u00e9 povlaky na pol\u0161t\u00e1\u0159e lze tak\u00e9 personalizovat a vy\u0161\u00edvat monogramem, nap\u0159. k\u0159estn\u00ed jm\u00e9no nebo inici\u00e1ly. Vy\u0161\u00edv\u00e1me je vy\u0161\u00edvac\u00edm strojem, cena se odv\u00edj\u00ed od velikosti v\u00fd\u0161ivky a po\u010dtu p\u00edsmen nebo vzoru. Pokud m\u00e1te z\u00e1jem o personalizaci, napi\u0161te n\u00e1m p\u0159ed objedn\u00e1n\u00edm e-mail, r\u00e1di v\u00e1m porad\u00edme s v\u00fdb\u011brem vhodn\u00e9 velikosti a barvy v\u00fd\u0161ivky.<\/p>\n<h4>Zap\u00edn\u00e1n\u00ed na ln\u011bn\u00e1 prost\u011bradla<\/h4>\n<p>P\u0159\u00edrodn\u00ed d\u0159ev\u011bn\u00e9 nebarven\u00e9 knofl\u00edky jsou ru\u010dn\u011b \u0161it\u00e9 na ln\u011bn\u00fdch prost\u011bradlech.<\/p>\n<p><strong>Gram\u00e1\u017e lnu<\/strong>: 185 g\/m2<\/p>\n<p><strong>Barvy lnu:<\/strong> viz foto vzorn\u00edku, sta\u010d\u00ed n\u00e1m napsat v\u00e1mi zvolenou barvu do pozn\u00e1mky p\u0159i objedn\u00e1vce.<\/p>\n<p><strong>Po\u010d\u00edtejte s dodac\u00ed lh\u016ftou 5-15 pracovn\u00edch dn\u016f, pokud nem\u00e1me produkt \u0161it\u00fd skladem, ru\u010dn\u00ed pr\u00e1ce vy\u017eaduje n\u00e1\u0161 \u010das. Ln\u011bn\u00e9 v\u00fdrobky \u0161ijeme v na\u0161\u00ed d\u00edln\u011b dle Va\u0161eho p\u0159\u00e1n\u00ed a na m\u00edru v z\u00e1vislosti na konkr\u00e9tn\u00edm v\u00fdrobku.<\/strong><\/p>\n","protected":false},"excerpt":{"rendered":"<p>Ln\u011bn\u00e9 povlaky na pol\u0161t\u00e1\u0159e Pokud chcete ve sv\u00e9m dom\u011b vytvo\u0159it udr\u017eiteln\u011bj\u0161\u00ed a ekologi\u010dt\u011bj\u0161\u00ed prost\u0159ed\u00ed, ekologick\u00e1 kombinace 100% lnu je rozhodn\u011b materi\u00e1l, do kter\u00e9ho se vyplat\u00ed investovat. 100% len je \u0161etrn\u00fd k \u017eivotn\u00edmu prost\u0159ed\u00ed, z\u00e1rove\u0148 se jedn\u00e1 o obnoviteln\u00fd zdroj, p\u0159i jeho p\u011bstov\u00e1n\u00ed se nepou\u017e\u00edvaj\u00ed \u017e\u00e1dn\u00e1 hnojiva a nepot\u0159ebuje \u017e\u00e1dn\u00e9 z\u00e1vlahy, len je nav\u00edc pln\u011b biologicky [&hellip;]<\/p>\n","protected":false},"featured_media":6882,"template":"","meta":[],"product_brand":[],"product_cat":[392,363],"product_tag":[393],"class_list":{"0":"post-13304","1":"product","2":"type-product","3":"status-publish","4":"has-post-thumbnail","6":"product_cat-lnene-povlaky-na-polstare","7":"product_cat-lnene-povleceni-cs","8":"product_tag-lneny-povlak-na-polstar","10":"first","11":"onbackorder","12":"shipping-taxable","13":"purchasable","14":"product-type-variable"},"yoast_head":"<!-- This site is optimized with the Yoast SEO plugin v27.4 - https:\/\/yoast.com\/product\/yoast-seo-wordpress\/ -->\n<title>Ln\u011bn\u00e9 povlaky na pol\u0161t\u00e1\u0159e &#8226; Lanaja-slovensk\u00e1 udr\u017eiteln\u00e1 zna\u010dka a v\u00fdrobce ln\u011bn\u00e9ho textilu<\/title>\n<meta name=\"description\" content=\"Ln\u011bn\u00e9 povlaky na pol\u0161t\u00e1\u0159e lze personalizovat a vy\u0161\u00edvat monogramem, jm\u00e9nem nebo inici\u00e1lami. Vy\u0161\u00edv\u00e1me je vy\u0161\u00edvac\u00edm strojem v na\u0161\u00ed d\u00edln\u011b Lanaja\" \/>\n<meta name=\"robots\" content=\"index, follow, max-snippet:-1, max-image-preview:large, max-video-preview:-1\" \/>\n<link rel=\"canonical\" href=\"https:\/\/lanaja.sk\/cs\/obchod\/lnene-povlaky-na-polstare\/\" \/>\n<meta property=\"og:locale\" content=\"cs_CZ\" \/>\n<meta property=\"og:type\" content=\"article\" \/>\n<meta property=\"og:title\" content=\"Ln\u011bn\u00e9 povlaky na pol\u0161t\u00e1\u0159e &#8226; Lanaja-slovensk\u00e1 udr\u017eiteln\u00e1 zna\u010dka a v\u00fdrobce ln\u011bn\u00e9ho textilu\" \/>\n<meta property=\"og:description\" content=\"Ln\u011bn\u00e9 povlaky na pol\u0161t\u00e1\u0159e lze personalizovat a vy\u0161\u00edvat monogramem, jm\u00e9nem nebo inici\u00e1lami. Vy\u0161\u00edv\u00e1me je vy\u0161\u00edvac\u00edm strojem v na\u0161\u00ed d\u00edln\u011b Lanaja\" \/>\n<meta property=\"og:url\" content=\"https:\/\/lanaja.sk\/cs\/obchod\/lnene-povlaky-na-polstare\/\" \/>\n<meta property=\"og:site_name\" content=\"Lanaja-slovensk\u00e1 udr\u017eiteln\u00e1 zna\u010dka a v\u00fdrobce ln\u011bn\u00e9ho textilu\" \/>\n<meta property=\"article:publisher\" content=\"https:\/\/www.facebook.com\/Abreadbag\" \/>\n<meta property=\"article:modified_time\" content=\"2024-05-18T19:04:58+00:00\" \/>\n<meta property=\"og:image\" content=\"https:\/\/lanaja.sk\/wp-content\/uploads\/2020\/01\/\u013danov\u00e9-vank\u00fa\u0161e-e1596724761324-jpg.webp\" \/>\n\t<meta property=\"og:image:width\" content=\"850\" \/>\n\t<meta property=\"og:image:height\" content=\"677\" \/>\n\t<meta property=\"og:image:type\" content=\"image\/jpeg\" \/>\n<meta name=\"twitter:card\" content=\"summary_large_image\" \/>\n<meta name=\"twitter:label1\" content=\"Odhadovan\u00e1 doba \u010dten\u00ed\" \/>\n\t<meta name=\"twitter:data1\" content=\"4 minuty\" \/>\n<script type=\"application\/ld+json\" class=\"yoast-schema-graph\">{\"@context\":\"https:\\\/\\\/schema.org\",\"@graph\":[{\"@type\":\"WebPage\",\"@id\":\"https:\\\/\\\/lanaja.sk\\\/cs\\\/obchod\\\/lnene-povlaky-na-polstare\\\/\",\"url\":\"https:\\\/\\\/lanaja.sk\\\/cs\\\/obchod\\\/lnene-povlaky-na-polstare\\\/\",\"name\":\"Ln\u011bn\u00e9 povlaky na pol\u0161t\u00e1\u0159e &#8226; Lanaja-slovensk\u00e1 udr\u017eiteln\u00e1 zna\u010dka a v\u00fdrobce ln\u011bn\u00e9ho textilu\",\"isPartOf\":{\"@id\":\"https:\\\/\\\/lanaja.sk\\\/cs\\\/#website\"},\"primaryImageOfPage\":{\"@id\":\"https:\\\/\\\/lanaja.sk\\\/cs\\\/obchod\\\/lnene-povlaky-na-polstare\\\/#primaryimage\"},\"image\":{\"@id\":\"https:\\\/\\\/lanaja.sk\\\/cs\\\/obchod\\\/lnene-povlaky-na-polstare\\\/#primaryimage\"},\"thumbnailUrl\":\"https:\\\/\\\/lanaja.sk\\\/wp-content\\\/uploads\\\/2020\\\/01\\\/\u013danov\u00e9-vank\u00fa\u0161e-e1596724761324-jpg.webp\",\"datePublished\":\"2020-01-05T17:07:52+00:00\",\"dateModified\":\"2024-05-18T19:04:58+00:00\",\"description\":\"Ln\u011bn\u00e9 povlaky na pol\u0161t\u00e1\u0159e lze personalizovat a vy\u0161\u00edvat monogramem, jm\u00e9nem nebo inici\u00e1lami. Vy\u0161\u00edv\u00e1me je vy\u0161\u00edvac\u00edm strojem v na\u0161\u00ed d\u00edln\u011b Lanaja\",\"breadcrumb\":{\"@id\":\"https:\\\/\\\/lanaja.sk\\\/cs\\\/obchod\\\/lnene-povlaky-na-polstare\\\/#breadcrumb\"},\"inLanguage\":\"cs\",\"potentialAction\":[{\"@type\":\"ReadAction\",\"target\":[\"https:\\\/\\\/lanaja.sk\\\/cs\\\/obchod\\\/lnene-povlaky-na-polstare\\\/\"]}]},{\"@type\":\"ImageObject\",\"inLanguage\":\"cs\",\"@id\":\"https:\\\/\\\/lanaja.sk\\\/cs\\\/obchod\\\/lnene-povlaky-na-polstare\\\/#primaryimage\",\"url\":\"https:\\\/\\\/lanaja.sk\\\/wp-content\\\/uploads\\\/2020\\\/01\\\/\u013danov\u00e9-vank\u00fa\u0161e-e1596724761324-jpg.webp\",\"contentUrl\":\"https:\\\/\\\/lanaja.sk\\\/wp-content\\\/uploads\\\/2020\\\/01\\\/\u013danov\u00e9-vank\u00fa\u0161e-e1596724761324-jpg.webp\",\"width\":850,\"height\":677,\"caption\":\"\u013eanov\u00e1 poste\u013en\u00e1 bielize\u0148\"},{\"@type\":\"BreadcrumbList\",\"@id\":\"https:\\\/\\\/lanaja.sk\\\/cs\\\/obchod\\\/lnene-povlaky-na-polstare\\\/#breadcrumb\",\"itemListElement\":[{\"@type\":\"ListItem\",\"position\":1,\"name\":\"Home\",\"item\":\"https:\\\/\\\/lanaja.sk\\\/cs\\\/\"},{\"@type\":\"ListItem\",\"position\":2,\"name\":\"Obchod\",\"item\":\"https:\\\/\\\/lanaja.sk\\\/cs\\\/obchod-cz\\\/\"},{\"@type\":\"ListItem\",\"position\":3,\"name\":\"Ln\u011bn\u00e9 povlaky na pol\u0161t\u00e1\u0159e\"}]},{\"@type\":\"WebSite\",\"@id\":\"https:\\\/\\\/lanaja.sk\\\/cs\\\/#website\",\"url\":\"https:\\\/\\\/lanaja.sk\\\/cs\\\/\",\"name\":\"Lanaja - bytov\u00fd textil z \u013eanu a \u013eanov\u00e9 v\u00fdrobky\",\"description\":\"Jedine\u010dn\u00fd bytov\u00fd textil, ln\u011bn\u00e9 pytl\u00edky, ln\u011bn\u00e9 ubrusy, ln\u011bn\u00e9 lo\u017en\u00ed povle\u010den\u00ed, ln\u011bn\u00e9 ut\u011brky, ln\u011bn\u00e9 prost\u00edr\u00e1n\u00ed vyroben\u00e9 a \u0161it\u00e9 na Slovensku\",\"publisher\":{\"@id\":\"https:\\\/\\\/lanaja.sk\\\/cs\\\/#organization\"},\"alternateName\":\"Lanaja - v\u00fdrobky z \u013eanu, \u013eanov\u00fd bytov\u00fd textil\",\"potentialAction\":[{\"@type\":\"SearchAction\",\"target\":{\"@type\":\"EntryPoint\",\"urlTemplate\":\"https:\\\/\\\/lanaja.sk\\\/cs\\\/?s={search_term_string}\"},\"query-input\":{\"@type\":\"PropertyValueSpecification\",\"valueRequired\":true,\"valueName\":\"search_term_string\"}}],\"inLanguage\":\"cs\"},{\"@type\":\"Organization\",\"@id\":\"https:\\\/\\\/lanaja.sk\\\/cs\\\/#organization\",\"name\":\"Lanaja\",\"alternateName\":\"Al\u017ebeta Andr\u00e1\u0161ikov\u00e1 - Lanaja\",\"url\":\"https:\\\/\\\/lanaja.sk\\\/cs\\\/\",\"logo\":{\"@type\":\"ImageObject\",\"inLanguage\":\"cs\",\"@id\":\"https:\\\/\\\/lanaja.sk\\\/cs\\\/#\\\/schema\\\/logo\\\/image\\\/\",\"url\":\"https:\\\/\\\/lanaja.sk\\\/wp-content\\\/uploads\\\/2024\\\/01\\\/Lanaja.sk-logo.png\",\"contentUrl\":\"https:\\\/\\\/lanaja.sk\\\/wp-content\\\/uploads\\\/2024\\\/01\\\/Lanaja.sk-logo.png\",\"width\":600,\"height\":300,\"caption\":\"Lanaja\"},\"image\":{\"@id\":\"https:\\\/\\\/lanaja.sk\\\/cs\\\/#\\\/schema\\\/logo\\\/image\\\/\"},\"sameAs\":[\"https:\\\/\\\/www.facebook.com\\\/Abreadbag\",\"https:\\\/\\\/www.instagram.com\\\/lanaja_sk\\\/\"]}]}<\/script>\n<!-- \/ Yoast SEO plugin. -->","yoast_head_json":{"title":"Ln\u011bn\u00e9 povlaky na pol\u0161t\u00e1\u0159e &#8226; Lanaja-slovensk\u00e1 udr\u017eiteln\u00e1 zna\u010dka a v\u00fdrobce ln\u011bn\u00e9ho textilu","description":"Ln\u011bn\u00e9 povlaky na pol\u0161t\u00e1\u0159e lze personalizovat a vy\u0161\u00edvat monogramem, jm\u00e9nem nebo inici\u00e1lami. Vy\u0161\u00edv\u00e1me je vy\u0161\u00edvac\u00edm strojem v na\u0161\u00ed d\u00edln\u011b Lanaja","robots":{"index":"index","follow":"follow","max-snippet":"max-snippet:-1","max-image-preview":"max-image-preview:large","max-video-preview":"max-video-preview:-1"},"canonical":"https:\/\/lanaja.sk\/cs\/obchod\/lnene-povlaky-na-polstare\/","og_locale":"cs_CZ","og_type":"article","og_title":"Ln\u011bn\u00e9 povlaky na pol\u0161t\u00e1\u0159e &#8226; Lanaja-slovensk\u00e1 udr\u017eiteln\u00e1 zna\u010dka a v\u00fdrobce ln\u011bn\u00e9ho textilu","og_description":"Ln\u011bn\u00e9 povlaky na pol\u0161t\u00e1\u0159e lze personalizovat a vy\u0161\u00edvat monogramem, jm\u00e9nem nebo inici\u00e1lami. Vy\u0161\u00edv\u00e1me je vy\u0161\u00edvac\u00edm strojem v na\u0161\u00ed d\u00edln\u011b Lanaja","og_url":"https:\/\/lanaja.sk\/cs\/obchod\/lnene-povlaky-na-polstare\/","og_site_name":"Lanaja-slovensk\u00e1 udr\u017eiteln\u00e1 zna\u010dka a v\u00fdrobce ln\u011bn\u00e9ho textilu","article_publisher":"https:\/\/www.facebook.com\/Abreadbag","article_modified_time":"2024-05-18T19:04:58+00:00","og_image":[{"width":850,"height":677,"url":"https:\/\/lanaja.sk\/wp-content\/uploads\/2020\/01\/\u013danov\u00e9-vank\u00fa\u0161e-e1596724761324-jpg.webp","type":"image\/jpeg"}],"twitter_card":"summary_large_image","twitter_misc":{"Odhadovan\u00e1 doba \u010dten\u00ed":"4 minuty"},"schema":{"@context":"https:\/\/schema.org","@graph":[{"@type":"WebPage","@id":"https:\/\/lanaja.sk\/cs\/obchod\/lnene-povlaky-na-polstare\/","url":"https:\/\/lanaja.sk\/cs\/obchod\/lnene-povlaky-na-polstare\/","name":"Ln\u011bn\u00e9 povlaky na pol\u0161t\u00e1\u0159e &#8226; Lanaja-slovensk\u00e1 udr\u017eiteln\u00e1 zna\u010dka a v\u00fdrobce ln\u011bn\u00e9ho textilu","isPartOf":{"@id":"https:\/\/lanaja.sk\/cs\/#website"},"primaryImageOfPage":{"@id":"https:\/\/lanaja.sk\/cs\/obchod\/lnene-povlaky-na-polstare\/#primaryimage"},"image":{"@id":"https:\/\/lanaja.sk\/cs\/obchod\/lnene-povlaky-na-polstare\/#primaryimage"},"thumbnailUrl":"https:\/\/lanaja.sk\/wp-content\/uploads\/2020\/01\/\u013danov\u00e9-vank\u00fa\u0161e-e1596724761324-jpg.webp","datePublished":"2020-01-05T17:07:52+00:00","dateModified":"2024-05-18T19:04:58+00:00","description":"Ln\u011bn\u00e9 povlaky na pol\u0161t\u00e1\u0159e lze personalizovat a vy\u0161\u00edvat monogramem, jm\u00e9nem nebo inici\u00e1lami. Vy\u0161\u00edv\u00e1me je vy\u0161\u00edvac\u00edm strojem v na\u0161\u00ed d\u00edln\u011b Lanaja","breadcrumb":{"@id":"https:\/\/lanaja.sk\/cs\/obchod\/lnene-povlaky-na-polstare\/#breadcrumb"},"inLanguage":"cs","potentialAction":[{"@type":"ReadAction","target":["https:\/\/lanaja.sk\/cs\/obchod\/lnene-povlaky-na-polstare\/"]}]},{"@type":"ImageObject","inLanguage":"cs","@id":"https:\/\/lanaja.sk\/cs\/obchod\/lnene-povlaky-na-polstare\/#primaryimage","url":"https:\/\/lanaja.sk\/wp-content\/uploads\/2020\/01\/\u013danov\u00e9-vank\u00fa\u0161e-e1596724761324-jpg.webp","contentUrl":"https:\/\/lanaja.sk\/wp-content\/uploads\/2020\/01\/\u013danov\u00e9-vank\u00fa\u0161e-e1596724761324-jpg.webp","width":850,"height":677,"caption":"\u013eanov\u00e1 poste\u013en\u00e1 bielize\u0148"},{"@type":"BreadcrumbList","@id":"https:\/\/lanaja.sk\/cs\/obchod\/lnene-povlaky-na-polstare\/#breadcrumb","itemListElement":[{"@type":"ListItem","position":1,"name":"Home","item":"https:\/\/lanaja.sk\/cs\/"},{"@type":"ListItem","position":2,"name":"Obchod","item":"https:\/\/lanaja.sk\/cs\/obchod-cz\/"},{"@type":"ListItem","position":3,"name":"Ln\u011bn\u00e9 povlaky na pol\u0161t\u00e1\u0159e"}]},{"@type":"WebSite","@id":"https:\/\/lanaja.sk\/cs\/#website","url":"https:\/\/lanaja.sk\/cs\/","name":"Lanaja - bytov\u00fd textil z \u013eanu a \u013eanov\u00e9 v\u00fdrobky","description":"Jedine\u010dn\u00fd bytov\u00fd textil, ln\u011bn\u00e9 pytl\u00edky, ln\u011bn\u00e9 ubrusy, ln\u011bn\u00e9 lo\u017en\u00ed povle\u010den\u00ed, ln\u011bn\u00e9 ut\u011brky, ln\u011bn\u00e9 prost\u00edr\u00e1n\u00ed vyroben\u00e9 a \u0161it\u00e9 na Slovensku","publisher":{"@id":"https:\/\/lanaja.sk\/cs\/#organization"},"alternateName":"Lanaja - v\u00fdrobky z \u013eanu, \u013eanov\u00fd bytov\u00fd textil","potentialAction":[{"@type":"SearchAction","target":{"@type":"EntryPoint","urlTemplate":"https:\/\/lanaja.sk\/cs\/?s={search_term_string}"},"query-input":{"@type":"PropertyValueSpecification","valueRequired":true,"valueName":"search_term_string"}}],"inLanguage":"cs"},{"@type":"Organization","@id":"https:\/\/lanaja.sk\/cs\/#organization","name":"Lanaja","alternateName":"Al\u017ebeta Andr\u00e1\u0161ikov\u00e1 - Lanaja","url":"https:\/\/lanaja.sk\/cs\/","logo":{"@type":"ImageObject","inLanguage":"cs","@id":"https:\/\/lanaja.sk\/cs\/#\/schema\/logo\/image\/","url":"https:\/\/lanaja.sk\/wp-content\/uploads\/2024\/01\/Lanaja.sk-logo.png","contentUrl":"https:\/\/lanaja.sk\/wp-content\/uploads\/2024\/01\/Lanaja.sk-logo.png","width":600,"height":300,"caption":"Lanaja"},"image":{"@id":"https:\/\/lanaja.sk\/cs\/#\/schema\/logo\/image\/"},"sameAs":["https:\/\/www.facebook.com\/Abreadbag","https:\/\/www.instagram.com\/lanaja_sk\/"]}]}},"_links":{"self":[{"href":"https:\/\/lanaja.sk\/cs\/wp-json\/wp\/v2\/product\/13304","targetHints":{"allow":["GET"]}}],"collection":[{"href":"https:\/\/lanaja.sk\/cs\/wp-json\/wp\/v2\/product"}],"about":[{"href":"https:\/\/lanaja.sk\/cs\/wp-json\/wp\/v2\/types\/product"}],"version-history":[{"count":1,"href":"https:\/\/lanaja.sk\/cs\/wp-json\/wp\/v2\/product\/13304\/revisions"}],"predecessor-version":[{"id":14193,"href":"https:\/\/lanaja.sk\/cs\/wp-json\/wp\/v2\/product\/13304\/revisions\/14193"}],"wp:featuredmedia":[{"embeddable":true,"href":"https:\/\/lanaja.sk\/cs\/wp-json\/wp\/v2\/media\/6882"}],"wp:attachment":[{"href":"https:\/\/lanaja.sk\/cs\/wp-json\/wp\/v2\/media?parent=13304"}],"wp:term":[{"taxonomy":"product_brand","embeddable":true,"href":"https:\/\/lanaja.sk\/cs\/wp-json\/wp\/v2\/product_brand?post=13304"},{"taxonomy":"product_cat","embeddable":true,"href":"https:\/\/lanaja.sk\/cs\/wp-json\/wp\/v2\/product_cat?post=13304"},{"taxonomy":"product_tag","embeddable":true,"href":"https:\/\/lanaja.sk\/cs\/wp-json\/wp\/v2\/product_tag?post=13304"}],"curies":[{"name":"wp","href":"https:\/\/api.w.org\/{rel}","templated":true}]}}