{"id":13305,"date":"2019-10-06T16:53:52","date_gmt":"2019-10-06T14:53:52","guid":{"rendered":"https:\/\/lanaja.sk\/obchod\/neza\u0159azen\u00e9\/lednicetaska\/"},"modified":"2025-07-10T19:46:16","modified_gmt":"2025-07-10T17:46:16","slug":"lednicetaska","status":"publish","type":"product","link":"https:\/\/lanaja.sk\/cs\/obchod\/lednicetaska\/","title":{"rendered":"LEDNI\u010cKoVAK"},"content":{"rendered":"<h3><strong>JSEM LEDNI\u010cKoVAK<\/strong><\/h3>\n<p>Ln\u011bn\u00fd pytl\u00edk ur\u010den\u00fd do lednice na va\u0161i zeleninu.<\/p>\n<h4><strong>Jak m\u011b pou\u017eije\u0161? <\/strong><\/h4>\n<p>Namo\u010d m\u011b do studen\u00e9 vody, po\u0159\u00e1dn\u011b v rukou vy\u017ed\u00edmej a vlo\u017e do m\u011b tvou obl\u00edbenou a umytou zeleninu. J\u00e1 se ti postar\u00e1m o to, \u017ee ti vydr\u017e\u00ed dlouho sv\u011b\u017e\u00ed a \u010derstv\u00e1.<\/p>\n<p><strong>Po p\u00e1r dnech mi op\u011bt dop\u0159ej vodu, j\u00e1 se ti za tvou p\u00e9\u010di odm\u011bn\u00edm svou p\u00e9\u010d\u00ed. <\/strong><\/p>\n<p>Jsem u\u0161ito z p\u0159\u00edrodn\u00edho, nebarven\u00e9ho materi\u00e1lu, proto jsem tak ide\u00e1ln\u00ed pro styk s potravinami.<\/p>\n<h4><strong>Odj\u00ed\u017ed\u00ed\u0161 z domova na del\u0161\u00ed dobu pry\u010d, nebo na vytou\u017eenou dovolenou? <\/strong><\/h4>\n<p>Pro m\u011b to nen\u00ed \u017e\u00e1dn\u00fd probl\u00e9m. Jestli\u017ee ti z\u016fstala zelenina v ledni\u010dce, j\u00e1 se postar\u00e1m o to, aby byla i po tv\u00e9m n\u00e1vratu \u010derstv\u00e1.<\/p>\n<h4><strong>Jakou zeleninu ti um\u00edm zachr\u00e1nit? <\/strong><\/h4>\n<p>Zelenina jako nap\u0159. \u0159edkvi\u010dka, mrkev, paprika, zelen\u00e9 sal\u00e1ty, ledov\u00fd sal\u00e1t, rukola, okurka, petr\u017eel z\u016fstanou dlouho sv\u011b\u017e\u00ed. Nemaj\u00ed tendenci se scvrknout a vyschnout a nebudou m\u011bkk\u00e9 a zvadl\u00e9. T\u00edm, \u017ee jsem u\u0161ito z lnu, m\u016fj povrch je hrub\u0161\u00ed a m\u00e1 vl\u00e1kna jsou dut\u00e1. Vlhkost, kterou mi dop\u0159ejete, se udr\u017e\u00ed v okol\u00ed zeleniny, a to p\u0159\u00edmo uvnit\u0159.<\/p>\n<p>Pokud m\u00e1te doma medu\u0148ku, m\u00e1tu, bylinkov\u00e9 listy a nechcete je v\u0161echny hned su\u0161it, uchov\u00e1vejte je v lednici, vydr\u017e\u00ed mnohem d\u00e9le ne\u017e voln\u00e9 v chladni\u010dce.<\/p>\n<h4><strong>LEDNI\u010cKoVAK- bakterie a pl\u00edsn\u011b?<\/strong><\/h4>\n<p>Ne, nemus\u00edte se b\u00e1t pl\u00edsn\u00ed, to se nestane. Jen doporu\u010duji p\u0159ed vlo\u017een\u00edm do s\u00e1\u010dku zeleninu om\u00fdt, \u0159edkvi\u010dku, mrkev a jin\u00fd druh se zelenou nat\u00ed, kter\u00e1 nen\u00ed ur\u010dena k va\u0159en\u00ed a dal\u0161\u00edmu zpracov\u00e1n\u00ed, od\u0159\u00edznout a ned\u00e1vat to spolu dovnit\u0159. V\u00fdjimkou je petr\u017eel, tedy takov\u00e9 nat\u011b a bylinky, kter\u00e9 jsou ur\u010deny ke zpracov\u00e1n\u00ed a j\u00eddlu.<\/p>\n<p>Poprv\u00e9 se chladni\u010dkovaky p\u0159edstavily na SAShE v tr\u017enici a maj\u00ed pozitivn\u00ed ohlasy.<\/p>\n<p>V\u0161echny l\u00e1tky, se kter\u00fdmi pracuji a \u0161ij\u00ed se z nich nejen s\u00e1\u010dky na chl\u00e9b, jsou p\u0159edem p\u0159edepran\u00e9, aby se k v\u00e1m dom\u016f dostal dokonale \u010dist\u00fd v\u00fdrobek \u2665<\/p>\n<p>Barva ln\u011bn\u00e9ho pl\u00e1tna se m\u016f\u017ee li\u0161it v z\u00e1vislosti na dostupnosti, m\u00e1me v\u00fdhradn\u00ed pr\u00e1vo zm\u011bnit barevn\u00fd odst\u00edn, na funk\u010dnosti LEDNI\u010cKOoVAK\u016e se v\u016fbec nic nem\u011bn\u00ed. Ln\u011bn\u00e9 pl\u00e1tno, jako ka\u017ed\u00e9 nebarven\u00e9, nen\u00ed chemicky o\u0161et\u0159eno, v z\u00e1vislosti na t\u011bchto skute\u010dnostech v\u00e1s m\u016f\u017eeme pot\u011b\u0161it i p\u0159\u00edrodn\u00edm odst\u00ednem\u2665<\/p>\n<p>Foto: Ela Kr\u00eddlov\u00e1 <a href=\"https:\/\/www.zosrdcadohrnca.sk\/\" target=\"_blank\" rel=\"noopener\">Zo srdca do hrnca<\/a><\/p>\n<p><strong>Po\u010d\u00edtejte s dodac\u00ed lh\u016ftou 5-15 pracovn\u00edch dn\u016f, pokud nem\u00e1me produkt \u0161it\u00fd skladem, ru\u010dn\u00ed pr\u00e1ce vy\u017eaduje n\u00e1\u0161 \u010das. Ln\u011bn\u00e9 v\u00fdrobky \u0161ijeme v na\u0161\u00ed d\u00edln\u011b dle Va\u0161eho p\u0159\u00e1n\u00ed a na m\u00edru v z\u00e1vislosti na konkr\u00e9tn\u00edm v\u00fdrobku.<\/strong><\/p>\n<p>M\u016f\u017eete tak\u00e9 vid\u011bt v\u00edce o n\u00e1s, o Lanaji, z ka\u017edodenn\u00edho \u017eivota v na\u0161em studiu, recenze spokojen\u00fdch z\u00e1kazn\u00edk\u016f na na\u0161ich soci\u00e1ln\u00edch s\u00edt\u00edch <a href=\"https:\/\/www.instagram.com\/lanaja_sk\" target=\"_blank\" rel=\"noopener\">Lanaja na Instagramu<\/a> a <a href=\"https:\/\/www.facebook.com\/Abreadbag\/\" target=\"_blank\" rel=\"noopener\">Lanaja na Facebooku<\/a><\/p>\n","protected":false},"excerpt":{"rendered":"<p>Jste zanepr\u00e1zdn\u011bn\u00fdm jedincem, kter\u00fd se sna\u017e\u00ed udr\u017eet svou dom\u00e1cnost plnou \u010derstv\u00fdch potravin? Nebo rodinn\u00fdm \u0161\u00e9fkucha\u0159em, kter\u00fd d\u00e1v\u00e1 p\u0159ednost p\u0159\u00edrodn\u00edm \u0159e\u0161en\u00edm? Bez ohledu na tv\u016fj \u017eivotn\u00ed styl, LEDNI\u010cKoVAK je tu, aby ti pomohl udr\u017eet tv\u00e9 ovoce, zeleninu a bylinky d\u00e9le sv\u011b\u017e\u00ed. Zabr\u00e1n\u00ed\u0161 tak zbyte\u010dn\u00e9mu pl\u00fdtv\u00e1n\u00ed a zu\u017eitkuje\u0161 jen tolik, kolik skute\u010dn\u011b pot\u0159ebuje\u0161.<\/p>\n","protected":false},"featured_media":7371,"template":"","meta":[],"product_brand":[],"product_cat":[394,177,340],"product_tag":[395,342,396],"class_list":{"0":"post-13305","1":"product","2":"type-product","3":"status-publish","4":"has-post-thumbnail","6":"product_cat-chladici-taska","7":"product_cat-lnene-pytliky","8":"product_cat-lnene-pytliky-bez-podsivky","9":"product_tag-lneny-sacek-na-zeleninu","10":"product_tag-platena-kapsa","11":"product_tag-plateny-pytel-na-lednici","13":"first","14":"onbackorder","15":"shipping-taxable","16":"purchasable","17":"product-type-variable"},"yoast_head":"<!-- This site is optimized with the Yoast SEO plugin v27.4 - https:\/\/yoast.com\/product\/yoast-seo-wordpress\/ -->\n<title>LEDNI\u010cKoVAK &#8226; Lanaja-slovensk\u00e1 udr\u017eiteln\u00e1 zna\u010dka a v\u00fdrobce ln\u011bn\u00e9ho textilu<\/title>\n<meta name=\"description\" content=\"Odj\u00ed\u017ed\u00ed\u0161 z domova na del\u0161\u00ed dobu pry\u010d? Ak ti ostala zelenina v ledni\u010dce, j\u00e1 LEDNI\u010cKOVAk se postar\u00e1m o to, aby byla po tv\u00e9m n\u00e1vratu \u010derstv\u00e1.\" \/>\n<meta name=\"robots\" content=\"index, follow, max-snippet:-1, max-image-preview:large, max-video-preview:-1\" \/>\n<link rel=\"canonical\" href=\"https:\/\/lanaja.sk\/cs\/obchod\/lednicetaska\/\" \/>\n<meta property=\"og:locale\" content=\"cs_CZ\" \/>\n<meta property=\"og:type\" content=\"article\" \/>\n<meta property=\"og:title\" content=\"LEDNI\u010cKoVAK &#8226; Lanaja-slovensk\u00e1 udr\u017eiteln\u00e1 zna\u010dka a v\u00fdrobce ln\u011bn\u00e9ho textilu\" \/>\n<meta property=\"og:description\" content=\"Odj\u00ed\u017ed\u00ed\u0161 z domova na del\u0161\u00ed dobu pry\u010d? Ak ti ostala zelenina v ledni\u010dce, j\u00e1 LEDNI\u010cKOVAk se postar\u00e1m o to, aby byla po tv\u00e9m n\u00e1vratu \u010derstv\u00e1.\" \/>\n<meta property=\"og:url\" content=\"https:\/\/lanaja.sk\/cs\/obchod\/lednicetaska\/\" \/>\n<meta property=\"og:site_name\" content=\"Lanaja-slovensk\u00e1 udr\u017eiteln\u00e1 zna\u010dka a v\u00fdrobce ln\u011bn\u00e9ho textilu\" \/>\n<meta property=\"article:publisher\" content=\"https:\/\/www.facebook.com\/Abreadbag\" \/>\n<meta property=\"article:modified_time\" content=\"2025-07-10T17:46:16+00:00\" \/>\n<meta property=\"og:image\" content=\"https:\/\/lanaja.sk\/wp-content\/uploads\/2019\/10\/instagram-jpg.webp\" \/>\n\t<meta property=\"og:image:width\" content=\"750\" \/>\n\t<meta property=\"og:image:height\" content=\"1000\" \/>\n\t<meta property=\"og:image:type\" content=\"image\/jpeg\" \/>\n<meta name=\"twitter:card\" content=\"summary_large_image\" \/>\n<meta name=\"twitter:label1\" content=\"Odhadovan\u00e1 doba \u010dten\u00ed\" \/>\n\t<meta name=\"twitter:data1\" content=\"3 minuty\" \/>\n<script type=\"application\/ld+json\" class=\"yoast-schema-graph\">{\"@context\":\"https:\\\/\\\/schema.org\",\"@graph\":[{\"@type\":\"WebPage\",\"@id\":\"https:\\\/\\\/lanaja.sk\\\/cs\\\/obchod\\\/lednicetaska\\\/\",\"url\":\"https:\\\/\\\/lanaja.sk\\\/cs\\\/obchod\\\/lednicetaska\\\/\",\"name\":\"LEDNI\u010cKoVAK &#8226; Lanaja-slovensk\u00e1 udr\u017eiteln\u00e1 zna\u010dka a v\u00fdrobce ln\u011bn\u00e9ho textilu\",\"isPartOf\":{\"@id\":\"https:\\\/\\\/lanaja.sk\\\/cs\\\/#website\"},\"primaryImageOfPage\":{\"@id\":\"https:\\\/\\\/lanaja.sk\\\/cs\\\/obchod\\\/lednicetaska\\\/#primaryimage\"},\"image\":{\"@id\":\"https:\\\/\\\/lanaja.sk\\\/cs\\\/obchod\\\/lednicetaska\\\/#primaryimage\"},\"thumbnailUrl\":\"https:\\\/\\\/lanaja.sk\\\/wp-content\\\/uploads\\\/2019\\\/10\\\/instagram-jpg.webp\",\"datePublished\":\"2019-10-06T14:53:52+00:00\",\"dateModified\":\"2025-07-10T17:46:16+00:00\",\"description\":\"Odj\u00ed\u017ed\u00ed\u0161 z domova na del\u0161\u00ed dobu pry\u010d? Ak ti ostala zelenina v ledni\u010dce, j\u00e1 LEDNI\u010cKOVAk se postar\u00e1m o to, aby byla po tv\u00e9m n\u00e1vratu \u010derstv\u00e1.\",\"breadcrumb\":{\"@id\":\"https:\\\/\\\/lanaja.sk\\\/cs\\\/obchod\\\/lednicetaska\\\/#breadcrumb\"},\"inLanguage\":\"cs\",\"potentialAction\":[{\"@type\":\"ReadAction\",\"target\":[\"https:\\\/\\\/lanaja.sk\\\/cs\\\/obchod\\\/lednicetaska\\\/\"]}]},{\"@type\":\"ImageObject\",\"inLanguage\":\"cs\",\"@id\":\"https:\\\/\\\/lanaja.sk\\\/cs\\\/obchod\\\/lednicetaska\\\/#primaryimage\",\"url\":\"https:\\\/\\\/lanaja.sk\\\/wp-content\\\/uploads\\\/2019\\\/10\\\/instagram-jpg.webp\",\"contentUrl\":\"https:\\\/\\\/lanaja.sk\\\/wp-content\\\/uploads\\\/2019\\\/10\\\/instagram-jpg.webp\",\"width\":750,\"height\":1000,\"caption\":\"chladni\u010dkovak\"},{\"@type\":\"BreadcrumbList\",\"@id\":\"https:\\\/\\\/lanaja.sk\\\/cs\\\/obchod\\\/lednicetaska\\\/#breadcrumb\",\"itemListElement\":[{\"@type\":\"ListItem\",\"position\":1,\"name\":\"Home\",\"item\":\"https:\\\/\\\/lanaja.sk\\\/cs\\\/\"},{\"@type\":\"ListItem\",\"position\":2,\"name\":\"Obchod\",\"item\":\"https:\\\/\\\/lanaja.sk\\\/cs\\\/obchod-cz\\\/\"},{\"@type\":\"ListItem\",\"position\":3,\"name\":\"LEDNI\u010cKoVAK\"}]},{\"@type\":\"WebSite\",\"@id\":\"https:\\\/\\\/lanaja.sk\\\/cs\\\/#website\",\"url\":\"https:\\\/\\\/lanaja.sk\\\/cs\\\/\",\"name\":\"Lanaja - bytov\u00fd textil z \u013eanu a \u013eanov\u00e9 v\u00fdrobky\",\"description\":\"Jedine\u010dn\u00fd bytov\u00fd textil, ln\u011bn\u00e9 pytl\u00edky, ln\u011bn\u00e9 ubrusy, ln\u011bn\u00e9 lo\u017en\u00ed povle\u010den\u00ed, ln\u011bn\u00e9 ut\u011brky, ln\u011bn\u00e9 prost\u00edr\u00e1n\u00ed vyroben\u00e9 a \u0161it\u00e9 na Slovensku\",\"publisher\":{\"@id\":\"https:\\\/\\\/lanaja.sk\\\/cs\\\/#organization\"},\"alternateName\":\"Lanaja - v\u00fdrobky z \u013eanu, \u013eanov\u00fd bytov\u00fd textil\",\"potentialAction\":[{\"@type\":\"SearchAction\",\"target\":{\"@type\":\"EntryPoint\",\"urlTemplate\":\"https:\\\/\\\/lanaja.sk\\\/cs\\\/?s={search_term_string}\"},\"query-input\":{\"@type\":\"PropertyValueSpecification\",\"valueRequired\":true,\"valueName\":\"search_term_string\"}}],\"inLanguage\":\"cs\"},{\"@type\":\"Organization\",\"@id\":\"https:\\\/\\\/lanaja.sk\\\/cs\\\/#organization\",\"name\":\"Lanaja\",\"alternateName\":\"Al\u017ebeta Andr\u00e1\u0161ikov\u00e1 - Lanaja\",\"url\":\"https:\\\/\\\/lanaja.sk\\\/cs\\\/\",\"logo\":{\"@type\":\"ImageObject\",\"inLanguage\":\"cs\",\"@id\":\"https:\\\/\\\/lanaja.sk\\\/cs\\\/#\\\/schema\\\/logo\\\/image\\\/\",\"url\":\"https:\\\/\\\/lanaja.sk\\\/wp-content\\\/uploads\\\/2024\\\/01\\\/Lanaja.sk-logo.png\",\"contentUrl\":\"https:\\\/\\\/lanaja.sk\\\/wp-content\\\/uploads\\\/2024\\\/01\\\/Lanaja.sk-logo.png\",\"width\":600,\"height\":300,\"caption\":\"Lanaja\"},\"image\":{\"@id\":\"https:\\\/\\\/lanaja.sk\\\/cs\\\/#\\\/schema\\\/logo\\\/image\\\/\"},\"sameAs\":[\"https:\\\/\\\/www.facebook.com\\\/Abreadbag\",\"https:\\\/\\\/www.instagram.com\\\/lanaja_sk\\\/\"]}]}<\/script>\n<!-- \/ Yoast SEO plugin. -->","yoast_head_json":{"title":"LEDNI\u010cKoVAK &#8226; Lanaja-slovensk\u00e1 udr\u017eiteln\u00e1 zna\u010dka a v\u00fdrobce ln\u011bn\u00e9ho textilu","description":"Odj\u00ed\u017ed\u00ed\u0161 z domova na del\u0161\u00ed dobu pry\u010d? Ak ti ostala zelenina v ledni\u010dce, j\u00e1 LEDNI\u010cKOVAk se postar\u00e1m o to, aby byla po tv\u00e9m n\u00e1vratu \u010derstv\u00e1.","robots":{"index":"index","follow":"follow","max-snippet":"max-snippet:-1","max-image-preview":"max-image-preview:large","max-video-preview":"max-video-preview:-1"},"canonical":"https:\/\/lanaja.sk\/cs\/obchod\/lednicetaska\/","og_locale":"cs_CZ","og_type":"article","og_title":"LEDNI\u010cKoVAK &#8226; Lanaja-slovensk\u00e1 udr\u017eiteln\u00e1 zna\u010dka a v\u00fdrobce ln\u011bn\u00e9ho textilu","og_description":"Odj\u00ed\u017ed\u00ed\u0161 z domova na del\u0161\u00ed dobu pry\u010d? Ak ti ostala zelenina v ledni\u010dce, j\u00e1 LEDNI\u010cKOVAk se postar\u00e1m o to, aby byla po tv\u00e9m n\u00e1vratu \u010derstv\u00e1.","og_url":"https:\/\/lanaja.sk\/cs\/obchod\/lednicetaska\/","og_site_name":"Lanaja-slovensk\u00e1 udr\u017eiteln\u00e1 zna\u010dka a v\u00fdrobce ln\u011bn\u00e9ho textilu","article_publisher":"https:\/\/www.facebook.com\/Abreadbag","article_modified_time":"2025-07-10T17:46:16+00:00","og_image":[{"width":750,"height":1000,"url":"https:\/\/lanaja.sk\/wp-content\/uploads\/2019\/10\/instagram-jpg.webp","type":"image\/jpeg"}],"twitter_card":"summary_large_image","twitter_misc":{"Odhadovan\u00e1 doba \u010dten\u00ed":"3 minuty"},"schema":{"@context":"https:\/\/schema.org","@graph":[{"@type":"WebPage","@id":"https:\/\/lanaja.sk\/cs\/obchod\/lednicetaska\/","url":"https:\/\/lanaja.sk\/cs\/obchod\/lednicetaska\/","name":"LEDNI\u010cKoVAK &#8226; Lanaja-slovensk\u00e1 udr\u017eiteln\u00e1 zna\u010dka a v\u00fdrobce ln\u011bn\u00e9ho textilu","isPartOf":{"@id":"https:\/\/lanaja.sk\/cs\/#website"},"primaryImageOfPage":{"@id":"https:\/\/lanaja.sk\/cs\/obchod\/lednicetaska\/#primaryimage"},"image":{"@id":"https:\/\/lanaja.sk\/cs\/obchod\/lednicetaska\/#primaryimage"},"thumbnailUrl":"https:\/\/lanaja.sk\/wp-content\/uploads\/2019\/10\/instagram-jpg.webp","datePublished":"2019-10-06T14:53:52+00:00","dateModified":"2025-07-10T17:46:16+00:00","description":"Odj\u00ed\u017ed\u00ed\u0161 z domova na del\u0161\u00ed dobu pry\u010d? Ak ti ostala zelenina v ledni\u010dce, j\u00e1 LEDNI\u010cKOVAk se postar\u00e1m o to, aby byla po tv\u00e9m n\u00e1vratu \u010derstv\u00e1.","breadcrumb":{"@id":"https:\/\/lanaja.sk\/cs\/obchod\/lednicetaska\/#breadcrumb"},"inLanguage":"cs","potentialAction":[{"@type":"ReadAction","target":["https:\/\/lanaja.sk\/cs\/obchod\/lednicetaska\/"]}]},{"@type":"ImageObject","inLanguage":"cs","@id":"https:\/\/lanaja.sk\/cs\/obchod\/lednicetaska\/#primaryimage","url":"https:\/\/lanaja.sk\/wp-content\/uploads\/2019\/10\/instagram-jpg.webp","contentUrl":"https:\/\/lanaja.sk\/wp-content\/uploads\/2019\/10\/instagram-jpg.webp","width":750,"height":1000,"caption":"chladni\u010dkovak"},{"@type":"BreadcrumbList","@id":"https:\/\/lanaja.sk\/cs\/obchod\/lednicetaska\/#breadcrumb","itemListElement":[{"@type":"ListItem","position":1,"name":"Home","item":"https:\/\/lanaja.sk\/cs\/"},{"@type":"ListItem","position":2,"name":"Obchod","item":"https:\/\/lanaja.sk\/cs\/obchod-cz\/"},{"@type":"ListItem","position":3,"name":"LEDNI\u010cKoVAK"}]},{"@type":"WebSite","@id":"https:\/\/lanaja.sk\/cs\/#website","url":"https:\/\/lanaja.sk\/cs\/","name":"Lanaja - bytov\u00fd textil z \u013eanu a \u013eanov\u00e9 v\u00fdrobky","description":"Jedine\u010dn\u00fd bytov\u00fd textil, ln\u011bn\u00e9 pytl\u00edky, ln\u011bn\u00e9 ubrusy, ln\u011bn\u00e9 lo\u017en\u00ed povle\u010den\u00ed, ln\u011bn\u00e9 ut\u011brky, ln\u011bn\u00e9 prost\u00edr\u00e1n\u00ed vyroben\u00e9 a \u0161it\u00e9 na Slovensku","publisher":{"@id":"https:\/\/lanaja.sk\/cs\/#organization"},"alternateName":"Lanaja - v\u00fdrobky z \u013eanu, \u013eanov\u00fd bytov\u00fd textil","potentialAction":[{"@type":"SearchAction","target":{"@type":"EntryPoint","urlTemplate":"https:\/\/lanaja.sk\/cs\/?s={search_term_string}"},"query-input":{"@type":"PropertyValueSpecification","valueRequired":true,"valueName":"search_term_string"}}],"inLanguage":"cs"},{"@type":"Organization","@id":"https:\/\/lanaja.sk\/cs\/#organization","name":"Lanaja","alternateName":"Al\u017ebeta Andr\u00e1\u0161ikov\u00e1 - Lanaja","url":"https:\/\/lanaja.sk\/cs\/","logo":{"@type":"ImageObject","inLanguage":"cs","@id":"https:\/\/lanaja.sk\/cs\/#\/schema\/logo\/image\/","url":"https:\/\/lanaja.sk\/wp-content\/uploads\/2024\/01\/Lanaja.sk-logo.png","contentUrl":"https:\/\/lanaja.sk\/wp-content\/uploads\/2024\/01\/Lanaja.sk-logo.png","width":600,"height":300,"caption":"Lanaja"},"image":{"@id":"https:\/\/lanaja.sk\/cs\/#\/schema\/logo\/image\/"},"sameAs":["https:\/\/www.facebook.com\/Abreadbag","https:\/\/www.instagram.com\/lanaja_sk\/"]}]}},"_links":{"self":[{"href":"https:\/\/lanaja.sk\/cs\/wp-json\/wp\/v2\/product\/13305","targetHints":{"allow":["GET"]}}],"collection":[{"href":"https:\/\/lanaja.sk\/cs\/wp-json\/wp\/v2\/product"}],"about":[{"href":"https:\/\/lanaja.sk\/cs\/wp-json\/wp\/v2\/types\/product"}],"version-history":[{"count":2,"href":"https:\/\/lanaja.sk\/cs\/wp-json\/wp\/v2\/product\/13305\/revisions"}],"predecessor-version":[{"id":16342,"href":"https:\/\/lanaja.sk\/cs\/wp-json\/wp\/v2\/product\/13305\/revisions\/16342"}],"wp:featuredmedia":[{"embeddable":true,"href":"https:\/\/lanaja.sk\/cs\/wp-json\/wp\/v2\/media\/7371"}],"wp:attachment":[{"href":"https:\/\/lanaja.sk\/cs\/wp-json\/wp\/v2\/media?parent=13305"}],"wp:term":[{"taxonomy":"product_brand","embeddable":true,"href":"https:\/\/lanaja.sk\/cs\/wp-json\/wp\/v2\/product_brand?post=13305"},{"taxonomy":"product_cat","embeddable":true,"href":"https:\/\/lanaja.sk\/cs\/wp-json\/wp\/v2\/product_cat?post=13305"},{"taxonomy":"product_tag","embeddable":true,"href":"https:\/\/lanaja.sk\/cs\/wp-json\/wp\/v2\/product_tag?post=13305"}],"curies":[{"name":"wp","href":"https:\/\/api.w.org\/{rel}","templated":true}]}}