{"id":13306,"date":"2021-10-07T07:23:50","date_gmt":"2021-10-07T05:23:50","guid":{"rendered":"https:\/\/lanaja.sk\/obchod\/neza\u0159azen\u00e9\/povleceni-viktor\/"},"modified":"2024-10-31T19:25:40","modified_gmt":"2024-10-31T18:25:40","slug":"povleceni-viktor","status":"publish","type":"product","link":"https:\/\/lanaja.sk\/cs\/obchod\/povleceni-viktor\/","title":{"rendered":"Ln\u011bn\u00e9 povle\u010den\u00ed Viktor"},"content":{"rendered":"<h2><strong>Povle\u010den\u00ed VIKTOR a zdrav\u00fd sp\u00e1nek ve lnu<\/strong><\/h2>\n<p>\u2013 D\u00edky sv\u00e9 jedine\u010dn\u00e9 schopnosti filtrovat, odol\u00e1vat bakteri\u00edm a regulova\u0165 vlhkost jsou ln\u011bn\u00e1 povle\u010den\u00ed ze 100% lnu ide\u00e1ln\u00ed pro alergiky, osoby s ko\u017en\u00edmi probl\u00e9my a d\u011bti. Jsou prody\u0161n\u00e1 a p\u0159irozen\u011b antialergick\u00e1 M\u00e1 vysokou schopnost potla\u010dovat bakterie, rozto\u010de a pl\u00edsn\u011b, je vysoce repelentn\u00ed v\u016f\u010di hmyzu.<\/p>\n<p>-100% len je antistatick\u00fd, nep\u0159itahuje prach a d\u00edky sv\u00e9 p\u0159irozen\u00e9 rovnov\u00e1ze pH m\u016f\u017ee dokonce pomoci zjemnit a chr\u00e1nit poko\u017eku.<\/p>\n<p>\u2013 <strong>Ln\u011bn\u00e9 povle\u010den\u00ed Viktor<\/strong> <strong> m\u00e1 lehk\u00fd mas\u00e1\u017en\u00ed efekt d\u00edky mikroskopick\u00fdm prasklin\u00e1m na jeho vn\u011bj\u0161\u00edm povrchu.<\/strong> \u2013 Povle\u010den\u00ed Viktor v\u00e1s jemn\u011b mas\u00edruje d\u00edky sv\u00e9 unik\u00e1tn\u00ed struktu\u0159e. Po\u0159i\u010fte si zdarma mas\u00e1\u017e ka\u017edou noc. Nepravidelnosti povrchu povle\u010den\u00ed jemn\u011b mas\u00edruj\u00ed va\u0161e t\u011blo, stimuluj\u00ed krevn\u00ed ob\u011bh a p\u0159isp\u00edvaj\u00ed k hlubok\u00e9 relaxaci.\u010dit\u00e1 textura v\u00e1m poskytnou mas\u00e1\u017e b\u011bhem sp\u00e1nku, stimuluj\u00ed pr\u016ftok krve a podpo\u0159\u00ed relaxaci.<\/p>\n<p>&#8211; Ln\u011bn\u00e9 lo\u017en\u00ed pr\u00e1dlo vykazuje vysokou prody\u0161nost a tepelnou vodivost, co\u017e znamen\u00e1, \u017ee je prody\u0161n\u00e9 a v zim\u011b h\u0159eje, zat\u00edmco v l\u00e9t\u011b chlad\u00ed. Vykazuje p\u011btin\u00e1sobn\u011b vy\u0161\u0161\u00ed tepelnou vodivost ne\u017e vlna a samo\u010dinn\u011b reguluje teplotu o p\u0159ibli\u017en\u011b \u010dty\u0159i stupn\u011b ve srovn\u00e1n\u00ed s bavlnou nebo hedv\u00e1b\u00edm.<\/p>\n<p>\u2013 D\u00edky sv\u00e9 molekul\u00e1rn\u00ed struktu\u0159e dok\u00e1\u017ee ln\u011bn\u00e9 povle\u010den\u00ed absorbovat a\u017e 20 % sv\u00e9 hmotnosti vlhkosti, v\u00fdborn\u011b saje pot a zaru\u010d\u00ed v\u00e1m tak kvalitn\u011bj\u0161\u00ed a zdrav\u011bj\u0161\u00ed sp\u00e1nek. Za\u017eijte dokonal\u00e9 pohodl\u00ed po cel\u00fd rok. Ln\u011bn\u00e9 povle\u010den\u00ed automaticky reguluje teplotu, a\u0165 u\u017e je horko nebo zima. V\u017edy se budete c\u00edtit p\u0159\u00edjemn\u011b. D\u00edky sv\u00e9 dut\u00e9 struktu\u0159e je ln\u011bn\u00e9 vl\u00e1kno schopno zadr\u017eovat teplo, chladit a spolehliv\u011b odv\u00e1d\u011bt p\u0159ebyte\u010dnou vlhkost.<\/p>\n<p>-Ln\u011bn\u00e1 tkanina vynik\u00e1 svou mimo\u0159\u00e1dnou pevnost\u00ed, kter\u00e1 n\u011bkolikan\u00e1sobn\u011b p\u0159evy\u0161uje pevnost bavlny. D\u00edky sv\u00e9 odolnosti v\u00e1m ln\u011bn\u00e9 povle\u010den\u00ed vydr\u017e\u00ed dlouh\u00e1 l\u00e9ta. Nav\u00edc, \u010d\u00edm \u010dast\u011bji jej perete, t\u00edm bude m\u011bk\u010d\u00ed a p\u0159\u00edjemn\u011bj\u0161\u00ed na dotek. A\u010dkoli je po\u010d\u00e1te\u010dn\u00ed investice vy\u0161\u0161\u00ed, z dlouhodob\u00e9ho hlediska se v\u00e1m vyplat\u00ed. Zajist\u00edte si tak zdrav\u011bj\u0161\u00ed sp\u00e1nek a vytvo\u0159\u00edte si doma zdrav\u011bj\u0161\u00ed prost\u0159ed\u00ed pro celou rodinu.<\/p>\n<p>Ln\u011bn\u00e1 l\u00e1tka vyza\u0159uje jedine\u010dn\u00e9 a majest\u00e1tn\u00ed p\u016fvab, kter\u00fd \u017e\u00e1dn\u00e1 jin\u00e1 tkanina nedok\u00e1\u017ee napodobit. Len je pravd\u011bpodobn\u011b jedin\u00fdm materi\u00e1lem, kter\u00fd dok\u00e1\u017ee dokonale zapadnout do jak\u00e9hokoli stylu interi\u00e9ru a vytvo\u0159it tak nad\u010dasov\u00fd a univerz\u00e1ln\u00ed vzhled. Slow fashion jste si u\u017e obl\u00edbili? P\u0159idejte se k n\u00e1m a objevte slow living. Vytvo\u0159te si domov, kter\u00fd bude nejen kr\u00e1sn\u00fd, ale tak\u00e9 udr\u017eiteln\u00fd. S n\u00e1bytkem a dopl\u0148ky z p\u0159\u00edrodn\u00edch materi\u00e1l\u016f v\u00e1m vydr\u017e\u00ed des\u00edtky let.<\/p>\n<p>Ln\u011bn\u00e9 povle\u010den\u00ed Viktor je u\u0161ito z p\u0159\u00edrodn\u00edho evropsk\u00e9ho lnu, kter\u00fd je p\u0159edpran\u00fd, certifikovan\u00fd a upraven\u00fd technologi\u00ed stonewashed. Tento proces prop\u016fj\u010duje l\u00e1tce jemn\u011bj\u0161\u00ed vzhled a dod\u00e1v\u00e1 j\u00ed p\u0159irozen\u011b vr\u00e1s\u010ditou strukturu. P\u0159i pou\u017e\u00edv\u00e1n\u00ed na\u0161eho povle\u010den\u00ed za\u017eijete p\u0159\u00edjemn\u00fd pocit jemnosti, kter\u00fd pozitivn\u011b ovlivn\u00ed v\u00e1\u0161 sp\u00e1nek a podpo\u0159\u00ed p\u0159irozenou relaxaci poko\u017eky d\u00edky jej\u00edmu neutr\u00e1ln\u00edmu pH. Tento len nemus\u00edte \u017eehlit, u\u0161et\u0159\u00ed v\u00e1m to \u010das i energii.<\/p>\n<p>Z\u00e1le\u017e\u00ed n\u00e1m na tom, z jak\u00e9ho materi\u00e1lu pro v\u00e1s ln\u011bn\u00e9 povle\u010den\u00ed vyr\u00e1b\u00edme, kde a za jak\u00fdch podm\u00ednek byl len vyp\u011bstov\u00e1n a zpracov\u00e1n. Povle\u010den\u00ed v\u00e1m doraz\u00ed p\u0159edem vypran\u00e9, vo\u0148av\u00e9 a vy se nemus\u00edte ob\u00e1vat, \u017ee \u010dasem ztrat\u00ed tvar nebo se sraz\u00ed.<\/p>\n<h3>Ln\u011bn\u00e1 povle\u010den\u00ed v\u00e1m u\u0161ijeme i na m\u00edru<\/h3>\n<p>M\u00e1te-li z\u00e1jem o \u00fapravu rozm\u011br\u016f va\u0161eho ln\u011bn\u00e9ho povle\u010den\u00ed, nev\u00e1hejte n\u00e1s kontaktovat. R\u00e1di v\u00e1m poskytneme odborn\u00e9 poradenstv\u00ed a uprav\u00edme povle\u010den\u00ed p\u0159esn\u011b podle va\u0161ich po\u017eadavk\u016f. Doporu\u010dujeme tak\u00e9 vyu\u017e\u00edt na\u0161e online konzultace.<\/p>\n<p>D\u00edky tomu, \u017ee bylo pou\u017eito i vn\u011bj\u0161\u00ed pro\u0161\u00edv\u00e1n\u00ed po obvodu, je zaru\u010dena st\u00e1lost tvaru p\u0159i pran\u00ed. Povle\u010den\u00ed se nekrout\u00ed a po vypr\u00e1n\u00ed je sta\u010d\u00ed vyt\u0159epat a nechat uschnout. P\u0159ed \u0161it\u00edm se l\u00e1tka vypere a vy\u017eehl\u00ed, tak\u017ee se nemus\u00edte b\u00e1t, \u017ee by se p\u0159i dal\u0161\u00edm pran\u00ed srazila. P\u0159ij\u010fte si u\u017e\u00edt kvalitn\u00ed sp\u00e1nek v lo\u017en\u00edm pr\u00e1dle, kter\u00e9 je nejen kr\u00e1sn\u00e9, ale tak\u00e9 prosp\u011b\u0161n\u00e9 pro va\u0161e zdrav\u00ed. Na\u0161e ln\u011bn\u00e9 povle\u010den\u00ed je pln\u011b funk\u010dn\u00ed, zdravotn\u011b nez\u00e1vadn\u00e9 a p\u0159in\u00e1\u0161\u00ed \u0159adu benefit\u016f.<\/p>\n<p>P\u0159ekvapte sv\u00e9 bl\u00edzk\u00e9! Ln\u011bn\u00e9 povle\u010den\u00ed Viktor doraz\u00ed v d\u00e1rkov\u00e9 krabi\u010dce, kterou m\u016f\u017eete znovu pou\u017e\u00edt. My se postar\u00e1me o dokonal\u00e9 balen\u00ed, abyste mohli darovat radost. Pot\u0159ebujete origin\u00e1ln\u00ed d\u00e1rek? Tento bal\u00ed\u010dek pot\u011b\u0161\u00ed ka\u017ed\u00e9ho, a\u0165 u\u017e k narozenin\u00e1m, svatb\u011b nebo V\u00e1noc\u016fm. Sestavte si vlastn\u00ed kombinaci barev, doraz\u00ed k V\u00e1m kr\u00e1sn\u00e1 a vo\u0148av\u00e1 krabi\u010dka.<\/p>\n<h3>Zap\u00edn\u00e1n\u00ed na ln\u011bn\u00e9m povle\u010den\u00ed<\/h3>\n<p>Zap\u00edn\u00e1n\u00ed na ln\u011bn\u00e1 prost\u011bradla je \u0159e\u0161eno d\u0159ev\u011bn\u00fdmi knofl\u00edky. Ln\u011bn\u00e9 povle\u010den\u00ed nab\u00edz\u00edme se zap\u00edn\u00e1n\u00edm na d\u0159ev\u011bn\u00e9 nebo kokosov\u00e9 knofl\u00edky. M\u016f\u017eete zvolit bu\u010f viditeln\u00e9 nebo skryt\u00e9 zap\u00edn\u00e1n\u00ed. D\u00e1le nab\u00edz\u00edme mo\u017enost zap\u00edn\u00e1n\u00ed na zip, ale upozor\u0148ujeme, \u017ee \u017eivotnost zip\u016f nen\u00ed tak dlouh\u00e1 jako u klasick\u00fdch knofl\u00edk\u016f. Doporu\u010dujeme proto klasick\u00e9 zap\u00edn\u00e1n\u00ed na knofl\u00edky.<\/p>\n<p><strong>V\u0161echny ln\u011bn\u00e9 tkaniny jsou certifikov\u00e1ny <\/strong>OEKO-TEX STANDART 100. Vyrobeno s l\u00e1skou k tradici v Evrop\u011b.<\/p>\n<p><strong> <\/strong>Odpor\u00fa\u010dam v\u00e1m ich zladi\u0165 s obojstrann\u00fdmi \u013eanov\u00fdmi prikr\u00fdvkami na jednoposte\u013e <a href=\"https:\/\/lanaja.sk\/cs\/kategoria-produktu\/loznice\/lnene-prehozy\/\" rel=\"noopener\">TU<\/a> alebo \u013eanov\u00fdmi prehozmi aj vo ve\u013ekostiach na man\u017eelsk\u00fa poste\u013e <a href=\"https:\/\/lanaja.sk\/cs\/kategoria-produktu\/loznice\/lnene-prehozy\/\" rel=\"noopener\">TU<\/a><\/p>\n<p>Jak se starat o ln\u011bn\u00e9 v\u00fdrobky <a href=\"https:\/\/lanaja.sk\/starostlivost-o-lanove-vyrobky\/\" rel=\"noopener\">P\u00c9\u010cE O LN\u011aN\u00c9 V\u00ddROBKY<\/a><\/p>\n<p><strong>Ln\u011bn\u00e9 povle\u010den\u00ed Viktor je \u0161it\u00e9 v barv\u011b: tmav\u011b \u0161ed\u00e1<\/strong><\/p>\n<p>Ln\u011bn\u00e9 povle\u010den\u00ed m\u016f\u017eete tak\u00e9 sladit s ln\u011bn\u00fdm prost\u011bradlem <a href=\"https:\/\/lanaja.sk\/kategoria-produktu\/lanove-plachty\/\" rel=\"noopener noreferrer\">ZDE<\/a><\/p>\n<p>Ln\u011bn\u00e9 povle\u010den\u00ed v jin\u00fdch barv\u00e1ch a velikostech si m\u016f\u017eete objednat <a href=\"https:\/\/lanaja.sk\/kategoria-produktu\/lanove-obliecky\/\" rel=\"noopener noreferrer\">tak\u00e9 ZDE<\/a> a tak\u00e9 rozm\u011bry ln\u011bn\u00e9ho povle\u010den\u00ed do d\u011btsk\u00fdch post\u00fdlek, junior\u016f.<\/p>\n<p><strong>Po\u010d\u00edtejte s dodac\u00ed lh\u016ftou 5-15 pracovn\u00edch dn\u016f, pokud nem\u00e1me produkt \u0161it\u00fd skladem, ru\u010dn\u00ed pr\u00e1ce vy\u017eaduje n\u00e1\u0161 \u010das. Ln\u011bn\u00e9 v\u00fdrobky \u0161ijeme v na\u0161\u00ed d\u00edln\u011b dle Va\u0161eho p\u0159\u00e1n\u00ed a na m\u00edru v z\u00e1vislosti na konkr\u00e9tn\u00edm v\u00fdrobku.<\/strong><\/p>\n","protected":false},"excerpt":{"rendered":"<p>Ln\u011bn\u00e1 prost\u011bradla jsou z\u00e1rukou nejen kvalitn\u00edho sp\u00e1nku, ale tak\u00e9 udr\u017eiteln\u00e9ho a ekologick\u00e9ho p\u0159\u00edstupu k dom\u00e1cnosti. Pokud hled\u00e1te zp\u016fsob, jak si v lo\u017enici vytvo\u0159it prost\u0159ed\u00ed, kter\u00e9 je \u0161etrn\u00e9 k \u017eivotn\u00edmu prost\u0159ed\u00ed a z\u00e1rove\u0148 nab\u00edz\u00ed pohodl\u00ed, pak je 100% len tou spr\u00e1vnou volbou. Ln\u011bn\u00e9 povle\u010den\u00ed je z\u00e1rukou kvality, stylu a zdrav\u00ed, kter\u00e9 si va\u0161e rodina zaslou\u017e\u00ed. Investujte do sv\u00e9ho sp\u00e1nku a zajist\u011bte si zdrav\u011bj\u0161\u00ed a kvalitn\u011bj\u0161\u00ed \u017eivot.<\/p>\n","protected":false},"featured_media":7079,"template":"","meta":[],"product_brand":[],"product_cat":[365,366,363],"product_tag":[367],"class_list":{"0":"post-13306","1":"product","2":"type-product","3":"status-publish","4":"has-post-thumbnail","6":"product_cat-lnena-prosteradla-ve-standardnich-velikostech","7":"product_cat-lnene-povlaky-na-prikryvky","8":"product_cat-lnene-povleceni-cs","9":"product_tag-lnene-povleceni","11":"first","12":"onbackorder","13":"shipping-taxable","14":"purchasable","15":"product-type-variable"},"yoast_head":"<!-- This site is optimized with the Yoast SEO plugin v27.4 - https:\/\/yoast.com\/product\/yoast-seo-wordpress\/ -->\n<title>Ln\u011bn\u00e9 povle\u010den\u00ed Viktor &#8226; Lanaja-slovensk\u00e1 udr\u017eiteln\u00e1 zna\u010dka a v\u00fdrobce ln\u011bn\u00e9ho textilu<\/title>\n<meta name=\"description\" content=\"Ln\u011bn\u00e9 povle\u010den\u00ed Viktor tmav\u011b \u0161ed\u00e9 barvy je u\u0161ito ze 100% certifikovan\u00e9 p\u0159\u00edrodn\u00ed, zm\u011bk\u010den\u00e9 a p\u0159edpran\u00e9 ln\u011bn\u00e9 tkaniny o gram\u00e1\u017ei 185 g\/m\u00b2.\" \/>\n<meta name=\"robots\" content=\"index, follow, max-snippet:-1, max-image-preview:large, max-video-preview:-1\" \/>\n<link rel=\"canonical\" href=\"https:\/\/lanaja.sk\/cs\/obchod\/povleceni-viktor\/\" \/>\n<meta property=\"og:locale\" content=\"cs_CZ\" \/>\n<meta property=\"og:type\" content=\"article\" \/>\n<meta property=\"og:title\" content=\"Ln\u011bn\u00e9 povle\u010den\u00ed Viktor &#8226; Lanaja-slovensk\u00e1 udr\u017eiteln\u00e1 zna\u010dka a v\u00fdrobce ln\u011bn\u00e9ho textilu\" \/>\n<meta property=\"og:description\" content=\"Ln\u011bn\u00e9 povle\u010den\u00ed Viktor tmav\u011b \u0161ed\u00e9 barvy je u\u0161ito ze 100% certifikovan\u00e9 p\u0159\u00edrodn\u00ed, zm\u011bk\u010den\u00e9 a p\u0159edpran\u00e9 ln\u011bn\u00e9 tkaniny o gram\u00e1\u017ei 185 g\/m\u00b2.\" \/>\n<meta property=\"og:url\" content=\"https:\/\/lanaja.sk\/cs\/obchod\/povleceni-viktor\/\" \/>\n<meta property=\"og:site_name\" content=\"Lanaja-slovensk\u00e1 udr\u017eiteln\u00e1 zna\u010dka a v\u00fdrobce ln\u011bn\u00e9ho textilu\" \/>\n<meta property=\"article:publisher\" content=\"https:\/\/www.facebook.com\/Abreadbag\" \/>\n<meta property=\"article:modified_time\" content=\"2024-10-31T18:25:40+00:00\" \/>\n<meta property=\"og:image\" content=\"https:\/\/lanaja.sk\/wp-content\/uploads\/2021\/10\/obliecky-sive5-e1633583818224-jpg.webp\" \/>\n\t<meta property=\"og:image:width\" content=\"900\" \/>\n\t<meta property=\"og:image:height\" content=\"585\" \/>\n\t<meta property=\"og:image:type\" content=\"image\/jpeg\" \/>\n<meta name=\"twitter:card\" content=\"summary_large_image\" \/>\n<meta name=\"twitter:label1\" content=\"Odhadovan\u00e1 doba \u010dten\u00ed\" \/>\n\t<meta name=\"twitter:data1\" content=\"6 minut\" \/>\n<script type=\"application\/ld+json\" class=\"yoast-schema-graph\">{\"@context\":\"https:\\\/\\\/schema.org\",\"@graph\":[{\"@type\":\"WebPage\",\"@id\":\"https:\\\/\\\/lanaja.sk\\\/cs\\\/obchod\\\/povleceni-viktor\\\/\",\"url\":\"https:\\\/\\\/lanaja.sk\\\/cs\\\/obchod\\\/povleceni-viktor\\\/\",\"name\":\"Ln\u011bn\u00e9 povle\u010den\u00ed Viktor &#8226; Lanaja-slovensk\u00e1 udr\u017eiteln\u00e1 zna\u010dka a v\u00fdrobce ln\u011bn\u00e9ho textilu\",\"isPartOf\":{\"@id\":\"https:\\\/\\\/lanaja.sk\\\/cs\\\/#website\"},\"primaryImageOfPage\":{\"@id\":\"https:\\\/\\\/lanaja.sk\\\/cs\\\/obchod\\\/povleceni-viktor\\\/#primaryimage\"},\"image\":{\"@id\":\"https:\\\/\\\/lanaja.sk\\\/cs\\\/obchod\\\/povleceni-viktor\\\/#primaryimage\"},\"thumbnailUrl\":\"https:\\\/\\\/lanaja.sk\\\/wp-content\\\/uploads\\\/2021\\\/10\\\/obliecky-sive5-e1633583818224-jpg.webp\",\"datePublished\":\"2021-10-07T05:23:50+00:00\",\"dateModified\":\"2024-10-31T18:25:40+00:00\",\"description\":\"Ln\u011bn\u00e9 povle\u010den\u00ed Viktor tmav\u011b \u0161ed\u00e9 barvy je u\u0161ito ze 100% certifikovan\u00e9 p\u0159\u00edrodn\u00ed, zm\u011bk\u010den\u00e9 a p\u0159edpran\u00e9 ln\u011bn\u00e9 tkaniny o gram\u00e1\u017ei 185 g\\\/m\u00b2.\",\"breadcrumb\":{\"@id\":\"https:\\\/\\\/lanaja.sk\\\/cs\\\/obchod\\\/povleceni-viktor\\\/#breadcrumb\"},\"inLanguage\":\"cs\",\"potentialAction\":[{\"@type\":\"ReadAction\",\"target\":[\"https:\\\/\\\/lanaja.sk\\\/cs\\\/obchod\\\/povleceni-viktor\\\/\"]}]},{\"@type\":\"ImageObject\",\"inLanguage\":\"cs\",\"@id\":\"https:\\\/\\\/lanaja.sk\\\/cs\\\/obchod\\\/povleceni-viktor\\\/#primaryimage\",\"url\":\"https:\\\/\\\/lanaja.sk\\\/wp-content\\\/uploads\\\/2021\\\/10\\\/obliecky-sive5-e1633583818224-jpg.webp\",\"contentUrl\":\"https:\\\/\\\/lanaja.sk\\\/wp-content\\\/uploads\\\/2021\\\/10\\\/obliecky-sive5-e1633583818224-jpg.webp\",\"width\":900,\"height\":585,\"caption\":\"poste\u013en\u00e9 pr\u00e1dlo\"},{\"@type\":\"BreadcrumbList\",\"@id\":\"https:\\\/\\\/lanaja.sk\\\/cs\\\/obchod\\\/povleceni-viktor\\\/#breadcrumb\",\"itemListElement\":[{\"@type\":\"ListItem\",\"position\":1,\"name\":\"Home\",\"item\":\"https:\\\/\\\/lanaja.sk\\\/cs\\\/\"},{\"@type\":\"ListItem\",\"position\":2,\"name\":\"Obchod\",\"item\":\"https:\\\/\\\/lanaja.sk\\\/cs\\\/obchod-cz\\\/\"},{\"@type\":\"ListItem\",\"position\":3,\"name\":\"Ln\u011bn\u00e9 povle\u010den\u00ed Viktor\"}]},{\"@type\":\"WebSite\",\"@id\":\"https:\\\/\\\/lanaja.sk\\\/cs\\\/#website\",\"url\":\"https:\\\/\\\/lanaja.sk\\\/cs\\\/\",\"name\":\"Lanaja - bytov\u00fd textil z \u013eanu a \u013eanov\u00e9 v\u00fdrobky\",\"description\":\"Jedine\u010dn\u00fd bytov\u00fd textil, ln\u011bn\u00e9 pytl\u00edky, ln\u011bn\u00e9 ubrusy, ln\u011bn\u00e9 lo\u017en\u00ed povle\u010den\u00ed, ln\u011bn\u00e9 ut\u011brky, ln\u011bn\u00e9 prost\u00edr\u00e1n\u00ed vyroben\u00e9 a \u0161it\u00e9 na Slovensku\",\"publisher\":{\"@id\":\"https:\\\/\\\/lanaja.sk\\\/cs\\\/#organization\"},\"alternateName\":\"Lanaja - v\u00fdrobky z \u013eanu, \u013eanov\u00fd bytov\u00fd textil\",\"potentialAction\":[{\"@type\":\"SearchAction\",\"target\":{\"@type\":\"EntryPoint\",\"urlTemplate\":\"https:\\\/\\\/lanaja.sk\\\/cs\\\/?s={search_term_string}\"},\"query-input\":{\"@type\":\"PropertyValueSpecification\",\"valueRequired\":true,\"valueName\":\"search_term_string\"}}],\"inLanguage\":\"cs\"},{\"@type\":\"Organization\",\"@id\":\"https:\\\/\\\/lanaja.sk\\\/cs\\\/#organization\",\"name\":\"Lanaja\",\"alternateName\":\"Al\u017ebeta Andr\u00e1\u0161ikov\u00e1 - Lanaja\",\"url\":\"https:\\\/\\\/lanaja.sk\\\/cs\\\/\",\"logo\":{\"@type\":\"ImageObject\",\"inLanguage\":\"cs\",\"@id\":\"https:\\\/\\\/lanaja.sk\\\/cs\\\/#\\\/schema\\\/logo\\\/image\\\/\",\"url\":\"https:\\\/\\\/lanaja.sk\\\/wp-content\\\/uploads\\\/2024\\\/01\\\/Lanaja.sk-logo.png\",\"contentUrl\":\"https:\\\/\\\/lanaja.sk\\\/wp-content\\\/uploads\\\/2024\\\/01\\\/Lanaja.sk-logo.png\",\"width\":600,\"height\":300,\"caption\":\"Lanaja\"},\"image\":{\"@id\":\"https:\\\/\\\/lanaja.sk\\\/cs\\\/#\\\/schema\\\/logo\\\/image\\\/\"},\"sameAs\":[\"https:\\\/\\\/www.facebook.com\\\/Abreadbag\",\"https:\\\/\\\/www.instagram.com\\\/lanaja_sk\\\/\"]}]}<\/script>\n<!-- \/ Yoast SEO plugin. -->","yoast_head_json":{"title":"Ln\u011bn\u00e9 povle\u010den\u00ed Viktor &#8226; Lanaja-slovensk\u00e1 udr\u017eiteln\u00e1 zna\u010dka a v\u00fdrobce ln\u011bn\u00e9ho textilu","description":"Ln\u011bn\u00e9 povle\u010den\u00ed Viktor tmav\u011b \u0161ed\u00e9 barvy je u\u0161ito ze 100% certifikovan\u00e9 p\u0159\u00edrodn\u00ed, zm\u011bk\u010den\u00e9 a p\u0159edpran\u00e9 ln\u011bn\u00e9 tkaniny o gram\u00e1\u017ei 185 g\/m\u00b2.","robots":{"index":"index","follow":"follow","max-snippet":"max-snippet:-1","max-image-preview":"max-image-preview:large","max-video-preview":"max-video-preview:-1"},"canonical":"https:\/\/lanaja.sk\/cs\/obchod\/povleceni-viktor\/","og_locale":"cs_CZ","og_type":"article","og_title":"Ln\u011bn\u00e9 povle\u010den\u00ed Viktor &#8226; Lanaja-slovensk\u00e1 udr\u017eiteln\u00e1 zna\u010dka a v\u00fdrobce ln\u011bn\u00e9ho textilu","og_description":"Ln\u011bn\u00e9 povle\u010den\u00ed Viktor tmav\u011b \u0161ed\u00e9 barvy je u\u0161ito ze 100% certifikovan\u00e9 p\u0159\u00edrodn\u00ed, zm\u011bk\u010den\u00e9 a p\u0159edpran\u00e9 ln\u011bn\u00e9 tkaniny o gram\u00e1\u017ei 185 g\/m\u00b2.","og_url":"https:\/\/lanaja.sk\/cs\/obchod\/povleceni-viktor\/","og_site_name":"Lanaja-slovensk\u00e1 udr\u017eiteln\u00e1 zna\u010dka a v\u00fdrobce ln\u011bn\u00e9ho textilu","article_publisher":"https:\/\/www.facebook.com\/Abreadbag","article_modified_time":"2024-10-31T18:25:40+00:00","og_image":[{"width":900,"height":585,"url":"https:\/\/lanaja.sk\/wp-content\/uploads\/2021\/10\/obliecky-sive5-e1633583818224-jpg.webp","type":"image\/jpeg"}],"twitter_card":"summary_large_image","twitter_misc":{"Odhadovan\u00e1 doba \u010dten\u00ed":"6 minut"},"schema":{"@context":"https:\/\/schema.org","@graph":[{"@type":"WebPage","@id":"https:\/\/lanaja.sk\/cs\/obchod\/povleceni-viktor\/","url":"https:\/\/lanaja.sk\/cs\/obchod\/povleceni-viktor\/","name":"Ln\u011bn\u00e9 povle\u010den\u00ed Viktor &#8226; Lanaja-slovensk\u00e1 udr\u017eiteln\u00e1 zna\u010dka a v\u00fdrobce ln\u011bn\u00e9ho textilu","isPartOf":{"@id":"https:\/\/lanaja.sk\/cs\/#website"},"primaryImageOfPage":{"@id":"https:\/\/lanaja.sk\/cs\/obchod\/povleceni-viktor\/#primaryimage"},"image":{"@id":"https:\/\/lanaja.sk\/cs\/obchod\/povleceni-viktor\/#primaryimage"},"thumbnailUrl":"https:\/\/lanaja.sk\/wp-content\/uploads\/2021\/10\/obliecky-sive5-e1633583818224-jpg.webp","datePublished":"2021-10-07T05:23:50+00:00","dateModified":"2024-10-31T18:25:40+00:00","description":"Ln\u011bn\u00e9 povle\u010den\u00ed Viktor tmav\u011b \u0161ed\u00e9 barvy je u\u0161ito ze 100% certifikovan\u00e9 p\u0159\u00edrodn\u00ed, zm\u011bk\u010den\u00e9 a p\u0159edpran\u00e9 ln\u011bn\u00e9 tkaniny o gram\u00e1\u017ei 185 g\/m\u00b2.","breadcrumb":{"@id":"https:\/\/lanaja.sk\/cs\/obchod\/povleceni-viktor\/#breadcrumb"},"inLanguage":"cs","potentialAction":[{"@type":"ReadAction","target":["https:\/\/lanaja.sk\/cs\/obchod\/povleceni-viktor\/"]}]},{"@type":"ImageObject","inLanguage":"cs","@id":"https:\/\/lanaja.sk\/cs\/obchod\/povleceni-viktor\/#primaryimage","url":"https:\/\/lanaja.sk\/wp-content\/uploads\/2021\/10\/obliecky-sive5-e1633583818224-jpg.webp","contentUrl":"https:\/\/lanaja.sk\/wp-content\/uploads\/2021\/10\/obliecky-sive5-e1633583818224-jpg.webp","width":900,"height":585,"caption":"poste\u013en\u00e9 pr\u00e1dlo"},{"@type":"BreadcrumbList","@id":"https:\/\/lanaja.sk\/cs\/obchod\/povleceni-viktor\/#breadcrumb","itemListElement":[{"@type":"ListItem","position":1,"name":"Home","item":"https:\/\/lanaja.sk\/cs\/"},{"@type":"ListItem","position":2,"name":"Obchod","item":"https:\/\/lanaja.sk\/cs\/obchod-cz\/"},{"@type":"ListItem","position":3,"name":"Ln\u011bn\u00e9 povle\u010den\u00ed Viktor"}]},{"@type":"WebSite","@id":"https:\/\/lanaja.sk\/cs\/#website","url":"https:\/\/lanaja.sk\/cs\/","name":"Lanaja - bytov\u00fd textil z \u013eanu a \u013eanov\u00e9 v\u00fdrobky","description":"Jedine\u010dn\u00fd bytov\u00fd textil, ln\u011bn\u00e9 pytl\u00edky, ln\u011bn\u00e9 ubrusy, ln\u011bn\u00e9 lo\u017en\u00ed povle\u010den\u00ed, ln\u011bn\u00e9 ut\u011brky, ln\u011bn\u00e9 prost\u00edr\u00e1n\u00ed vyroben\u00e9 a \u0161it\u00e9 na Slovensku","publisher":{"@id":"https:\/\/lanaja.sk\/cs\/#organization"},"alternateName":"Lanaja - v\u00fdrobky z \u013eanu, \u013eanov\u00fd bytov\u00fd textil","potentialAction":[{"@type":"SearchAction","target":{"@type":"EntryPoint","urlTemplate":"https:\/\/lanaja.sk\/cs\/?s={search_term_string}"},"query-input":{"@type":"PropertyValueSpecification","valueRequired":true,"valueName":"search_term_string"}}],"inLanguage":"cs"},{"@type":"Organization","@id":"https:\/\/lanaja.sk\/cs\/#organization","name":"Lanaja","alternateName":"Al\u017ebeta Andr\u00e1\u0161ikov\u00e1 - Lanaja","url":"https:\/\/lanaja.sk\/cs\/","logo":{"@type":"ImageObject","inLanguage":"cs","@id":"https:\/\/lanaja.sk\/cs\/#\/schema\/logo\/image\/","url":"https:\/\/lanaja.sk\/wp-content\/uploads\/2024\/01\/Lanaja.sk-logo.png","contentUrl":"https:\/\/lanaja.sk\/wp-content\/uploads\/2024\/01\/Lanaja.sk-logo.png","width":600,"height":300,"caption":"Lanaja"},"image":{"@id":"https:\/\/lanaja.sk\/cs\/#\/schema\/logo\/image\/"},"sameAs":["https:\/\/www.facebook.com\/Abreadbag","https:\/\/www.instagram.com\/lanaja_sk\/"]}]}},"_links":{"self":[{"href":"https:\/\/lanaja.sk\/cs\/wp-json\/wp\/v2\/product\/13306","targetHints":{"allow":["GET"]}}],"collection":[{"href":"https:\/\/lanaja.sk\/cs\/wp-json\/wp\/v2\/product"}],"about":[{"href":"https:\/\/lanaja.sk\/cs\/wp-json\/wp\/v2\/types\/product"}],"version-history":[{"count":2,"href":"https:\/\/lanaja.sk\/cs\/wp-json\/wp\/v2\/product\/13306\/revisions"}],"predecessor-version":[{"id":15144,"href":"https:\/\/lanaja.sk\/cs\/wp-json\/wp\/v2\/product\/13306\/revisions\/15144"}],"wp:featuredmedia":[{"embeddable":true,"href":"https:\/\/lanaja.sk\/cs\/wp-json\/wp\/v2\/media\/7079"}],"wp:attachment":[{"href":"https:\/\/lanaja.sk\/cs\/wp-json\/wp\/v2\/media?parent=13306"}],"wp:term":[{"taxonomy":"product_brand","embeddable":true,"href":"https:\/\/lanaja.sk\/cs\/wp-json\/wp\/v2\/product_brand?post=13306"},{"taxonomy":"product_cat","embeddable":true,"href":"https:\/\/lanaja.sk\/cs\/wp-json\/wp\/v2\/product_cat?post=13306"},{"taxonomy":"product_tag","embeddable":true,"href":"https:\/\/lanaja.sk\/cs\/wp-json\/wp\/v2\/product_tag?post=13306"}],"curies":[{"name":"wp","href":"https:\/\/api.w.org\/{rel}","templated":true}]}}