{"id":13308,"date":"2019-10-28T17:46:01","date_gmt":"2019-10-28T16:46:01","guid":{"rendered":"https:\/\/lanaja.sk\/obchod\/neza\u0159azen\u00e9\/servirovaci-lneny-kos\/"},"modified":"2025-08-03T13:49:34","modified_gmt":"2025-08-03T11:49:34","slug":"servirovaci-lneny-kos","status":"publish","type":"product","link":"https:\/\/lanaja.sk\/cs\/obchod\/servirovaci-lneny-kos\/","title":{"rendered":"Serv\u00edrovac\u00ed ln\u011bn\u00fd ko\u0161\u00edk"},"content":{"rendered":"<h2>Serv\u00edrovac\u00ed ln\u011bn\u00fd ko\u0161\u00edk: Elegance a funk\u010dnost pro va\u0161i kuchyni<\/h2>\n<p>Pono\u0159te se do kr\u00e1sy p\u0159\u00edrodn\u00edch materi\u00e1l\u016f s na\u0161\u00edm jedine\u010dn\u00fdm serv\u00edrovac\u00edm ln\u011bn\u00fdm ko\u0161\u00edkem. Tento ko\u0161\u00edk, ru\u010dn\u011b \u0161it\u00fd s l\u00e1skou v na\u0161\u00ed d\u00edln\u011b, je ide\u00e1ln\u00edm spojen\u00edm tradi\u010dn\u00edho \u0159emesla a modern\u00ed ekologie. Navrhli jsme ho tak, aby slou\u017eil jako stylov\u00fd a praktick\u00fd dopln\u011bk pro serv\u00edrov\u00e1n\u00ed a p\u0159en\u00e1\u0161en\u00ed chleba, sladk\u00e9ho \u010di slan\u00e9ho pe\u010diva. V\u0161echny l\u00e1tky, se kter\u00fdmi pracuji a \u0161ij\u00ed se z nich nejen s\u00e1\u010dky na chl\u00e9b, jsou p\u0159edem p\u0159edepran\u00e9, aby se k v\u00e1m dom\u016f dostal dokonale \u010dist\u00fd v\u00fdrobek. S l\u00e1skou jsme ho navrhli pro v\u0161echny, kte\u0159\u00ed si r\u00e1di vychutn\u00e1vaj\u00ed j\u00eddlo a kr\u00e1su v ka\u017edodenn\u00edm \u017eivot\u011b.   <\/p>\n<h3>V\u00edce ne\u017e jen ko\u0161\u00edk \u2013 z\u00e1\u017eitek ze stolov\u00e1n\u00ed<\/h3>\n<p>Krom\u011b toho, ko\u0161\u00edk nen\u00ed prim\u00e1rn\u011b ur\u010den\u00fd jen na chleba. M\u016f\u017eete ho pou\u017e\u00edt k serv\u00edrov\u00e1n\u00ed sladk\u00e9ho i slan\u00e9ho pe\u010diva, \u010derstv\u00e9ho ovoce nebo jako stylovou dekoraci. Ostatn\u011b, pokud \u017eijete \u201eslow living\u201c a cen\u00edte si p\u0159\u00edrodn\u00ed materi\u00e1ly, tento ko\u0161\u00edk se stane ned\u00edlnou sou\u010d\u00e1st\u00ed va\u0161eho domova. S ln\u011bn\u00fdmi produkty si toti\u017e snadno vytvo\u0159\u00edte \u00fatulnou atmosf\u00e9ru, kde se budete c\u00edtit opravdu doma. Dovolte si vychutnat si oby\u010dejn\u00e9 j\u00eddlo s n\u00e1dechem elegance a klidu.    <\/p>\n<h3>Dokonal\u00e9 vlastnosti, kter\u00e9 si zamilujete:<\/h3>\n<ul>\n<li><b>Vysok\u00e1 kvalita:<\/b> U\u0161it\u00fd ze <b>100% p\u0159edepran\u00e9ho lnu<\/b>, kter\u00fd je zn\u00e1m\u00fd svou odolnost\u00ed a jemnost\u00ed. Materi\u00e1l je p\u0159edem zm\u011bk\u010den\u00fd, tak\u017ee se u\u017e nesr\u00e1\u017e\u00ed a je hned p\u0159ipraven\u00fd k pou\u017eit\u00ed. <\/li>\n<li><b>Pevn\u00e1 konstrukce:<\/b> D\u00edky <b>dvouvrstv\u00e9mu dnu a bok\u016fm<\/b> dr\u017e\u00ed ko\u0161\u00edk dokonale tvar, a\u0165 u\u017e ho pou\u017eijete na serv\u00edrov\u00e1n\u00ed k\u0159upav\u00e9ho pe\u010diva nebo na uskladn\u011bn\u00ed drobnost\u00ed.<\/li>\n<li><b>Ekologick\u00e1 volba:<\/b> Len je obnoviteln\u00fd a pln\u011b biologicky odbourateln\u00fd materi\u00e1l. V\u00fdb\u011brem na\u0161eho <b>serv\u00edrovac\u00edho ln\u011bn\u00e9ho ko\u0161\u00edku<\/b> podporujete udr\u017eitelnost a \u0161etrn\u00fd p\u0159\u00edstup k p\u0159\u00edrod\u011b. <\/li>\n<li><b>V\u0161estrann\u00e9 vyu\u017eit\u00ed:<\/b> A\u010dkoli je ide\u00e1ln\u00ed jako ko\u0161\u00edk na chl\u00e9b, m\u016f\u017eete ho pou\u017e\u00edt i na ovoce, zeleninu nebo jako designov\u00fd \u00falo\u017en\u00fd prostor v jak\u00e9koli m\u00edstnosti.<\/li>\n<\/ul>\n<p>S na\u0161imi ln\u011bn\u00fdmi v\u00fdrobky si m\u016f\u017eete vytvo\u0159it ucelenou atmosf\u00e9ru. Serv\u00edrovac\u00ed ko\u0161\u00edky je mo\u017en\u00e9 dokonale sladit s na\u0161imi <a href=\"https:\/\/lanaja.sk\/cs\/kategorie-produktu\/kuchyne\/lnene-ubrusy-a-prostirani\/\">ln\u011bn\u00fdmi ubrusy<\/a>, <a href=\"https:\/\/lanaja.sk\/cs\/obchod\/kuchyne\/lnene-ubrusy-a-prostirani\/lnene-prostirani-25x40-cm\/\">prost\u00edr\u00e1n\u00edm,<\/a> <a href=\"https:\/\/lanaja.sk\/cs\/obchod\/kuchyne\/lnene-ubrusy-a-prostirani\/lnene-ubrousky\/\">ubrousky<\/a> \u010di <a href=\"https:\/\/lanaja.sk\/cs\/?post_type=product&#038;p=13310\">obaly na p\u0159\u00edbory.<\/a> Pokud pot\u0159ebujete poradit, nev\u00e1hejte n\u00e1s kontaktovat, r\u00e1di v\u00e1m pom\u016f\u017eeme sladit va\u0161e stolov\u00e1n\u00ed do dokonalosti a podle va\u0161ich p\u0159edstav. <\/p>\n<p>Pokud pot\u0159ebujete poradit, nev\u00e1hejte se na m\u011b obr\u00e1tit a napi\u0161te mi, r\u00e1da v\u00e1m odpov\u00edm a spole\u010dn\u011b slad\u00edme va\u0161e stolov\u00e1n\u00ed, a\u0165 u\u017e pro b\u011b\u017en\u00e9 dny nebo sv\u00e1tky, k dokonalosti a va\u0161im p\u0159edstav\u00e1m.<\/p>\n<h3>Serv\u00edrovac\u00ed ln\u011bn\u00fd ko\u0161\u00edk:<\/h3>\n<ul>\n<li><b>Materi\u00e1l:<\/b> 100% len<\/li>\n<li><b>Velikost:<\/b> Pr\u016fm\u011br kulat\u00e9ho dna 18 cm, v\u00fd\u0161ka bez vyhrnut\u00ed 15 cm (s vyhrnut\u00edm 10 cm).<\/li>\n<li><b>Ru\u010dn\u00ed pr\u00e1ce:<\/b> Na\u0161e ln\u011bn\u00e9 v\u00fdrobky, v\u010detn\u011b tohoto ko\u0161\u00edku, \u0161ijeme ru\u010dn\u011b a s nejv\u011bt\u0161\u00ed pe\u010dlivost\u00ed v na\u0161\u00ed d\u00edln\u011b. P\u0159i n\u00e1kupu tak podporujete ekologick\u00fd p\u0159\u00edstup a tradi\u010dn\u00ed ru\u010dn\u00ed pr\u00e1ci. Nezapom\u00ednejte v\u0161ak na to, \u017ee ru\u010dn\u00ed v\u00fdroba vy\u017eaduje \u010das, proto se doba dod\u00e1n\u00ed pohybuje mezi 5-15 pracovn\u00edmi dny. Okouzl\u00ed v\u00e1s nejen kvalita, ale i pocit, \u017ee dr\u017e\u00edte v rukou origin\u00e1l.   <\/li>\n<li><strong>Barva: <\/strong>Sta\u010d\u00ed p\u0159i objedn\u00e1vce napsat vybranou barvu do pozn\u00e1mky z p\u0159ilo\u017een\u00e9ho vzorn\u00edku.<\/li>\n<\/ul>\n<p>V\u00edce o n\u00e1s, o Lanaja, z ka\u017edodenn\u00edho \u017eivota v na\u0161em ateli\u00e9ru, hodnocen\u00ed spokojen\u00fdch z\u00e1kazn\u00edk\u016f si m\u016f\u017eete prohl\u00e9dnout i na na\u0161ich soci\u00e1ln\u00edch s\u00edt\u00edch <a href=\"https:\/\/www.instagram.com\/lanaja_sk\" target=\"_blank\" rel=\"noopener\">Lanaja na Instagramu<\/a> a Lanaja na Facebooku<\/p>\n","protected":false},"excerpt":{"rendered":"<p>Hled\u00e1te kousek, kter\u00fd dod\u00e1 va\u0161emu stolov\u00e1n\u00ed du\u0161i a p\u0159\u00edrodn\u00ed eleganci? N\u00e1\u0161 ln\u011bn\u00fd serv\u00edrovac\u00ed ko\u0161\u00edk je p\u0159esn\u011b takov\u00fd! Je u\u0161it\u00fd v na\u0161\u00ed rodinn\u00e9 d\u00edln\u011b Lanaja ze 100% certifikovan\u00e9ho p\u0159edepran\u00e9ho lnu, kter\u00fd se vyr\u00e1b\u00ed p\u0159\u00edmo v pobaltsk\u00fdch zem\u00edch. Dovolte mu, aby se stal srde\u010dn\u00ed z\u00e1le\u017eitost\u00ed va\u0161ich sn\u00eddan\u00ed a rodinn\u00fdch ob\u011bd\u016f!  <\/p>\n","protected":false},"featured_media":6866,"template":"","meta":[],"product_brand":[],"product_cat":[339],"product_tag":[487],"class_list":{"0":"post-13308","1":"product","2":"type-product","3":"status-publish","4":"has-post-thumbnail","6":"product_cat-lnene-kosiky","7":"product_tag-kuchyne","9":"first","10":"onbackorder","11":"shipping-taxable","12":"purchasable","13":"product-type-simple"},"yoast_head":"<!-- This site is optimized with the Yoast SEO plugin v27.4 - https:\/\/yoast.com\/product\/yoast-seo-wordpress\/ -->\n<title>Serv\u00edrovac\u00ed ln\u011bn\u00fd ko\u0161\u00edk &#8226; Lanaja-slovensk\u00e1 udr\u017eiteln\u00e1 zna\u010dka a v\u00fdrobce ln\u011bn\u00e9ho textilu<\/title>\n<meta name=\"description\" content=\"N\u00e1\u0161 serv\u00edrovac\u00ed ln\u011bn\u00fd ko\u0161\u00edk na chl\u00e9b a pe\u010divo je ide\u00e1ln\u00edm ekologick\u00fdm dopl\u0148kem pro va\u0161e stolov\u00e1n\u00ed. Objevte ru\u010dn\u011b \u0161it\u00fd ko\u0161\u00edk ze 100% p\u0159\u00edrodn\u00edho lnu\" \/>\n<meta name=\"robots\" content=\"index, follow, max-snippet:-1, max-image-preview:large, max-video-preview:-1\" \/>\n<link rel=\"canonical\" href=\"https:\/\/lanaja.sk\/cs\/obchod\/servirovaci-lneny-kos\/\" \/>\n<meta property=\"og:locale\" content=\"cs_CZ\" \/>\n<meta property=\"og:type\" content=\"article\" \/>\n<meta property=\"og:title\" content=\"Serv\u00edrovac\u00ed ln\u011bn\u00fd ko\u0161\u00edk &#8226; Lanaja-slovensk\u00e1 udr\u017eiteln\u00e1 zna\u010dka a v\u00fdrobce ln\u011bn\u00e9ho textilu\" \/>\n<meta property=\"og:description\" content=\"N\u00e1\u0161 serv\u00edrovac\u00ed ln\u011bn\u00fd ko\u0161\u00edk na chl\u00e9b a pe\u010divo je ide\u00e1ln\u00edm ekologick\u00fdm dopl\u0148kem pro va\u0161e stolov\u00e1n\u00ed. Objevte ru\u010dn\u011b \u0161it\u00fd ko\u0161\u00edk ze 100% p\u0159\u00edrodn\u00edho lnu\" \/>\n<meta property=\"og:url\" content=\"https:\/\/lanaja.sk\/cs\/obchod\/servirovaci-lneny-kos\/\" \/>\n<meta property=\"og:site_name\" content=\"Lanaja-slovensk\u00e1 udr\u017eiteln\u00e1 zna\u010dka a v\u00fdrobce ln\u011bn\u00e9ho textilu\" \/>\n<meta property=\"article:publisher\" content=\"https:\/\/www.facebook.com\/Abreadbag\" \/>\n<meta property=\"article:modified_time\" content=\"2025-08-03T11:49:34+00:00\" \/>\n<meta property=\"og:image\" content=\"https:\/\/lanaja.sk\/wp-content\/uploads\/2019\/10\/servirovaci-kosik-e1596725255315-jpg.webp\" \/>\n\t<meta property=\"og:image:width\" content=\"850\" \/>\n\t<meta property=\"og:image:height\" content=\"638\" \/>\n\t<meta property=\"og:image:type\" content=\"image\/jpeg\" \/>\n<meta name=\"twitter:card\" content=\"summary_large_image\" \/>\n<meta name=\"twitter:label1\" content=\"Odhadovan\u00e1 doba \u010dten\u00ed\" \/>\n\t<meta name=\"twitter:data1\" content=\"3 minuty\" \/>\n<script type=\"application\/ld+json\" class=\"yoast-schema-graph\">{\"@context\":\"https:\\\/\\\/schema.org\",\"@graph\":[{\"@type\":\"WebPage\",\"@id\":\"https:\\\/\\\/lanaja.sk\\\/cs\\\/obchod\\\/servirovaci-lneny-kos\\\/\",\"url\":\"https:\\\/\\\/lanaja.sk\\\/cs\\\/obchod\\\/servirovaci-lneny-kos\\\/\",\"name\":\"Serv\u00edrovac\u00ed ln\u011bn\u00fd ko\u0161\u00edk &#8226; Lanaja-slovensk\u00e1 udr\u017eiteln\u00e1 zna\u010dka a v\u00fdrobce ln\u011bn\u00e9ho textilu\",\"isPartOf\":{\"@id\":\"https:\\\/\\\/lanaja.sk\\\/cs\\\/#website\"},\"primaryImageOfPage\":{\"@id\":\"https:\\\/\\\/lanaja.sk\\\/cs\\\/obchod\\\/servirovaci-lneny-kos\\\/#primaryimage\"},\"image\":{\"@id\":\"https:\\\/\\\/lanaja.sk\\\/cs\\\/obchod\\\/servirovaci-lneny-kos\\\/#primaryimage\"},\"thumbnailUrl\":\"https:\\\/\\\/lanaja.sk\\\/wp-content\\\/uploads\\\/2019\\\/10\\\/servirovaci-kosik-e1596725255315-jpg.webp\",\"datePublished\":\"2019-10-28T16:46:01+00:00\",\"dateModified\":\"2025-08-03T11:49:34+00:00\",\"description\":\"N\u00e1\u0161 serv\u00edrovac\u00ed ln\u011bn\u00fd ko\u0161\u00edk na chl\u00e9b a pe\u010divo je ide\u00e1ln\u00edm ekologick\u00fdm dopl\u0148kem pro va\u0161e stolov\u00e1n\u00ed. Objevte ru\u010dn\u011b \u0161it\u00fd ko\u0161\u00edk ze 100% p\u0159\u00edrodn\u00edho lnu\",\"breadcrumb\":{\"@id\":\"https:\\\/\\\/lanaja.sk\\\/cs\\\/obchod\\\/servirovaci-lneny-kos\\\/#breadcrumb\"},\"inLanguage\":\"cs\",\"potentialAction\":[{\"@type\":\"ReadAction\",\"target\":[\"https:\\\/\\\/lanaja.sk\\\/cs\\\/obchod\\\/servirovaci-lneny-kos\\\/\"]}]},{\"@type\":\"ImageObject\",\"inLanguage\":\"cs\",\"@id\":\"https:\\\/\\\/lanaja.sk\\\/cs\\\/obchod\\\/servirovaci-lneny-kos\\\/#primaryimage\",\"url\":\"https:\\\/\\\/lanaja.sk\\\/wp-content\\\/uploads\\\/2019\\\/10\\\/servirovaci-kosik-e1596725255315-jpg.webp\",\"contentUrl\":\"https:\\\/\\\/lanaja.sk\\\/wp-content\\\/uploads\\\/2019\\\/10\\\/servirovaci-kosik-e1596725255315-jpg.webp\",\"width\":850,\"height\":638,\"caption\":\"\u013eanov\u00fd ko\u0161\u00edk\"},{\"@type\":\"BreadcrumbList\",\"@id\":\"https:\\\/\\\/lanaja.sk\\\/cs\\\/obchod\\\/servirovaci-lneny-kos\\\/#breadcrumb\",\"itemListElement\":[{\"@type\":\"ListItem\",\"position\":1,\"name\":\"Home\",\"item\":\"https:\\\/\\\/lanaja.sk\\\/cs\\\/\"},{\"@type\":\"ListItem\",\"position\":2,\"name\":\"Obchod\",\"item\":\"https:\\\/\\\/lanaja.sk\\\/cs\\\/obchod-cz\\\/\"},{\"@type\":\"ListItem\",\"position\":3,\"name\":\"Serv\u00edrovac\u00ed ln\u011bn\u00fd ko\u0161\u00edk\"}]},{\"@type\":\"WebSite\",\"@id\":\"https:\\\/\\\/lanaja.sk\\\/cs\\\/#website\",\"url\":\"https:\\\/\\\/lanaja.sk\\\/cs\\\/\",\"name\":\"Lanaja - bytov\u00fd textil z \u013eanu a \u013eanov\u00e9 v\u00fdrobky\",\"description\":\"Jedine\u010dn\u00fd bytov\u00fd textil, ln\u011bn\u00e9 pytl\u00edky, ln\u011bn\u00e9 ubrusy, ln\u011bn\u00e9 lo\u017en\u00ed povle\u010den\u00ed, ln\u011bn\u00e9 ut\u011brky, ln\u011bn\u00e9 prost\u00edr\u00e1n\u00ed vyroben\u00e9 a \u0161it\u00e9 na Slovensku\",\"publisher\":{\"@id\":\"https:\\\/\\\/lanaja.sk\\\/cs\\\/#organization\"},\"alternateName\":\"Lanaja - v\u00fdrobky z \u013eanu, \u013eanov\u00fd bytov\u00fd textil\",\"potentialAction\":[{\"@type\":\"SearchAction\",\"target\":{\"@type\":\"EntryPoint\",\"urlTemplate\":\"https:\\\/\\\/lanaja.sk\\\/cs\\\/?s={search_term_string}\"},\"query-input\":{\"@type\":\"PropertyValueSpecification\",\"valueRequired\":true,\"valueName\":\"search_term_string\"}}],\"inLanguage\":\"cs\"},{\"@type\":\"Organization\",\"@id\":\"https:\\\/\\\/lanaja.sk\\\/cs\\\/#organization\",\"name\":\"Lanaja\",\"alternateName\":\"Al\u017ebeta Andr\u00e1\u0161ikov\u00e1 - Lanaja\",\"url\":\"https:\\\/\\\/lanaja.sk\\\/cs\\\/\",\"logo\":{\"@type\":\"ImageObject\",\"inLanguage\":\"cs\",\"@id\":\"https:\\\/\\\/lanaja.sk\\\/cs\\\/#\\\/schema\\\/logo\\\/image\\\/\",\"url\":\"https:\\\/\\\/lanaja.sk\\\/wp-content\\\/uploads\\\/2024\\\/01\\\/Lanaja.sk-logo.png\",\"contentUrl\":\"https:\\\/\\\/lanaja.sk\\\/wp-content\\\/uploads\\\/2024\\\/01\\\/Lanaja.sk-logo.png\",\"width\":600,\"height\":300,\"caption\":\"Lanaja\"},\"image\":{\"@id\":\"https:\\\/\\\/lanaja.sk\\\/cs\\\/#\\\/schema\\\/logo\\\/image\\\/\"},\"sameAs\":[\"https:\\\/\\\/www.facebook.com\\\/Abreadbag\",\"https:\\\/\\\/www.instagram.com\\\/lanaja_sk\\\/\"]}]}<\/script>\n<!-- \/ Yoast SEO plugin. -->","yoast_head_json":{"title":"Serv\u00edrovac\u00ed ln\u011bn\u00fd ko\u0161\u00edk &#8226; Lanaja-slovensk\u00e1 udr\u017eiteln\u00e1 zna\u010dka a v\u00fdrobce ln\u011bn\u00e9ho textilu","description":"N\u00e1\u0161 serv\u00edrovac\u00ed ln\u011bn\u00fd ko\u0161\u00edk na chl\u00e9b a pe\u010divo je ide\u00e1ln\u00edm ekologick\u00fdm dopl\u0148kem pro va\u0161e stolov\u00e1n\u00ed. Objevte ru\u010dn\u011b \u0161it\u00fd ko\u0161\u00edk ze 100% p\u0159\u00edrodn\u00edho lnu","robots":{"index":"index","follow":"follow","max-snippet":"max-snippet:-1","max-image-preview":"max-image-preview:large","max-video-preview":"max-video-preview:-1"},"canonical":"https:\/\/lanaja.sk\/cs\/obchod\/servirovaci-lneny-kos\/","og_locale":"cs_CZ","og_type":"article","og_title":"Serv\u00edrovac\u00ed ln\u011bn\u00fd ko\u0161\u00edk &#8226; Lanaja-slovensk\u00e1 udr\u017eiteln\u00e1 zna\u010dka a v\u00fdrobce ln\u011bn\u00e9ho textilu","og_description":"N\u00e1\u0161 serv\u00edrovac\u00ed ln\u011bn\u00fd ko\u0161\u00edk na chl\u00e9b a pe\u010divo je ide\u00e1ln\u00edm ekologick\u00fdm dopl\u0148kem pro va\u0161e stolov\u00e1n\u00ed. Objevte ru\u010dn\u011b \u0161it\u00fd ko\u0161\u00edk ze 100% p\u0159\u00edrodn\u00edho lnu","og_url":"https:\/\/lanaja.sk\/cs\/obchod\/servirovaci-lneny-kos\/","og_site_name":"Lanaja-slovensk\u00e1 udr\u017eiteln\u00e1 zna\u010dka a v\u00fdrobce ln\u011bn\u00e9ho textilu","article_publisher":"https:\/\/www.facebook.com\/Abreadbag","article_modified_time":"2025-08-03T11:49:34+00:00","og_image":[{"width":850,"height":638,"url":"https:\/\/lanaja.sk\/wp-content\/uploads\/2019\/10\/servirovaci-kosik-e1596725255315-jpg.webp","type":"image\/jpeg"}],"twitter_card":"summary_large_image","twitter_misc":{"Odhadovan\u00e1 doba \u010dten\u00ed":"3 minuty"},"schema":{"@context":"https:\/\/schema.org","@graph":[{"@type":"WebPage","@id":"https:\/\/lanaja.sk\/cs\/obchod\/servirovaci-lneny-kos\/","url":"https:\/\/lanaja.sk\/cs\/obchod\/servirovaci-lneny-kos\/","name":"Serv\u00edrovac\u00ed ln\u011bn\u00fd ko\u0161\u00edk &#8226; Lanaja-slovensk\u00e1 udr\u017eiteln\u00e1 zna\u010dka a v\u00fdrobce ln\u011bn\u00e9ho textilu","isPartOf":{"@id":"https:\/\/lanaja.sk\/cs\/#website"},"primaryImageOfPage":{"@id":"https:\/\/lanaja.sk\/cs\/obchod\/servirovaci-lneny-kos\/#primaryimage"},"image":{"@id":"https:\/\/lanaja.sk\/cs\/obchod\/servirovaci-lneny-kos\/#primaryimage"},"thumbnailUrl":"https:\/\/lanaja.sk\/wp-content\/uploads\/2019\/10\/servirovaci-kosik-e1596725255315-jpg.webp","datePublished":"2019-10-28T16:46:01+00:00","dateModified":"2025-08-03T11:49:34+00:00","description":"N\u00e1\u0161 serv\u00edrovac\u00ed ln\u011bn\u00fd ko\u0161\u00edk na chl\u00e9b a pe\u010divo je ide\u00e1ln\u00edm ekologick\u00fdm dopl\u0148kem pro va\u0161e stolov\u00e1n\u00ed. Objevte ru\u010dn\u011b \u0161it\u00fd ko\u0161\u00edk ze 100% p\u0159\u00edrodn\u00edho lnu","breadcrumb":{"@id":"https:\/\/lanaja.sk\/cs\/obchod\/servirovaci-lneny-kos\/#breadcrumb"},"inLanguage":"cs","potentialAction":[{"@type":"ReadAction","target":["https:\/\/lanaja.sk\/cs\/obchod\/servirovaci-lneny-kos\/"]}]},{"@type":"ImageObject","inLanguage":"cs","@id":"https:\/\/lanaja.sk\/cs\/obchod\/servirovaci-lneny-kos\/#primaryimage","url":"https:\/\/lanaja.sk\/wp-content\/uploads\/2019\/10\/servirovaci-kosik-e1596725255315-jpg.webp","contentUrl":"https:\/\/lanaja.sk\/wp-content\/uploads\/2019\/10\/servirovaci-kosik-e1596725255315-jpg.webp","width":850,"height":638,"caption":"\u013eanov\u00fd ko\u0161\u00edk"},{"@type":"BreadcrumbList","@id":"https:\/\/lanaja.sk\/cs\/obchod\/servirovaci-lneny-kos\/#breadcrumb","itemListElement":[{"@type":"ListItem","position":1,"name":"Home","item":"https:\/\/lanaja.sk\/cs\/"},{"@type":"ListItem","position":2,"name":"Obchod","item":"https:\/\/lanaja.sk\/cs\/obchod-cz\/"},{"@type":"ListItem","position":3,"name":"Serv\u00edrovac\u00ed ln\u011bn\u00fd ko\u0161\u00edk"}]},{"@type":"WebSite","@id":"https:\/\/lanaja.sk\/cs\/#website","url":"https:\/\/lanaja.sk\/cs\/","name":"Lanaja - bytov\u00fd textil z \u013eanu a \u013eanov\u00e9 v\u00fdrobky","description":"Jedine\u010dn\u00fd bytov\u00fd textil, ln\u011bn\u00e9 pytl\u00edky, ln\u011bn\u00e9 ubrusy, ln\u011bn\u00e9 lo\u017en\u00ed povle\u010den\u00ed, ln\u011bn\u00e9 ut\u011brky, ln\u011bn\u00e9 prost\u00edr\u00e1n\u00ed vyroben\u00e9 a \u0161it\u00e9 na Slovensku","publisher":{"@id":"https:\/\/lanaja.sk\/cs\/#organization"},"alternateName":"Lanaja - v\u00fdrobky z \u013eanu, \u013eanov\u00fd bytov\u00fd textil","potentialAction":[{"@type":"SearchAction","target":{"@type":"EntryPoint","urlTemplate":"https:\/\/lanaja.sk\/cs\/?s={search_term_string}"},"query-input":{"@type":"PropertyValueSpecification","valueRequired":true,"valueName":"search_term_string"}}],"inLanguage":"cs"},{"@type":"Organization","@id":"https:\/\/lanaja.sk\/cs\/#organization","name":"Lanaja","alternateName":"Al\u017ebeta Andr\u00e1\u0161ikov\u00e1 - Lanaja","url":"https:\/\/lanaja.sk\/cs\/","logo":{"@type":"ImageObject","inLanguage":"cs","@id":"https:\/\/lanaja.sk\/cs\/#\/schema\/logo\/image\/","url":"https:\/\/lanaja.sk\/wp-content\/uploads\/2024\/01\/Lanaja.sk-logo.png","contentUrl":"https:\/\/lanaja.sk\/wp-content\/uploads\/2024\/01\/Lanaja.sk-logo.png","width":600,"height":300,"caption":"Lanaja"},"image":{"@id":"https:\/\/lanaja.sk\/cs\/#\/schema\/logo\/image\/"},"sameAs":["https:\/\/www.facebook.com\/Abreadbag","https:\/\/www.instagram.com\/lanaja_sk\/"]}]}},"_links":{"self":[{"href":"https:\/\/lanaja.sk\/cs\/wp-json\/wp\/v2\/product\/13308","targetHints":{"allow":["GET"]}}],"collection":[{"href":"https:\/\/lanaja.sk\/cs\/wp-json\/wp\/v2\/product"}],"about":[{"href":"https:\/\/lanaja.sk\/cs\/wp-json\/wp\/v2\/types\/product"}],"version-history":[{"count":2,"href":"https:\/\/lanaja.sk\/cs\/wp-json\/wp\/v2\/product\/13308\/revisions"}],"predecessor-version":[{"id":16474,"href":"https:\/\/lanaja.sk\/cs\/wp-json\/wp\/v2\/product\/13308\/revisions\/16474"}],"wp:featuredmedia":[{"embeddable":true,"href":"https:\/\/lanaja.sk\/cs\/wp-json\/wp\/v2\/media\/6866"}],"wp:attachment":[{"href":"https:\/\/lanaja.sk\/cs\/wp-json\/wp\/v2\/media?parent=13308"}],"wp:term":[{"taxonomy":"product_brand","embeddable":true,"href":"https:\/\/lanaja.sk\/cs\/wp-json\/wp\/v2\/product_brand?post=13308"},{"taxonomy":"product_cat","embeddable":true,"href":"https:\/\/lanaja.sk\/cs\/wp-json\/wp\/v2\/product_cat?post=13308"},{"taxonomy":"product_tag","embeddable":true,"href":"https:\/\/lanaja.sk\/cs\/wp-json\/wp\/v2\/product_tag?post=13308"}],"curies":[{"name":"wp","href":"https:\/\/api.w.org\/{rel}","templated":true}]}}