{"id":13311,"date":"2019-11-09T20:39:28","date_gmt":"2019-11-09T19:39:28","guid":{"rendered":"https:\/\/lanaja.sk\/obchod\/neza\u0159azen\u00e9\/lneny-ubrus-strip\/"},"modified":"2025-08-02T20:55:03","modified_gmt":"2025-08-02T18:55:03","slug":"lneny-ubrus-strip","status":"publish","type":"product","link":"https:\/\/lanaja.sk\/cs\/obchod\/lneny-ubrus-strip\/","title":{"rendered":"Ln\u011bn\u00fd ubrus Prou\u017eek"},"content":{"rendered":"<h2>Ln\u011bn\u00fd ubrus Prou\u017eek<\/h2>\n<p><strong>Ln\u011bn\u00fd ubrus Prou\u017eek<\/strong> je u\u0161it\u00fd z p\u0159edepran\u00e9ho m\u011bk\u010den\u00e9ho 100% lnu. Pokud se v\u00e1m l\u00edb\u00ed a \u017eijete sv\u016fj \u201eslow living\u201c, je to pro v\u00e1s ta prav\u00e1 dekorace do va\u0161eho domova. Pokud si ln\u011bn\u00fdm ubrusem prost\u0159ete j\u00eddeln\u00ed st\u016fl, p\u0159idaj\u00ed v\u00e1m k va\u0161emu p\u0159ipraven\u00e9mu j\u00eddlu atmosf\u00e9ru jednoduch\u00e9ho luxusu. Celkov\u011b jsou ln\u011bn\u00e9 ubrusy \u201eum\u011blci\u201c sami o sob\u011b, p\u0159\u00edrodn\u00ed v\u016fn\u00ed a strukturou p\u0159in\u00e1\u0161ej\u00ed do va\u0161eho domova p\u0159\u00edrodu, jednoduchost a autenticitu. Jsou to neoby\u010dejn\u00e9 textiln\u00ed skvosty, kter\u00e9 o\u017eiv\u00ed v\u00e1\u0161 interi\u00e9r a z\u00e1rove\u0148 p\u0159isp\u00edvaj\u00ed k udr\u017eitelnosti pou\u017eit\u00edm p\u0159\u00edrodn\u00edch materi\u00e1l\u016f.<\/p>\n<p>Len je p\u0159edepran\u00fd na 40 \u00b0C. Proto ji\u017e nen\u00ed nutn\u00e9 po\u010d\u00edtat s jeho sr\u00e1\u017elivost\u00ed. Dovolte lnu, aby se ma\u010dkal, je to jeho p\u0159irozen\u00e1 vlastnost. Pokud jste p\u0159esto velc\u00ed kamar\u00e1di s \u017eehli\u010dkou a \u017eehl\u00edte v\u0161echno, co v\u00e1m p\u0159ijde pod ruku, doporu\u010duji len \u017eehlit vlhk\u00fd, nebo jemn\u011b nakropen\u00fd.<\/p>\n<p>Pokud hled\u00e1te zp\u016fsob, jak vytvo\u0159it udr\u017eiteln\u011bj\u0161\u00ed a ekologi\u010dt\u011bj\u0161\u00ed prost\u0159ed\u00ed ve va\u0161em domov\u011b, ekologick\u00e9 spojen\u00ed 100% lnu je ur\u010dit\u011b materi\u00e1lem, do kter\u00e9ho se v\u00e1m vyplat\u00ed investovat. 100% len je \u0161etrn\u00fd k \u017eivotn\u00edmu prost\u0159ed\u00ed, z\u00e1rove\u0148 je obnoviteln\u00fdm zdrojem. P\u0159i jeho p\u011bstov\u00e1n\u00ed se nepou\u017e\u00edvaj\u00ed \u017e\u00e1dn\u00e1 hnojiva a nepot\u0159ebuje \u017e\u00e1dn\u00e9 zavla\u017eov\u00e1n\u00ed. Len je tak\u00e9 pln\u011b biologicky odbourateln\u00fd.<\/p>\n<p>K ln\u011bn\u00e9mu ubrusu si m\u016f\u017eete kr\u00e1sn\u011b sladit ln\u011bn\u00e9 prost\u00edr\u00e1n\u00ed, ln\u011bn\u00e9 ko\u0161\u00edky, pytl\u00edky na chl\u00e9b z ln\u011bn\u00e9ho pl\u00e1tna nebo ln\u011bn\u00e9 obaly na p\u0159\u00edbor.<\/p>\n<p>Jako bonus v\u00e1m p\u0159ijdou v\u0161echny v\u00fdrobky kr\u00e1sn\u011b zabalen\u00e9 a my v\u00e1s tak zbav\u00edme starost\u00ed s vym\u00fd\u0161len\u00edm d\u00e1rkov\u00fdch balen\u00ed. Bal\u00ed\u010dek m\u016f\u017eete rovnou darovat, a\u0165 u\u017e k sv\u00e1tku, nebo k V\u00e1noc\u016fm. Sestavte si vlastn\u00ed kombinaci barev, p\u0159ijde k v\u00e1m kr\u00e1sn\u00e1 a vo\u0148av\u00e1 krabi\u010dka.<\/p>\n<p>Ln\u011bn\u00e9 ubrusy se pro v\u00e1s p\u0159ipravuj\u00ed a \u0161ij\u00ed na m\u00edru. Pokud si p\u0159ejete jin\u00fd rozm\u011br, napi\u0161te n\u00e1m velikost va\u0161\u00ed vrchn\u00ed desky stolu, velmi r\u00e1di v\u00e1m porad\u00edme. M\u016f\u017eete tak\u00e9 vyu\u017e\u00edt na\u0161ich online konzultac\u00ed.<\/p>\n<p>Ln\u011bn\u00fd ubrus si m\u016f\u017eete rovn\u011b\u017e sladit s ln\u011bn\u00fdmi ubrousky, u\u0161et\u0159\u00edte tak pap\u00edrov\u00e9 ubrousky, nevytvo\u0159\u00edte zbyte\u010dn\u00fd odpad a va\u0161e stolov\u00e1n\u00ed bude elegantn\u011bj\u0161\u00ed<a href=\"https:\/\/lanaja.sk\/cs\/obchod\/kuchyne\/lnene-ubrusy-a-prostirani\/lnene-ubrousky\/\" target=\"_blank\" rel=\"noopener noreferrer\"> ZDE.<\/a><\/p>\n<p class=\"article\"><strong>Po\u010d\u00edtejte s dodac\u00ed lh\u016ftou 5-15 pracovn\u00edch dn\u016f, pokud nem\u00e1me produkt \u0161it\u00fd skladem, ru\u010dn\u00ed pr\u00e1ce vy\u017eaduje n\u00e1\u0161 \u010das. Ln\u011bn\u00e9 v\u00fdrobky \u0161ijeme v na\u0161\u00ed d\u00edln\u011b dle Va\u0161eho p\u0159\u00e1n\u00ed a na m\u00edru v z\u00e1vislosti na konkr\u00e9tn\u00edm v\u00fdrobku.<\/strong><\/p>\n","protected":false},"excerpt":{"rendered":"<div class=\"elementor-element elementor-element-702c56f5 elementor-widget elementor-widget-woocommerce-product-short-description\" data-id=\"702c56f5\" data-element_type=\"widget\" data-widget_type=\"woocommerce-product-short-description.default\">\n<div class=\"elementor-widget-container\">\n<div class=\"woocommerce-product-details__short-description\">\n<p>Ln\u011bn\u00e1 l\u00e1tka je z\u00e1zrakem p\u0159\u00edrody, p\u0159in\u00e1\u0161\u00ed do va\u0161eho domova pocit pohodl\u00ed a harmonie. Prou\u017ekovan\u00fd vzor na ln\u011bn\u00e9m ubrusu dok\u00e1\u017ee vytvo\u0159it dokonal\u00fd rustik\u00e1ln\u00ed a vintage styl. P\u0159i \u0161it\u00ed ubrusu jsme se nezam\u011b\u0159ili pouze na jeho vizu\u00e1ln\u00ed str\u00e1nku, ale tak\u00e9 jsme dbali na jeho trvanlivost a kvalitu. Materi\u00e1l je odoln\u00fd v\u016f\u010di po\u0161kozen\u00ed a u\u0161pin\u011bn\u00ed, tak\u017ee se nemus\u00edte b\u00e1t, \u017ee by v\u00e1m rychle vybledl nebo se pou\u017e\u00edv\u00e1n\u00edm rychle zni\u010dil. V\u0161echny na\u0161e ln\u011bn\u00e9 ubrusy jsou ru\u010dn\u011b u\u0161it\u00e9 v na\u0161\u00ed d\u00edln\u011b, a to je n\u011bco, co d\u011bl\u00e1 n\u00e1\u0161 produkt jedine\u010dn\u00fdm. Ka\u017ed\u00fd kus l\u00e1tky jsme s velkou pe\u010dlivost\u00ed vyb\u00edrali a ka\u017ed\u00fd krok p\u0159i v\u00fdrob\u011b jsme pro\u0161li s nejv\u011bt\u0161\u00ed pe\u010dlivost\u00ed a l\u00e1skou. V\u00fdb\u011brem tohoto vintage prou\u017ekovan\u00e9ho ln\u011bn\u00e9ho ubrusu z na\u0161\u00ed d\u00edlny se stanete majitelem n\u011b\u010deho skute\u010dn\u011b kvalitn\u00edho a jedine\u010dn\u00e9ho.<\/p>\n<\/div>\n<\/div>\n<\/div>\n<div class=\"elementor-element elementor-element-286734fa elementor-widget-divider--view-line elementor-widget elementor-widget-divider\" data-id=\"286734fa\" data-element_type=\"widget\" data-widget_type=\"divider.default\">\n<div class=\"elementor-widget-container\">\n<div class=\"elementor-divider\"><\/div>\n<\/div>\n<\/div>\n","protected":false},"featured_media":6873,"template":"","meta":[],"product_brand":[],"product_cat":[351],"product_tag":[352],"class_list":{"0":"post-13311","1":"product","2":"type-product","3":"status-publish","4":"has-post-thumbnail","6":"product_cat-lnene-ubrusy-a-prostirani","7":"product_tag-lneny-ubrus","9":"first","10":"onbackorder","11":"shipping-taxable","12":"purchasable","13":"product-type-variable"},"yoast_head":"<!-- This site is optimized with the Yoast SEO plugin v27.4 - https:\/\/yoast.com\/product\/yoast-seo-wordpress\/ -->\n<title>Ln\u011bn\u00fd ubrus Prou\u017eek &#8226; Lanaja-slovensk\u00e1 udr\u017eiteln\u00e1 zna\u010dka a v\u00fdrobce ln\u011bn\u00e9ho textilu<\/title>\n<meta name=\"description\" content=\"Ln\u011bn\u00fd ubrus Prou\u017eek je u\u0161it\u00fd z p\u0159edepran\u00e9ho m\u011bk\u010den\u00e9ho evropsk\u00e9ho 100% lnu p\u0159\u00edmo v na\u0161\u00ed d\u00edln\u011b Lanaja. V\u00fdb\u011brem tohoto vintage prou\u017ekovan\u00e9ho ln\u011bn\u00e9ho ubrusu...\" \/>\n<meta name=\"robots\" content=\"index, follow, max-snippet:-1, max-image-preview:large, max-video-preview:-1\" \/>\n<link rel=\"canonical\" href=\"https:\/\/lanaja.sk\/cs\/obchod\/lneny-ubrus-strip\/\" \/>\n<meta property=\"og:locale\" content=\"cs_CZ\" \/>\n<meta property=\"og:type\" content=\"article\" \/>\n<meta property=\"og:title\" content=\"Ln\u011bn\u00fd ubrus Prou\u017eek &#8226; Lanaja-slovensk\u00e1 udr\u017eiteln\u00e1 zna\u010dka a v\u00fdrobce ln\u011bn\u00e9ho textilu\" \/>\n<meta property=\"og:description\" content=\"Ln\u011bn\u00fd ubrus Prou\u017eek je u\u0161it\u00fd z p\u0159edepran\u00e9ho m\u011bk\u010den\u00e9ho evropsk\u00e9ho 100% lnu p\u0159\u00edmo v na\u0161\u00ed d\u00edln\u011b Lanaja. V\u00fdb\u011brem tohoto vintage prou\u017ekovan\u00e9ho ln\u011bn\u00e9ho ubrusu...\" \/>\n<meta property=\"og:url\" content=\"https:\/\/lanaja.sk\/cs\/obchod\/lneny-ubrus-strip\/\" \/>\n<meta property=\"og:site_name\" content=\"Lanaja-slovensk\u00e1 udr\u017eiteln\u00e1 zna\u010dka a v\u00fdrobce ln\u011bn\u00e9ho textilu\" \/>\n<meta property=\"article:publisher\" content=\"https:\/\/www.facebook.com\/Abreadbag\" \/>\n<meta property=\"article:modified_time\" content=\"2025-08-02T18:55:03+00:00\" \/>\n<meta property=\"og:image\" content=\"https:\/\/lanaja.sk\/wp-content\/uploads\/2019\/11\/lanovy-obrus.jpg\" \/>\n\t<meta property=\"og:image:width\" content=\"638\" \/>\n\t<meta property=\"og:image:height\" content=\"850\" \/>\n\t<meta property=\"og:image:type\" content=\"image\/jpeg\" \/>\n<meta name=\"twitter:card\" content=\"summary_large_image\" \/>\n<meta name=\"twitter:label1\" content=\"Odhadovan\u00e1 doba \u010dten\u00ed\" \/>\n\t<meta name=\"twitter:data1\" content=\"2 minuty\" \/>\n<script type=\"application\/ld+json\" class=\"yoast-schema-graph\">{\"@context\":\"https:\\\/\\\/schema.org\",\"@graph\":[{\"@type\":\"WebPage\",\"@id\":\"https:\\\/\\\/lanaja.sk\\\/cs\\\/obchod\\\/lneny-ubrus-strip\\\/\",\"url\":\"https:\\\/\\\/lanaja.sk\\\/cs\\\/obchod\\\/lneny-ubrus-strip\\\/\",\"name\":\"Ln\u011bn\u00fd ubrus Prou\u017eek &#8226; Lanaja-slovensk\u00e1 udr\u017eiteln\u00e1 zna\u010dka a v\u00fdrobce ln\u011bn\u00e9ho textilu\",\"isPartOf\":{\"@id\":\"https:\\\/\\\/lanaja.sk\\\/cs\\\/#website\"},\"primaryImageOfPage\":{\"@id\":\"https:\\\/\\\/lanaja.sk\\\/cs\\\/obchod\\\/lneny-ubrus-strip\\\/#primaryimage\"},\"image\":{\"@id\":\"https:\\\/\\\/lanaja.sk\\\/cs\\\/obchod\\\/lneny-ubrus-strip\\\/#primaryimage\"},\"thumbnailUrl\":\"https:\\\/\\\/lanaja.sk\\\/wp-content\\\/uploads\\\/2019\\\/11\\\/lanovy-obrus.jpg\",\"datePublished\":\"2019-11-09T19:39:28+00:00\",\"dateModified\":\"2025-08-02T18:55:03+00:00\",\"description\":\"Ln\u011bn\u00fd ubrus Prou\u017eek je u\u0161it\u00fd z p\u0159edepran\u00e9ho m\u011bk\u010den\u00e9ho evropsk\u00e9ho 100% lnu p\u0159\u00edmo v na\u0161\u00ed d\u00edln\u011b Lanaja. V\u00fdb\u011brem tohoto vintage prou\u017ekovan\u00e9ho ln\u011bn\u00e9ho ubrusu...\",\"breadcrumb\":{\"@id\":\"https:\\\/\\\/lanaja.sk\\\/cs\\\/obchod\\\/lneny-ubrus-strip\\\/#breadcrumb\"},\"inLanguage\":\"cs\",\"potentialAction\":[{\"@type\":\"ReadAction\",\"target\":[\"https:\\\/\\\/lanaja.sk\\\/cs\\\/obchod\\\/lneny-ubrus-strip\\\/\"]}]},{\"@type\":\"ImageObject\",\"inLanguage\":\"cs\",\"@id\":\"https:\\\/\\\/lanaja.sk\\\/cs\\\/obchod\\\/lneny-ubrus-strip\\\/#primaryimage\",\"url\":\"https:\\\/\\\/lanaja.sk\\\/wp-content\\\/uploads\\\/2019\\\/11\\\/lanovy-obrus.jpg\",\"contentUrl\":\"https:\\\/\\\/lanaja.sk\\\/wp-content\\\/uploads\\\/2019\\\/11\\\/lanovy-obrus.jpg\",\"width\":638,\"height\":850,\"caption\":\"kuchynsk\u00e9 obrusy\"},{\"@type\":\"BreadcrumbList\",\"@id\":\"https:\\\/\\\/lanaja.sk\\\/cs\\\/obchod\\\/lneny-ubrus-strip\\\/#breadcrumb\",\"itemListElement\":[{\"@type\":\"ListItem\",\"position\":1,\"name\":\"Home\",\"item\":\"https:\\\/\\\/lanaja.sk\\\/cs\\\/\"},{\"@type\":\"ListItem\",\"position\":2,\"name\":\"Obchod\",\"item\":\"https:\\\/\\\/lanaja.sk\\\/cs\\\/obchod-cz\\\/\"},{\"@type\":\"ListItem\",\"position\":3,\"name\":\"Ln\u011bn\u00fd ubrus Prou\u017eek\"}]},{\"@type\":\"WebSite\",\"@id\":\"https:\\\/\\\/lanaja.sk\\\/cs\\\/#website\",\"url\":\"https:\\\/\\\/lanaja.sk\\\/cs\\\/\",\"name\":\"Lanaja - bytov\u00fd textil z \u013eanu a \u013eanov\u00e9 v\u00fdrobky\",\"description\":\"Jedine\u010dn\u00fd bytov\u00fd textil, ln\u011bn\u00e9 pytl\u00edky, ln\u011bn\u00e9 ubrusy, ln\u011bn\u00e9 lo\u017en\u00ed povle\u010den\u00ed, ln\u011bn\u00e9 ut\u011brky, ln\u011bn\u00e9 prost\u00edr\u00e1n\u00ed vyroben\u00e9 a \u0161it\u00e9 na Slovensku\",\"publisher\":{\"@id\":\"https:\\\/\\\/lanaja.sk\\\/cs\\\/#organization\"},\"alternateName\":\"Lanaja - v\u00fdrobky z \u013eanu, \u013eanov\u00fd bytov\u00fd textil\",\"potentialAction\":[{\"@type\":\"SearchAction\",\"target\":{\"@type\":\"EntryPoint\",\"urlTemplate\":\"https:\\\/\\\/lanaja.sk\\\/cs\\\/?s={search_term_string}\"},\"query-input\":{\"@type\":\"PropertyValueSpecification\",\"valueRequired\":true,\"valueName\":\"search_term_string\"}}],\"inLanguage\":\"cs\"},{\"@type\":\"Organization\",\"@id\":\"https:\\\/\\\/lanaja.sk\\\/cs\\\/#organization\",\"name\":\"Lanaja\",\"alternateName\":\"Al\u017ebeta Andr\u00e1\u0161ikov\u00e1 - Lanaja\",\"url\":\"https:\\\/\\\/lanaja.sk\\\/cs\\\/\",\"logo\":{\"@type\":\"ImageObject\",\"inLanguage\":\"cs\",\"@id\":\"https:\\\/\\\/lanaja.sk\\\/cs\\\/#\\\/schema\\\/logo\\\/image\\\/\",\"url\":\"https:\\\/\\\/lanaja.sk\\\/wp-content\\\/uploads\\\/2024\\\/01\\\/Lanaja.sk-logo.png\",\"contentUrl\":\"https:\\\/\\\/lanaja.sk\\\/wp-content\\\/uploads\\\/2024\\\/01\\\/Lanaja.sk-logo.png\",\"width\":600,\"height\":300,\"caption\":\"Lanaja\"},\"image\":{\"@id\":\"https:\\\/\\\/lanaja.sk\\\/cs\\\/#\\\/schema\\\/logo\\\/image\\\/\"},\"sameAs\":[\"https:\\\/\\\/www.facebook.com\\\/Abreadbag\",\"https:\\\/\\\/www.instagram.com\\\/lanaja_sk\\\/\"]}]}<\/script>\n<!-- \/ Yoast SEO plugin. -->","yoast_head_json":{"title":"Ln\u011bn\u00fd ubrus Prou\u017eek &#8226; Lanaja-slovensk\u00e1 udr\u017eiteln\u00e1 zna\u010dka a v\u00fdrobce ln\u011bn\u00e9ho textilu","description":"Ln\u011bn\u00fd ubrus Prou\u017eek je u\u0161it\u00fd z p\u0159edepran\u00e9ho m\u011bk\u010den\u00e9ho evropsk\u00e9ho 100% lnu p\u0159\u00edmo v na\u0161\u00ed d\u00edln\u011b Lanaja. V\u00fdb\u011brem tohoto vintage prou\u017ekovan\u00e9ho ln\u011bn\u00e9ho ubrusu...","robots":{"index":"index","follow":"follow","max-snippet":"max-snippet:-1","max-image-preview":"max-image-preview:large","max-video-preview":"max-video-preview:-1"},"canonical":"https:\/\/lanaja.sk\/cs\/obchod\/lneny-ubrus-strip\/","og_locale":"cs_CZ","og_type":"article","og_title":"Ln\u011bn\u00fd ubrus Prou\u017eek &#8226; Lanaja-slovensk\u00e1 udr\u017eiteln\u00e1 zna\u010dka a v\u00fdrobce ln\u011bn\u00e9ho textilu","og_description":"Ln\u011bn\u00fd ubrus Prou\u017eek je u\u0161it\u00fd z p\u0159edepran\u00e9ho m\u011bk\u010den\u00e9ho evropsk\u00e9ho 100% lnu p\u0159\u00edmo v na\u0161\u00ed d\u00edln\u011b Lanaja. V\u00fdb\u011brem tohoto vintage prou\u017ekovan\u00e9ho ln\u011bn\u00e9ho ubrusu...","og_url":"https:\/\/lanaja.sk\/cs\/obchod\/lneny-ubrus-strip\/","og_site_name":"Lanaja-slovensk\u00e1 udr\u017eiteln\u00e1 zna\u010dka a v\u00fdrobce ln\u011bn\u00e9ho textilu","article_publisher":"https:\/\/www.facebook.com\/Abreadbag","article_modified_time":"2025-08-02T18:55:03+00:00","og_image":[{"width":638,"height":850,"url":"https:\/\/lanaja.sk\/wp-content\/uploads\/2019\/11\/lanovy-obrus.jpg","type":"image\/jpeg"}],"twitter_card":"summary_large_image","twitter_misc":{"Odhadovan\u00e1 doba \u010dten\u00ed":"2 minuty"},"schema":{"@context":"https:\/\/schema.org","@graph":[{"@type":"WebPage","@id":"https:\/\/lanaja.sk\/cs\/obchod\/lneny-ubrus-strip\/","url":"https:\/\/lanaja.sk\/cs\/obchod\/lneny-ubrus-strip\/","name":"Ln\u011bn\u00fd ubrus Prou\u017eek &#8226; Lanaja-slovensk\u00e1 udr\u017eiteln\u00e1 zna\u010dka a v\u00fdrobce ln\u011bn\u00e9ho textilu","isPartOf":{"@id":"https:\/\/lanaja.sk\/cs\/#website"},"primaryImageOfPage":{"@id":"https:\/\/lanaja.sk\/cs\/obchod\/lneny-ubrus-strip\/#primaryimage"},"image":{"@id":"https:\/\/lanaja.sk\/cs\/obchod\/lneny-ubrus-strip\/#primaryimage"},"thumbnailUrl":"https:\/\/lanaja.sk\/wp-content\/uploads\/2019\/11\/lanovy-obrus.jpg","datePublished":"2019-11-09T19:39:28+00:00","dateModified":"2025-08-02T18:55:03+00:00","description":"Ln\u011bn\u00fd ubrus Prou\u017eek je u\u0161it\u00fd z p\u0159edepran\u00e9ho m\u011bk\u010den\u00e9ho evropsk\u00e9ho 100% lnu p\u0159\u00edmo v na\u0161\u00ed d\u00edln\u011b Lanaja. V\u00fdb\u011brem tohoto vintage prou\u017ekovan\u00e9ho ln\u011bn\u00e9ho ubrusu...","breadcrumb":{"@id":"https:\/\/lanaja.sk\/cs\/obchod\/lneny-ubrus-strip\/#breadcrumb"},"inLanguage":"cs","potentialAction":[{"@type":"ReadAction","target":["https:\/\/lanaja.sk\/cs\/obchod\/lneny-ubrus-strip\/"]}]},{"@type":"ImageObject","inLanguage":"cs","@id":"https:\/\/lanaja.sk\/cs\/obchod\/lneny-ubrus-strip\/#primaryimage","url":"https:\/\/lanaja.sk\/wp-content\/uploads\/2019\/11\/lanovy-obrus.jpg","contentUrl":"https:\/\/lanaja.sk\/wp-content\/uploads\/2019\/11\/lanovy-obrus.jpg","width":638,"height":850,"caption":"kuchynsk\u00e9 obrusy"},{"@type":"BreadcrumbList","@id":"https:\/\/lanaja.sk\/cs\/obchod\/lneny-ubrus-strip\/#breadcrumb","itemListElement":[{"@type":"ListItem","position":1,"name":"Home","item":"https:\/\/lanaja.sk\/cs\/"},{"@type":"ListItem","position":2,"name":"Obchod","item":"https:\/\/lanaja.sk\/cs\/obchod-cz\/"},{"@type":"ListItem","position":3,"name":"Ln\u011bn\u00fd ubrus Prou\u017eek"}]},{"@type":"WebSite","@id":"https:\/\/lanaja.sk\/cs\/#website","url":"https:\/\/lanaja.sk\/cs\/","name":"Lanaja - bytov\u00fd textil z \u013eanu a \u013eanov\u00e9 v\u00fdrobky","description":"Jedine\u010dn\u00fd bytov\u00fd textil, ln\u011bn\u00e9 pytl\u00edky, ln\u011bn\u00e9 ubrusy, ln\u011bn\u00e9 lo\u017en\u00ed povle\u010den\u00ed, ln\u011bn\u00e9 ut\u011brky, ln\u011bn\u00e9 prost\u00edr\u00e1n\u00ed vyroben\u00e9 a \u0161it\u00e9 na Slovensku","publisher":{"@id":"https:\/\/lanaja.sk\/cs\/#organization"},"alternateName":"Lanaja - v\u00fdrobky z \u013eanu, \u013eanov\u00fd bytov\u00fd textil","potentialAction":[{"@type":"SearchAction","target":{"@type":"EntryPoint","urlTemplate":"https:\/\/lanaja.sk\/cs\/?s={search_term_string}"},"query-input":{"@type":"PropertyValueSpecification","valueRequired":true,"valueName":"search_term_string"}}],"inLanguage":"cs"},{"@type":"Organization","@id":"https:\/\/lanaja.sk\/cs\/#organization","name":"Lanaja","alternateName":"Al\u017ebeta Andr\u00e1\u0161ikov\u00e1 - Lanaja","url":"https:\/\/lanaja.sk\/cs\/","logo":{"@type":"ImageObject","inLanguage":"cs","@id":"https:\/\/lanaja.sk\/cs\/#\/schema\/logo\/image\/","url":"https:\/\/lanaja.sk\/wp-content\/uploads\/2024\/01\/Lanaja.sk-logo.png","contentUrl":"https:\/\/lanaja.sk\/wp-content\/uploads\/2024\/01\/Lanaja.sk-logo.png","width":600,"height":300,"caption":"Lanaja"},"image":{"@id":"https:\/\/lanaja.sk\/cs\/#\/schema\/logo\/image\/"},"sameAs":["https:\/\/www.facebook.com\/Abreadbag","https:\/\/www.instagram.com\/lanaja_sk\/"]}]}},"_links":{"self":[{"href":"https:\/\/lanaja.sk\/cs\/wp-json\/wp\/v2\/product\/13311","targetHints":{"allow":["GET"]}}],"collection":[{"href":"https:\/\/lanaja.sk\/cs\/wp-json\/wp\/v2\/product"}],"about":[{"href":"https:\/\/lanaja.sk\/cs\/wp-json\/wp\/v2\/types\/product"}],"version-history":[{"count":1,"href":"https:\/\/lanaja.sk\/cs\/wp-json\/wp\/v2\/product\/13311\/revisions"}],"predecessor-version":[{"id":16460,"href":"https:\/\/lanaja.sk\/cs\/wp-json\/wp\/v2\/product\/13311\/revisions\/16460"}],"wp:featuredmedia":[{"embeddable":true,"href":"https:\/\/lanaja.sk\/cs\/wp-json\/wp\/v2\/media\/6873"}],"wp:attachment":[{"href":"https:\/\/lanaja.sk\/cs\/wp-json\/wp\/v2\/media?parent=13311"}],"wp:term":[{"taxonomy":"product_brand","embeddable":true,"href":"https:\/\/lanaja.sk\/cs\/wp-json\/wp\/v2\/product_brand?post=13311"},{"taxonomy":"product_cat","embeddable":true,"href":"https:\/\/lanaja.sk\/cs\/wp-json\/wp\/v2\/product_cat?post=13311"},{"taxonomy":"product_tag","embeddable":true,"href":"https:\/\/lanaja.sk\/cs\/wp-json\/wp\/v2\/product_tag?post=13311"}],"curies":[{"name":"wp","href":"https:\/\/api.w.org\/{rel}","templated":true}]}}