{"id":13312,"date":"2020-02-12T21:20:51","date_gmt":"2020-02-12T20:20:51","guid":{"rendered":"https:\/\/lanaja.sk\/obchod\/neza\u0159azen\u00e9\/lneny-ubrus-maxi-size\/"},"modified":"2025-08-02T20:08:03","modified_gmt":"2025-08-02T18:08:03","slug":"lneny-ubrus-maxi-size","status":"publish","type":"product","link":"https:\/\/lanaja.sk\/cs\/obchod\/lneny-ubrus-maxi-size\/","title":{"rendered":"Ln\u011bn\u00fd ubrus MAXI SIZE"},"content":{"rendered":"<h2>Ln\u011bn\u00fd ubrus MAXI SIZE<\/h2>\n<p>&nbsp;<\/p>\n<p>P\u0159edepr\u00e1n\u00ed lnu na 40 stup\u0148\u016f je d\u016fle\u017eit\u00fdm prvkem, kter\u00fd zaru\u010duje, \u017ee v\u00e1\u0161 ln\u011bn\u00fd ubrus z\u016fstane beze sr\u00e1\u017een\u00ed a zachov\u00e1 si svou kr\u00e1su i po mnoha pran\u00edch. P\u0159irozen\u00e1 ma\u010dkavost lnu je jeho charakteristick\u00fdm znakem, kter\u00fd mu dod\u00e1v\u00e1 v\u00fdrazn\u00fd a autentick\u00fd vzhled. Dovolte lnu, aby se ma\u010dkal, je to jeho p\u0159irozen\u00e1 vlastnost. Pokud jste p\u0159esto velc\u00ed kamar\u00e1di s \u017eehli\u010dkou a \u017eehl\u00edte v\u0161echno, co se v\u00e1m dostane pod ruce, doporu\u010dujeme len \u017eehlit vlhk\u00fd, nebo jemn\u011b nakropen\u00fd.<\/p>\n<p>Pokud hled\u00e1te zp\u016fsob, jak vytvo\u0159it udr\u017eiteln\u011bj\u0161\u00ed a ekologi\u010dt\u011bj\u0161\u00ed prost\u0159ed\u00ed ve va\u0161em domov\u011b, ekologick\u00e9 spojen\u00ed 100% lnu je ur\u010dit\u011b materi\u00e1lem, do kter\u00e9ho se v\u00e1m vyplat\u00ed investovat. 100% len je \u0161etrn\u00fd k \u017eivotn\u00edmu prost\u0159ed\u00ed, z\u00e1rove\u0148 se jedn\u00e1 o obnoviteln\u00fd zdroj, p\u0159i jeho p\u011bstov\u00e1n\u00ed se nepou\u017e\u00edvaj\u00ed \u017e\u00e1dn\u00e1 hnojiva a nepot\u0159ebuje \u017e\u00e1dn\u00e9 z\u00e1vlahy, len je nav\u00edc pln\u011b biologicky odbourateln\u00fd.<\/p>\n<p>Ln\u011bn\u00fd ubrus v maxi velikosti lze snadno kombinovat s dal\u0161\u00edmi ln\u011bn\u00fdmi dopl\u0148ky: <a href=\"https:\/\/lanaja.sk\/cs\/obchod\/kuchyne\/lnene-ubrusy-a-prostirani\/lnene-ubrousky\/\" target=\"_blank\" rel=\"noopener noreferrer\">ln\u011bn\u00fdmi ubrousky,<\/a> <a href=\"https:\/\/lanaja.sk\/cs\/obchod\/kuchyne\/lnene-ubrusy-a-prostirani\/lnene-prostirani-25x40-cm\/\" target=\"_blank\" rel=\"noopener noreferrer\">ln\u011bn\u00fdm prost\u00edr\u00e1n\u00edm,<\/a> ln\u011bn\u00fdmi pl\u00e1t\u011bn\u00fdmi s\u00e1\u010dky na pe\u010divo, ln\u011bn\u00fdmi obaly na p\u0159\u00edbory. R\u00e1di V\u00e1m porad\u00edme s v\u00fdb\u011brem, pokud m\u00e1te z\u00e1jem o jin\u00fd rozm\u011br, napi\u0161te n\u00e1m. M\u016f\u017eete tak\u00e9 vyu\u017e\u00edt na\u0161ich online konzultac\u00ed.<\/p>\n<p>BARVY: P\u0159i objedn\u00e1vce sta\u010d\u00ed do pozn\u00e1mky uv\u00e9st preferovanou barvu ubrusu dle p\u0159ilo\u017een\u00e9ho vzorn\u00edku. Pokud m\u00e1te speci\u00e1ln\u00ed po\u017eadavky, nev\u00e1hejte se na n\u00e1s obr\u00e1tit, jsme tu pro v\u00e1s, abychom v\u00e1m pomohli vybrat ten spr\u00e1vn\u00fd kousek, kter\u00fd dokonale zapadne do va\u0161eho domova.<\/p>\n<p>Foto: l\u00e9ka\u0159ka a foodblogerka Ela Kr\u00eddlov\u00e1, jej\u00ed inspirativn\u00ed recepty najdete na jej\u00edm blogu <a href=\"https:\/\/www.zosrdcadohrnca.sk\/\" target=\"_blank\" rel=\"noopener noreferrer\">OD SRDCE DO HRNCE<\/a> a v po\u0159adu na RTVS spole\u010dn\u011b s Kamilou Mag\u00e1lovou <a href=\"https:\/\/www.rtvs.sk\/televizia\/archiv\/14132\/211289\" target=\"_blank\" rel=\"noopener noreferrer\">TAJEMSTV\u00cd M\u00c9 KUCHYN\u011a<\/a><\/p>\n<p><strong>Po\u010d\u00edtejte s dodac\u00ed lh\u016ftou 5-15 pracovn\u00edch dn\u016f, pokud nem\u00e1me produkt \u0161it\u00fd skladem, ru\u010dn\u00ed pr\u00e1ce vy\u017eaduje n\u00e1\u0161 \u010das. Ln\u011bn\u00e9 v\u00fdrobky \u0161ijeme v na\u0161\u00ed d\u00edln\u011b dle Va\u0161eho p\u0159\u00e1n\u00ed a na m\u00edru v z\u00e1vislosti na konkr\u00e9tn\u00edm v\u00fdrobku.<\/strong><\/p>\n","protected":false},"excerpt":{"rendered":"<p>V\u00edtejte ve sv\u011bt\u011b lnu, kde ka\u017ed\u00fd kus vypr\u00e1v\u00ed p\u0159\u00edb\u011bh o udr\u017eitelnosti, eleganci a respektu k p\u0159\u00edrod\u011b. Ln\u011bn\u00fd ubrus, u\u0161it\u00fd z p\u0159edepran\u00e9ho a m\u011bk\u010den\u00e9ho 100% lnu, je z\u00e1rukou nejen kvality, ale tak\u00e9 jedine\u010dn\u00e9ho stylu ve va\u0161\u00ed dom\u00e1cnosti.<\/p>\n","protected":false},"featured_media":6891,"template":"","meta":[],"product_brand":[],"product_cat":[351],"product_tag":[352],"class_list":{"0":"post-13312","1":"product","2":"type-product","3":"status-publish","4":"has-post-thumbnail","6":"product_cat-lnene-ubrusy-a-prostirani","7":"product_tag-lneny-ubrus","9":"first","10":"onbackorder","11":"shipping-taxable","12":"purchasable","13":"product-type-variable"},"yoast_head":"<!-- This site is optimized with the Yoast SEO plugin v27.4 - https:\/\/yoast.com\/product\/yoast-seo-wordpress\/ -->\n<title>Ln\u011bn\u00fd ubrus MAXI SIZE &#8226; Lanaja-slovensk\u00e1 udr\u017eiteln\u00e1 zna\u010dka a v\u00fdrobce ln\u011bn\u00e9ho textilu<\/title>\n<meta name=\"description\" content=\"Ln\u011bn\u00fd ubrus je u\u0161it\u00fd z p\u0159edepran\u00e9ho m\u011bk\u010den\u00e9ho 100% lnu. Ln\u011bn\u00e9 ubrusy se \u0161ij\u00ed v na\u0161\u00ed d\u00edln\u011b i v nadrozm\u011brn\u00fdch velikostech.\" \/>\n<meta name=\"robots\" content=\"index, follow, max-snippet:-1, max-image-preview:large, max-video-preview:-1\" \/>\n<link rel=\"canonical\" href=\"https:\/\/lanaja.sk\/cs\/obchod\/lneny-ubrus-maxi-size\/\" \/>\n<meta property=\"og:locale\" content=\"cs_CZ\" \/>\n<meta property=\"og:type\" content=\"article\" \/>\n<meta property=\"og:title\" content=\"Ln\u011bn\u00fd ubrus MAXI SIZE &#8226; Lanaja-slovensk\u00e1 udr\u017eiteln\u00e1 zna\u010dka a v\u00fdrobce ln\u011bn\u00e9ho textilu\" \/>\n<meta property=\"og:description\" content=\"Ln\u011bn\u00fd ubrus je u\u0161it\u00fd z p\u0159edepran\u00e9ho m\u011bk\u010den\u00e9ho 100% lnu. Ln\u011bn\u00e9 ubrusy se \u0161ij\u00ed v na\u0161\u00ed d\u00edln\u011b i v nadrozm\u011brn\u00fdch velikostech.\" \/>\n<meta property=\"og:url\" content=\"https:\/\/lanaja.sk\/cs\/obchod\/lneny-ubrus-maxi-size\/\" \/>\n<meta property=\"og:site_name\" content=\"Lanaja-slovensk\u00e1 udr\u017eiteln\u00e1 zna\u010dka a v\u00fdrobce ln\u011bn\u00e9ho textilu\" \/>\n<meta property=\"article:publisher\" content=\"https:\/\/www.facebook.com\/Abreadbag\" \/>\n<meta property=\"article:modified_time\" content=\"2025-08-02T18:08:03+00:00\" \/>\n<meta property=\"og:image\" content=\"https:\/\/lanaja.sk\/wp-content\/uploads\/2020\/02\/LW-party-01-e1604257072769-jpg.webp\" \/>\n\t<meta property=\"og:image:width\" content=\"638\" \/>\n\t<meta property=\"og:image:height\" content=\"850\" \/>\n\t<meta property=\"og:image:type\" content=\"image\/jpeg\" \/>\n<meta name=\"twitter:card\" content=\"summary_large_image\" \/>\n<meta name=\"twitter:label1\" content=\"Odhadovan\u00e1 doba \u010dten\u00ed\" \/>\n\t<meta name=\"twitter:data1\" content=\"2 minuty\" \/>\n<script type=\"application\/ld+json\" class=\"yoast-schema-graph\">{\"@context\":\"https:\\\/\\\/schema.org\",\"@graph\":[{\"@type\":\"WebPage\",\"@id\":\"https:\\\/\\\/lanaja.sk\\\/cs\\\/obchod\\\/lneny-ubrus-maxi-size\\\/\",\"url\":\"https:\\\/\\\/lanaja.sk\\\/cs\\\/obchod\\\/lneny-ubrus-maxi-size\\\/\",\"name\":\"Ln\u011bn\u00fd ubrus MAXI SIZE &#8226; Lanaja-slovensk\u00e1 udr\u017eiteln\u00e1 zna\u010dka a v\u00fdrobce ln\u011bn\u00e9ho textilu\",\"isPartOf\":{\"@id\":\"https:\\\/\\\/lanaja.sk\\\/cs\\\/#website\"},\"primaryImageOfPage\":{\"@id\":\"https:\\\/\\\/lanaja.sk\\\/cs\\\/obchod\\\/lneny-ubrus-maxi-size\\\/#primaryimage\"},\"image\":{\"@id\":\"https:\\\/\\\/lanaja.sk\\\/cs\\\/obchod\\\/lneny-ubrus-maxi-size\\\/#primaryimage\"},\"thumbnailUrl\":\"https:\\\/\\\/lanaja.sk\\\/wp-content\\\/uploads\\\/2020\\\/02\\\/LW-party-01-e1604257072769-jpg.webp\",\"datePublished\":\"2020-02-12T20:20:51+00:00\",\"dateModified\":\"2025-08-02T18:08:03+00:00\",\"description\":\"Ln\u011bn\u00fd ubrus je u\u0161it\u00fd z p\u0159edepran\u00e9ho m\u011bk\u010den\u00e9ho 100% lnu. Ln\u011bn\u00e9 ubrusy se \u0161ij\u00ed v na\u0161\u00ed d\u00edln\u011b i v nadrozm\u011brn\u00fdch velikostech.\",\"breadcrumb\":{\"@id\":\"https:\\\/\\\/lanaja.sk\\\/cs\\\/obchod\\\/lneny-ubrus-maxi-size\\\/#breadcrumb\"},\"inLanguage\":\"cs\",\"potentialAction\":[{\"@type\":\"ReadAction\",\"target\":[\"https:\\\/\\\/lanaja.sk\\\/cs\\\/obchod\\\/lneny-ubrus-maxi-size\\\/\"]}]},{\"@type\":\"ImageObject\",\"inLanguage\":\"cs\",\"@id\":\"https:\\\/\\\/lanaja.sk\\\/cs\\\/obchod\\\/lneny-ubrus-maxi-size\\\/#primaryimage\",\"url\":\"https:\\\/\\\/lanaja.sk\\\/wp-content\\\/uploads\\\/2020\\\/02\\\/LW-party-01-e1604257072769-jpg.webp\",\"contentUrl\":\"https:\\\/\\\/lanaja.sk\\\/wp-content\\\/uploads\\\/2020\\\/02\\\/LW-party-01-e1604257072769-jpg.webp\",\"width\":638,\"height\":850,\"caption\":\"obrusy do jed\u00e1lne\"},{\"@type\":\"BreadcrumbList\",\"@id\":\"https:\\\/\\\/lanaja.sk\\\/cs\\\/obchod\\\/lneny-ubrus-maxi-size\\\/#breadcrumb\",\"itemListElement\":[{\"@type\":\"ListItem\",\"position\":1,\"name\":\"Home\",\"item\":\"https:\\\/\\\/lanaja.sk\\\/cs\\\/\"},{\"@type\":\"ListItem\",\"position\":2,\"name\":\"Obchod\",\"item\":\"https:\\\/\\\/lanaja.sk\\\/cs\\\/obchod-cz\\\/\"},{\"@type\":\"ListItem\",\"position\":3,\"name\":\"Ln\u011bn\u00fd ubrus MAXI SIZE\"}]},{\"@type\":\"WebSite\",\"@id\":\"https:\\\/\\\/lanaja.sk\\\/cs\\\/#website\",\"url\":\"https:\\\/\\\/lanaja.sk\\\/cs\\\/\",\"name\":\"Lanaja - bytov\u00fd textil z \u013eanu a \u013eanov\u00e9 v\u00fdrobky\",\"description\":\"Jedine\u010dn\u00fd bytov\u00fd textil, ln\u011bn\u00e9 pytl\u00edky, ln\u011bn\u00e9 ubrusy, ln\u011bn\u00e9 lo\u017en\u00ed povle\u010den\u00ed, ln\u011bn\u00e9 ut\u011brky, ln\u011bn\u00e9 prost\u00edr\u00e1n\u00ed vyroben\u00e9 a \u0161it\u00e9 na Slovensku\",\"publisher\":{\"@id\":\"https:\\\/\\\/lanaja.sk\\\/cs\\\/#organization\"},\"alternateName\":\"Lanaja - v\u00fdrobky z \u013eanu, \u013eanov\u00fd bytov\u00fd textil\",\"potentialAction\":[{\"@type\":\"SearchAction\",\"target\":{\"@type\":\"EntryPoint\",\"urlTemplate\":\"https:\\\/\\\/lanaja.sk\\\/cs\\\/?s={search_term_string}\"},\"query-input\":{\"@type\":\"PropertyValueSpecification\",\"valueRequired\":true,\"valueName\":\"search_term_string\"}}],\"inLanguage\":\"cs\"},{\"@type\":\"Organization\",\"@id\":\"https:\\\/\\\/lanaja.sk\\\/cs\\\/#organization\",\"name\":\"Lanaja\",\"alternateName\":\"Al\u017ebeta Andr\u00e1\u0161ikov\u00e1 - Lanaja\",\"url\":\"https:\\\/\\\/lanaja.sk\\\/cs\\\/\",\"logo\":{\"@type\":\"ImageObject\",\"inLanguage\":\"cs\",\"@id\":\"https:\\\/\\\/lanaja.sk\\\/cs\\\/#\\\/schema\\\/logo\\\/image\\\/\",\"url\":\"https:\\\/\\\/lanaja.sk\\\/wp-content\\\/uploads\\\/2024\\\/01\\\/Lanaja.sk-logo.png\",\"contentUrl\":\"https:\\\/\\\/lanaja.sk\\\/wp-content\\\/uploads\\\/2024\\\/01\\\/Lanaja.sk-logo.png\",\"width\":600,\"height\":300,\"caption\":\"Lanaja\"},\"image\":{\"@id\":\"https:\\\/\\\/lanaja.sk\\\/cs\\\/#\\\/schema\\\/logo\\\/image\\\/\"},\"sameAs\":[\"https:\\\/\\\/www.facebook.com\\\/Abreadbag\",\"https:\\\/\\\/www.instagram.com\\\/lanaja_sk\\\/\"]}]}<\/script>\n<!-- \/ Yoast SEO plugin. -->","yoast_head_json":{"title":"Ln\u011bn\u00fd ubrus MAXI SIZE &#8226; Lanaja-slovensk\u00e1 udr\u017eiteln\u00e1 zna\u010dka a v\u00fdrobce ln\u011bn\u00e9ho textilu","description":"Ln\u011bn\u00fd ubrus je u\u0161it\u00fd z p\u0159edepran\u00e9ho m\u011bk\u010den\u00e9ho 100% lnu. Ln\u011bn\u00e9 ubrusy se \u0161ij\u00ed v na\u0161\u00ed d\u00edln\u011b i v nadrozm\u011brn\u00fdch velikostech.","robots":{"index":"index","follow":"follow","max-snippet":"max-snippet:-1","max-image-preview":"max-image-preview:large","max-video-preview":"max-video-preview:-1"},"canonical":"https:\/\/lanaja.sk\/cs\/obchod\/lneny-ubrus-maxi-size\/","og_locale":"cs_CZ","og_type":"article","og_title":"Ln\u011bn\u00fd ubrus MAXI SIZE &#8226; Lanaja-slovensk\u00e1 udr\u017eiteln\u00e1 zna\u010dka a v\u00fdrobce ln\u011bn\u00e9ho textilu","og_description":"Ln\u011bn\u00fd ubrus je u\u0161it\u00fd z p\u0159edepran\u00e9ho m\u011bk\u010den\u00e9ho 100% lnu. Ln\u011bn\u00e9 ubrusy se \u0161ij\u00ed v na\u0161\u00ed d\u00edln\u011b i v nadrozm\u011brn\u00fdch velikostech.","og_url":"https:\/\/lanaja.sk\/cs\/obchod\/lneny-ubrus-maxi-size\/","og_site_name":"Lanaja-slovensk\u00e1 udr\u017eiteln\u00e1 zna\u010dka a v\u00fdrobce ln\u011bn\u00e9ho textilu","article_publisher":"https:\/\/www.facebook.com\/Abreadbag","article_modified_time":"2025-08-02T18:08:03+00:00","og_image":[{"width":638,"height":850,"url":"https:\/\/lanaja.sk\/wp-content\/uploads\/2020\/02\/LW-party-01-e1604257072769-jpg.webp","type":"image\/jpeg"}],"twitter_card":"summary_large_image","twitter_misc":{"Odhadovan\u00e1 doba \u010dten\u00ed":"2 minuty"},"schema":{"@context":"https:\/\/schema.org","@graph":[{"@type":"WebPage","@id":"https:\/\/lanaja.sk\/cs\/obchod\/lneny-ubrus-maxi-size\/","url":"https:\/\/lanaja.sk\/cs\/obchod\/lneny-ubrus-maxi-size\/","name":"Ln\u011bn\u00fd ubrus MAXI SIZE &#8226; Lanaja-slovensk\u00e1 udr\u017eiteln\u00e1 zna\u010dka a v\u00fdrobce ln\u011bn\u00e9ho textilu","isPartOf":{"@id":"https:\/\/lanaja.sk\/cs\/#website"},"primaryImageOfPage":{"@id":"https:\/\/lanaja.sk\/cs\/obchod\/lneny-ubrus-maxi-size\/#primaryimage"},"image":{"@id":"https:\/\/lanaja.sk\/cs\/obchod\/lneny-ubrus-maxi-size\/#primaryimage"},"thumbnailUrl":"https:\/\/lanaja.sk\/wp-content\/uploads\/2020\/02\/LW-party-01-e1604257072769-jpg.webp","datePublished":"2020-02-12T20:20:51+00:00","dateModified":"2025-08-02T18:08:03+00:00","description":"Ln\u011bn\u00fd ubrus je u\u0161it\u00fd z p\u0159edepran\u00e9ho m\u011bk\u010den\u00e9ho 100% lnu. Ln\u011bn\u00e9 ubrusy se \u0161ij\u00ed v na\u0161\u00ed d\u00edln\u011b i v nadrozm\u011brn\u00fdch velikostech.","breadcrumb":{"@id":"https:\/\/lanaja.sk\/cs\/obchod\/lneny-ubrus-maxi-size\/#breadcrumb"},"inLanguage":"cs","potentialAction":[{"@type":"ReadAction","target":["https:\/\/lanaja.sk\/cs\/obchod\/lneny-ubrus-maxi-size\/"]}]},{"@type":"ImageObject","inLanguage":"cs","@id":"https:\/\/lanaja.sk\/cs\/obchod\/lneny-ubrus-maxi-size\/#primaryimage","url":"https:\/\/lanaja.sk\/wp-content\/uploads\/2020\/02\/LW-party-01-e1604257072769-jpg.webp","contentUrl":"https:\/\/lanaja.sk\/wp-content\/uploads\/2020\/02\/LW-party-01-e1604257072769-jpg.webp","width":638,"height":850,"caption":"obrusy do jed\u00e1lne"},{"@type":"BreadcrumbList","@id":"https:\/\/lanaja.sk\/cs\/obchod\/lneny-ubrus-maxi-size\/#breadcrumb","itemListElement":[{"@type":"ListItem","position":1,"name":"Home","item":"https:\/\/lanaja.sk\/cs\/"},{"@type":"ListItem","position":2,"name":"Obchod","item":"https:\/\/lanaja.sk\/cs\/obchod-cz\/"},{"@type":"ListItem","position":3,"name":"Ln\u011bn\u00fd ubrus MAXI SIZE"}]},{"@type":"WebSite","@id":"https:\/\/lanaja.sk\/cs\/#website","url":"https:\/\/lanaja.sk\/cs\/","name":"Lanaja - bytov\u00fd textil z \u013eanu a \u013eanov\u00e9 v\u00fdrobky","description":"Jedine\u010dn\u00fd bytov\u00fd textil, ln\u011bn\u00e9 pytl\u00edky, ln\u011bn\u00e9 ubrusy, ln\u011bn\u00e9 lo\u017en\u00ed povle\u010den\u00ed, ln\u011bn\u00e9 ut\u011brky, ln\u011bn\u00e9 prost\u00edr\u00e1n\u00ed vyroben\u00e9 a \u0161it\u00e9 na Slovensku","publisher":{"@id":"https:\/\/lanaja.sk\/cs\/#organization"},"alternateName":"Lanaja - v\u00fdrobky z \u013eanu, \u013eanov\u00fd bytov\u00fd textil","potentialAction":[{"@type":"SearchAction","target":{"@type":"EntryPoint","urlTemplate":"https:\/\/lanaja.sk\/cs\/?s={search_term_string}"},"query-input":{"@type":"PropertyValueSpecification","valueRequired":true,"valueName":"search_term_string"}}],"inLanguage":"cs"},{"@type":"Organization","@id":"https:\/\/lanaja.sk\/cs\/#organization","name":"Lanaja","alternateName":"Al\u017ebeta Andr\u00e1\u0161ikov\u00e1 - Lanaja","url":"https:\/\/lanaja.sk\/cs\/","logo":{"@type":"ImageObject","inLanguage":"cs","@id":"https:\/\/lanaja.sk\/cs\/#\/schema\/logo\/image\/","url":"https:\/\/lanaja.sk\/wp-content\/uploads\/2024\/01\/Lanaja.sk-logo.png","contentUrl":"https:\/\/lanaja.sk\/wp-content\/uploads\/2024\/01\/Lanaja.sk-logo.png","width":600,"height":300,"caption":"Lanaja"},"image":{"@id":"https:\/\/lanaja.sk\/cs\/#\/schema\/logo\/image\/"},"sameAs":["https:\/\/www.facebook.com\/Abreadbag","https:\/\/www.instagram.com\/lanaja_sk\/"]}]}},"_links":{"self":[{"href":"https:\/\/lanaja.sk\/cs\/wp-json\/wp\/v2\/product\/13312","targetHints":{"allow":["GET"]}}],"collection":[{"href":"https:\/\/lanaja.sk\/cs\/wp-json\/wp\/v2\/product"}],"about":[{"href":"https:\/\/lanaja.sk\/cs\/wp-json\/wp\/v2\/types\/product"}],"version-history":[{"count":1,"href":"https:\/\/lanaja.sk\/cs\/wp-json\/wp\/v2\/product\/13312\/revisions"}],"predecessor-version":[{"id":16456,"href":"https:\/\/lanaja.sk\/cs\/wp-json\/wp\/v2\/product\/13312\/revisions\/16456"}],"wp:featuredmedia":[{"embeddable":true,"href":"https:\/\/lanaja.sk\/cs\/wp-json\/wp\/v2\/media\/6891"}],"wp:attachment":[{"href":"https:\/\/lanaja.sk\/cs\/wp-json\/wp\/v2\/media?parent=13312"}],"wp:term":[{"taxonomy":"product_brand","embeddable":true,"href":"https:\/\/lanaja.sk\/cs\/wp-json\/wp\/v2\/product_brand?post=13312"},{"taxonomy":"product_cat","embeddable":true,"href":"https:\/\/lanaja.sk\/cs\/wp-json\/wp\/v2\/product_cat?post=13312"},{"taxonomy":"product_tag","embeddable":true,"href":"https:\/\/lanaja.sk\/cs\/wp-json\/wp\/v2\/product_tag?post=13312"}],"curies":[{"name":"wp","href":"https:\/\/api.w.org\/{rel}","templated":true}]}}