{"id":13318,"date":"2022-03-06T11:31:35","date_gmt":"2022-03-06T10:31:35","guid":{"rendered":"https:\/\/lanaja.sk\/obchod\/neza\u0159azen\u00e9\/lneny-rucnik-2\/"},"modified":"2025-07-14T20:44:18","modified_gmt":"2025-07-14T18:44:18","slug":"lneny-rucnik-2","status":"publish","type":"product","link":"https:\/\/lanaja.sk\/cs\/obchod\/lneny-rucnik-2\/","title":{"rendered":"Ln\u011bn\u00e1 osu\u0161ka"},"content":{"rendered":"<h2><strong>Dvouvrstv\u00e1 ln\u011bn\u00e1 osu\u0161ka s krajkou<\/strong><\/h2>\n<p>Dvouvrstv\u00e1 ln\u011bn\u00e1 osu\u0161ka m\u00e1 rafinovan\u00fd a z\u00e1rove\u0148 jedine\u010dn\u00fd vzhled, je lehk\u00e1, m\u011bkk\u00e1 a pevn\u00e1 z\u00e1rove\u0148. Ln\u011bn\u00e9 osu\u0161ky jsou \u0161it\u00e9 <strong>ze dvou vrstev p\u0159\u00edrodn\u00edho<\/strong> nebarven\u00e9ho <strong>100% lnu 260g\/m2 pr\u00e9miov\u00e9 kvality, tento len je vyroben v Evrop\u011b, zm\u011bk\u010den a certifikov\u00e1n. Ln\u011bn\u00e1 osu\u0161ka je <\/strong><strong> kombinovan\u00e1 s ln\u011bnou dvoubarevnou krajkou, kter\u00e1 j\u00ed dod\u00e1v\u00e1 jemnost, n\u00e1dech nostalgie a romantiky. Ln\u011bn\u00e1 krajka je \u0161it\u00e1 po \u0161\u00ed\u0159ce osu\u0161ky na jej\u00ed horn\u00ed a spodn\u00ed stran\u011b.<\/strong><\/p>\n<p><strong>V\u0161echny ln\u011bn\u00e9 l\u00e1tky jsou certifikov\u00e1ny <\/strong>OEKO-TEX STANDART 100. vyrobeno v Evrop\u011b.<\/p>\n<p>Len m\u00e1 tu fantastickou vlastnost, \u017ee nas\u00e1v\u00e1 vlhkost a\u017e o 40 % v\u00edce, m\u00e1 dut\u00e1 vl\u00e1kna, a tak ji i <strong>rychleji odpa\u0159uje.<\/strong> Len je <strong>antistatick\u00fd, nep\u0159itahuje prach a dokonce m\u016f\u017ee pomoci zjemnit a chr\u00e1nit poko\u017eku d\u00edky sv\u00e9 p\u0159irozen\u00e9 rovnov\u00e1ze pH.<\/strong> Ln\u011bn\u00e1 tkanina je n\u011bkolikr\u00e1t <strong>siln\u011bj\u0161\u00ed<\/strong>,  <strong>trvanliv\u00e1 a pou\u017e\u00edv\u00e1n\u00ed takov\u00fdch v\u00fdrobk\u016f je dlouholet\u00e1 z\u00e1ruka spokojenosti.<\/strong>, \u010d\u00edm \u010dast\u011bji budete ln\u011bn\u00e9 osu\u0161ky a ru\u010dn\u00edky pr\u00e1t, t\u00edm budou m\u011bk\u010d\u00ed a kr\u00e1sn\u011bj\u0161\u00ed. Proto se nemus\u00edte b\u00e1t vy\u0161\u0161\u00ed investice, kter\u00e1 v\u00e1m a va\u0161\u00ed rodin\u011b zaru\u010d\u00ed zdrav\u011bj\u0161\u00ed sp\u00e1nek na dlouh\u00e1 l\u00e9ta a v neposledn\u00ed \u0159ad\u011b vytvo\u0159\u00edte pro sebe a sv\u00e9 bl\u00edzk\u00e9 bezpe\u010dn\u011bj\u0161\u00ed a zdrav\u011bj\u0161\u00ed domov. Ln\u011bn\u00e1 l\u00e1tka m\u00e1 <strong>lehk\u00fd mas\u00e1\u017en\u00ed \u00fa\u010dinek<\/strong> z d\u016fvodu mikroskopick\u00fdch zlom\u016f na jej\u00edm vn\u011bj\u0161\u00edm povrchu. Jej\u00ed nepravideln\u00fd, hrub\u0161\u00ed povrch s malink\u00fdmi hrudkami a vr\u00e1s\u010ditou strukturou v\u00e1m zajist\u00ed mas\u00e1\u017e, stimuluje pr\u016ftok krve a podpo\u0159\u00ed relaxaci. Vzhledem k <strong>jedine\u010dn\u00e9 filtraci, schopnosti odol\u00e1vat bakteri\u00edm, prody\u0161nosti, absorpci a odpa\u0159ov\u00e1n\u00ed vlhkosti je len zn\u00e1m\u00fd jako antialergick\u00fd materi\u00e1l.<\/strong> Je doporu\u010dov\u00e1n pro <strong>lidi s ko\u017en\u00edmi onemocn\u011bn\u00edmi, alergiky a je vhodn\u00fd i pro mal\u00e9 d\u011bti.<\/strong> M\u00e1 vysokou schopnost <strong>potla\u010dit bakterie, rozto\u010de a pl\u00edsn\u011b a je vysoce repelentn\u00ed v\u016f\u010di hmyzu.<\/strong> Len je \u0161etrn\u00fd k \u017eivotn\u00edmu prost\u0159ed\u00ed, z\u00e1rove\u0148 je obnoviteln\u00fdm zdrojem, p\u0159i jeho p\u011bstov\u00e1n\u00ed se nepou\u017e\u00edvaj\u00ed \u017e\u00e1dn\u00e1 hnojiva a nepot\u0159ebuje \u017e\u00e1dn\u00e9 zavla\u017eov\u00e1n\u00ed. Len je tak\u00e9 pln\u011b biologicky odbourateln\u00fd.<\/p>\n<p>Ln\u011bn\u00e9 ru\u010dn\u00edky a ln\u011bn\u00e9 osu\u0161ky s vaflovou vazbou si m\u016f\u017eete objednat a my v\u00e1m je s radost\u00ed u\u0161ijeme v na\u0161\u00ed d\u00edln\u011b <a href=\"https:\/\/lanaja.sk\/cs\/kategorie-produktu\/koupelna\/lnene-rucniky-osusky\/\" target=\"_blank\" rel=\"noopener\">ZDE<\/a><\/p>\n<p class=\"article\"><strong>Ln\u011bn\u00e1 osu\u0161ka rozm\u011br:<\/strong> cca 95&#215;145<\/p>\n<p><strong>Po\u010d\u00edtejte s dodac\u00ed lh\u016ftou 5-15 pracovn\u00edch dn\u016f, pokud nem\u00e1me produkt \u0161it\u00fd skladem, ru\u010dn\u00ed pr\u00e1ce vy\u017eaduje n\u00e1\u0161 \u010das. Ln\u011bn\u00e9 v\u00fdrobky \u0161ijeme v na\u0161\u00ed d\u00edln\u011b dle Va\u0161eho p\u0159\u00e1n\u00ed a na m\u00edru v z\u00e1vislosti na konkr\u00e9tn\u00edm v\u00fdrobku.<\/strong><\/p>\n<p>V\u00edce o n\u00e1s, o Lanaja, z ka\u017edodenn\u00edho \u017eivota v na\u0161em ateli\u00e9ru a hodnocen\u00ed spokojen\u00fdch z\u00e1kazn\u00edk\u016f si m\u016f\u017eete prohl\u00e9dnout i na na\u0161ich soci\u00e1ln\u00edch s\u00edt\u00edch: <a href=\"https:\/\/www.instagram.com\/lanaja_sk\" target=\"_blank\" rel=\"noopener\">Lanaja na Instagramu<\/a> a <a href=\"https:\/\/www.facebook.com\/Abreadbag\/\" target=\"_blank\" rel=\"noopener\">Lanaja na Facebooku.<\/a><\/p>\n","protected":false},"excerpt":{"rendered":"<p>Kdysi d\u00e1vno, kdy\u017e jsme je\u0161t\u011b neznali frot\u00e9 ru\u010dn\u00edky a osu\u0161ky, byly ln\u011bn\u00e9 osu\u0161ky a ru\u010dn\u00edky t\u00edm nejcenn\u011bj\u0161\u00edm pokladem v ka\u017ed\u00e9 dom\u00e1cnosti. Dlouh\u00e1 l\u00e9ta se na\u0161i p\u0159edkov\u00e9 op\u00edrali o tento p\u0159\u00edrodn\u00ed klenot, kter\u00fd dok\u00e1zal osu\u0161it nejen jejich t\u011bla, ale i jim dod\u00e1vat pocit pohodl\u00ed a zklidnit mysl.<br \/>\nV Lanaji se sna\u017e\u00edme vr\u00e1tit \u010das zp\u011bt a uk\u00e1zat v\u00e1m, \u017ee ln\u011bn\u00e9 osu\u0161ky jsou st\u00e1le v\u00edce ne\u017e jen kus l\u00e1tky na ut\u00edr\u00e1n\u00ed a su\u0161en\u00ed. Jsou to kousky, kter\u00e9 v\u00e1m p\u0159inesou pocit p\u0159\u00edrodn\u00edho \u0161armu.<br \/>\nNa\u0161e ln\u011bn\u00e9 osu\u0161ky a ru\u010dn\u00edky jsou u\u0161it\u00e9 z kvalitn\u00edho ln\u011bn\u00e9ho materi\u00e1lu, kter\u00fd je zn\u00e1m\u00fd svou vysokou absorp\u010dn\u00ed schopnost\u00ed a rychl\u00fdm schnut\u00edm. D\u00edky tomu jsou perfektn\u00edmi spole\u010dn\u00edky pro va\u0161e ka\u017edodenn\u00ed ritu\u00e1ly \u2013 od rann\u00edho osv\u011b\u017een\u00ed po klidn\u00fd z\u00e1v\u011br dne.<\/p>\n","protected":false},"featured_media":7253,"template":"","meta":[],"product_brand":[],"product_cat":[389,184],"product_tag":[354],"class_list":{"0":"post-13318","1":"product","2":"type-product","3":"status-publish","4":"has-post-thumbnail","6":"product_cat-koupelna","7":"product_cat-lnene-rucniky-osusky","8":"product_tag-lneny-rucnik-cs-2","10":"first","11":"onbackorder","12":"shipping-taxable","13":"purchasable","14":"product-type-simple"},"yoast_head":"<!-- This site is optimized with the Yoast SEO plugin v27.4 - https:\/\/yoast.com\/product\/yoast-seo-wordpress\/ -->\n<title>Ln\u011bn\u00e1 osu\u0161ka &#8226; Lanaja-slovensk\u00e1 udr\u017eiteln\u00e1 zna\u010dka a v\u00fdrobce ln\u011bn\u00e9ho textilu<\/title>\n<meta name=\"description\" content=\"Dvouvrstv\u00e1 ln\u011bn\u00e1 osu\u0161ka m\u00e1 rafinovan\u00fd a z\u00e1rove\u0148 jedine\u010dn\u00fd vzhled. Je lehk\u00e1, m\u011bkk\u00e1 a z\u00e1rove\u0148 pevn\u00e1, a je kombinovan\u00e1 s ln\u011bnou krajkou...\" \/>\n<meta name=\"robots\" content=\"index, follow, max-snippet:-1, max-image-preview:large, max-video-preview:-1\" \/>\n<link rel=\"canonical\" href=\"https:\/\/lanaja.sk\/cs\/obchod\/lneny-rucnik-2\/\" \/>\n<meta property=\"og:locale\" content=\"cs_CZ\" \/>\n<meta property=\"og:type\" content=\"article\" \/>\n<meta property=\"og:title\" content=\"Ln\u011bn\u00e1 osu\u0161ka &#8226; Lanaja-slovensk\u00e1 udr\u017eiteln\u00e1 zna\u010dka a v\u00fdrobce ln\u011bn\u00e9ho textilu\" \/>\n<meta property=\"og:description\" content=\"Dvouvrstv\u00e1 ln\u011bn\u00e1 osu\u0161ka m\u00e1 rafinovan\u00fd a z\u00e1rove\u0148 jedine\u010dn\u00fd vzhled. Je lehk\u00e1, m\u011bkk\u00e1 a z\u00e1rove\u0148 pevn\u00e1, a je kombinovan\u00e1 s ln\u011bnou krajkou...\" \/>\n<meta property=\"og:url\" content=\"https:\/\/lanaja.sk\/cs\/obchod\/lneny-rucnik-2\/\" \/>\n<meta property=\"og:site_name\" content=\"Lanaja-slovensk\u00e1 udr\u017eiteln\u00e1 zna\u010dka a v\u00fdrobce ln\u011bn\u00e9ho textilu\" \/>\n<meta property=\"article:publisher\" content=\"https:\/\/www.facebook.com\/Abreadbag\" \/>\n<meta property=\"article:modified_time\" content=\"2025-07-14T18:44:18+00:00\" \/>\n<meta property=\"og:image\" content=\"https:\/\/lanaja.sk\/wp-content\/uploads\/2022\/03\/lanovy-uterak34-e1646562377818-jpg.webp\" \/>\n\t<meta property=\"og:image:width\" content=\"707\" \/>\n\t<meta property=\"og:image:height\" content=\"800\" \/>\n\t<meta property=\"og:image:type\" content=\"image\/jpeg\" \/>\n<meta name=\"twitter:card\" content=\"summary_large_image\" \/>\n<meta name=\"twitter:label1\" content=\"Odhadovan\u00e1 doba \u010dten\u00ed\" \/>\n\t<meta name=\"twitter:data1\" content=\"3 minuty\" \/>\n<script type=\"application\/ld+json\" class=\"yoast-schema-graph\">{\"@context\":\"https:\\\/\\\/schema.org\",\"@graph\":[{\"@type\":\"WebPage\",\"@id\":\"https:\\\/\\\/lanaja.sk\\\/cs\\\/obchod\\\/lneny-rucnik-2\\\/\",\"url\":\"https:\\\/\\\/lanaja.sk\\\/cs\\\/obchod\\\/lneny-rucnik-2\\\/\",\"name\":\"Ln\u011bn\u00e1 osu\u0161ka &#8226; Lanaja-slovensk\u00e1 udr\u017eiteln\u00e1 zna\u010dka a v\u00fdrobce ln\u011bn\u00e9ho textilu\",\"isPartOf\":{\"@id\":\"https:\\\/\\\/lanaja.sk\\\/cs\\\/#website\"},\"primaryImageOfPage\":{\"@id\":\"https:\\\/\\\/lanaja.sk\\\/cs\\\/obchod\\\/lneny-rucnik-2\\\/#primaryimage\"},\"image\":{\"@id\":\"https:\\\/\\\/lanaja.sk\\\/cs\\\/obchod\\\/lneny-rucnik-2\\\/#primaryimage\"},\"thumbnailUrl\":\"https:\\\/\\\/lanaja.sk\\\/wp-content\\\/uploads\\\/2022\\\/03\\\/lanovy-uterak34-e1646562377818-jpg.webp\",\"datePublished\":\"2022-03-06T10:31:35+00:00\",\"dateModified\":\"2025-07-14T18:44:18+00:00\",\"description\":\"Dvouvrstv\u00e1 ln\u011bn\u00e1 osu\u0161ka m\u00e1 rafinovan\u00fd a z\u00e1rove\u0148 jedine\u010dn\u00fd vzhled. Je lehk\u00e1, m\u011bkk\u00e1 a z\u00e1rove\u0148 pevn\u00e1, a je kombinovan\u00e1 s ln\u011bnou krajkou...\",\"breadcrumb\":{\"@id\":\"https:\\\/\\\/lanaja.sk\\\/cs\\\/obchod\\\/lneny-rucnik-2\\\/#breadcrumb\"},\"inLanguage\":\"cs\",\"potentialAction\":[{\"@type\":\"ReadAction\",\"target\":[\"https:\\\/\\\/lanaja.sk\\\/cs\\\/obchod\\\/lneny-rucnik-2\\\/\"]}]},{\"@type\":\"ImageObject\",\"inLanguage\":\"cs\",\"@id\":\"https:\\\/\\\/lanaja.sk\\\/cs\\\/obchod\\\/lneny-rucnik-2\\\/#primaryimage\",\"url\":\"https:\\\/\\\/lanaja.sk\\\/wp-content\\\/uploads\\\/2022\\\/03\\\/lanovy-uterak34-e1646562377818-jpg.webp\",\"contentUrl\":\"https:\\\/\\\/lanaja.sk\\\/wp-content\\\/uploads\\\/2022\\\/03\\\/lanovy-uterak34-e1646562377818-jpg.webp\",\"width\":707,\"height\":800,\"caption\":\"detsk\u00e1 osu\u0161ka\"},{\"@type\":\"BreadcrumbList\",\"@id\":\"https:\\\/\\\/lanaja.sk\\\/cs\\\/obchod\\\/lneny-rucnik-2\\\/#breadcrumb\",\"itemListElement\":[{\"@type\":\"ListItem\",\"position\":1,\"name\":\"Home\",\"item\":\"https:\\\/\\\/lanaja.sk\\\/cs\\\/\"},{\"@type\":\"ListItem\",\"position\":2,\"name\":\"Obchod\",\"item\":\"https:\\\/\\\/lanaja.sk\\\/cs\\\/obchod-cz\\\/\"},{\"@type\":\"ListItem\",\"position\":3,\"name\":\"Ln\u011bn\u00e1 osu\u0161ka\"}]},{\"@type\":\"WebSite\",\"@id\":\"https:\\\/\\\/lanaja.sk\\\/cs\\\/#website\",\"url\":\"https:\\\/\\\/lanaja.sk\\\/cs\\\/\",\"name\":\"Lanaja - bytov\u00fd textil z \u013eanu a \u013eanov\u00e9 v\u00fdrobky\",\"description\":\"Jedine\u010dn\u00fd bytov\u00fd textil, ln\u011bn\u00e9 pytl\u00edky, ln\u011bn\u00e9 ubrusy, ln\u011bn\u00e9 lo\u017en\u00ed povle\u010den\u00ed, ln\u011bn\u00e9 ut\u011brky, ln\u011bn\u00e9 prost\u00edr\u00e1n\u00ed vyroben\u00e9 a \u0161it\u00e9 na Slovensku\",\"publisher\":{\"@id\":\"https:\\\/\\\/lanaja.sk\\\/cs\\\/#organization\"},\"alternateName\":\"Lanaja - v\u00fdrobky z \u013eanu, \u013eanov\u00fd bytov\u00fd textil\",\"potentialAction\":[{\"@type\":\"SearchAction\",\"target\":{\"@type\":\"EntryPoint\",\"urlTemplate\":\"https:\\\/\\\/lanaja.sk\\\/cs\\\/?s={search_term_string}\"},\"query-input\":{\"@type\":\"PropertyValueSpecification\",\"valueRequired\":true,\"valueName\":\"search_term_string\"}}],\"inLanguage\":\"cs\"},{\"@type\":\"Organization\",\"@id\":\"https:\\\/\\\/lanaja.sk\\\/cs\\\/#organization\",\"name\":\"Lanaja\",\"alternateName\":\"Al\u017ebeta Andr\u00e1\u0161ikov\u00e1 - Lanaja\",\"url\":\"https:\\\/\\\/lanaja.sk\\\/cs\\\/\",\"logo\":{\"@type\":\"ImageObject\",\"inLanguage\":\"cs\",\"@id\":\"https:\\\/\\\/lanaja.sk\\\/cs\\\/#\\\/schema\\\/logo\\\/image\\\/\",\"url\":\"https:\\\/\\\/lanaja.sk\\\/wp-content\\\/uploads\\\/2024\\\/01\\\/Lanaja.sk-logo.png\",\"contentUrl\":\"https:\\\/\\\/lanaja.sk\\\/wp-content\\\/uploads\\\/2024\\\/01\\\/Lanaja.sk-logo.png\",\"width\":600,\"height\":300,\"caption\":\"Lanaja\"},\"image\":{\"@id\":\"https:\\\/\\\/lanaja.sk\\\/cs\\\/#\\\/schema\\\/logo\\\/image\\\/\"},\"sameAs\":[\"https:\\\/\\\/www.facebook.com\\\/Abreadbag\",\"https:\\\/\\\/www.instagram.com\\\/lanaja_sk\\\/\"]}]}<\/script>\n<!-- \/ Yoast SEO plugin. -->","yoast_head_json":{"title":"Ln\u011bn\u00e1 osu\u0161ka &#8226; Lanaja-slovensk\u00e1 udr\u017eiteln\u00e1 zna\u010dka a v\u00fdrobce ln\u011bn\u00e9ho textilu","description":"Dvouvrstv\u00e1 ln\u011bn\u00e1 osu\u0161ka m\u00e1 rafinovan\u00fd a z\u00e1rove\u0148 jedine\u010dn\u00fd vzhled. Je lehk\u00e1, m\u011bkk\u00e1 a z\u00e1rove\u0148 pevn\u00e1, a je kombinovan\u00e1 s ln\u011bnou krajkou...","robots":{"index":"index","follow":"follow","max-snippet":"max-snippet:-1","max-image-preview":"max-image-preview:large","max-video-preview":"max-video-preview:-1"},"canonical":"https:\/\/lanaja.sk\/cs\/obchod\/lneny-rucnik-2\/","og_locale":"cs_CZ","og_type":"article","og_title":"Ln\u011bn\u00e1 osu\u0161ka &#8226; Lanaja-slovensk\u00e1 udr\u017eiteln\u00e1 zna\u010dka a v\u00fdrobce ln\u011bn\u00e9ho textilu","og_description":"Dvouvrstv\u00e1 ln\u011bn\u00e1 osu\u0161ka m\u00e1 rafinovan\u00fd a z\u00e1rove\u0148 jedine\u010dn\u00fd vzhled. Je lehk\u00e1, m\u011bkk\u00e1 a z\u00e1rove\u0148 pevn\u00e1, a je kombinovan\u00e1 s ln\u011bnou krajkou...","og_url":"https:\/\/lanaja.sk\/cs\/obchod\/lneny-rucnik-2\/","og_site_name":"Lanaja-slovensk\u00e1 udr\u017eiteln\u00e1 zna\u010dka a v\u00fdrobce ln\u011bn\u00e9ho textilu","article_publisher":"https:\/\/www.facebook.com\/Abreadbag","article_modified_time":"2025-07-14T18:44:18+00:00","og_image":[{"width":707,"height":800,"url":"https:\/\/lanaja.sk\/wp-content\/uploads\/2022\/03\/lanovy-uterak34-e1646562377818-jpg.webp","type":"image\/jpeg"}],"twitter_card":"summary_large_image","twitter_misc":{"Odhadovan\u00e1 doba \u010dten\u00ed":"3 minuty"},"schema":{"@context":"https:\/\/schema.org","@graph":[{"@type":"WebPage","@id":"https:\/\/lanaja.sk\/cs\/obchod\/lneny-rucnik-2\/","url":"https:\/\/lanaja.sk\/cs\/obchod\/lneny-rucnik-2\/","name":"Ln\u011bn\u00e1 osu\u0161ka &#8226; Lanaja-slovensk\u00e1 udr\u017eiteln\u00e1 zna\u010dka a v\u00fdrobce ln\u011bn\u00e9ho textilu","isPartOf":{"@id":"https:\/\/lanaja.sk\/cs\/#website"},"primaryImageOfPage":{"@id":"https:\/\/lanaja.sk\/cs\/obchod\/lneny-rucnik-2\/#primaryimage"},"image":{"@id":"https:\/\/lanaja.sk\/cs\/obchod\/lneny-rucnik-2\/#primaryimage"},"thumbnailUrl":"https:\/\/lanaja.sk\/wp-content\/uploads\/2022\/03\/lanovy-uterak34-e1646562377818-jpg.webp","datePublished":"2022-03-06T10:31:35+00:00","dateModified":"2025-07-14T18:44:18+00:00","description":"Dvouvrstv\u00e1 ln\u011bn\u00e1 osu\u0161ka m\u00e1 rafinovan\u00fd a z\u00e1rove\u0148 jedine\u010dn\u00fd vzhled. Je lehk\u00e1, m\u011bkk\u00e1 a z\u00e1rove\u0148 pevn\u00e1, a je kombinovan\u00e1 s ln\u011bnou krajkou...","breadcrumb":{"@id":"https:\/\/lanaja.sk\/cs\/obchod\/lneny-rucnik-2\/#breadcrumb"},"inLanguage":"cs","potentialAction":[{"@type":"ReadAction","target":["https:\/\/lanaja.sk\/cs\/obchod\/lneny-rucnik-2\/"]}]},{"@type":"ImageObject","inLanguage":"cs","@id":"https:\/\/lanaja.sk\/cs\/obchod\/lneny-rucnik-2\/#primaryimage","url":"https:\/\/lanaja.sk\/wp-content\/uploads\/2022\/03\/lanovy-uterak34-e1646562377818-jpg.webp","contentUrl":"https:\/\/lanaja.sk\/wp-content\/uploads\/2022\/03\/lanovy-uterak34-e1646562377818-jpg.webp","width":707,"height":800,"caption":"detsk\u00e1 osu\u0161ka"},{"@type":"BreadcrumbList","@id":"https:\/\/lanaja.sk\/cs\/obchod\/lneny-rucnik-2\/#breadcrumb","itemListElement":[{"@type":"ListItem","position":1,"name":"Home","item":"https:\/\/lanaja.sk\/cs\/"},{"@type":"ListItem","position":2,"name":"Obchod","item":"https:\/\/lanaja.sk\/cs\/obchod-cz\/"},{"@type":"ListItem","position":3,"name":"Ln\u011bn\u00e1 osu\u0161ka"}]},{"@type":"WebSite","@id":"https:\/\/lanaja.sk\/cs\/#website","url":"https:\/\/lanaja.sk\/cs\/","name":"Lanaja - bytov\u00fd textil z \u013eanu a \u013eanov\u00e9 v\u00fdrobky","description":"Jedine\u010dn\u00fd bytov\u00fd textil, ln\u011bn\u00e9 pytl\u00edky, ln\u011bn\u00e9 ubrusy, ln\u011bn\u00e9 lo\u017en\u00ed povle\u010den\u00ed, ln\u011bn\u00e9 ut\u011brky, ln\u011bn\u00e9 prost\u00edr\u00e1n\u00ed vyroben\u00e9 a \u0161it\u00e9 na Slovensku","publisher":{"@id":"https:\/\/lanaja.sk\/cs\/#organization"},"alternateName":"Lanaja - v\u00fdrobky z \u013eanu, \u013eanov\u00fd bytov\u00fd textil","potentialAction":[{"@type":"SearchAction","target":{"@type":"EntryPoint","urlTemplate":"https:\/\/lanaja.sk\/cs\/?s={search_term_string}"},"query-input":{"@type":"PropertyValueSpecification","valueRequired":true,"valueName":"search_term_string"}}],"inLanguage":"cs"},{"@type":"Organization","@id":"https:\/\/lanaja.sk\/cs\/#organization","name":"Lanaja","alternateName":"Al\u017ebeta Andr\u00e1\u0161ikov\u00e1 - Lanaja","url":"https:\/\/lanaja.sk\/cs\/","logo":{"@type":"ImageObject","inLanguage":"cs","@id":"https:\/\/lanaja.sk\/cs\/#\/schema\/logo\/image\/","url":"https:\/\/lanaja.sk\/wp-content\/uploads\/2024\/01\/Lanaja.sk-logo.png","contentUrl":"https:\/\/lanaja.sk\/wp-content\/uploads\/2024\/01\/Lanaja.sk-logo.png","width":600,"height":300,"caption":"Lanaja"},"image":{"@id":"https:\/\/lanaja.sk\/cs\/#\/schema\/logo\/image\/"},"sameAs":["https:\/\/www.facebook.com\/Abreadbag","https:\/\/www.instagram.com\/lanaja_sk\/"]}]}},"_links":{"self":[{"href":"https:\/\/lanaja.sk\/cs\/wp-json\/wp\/v2\/product\/13318","targetHints":{"allow":["GET"]}}],"collection":[{"href":"https:\/\/lanaja.sk\/cs\/wp-json\/wp\/v2\/product"}],"about":[{"href":"https:\/\/lanaja.sk\/cs\/wp-json\/wp\/v2\/types\/product"}],"version-history":[{"count":1,"href":"https:\/\/lanaja.sk\/cs\/wp-json\/wp\/v2\/product\/13318\/revisions"}],"predecessor-version":[{"id":16371,"href":"https:\/\/lanaja.sk\/cs\/wp-json\/wp\/v2\/product\/13318\/revisions\/16371"}],"wp:featuredmedia":[{"embeddable":true,"href":"https:\/\/lanaja.sk\/cs\/wp-json\/wp\/v2\/media\/7253"}],"wp:attachment":[{"href":"https:\/\/lanaja.sk\/cs\/wp-json\/wp\/v2\/media?parent=13318"}],"wp:term":[{"taxonomy":"product_brand","embeddable":true,"href":"https:\/\/lanaja.sk\/cs\/wp-json\/wp\/v2\/product_brand?post=13318"},{"taxonomy":"product_cat","embeddable":true,"href":"https:\/\/lanaja.sk\/cs\/wp-json\/wp\/v2\/product_cat?post=13318"},{"taxonomy":"product_tag","embeddable":true,"href":"https:\/\/lanaja.sk\/cs\/wp-json\/wp\/v2\/product_tag?post=13318"}],"curies":[{"name":"wp","href":"https:\/\/api.w.org\/{rel}","templated":true}]}}