{"id":13319,"date":"2021-10-23T16:33:11","date_gmt":"2021-10-23T14:33:11","guid":{"rendered":"https:\/\/lanaja.sk\/obchod\/neza\u0159azen\u00e9\/lneny-povlak-na-vafle\/"},"modified":"2025-09-27T14:35:13","modified_gmt":"2025-09-27T12:35:13","slug":"lneny-povlak-na-vafle","status":"publish","type":"product","link":"https:\/\/lanaja.sk\/cs\/obchod\/lneny-povlak-na-vafle\/","title":{"rendered":"Ln\u011bn\u00fd vaflov\u00fd povlak na pol\u0161t\u00e1\u0159"},"content":{"rendered":"<h2>Ln\u011bn\u00fd vaflov\u00fd povlak na pol\u0161t\u00e1\u0159<\/h2>\n<p>&nbsp;<\/p>\n<p><strong>Ln\u011bn\u00fd vaflov\u00fd povlak na pol\u0161t\u00e1\u0159 <\/strong>je<strong> <\/strong>svou strukturou je nejen kr\u00e1sn\u00fdm vizu\u00e1lem, ale i funk\u010dn\u00edm dopl\u0148kem. Barvu si m\u016f\u017eete vybrat z p\u0159ilo\u017een\u00e9ho vzorn\u00edku barev, sta\u010d\u00ed to napsat do pozn\u00e1mky p\u0159i objedn\u00e1vce.<\/p>\n<p>Ln\u011bn\u00e1 vaflov\u00e1 vazba potla\u010duje \u017eiv\u00e9 bakterie a pl\u00edsn\u011b, stimuluje krevn\u00ed ob\u011bh a podporuje relaxaci. V\u00fdrobky z vaflov\u00e9ho lnu jsou z\u00e1rove\u0148 hypoalergenn\u00ed.<\/p>\n<p>Len je siln\u011bj\u0161\u00ed materi\u00e1l a jeho vl\u00e1kna jsou mnohem del\u0161\u00ed. Proto je tak\u00e9 del\u0161\u00ed jeho \u017eivotnost. \u010c\u00edm v\u00edce ln\u011bn\u00fdch v\u00fdrobk\u016f vyperete, t\u00edm budou kr\u00e1sn\u011bj\u0161\u00ed a m\u011bk\u010d\u00ed. Historicky prok\u00e1zan\u00fd len je jedn\u00edm z nejpevn\u011bj\u0161\u00edch p\u0159\u00edrodn\u00edch a ekologick\u00fdch materi\u00e1l\u016f. Ji\u017e sta\u0159\u00ed Egyp\u0165an\u00e9 v\u011bd\u011bli o t\u00e9m\u011b\u0159 magick\u00fdch (ale zcela p\u0159\u00edrodn\u00edch) vlastnostech lnu. Dodnes se pou\u017e\u00edv\u00e1 jako l\u00e9k, proto\u017ee odpuzuje mikroorganismy a udr\u017euje poko\u017eku \u010distou. Pom\u00e1h\u00e1 p\u0159i ko\u017en\u00edch onemocn\u011bn\u00edch, zklid\u0148uje dermatitidu a ekz\u00e9my.<\/p>\n<p><strong>Slo\u017een\u00ed: 53% len, 47% bavlna  <\/strong><\/p>\n<p>BARVY:<\/p>\n<p>1. B\u00edl\u00e1<\/p>\n<p>2. Kr\u00e9mov\u00e1 p\u00edsekov\u00e1<\/p>\n<p>3. Tmav\u011b \u0161ed\u00e1<\/p>\n<p>4. Fialov\u00e1 z<\/p>\n<p>5. Sv\u011btle azurov\u00e1 (odst\u00edn jemn\u00e9 zeleno-modro-\u0161ed\u00e9)<\/p>\n<p>6. Sv\u011btle \u0161ed\u00e1<\/p>\n<p>7. Ocelov\u011b modr\u00e1<\/p>\n<p>8. Olivov\u011b \u017elut\u00e1<\/p>\n<p>9.R\u016f\u017eov\u00e1<\/p>\n<p>10. Sko\u0159ice<\/p>\n<p>11. Tmav\u011b modr\u00e1<\/p>\n<p>12. Zelenomodr\u00e1<\/p>\n<p>13. \u010cern\u00e1<\/p>\n<p>14. P\u0159\u00edrodn\u00ed<\/p>\n<p>15. Khaki zelen\u00e1<\/p>\n<p>Zkombinujte je s vaflov\u00fdmi p\u0159ehozy a vytvo\u0159te dokonalou p\u0159\u00edrodn\u00ed a vizu\u00e1ln\u00ed kombinaci udr\u017eiteln\u00fdch materi\u00e1l\u016f, v\u0161echny barvy a velikosti na\u0161ich p\u0159ehoz\u016f si m\u016f\u017eete prohl\u00e9dnout <a href=\"https:\/\/lanaja.sk\/cs\/kategorie-produktu\/loznice\/lnene-prehozy\/\" rel=\"noopener\">ZDE<\/a><\/p>\n<p><strong>Po\u010d\u00edtejte s dodac\u00ed lh\u016ftou a\u017e 2-3 t\u00fddny, ru\u010dn\u00ed pr\u00e1ce vy\u017eaduje n\u00e1\u0161 \u010das. Ln\u011bn\u00e9 v\u00fdrobky \u0161ijeme v na\u0161\u00ed d\u00edln\u011b dle Va\u0161eho p\u0159\u00e1n\u00ed a na m\u00edru v z\u00e1vislosti na konkr\u00e9tn\u00edm v\u00fdrobku.<\/strong><\/p>\n","protected":false},"excerpt":{"rendered":"<p>Nechte se h\u00fd\u010dkat na\u0161imi kr\u00e1sn\u00fdmi, m\u011bkk\u00fdmi, dekorativn\u00edmi povlaky na pol\u0161t\u00e1\u0159e s vaflovou vazbou. N\u00e1\u0161 povlak na pol\u0161t\u00e1\u0159 je u\u0161it\u00fd ze speci\u00e1ln\u00edho slo\u017een\u00ed vysoce kvalitn\u00edch ln\u011bn\u00fdch a bavln\u011bn\u00fdch vl\u00e1ken, m\u00e1 ozdobn\u00e9 d\u0159ev\u011bn\u00e9 knofl\u00edky. P\u0159\u00edrodn\u00ed vlastnosti lnu a bavlny zaru\u010duj\u00ed m\u011bkkost a pohodl\u00ed. Sla\u010fte je s na\u0161imi ln\u011bn\u00fdmi vaflov\u00fdmi p\u0159ehozy, vaflov\u00e1 textura l\u00e1tky p\u016fsob\u00ed h\u0159ejiv\u011b a \u00fatuln\u011b.<\/p>\n","protected":false},"featured_media":7142,"template":"","meta":[],"product_brand":[],"product_cat":[392,363],"product_tag":[367,399,398],"class_list":{"0":"post-13319","1":"product","2":"type-product","3":"status-publish","4":"has-post-thumbnail","6":"product_cat-lnene-povlaky-na-polstare","7":"product_cat-lnene-povleceni-cs","8":"product_tag-lnene-povleceni","9":"product_tag-povlaky-na-polstare","10":"product_tag-vaflove-listy","12":"first","13":"onbackorder","14":"shipping-taxable","15":"purchasable","16":"product-type-variable"},"yoast_head":"<!-- This site is optimized with the Yoast SEO plugin v27.4 - https:\/\/yoast.com\/product\/yoast-seo-wordpress\/ -->\n<title>Ln\u011bn\u00fd vaflov\u00fd povlak na pol\u0161t\u00e1\u0159 &#8226; Lanaja-slovensk\u00e1 udr\u017eiteln\u00e1 zna\u010dka a v\u00fdrobce ln\u011bn\u00e9ho textilu<\/title>\n<meta name=\"description\" content=\"Ln\u011bn\u00fd vaflov\u00fd povlak na pol\u0161t\u00e1\u0159 je svou strukturou nejen kr\u00e1sn\u00fdm vizu\u00e1ln\u00edm, ale i funk\u010dn\u00edm dopl\u0148kem.\" \/>\n<meta name=\"robots\" content=\"index, follow, max-snippet:-1, max-image-preview:large, max-video-preview:-1\" \/>\n<link rel=\"canonical\" href=\"https:\/\/lanaja.sk\/cs\/obchod\/lneny-povlak-na-vafle\/\" \/>\n<meta property=\"og:locale\" content=\"cs_CZ\" \/>\n<meta property=\"og:type\" content=\"article\" \/>\n<meta property=\"og:title\" content=\"Ln\u011bn\u00fd vaflov\u00fd povlak na pol\u0161t\u00e1\u0159 &#8226; Lanaja-slovensk\u00e1 udr\u017eiteln\u00e1 zna\u010dka a v\u00fdrobce ln\u011bn\u00e9ho textilu\" \/>\n<meta property=\"og:description\" content=\"Ln\u011bn\u00fd vaflov\u00fd povlak na pol\u0161t\u00e1\u0159 je svou strukturou nejen kr\u00e1sn\u00fdm vizu\u00e1ln\u00edm, ale i funk\u010dn\u00edm dopl\u0148kem.\" \/>\n<meta property=\"og:url\" content=\"https:\/\/lanaja.sk\/cs\/obchod\/lneny-povlak-na-vafle\/\" \/>\n<meta property=\"og:site_name\" content=\"Lanaja-slovensk\u00e1 udr\u017eiteln\u00e1 zna\u010dka a v\u00fdrobce ln\u011bn\u00e9ho textilu\" \/>\n<meta property=\"article:publisher\" content=\"https:\/\/www.facebook.com\/Abreadbag\" \/>\n<meta property=\"article:modified_time\" content=\"2025-09-27T12:35:13+00:00\" \/>\n<meta property=\"og:image\" content=\"https:\/\/lanaja.sk\/wp-content\/uploads\/2021\/10\/lanove-obliecky-karamel22-jpg.webp\" \/>\n\t<meta property=\"og:image:width\" content=\"900\" \/>\n\t<meta property=\"og:image:height\" content=\"600\" \/>\n\t<meta property=\"og:image:type\" content=\"image\/jpeg\" \/>\n<meta name=\"twitter:card\" content=\"summary_large_image\" \/>\n<meta name=\"twitter:label1\" content=\"Odhadovan\u00e1 doba \u010dten\u00ed\" \/>\n\t<meta name=\"twitter:data1\" content=\"2 minuty\" \/>\n<script type=\"application\/ld+json\" class=\"yoast-schema-graph\">{\"@context\":\"https:\\\/\\\/schema.org\",\"@graph\":[{\"@type\":\"WebPage\",\"@id\":\"https:\\\/\\\/lanaja.sk\\\/cs\\\/obchod\\\/lneny-povlak-na-vafle\\\/\",\"url\":\"https:\\\/\\\/lanaja.sk\\\/cs\\\/obchod\\\/lneny-povlak-na-vafle\\\/\",\"name\":\"Ln\u011bn\u00fd vaflov\u00fd povlak na pol\u0161t\u00e1\u0159 &#8226; Lanaja-slovensk\u00e1 udr\u017eiteln\u00e1 zna\u010dka a v\u00fdrobce ln\u011bn\u00e9ho textilu\",\"isPartOf\":{\"@id\":\"https:\\\/\\\/lanaja.sk\\\/cs\\\/#website\"},\"primaryImageOfPage\":{\"@id\":\"https:\\\/\\\/lanaja.sk\\\/cs\\\/obchod\\\/lneny-povlak-na-vafle\\\/#primaryimage\"},\"image\":{\"@id\":\"https:\\\/\\\/lanaja.sk\\\/cs\\\/obchod\\\/lneny-povlak-na-vafle\\\/#primaryimage\"},\"thumbnailUrl\":\"https:\\\/\\\/lanaja.sk\\\/wp-content\\\/uploads\\\/2021\\\/10\\\/lanove-obliecky-karamel22-jpg.webp\",\"datePublished\":\"2021-10-23T14:33:11+00:00\",\"dateModified\":\"2025-09-27T12:35:13+00:00\",\"description\":\"Ln\u011bn\u00fd vaflov\u00fd povlak na pol\u0161t\u00e1\u0159 je svou strukturou nejen kr\u00e1sn\u00fdm vizu\u00e1ln\u00edm, ale i funk\u010dn\u00edm dopl\u0148kem.\",\"breadcrumb\":{\"@id\":\"https:\\\/\\\/lanaja.sk\\\/cs\\\/obchod\\\/lneny-povlak-na-vafle\\\/#breadcrumb\"},\"inLanguage\":\"cs\",\"potentialAction\":[{\"@type\":\"ReadAction\",\"target\":[\"https:\\\/\\\/lanaja.sk\\\/cs\\\/obchod\\\/lneny-povlak-na-vafle\\\/\"]}]},{\"@type\":\"ImageObject\",\"inLanguage\":\"cs\",\"@id\":\"https:\\\/\\\/lanaja.sk\\\/cs\\\/obchod\\\/lneny-povlak-na-vafle\\\/#primaryimage\",\"url\":\"https:\\\/\\\/lanaja.sk\\\/wp-content\\\/uploads\\\/2021\\\/10\\\/lanove-obliecky-karamel22-jpg.webp\",\"contentUrl\":\"https:\\\/\\\/lanaja.sk\\\/wp-content\\\/uploads\\\/2021\\\/10\\\/lanove-obliecky-karamel22-jpg.webp\",\"width\":900,\"height\":600,\"caption\":\"oblie\u010dky na vank\u00fa\u0161\"},{\"@type\":\"BreadcrumbList\",\"@id\":\"https:\\\/\\\/lanaja.sk\\\/cs\\\/obchod\\\/lneny-povlak-na-vafle\\\/#breadcrumb\",\"itemListElement\":[{\"@type\":\"ListItem\",\"position\":1,\"name\":\"Home\",\"item\":\"https:\\\/\\\/lanaja.sk\\\/cs\\\/\"},{\"@type\":\"ListItem\",\"position\":2,\"name\":\"Obchod\",\"item\":\"https:\\\/\\\/lanaja.sk\\\/cs\\\/obchod-cz\\\/\"},{\"@type\":\"ListItem\",\"position\":3,\"name\":\"Ln\u011bn\u00fd vaflov\u00fd povlak na pol\u0161t\u00e1\u0159\"}]},{\"@type\":\"WebSite\",\"@id\":\"https:\\\/\\\/lanaja.sk\\\/cs\\\/#website\",\"url\":\"https:\\\/\\\/lanaja.sk\\\/cs\\\/\",\"name\":\"Lanaja - bytov\u00fd textil z \u013eanu a \u013eanov\u00e9 v\u00fdrobky\",\"description\":\"Jedine\u010dn\u00fd bytov\u00fd textil, ln\u011bn\u00e9 pytl\u00edky, ln\u011bn\u00e9 ubrusy, ln\u011bn\u00e9 lo\u017en\u00ed povle\u010den\u00ed, ln\u011bn\u00e9 ut\u011brky, ln\u011bn\u00e9 prost\u00edr\u00e1n\u00ed vyroben\u00e9 a \u0161it\u00e9 na Slovensku\",\"publisher\":{\"@id\":\"https:\\\/\\\/lanaja.sk\\\/cs\\\/#organization\"},\"alternateName\":\"Lanaja - v\u00fdrobky z \u013eanu, \u013eanov\u00fd bytov\u00fd textil\",\"potentialAction\":[{\"@type\":\"SearchAction\",\"target\":{\"@type\":\"EntryPoint\",\"urlTemplate\":\"https:\\\/\\\/lanaja.sk\\\/cs\\\/?s={search_term_string}\"},\"query-input\":{\"@type\":\"PropertyValueSpecification\",\"valueRequired\":true,\"valueName\":\"search_term_string\"}}],\"inLanguage\":\"cs\"},{\"@type\":\"Organization\",\"@id\":\"https:\\\/\\\/lanaja.sk\\\/cs\\\/#organization\",\"name\":\"Lanaja\",\"alternateName\":\"Al\u017ebeta Andr\u00e1\u0161ikov\u00e1 - Lanaja\",\"url\":\"https:\\\/\\\/lanaja.sk\\\/cs\\\/\",\"logo\":{\"@type\":\"ImageObject\",\"inLanguage\":\"cs\",\"@id\":\"https:\\\/\\\/lanaja.sk\\\/cs\\\/#\\\/schema\\\/logo\\\/image\\\/\",\"url\":\"https:\\\/\\\/lanaja.sk\\\/wp-content\\\/uploads\\\/2024\\\/01\\\/Lanaja.sk-logo.png\",\"contentUrl\":\"https:\\\/\\\/lanaja.sk\\\/wp-content\\\/uploads\\\/2024\\\/01\\\/Lanaja.sk-logo.png\",\"width\":600,\"height\":300,\"caption\":\"Lanaja\"},\"image\":{\"@id\":\"https:\\\/\\\/lanaja.sk\\\/cs\\\/#\\\/schema\\\/logo\\\/image\\\/\"},\"sameAs\":[\"https:\\\/\\\/www.facebook.com\\\/Abreadbag\",\"https:\\\/\\\/www.instagram.com\\\/lanaja_sk\\\/\"]}]}<\/script>\n<!-- \/ Yoast SEO plugin. -->","yoast_head_json":{"title":"Ln\u011bn\u00fd vaflov\u00fd povlak na pol\u0161t\u00e1\u0159 &#8226; Lanaja-slovensk\u00e1 udr\u017eiteln\u00e1 zna\u010dka a v\u00fdrobce ln\u011bn\u00e9ho textilu","description":"Ln\u011bn\u00fd vaflov\u00fd povlak na pol\u0161t\u00e1\u0159 je svou strukturou nejen kr\u00e1sn\u00fdm vizu\u00e1ln\u00edm, ale i funk\u010dn\u00edm dopl\u0148kem.","robots":{"index":"index","follow":"follow","max-snippet":"max-snippet:-1","max-image-preview":"max-image-preview:large","max-video-preview":"max-video-preview:-1"},"canonical":"https:\/\/lanaja.sk\/cs\/obchod\/lneny-povlak-na-vafle\/","og_locale":"cs_CZ","og_type":"article","og_title":"Ln\u011bn\u00fd vaflov\u00fd povlak na pol\u0161t\u00e1\u0159 &#8226; Lanaja-slovensk\u00e1 udr\u017eiteln\u00e1 zna\u010dka a v\u00fdrobce ln\u011bn\u00e9ho textilu","og_description":"Ln\u011bn\u00fd vaflov\u00fd povlak na pol\u0161t\u00e1\u0159 je svou strukturou nejen kr\u00e1sn\u00fdm vizu\u00e1ln\u00edm, ale i funk\u010dn\u00edm dopl\u0148kem.","og_url":"https:\/\/lanaja.sk\/cs\/obchod\/lneny-povlak-na-vafle\/","og_site_name":"Lanaja-slovensk\u00e1 udr\u017eiteln\u00e1 zna\u010dka a v\u00fdrobce ln\u011bn\u00e9ho textilu","article_publisher":"https:\/\/www.facebook.com\/Abreadbag","article_modified_time":"2025-09-27T12:35:13+00:00","og_image":[{"width":900,"height":600,"url":"https:\/\/lanaja.sk\/wp-content\/uploads\/2021\/10\/lanove-obliecky-karamel22-jpg.webp","type":"image\/jpeg"}],"twitter_card":"summary_large_image","twitter_misc":{"Odhadovan\u00e1 doba \u010dten\u00ed":"2 minuty"},"schema":{"@context":"https:\/\/schema.org","@graph":[{"@type":"WebPage","@id":"https:\/\/lanaja.sk\/cs\/obchod\/lneny-povlak-na-vafle\/","url":"https:\/\/lanaja.sk\/cs\/obchod\/lneny-povlak-na-vafle\/","name":"Ln\u011bn\u00fd vaflov\u00fd povlak na pol\u0161t\u00e1\u0159 &#8226; Lanaja-slovensk\u00e1 udr\u017eiteln\u00e1 zna\u010dka a v\u00fdrobce ln\u011bn\u00e9ho textilu","isPartOf":{"@id":"https:\/\/lanaja.sk\/cs\/#website"},"primaryImageOfPage":{"@id":"https:\/\/lanaja.sk\/cs\/obchod\/lneny-povlak-na-vafle\/#primaryimage"},"image":{"@id":"https:\/\/lanaja.sk\/cs\/obchod\/lneny-povlak-na-vafle\/#primaryimage"},"thumbnailUrl":"https:\/\/lanaja.sk\/wp-content\/uploads\/2021\/10\/lanove-obliecky-karamel22-jpg.webp","datePublished":"2021-10-23T14:33:11+00:00","dateModified":"2025-09-27T12:35:13+00:00","description":"Ln\u011bn\u00fd vaflov\u00fd povlak na pol\u0161t\u00e1\u0159 je svou strukturou nejen kr\u00e1sn\u00fdm vizu\u00e1ln\u00edm, ale i funk\u010dn\u00edm dopl\u0148kem.","breadcrumb":{"@id":"https:\/\/lanaja.sk\/cs\/obchod\/lneny-povlak-na-vafle\/#breadcrumb"},"inLanguage":"cs","potentialAction":[{"@type":"ReadAction","target":["https:\/\/lanaja.sk\/cs\/obchod\/lneny-povlak-na-vafle\/"]}]},{"@type":"ImageObject","inLanguage":"cs","@id":"https:\/\/lanaja.sk\/cs\/obchod\/lneny-povlak-na-vafle\/#primaryimage","url":"https:\/\/lanaja.sk\/wp-content\/uploads\/2021\/10\/lanove-obliecky-karamel22-jpg.webp","contentUrl":"https:\/\/lanaja.sk\/wp-content\/uploads\/2021\/10\/lanove-obliecky-karamel22-jpg.webp","width":900,"height":600,"caption":"oblie\u010dky na vank\u00fa\u0161"},{"@type":"BreadcrumbList","@id":"https:\/\/lanaja.sk\/cs\/obchod\/lneny-povlak-na-vafle\/#breadcrumb","itemListElement":[{"@type":"ListItem","position":1,"name":"Home","item":"https:\/\/lanaja.sk\/cs\/"},{"@type":"ListItem","position":2,"name":"Obchod","item":"https:\/\/lanaja.sk\/cs\/obchod-cz\/"},{"@type":"ListItem","position":3,"name":"Ln\u011bn\u00fd vaflov\u00fd povlak na pol\u0161t\u00e1\u0159"}]},{"@type":"WebSite","@id":"https:\/\/lanaja.sk\/cs\/#website","url":"https:\/\/lanaja.sk\/cs\/","name":"Lanaja - bytov\u00fd textil z \u013eanu a \u013eanov\u00e9 v\u00fdrobky","description":"Jedine\u010dn\u00fd bytov\u00fd textil, ln\u011bn\u00e9 pytl\u00edky, ln\u011bn\u00e9 ubrusy, ln\u011bn\u00e9 lo\u017en\u00ed povle\u010den\u00ed, ln\u011bn\u00e9 ut\u011brky, ln\u011bn\u00e9 prost\u00edr\u00e1n\u00ed vyroben\u00e9 a \u0161it\u00e9 na Slovensku","publisher":{"@id":"https:\/\/lanaja.sk\/cs\/#organization"},"alternateName":"Lanaja - v\u00fdrobky z \u013eanu, \u013eanov\u00fd bytov\u00fd textil","potentialAction":[{"@type":"SearchAction","target":{"@type":"EntryPoint","urlTemplate":"https:\/\/lanaja.sk\/cs\/?s={search_term_string}"},"query-input":{"@type":"PropertyValueSpecification","valueRequired":true,"valueName":"search_term_string"}}],"inLanguage":"cs"},{"@type":"Organization","@id":"https:\/\/lanaja.sk\/cs\/#organization","name":"Lanaja","alternateName":"Al\u017ebeta Andr\u00e1\u0161ikov\u00e1 - Lanaja","url":"https:\/\/lanaja.sk\/cs\/","logo":{"@type":"ImageObject","inLanguage":"cs","@id":"https:\/\/lanaja.sk\/cs\/#\/schema\/logo\/image\/","url":"https:\/\/lanaja.sk\/wp-content\/uploads\/2024\/01\/Lanaja.sk-logo.png","contentUrl":"https:\/\/lanaja.sk\/wp-content\/uploads\/2024\/01\/Lanaja.sk-logo.png","width":600,"height":300,"caption":"Lanaja"},"image":{"@id":"https:\/\/lanaja.sk\/cs\/#\/schema\/logo\/image\/"},"sameAs":["https:\/\/www.facebook.com\/Abreadbag","https:\/\/www.instagram.com\/lanaja_sk\/"]}]}},"_links":{"self":[{"href":"https:\/\/lanaja.sk\/cs\/wp-json\/wp\/v2\/product\/13319","targetHints":{"allow":["GET"]}}],"collection":[{"href":"https:\/\/lanaja.sk\/cs\/wp-json\/wp\/v2\/product"}],"about":[{"href":"https:\/\/lanaja.sk\/cs\/wp-json\/wp\/v2\/types\/product"}],"version-history":[{"count":2,"href":"https:\/\/lanaja.sk\/cs\/wp-json\/wp\/v2\/product\/13319\/revisions"}],"predecessor-version":[{"id":16668,"href":"https:\/\/lanaja.sk\/cs\/wp-json\/wp\/v2\/product\/13319\/revisions\/16668"}],"wp:featuredmedia":[{"embeddable":true,"href":"https:\/\/lanaja.sk\/cs\/wp-json\/wp\/v2\/media\/7142"}],"wp:attachment":[{"href":"https:\/\/lanaja.sk\/cs\/wp-json\/wp\/v2\/media?parent=13319"}],"wp:term":[{"taxonomy":"product_brand","embeddable":true,"href":"https:\/\/lanaja.sk\/cs\/wp-json\/wp\/v2\/product_brand?post=13319"},{"taxonomy":"product_cat","embeddable":true,"href":"https:\/\/lanaja.sk\/cs\/wp-json\/wp\/v2\/product_cat?post=13319"},{"taxonomy":"product_tag","embeddable":true,"href":"https:\/\/lanaja.sk\/cs\/wp-json\/wp\/v2\/product_tag?post=13319"}],"curies":[{"name":"wp","href":"https:\/\/api.w.org\/{rel}","templated":true}]}}