{"id":13321,"date":"2024-11-06T21:00:13","date_gmt":"2024-11-06T20:00:13","guid":{"rendered":"https:\/\/lanaja.sk\/obchod\/neza\u0159azen\u00e9\/lneny-vaflovy-zupan\/"},"modified":"2025-10-05T16:03:31","modified_gmt":"2025-10-05T14:03:31","slug":"lneny-vaflovy-zupan","status":"publish","type":"product","link":"https:\/\/lanaja.sk\/cs\/obchod\/lneny-vaflovy-zupan\/","title":{"rendered":"Ln\u011bn\u00fd vaflov\u00fd \u017eupan UNISEX."},"content":{"rendered":"<p><strong>Ln\u011bn\u00fd vaflov\u00fd \u017eupan s vyhrnovac\u00edmi ruk\u00e1vy UNISEX, vhodn\u00fd pro d\u00e1my i p\u00e1ny.<\/strong><\/p>\n<p>&nbsp;<\/p>\n<p>Pokud hled\u00e1te n\u011bco, co v\u00e1m p\u0159inese pohodl\u00ed a jedine\u010dnost, pak je pro v\u00e1s n\u00e1\u0161 ln\u011bn\u00fd vaflov\u00fd \u017eupan tou spr\u00e1vnou volbou. Na\u0161e \u017eupany jsou \u0161it\u00e9 z kvalitn\u00edho ln\u011bn\u00e9ho materi\u00e1lu, kter\u00fd je zn\u00e1m\u00fd svou odolnost\u00ed, p\u0159irozenou m\u011bkkost\u00ed a p\u0159\u00edjemn\u00fdm pocitem na poko\u017ece. Ka\u017ed\u00fd \u017eupan je vyr\u00e1b\u011bn ru\u010dn\u011b a s l\u00e1skou, aby zaru\u010dil vynikaj\u00edc\u00ed kvalitu a nezam\u011bniteln\u00fd styl.<\/p>\n<p>V na\u0161em ln\u011bn\u00e9m vaflov\u00e9m \u017eupanu se budete c\u00edtit jako v zahrad\u011b pln\u00e9 kv\u011btin, kde ka\u017ed\u00e1 v\u016fn\u011b a barva zanech\u00e1 stopu ve va\u0161ich smyslech. C\u00edt\u00edte se p\u0159\u00edjemn\u011b a uvoln\u011bn\u011b, jako byste se pr\u00e1v\u011b vr\u00e1tili z wellness pobytu, kde jste m\u011bli mo\u017enost si dokonale odpo\u010dinout a na\u010derpat nov\u00e9 s\u00edly.<\/p>\n<p>A\u0165 u\u017e pl\u00e1nujete relaxovat v pohodl\u00ed domova nebo si u\u017e\u00edt romantickou atmosf\u00e9ru na v\u00edkendov\u00e9m v\u00fdlet\u011b, n\u00e1\u0161 \u017eupan v\u00e1m p\u0159inese pocit luxusu a dokonal\u00e9 relaxace.<\/p>\n<p>Jsme p\u0159esv\u011bd\u010deni, \u017ee i vy se stanete fanou\u0161kem na\u0161ich ln\u011bn\u00fdch vaflov\u00fdch \u017eupan\u016f a budete si je u\u017e\u00edvat po mnoho let.<\/p>\n<p>Ln\u011bn\u00fd vaflov\u00fd \u017eupan s kapuc\u00ed a s vyhrnovac\u00edmi ruk\u00e1vy je u\u0161it\u00fd ze sm\u011bsi lnu a bavlny, d\u00edky \u010demu\u017e je <strong>mimo\u0159\u00e1dn\u011b m\u011bkk\u00fd, nad\u010dasov\u00fd a m\u00e1 sv\u016fj jedine\u010dn\u00fd styl. <\/strong>Nad\u00fdchan\u00e1 ln\u011bn\u00e1 vaflov\u00e1 vazba zvy\u0161uje jeho savost a jemn\u011b mas\u00edruje poko\u017eku. \u017dupan m\u00e1 dv\u011b velk\u00e9 kapsy a zavazov\u00e1n\u00ed v pase.<\/p>\n<p>D\u00edky \u0161irok\u00fdm ohrnut\u00fdm ruk\u00e1v\u016fm prakticky navr\u017een\u00fdm tak, abyste je hned nenamo\u010dili od vody, je tento \u017eupan ide\u00e1ln\u00ed nejen na l\u00e9to, ale jeho prodlou\u017een\u00e1 d\u00e9lka v\u00e1s zaru\u010den\u011b zah\u0159eje v chladn\u011bj\u0161\u00edch m\u011bs\u00edc\u00edch, pot\u00e9 m\u016f\u017eete ruk\u00e1vy rozepnout a zah\u0159\u00e1t si ruce.<\/p>\n<p>Dvouvrstv\u00e1 velk\u00e1 kapuce spolehliv\u011b vysu\u0161\u00ed i dlouh\u00e9 mokr\u00e9 vlasy, nebo ji m\u016f\u017eete v l\u00e9t\u011b pou\u017e\u00edt jako ochranu p\u0159ed UV z\u00e1\u0159en\u00edm, ln\u011bn\u00e1 vl\u00e1kna odr\u00e1\u017eej\u00ed UV paprsky.<\/p>\n<p><span style=\"font-family: georgia, serif;\">\u00da\u010delem ln\u011bn\u00fdch \u017eupan\u016f je nejen zp\u0159\u00edjemnit v\u00e1m letn\u00ed osv\u011b\u017euj\u00edc\u00ed sprchu nebo h\u0159ejivou zimn\u00ed koupel a poskytnout tak na\u0161emu t\u011blu trochu luxusu, ale tak\u00e9 udr\u017eet p\u0159irozenou t\u011blesnou teplotu. Zaji\u0161\u0165uj\u00ed tak, aby na\u0161e poko\u017eka mohla voln\u011b d\u00fdchat a zbyl\u00e9 kapi\u010dky vody se mohly voln\u011b odpa\u0159it. Proto je tak d\u016fle\u017eit\u00e9, aby \u017eupan, kter\u00fd pou\u017e\u00edv\u00e1me, byl vyroben z p\u0159\u00edrodn\u00edch vl\u00e1ken, kter\u00e1 maj\u00ed termoregula\u010dn\u00ed a hygroskopick\u00e9 vlastnosti &#8211; schopnost l\u00e1tek absorbovat vlhkost. D\u00edky sv\u00e9 jedine\u010dn\u00e9 filtraci, schopnosti odol\u00e1vat bakteri\u00edm, vzdu\u0161nosti, absorpci a odpa\u0159ov\u00e1n\u00ed vlhkosti je len zn\u00e1m\u00fd jako antialergick\u00fd, vhodn\u00fd pro osoby s ko\u017en\u00edmi probl\u00e9my, alergiemi a dokonce i pro mal\u00e9 d\u011bti.<\/span><\/p>\n<p>\u017dupany jsou p\u0159edepran\u00e9, tak\u017ee se ji\u017e nesr\u00e1\u017eej\u00ed a zachov\u00e1vaj\u00ed si sv\u016fj st\u0159ih a tvar i po \u010dast\u00e9m no\u0161en\u00ed a pran\u00ed, kdy jsou je\u0161t\u011b m\u011bk\u010d\u00ed a autenti\u010dt\u011bj\u0161\u00ed.<\/p>\n<p>Vaflov\u00fd \u017eupan je pro\u0161\u00edvan\u00fd, precizn\u011b u\u0161it\u00fd do nejmen\u0161\u00edch detail\u016f s p\u0159ihl\u00e9dnut\u00edm na udr\u017eitelnost a prakti\u010dnost.<\/p>\n<p><strong>Velikost \u017eupan\u016f je UNISEX,<\/strong> nejsou d\u011blen\u00e9 na d\u00e1msk\u00e9 a p\u00e1nsk\u00e9. Pokud jej vyzkou\u0161\u00edte, u\u017e se o n\u011bj nebudete cht\u00edt d\u011blit! Sed\u00ed do velikosti XL. Pokud byste pot\u0159ebovali velikost v\u011bt\u0161\u00ed, napi\u0161te n\u00e1m p\u0159edem p\u0159ed objedn\u00e1vkou. Budeme od v\u00e1s pot\u0159ebovat \u0161\u00ed\u0159ku ramen, obvod p\u0159es prsa, pas a v\u00fd\u0161ku postavy. Pokud jste ni\u017e\u0161\u00ed ne\u017e 160 cm, je dobr\u00e9 m\u011b na to upozornit, abychom mohli d\u00e9lku zkr\u00e1tit.<\/p>\n<p>&nbsp;<\/p>\n<p><strong>BARVY: <\/strong><\/p>\n<p>1.Sko\u0159icov\u00e1- CINNAMON (na fotografi\u00edch)<\/p>\n<p>2.TMAV\u011a \u0160ED\u00c1 (na fotografi\u00edch)<\/p>\n<p>3. P\u00cdSKOV\u011a B\u00c9\u017dOV\u00c1 (na fotografi\u00edch)<\/p>\n<p>4. B\u00cdL\u00c1 (viz vzorn\u00edk)<\/p>\n<p>5. SV\u011aTLE \u0160ED\u00c1 (viz vzorn\u00edk)<\/p>\n<p>6. DUSTY FIALOV\u00c1 (viz vzorn\u00edk)<\/p>\n<p>7. AZUROV\u00c1 (viz vzorn\u00edk)<\/p>\n<p>8. R\u016e\u017dOV\u00c1 (viz vzorn\u00edk)<\/p>\n<p>9. OLIVOV\u011a \u017elut\u00e1 (viz vzorn\u00edk)<\/p>\n<p>10. OCELOV\u011a MODR\u00c1 (viz vzorn\u00edk)<\/p>\n<p>11. KhaKI ZELEN\u00c1 (viz vzorn\u00edk)<\/p>\n<p>12. \u010cern\u00e1<\/p>\n<p>13. P\u0159\u00edrodn\u00ed<\/p>\n<p>14. Tmav\u011b modr\u00e1<\/p>\n<p>15. Zelenomodr\u00e1<\/p>\n<p><strong>ROZM\u011aRY:<\/strong> D\u00e9lka od ramene: 125cm<\/p>\n<p>\u0160\u00ed\u0159ka 71 cm x 2 (prsa, pas, boky)<\/p>\n<p>Ruk\u00e1v m\u011b\u0159en\u00fd od kapuce 72cm (neohrnut\u00fd, celkov\u00e1 d\u00e9lka)<\/p>\n<p><strong>VELIKOST UNIVERSAL-UNI : ln\u011bn\u00fd vaflov\u00fd \u017eupan<\/strong><\/p>\n<p>Abychom zajistili maxim\u00e1ln\u00ed spokojenost na\u0161ich mil\u00fdch z\u00e1kazn\u00edk\u016f, \u0161ijeme v na\u0161\u00ed d\u00edln\u011b vaflov\u00e9 \u017eupany z materi\u00e1lov\u00e9ho slo\u017een\u00ed: <strong>53% len, 47% bavlna<\/strong> pro dosa\u017een\u00ed maxim\u00e1ln\u00ed odolnosti, savosti a m\u011bkkosti. Ka\u017ed\u00fd u\u0161it\u00fd kousek je pro n\u00e1s v\u00fdzvou a z\u00e1rove\u0148 p\u0159\u00edle\u017eitost\u00ed, abychom dok\u00e1zali p\u0159en\u00e9st na\u0161e nad\u0161en\u00ed a l\u00e1sku k p\u0159\u00edrodn\u00edm materi\u00e1l\u016fm i k v\u00e1m.<\/p>\n<p><strong>\u0160ijeme ln\u011bn\u00e9 v\u00fdrobky v na\u0161\u00ed d\u00edln\u011b podle va\u0161ich p\u0159edstav a na m\u00edru, tak\u017ee mus\u00edte po\u010d\u00edtat s dod\u00e1n\u00edm 5-15 pracovn\u00edch dn\u016f, v z\u00e1vislosti na konkr\u00e9tn\u00edm produktu.<\/strong><\/p>\n<p>V\u00edce o n\u00e1s, o Lanaja, z ka\u017edodenn\u00edho \u017eivota v na\u0161em ateli\u00e9ru, hodnocen\u00ed spokojen\u00fdch z\u00e1kazn\u00edk\u016f si m\u016f\u017eete prohl\u00e9dnout tak\u00e9 na na\u0161ich soci\u00e1ln\u00edch s\u00edt\u00edch <a href=\"https:\/\/www.instagram.com\/lanaja_sk\/\" target=\"_blank\" rel=\"noopener\">LANAJA na Instagramu<\/a> a LANAJA na Facebooku<\/p>\n<p>&nbsp;<\/p>\n<p>&nbsp;<\/p>\n<p>&nbsp;<\/p>\n<p>&nbsp;<\/p>\n<p>&nbsp;<\/p>\n<p>&nbsp;<\/p>\n","protected":false},"excerpt":{"rendered":"<p>Jsme si jisti, \u017ee a\u017e si obl\u00e9knete n\u00e1\u0161 ln\u011bn\u00fd \u017eupan, u\u017e ho nebudete cht\u00edt svl\u00e9knout. Najednou se p\u0159istihnete, jak si vychutn\u00e1v\u00e1te rann\u00ed k\u00e1vu, ned\u011bln\u00ed sn\u00eddani, ve\u010der s knihou v ruce ve sv\u00e9m obl\u00edben\u00e9m k\u0159esle nebo po relaxa\u010dn\u00ed vo\u0148av\u00e9 koupeli po n\u00e1ro\u010dn\u00e9m dni zabalen\u00ed do ln\u011bn\u00e9ho \u017eupanu. V\u0161echny na\u0161e ln\u011bn\u00e9 \u017eupany jsou \u0161it\u00e9 z vaflov\u00e9 l\u00e1tky, kter\u00e1 se skl\u00e1d\u00e1 z dokonal\u00e9 kombinace lnu a bavlny a zaru\u010duje luxusn\u00ed m\u011bkkost a pohodl\u00ed. St\u0159ih vaflov\u00fdch \u017eupan\u016f je <strong>UNISEX, vhodn\u00fd pro d\u00e1my i p\u00e1ny.<\/strong><\/p>\n<p>&nbsp;<\/p>\n","protected":false},"featured_media":10377,"template":"","meta":[],"product_brand":[],"product_cat":[397],"product_tag":[],"class_list":{"0":"post-13321","1":"product","2":"type-product","3":"status-publish","4":"has-post-thumbnail","6":"product_cat-lnene-zupany","8":"first","9":"onbackorder","10":"shipping-taxable","11":"purchasable","12":"product-type-variable"},"yoast_head":"<!-- This site is optimized with the Yoast SEO plugin v27.4 - https:\/\/yoast.com\/product\/yoast-seo-wordpress\/ -->\n<title>Ln\u011bn\u00fd vaflov\u00fd \u017eupan UNISEX. &#8226; Lanaja-slovensk\u00e1 udr\u017eiteln\u00e1 zna\u010dka a v\u00fdrobce ln\u011bn\u00e9ho textilu<\/title>\n<meta name=\"description\" content=\"Ln\u011bn\u00fd vaflov\u00fd \u017eupan s ohrnut\u00fdmi ruk\u00e1vy je extr\u00e9mn\u011b m\u011bkk\u00fd, nad\u010dasov\u00fd a m\u00e1 sv\u016fj jedine\u010dn\u00fd styl, \u0161ijeme je na m\u00edru v na\u0161\u00ed d\u00edln\u011b...\" \/>\n<meta name=\"robots\" content=\"index, follow, max-snippet:-1, max-image-preview:large, max-video-preview:-1\" \/>\n<link rel=\"canonical\" href=\"https:\/\/lanaja.sk\/cs\/obchod\/lneny-vaflovy-zupan\/\" \/>\n<meta property=\"og:locale\" content=\"cs_CZ\" \/>\n<meta property=\"og:type\" content=\"article\" \/>\n<meta property=\"og:title\" content=\"Ln\u011bn\u00fd vaflov\u00fd \u017eupan UNISEX. &#8226; Lanaja-slovensk\u00e1 udr\u017eiteln\u00e1 zna\u010dka a v\u00fdrobce ln\u011bn\u00e9ho textilu\" \/>\n<meta property=\"og:description\" content=\"Ln\u011bn\u00fd vaflov\u00fd \u017eupan s ohrnut\u00fdmi ruk\u00e1vy je extr\u00e9mn\u011b m\u011bkk\u00fd, nad\u010dasov\u00fd a m\u00e1 sv\u016fj jedine\u010dn\u00fd styl, \u0161ijeme je na m\u00edru v na\u0161\u00ed d\u00edln\u011b...\" \/>\n<meta property=\"og:url\" content=\"https:\/\/lanaja.sk\/cs\/obchod\/lneny-vaflovy-zupan\/\" \/>\n<meta property=\"og:site_name\" content=\"Lanaja-slovensk\u00e1 udr\u017eiteln\u00e1 zna\u010dka a v\u00fdrobce ln\u011bn\u00e9ho textilu\" \/>\n<meta property=\"article:publisher\" content=\"https:\/\/www.facebook.com\/Abreadbag\" \/>\n<meta property=\"article:modified_time\" content=\"2025-10-05T14:03:31+00:00\" \/>\n<meta property=\"og:image\" content=\"https:\/\/lanaja.sk\/wp-content\/uploads\/2022\/07\/Abreadbag-zupany-29-scaled.webp\" \/>\n\t<meta property=\"og:image:width\" content=\"1707\" \/>\n\t<meta property=\"og:image:height\" content=\"2560\" \/>\n\t<meta property=\"og:image:type\" content=\"image\/jpeg\" \/>\n<meta name=\"twitter:card\" content=\"summary_large_image\" \/>\n<meta name=\"twitter:label1\" content=\"Odhadovan\u00e1 doba \u010dten\u00ed\" \/>\n\t<meta name=\"twitter:data1\" content=\"5 minut\" \/>\n<script type=\"application\/ld+json\" class=\"yoast-schema-graph\">{\"@context\":\"https:\\\/\\\/schema.org\",\"@graph\":[{\"@type\":\"WebPage\",\"@id\":\"https:\\\/\\\/lanaja.sk\\\/cs\\\/obchod\\\/lneny-vaflovy-zupan\\\/\",\"url\":\"https:\\\/\\\/lanaja.sk\\\/cs\\\/obchod\\\/lneny-vaflovy-zupan\\\/\",\"name\":\"Ln\u011bn\u00fd vaflov\u00fd \u017eupan UNISEX. &#8226; Lanaja-slovensk\u00e1 udr\u017eiteln\u00e1 zna\u010dka a v\u00fdrobce ln\u011bn\u00e9ho textilu\",\"isPartOf\":{\"@id\":\"https:\\\/\\\/lanaja.sk\\\/cs\\\/#website\"},\"primaryImageOfPage\":{\"@id\":\"https:\\\/\\\/lanaja.sk\\\/cs\\\/obchod\\\/lneny-vaflovy-zupan\\\/#primaryimage\"},\"image\":{\"@id\":\"https:\\\/\\\/lanaja.sk\\\/cs\\\/obchod\\\/lneny-vaflovy-zupan\\\/#primaryimage\"},\"thumbnailUrl\":\"https:\\\/\\\/lanaja.sk\\\/wp-content\\\/uploads\\\/2022\\\/07\\\/Abreadbag-zupany-29-scaled.webp\",\"datePublished\":\"2024-11-06T20:00:13+00:00\",\"dateModified\":\"2025-10-05T14:03:31+00:00\",\"description\":\"Ln\u011bn\u00fd vaflov\u00fd \u017eupan s ohrnut\u00fdmi ruk\u00e1vy je extr\u00e9mn\u011b m\u011bkk\u00fd, nad\u010dasov\u00fd a m\u00e1 sv\u016fj jedine\u010dn\u00fd styl, \u0161ijeme je na m\u00edru v na\u0161\u00ed d\u00edln\u011b...\",\"breadcrumb\":{\"@id\":\"https:\\\/\\\/lanaja.sk\\\/cs\\\/obchod\\\/lneny-vaflovy-zupan\\\/#breadcrumb\"},\"inLanguage\":\"cs\",\"potentialAction\":[{\"@type\":\"ReadAction\",\"target\":[\"https:\\\/\\\/lanaja.sk\\\/cs\\\/obchod\\\/lneny-vaflovy-zupan\\\/\"]}]},{\"@type\":\"ImageObject\",\"inLanguage\":\"cs\",\"@id\":\"https:\\\/\\\/lanaja.sk\\\/cs\\\/obchod\\\/lneny-vaflovy-zupan\\\/#primaryimage\",\"url\":\"https:\\\/\\\/lanaja.sk\\\/wp-content\\\/uploads\\\/2022\\\/07\\\/Abreadbag-zupany-29-scaled.webp\",\"contentUrl\":\"https:\\\/\\\/lanaja.sk\\\/wp-content\\\/uploads\\\/2022\\\/07\\\/Abreadbag-zupany-29-scaled.webp\",\"width\":1707,\"height\":2560,\"caption\":\"\u013danov\u00e9 vaflov\u00e9 \u017eupany s vyhr\u0148ovac\u00edmi ruk\u00e1vmi a s \u013eanov\u00fdmi oblie\u010dkami\"},{\"@type\":\"BreadcrumbList\",\"@id\":\"https:\\\/\\\/lanaja.sk\\\/cs\\\/obchod\\\/lneny-vaflovy-zupan\\\/#breadcrumb\",\"itemListElement\":[{\"@type\":\"ListItem\",\"position\":1,\"name\":\"Home\",\"item\":\"https:\\\/\\\/lanaja.sk\\\/cs\\\/\"},{\"@type\":\"ListItem\",\"position\":2,\"name\":\"Obchod\",\"item\":\"https:\\\/\\\/lanaja.sk\\\/cs\\\/obchod-cz\\\/\"},{\"@type\":\"ListItem\",\"position\":3,\"name\":\"Ln\u011bn\u00fd vaflov\u00fd \u017eupan UNISEX.\"}]},{\"@type\":\"WebSite\",\"@id\":\"https:\\\/\\\/lanaja.sk\\\/cs\\\/#website\",\"url\":\"https:\\\/\\\/lanaja.sk\\\/cs\\\/\",\"name\":\"Lanaja - bytov\u00fd textil z \u013eanu a \u013eanov\u00e9 v\u00fdrobky\",\"description\":\"Jedine\u010dn\u00fd bytov\u00fd textil, ln\u011bn\u00e9 pytl\u00edky, ln\u011bn\u00e9 ubrusy, ln\u011bn\u00e9 lo\u017en\u00ed povle\u010den\u00ed, ln\u011bn\u00e9 ut\u011brky, ln\u011bn\u00e9 prost\u00edr\u00e1n\u00ed vyroben\u00e9 a \u0161it\u00e9 na Slovensku\",\"publisher\":{\"@id\":\"https:\\\/\\\/lanaja.sk\\\/cs\\\/#organization\"},\"alternateName\":\"Lanaja - v\u00fdrobky z \u013eanu, \u013eanov\u00fd bytov\u00fd textil\",\"potentialAction\":[{\"@type\":\"SearchAction\",\"target\":{\"@type\":\"EntryPoint\",\"urlTemplate\":\"https:\\\/\\\/lanaja.sk\\\/cs\\\/?s={search_term_string}\"},\"query-input\":{\"@type\":\"PropertyValueSpecification\",\"valueRequired\":true,\"valueName\":\"search_term_string\"}}],\"inLanguage\":\"cs\"},{\"@type\":\"Organization\",\"@id\":\"https:\\\/\\\/lanaja.sk\\\/cs\\\/#organization\",\"name\":\"Lanaja\",\"alternateName\":\"Al\u017ebeta Andr\u00e1\u0161ikov\u00e1 - Lanaja\",\"url\":\"https:\\\/\\\/lanaja.sk\\\/cs\\\/\",\"logo\":{\"@type\":\"ImageObject\",\"inLanguage\":\"cs\",\"@id\":\"https:\\\/\\\/lanaja.sk\\\/cs\\\/#\\\/schema\\\/logo\\\/image\\\/\",\"url\":\"https:\\\/\\\/lanaja.sk\\\/wp-content\\\/uploads\\\/2024\\\/01\\\/Lanaja.sk-logo.png\",\"contentUrl\":\"https:\\\/\\\/lanaja.sk\\\/wp-content\\\/uploads\\\/2024\\\/01\\\/Lanaja.sk-logo.png\",\"width\":600,\"height\":300,\"caption\":\"Lanaja\"},\"image\":{\"@id\":\"https:\\\/\\\/lanaja.sk\\\/cs\\\/#\\\/schema\\\/logo\\\/image\\\/\"},\"sameAs\":[\"https:\\\/\\\/www.facebook.com\\\/Abreadbag\",\"https:\\\/\\\/www.instagram.com\\\/lanaja_sk\\\/\"]}]}<\/script>\n<!-- \/ Yoast SEO plugin. -->","yoast_head_json":{"title":"Ln\u011bn\u00fd vaflov\u00fd \u017eupan UNISEX. &#8226; Lanaja-slovensk\u00e1 udr\u017eiteln\u00e1 zna\u010dka a v\u00fdrobce ln\u011bn\u00e9ho textilu","description":"Ln\u011bn\u00fd vaflov\u00fd \u017eupan s ohrnut\u00fdmi ruk\u00e1vy je extr\u00e9mn\u011b m\u011bkk\u00fd, nad\u010dasov\u00fd a m\u00e1 sv\u016fj jedine\u010dn\u00fd styl, \u0161ijeme je na m\u00edru v na\u0161\u00ed d\u00edln\u011b...","robots":{"index":"index","follow":"follow","max-snippet":"max-snippet:-1","max-image-preview":"max-image-preview:large","max-video-preview":"max-video-preview:-1"},"canonical":"https:\/\/lanaja.sk\/cs\/obchod\/lneny-vaflovy-zupan\/","og_locale":"cs_CZ","og_type":"article","og_title":"Ln\u011bn\u00fd vaflov\u00fd \u017eupan UNISEX. &#8226; Lanaja-slovensk\u00e1 udr\u017eiteln\u00e1 zna\u010dka a v\u00fdrobce ln\u011bn\u00e9ho textilu","og_description":"Ln\u011bn\u00fd vaflov\u00fd \u017eupan s ohrnut\u00fdmi ruk\u00e1vy je extr\u00e9mn\u011b m\u011bkk\u00fd, nad\u010dasov\u00fd a m\u00e1 sv\u016fj jedine\u010dn\u00fd styl, \u0161ijeme je na m\u00edru v na\u0161\u00ed d\u00edln\u011b...","og_url":"https:\/\/lanaja.sk\/cs\/obchod\/lneny-vaflovy-zupan\/","og_site_name":"Lanaja-slovensk\u00e1 udr\u017eiteln\u00e1 zna\u010dka a v\u00fdrobce ln\u011bn\u00e9ho textilu","article_publisher":"https:\/\/www.facebook.com\/Abreadbag","article_modified_time":"2025-10-05T14:03:31+00:00","og_image":[{"width":1707,"height":2560,"url":"https:\/\/lanaja.sk\/wp-content\/uploads\/2022\/07\/Abreadbag-zupany-29-scaled.webp","type":"image\/jpeg"}],"twitter_card":"summary_large_image","twitter_misc":{"Odhadovan\u00e1 doba \u010dten\u00ed":"5 minut"},"schema":{"@context":"https:\/\/schema.org","@graph":[{"@type":"WebPage","@id":"https:\/\/lanaja.sk\/cs\/obchod\/lneny-vaflovy-zupan\/","url":"https:\/\/lanaja.sk\/cs\/obchod\/lneny-vaflovy-zupan\/","name":"Ln\u011bn\u00fd vaflov\u00fd \u017eupan UNISEX. &#8226; Lanaja-slovensk\u00e1 udr\u017eiteln\u00e1 zna\u010dka a v\u00fdrobce ln\u011bn\u00e9ho textilu","isPartOf":{"@id":"https:\/\/lanaja.sk\/cs\/#website"},"primaryImageOfPage":{"@id":"https:\/\/lanaja.sk\/cs\/obchod\/lneny-vaflovy-zupan\/#primaryimage"},"image":{"@id":"https:\/\/lanaja.sk\/cs\/obchod\/lneny-vaflovy-zupan\/#primaryimage"},"thumbnailUrl":"https:\/\/lanaja.sk\/wp-content\/uploads\/2022\/07\/Abreadbag-zupany-29-scaled.webp","datePublished":"2024-11-06T20:00:13+00:00","dateModified":"2025-10-05T14:03:31+00:00","description":"Ln\u011bn\u00fd vaflov\u00fd \u017eupan s ohrnut\u00fdmi ruk\u00e1vy je extr\u00e9mn\u011b m\u011bkk\u00fd, nad\u010dasov\u00fd a m\u00e1 sv\u016fj jedine\u010dn\u00fd styl, \u0161ijeme je na m\u00edru v na\u0161\u00ed d\u00edln\u011b...","breadcrumb":{"@id":"https:\/\/lanaja.sk\/cs\/obchod\/lneny-vaflovy-zupan\/#breadcrumb"},"inLanguage":"cs","potentialAction":[{"@type":"ReadAction","target":["https:\/\/lanaja.sk\/cs\/obchod\/lneny-vaflovy-zupan\/"]}]},{"@type":"ImageObject","inLanguage":"cs","@id":"https:\/\/lanaja.sk\/cs\/obchod\/lneny-vaflovy-zupan\/#primaryimage","url":"https:\/\/lanaja.sk\/wp-content\/uploads\/2022\/07\/Abreadbag-zupany-29-scaled.webp","contentUrl":"https:\/\/lanaja.sk\/wp-content\/uploads\/2022\/07\/Abreadbag-zupany-29-scaled.webp","width":1707,"height":2560,"caption":"\u013danov\u00e9 vaflov\u00e9 \u017eupany s vyhr\u0148ovac\u00edmi ruk\u00e1vmi a s \u013eanov\u00fdmi oblie\u010dkami"},{"@type":"BreadcrumbList","@id":"https:\/\/lanaja.sk\/cs\/obchod\/lneny-vaflovy-zupan\/#breadcrumb","itemListElement":[{"@type":"ListItem","position":1,"name":"Home","item":"https:\/\/lanaja.sk\/cs\/"},{"@type":"ListItem","position":2,"name":"Obchod","item":"https:\/\/lanaja.sk\/cs\/obchod-cz\/"},{"@type":"ListItem","position":3,"name":"Ln\u011bn\u00fd vaflov\u00fd \u017eupan UNISEX."}]},{"@type":"WebSite","@id":"https:\/\/lanaja.sk\/cs\/#website","url":"https:\/\/lanaja.sk\/cs\/","name":"Lanaja - bytov\u00fd textil z \u013eanu a \u013eanov\u00e9 v\u00fdrobky","description":"Jedine\u010dn\u00fd bytov\u00fd textil, ln\u011bn\u00e9 pytl\u00edky, ln\u011bn\u00e9 ubrusy, ln\u011bn\u00e9 lo\u017en\u00ed povle\u010den\u00ed, ln\u011bn\u00e9 ut\u011brky, ln\u011bn\u00e9 prost\u00edr\u00e1n\u00ed vyroben\u00e9 a \u0161it\u00e9 na Slovensku","publisher":{"@id":"https:\/\/lanaja.sk\/cs\/#organization"},"alternateName":"Lanaja - v\u00fdrobky z \u013eanu, \u013eanov\u00fd bytov\u00fd textil","potentialAction":[{"@type":"SearchAction","target":{"@type":"EntryPoint","urlTemplate":"https:\/\/lanaja.sk\/cs\/?s={search_term_string}"},"query-input":{"@type":"PropertyValueSpecification","valueRequired":true,"valueName":"search_term_string"}}],"inLanguage":"cs"},{"@type":"Organization","@id":"https:\/\/lanaja.sk\/cs\/#organization","name":"Lanaja","alternateName":"Al\u017ebeta Andr\u00e1\u0161ikov\u00e1 - Lanaja","url":"https:\/\/lanaja.sk\/cs\/","logo":{"@type":"ImageObject","inLanguage":"cs","@id":"https:\/\/lanaja.sk\/cs\/#\/schema\/logo\/image\/","url":"https:\/\/lanaja.sk\/wp-content\/uploads\/2024\/01\/Lanaja.sk-logo.png","contentUrl":"https:\/\/lanaja.sk\/wp-content\/uploads\/2024\/01\/Lanaja.sk-logo.png","width":600,"height":300,"caption":"Lanaja"},"image":{"@id":"https:\/\/lanaja.sk\/cs\/#\/schema\/logo\/image\/"},"sameAs":["https:\/\/www.facebook.com\/Abreadbag","https:\/\/www.instagram.com\/lanaja_sk\/"]}]}},"_links":{"self":[{"href":"https:\/\/lanaja.sk\/cs\/wp-json\/wp\/v2\/product\/13321","targetHints":{"allow":["GET"]}}],"collection":[{"href":"https:\/\/lanaja.sk\/cs\/wp-json\/wp\/v2\/product"}],"about":[{"href":"https:\/\/lanaja.sk\/cs\/wp-json\/wp\/v2\/types\/product"}],"version-history":[{"count":3,"href":"https:\/\/lanaja.sk\/cs\/wp-json\/wp\/v2\/product\/13321\/revisions"}],"predecessor-version":[{"id":16720,"href":"https:\/\/lanaja.sk\/cs\/wp-json\/wp\/v2\/product\/13321\/revisions\/16720"}],"wp:featuredmedia":[{"embeddable":true,"href":"https:\/\/lanaja.sk\/cs\/wp-json\/wp\/v2\/media\/10377"}],"wp:attachment":[{"href":"https:\/\/lanaja.sk\/cs\/wp-json\/wp\/v2\/media?parent=13321"}],"wp:term":[{"taxonomy":"product_brand","embeddable":true,"href":"https:\/\/lanaja.sk\/cs\/wp-json\/wp\/v2\/product_brand?post=13321"},{"taxonomy":"product_cat","embeddable":true,"href":"https:\/\/lanaja.sk\/cs\/wp-json\/wp\/v2\/product_cat?post=13321"},{"taxonomy":"product_tag","embeddable":true,"href":"https:\/\/lanaja.sk\/cs\/wp-json\/wp\/v2\/product_tag?post=13321"}],"curies":[{"name":"wp","href":"https:\/\/api.w.org\/{rel}","templated":true}]}}