{"id":13322,"date":"2021-11-14T11:02:51","date_gmt":"2021-11-14T10:02:51","guid":{"rendered":"https:\/\/lanaja.sk\/obchod\/neza\u0159azen\u00e9\/lnena-stola\/"},"modified":"2025-07-29T14:14:09","modified_gmt":"2025-07-29T12:14:09","slug":"lnena-stola","status":"publish","type":"product","link":"https:\/\/lanaja.sk\/cs\/obchod\/lnena-stola\/","title":{"rendered":"Ln\u011bn\u00e1 \u0161t\u00f3la"},"content":{"rendered":"<h2><strong>Ln\u011bn\u00e1 \u0161t\u00f3la<\/strong><\/h2>\n<p>Ln\u011bn\u00e1 \u0161t\u00f3la je \u0161it\u00e1 z pr\u00e9miov\u00e9ho a certifikovan\u00e9ho lnu. Zp\u0159\u00edjemn\u00ed a zkr\u00e1\u0161l\u00ed stolov\u00e1n\u00ed nejen ve v\u0161edn\u00ed dny, ale i o sv\u00e1tc\u00edch. Je to kr\u00e1sn\u00fd p\u0159\u00edrodn\u00ed dopln\u011bk do va\u0161\u00ed j\u00eddelny, v jednoduch\u00e9m a minimalistick\u00e9m stylu.<\/p>\n<p>\u0160\u00ed\u0159ka st\u0159edov\u00e9ho ubrusu je 40 cm, d\u00e9lku si m\u016f\u017eete zvolit jakou pot\u0159ebujete. Pokud byste nena\u0161li vhodn\u00fd rozm\u011br mezi dostupn\u00fdmi velikostmi, nev\u00e1hejte n\u00e1m napsat. M\u016f\u017eeme je tak\u00e9 upravit na m\u00edru a upravit d\u00e9lku podle pot\u0159eby.<\/p>\n<p>Barvy si m\u016f\u017eete vybrat pomoc\u00ed p\u0159ilo\u017een\u00e9ho vzorn\u00edku, sta\u010d\u00ed p\u0159i objedn\u00e1vce napsat barvu lnu do pozn\u00e1mky.<\/p>\n<p><strong>Po\u010d\u00edtejte s dodac\u00ed lh\u016ftou 5-15 pracovn\u00edch dn\u016f, pokud nem\u00e1me produkt \u0161it\u00fd skladem, ru\u010dn\u00ed pr\u00e1ce vy\u017eaduje n\u00e1\u0161 \u010das. Ln\u011bn\u00e9 v\u00fdrobky \u0161ijeme v na\u0161\u00ed d\u00edln\u011b dle va\u0161ich p\u0159edstav i na m\u00edru, v z\u00e1vislosti na konkr\u00e9tn\u00edm produktu.<\/strong><\/p>\n<p>&nbsp;<\/p>\n","protected":false},"excerpt":{"rendered":"<p>Jednoduchost a minimalismus jsou pro n\u00e1s kl\u00ed\u010dov\u00fdmi principy. Ln\u011bn\u00e9 \u0161t\u00f3ly se stanou kr\u00e1sn\u00fdm p\u0159\u00edrodn\u00edm dopl\u0148kem ve va\u0161\u00ed j\u00eddeln\u011b a skv\u011ble zapadnou do ka\u017ed\u00e9ho interi\u00e9ru. Dovolte n\u00e1m, abychom do va\u0161eho domova vnesli kr\u00e1su a jedine\u010dnost. Nechte se okouzlit jej\u00edm p\u0159\u00edrodn\u00edm \u0161armem a zv\u00fdrazn\u011bte jedine\u010dn\u00fd styl va\u0161eho domova. Jsme p\u0159esv\u011bd\u010deni, \u017ee tato \u0161t\u00f3la se stane neodd\u011blitelnou sou\u010d\u00e1st\u00ed va\u0161\u00ed j\u00eddelny a \u017ee si ji zamilujete stejn\u011b jako my.<\/p>\n","protected":false},"featured_media":7187,"template":"","meta":[],"product_brand":[],"product_cat":[351],"product_tag":[373],"class_list":{"0":"post-13322","1":"product","2":"type-product","3":"status-publish","4":"has-post-thumbnail","6":"product_cat-lnene-ubrusy-a-prostirani","7":"product_tag-lnena-stola","9":"first","10":"onbackorder","11":"shipping-taxable","12":"purchasable","13":"product-type-variable"},"yoast_head":"<!-- This site is optimized with the Yoast SEO plugin v27.4 - https:\/\/yoast.com\/product\/yoast-seo-wordpress\/ -->\n<title>Ln\u011bn\u00e1 \u0161t\u00f3la &#8226; Lanaja-slovensk\u00e1 udr\u017eiteln\u00e1 zna\u010dka a v\u00fdrobce ln\u011bn\u00e9ho textilu<\/title>\n<meta name=\"description\" content=\"Ln\u011bn\u00e1 \u0161t\u00f3la je u\u0161ita z pr\u00e9miov\u00e9ho a certifikovan\u00e9ho lnu, zp\u0159\u00edjemn\u00ed v\u00e1m a zkr\u00e1\u0161l\u00ed stolov\u00e1n\u00ed nejen b\u011bhem b\u011b\u017en\u00fdch dn\u016f, ale i sv\u00e1tk\u016f...\" \/>\n<meta name=\"robots\" content=\"index, follow, max-snippet:-1, max-image-preview:large, max-video-preview:-1\" \/>\n<link rel=\"canonical\" href=\"https:\/\/lanaja.sk\/cs\/obchod\/lnena-stola\/\" \/>\n<meta property=\"og:locale\" content=\"cs_CZ\" \/>\n<meta property=\"og:type\" content=\"article\" \/>\n<meta property=\"og:title\" content=\"Ln\u011bn\u00e1 \u0161t\u00f3la &#8226; Lanaja-slovensk\u00e1 udr\u017eiteln\u00e1 zna\u010dka a v\u00fdrobce ln\u011bn\u00e9ho textilu\" \/>\n<meta property=\"og:description\" content=\"Ln\u011bn\u00e1 \u0161t\u00f3la je u\u0161ita z pr\u00e9miov\u00e9ho a certifikovan\u00e9ho lnu, zp\u0159\u00edjemn\u00ed v\u00e1m a zkr\u00e1\u0161l\u00ed stolov\u00e1n\u00ed nejen b\u011bhem b\u011b\u017en\u00fdch dn\u016f, ale i sv\u00e1tk\u016f...\" \/>\n<meta property=\"og:url\" content=\"https:\/\/lanaja.sk\/cs\/obchod\/lnena-stola\/\" \/>\n<meta property=\"og:site_name\" content=\"Lanaja-slovensk\u00e1 udr\u017eiteln\u00e1 zna\u010dka a v\u00fdrobce ln\u011bn\u00e9ho textilu\" \/>\n<meta property=\"article:publisher\" content=\"https:\/\/www.facebook.com\/Abreadbag\" \/>\n<meta property=\"article:modified_time\" content=\"2025-07-29T12:14:09+00:00\" \/>\n<meta property=\"og:image\" content=\"https:\/\/lanaja.sk\/wp-content\/uploads\/2021\/11\/l\u030canova\u0301-s\u030cto\u0301la-biela10-e1636884053621-jpg.webp\" \/>\n\t<meta property=\"og:image:width\" content=\"900\" \/>\n\t<meta property=\"og:image:height\" content=\"646\" \/>\n\t<meta property=\"og:image:type\" content=\"image\/jpeg\" \/>\n<meta name=\"twitter:card\" content=\"summary_large_image\" \/>\n<meta name=\"twitter:label1\" content=\"Odhadovan\u00e1 doba \u010dten\u00ed\" \/>\n\t<meta name=\"twitter:data1\" content=\"1 minuta\" \/>\n<script type=\"application\/ld+json\" class=\"yoast-schema-graph\">{\"@context\":\"https:\\\/\\\/schema.org\",\"@graph\":[{\"@type\":\"WebPage\",\"@id\":\"https:\\\/\\\/lanaja.sk\\\/cs\\\/obchod\\\/lnena-stola\\\/\",\"url\":\"https:\\\/\\\/lanaja.sk\\\/cs\\\/obchod\\\/lnena-stola\\\/\",\"name\":\"Ln\u011bn\u00e1 \u0161t\u00f3la &#8226; Lanaja-slovensk\u00e1 udr\u017eiteln\u00e1 zna\u010dka a v\u00fdrobce ln\u011bn\u00e9ho textilu\",\"isPartOf\":{\"@id\":\"https:\\\/\\\/lanaja.sk\\\/cs\\\/#website\"},\"primaryImageOfPage\":{\"@id\":\"https:\\\/\\\/lanaja.sk\\\/cs\\\/obchod\\\/lnena-stola\\\/#primaryimage\"},\"image\":{\"@id\":\"https:\\\/\\\/lanaja.sk\\\/cs\\\/obchod\\\/lnena-stola\\\/#primaryimage\"},\"thumbnailUrl\":\"https:\\\/\\\/lanaja.sk\\\/wp-content\\\/uploads\\\/2021\\\/11\\\/l\u030canova\u0301-s\u030cto\u0301la-biela10-e1636884053621-jpg.webp\",\"datePublished\":\"2021-11-14T10:02:51+00:00\",\"dateModified\":\"2025-07-29T12:14:09+00:00\",\"description\":\"Ln\u011bn\u00e1 \u0161t\u00f3la je u\u0161ita z pr\u00e9miov\u00e9ho a certifikovan\u00e9ho lnu, zp\u0159\u00edjemn\u00ed v\u00e1m a zkr\u00e1\u0161l\u00ed stolov\u00e1n\u00ed nejen b\u011bhem b\u011b\u017en\u00fdch dn\u016f, ale i sv\u00e1tk\u016f...\",\"breadcrumb\":{\"@id\":\"https:\\\/\\\/lanaja.sk\\\/cs\\\/obchod\\\/lnena-stola\\\/#breadcrumb\"},\"inLanguage\":\"cs\",\"potentialAction\":[{\"@type\":\"ReadAction\",\"target\":[\"https:\\\/\\\/lanaja.sk\\\/cs\\\/obchod\\\/lnena-stola\\\/\"]}]},{\"@type\":\"ImageObject\",\"inLanguage\":\"cs\",\"@id\":\"https:\\\/\\\/lanaja.sk\\\/cs\\\/obchod\\\/lnena-stola\\\/#primaryimage\",\"url\":\"https:\\\/\\\/lanaja.sk\\\/wp-content\\\/uploads\\\/2021\\\/11\\\/l\u030canova\u0301-s\u030cto\u0301la-biela10-e1636884053621-jpg.webp\",\"contentUrl\":\"https:\\\/\\\/lanaja.sk\\\/wp-content\\\/uploads\\\/2021\\\/11\\\/l\u030canova\u0301-s\u030cto\u0301la-biela10-e1636884053621-jpg.webp\",\"width\":900,\"height\":646,\"caption\":\"stredov\u00fd obrus\"},{\"@type\":\"BreadcrumbList\",\"@id\":\"https:\\\/\\\/lanaja.sk\\\/cs\\\/obchod\\\/lnena-stola\\\/#breadcrumb\",\"itemListElement\":[{\"@type\":\"ListItem\",\"position\":1,\"name\":\"Home\",\"item\":\"https:\\\/\\\/lanaja.sk\\\/cs\\\/\"},{\"@type\":\"ListItem\",\"position\":2,\"name\":\"Obchod\",\"item\":\"https:\\\/\\\/lanaja.sk\\\/cs\\\/obchod-cz\\\/\"},{\"@type\":\"ListItem\",\"position\":3,\"name\":\"Ln\u011bn\u00e1 \u0161t\u00f3la\"}]},{\"@type\":\"WebSite\",\"@id\":\"https:\\\/\\\/lanaja.sk\\\/cs\\\/#website\",\"url\":\"https:\\\/\\\/lanaja.sk\\\/cs\\\/\",\"name\":\"Lanaja - bytov\u00fd textil z \u013eanu a \u013eanov\u00e9 v\u00fdrobky\",\"description\":\"Jedine\u010dn\u00fd bytov\u00fd textil, ln\u011bn\u00e9 pytl\u00edky, ln\u011bn\u00e9 ubrusy, ln\u011bn\u00e9 lo\u017en\u00ed povle\u010den\u00ed, ln\u011bn\u00e9 ut\u011brky, ln\u011bn\u00e9 prost\u00edr\u00e1n\u00ed vyroben\u00e9 a \u0161it\u00e9 na Slovensku\",\"publisher\":{\"@id\":\"https:\\\/\\\/lanaja.sk\\\/cs\\\/#organization\"},\"alternateName\":\"Lanaja - v\u00fdrobky z \u013eanu, \u013eanov\u00fd bytov\u00fd textil\",\"potentialAction\":[{\"@type\":\"SearchAction\",\"target\":{\"@type\":\"EntryPoint\",\"urlTemplate\":\"https:\\\/\\\/lanaja.sk\\\/cs\\\/?s={search_term_string}\"},\"query-input\":{\"@type\":\"PropertyValueSpecification\",\"valueRequired\":true,\"valueName\":\"search_term_string\"}}],\"inLanguage\":\"cs\"},{\"@type\":\"Organization\",\"@id\":\"https:\\\/\\\/lanaja.sk\\\/cs\\\/#organization\",\"name\":\"Lanaja\",\"alternateName\":\"Al\u017ebeta Andr\u00e1\u0161ikov\u00e1 - Lanaja\",\"url\":\"https:\\\/\\\/lanaja.sk\\\/cs\\\/\",\"logo\":{\"@type\":\"ImageObject\",\"inLanguage\":\"cs\",\"@id\":\"https:\\\/\\\/lanaja.sk\\\/cs\\\/#\\\/schema\\\/logo\\\/image\\\/\",\"url\":\"https:\\\/\\\/lanaja.sk\\\/wp-content\\\/uploads\\\/2024\\\/01\\\/Lanaja.sk-logo.png\",\"contentUrl\":\"https:\\\/\\\/lanaja.sk\\\/wp-content\\\/uploads\\\/2024\\\/01\\\/Lanaja.sk-logo.png\",\"width\":600,\"height\":300,\"caption\":\"Lanaja\"},\"image\":{\"@id\":\"https:\\\/\\\/lanaja.sk\\\/cs\\\/#\\\/schema\\\/logo\\\/image\\\/\"},\"sameAs\":[\"https:\\\/\\\/www.facebook.com\\\/Abreadbag\",\"https:\\\/\\\/www.instagram.com\\\/lanaja_sk\\\/\"]}]}<\/script>\n<!-- \/ Yoast SEO plugin. -->","yoast_head_json":{"title":"Ln\u011bn\u00e1 \u0161t\u00f3la &#8226; Lanaja-slovensk\u00e1 udr\u017eiteln\u00e1 zna\u010dka a v\u00fdrobce ln\u011bn\u00e9ho textilu","description":"Ln\u011bn\u00e1 \u0161t\u00f3la je u\u0161ita z pr\u00e9miov\u00e9ho a certifikovan\u00e9ho lnu, zp\u0159\u00edjemn\u00ed v\u00e1m a zkr\u00e1\u0161l\u00ed stolov\u00e1n\u00ed nejen b\u011bhem b\u011b\u017en\u00fdch dn\u016f, ale i sv\u00e1tk\u016f...","robots":{"index":"index","follow":"follow","max-snippet":"max-snippet:-1","max-image-preview":"max-image-preview:large","max-video-preview":"max-video-preview:-1"},"canonical":"https:\/\/lanaja.sk\/cs\/obchod\/lnena-stola\/","og_locale":"cs_CZ","og_type":"article","og_title":"Ln\u011bn\u00e1 \u0161t\u00f3la &#8226; Lanaja-slovensk\u00e1 udr\u017eiteln\u00e1 zna\u010dka a v\u00fdrobce ln\u011bn\u00e9ho textilu","og_description":"Ln\u011bn\u00e1 \u0161t\u00f3la je u\u0161ita z pr\u00e9miov\u00e9ho a certifikovan\u00e9ho lnu, zp\u0159\u00edjemn\u00ed v\u00e1m a zkr\u00e1\u0161l\u00ed stolov\u00e1n\u00ed nejen b\u011bhem b\u011b\u017en\u00fdch dn\u016f, ale i sv\u00e1tk\u016f...","og_url":"https:\/\/lanaja.sk\/cs\/obchod\/lnena-stola\/","og_site_name":"Lanaja-slovensk\u00e1 udr\u017eiteln\u00e1 zna\u010dka a v\u00fdrobce ln\u011bn\u00e9ho textilu","article_publisher":"https:\/\/www.facebook.com\/Abreadbag","article_modified_time":"2025-07-29T12:14:09+00:00","og_image":[{"width":900,"height":646,"url":"https:\/\/lanaja.sk\/wp-content\/uploads\/2021\/11\/l\u030canova\u0301-s\u030cto\u0301la-biela10-e1636884053621-jpg.webp","type":"image\/jpeg"}],"twitter_card":"summary_large_image","twitter_misc":{"Odhadovan\u00e1 doba \u010dten\u00ed":"1 minuta"},"schema":{"@context":"https:\/\/schema.org","@graph":[{"@type":"WebPage","@id":"https:\/\/lanaja.sk\/cs\/obchod\/lnena-stola\/","url":"https:\/\/lanaja.sk\/cs\/obchod\/lnena-stola\/","name":"Ln\u011bn\u00e1 \u0161t\u00f3la &#8226; Lanaja-slovensk\u00e1 udr\u017eiteln\u00e1 zna\u010dka a v\u00fdrobce ln\u011bn\u00e9ho textilu","isPartOf":{"@id":"https:\/\/lanaja.sk\/cs\/#website"},"primaryImageOfPage":{"@id":"https:\/\/lanaja.sk\/cs\/obchod\/lnena-stola\/#primaryimage"},"image":{"@id":"https:\/\/lanaja.sk\/cs\/obchod\/lnena-stola\/#primaryimage"},"thumbnailUrl":"https:\/\/lanaja.sk\/wp-content\/uploads\/2021\/11\/l\u030canova\u0301-s\u030cto\u0301la-biela10-e1636884053621-jpg.webp","datePublished":"2021-11-14T10:02:51+00:00","dateModified":"2025-07-29T12:14:09+00:00","description":"Ln\u011bn\u00e1 \u0161t\u00f3la je u\u0161ita z pr\u00e9miov\u00e9ho a certifikovan\u00e9ho lnu, zp\u0159\u00edjemn\u00ed v\u00e1m a zkr\u00e1\u0161l\u00ed stolov\u00e1n\u00ed nejen b\u011bhem b\u011b\u017en\u00fdch dn\u016f, ale i sv\u00e1tk\u016f...","breadcrumb":{"@id":"https:\/\/lanaja.sk\/cs\/obchod\/lnena-stola\/#breadcrumb"},"inLanguage":"cs","potentialAction":[{"@type":"ReadAction","target":["https:\/\/lanaja.sk\/cs\/obchod\/lnena-stola\/"]}]},{"@type":"ImageObject","inLanguage":"cs","@id":"https:\/\/lanaja.sk\/cs\/obchod\/lnena-stola\/#primaryimage","url":"https:\/\/lanaja.sk\/wp-content\/uploads\/2021\/11\/l\u030canova\u0301-s\u030cto\u0301la-biela10-e1636884053621-jpg.webp","contentUrl":"https:\/\/lanaja.sk\/wp-content\/uploads\/2021\/11\/l\u030canova\u0301-s\u030cto\u0301la-biela10-e1636884053621-jpg.webp","width":900,"height":646,"caption":"stredov\u00fd obrus"},{"@type":"BreadcrumbList","@id":"https:\/\/lanaja.sk\/cs\/obchod\/lnena-stola\/#breadcrumb","itemListElement":[{"@type":"ListItem","position":1,"name":"Home","item":"https:\/\/lanaja.sk\/cs\/"},{"@type":"ListItem","position":2,"name":"Obchod","item":"https:\/\/lanaja.sk\/cs\/obchod-cz\/"},{"@type":"ListItem","position":3,"name":"Ln\u011bn\u00e1 \u0161t\u00f3la"}]},{"@type":"WebSite","@id":"https:\/\/lanaja.sk\/cs\/#website","url":"https:\/\/lanaja.sk\/cs\/","name":"Lanaja - bytov\u00fd textil z \u013eanu a \u013eanov\u00e9 v\u00fdrobky","description":"Jedine\u010dn\u00fd bytov\u00fd textil, ln\u011bn\u00e9 pytl\u00edky, ln\u011bn\u00e9 ubrusy, ln\u011bn\u00e9 lo\u017en\u00ed povle\u010den\u00ed, ln\u011bn\u00e9 ut\u011brky, ln\u011bn\u00e9 prost\u00edr\u00e1n\u00ed vyroben\u00e9 a \u0161it\u00e9 na Slovensku","publisher":{"@id":"https:\/\/lanaja.sk\/cs\/#organization"},"alternateName":"Lanaja - v\u00fdrobky z \u013eanu, \u013eanov\u00fd bytov\u00fd textil","potentialAction":[{"@type":"SearchAction","target":{"@type":"EntryPoint","urlTemplate":"https:\/\/lanaja.sk\/cs\/?s={search_term_string}"},"query-input":{"@type":"PropertyValueSpecification","valueRequired":true,"valueName":"search_term_string"}}],"inLanguage":"cs"},{"@type":"Organization","@id":"https:\/\/lanaja.sk\/cs\/#organization","name":"Lanaja","alternateName":"Al\u017ebeta Andr\u00e1\u0161ikov\u00e1 - Lanaja","url":"https:\/\/lanaja.sk\/cs\/","logo":{"@type":"ImageObject","inLanguage":"cs","@id":"https:\/\/lanaja.sk\/cs\/#\/schema\/logo\/image\/","url":"https:\/\/lanaja.sk\/wp-content\/uploads\/2024\/01\/Lanaja.sk-logo.png","contentUrl":"https:\/\/lanaja.sk\/wp-content\/uploads\/2024\/01\/Lanaja.sk-logo.png","width":600,"height":300,"caption":"Lanaja"},"image":{"@id":"https:\/\/lanaja.sk\/cs\/#\/schema\/logo\/image\/"},"sameAs":["https:\/\/www.facebook.com\/Abreadbag","https:\/\/www.instagram.com\/lanaja_sk\/"]}]}},"_links":{"self":[{"href":"https:\/\/lanaja.sk\/cs\/wp-json\/wp\/v2\/product\/13322","targetHints":{"allow":["GET"]}}],"collection":[{"href":"https:\/\/lanaja.sk\/cs\/wp-json\/wp\/v2\/product"}],"about":[{"href":"https:\/\/lanaja.sk\/cs\/wp-json\/wp\/v2\/types\/product"}],"version-history":[{"count":1,"href":"https:\/\/lanaja.sk\/cs\/wp-json\/wp\/v2\/product\/13322\/revisions"}],"predecessor-version":[{"id":16422,"href":"https:\/\/lanaja.sk\/cs\/wp-json\/wp\/v2\/product\/13322\/revisions\/16422"}],"wp:featuredmedia":[{"embeddable":true,"href":"https:\/\/lanaja.sk\/cs\/wp-json\/wp\/v2\/media\/7187"}],"wp:attachment":[{"href":"https:\/\/lanaja.sk\/cs\/wp-json\/wp\/v2\/media?parent=13322"}],"wp:term":[{"taxonomy":"product_brand","embeddable":true,"href":"https:\/\/lanaja.sk\/cs\/wp-json\/wp\/v2\/product_brand?post=13322"},{"taxonomy":"product_cat","embeddable":true,"href":"https:\/\/lanaja.sk\/cs\/wp-json\/wp\/v2\/product_cat?post=13322"},{"taxonomy":"product_tag","embeddable":true,"href":"https:\/\/lanaja.sk\/cs\/wp-json\/wp\/v2\/product_tag?post=13322"}],"curies":[{"name":"wp","href":"https:\/\/api.w.org\/{rel}","templated":true}]}}