{"id":13325,"date":"2022-02-02T11:51:07","date_gmt":"2022-02-02T10:51:07","guid":{"rendered":"https:\/\/lanaja.sk\/obchod\/neza\u0159azen\u00e9\/lneny-prehoz-victoria\/"},"modified":"2025-08-10T12:09:54","modified_gmt":"2025-08-10T10:09:54","slug":"lneny-prehoz-victoria","status":"publish","type":"product","link":"https:\/\/lanaja.sk\/cs\/obchod\/lneny-prehoz-victoria\/","title":{"rendered":"Ln\u011bn\u00fd p\u0159ehoz Viktorie"},"content":{"rendered":"<h2><strong>Ln\u011bn\u00fd p\u0159ehoz Viktorie<\/strong><\/h2>\n<p>Ln\u011bn\u00fd p\u0159ehoz Viktorie je jedine\u010dn\u00fdm kouskem, kter\u00fd se vyzna\u010duje nejen svou kvalitou, ale i stylov\u00fdm designem a praktick\u00fdmi vlastnostmi. Detailn\u00ed pro\u0161it\u00ed a n\u00e1sledn\u00e9 pro\u0161tepov\u00e1n\u00ed po cel\u00e9m obvodu p\u0159ehozu v\u00e1m zaru\u010d\u00ed dlouhotrvaj\u00edc\u00ed pevnost a st\u00e1l\u00fd tvar i po opakovan\u00e9m pran\u00ed. Nemus\u00edte se b\u00e1t deformace nebo po\u0161kozen\u00ed p\u0159ehozu b\u011bhem jeho pou\u017e\u00edv\u00e1n\u00ed.<\/p>\n<p>Ln\u011bn\u00fd p\u0159ehoz Vikt\u00f3ria je u\u0161it\u00fd ze dvou vrstev p\u0159\u00edrodn\u00edho 100% lnu o gram\u00e1\u017ei 185 g\/m2. Tento len poch\u00e1z\u00ed z Evropy a je certifikovan\u00fd, bezpe\u010dn\u00fd a \u0161etrn\u00fd k \u017eivotn\u00edmu prost\u0159ed\u00ed. Jeho p\u0159\u00edjemn\u00e1 m\u011bkkost a p\u0159irozen\u00fd vzhled p\u0159isp\u00edvaj\u00ed k romantick\u00e9mu a elegantn\u00edmu stylu ka\u017ed\u00e9 lo\u017enice.<\/p>\n<p>P\u0159ehozy jsou kombinov\u00e1ny s ln\u011bnou dvoubarevnou krajkou, kter\u00e1 jim dod\u00e1v\u00e1 jemnost, n\u00e1dech nostalgie a romantiky. Ln\u011bn\u00e1 krajka je \u0161it\u00e1 po cel\u00e9m obvodu p\u0159ehoz\u016f. Maj\u00ed rafinovan\u00fd a z\u00e1rove\u0148 jedine\u010dn\u00fd vzhled, jsou lehk\u00e9, m\u011bkk\u00e9 a pevn\u00e9 z\u00e1rove\u0148.<\/p>\n<p>Zma\u010dkan\u00fd vzhled ln\u011bn\u00e9ho p\u0159ehozu Victoria p\u0159in\u00e1\u0161\u00ed dal\u0161\u00ed v\u00fdhodu &#8211; nemus\u00edte ho \u017eehlit. Tato funkce v\u00e1m u\u0161et\u0159\u00ed \u010das a energii p\u0159i p\u00e9\u010di o v\u00e1\u0161 domov. Pokud d\u00e1v\u00e1te p\u0159ednost su\u0161i\u010dce, m\u016f\u017eete p\u0159ehozy su\u0161it p\u0159i ni\u017e\u0161\u00edch teplot\u00e1ch. Ochr\u00e1n\u00edte jejich p\u0159irozen\u00e1 vl\u00e1kna a prodlou\u017e\u00edte jejich \u017eivotnost. Po vyjmut\u00ed ze su\u0161i\u010dky bude p\u0159ehoz st\u00e1le mokr\u00fd, ale len jako takov\u00fd velmi rychle vyschne. M\u016f\u017eete ho dosu\u0161it na vzduchu, bude n\u00e1dhern\u011b sv\u011b\u017ee von\u011bt a tak si zachov\u00e1 i svou m\u011bkkost a pevnost.<\/p>\n<p>Kr\u00e1sa ln\u011bn\u00e9ho p\u0159ehozu Viktorie bude dokonalej\u0161\u00ed, kdy\u017e ho zkombinujete s dal\u0161\u00edmi v\u00fdrobky ze stejn\u00e9 kolekce. Napr\u00edklad s \u013eanov\u00fdmi oblie\u010dkami <strong><a href=\"https:\/\/lanaja.sk\/cs\/obchod\/loznice\/lnene-povleceni-cs\/lnene-pradlo-victoria\/\" target=\"_blank\" rel=\"noopener\">VIKT\u00d3RIA<\/a>. <\/strong>Ich spolo\u010dn\u00e9 \u010drty a dizajn vytvoria dokonal\u00fa harm\u00f3niu vo va\u0161ej sp\u00e1lni a dodaj\u00fa jej \u0161t\u00fdlov\u00fd n\u00e1dych romantiky a elegancie.<strong> \u013danov\u00e9 oblie\u010dky <a href=\"https:\/\/lanaja.sk\/cs\/obchod\/loznice\/lnene-povleceni-cs\/lnene-pradlo-victoria\/\" target=\"_blank\" rel=\"noopener\">VIKT\u00d3RIA <\/a><\/strong> maj\u00fa oblie\u010dky na vank\u00fa\u0161e rovnako zdoben\u00e9 \u013eanovou krajkou po celem ich obvode. M\u016f\u017eete je doplnit romantick\u00fdmi a n\u011b\u017en\u00fdmi povlaky na pol\u0161t\u00e1\u0159ky <strong> <a href=\"https:\/\/lanaja.sk\/cs\/obchod\/loznice\/lnene-povleceni-cs\/lnene-povlaky-na-polstare-victoria\/\" target=\"_blank\" rel=\"noopener\">ZDE<\/a> <\/strong><\/p>\n<p><strong>V\u0161echny ln\u011bn\u00e9 tkaniny jsou certifikov\u00e1ny <\/strong>OEKO-TEX STANDART 100. a vyroben\u00e9 v Evrop\u011b. Certifikace zaji\u0161\u0165uje ekologickou bezpe\u010dnost textiln\u00edch v\u00fdrobk\u016f ve v\u0161ech f\u00e1z\u00edch v\u00fdroby (suroviny a vl\u00e1kna, p\u0159\u00edze, tkaniny, kone\u010dn\u00e9 v\u00fdrobky). V\u00fdrobky s certifikac\u00ed OEKO-TEX neobsahuj\u00ed alergenn\u00ed, toxick\u00e1 barviva, pesticidy, t\u011b\u017ek\u00e9 kovy a dal\u0161\u00ed \u0161kodliv\u00e9 l\u00e1tky. Jsou vhodn\u00e9 i pro citlivou d\u011btskou poko\u017eku. Certifikace je dobrovoln\u00e1 a mus\u00ed b\u00fdt ka\u017edoro\u010dn\u011b aktualizov\u00e1na. D\u00edky tomu si jako z\u00e1kazn\u00edk m\u016f\u017eete b\u00fdt jisti, \u017ee si zakl\u00e1d\u00e1me na kvalit\u011b na\u0161ich ln\u011bn\u00fdch l\u00e1tek. Proto jsou v\u0161echny na\u0161e produkty \u0161it\u00e9 na m\u00edru s ohledem na \u017eivotn\u00ed prost\u0159ed\u00ed a va\u0161e zdrav\u00ed. Certifik\u00e1t zaru\u010duje jejich bezpe\u010dnost a zdravotn\u00ed nez\u00e1vadnost. D\u00edky sv\u00e9mu evropsk\u00e9mu p\u016fvodu si m\u016f\u017eete b\u00fdt jisti, \u017ee jsou vyr\u00e1b\u011bny podle vysok\u00fdch standard\u016f kvality a udr\u017eitelnosti. P\u0159i samotn\u00e9m v\u00fdb\u011bru ln\u011bn\u00e9ho p\u0159ehozu Viktorie se m\u016f\u017eete spolehnout nejen na jeho stylov\u00fd design, ale i na jeho kvalitu a trvanlivost.<\/p>\n<p><strong>\u0160ijeme ln\u011bn\u00e9 v\u00fdrobky v na\u0161\u00ed d\u00edln\u011b podle va\u0161ich p\u0159edstav a na m\u00edru, tak\u017ee mus\u00edte po\u010d\u00edtat s dod\u00e1n\u00edm 5-15 pracovn\u00edch dn\u016f, v z\u00e1vislosti na konkr\u00e9tn\u00edm produktu.<\/strong><\/p>\n<p>V\u00edce o n\u00e1s, o Lanaja, z ka\u017edodenn\u00edho \u017eivota v na\u0161em ateli\u00e9ru a hodnocen\u00ed spokojen\u00fdch z\u00e1kazn\u00edk\u016f si m\u016f\u017eete prohl\u00e9dnout i na na\u0161ich soci\u00e1ln\u00edch s\u00edt\u00edch <a href=\"https:\/\/www.instagram.com\/lanaja_sk\" target=\"_blank\" rel=\"noopener\">Lanaja Na Instagramu<\/a> a <a href=\"https:\/\/www.facebook.com\/Abreadbag\/\" target=\"_blank\" rel=\"noopener\">Lanaja Na Facebooku.<\/a><\/p>\n","protected":false},"excerpt":{"rendered":"<p>Ln\u011bn\u00fd p\u0159ehoz Viktorie je jedine\u010dn\u00fd kousek, kter\u00fd vynik\u00e1 nejen svou kvalitou, ale tak\u00e9 stylov\u00fdm designem a praktick\u00fdmi vlastnostmi. Detailn\u00ed pro\u0161it\u00ed po cel\u00e9m obvodu p\u0159ehozu zaru\u010duje dlouhotrvaj\u00edc\u00ed pevnost a st\u00e1l\u00fd tvar i po opakovan\u00e9m pran\u00ed. Nemus\u00edte se b\u00e1t deformace nebo po\u0161kozen\u00ed p\u0159ehozu b\u011bhem jeho pou\u017e\u00edv\u00e1n\u00ed.<\/p>\n","protected":false},"featured_media":7231,"template":"","meta":[],"product_brand":[],"product_cat":[379,380],"product_tag":[381],"class_list":{"0":"post-13325","1":"product","2":"type-product","3":"status-publish","4":"has-post-thumbnail","6":"product_cat-lnene-prehozy","7":"product_cat-loznice","8":"product_tag-lneny-prehoz-na-postel","10":"first","11":"onbackorder","12":"shipping-taxable","13":"purchasable","14":"product-type-variable"},"yoast_head":"<!-- This site is optimized with the Yoast SEO plugin v27.4 - https:\/\/yoast.com\/product\/yoast-seo-wordpress\/ -->\n<title>Ln\u011bn\u00fd p\u0159ehoz Viktorie &#8226; Lanaja-slovensk\u00e1 udr\u017eiteln\u00e1 zna\u010dka a v\u00fdrobce ln\u011bn\u00e9ho textilu<\/title>\n<meta name=\"description\" content=\"Ln\u011bn\u00fd p\u0159ehoz Viktorie je u\u0161it\u00fd ze dvou vrstev p\u0159\u00edrodn\u00edho 100% lnu 185g\/m2 pr\u00e9miov\u00e9 kvality, m\u011bk\u010den\u00fd, certifikovan\u00fd, vyroben\u00fd v Evrop\u011b...\" \/>\n<meta name=\"robots\" content=\"index, follow, max-snippet:-1, max-image-preview:large, max-video-preview:-1\" \/>\n<link rel=\"canonical\" href=\"https:\/\/lanaja.sk\/cs\/obchod\/lneny-prehoz-victoria\/\" \/>\n<meta property=\"og:locale\" content=\"cs_CZ\" \/>\n<meta property=\"og:type\" content=\"article\" \/>\n<meta property=\"og:title\" content=\"Ln\u011bn\u00fd p\u0159ehoz Viktorie &#8226; Lanaja-slovensk\u00e1 udr\u017eiteln\u00e1 zna\u010dka a v\u00fdrobce ln\u011bn\u00e9ho textilu\" \/>\n<meta property=\"og:description\" content=\"Ln\u011bn\u00fd p\u0159ehoz Viktorie je u\u0161it\u00fd ze dvou vrstev p\u0159\u00edrodn\u00edho 100% lnu 185g\/m2 pr\u00e9miov\u00e9 kvality, m\u011bk\u010den\u00fd, certifikovan\u00fd, vyroben\u00fd v Evrop\u011b...\" \/>\n<meta property=\"og:url\" content=\"https:\/\/lanaja.sk\/cs\/obchod\/lneny-prehoz-victoria\/\" \/>\n<meta property=\"og:site_name\" content=\"Lanaja-slovensk\u00e1 udr\u017eiteln\u00e1 zna\u010dka a v\u00fdrobce ln\u011bn\u00e9ho textilu\" \/>\n<meta property=\"article:publisher\" content=\"https:\/\/www.facebook.com\/Abreadbag\" \/>\n<meta property=\"article:modified_time\" content=\"2025-08-10T10:09:54+00:00\" \/>\n<meta property=\"og:image\" content=\"https:\/\/lanaja.sk\/wp-content\/uploads\/2022\/02\/lanove-obliecky-s-krajkou27-scaled-e1643795827992-jpg.webp\" \/>\n\t<meta property=\"og:image:width\" content=\"800\" \/>\n\t<meta property=\"og:image:height\" content=\"601\" \/>\n\t<meta property=\"og:image:type\" content=\"image\/jpeg\" \/>\n<meta name=\"twitter:card\" content=\"summary_large_image\" \/>\n<meta name=\"twitter:label1\" content=\"Odhadovan\u00e1 doba \u010dten\u00ed\" \/>\n\t<meta name=\"twitter:data1\" content=\"3 minuty\" \/>\n<script type=\"application\/ld+json\" class=\"yoast-schema-graph\">{\"@context\":\"https:\\\/\\\/schema.org\",\"@graph\":[{\"@type\":\"WebPage\",\"@id\":\"https:\\\/\\\/lanaja.sk\\\/cs\\\/obchod\\\/lneny-prehoz-victoria\\\/\",\"url\":\"https:\\\/\\\/lanaja.sk\\\/cs\\\/obchod\\\/lneny-prehoz-victoria\\\/\",\"name\":\"Ln\u011bn\u00fd p\u0159ehoz Viktorie &#8226; Lanaja-slovensk\u00e1 udr\u017eiteln\u00e1 zna\u010dka a v\u00fdrobce ln\u011bn\u00e9ho textilu\",\"isPartOf\":{\"@id\":\"https:\\\/\\\/lanaja.sk\\\/cs\\\/#website\"},\"primaryImageOfPage\":{\"@id\":\"https:\\\/\\\/lanaja.sk\\\/cs\\\/obchod\\\/lneny-prehoz-victoria\\\/#primaryimage\"},\"image\":{\"@id\":\"https:\\\/\\\/lanaja.sk\\\/cs\\\/obchod\\\/lneny-prehoz-victoria\\\/#primaryimage\"},\"thumbnailUrl\":\"https:\\\/\\\/lanaja.sk\\\/wp-content\\\/uploads\\\/2022\\\/02\\\/lanove-obliecky-s-krajkou27-scaled-e1643795827992-jpg.webp\",\"datePublished\":\"2022-02-02T10:51:07+00:00\",\"dateModified\":\"2025-08-10T10:09:54+00:00\",\"description\":\"Ln\u011bn\u00fd p\u0159ehoz Viktorie je u\u0161it\u00fd ze dvou vrstev p\u0159\u00edrodn\u00edho 100% lnu 185g\\\/m2 pr\u00e9miov\u00e9 kvality, m\u011bk\u010den\u00fd, certifikovan\u00fd, vyroben\u00fd v Evrop\u011b...\",\"breadcrumb\":{\"@id\":\"https:\\\/\\\/lanaja.sk\\\/cs\\\/obchod\\\/lneny-prehoz-victoria\\\/#breadcrumb\"},\"inLanguage\":\"cs\",\"potentialAction\":[{\"@type\":\"ReadAction\",\"target\":[\"https:\\\/\\\/lanaja.sk\\\/cs\\\/obchod\\\/lneny-prehoz-victoria\\\/\"]}]},{\"@type\":\"ImageObject\",\"inLanguage\":\"cs\",\"@id\":\"https:\\\/\\\/lanaja.sk\\\/cs\\\/obchod\\\/lneny-prehoz-victoria\\\/#primaryimage\",\"url\":\"https:\\\/\\\/lanaja.sk\\\/wp-content\\\/uploads\\\/2022\\\/02\\\/lanove-obliecky-s-krajkou27-scaled-e1643795827992-jpg.webp\",\"contentUrl\":\"https:\\\/\\\/lanaja.sk\\\/wp-content\\\/uploads\\\/2022\\\/02\\\/lanove-obliecky-s-krajkou27-scaled-e1643795827992-jpg.webp\",\"width\":800,\"height\":601,\"caption\":\"slovensk\u00e9 poste\u013en\u00e9 oblie\u010dky\"},{\"@type\":\"BreadcrumbList\",\"@id\":\"https:\\\/\\\/lanaja.sk\\\/cs\\\/obchod\\\/lneny-prehoz-victoria\\\/#breadcrumb\",\"itemListElement\":[{\"@type\":\"ListItem\",\"position\":1,\"name\":\"Home\",\"item\":\"https:\\\/\\\/lanaja.sk\\\/cs\\\/\"},{\"@type\":\"ListItem\",\"position\":2,\"name\":\"Obchod\",\"item\":\"https:\\\/\\\/lanaja.sk\\\/cs\\\/obchod-cz\\\/\"},{\"@type\":\"ListItem\",\"position\":3,\"name\":\"Ln\u011bn\u00fd p\u0159ehoz Viktorie\"}]},{\"@type\":\"WebSite\",\"@id\":\"https:\\\/\\\/lanaja.sk\\\/cs\\\/#website\",\"url\":\"https:\\\/\\\/lanaja.sk\\\/cs\\\/\",\"name\":\"Lanaja - bytov\u00fd textil z \u013eanu a \u013eanov\u00e9 v\u00fdrobky\",\"description\":\"Jedine\u010dn\u00fd bytov\u00fd textil, ln\u011bn\u00e9 pytl\u00edky, ln\u011bn\u00e9 ubrusy, ln\u011bn\u00e9 lo\u017en\u00ed povle\u010den\u00ed, ln\u011bn\u00e9 ut\u011brky, ln\u011bn\u00e9 prost\u00edr\u00e1n\u00ed vyroben\u00e9 a \u0161it\u00e9 na Slovensku\",\"publisher\":{\"@id\":\"https:\\\/\\\/lanaja.sk\\\/cs\\\/#organization\"},\"alternateName\":\"Lanaja - v\u00fdrobky z \u013eanu, \u013eanov\u00fd bytov\u00fd textil\",\"potentialAction\":[{\"@type\":\"SearchAction\",\"target\":{\"@type\":\"EntryPoint\",\"urlTemplate\":\"https:\\\/\\\/lanaja.sk\\\/cs\\\/?s={search_term_string}\"},\"query-input\":{\"@type\":\"PropertyValueSpecification\",\"valueRequired\":true,\"valueName\":\"search_term_string\"}}],\"inLanguage\":\"cs\"},{\"@type\":\"Organization\",\"@id\":\"https:\\\/\\\/lanaja.sk\\\/cs\\\/#organization\",\"name\":\"Lanaja\",\"alternateName\":\"Al\u017ebeta Andr\u00e1\u0161ikov\u00e1 - Lanaja\",\"url\":\"https:\\\/\\\/lanaja.sk\\\/cs\\\/\",\"logo\":{\"@type\":\"ImageObject\",\"inLanguage\":\"cs\",\"@id\":\"https:\\\/\\\/lanaja.sk\\\/cs\\\/#\\\/schema\\\/logo\\\/image\\\/\",\"url\":\"https:\\\/\\\/lanaja.sk\\\/wp-content\\\/uploads\\\/2024\\\/01\\\/Lanaja.sk-logo.png\",\"contentUrl\":\"https:\\\/\\\/lanaja.sk\\\/wp-content\\\/uploads\\\/2024\\\/01\\\/Lanaja.sk-logo.png\",\"width\":600,\"height\":300,\"caption\":\"Lanaja\"},\"image\":{\"@id\":\"https:\\\/\\\/lanaja.sk\\\/cs\\\/#\\\/schema\\\/logo\\\/image\\\/\"},\"sameAs\":[\"https:\\\/\\\/www.facebook.com\\\/Abreadbag\",\"https:\\\/\\\/www.instagram.com\\\/lanaja_sk\\\/\"]}]}<\/script>\n<!-- \/ Yoast SEO plugin. -->","yoast_head_json":{"title":"Ln\u011bn\u00fd p\u0159ehoz Viktorie &#8226; Lanaja-slovensk\u00e1 udr\u017eiteln\u00e1 zna\u010dka a v\u00fdrobce ln\u011bn\u00e9ho textilu","description":"Ln\u011bn\u00fd p\u0159ehoz Viktorie je u\u0161it\u00fd ze dvou vrstev p\u0159\u00edrodn\u00edho 100% lnu 185g\/m2 pr\u00e9miov\u00e9 kvality, m\u011bk\u010den\u00fd, certifikovan\u00fd, vyroben\u00fd v Evrop\u011b...","robots":{"index":"index","follow":"follow","max-snippet":"max-snippet:-1","max-image-preview":"max-image-preview:large","max-video-preview":"max-video-preview:-1"},"canonical":"https:\/\/lanaja.sk\/cs\/obchod\/lneny-prehoz-victoria\/","og_locale":"cs_CZ","og_type":"article","og_title":"Ln\u011bn\u00fd p\u0159ehoz Viktorie &#8226; Lanaja-slovensk\u00e1 udr\u017eiteln\u00e1 zna\u010dka a v\u00fdrobce ln\u011bn\u00e9ho textilu","og_description":"Ln\u011bn\u00fd p\u0159ehoz Viktorie je u\u0161it\u00fd ze dvou vrstev p\u0159\u00edrodn\u00edho 100% lnu 185g\/m2 pr\u00e9miov\u00e9 kvality, m\u011bk\u010den\u00fd, certifikovan\u00fd, vyroben\u00fd v Evrop\u011b...","og_url":"https:\/\/lanaja.sk\/cs\/obchod\/lneny-prehoz-victoria\/","og_site_name":"Lanaja-slovensk\u00e1 udr\u017eiteln\u00e1 zna\u010dka a v\u00fdrobce ln\u011bn\u00e9ho textilu","article_publisher":"https:\/\/www.facebook.com\/Abreadbag","article_modified_time":"2025-08-10T10:09:54+00:00","og_image":[{"width":800,"height":601,"url":"https:\/\/lanaja.sk\/wp-content\/uploads\/2022\/02\/lanove-obliecky-s-krajkou27-scaled-e1643795827992-jpg.webp","type":"image\/jpeg"}],"twitter_card":"summary_large_image","twitter_misc":{"Odhadovan\u00e1 doba \u010dten\u00ed":"3 minuty"},"schema":{"@context":"https:\/\/schema.org","@graph":[{"@type":"WebPage","@id":"https:\/\/lanaja.sk\/cs\/obchod\/lneny-prehoz-victoria\/","url":"https:\/\/lanaja.sk\/cs\/obchod\/lneny-prehoz-victoria\/","name":"Ln\u011bn\u00fd p\u0159ehoz Viktorie &#8226; Lanaja-slovensk\u00e1 udr\u017eiteln\u00e1 zna\u010dka a v\u00fdrobce ln\u011bn\u00e9ho textilu","isPartOf":{"@id":"https:\/\/lanaja.sk\/cs\/#website"},"primaryImageOfPage":{"@id":"https:\/\/lanaja.sk\/cs\/obchod\/lneny-prehoz-victoria\/#primaryimage"},"image":{"@id":"https:\/\/lanaja.sk\/cs\/obchod\/lneny-prehoz-victoria\/#primaryimage"},"thumbnailUrl":"https:\/\/lanaja.sk\/wp-content\/uploads\/2022\/02\/lanove-obliecky-s-krajkou27-scaled-e1643795827992-jpg.webp","datePublished":"2022-02-02T10:51:07+00:00","dateModified":"2025-08-10T10:09:54+00:00","description":"Ln\u011bn\u00fd p\u0159ehoz Viktorie je u\u0161it\u00fd ze dvou vrstev p\u0159\u00edrodn\u00edho 100% lnu 185g\/m2 pr\u00e9miov\u00e9 kvality, m\u011bk\u010den\u00fd, certifikovan\u00fd, vyroben\u00fd v Evrop\u011b...","breadcrumb":{"@id":"https:\/\/lanaja.sk\/cs\/obchod\/lneny-prehoz-victoria\/#breadcrumb"},"inLanguage":"cs","potentialAction":[{"@type":"ReadAction","target":["https:\/\/lanaja.sk\/cs\/obchod\/lneny-prehoz-victoria\/"]}]},{"@type":"ImageObject","inLanguage":"cs","@id":"https:\/\/lanaja.sk\/cs\/obchod\/lneny-prehoz-victoria\/#primaryimage","url":"https:\/\/lanaja.sk\/wp-content\/uploads\/2022\/02\/lanove-obliecky-s-krajkou27-scaled-e1643795827992-jpg.webp","contentUrl":"https:\/\/lanaja.sk\/wp-content\/uploads\/2022\/02\/lanove-obliecky-s-krajkou27-scaled-e1643795827992-jpg.webp","width":800,"height":601,"caption":"slovensk\u00e9 poste\u013en\u00e9 oblie\u010dky"},{"@type":"BreadcrumbList","@id":"https:\/\/lanaja.sk\/cs\/obchod\/lneny-prehoz-victoria\/#breadcrumb","itemListElement":[{"@type":"ListItem","position":1,"name":"Home","item":"https:\/\/lanaja.sk\/cs\/"},{"@type":"ListItem","position":2,"name":"Obchod","item":"https:\/\/lanaja.sk\/cs\/obchod-cz\/"},{"@type":"ListItem","position":3,"name":"Ln\u011bn\u00fd p\u0159ehoz Viktorie"}]},{"@type":"WebSite","@id":"https:\/\/lanaja.sk\/cs\/#website","url":"https:\/\/lanaja.sk\/cs\/","name":"Lanaja - bytov\u00fd textil z \u013eanu a \u013eanov\u00e9 v\u00fdrobky","description":"Jedine\u010dn\u00fd bytov\u00fd textil, ln\u011bn\u00e9 pytl\u00edky, ln\u011bn\u00e9 ubrusy, ln\u011bn\u00e9 lo\u017en\u00ed povle\u010den\u00ed, ln\u011bn\u00e9 ut\u011brky, ln\u011bn\u00e9 prost\u00edr\u00e1n\u00ed vyroben\u00e9 a \u0161it\u00e9 na Slovensku","publisher":{"@id":"https:\/\/lanaja.sk\/cs\/#organization"},"alternateName":"Lanaja - v\u00fdrobky z \u013eanu, \u013eanov\u00fd bytov\u00fd textil","potentialAction":[{"@type":"SearchAction","target":{"@type":"EntryPoint","urlTemplate":"https:\/\/lanaja.sk\/cs\/?s={search_term_string}"},"query-input":{"@type":"PropertyValueSpecification","valueRequired":true,"valueName":"search_term_string"}}],"inLanguage":"cs"},{"@type":"Organization","@id":"https:\/\/lanaja.sk\/cs\/#organization","name":"Lanaja","alternateName":"Al\u017ebeta Andr\u00e1\u0161ikov\u00e1 - Lanaja","url":"https:\/\/lanaja.sk\/cs\/","logo":{"@type":"ImageObject","inLanguage":"cs","@id":"https:\/\/lanaja.sk\/cs\/#\/schema\/logo\/image\/","url":"https:\/\/lanaja.sk\/wp-content\/uploads\/2024\/01\/Lanaja.sk-logo.png","contentUrl":"https:\/\/lanaja.sk\/wp-content\/uploads\/2024\/01\/Lanaja.sk-logo.png","width":600,"height":300,"caption":"Lanaja"},"image":{"@id":"https:\/\/lanaja.sk\/cs\/#\/schema\/logo\/image\/"},"sameAs":["https:\/\/www.facebook.com\/Abreadbag","https:\/\/www.instagram.com\/lanaja_sk\/"]}]}},"_links":{"self":[{"href":"https:\/\/lanaja.sk\/cs\/wp-json\/wp\/v2\/product\/13325","targetHints":{"allow":["GET"]}}],"collection":[{"href":"https:\/\/lanaja.sk\/cs\/wp-json\/wp\/v2\/product"}],"about":[{"href":"https:\/\/lanaja.sk\/cs\/wp-json\/wp\/v2\/types\/product"}],"version-history":[{"count":1,"href":"https:\/\/lanaja.sk\/cs\/wp-json\/wp\/v2\/product\/13325\/revisions"}],"predecessor-version":[{"id":16531,"href":"https:\/\/lanaja.sk\/cs\/wp-json\/wp\/v2\/product\/13325\/revisions\/16531"}],"wp:featuredmedia":[{"embeddable":true,"href":"https:\/\/lanaja.sk\/cs\/wp-json\/wp\/v2\/media\/7231"}],"wp:attachment":[{"href":"https:\/\/lanaja.sk\/cs\/wp-json\/wp\/v2\/media?parent=13325"}],"wp:term":[{"taxonomy":"product_brand","embeddable":true,"href":"https:\/\/lanaja.sk\/cs\/wp-json\/wp\/v2\/product_brand?post=13325"},{"taxonomy":"product_cat","embeddable":true,"href":"https:\/\/lanaja.sk\/cs\/wp-json\/wp\/v2\/product_cat?post=13325"},{"taxonomy":"product_tag","embeddable":true,"href":"https:\/\/lanaja.sk\/cs\/wp-json\/wp\/v2\/product_tag?post=13325"}],"curies":[{"name":"wp","href":"https:\/\/api.w.org\/{rel}","templated":true}]}}