{"id":13327,"date":"2022-03-23T10:09:46","date_gmt":"2022-03-23T09:09:46","guid":{"rendered":"https:\/\/lanaja.sk\/obchod\/neza\u0159azen\u00e9\/julianna-lneny-povlak-na-polstar\/"},"modified":"2025-09-28T17:31:29","modified_gmt":"2025-09-28T15:31:29","slug":"julianna-lneny-povlak-na-polstar","status":"publish","type":"product","link":"https:\/\/lanaja.sk\/cs\/obchod\/julianna-lneny-povlak-na-polstar\/","title":{"rendered":"Julianna ln\u011bn\u00fd povlak na pol\u0161t\u00e1\u0159"},"content":{"rendered":"<h2><strong>JULIANNA ln\u011bn\u00fd povlak na pol\u0161t\u00e1\u0159<\/strong><\/h2>\n<p>Z\u00e1le\u017e\u00ed na tom, z jak\u00e9ho materi\u00e1lu pro v\u00e1s pr\u00e1dlo u\u0161ijeme, kde a za jak\u00fdch podm\u00ednek bylo pr\u00e1dlo vyrobeno, lo\u017en\u00ed pr\u00e1dlo k v\u00e1m p\u0159ijde p\u0159edepran\u00e9, vo\u0148av\u00e9 a u\u017e se nemus\u00edte b\u00e1t, \u017ee \u010dasem zm\u011bn\u00ed tvar a sraz\u00ed se.<\/p>\n<p><strong>Julianna ln\u011bn\u00fd povlak na pol\u0161t\u00e1\u0159<\/strong> stejn\u011b jako pr\u00e1dlo, <strong>ln\u011bn\u00e1 povle\u010den\u00ed, ln\u011bn\u00e1 prost\u011bradla<\/strong> jsou tak\u00e9 \u0161it\u00e9 na m\u00edru v na\u0161\u00ed d\u00edln\u011b, proto n\u00e1m nev\u00e1hejte napsat, pokud pot\u0159ebujete jin\u00fd rozm\u011br.Ln\u011bn\u00e9 povle\u010den\u00ed v pruhovan\u00e9m vzoru lze tak\u00e9 sladit s ln\u011bn\u00fdm povle\u010den\u00edm <strong><a href=\"https:\/\/lanaja.sk\/cs\/obchod\/loznice\/lnene-povleceni-cs\/povleceni-julianna-2\/\" rel=\"noopener\">JULIANNA<\/a><\/strong> a s ln\u011bn\u00fdmi prost\u011bradli s gumi\u010dkou <strong><a href=\"https:\/\/lanaja.sk\/cs\/obchod\/loznice\/lnene-prosteradla\/povleceni-julianna\/\" rel=\"noopener\">https:\/\/lanaja.sk\/cs\/kategorie-produktu\/loznice\/lnene-prosteradla\/<\/a><\/strong> Pokud jste majitelem velk\u00fdch dvojit\u00fdch povlak\u016f na p\u0159ikr\u00fdvky, doubleking size, \u0161ijeme taky na m\u00edru i na velk\u00e9 velikosti.<\/p>\n<p><strong>1. Ln\u011bn\u00fd povlak na pol\u0161t\u00e1\u0159 modro-ml\u00e9\u010dn\u00fd prou\u017eek<\/strong><\/p>\n<p><strong>2. Ln\u011bn\u00fd povlak na pol\u0161t\u00e1\u0159 tmav\u011b \u0161ed\u00fd + ml\u00e9\u010dn\u00fd prou\u017eek<\/strong><\/p>\n<p><strong>Ln\u011bn\u00e9 povlaky na pol\u0161t\u00e1\u0159e lze tak\u00e9 personalizovat a vy\u0161\u00edvat monogramem, jm\u00e9no vy\u0161\u00edvac\u00edm strojem, cena se odv\u00edj\u00ed od velikosti v\u00fd\u0161ivky, v p\u0159\u00edpad\u011b z\u00e1jmu o personalizaci n\u00e1m napi\u0161te p\u0159edem e-mail, r\u00e1di V\u00e1m porad\u00edme s v\u00fdb\u011brem vhodn\u00e9 velikosti a barvy v\u00fd\u0161ivky.<\/strong><\/p>\n<p>NEBARVEN\u00c9 P\u0158\u00cdRODN\u00cd D\u0158EV\u011aN\u00c9 KNOFL\u00cdKY JSOU NA POL\u0160T\u00c1\u0158\u00cdCH RU\u010cN\u011a NA\u0160IT\u00c9, vybrat si m\u016f\u017eete i knofl\u00edky z p\u0159\u00edrodn\u00edho kokosu, sta\u010d\u00ed n\u00e1m to napsat do pozn\u00e1mky p\u0159i objedn\u00e1vce.<\/p>\n<p>Pruhovan\u00e9 ln\u011bn\u00e9 povlaky na pol\u0161t\u00e1\u0159e jsou \u0161it\u00e9 ze 100% lnu 185g\/m2 pr\u00e9miov\u00e9 kvality, toto povle\u010den\u00ed je vyrobeno v Evrop\u011b, m\u011bk\u010den\u00e9 a certifikovan\u00e9 z\u00e1rove\u0148. Na fotografi\u00edch m\u016f\u017eete vid\u011bt perfektn\u00ed kombinaci s <a href=\"https:\/\/lanaja.sk\/cs\/obchod\/loznice\/lnene-povleceni-cs\/lneny-len-povleceni-martin\/\" rel=\"noopener\">LN\u011aN\u00ddM POVLE\u010cEN\u00cdM MARTIN<\/a><\/p>\n<p><strong>Ln\u011bn\u00e9 v\u00fdrobky \u0161ijeme v na\u0161\u00ed d\u00edln\u011b dle Va\u0161eho p\u0159\u00e1n\u00ed a na m\u00edru, proto je pot\u0159eba po\u010d\u00edtat s dod\u00e1n\u00edm do 5-15 pracovn\u00edch dn\u016f, v z\u00e1vislosti na konkr\u00e9tn\u00edm produktu. Barvy na jednotliv\u00fdch monitorech, mobiln\u00edch telefonech mohou b\u00fdt zobrazeny v m\u00edrn\u011b odli\u0161n\u00e9m odst\u00ednu, za kter\u00fd neneseme odpov\u011bdnost, barevn\u00e9 hloubky jednotliv\u00fdch za\u0159\u00edzen\u00ed se li\u0161\u00ed.<\/strong><\/p>\n<p>&nbsp;<\/p>\n<p class=\"article\">\n","protected":false},"excerpt":{"rendered":"<p><strong>Ln\u011bn\u00e9 povlaky na pol\u0161t\u00e1\u0159e Julianna<\/strong> jsou tak\u00e9 \u0161it\u00e9 na m\u00edru v na\u0161\u00ed d\u00edln\u011b, jsou \u0161it\u00e9 ze 100% lnu 185g\/m2 pr\u00e9miov\u00e9 kvality. Len je vyroben v Evrop\u011b, m\u011bk\u010denej a certifikov\u00e1n.<\/p>\n<p>Pruhy nebo pruhy jsou nad\u010dasov\u00fdm vzorem, hod\u00ed se ke v\u0161em ln\u011bn\u00fdm prost\u011bradl\u016fm, ln\u011bn\u00fdm p\u0159ehoz\u016fm, nebo mohou slou\u017eit jako funk\u010dn\u00ed dopln\u011bk. Od velk\u00fdch a v\u00fdrazn\u00fdch a\u017e po drobn\u00e9 tenk\u00e9 linie, pruhy vytv\u00e1\u0159ej\u00ed strukturu a ve spojen\u00ed s kr\u00e1sn\u00fdmi kontrastn\u00edmi barvami a dal\u0161\u00edmi texturami mohou b\u00fdt hlavn\u00edm dopl\u0148kem p\u0159i kombinov\u00e1n\u00ed cel\u00e9ho interi\u00e9ru.<\/p>\n<p><strong>1. Ln\u011bn\u00fd povlak na pol\u0161t\u00e1\u0159 modro-ml\u00e9\u010dn\u00fd prou\u017eek<\/strong><\/p>\n<p><strong>2. Ln\u011bn\u00fd povlak na pol\u0161t\u00e1\u0159 tmav\u011b \u0161ed\u00fd + ml\u00e9\u010dn\u00fd prou\u017eek<\/strong><\/p>\n","protected":false},"featured_media":7288,"template":"","meta":[],"product_brand":[],"product_cat":[392,363],"product_tag":[393],"class_list":{"0":"post-13327","1":"product","2":"type-product","3":"status-publish","4":"has-post-thumbnail","6":"product_cat-lnene-povlaky-na-polstare","7":"product_cat-lnene-povleceni-cs","8":"product_tag-lneny-povlak-na-polstar","10":"first","11":"onbackorder","12":"shipping-taxable","13":"purchasable","14":"product-type-variable"},"yoast_head":"<!-- This site is optimized with the Yoast SEO plugin v27.4 - https:\/\/yoast.com\/product\/yoast-seo-wordpress\/ -->\n<title>Julianna ln\u011bn\u00fd povlak na pol\u0161t\u00e1\u0159 &#8226; Lanaja-slovensk\u00e1 udr\u017eiteln\u00e1 zna\u010dka a v\u00fdrobce ln\u011bn\u00e9ho textilu<\/title>\n<meta name=\"description\" content=\"Ln\u011bn\u00fd povlak na pol\u0161t\u00e1\u0159 Julianna, stejn\u011b jako ln\u011bn\u00e9 pr\u00e1dlo, ln\u011bn\u00e9 povle\u010den\u00ed a ln\u011bn\u00e1 prost\u011bradla, \u0161ijeme i na m\u00edru, proto n\u00e1m nev\u00e1hejte napsat.\" \/>\n<meta name=\"robots\" content=\"index, follow, max-snippet:-1, max-image-preview:large, max-video-preview:-1\" \/>\n<link rel=\"canonical\" href=\"https:\/\/lanaja.sk\/cs\/obchod\/julianna-lneny-povlak-na-polstar\/\" \/>\n<meta property=\"og:locale\" content=\"cs_CZ\" \/>\n<meta property=\"og:type\" content=\"article\" \/>\n<meta property=\"og:title\" content=\"Julianna ln\u011bn\u00fd povlak na pol\u0161t\u00e1\u0159 &#8226; Lanaja-slovensk\u00e1 udr\u017eiteln\u00e1 zna\u010dka a v\u00fdrobce ln\u011bn\u00e9ho textilu\" \/>\n<meta property=\"og:description\" content=\"Ln\u011bn\u00fd povlak na pol\u0161t\u00e1\u0159 Julianna, stejn\u011b jako ln\u011bn\u00e9 pr\u00e1dlo, ln\u011bn\u00e9 povle\u010den\u00ed a ln\u011bn\u00e1 prost\u011bradla, \u0161ijeme i na m\u00edru, proto n\u00e1m nev\u00e1hejte napsat.\" \/>\n<meta property=\"og:url\" content=\"https:\/\/lanaja.sk\/cs\/obchod\/julianna-lneny-povlak-na-polstar\/\" \/>\n<meta property=\"og:site_name\" content=\"Lanaja-slovensk\u00e1 udr\u017eiteln\u00e1 zna\u010dka a v\u00fdrobce ln\u011bn\u00e9ho textilu\" \/>\n<meta property=\"article:publisher\" content=\"https:\/\/www.facebook.com\/Abreadbag\" \/>\n<meta property=\"article:modified_time\" content=\"2025-09-28T15:31:29+00:00\" \/>\n<meta property=\"og:image\" content=\"https:\/\/lanaja.sk\/wp-content\/uploads\/2022\/03\/lanove-obliecky-modre13-e1648026129293-jpg.webp\" \/>\n\t<meta property=\"og:image:width\" content=\"648\" \/>\n\t<meta property=\"og:image:height\" content=\"850\" \/>\n\t<meta property=\"og:image:type\" content=\"image\/jpeg\" \/>\n<meta name=\"twitter:card\" content=\"summary_large_image\" \/>\n<meta name=\"twitter:label1\" content=\"Odhadovan\u00e1 doba \u010dten\u00ed\" \/>\n\t<meta name=\"twitter:data1\" content=\"2 minuty\" \/>\n<script type=\"application\/ld+json\" class=\"yoast-schema-graph\">{\"@context\":\"https:\\\/\\\/schema.org\",\"@graph\":[{\"@type\":\"WebPage\",\"@id\":\"https:\\\/\\\/lanaja.sk\\\/cs\\\/obchod\\\/julianna-lneny-povlak-na-polstar\\\/\",\"url\":\"https:\\\/\\\/lanaja.sk\\\/cs\\\/obchod\\\/julianna-lneny-povlak-na-polstar\\\/\",\"name\":\"Julianna ln\u011bn\u00fd povlak na pol\u0161t\u00e1\u0159 &#8226; Lanaja-slovensk\u00e1 udr\u017eiteln\u00e1 zna\u010dka a v\u00fdrobce ln\u011bn\u00e9ho textilu\",\"isPartOf\":{\"@id\":\"https:\\\/\\\/lanaja.sk\\\/cs\\\/#website\"},\"primaryImageOfPage\":{\"@id\":\"https:\\\/\\\/lanaja.sk\\\/cs\\\/obchod\\\/julianna-lneny-povlak-na-polstar\\\/#primaryimage\"},\"image\":{\"@id\":\"https:\\\/\\\/lanaja.sk\\\/cs\\\/obchod\\\/julianna-lneny-povlak-na-polstar\\\/#primaryimage\"},\"thumbnailUrl\":\"https:\\\/\\\/lanaja.sk\\\/wp-content\\\/uploads\\\/2022\\\/03\\\/lanove-obliecky-modre13-e1648026129293-jpg.webp\",\"datePublished\":\"2022-03-23T09:09:46+00:00\",\"dateModified\":\"2025-09-28T15:31:29+00:00\",\"description\":\"Ln\u011bn\u00fd povlak na pol\u0161t\u00e1\u0159 Julianna, stejn\u011b jako ln\u011bn\u00e9 pr\u00e1dlo, ln\u011bn\u00e9 povle\u010den\u00ed a ln\u011bn\u00e1 prost\u011bradla, \u0161ijeme i na m\u00edru, proto n\u00e1m nev\u00e1hejte napsat.\",\"breadcrumb\":{\"@id\":\"https:\\\/\\\/lanaja.sk\\\/cs\\\/obchod\\\/julianna-lneny-povlak-na-polstar\\\/#breadcrumb\"},\"inLanguage\":\"cs\",\"potentialAction\":[{\"@type\":\"ReadAction\",\"target\":[\"https:\\\/\\\/lanaja.sk\\\/cs\\\/obchod\\\/julianna-lneny-povlak-na-polstar\\\/\"]}]},{\"@type\":\"ImageObject\",\"inLanguage\":\"cs\",\"@id\":\"https:\\\/\\\/lanaja.sk\\\/cs\\\/obchod\\\/julianna-lneny-povlak-na-polstar\\\/#primaryimage\",\"url\":\"https:\\\/\\\/lanaja.sk\\\/wp-content\\\/uploads\\\/2022\\\/03\\\/lanove-obliecky-modre13-e1648026129293-jpg.webp\",\"contentUrl\":\"https:\\\/\\\/lanaja.sk\\\/wp-content\\\/uploads\\\/2022\\\/03\\\/lanove-obliecky-modre13-e1648026129293-jpg.webp\",\"width\":648,\"height\":850,\"caption\":\"\u013eanov\u00e9 oblie\u010dky\"},{\"@type\":\"BreadcrumbList\",\"@id\":\"https:\\\/\\\/lanaja.sk\\\/cs\\\/obchod\\\/julianna-lneny-povlak-na-polstar\\\/#breadcrumb\",\"itemListElement\":[{\"@type\":\"ListItem\",\"position\":1,\"name\":\"Home\",\"item\":\"https:\\\/\\\/lanaja.sk\\\/cs\\\/\"},{\"@type\":\"ListItem\",\"position\":2,\"name\":\"Obchod\",\"item\":\"https:\\\/\\\/lanaja.sk\\\/cs\\\/obchod-cz\\\/\"},{\"@type\":\"ListItem\",\"position\":3,\"name\":\"Julianna ln\u011bn\u00fd povlak na pol\u0161t\u00e1\u0159\"}]},{\"@type\":\"WebSite\",\"@id\":\"https:\\\/\\\/lanaja.sk\\\/cs\\\/#website\",\"url\":\"https:\\\/\\\/lanaja.sk\\\/cs\\\/\",\"name\":\"Lanaja - bytov\u00fd textil z \u013eanu a \u013eanov\u00e9 v\u00fdrobky\",\"description\":\"Jedine\u010dn\u00fd bytov\u00fd textil, ln\u011bn\u00e9 pytl\u00edky, ln\u011bn\u00e9 ubrusy, ln\u011bn\u00e9 lo\u017en\u00ed povle\u010den\u00ed, ln\u011bn\u00e9 ut\u011brky, ln\u011bn\u00e9 prost\u00edr\u00e1n\u00ed vyroben\u00e9 a \u0161it\u00e9 na Slovensku\",\"publisher\":{\"@id\":\"https:\\\/\\\/lanaja.sk\\\/cs\\\/#organization\"},\"alternateName\":\"Lanaja - v\u00fdrobky z \u013eanu, \u013eanov\u00fd bytov\u00fd textil\",\"potentialAction\":[{\"@type\":\"SearchAction\",\"target\":{\"@type\":\"EntryPoint\",\"urlTemplate\":\"https:\\\/\\\/lanaja.sk\\\/cs\\\/?s={search_term_string}\"},\"query-input\":{\"@type\":\"PropertyValueSpecification\",\"valueRequired\":true,\"valueName\":\"search_term_string\"}}],\"inLanguage\":\"cs\"},{\"@type\":\"Organization\",\"@id\":\"https:\\\/\\\/lanaja.sk\\\/cs\\\/#organization\",\"name\":\"Lanaja\",\"alternateName\":\"Al\u017ebeta Andr\u00e1\u0161ikov\u00e1 - Lanaja\",\"url\":\"https:\\\/\\\/lanaja.sk\\\/cs\\\/\",\"logo\":{\"@type\":\"ImageObject\",\"inLanguage\":\"cs\",\"@id\":\"https:\\\/\\\/lanaja.sk\\\/cs\\\/#\\\/schema\\\/logo\\\/image\\\/\",\"url\":\"https:\\\/\\\/lanaja.sk\\\/wp-content\\\/uploads\\\/2024\\\/01\\\/Lanaja.sk-logo.png\",\"contentUrl\":\"https:\\\/\\\/lanaja.sk\\\/wp-content\\\/uploads\\\/2024\\\/01\\\/Lanaja.sk-logo.png\",\"width\":600,\"height\":300,\"caption\":\"Lanaja\"},\"image\":{\"@id\":\"https:\\\/\\\/lanaja.sk\\\/cs\\\/#\\\/schema\\\/logo\\\/image\\\/\"},\"sameAs\":[\"https:\\\/\\\/www.facebook.com\\\/Abreadbag\",\"https:\\\/\\\/www.instagram.com\\\/lanaja_sk\\\/\"]}]}<\/script>\n<!-- \/ Yoast SEO plugin. -->","yoast_head_json":{"title":"Julianna ln\u011bn\u00fd povlak na pol\u0161t\u00e1\u0159 &#8226; Lanaja-slovensk\u00e1 udr\u017eiteln\u00e1 zna\u010dka a v\u00fdrobce ln\u011bn\u00e9ho textilu","description":"Ln\u011bn\u00fd povlak na pol\u0161t\u00e1\u0159 Julianna, stejn\u011b jako ln\u011bn\u00e9 pr\u00e1dlo, ln\u011bn\u00e9 povle\u010den\u00ed a ln\u011bn\u00e1 prost\u011bradla, \u0161ijeme i na m\u00edru, proto n\u00e1m nev\u00e1hejte napsat.","robots":{"index":"index","follow":"follow","max-snippet":"max-snippet:-1","max-image-preview":"max-image-preview:large","max-video-preview":"max-video-preview:-1"},"canonical":"https:\/\/lanaja.sk\/cs\/obchod\/julianna-lneny-povlak-na-polstar\/","og_locale":"cs_CZ","og_type":"article","og_title":"Julianna ln\u011bn\u00fd povlak na pol\u0161t\u00e1\u0159 &#8226; Lanaja-slovensk\u00e1 udr\u017eiteln\u00e1 zna\u010dka a v\u00fdrobce ln\u011bn\u00e9ho textilu","og_description":"Ln\u011bn\u00fd povlak na pol\u0161t\u00e1\u0159 Julianna, stejn\u011b jako ln\u011bn\u00e9 pr\u00e1dlo, ln\u011bn\u00e9 povle\u010den\u00ed a ln\u011bn\u00e1 prost\u011bradla, \u0161ijeme i na m\u00edru, proto n\u00e1m nev\u00e1hejte napsat.","og_url":"https:\/\/lanaja.sk\/cs\/obchod\/julianna-lneny-povlak-na-polstar\/","og_site_name":"Lanaja-slovensk\u00e1 udr\u017eiteln\u00e1 zna\u010dka a v\u00fdrobce ln\u011bn\u00e9ho textilu","article_publisher":"https:\/\/www.facebook.com\/Abreadbag","article_modified_time":"2025-09-28T15:31:29+00:00","og_image":[{"width":648,"height":850,"url":"https:\/\/lanaja.sk\/wp-content\/uploads\/2022\/03\/lanove-obliecky-modre13-e1648026129293-jpg.webp","type":"image\/jpeg"}],"twitter_card":"summary_large_image","twitter_misc":{"Odhadovan\u00e1 doba \u010dten\u00ed":"2 minuty"},"schema":{"@context":"https:\/\/schema.org","@graph":[{"@type":"WebPage","@id":"https:\/\/lanaja.sk\/cs\/obchod\/julianna-lneny-povlak-na-polstar\/","url":"https:\/\/lanaja.sk\/cs\/obchod\/julianna-lneny-povlak-na-polstar\/","name":"Julianna ln\u011bn\u00fd povlak na pol\u0161t\u00e1\u0159 &#8226; Lanaja-slovensk\u00e1 udr\u017eiteln\u00e1 zna\u010dka a v\u00fdrobce ln\u011bn\u00e9ho textilu","isPartOf":{"@id":"https:\/\/lanaja.sk\/cs\/#website"},"primaryImageOfPage":{"@id":"https:\/\/lanaja.sk\/cs\/obchod\/julianna-lneny-povlak-na-polstar\/#primaryimage"},"image":{"@id":"https:\/\/lanaja.sk\/cs\/obchod\/julianna-lneny-povlak-na-polstar\/#primaryimage"},"thumbnailUrl":"https:\/\/lanaja.sk\/wp-content\/uploads\/2022\/03\/lanove-obliecky-modre13-e1648026129293-jpg.webp","datePublished":"2022-03-23T09:09:46+00:00","dateModified":"2025-09-28T15:31:29+00:00","description":"Ln\u011bn\u00fd povlak na pol\u0161t\u00e1\u0159 Julianna, stejn\u011b jako ln\u011bn\u00e9 pr\u00e1dlo, ln\u011bn\u00e9 povle\u010den\u00ed a ln\u011bn\u00e1 prost\u011bradla, \u0161ijeme i na m\u00edru, proto n\u00e1m nev\u00e1hejte napsat.","breadcrumb":{"@id":"https:\/\/lanaja.sk\/cs\/obchod\/julianna-lneny-povlak-na-polstar\/#breadcrumb"},"inLanguage":"cs","potentialAction":[{"@type":"ReadAction","target":["https:\/\/lanaja.sk\/cs\/obchod\/julianna-lneny-povlak-na-polstar\/"]}]},{"@type":"ImageObject","inLanguage":"cs","@id":"https:\/\/lanaja.sk\/cs\/obchod\/julianna-lneny-povlak-na-polstar\/#primaryimage","url":"https:\/\/lanaja.sk\/wp-content\/uploads\/2022\/03\/lanove-obliecky-modre13-e1648026129293-jpg.webp","contentUrl":"https:\/\/lanaja.sk\/wp-content\/uploads\/2022\/03\/lanove-obliecky-modre13-e1648026129293-jpg.webp","width":648,"height":850,"caption":"\u013eanov\u00e9 oblie\u010dky"},{"@type":"BreadcrumbList","@id":"https:\/\/lanaja.sk\/cs\/obchod\/julianna-lneny-povlak-na-polstar\/#breadcrumb","itemListElement":[{"@type":"ListItem","position":1,"name":"Home","item":"https:\/\/lanaja.sk\/cs\/"},{"@type":"ListItem","position":2,"name":"Obchod","item":"https:\/\/lanaja.sk\/cs\/obchod-cz\/"},{"@type":"ListItem","position":3,"name":"Julianna ln\u011bn\u00fd povlak na pol\u0161t\u00e1\u0159"}]},{"@type":"WebSite","@id":"https:\/\/lanaja.sk\/cs\/#website","url":"https:\/\/lanaja.sk\/cs\/","name":"Lanaja - bytov\u00fd textil z \u013eanu a \u013eanov\u00e9 v\u00fdrobky","description":"Jedine\u010dn\u00fd bytov\u00fd textil, ln\u011bn\u00e9 pytl\u00edky, ln\u011bn\u00e9 ubrusy, ln\u011bn\u00e9 lo\u017en\u00ed povle\u010den\u00ed, ln\u011bn\u00e9 ut\u011brky, ln\u011bn\u00e9 prost\u00edr\u00e1n\u00ed vyroben\u00e9 a \u0161it\u00e9 na Slovensku","publisher":{"@id":"https:\/\/lanaja.sk\/cs\/#organization"},"alternateName":"Lanaja - v\u00fdrobky z \u013eanu, \u013eanov\u00fd bytov\u00fd textil","potentialAction":[{"@type":"SearchAction","target":{"@type":"EntryPoint","urlTemplate":"https:\/\/lanaja.sk\/cs\/?s={search_term_string}"},"query-input":{"@type":"PropertyValueSpecification","valueRequired":true,"valueName":"search_term_string"}}],"inLanguage":"cs"},{"@type":"Organization","@id":"https:\/\/lanaja.sk\/cs\/#organization","name":"Lanaja","alternateName":"Al\u017ebeta Andr\u00e1\u0161ikov\u00e1 - Lanaja","url":"https:\/\/lanaja.sk\/cs\/","logo":{"@type":"ImageObject","inLanguage":"cs","@id":"https:\/\/lanaja.sk\/cs\/#\/schema\/logo\/image\/","url":"https:\/\/lanaja.sk\/wp-content\/uploads\/2024\/01\/Lanaja.sk-logo.png","contentUrl":"https:\/\/lanaja.sk\/wp-content\/uploads\/2024\/01\/Lanaja.sk-logo.png","width":600,"height":300,"caption":"Lanaja"},"image":{"@id":"https:\/\/lanaja.sk\/cs\/#\/schema\/logo\/image\/"},"sameAs":["https:\/\/www.facebook.com\/Abreadbag","https:\/\/www.instagram.com\/lanaja_sk\/"]}]}},"_links":{"self":[{"href":"https:\/\/lanaja.sk\/cs\/wp-json\/wp\/v2\/product\/13327","targetHints":{"allow":["GET"]}}],"collection":[{"href":"https:\/\/lanaja.sk\/cs\/wp-json\/wp\/v2\/product"}],"about":[{"href":"https:\/\/lanaja.sk\/cs\/wp-json\/wp\/v2\/types\/product"}],"version-history":[{"count":2,"href":"https:\/\/lanaja.sk\/cs\/wp-json\/wp\/v2\/product\/13327\/revisions"}],"predecessor-version":[{"id":16680,"href":"https:\/\/lanaja.sk\/cs\/wp-json\/wp\/v2\/product\/13327\/revisions\/16680"}],"wp:featuredmedia":[{"embeddable":true,"href":"https:\/\/lanaja.sk\/cs\/wp-json\/wp\/v2\/media\/7288"}],"wp:attachment":[{"href":"https:\/\/lanaja.sk\/cs\/wp-json\/wp\/v2\/media?parent=13327"}],"wp:term":[{"taxonomy":"product_brand","embeddable":true,"href":"https:\/\/lanaja.sk\/cs\/wp-json\/wp\/v2\/product_brand?post=13327"},{"taxonomy":"product_cat","embeddable":true,"href":"https:\/\/lanaja.sk\/cs\/wp-json\/wp\/v2\/product_cat?post=13327"},{"taxonomy":"product_tag","embeddable":true,"href":"https:\/\/lanaja.sk\/cs\/wp-json\/wp\/v2\/product_tag?post=13327"}],"curies":[{"name":"wp","href":"https:\/\/api.w.org\/{rel}","templated":true}]}}