{"id":13336,"date":"2025-03-30T18:11:05","date_gmt":"2025-03-30T16:11:05","guid":{"rendered":"https:\/\/lanaja.sk\/obchod\/neza\u0159azen\u00e9\/lneny-len-povleceni-martin\/"},"modified":"2025-07-05T21:42:26","modified_gmt":"2025-07-05T19:42:26","slug":"lneny-len-povleceni-martin","status":"publish","type":"product","link":"https:\/\/lanaja.sk\/cs\/obchod\/lneny-len-povleceni-martin\/","title":{"rendered":"Ln\u011bn\u00e9 povle\u010den\u00ed Martin"},"content":{"rendered":"<h2><strong>Ln\u011bn\u00e9 povle\u010den\u00ed Martin<\/strong><\/h2>\n<p>Pokud hled\u00e1te vytvo\u0159en\u00ed udr\u017eiteln\u011bj\u0161\u00edho a ekologi\u010dt\u011bj\u0161\u00edho prost\u0159ed\u00ed ve va\u0161em domov\u011b, ekologick\u00e9 spojen\u00ed 100% lnu je ur\u010dit\u011b materi\u00e1l, do kter\u00e9ho se v\u00e1m vyplat\u00ed investovat. 100% len je \u0161etrn\u00fd k \u017eivotn\u00edmu prost\u0159ed\u00ed a z\u00e1rove\u0148 je obnoviteln\u00fdm zdrojem. P\u0159i p\u011bstov\u00e1n\u00ed se nepou\u017e\u00edvaj\u00ed \u017e\u00e1dn\u00e1 hnojiva a nepot\u0159ebuje \u017e\u00e1dn\u00e9 zavla\u017eov\u00e1n\u00ed. Len je tak\u00e9 pln\u011b biologicky odbourateln\u00fd.<\/p>\n<p>Ln\u011bn\u00e9 povle\u010den\u00ed Martin je u\u0161ito z p\u0159\u00edrodn\u00edho evropsk\u00e9ho lnu v bled\u011bmodr\u00e9 barv\u011b, kter\u00fd je p\u0159edepran\u00fd, certifikovan\u00fd, upraven\u00fd a zjemn\u011bn\u00fd technologi\u00ed stonewashed. Ln\u011bn\u00e1 l\u00e1tka tak z\u00edsk\u00e1 obl\u00edben\u00fd jemn\u011bj\u0161\u00ed vzhled, p\u0159irozen\u011b a rovnom\u011brn\u011b zma\u010dkan\u00fd. P\u0159i pou\u017e\u00edv\u00e1n\u00ed v\u00e1s odm\u011bn\u00ed p\u0159\u00edjemn\u00fdm pocitem jemnosti, b\u011bhem sp\u00e1nku v\u00e1m prokrv\u00ed a jemn\u011b promas\u00edruje poko\u017eku, podpo\u0159\u00ed relaxaci, \u010d\u00edm\u017e ji zjemn\u00ed a ochr\u00e1n\u00ed d\u00edky sv\u00e9mu p\u0159irozen\u00e9mu pH. Tento len nen\u00ed pot\u0159eba \u017eehlit, je p\u0159ekr\u00e1sn\u011b zvln\u011bn\u00fd po vypr\u00e1n\u00ed.<\/p>\n<p><strong>Odpo\u010di\u0148te si po dobrodru\u017en\u00e9m dni a pono\u0159te se do m\u011bkk\u00e9ho objet\u00ed lnu. Dop\u0159ejte si kvalitn\u00ed sp\u00e1nek, proto\u017ee ka\u017ed\u00fd den je nov\u00e9 dobrodru\u017estv\u00ed. Odpo\u010di\u0148te si a p\u0159ipravte se na dal\u0161\u00ed!<\/strong><\/p>\n<h4><strong>V\u00fdhody lo\u017en\u00edho pr\u00e1dla ze 100% lnu<\/strong><\/h4>\n<p>Vzhledem k jedine\u010dn\u00e9 filtraci, schopnosti odol\u00e1vat bakteri\u00edm, vzdu\u0161nosti, absorpci a odpa\u0159ov\u00e1n\u00ed vlhkosti je <strong>l\u016f\u017en\u00ed pr\u00e1dlo ze 100% lnu zn\u00e1m\u00e9 jako antialergick\u00e9. Je doporu\u010dov\u00e1no pro lidi s ko\u017en\u00edmi onemocn\u011bn\u00edmi, alergiemi a je vhodn\u00e9 i pro mal\u00e9 d\u011bti.<\/strong>M\u00e1 vysokou schopnost potla\u010dovat bakterie, rozto\u010de a pl\u00edsn\u011b a je vysoce repelentn\u00ed vo\u010di hmyzu.<\/p>\n<p>&#8211;<strong>100% len je antistatick\u00fd, nep\u0159itahuje prach a d\u00edky sv\u00e9 p\u0159irozen\u00e9 rovnov\u00e1ze pH m\u016f\u017ee dokonce pomoci zjemnit a chr\u00e1nit poko\u017eku. <\/strong> <\/p>\n<p>&#8211; Ln\u011bn\u00e1 tkanina m\u00e1 d\u00edky mikroskopick\u00fdm trhlink\u00e1m na vn\u011bj\u0161\u00edm povrchu lehk\u00fd mas\u00e1\u017en\u00ed \u00fa\u010dinek. Host\u00e9 si <strong>mohou dop\u0159\u00e1t <\/strong>bezplatnou mas\u00e1\u017e. Nepravidelnosti, drsn\u011bj\u0161\u00ed povrch, drobn\u00e9 hrbolky a vr\u00e1s\u010dit\u00e1 textura v\u00e1m poskytnou mas\u00e1\u017e b\u011bhem sp\u00e1nku, <strong>stimuluj\u00ed pr\u016ftok krve a podpo\u0159\u00ed relaxaci.<\/strong><\/p>\n<p>&#8211; <strong>Ln\u011bn\u00e9 pr\u00e1dlo m\u00e1 vysokou prody\u0161nost a tepelnou vodivost,<\/strong> je to prody\u0161n\u00e1 tkanina, v zim\u011b v\u00e1s zah\u0159eje a v l\u00e9t\u011b ochlad\u00ed. Vykazuje p\u011btin\u00e1sobn\u011b vy\u0161\u0161\u00ed tepelnou vodivost ne\u017e vlna a samo\u010dinn\u011b reguluje teplotu o p\u0159ibli\u017en\u011b \u010dty\u0159i stupn\u011b ve srovn\u00e1n\u00ed s bavlnou nebo hedv\u00e1b\u00edm.<\/p>\n<p>&#8211; <strong>D\u00edky sv\u00e9 molekul\u00e1rn\u00ed struktu\u0159e m\u016f\u017ee ln\u011bn\u00e9 lo\u017en\u00ed pr\u00e1dlo absorbovat a\u017e 20 % sv\u00e9 hmotnosti vlhkosti, proto skv\u011ble saje pot a zaru\u010d\u00ed v\u00e1m plnohodnotn\u011bj\u0161\u00ed a zdrav\u011bj\u0161\u00ed sp\u00e1nek.<\/strong> A\u0165 u\u017e je hork\u00e1 letn\u00ed noc nebo chladn\u00e9 zimn\u00ed r\u00e1no, ln\u011bn\u00e9 povle\u010den\u00ed v\u00e1m reguluje v\u00fdm\u011bnu tepla mezi poko\u017ekou a vzduchem tak, jako \u017e\u00e1dn\u00e1 jin\u00e1 tkanina. Ln\u011bn\u00e9 vl\u00e1kno je dut\u00e9, tak\u017ee se t\u011bmito schopnostmi vyzna\u010dujeme. Udr\u017euje teplo ve sv\u00fdch vl\u00e1knech, ochlazuje a spolehliv\u011b odv\u00e1d\u00ed p\u0159ebyte\u010dnou vlhkost.<\/p>\n<p>-ln\u011bn\u00e1 tkanina je n\u011bkolikan\u00e1sobn\u011b pevn\u011bj\u0161\u00ed ne\u017e bavlna, trvanliv\u00e1 a pou\u017eit\u00ed takov\u00e9ho lo\u017en\u00edho pr\u00e1dla je dlouhodobou z\u00e1rukou spokojenosti. \u010c\u00edm \u010dast\u011bji budete pr\u00e1t lo\u017en\u00ed pr\u00e1dlo, t\u00edm bude m\u011bk\u010d\u00ed a kr\u00e1sn\u011bj\u0161\u00ed. Nen\u00ed tedy t\u0159eba se ob\u00e1vat vy\u0161\u0161\u00ed investice, kter\u00e1 v\u00e1m i va\u0161\u00ed rodin\u011b zaru\u010d\u00ed zdrav\u011bj\u0161\u00ed sp\u00e1nek na mnoho let a v neposledn\u00ed \u0159ad\u011b vytvo\u0159\u00ed bezpe\u010dn\u011bj\u0161\u00ed a zdrav\u011bj\u0161\u00ed domov pro v\u00e1s i va\u0161e bl\u00edzk\u00e9.<\/p>\n<p>Ln\u011bn\u00e1 l\u00e1tka m\u00e1 jedine\u010dn\u00fd majest\u00e1tn\u00ed vzhled, kter\u00fd nenapodob\u00ed \u017e\u00e1dn\u00fd jin\u00fd typ textilu. Len je pravd\u011bpodobn\u011b jedin\u00fdm materi\u00e1lem, kter\u00fd dok\u00e1\u017ee dokonale zapadnout do jak\u00e9hokoli stylu interi\u00e9ru a vytvo\u0159it tak nad\u010dasov\u00fd a univerz\u00e1ln\u00ed vzhled. Zn\u00e1te slowfashion v m\u00f3dn\u00edm pr\u016fmyslu a j\u00e1 se v\u00e1m pokus\u00edm slowliving p\u0159ibl\u00ed\u017eit. Slow fashion v bytov\u00e9m a interi\u00e9rov\u00e9m designu z udr\u017eiteln\u00fdch a p\u0159\u00edrodn\u00edch materi\u00e1l\u016f, kter\u00e9 n\u00e1m vydr\u017e\u00ed des\u00edtky let, ne jen p\u00e1r let nebo m\u011bs\u00edc\u016f.<\/p>\n<p>T\u00edm, \u017ee bylo na ln\u011bn\u00e9m povle\u010den\u00ed zvoleno i vn\u011bj\u0161\u00ed pro\u0161it\u00ed (pro\u0161tepov\u00e1n\u00ed na 1 mm od okraje) po obvodu, v\u00e1m zaru\u010d\u00ed st\u00e1lost tvaru p\u0159i pran\u00ed. Povle\u010den\u00ed se nekrout\u00ed a po vypr\u00e1n\u00ed je sta\u010d\u00ed vyt\u0159epat a nechat uschnout. Ka\u017ed\u00e1 lo\u017en\u00ed souprava v\u00e1m dom\u016f p\u0159ijde kr\u00e1sn\u011b zabalen\u00e1 v d\u00e1rkov\u00e9 krabi\u010dce. L\u00e1tka je p\u0159ed \u0161it\u00edm pe\u010dliv\u011b vypr\u00e1na a vy\u017eehlena, abychom zajistili dokonal\u00e9 v\u00fdsledky a zabr\u00e1nili p\u0159\u00edpadn\u00e9mu sr\u00e1\u017een\u00ed p\u0159i dal\u0161\u00edm pran\u00ed. Tou\u017e\u00edme v\u00e1m nab\u00eddnout kvalitn\u00ed povle\u010den\u00ed, kter\u00e9 je pln\u011b funk\u010dn\u00ed, zdravotn\u011b nez\u00e1vadn\u00e9 a d\u00edky vlastnostem lnu i prosp\u011b\u0161n\u00e9 pro va\u0161e zdrav\u00ed.<\/p>\n<p>Zap\u00edn\u00e1n\u00ed na prost\u011bradla MARTIN je \u0159e\u0161eno pomoc\u00ed mal\u00fdch d\u0159ev\u011bn\u00fdch knofl\u00edk\u016f. M\u016f\u017eete si vybrat tyto typy knofl\u00edk\u016f: D\u0158EV\u011aN\u00c9 NEBO KOKOSOV\u00c9, s viditeln\u00fdm zap\u00edn\u00e1n\u00edm nebo se skryt\u00fdmi knofl\u00edky Typ zap\u00edn\u00e1n\u00ed: viditeln\u00e9 knofl\u00edkov\u00e9 zap\u00edn\u00e1n\u00ed nebo zap\u00edn\u00e1n\u00ed se skryt\u00fdmi knofl\u00edky. Zap\u00edn\u00e1n\u00ed na zip (D\u016fle\u017eit\u00e9 upozorn\u011bn\u00ed pro na\u0161e mil\u00e9 z\u00e1kazn\u00edky): v\u0161\u00edv\u00e1me do ln\u011bn\u00e9ho povle\u010den\u00ed kvalitn\u00ed zipy, ale m\u00e1me dlouholet\u00e9 zku\u0161enosti s t\u00edm, \u017ee jezdce na zipech nevydr\u017e\u00ed tak dlouho jako klasick\u00e9 knofl\u00edkov\u00e9 zap\u00edn\u00e1n\u00ed, co\u017e nem\u016f\u017eeme ovlivnit). Proto doporu\u010dujeme rad\u011bji si vybrat klasick\u00e9 zap\u00edn\u00e1n\u00ed na knofl\u00edky.<\/p>\n<p>K \u013eanov\u00fdm oblie\u010dkam MARTIN odpor\u00fa\u010dam zladi\u0165 \u013eanov\u00e9 plachty s gumi\u010dkov JULIANNA s p\u00e1sikav\u00fdm vzorom <a href=\"https:\/\/lanaja.sk\/obchod\/spalna\/lanove-plachty\/lanova-plachta-julianna\/\" rel=\"noopener\">TU. <\/a>alebo jednofarebn\u00e9 \u013eanov\u00e9 plachty vo svetlo\u0161edej, tmavo\u0161edej, bielej, mlie\u010dnebielej, jeanmodrej farbe, v\u0161etky odtiene n\u00e1jdete v oddelen\u00ed ,,\u013dANOV\u00c9 OBLIE\u010cKY&#8220; <strong><a href=\"https:\/\/lanaja.sk\/kategoria-produktu\/spalna\/lanove-obliecky\/\" rel=\"noopener\">TU<\/a> <\/strong> <\/p>\n<p><strong>Ln\u011bn\u00e9 v\u00fdrobky \u0161ijeme v na\u0161\u00ed d\u00edln\u011b podle va\u0161ich p\u0159edstav a na m\u00edru, proto je t\u0159eba po\u010d\u00edtat s dod\u00e1n\u00edm 5\u201315 pracovn\u00edch dn\u016f v z\u00e1vislosti na konkr\u00e9tn\u00edm produktu. Barvy na jednotliv\u00fdch monitorech, mobiln\u00edch telefonech mohou b\u00fdt zobrazeny v m\u00edrn\u011b odli\u0161n\u00e9m odst\u00ednu, za kter\u00fd neneseme odpov\u011bdnost, barevn\u00e9 hloubky jednotliv\u00fdch za\u0159\u00edzen\u00ed se li\u0161\u00ed.<\/strong><\/p>\n<p>BARVA: bled\u011b modr\u00e1<\/p>\n","protected":false},"excerpt":{"rendered":"<p>Ln\u011bn\u00e9 povle\u010den\u00ed je z\u00e1rukou nejen kvalitn\u00edho sp\u00e1nku, ale i udr\u017eiteln\u00e9ho a ekologick\u00e9ho p\u0159\u00edstupu k dom\u00e1cnosti. Pokud hled\u00e1te zp\u016fsob, jak vytvo\u0159it v lo\u017enici prost\u0159ed\u00ed \u0161etrn\u00e9 k \u017eivotn\u00edmu prost\u0159ed\u00ed a z\u00e1rove\u0148 pohodln\u00e9, pak je 100% len spr\u00e1vn\u00e1 volba. Ln\u011bn\u00e9 povle\u010den\u00ed je z\u00e1rukou kvality, stylu a zdrav\u00ed, kter\u00e9 si va\u0161e rodina zaslou\u017e\u00ed. Investujte do sv\u00e9ho sp\u00e1nku a zajist\u011bte si zdrav\u011bj\u0161\u00ed a kvalitn\u011bj\u0161\u00ed \u017eivot s t\u00edmto \u00fa\u017easn\u00fdm povle\u010den\u00edm.<\/p>\n","protected":false},"featured_media":15646,"template":"","meta":[],"product_brand":[],"product_cat":[365,366,363,364],"product_tag":[174],"class_list":{"0":"post-13336","1":"product","2":"type-product","3":"status-publish","4":"has-post-thumbnail","6":"product_cat-lnena-prosteradla-ve-standardnich-velikostech","7":"product_cat-lnene-povlaky-na-prikryvky","8":"product_cat-lnene-povleceni-cs","9":"product_cat-lnene-povleceni-do-detske-postylky","10":"product_tag-lnene-povleceni-martin","12":"first","13":"onbackorder","14":"shipping-taxable","15":"purchasable","16":"product-type-variable"},"yoast_head":"<!-- This site is optimized with the Yoast SEO plugin v27.4 - https:\/\/yoast.com\/product\/yoast-seo-wordpress\/ -->\n<title>Ln\u011bn\u00e9 povle\u010den\u00ed Martin &#8226; Lanaja-slovensk\u00e1 udr\u017eiteln\u00e1 zna\u010dka a v\u00fdrobce ln\u011bn\u00e9ho textilu<\/title>\n<meta name=\"description\" content=\"Ln\u011bn\u00e9 povle\u010den\u00ed Martin je u\u0161ito z p\u0159\u00edrodn\u00edho evropsk\u00e9ho lnu v bled\u011bmodr\u00e9 barv\u011b, kter\u00fd je p\u0159edepran\u00fd, certifikovan\u00fd, upraven\u00fd a zjemn\u011bn\u00fd.\" \/>\n<meta name=\"robots\" content=\"index, follow, max-snippet:-1, max-image-preview:large, max-video-preview:-1\" \/>\n<link rel=\"canonical\" href=\"https:\/\/lanaja.sk\/cs\/obchod\/lneny-len-povleceni-martin\/\" \/>\n<meta property=\"og:locale\" content=\"cs_CZ\" \/>\n<meta property=\"og:type\" content=\"article\" \/>\n<meta property=\"og:title\" content=\"Ln\u011bn\u00e9 povle\u010den\u00ed Martin &#8226; Lanaja-slovensk\u00e1 udr\u017eiteln\u00e1 zna\u010dka a v\u00fdrobce ln\u011bn\u00e9ho textilu\" \/>\n<meta property=\"og:description\" content=\"Ln\u011bn\u00e9 povle\u010den\u00ed Martin je u\u0161ito z p\u0159\u00edrodn\u00edho evropsk\u00e9ho lnu v bled\u011bmodr\u00e9 barv\u011b, kter\u00fd je p\u0159edepran\u00fd, certifikovan\u00fd, upraven\u00fd a zjemn\u011bn\u00fd.\" \/>\n<meta property=\"og:url\" content=\"https:\/\/lanaja.sk\/cs\/obchod\/lneny-len-povleceni-martin\/\" \/>\n<meta property=\"og:site_name\" content=\"Lanaja-slovensk\u00e1 udr\u017eiteln\u00e1 zna\u010dka a v\u00fdrobce ln\u011bn\u00e9ho textilu\" \/>\n<meta property=\"article:publisher\" content=\"https:\/\/www.facebook.com\/Abreadbag\" \/>\n<meta property=\"article:modified_time\" content=\"2025-07-05T19:42:26+00:00\" \/>\n<meta property=\"og:image\" content=\"https:\/\/lanaja.sk\/wp-content\/uploads\/2022\/03\/lanove-obliecky-modre-30.jpg\" \/>\n\t<meta property=\"og:image:width\" content=\"1355\" \/>\n\t<meta property=\"og:image:height\" content=\"1356\" \/>\n\t<meta property=\"og:image:type\" content=\"image\/jpeg\" \/>\n<meta name=\"twitter:card\" content=\"summary_large_image\" \/>\n<meta name=\"twitter:label1\" content=\"Odhadovan\u00e1 doba \u010dten\u00ed\" \/>\n\t<meta name=\"twitter:data1\" content=\"6 minut\" \/>\n<script type=\"application\/ld+json\" class=\"yoast-schema-graph\">{\"@context\":\"https:\\\/\\\/schema.org\",\"@graph\":[{\"@type\":\"WebPage\",\"@id\":\"https:\\\/\\\/lanaja.sk\\\/cs\\\/obchod\\\/lneny-len-povleceni-martin\\\/\",\"url\":\"https:\\\/\\\/lanaja.sk\\\/cs\\\/obchod\\\/lneny-len-povleceni-martin\\\/\",\"name\":\"Ln\u011bn\u00e9 povle\u010den\u00ed Martin &#8226; Lanaja-slovensk\u00e1 udr\u017eiteln\u00e1 zna\u010dka a v\u00fdrobce ln\u011bn\u00e9ho textilu\",\"isPartOf\":{\"@id\":\"https:\\\/\\\/lanaja.sk\\\/cs\\\/#website\"},\"primaryImageOfPage\":{\"@id\":\"https:\\\/\\\/lanaja.sk\\\/cs\\\/obchod\\\/lneny-len-povleceni-martin\\\/#primaryimage\"},\"image\":{\"@id\":\"https:\\\/\\\/lanaja.sk\\\/cs\\\/obchod\\\/lneny-len-povleceni-martin\\\/#primaryimage\"},\"thumbnailUrl\":\"https:\\\/\\\/lanaja.sk\\\/wp-content\\\/uploads\\\/2022\\\/03\\\/lanove-obliecky-modre-30.jpg\",\"datePublished\":\"2025-03-30T16:11:05+00:00\",\"dateModified\":\"2025-07-05T19:42:26+00:00\",\"description\":\"Ln\u011bn\u00e9 povle\u010den\u00ed Martin je u\u0161ito z p\u0159\u00edrodn\u00edho evropsk\u00e9ho lnu v bled\u011bmodr\u00e9 barv\u011b, kter\u00fd je p\u0159edepran\u00fd, certifikovan\u00fd, upraven\u00fd a zjemn\u011bn\u00fd.\",\"breadcrumb\":{\"@id\":\"https:\\\/\\\/lanaja.sk\\\/cs\\\/obchod\\\/lneny-len-povleceni-martin\\\/#breadcrumb\"},\"inLanguage\":\"cs\",\"potentialAction\":[{\"@type\":\"ReadAction\",\"target\":[\"https:\\\/\\\/lanaja.sk\\\/cs\\\/obchod\\\/lneny-len-povleceni-martin\\\/\"]}]},{\"@type\":\"ImageObject\",\"inLanguage\":\"cs\",\"@id\":\"https:\\\/\\\/lanaja.sk\\\/cs\\\/obchod\\\/lneny-len-povleceni-martin\\\/#primaryimage\",\"url\":\"https:\\\/\\\/lanaja.sk\\\/wp-content\\\/uploads\\\/2022\\\/03\\\/lanove-obliecky-modre-30.jpg\",\"contentUrl\":\"https:\\\/\\\/lanaja.sk\\\/wp-content\\\/uploads\\\/2022\\\/03\\\/lanove-obliecky-modre-30.jpg\",\"width\":1355,\"height\":1356,\"caption\":\"bledomodre lanove obliecky\"},{\"@type\":\"BreadcrumbList\",\"@id\":\"https:\\\/\\\/lanaja.sk\\\/cs\\\/obchod\\\/lneny-len-povleceni-martin\\\/#breadcrumb\",\"itemListElement\":[{\"@type\":\"ListItem\",\"position\":1,\"name\":\"Home\",\"item\":\"https:\\\/\\\/lanaja.sk\\\/cs\\\/\"},{\"@type\":\"ListItem\",\"position\":2,\"name\":\"Obchod\",\"item\":\"https:\\\/\\\/lanaja.sk\\\/cs\\\/obchod-cz\\\/\"},{\"@type\":\"ListItem\",\"position\":3,\"name\":\"Ln\u011bn\u00e9 povle\u010den\u00ed Martin\"}]},{\"@type\":\"WebSite\",\"@id\":\"https:\\\/\\\/lanaja.sk\\\/cs\\\/#website\",\"url\":\"https:\\\/\\\/lanaja.sk\\\/cs\\\/\",\"name\":\"Lanaja - bytov\u00fd textil z \u013eanu a \u013eanov\u00e9 v\u00fdrobky\",\"description\":\"Jedine\u010dn\u00fd bytov\u00fd textil, ln\u011bn\u00e9 pytl\u00edky, ln\u011bn\u00e9 ubrusy, ln\u011bn\u00e9 lo\u017en\u00ed povle\u010den\u00ed, ln\u011bn\u00e9 ut\u011brky, ln\u011bn\u00e9 prost\u00edr\u00e1n\u00ed vyroben\u00e9 a \u0161it\u00e9 na Slovensku\",\"publisher\":{\"@id\":\"https:\\\/\\\/lanaja.sk\\\/cs\\\/#organization\"},\"alternateName\":\"Lanaja - v\u00fdrobky z \u013eanu, \u013eanov\u00fd bytov\u00fd textil\",\"potentialAction\":[{\"@type\":\"SearchAction\",\"target\":{\"@type\":\"EntryPoint\",\"urlTemplate\":\"https:\\\/\\\/lanaja.sk\\\/cs\\\/?s={search_term_string}\"},\"query-input\":{\"@type\":\"PropertyValueSpecification\",\"valueRequired\":true,\"valueName\":\"search_term_string\"}}],\"inLanguage\":\"cs\"},{\"@type\":\"Organization\",\"@id\":\"https:\\\/\\\/lanaja.sk\\\/cs\\\/#organization\",\"name\":\"Lanaja\",\"alternateName\":\"Al\u017ebeta Andr\u00e1\u0161ikov\u00e1 - Lanaja\",\"url\":\"https:\\\/\\\/lanaja.sk\\\/cs\\\/\",\"logo\":{\"@type\":\"ImageObject\",\"inLanguage\":\"cs\",\"@id\":\"https:\\\/\\\/lanaja.sk\\\/cs\\\/#\\\/schema\\\/logo\\\/image\\\/\",\"url\":\"https:\\\/\\\/lanaja.sk\\\/wp-content\\\/uploads\\\/2024\\\/01\\\/Lanaja.sk-logo.png\",\"contentUrl\":\"https:\\\/\\\/lanaja.sk\\\/wp-content\\\/uploads\\\/2024\\\/01\\\/Lanaja.sk-logo.png\",\"width\":600,\"height\":300,\"caption\":\"Lanaja\"},\"image\":{\"@id\":\"https:\\\/\\\/lanaja.sk\\\/cs\\\/#\\\/schema\\\/logo\\\/image\\\/\"},\"sameAs\":[\"https:\\\/\\\/www.facebook.com\\\/Abreadbag\",\"https:\\\/\\\/www.instagram.com\\\/lanaja_sk\\\/\"]}]}<\/script>\n<!-- \/ Yoast SEO plugin. -->","yoast_head_json":{"title":"Ln\u011bn\u00e9 povle\u010den\u00ed Martin &#8226; Lanaja-slovensk\u00e1 udr\u017eiteln\u00e1 zna\u010dka a v\u00fdrobce ln\u011bn\u00e9ho textilu","description":"Ln\u011bn\u00e9 povle\u010den\u00ed Martin je u\u0161ito z p\u0159\u00edrodn\u00edho evropsk\u00e9ho lnu v bled\u011bmodr\u00e9 barv\u011b, kter\u00fd je p\u0159edepran\u00fd, certifikovan\u00fd, upraven\u00fd a zjemn\u011bn\u00fd.","robots":{"index":"index","follow":"follow","max-snippet":"max-snippet:-1","max-image-preview":"max-image-preview:large","max-video-preview":"max-video-preview:-1"},"canonical":"https:\/\/lanaja.sk\/cs\/obchod\/lneny-len-povleceni-martin\/","og_locale":"cs_CZ","og_type":"article","og_title":"Ln\u011bn\u00e9 povle\u010den\u00ed Martin &#8226; Lanaja-slovensk\u00e1 udr\u017eiteln\u00e1 zna\u010dka a v\u00fdrobce ln\u011bn\u00e9ho textilu","og_description":"Ln\u011bn\u00e9 povle\u010den\u00ed Martin je u\u0161ito z p\u0159\u00edrodn\u00edho evropsk\u00e9ho lnu v bled\u011bmodr\u00e9 barv\u011b, kter\u00fd je p\u0159edepran\u00fd, certifikovan\u00fd, upraven\u00fd a zjemn\u011bn\u00fd.","og_url":"https:\/\/lanaja.sk\/cs\/obchod\/lneny-len-povleceni-martin\/","og_site_name":"Lanaja-slovensk\u00e1 udr\u017eiteln\u00e1 zna\u010dka a v\u00fdrobce ln\u011bn\u00e9ho textilu","article_publisher":"https:\/\/www.facebook.com\/Abreadbag","article_modified_time":"2025-07-05T19:42:26+00:00","og_image":[{"width":1355,"height":1356,"url":"https:\/\/lanaja.sk\/wp-content\/uploads\/2022\/03\/lanove-obliecky-modre-30.jpg","type":"image\/jpeg"}],"twitter_card":"summary_large_image","twitter_misc":{"Odhadovan\u00e1 doba \u010dten\u00ed":"6 minut"},"schema":{"@context":"https:\/\/schema.org","@graph":[{"@type":"WebPage","@id":"https:\/\/lanaja.sk\/cs\/obchod\/lneny-len-povleceni-martin\/","url":"https:\/\/lanaja.sk\/cs\/obchod\/lneny-len-povleceni-martin\/","name":"Ln\u011bn\u00e9 povle\u010den\u00ed Martin &#8226; Lanaja-slovensk\u00e1 udr\u017eiteln\u00e1 zna\u010dka a v\u00fdrobce ln\u011bn\u00e9ho textilu","isPartOf":{"@id":"https:\/\/lanaja.sk\/cs\/#website"},"primaryImageOfPage":{"@id":"https:\/\/lanaja.sk\/cs\/obchod\/lneny-len-povleceni-martin\/#primaryimage"},"image":{"@id":"https:\/\/lanaja.sk\/cs\/obchod\/lneny-len-povleceni-martin\/#primaryimage"},"thumbnailUrl":"https:\/\/lanaja.sk\/wp-content\/uploads\/2022\/03\/lanove-obliecky-modre-30.jpg","datePublished":"2025-03-30T16:11:05+00:00","dateModified":"2025-07-05T19:42:26+00:00","description":"Ln\u011bn\u00e9 povle\u010den\u00ed Martin je u\u0161ito z p\u0159\u00edrodn\u00edho evropsk\u00e9ho lnu v bled\u011bmodr\u00e9 barv\u011b, kter\u00fd je p\u0159edepran\u00fd, certifikovan\u00fd, upraven\u00fd a zjemn\u011bn\u00fd.","breadcrumb":{"@id":"https:\/\/lanaja.sk\/cs\/obchod\/lneny-len-povleceni-martin\/#breadcrumb"},"inLanguage":"cs","potentialAction":[{"@type":"ReadAction","target":["https:\/\/lanaja.sk\/cs\/obchod\/lneny-len-povleceni-martin\/"]}]},{"@type":"ImageObject","inLanguage":"cs","@id":"https:\/\/lanaja.sk\/cs\/obchod\/lneny-len-povleceni-martin\/#primaryimage","url":"https:\/\/lanaja.sk\/wp-content\/uploads\/2022\/03\/lanove-obliecky-modre-30.jpg","contentUrl":"https:\/\/lanaja.sk\/wp-content\/uploads\/2022\/03\/lanove-obliecky-modre-30.jpg","width":1355,"height":1356,"caption":"bledomodre lanove obliecky"},{"@type":"BreadcrumbList","@id":"https:\/\/lanaja.sk\/cs\/obchod\/lneny-len-povleceni-martin\/#breadcrumb","itemListElement":[{"@type":"ListItem","position":1,"name":"Home","item":"https:\/\/lanaja.sk\/cs\/"},{"@type":"ListItem","position":2,"name":"Obchod","item":"https:\/\/lanaja.sk\/cs\/obchod-cz\/"},{"@type":"ListItem","position":3,"name":"Ln\u011bn\u00e9 povle\u010den\u00ed Martin"}]},{"@type":"WebSite","@id":"https:\/\/lanaja.sk\/cs\/#website","url":"https:\/\/lanaja.sk\/cs\/","name":"Lanaja - bytov\u00fd textil z \u013eanu a \u013eanov\u00e9 v\u00fdrobky","description":"Jedine\u010dn\u00fd bytov\u00fd textil, ln\u011bn\u00e9 pytl\u00edky, ln\u011bn\u00e9 ubrusy, ln\u011bn\u00e9 lo\u017en\u00ed povle\u010den\u00ed, ln\u011bn\u00e9 ut\u011brky, ln\u011bn\u00e9 prost\u00edr\u00e1n\u00ed vyroben\u00e9 a \u0161it\u00e9 na Slovensku","publisher":{"@id":"https:\/\/lanaja.sk\/cs\/#organization"},"alternateName":"Lanaja - v\u00fdrobky z \u013eanu, \u013eanov\u00fd bytov\u00fd textil","potentialAction":[{"@type":"SearchAction","target":{"@type":"EntryPoint","urlTemplate":"https:\/\/lanaja.sk\/cs\/?s={search_term_string}"},"query-input":{"@type":"PropertyValueSpecification","valueRequired":true,"valueName":"search_term_string"}}],"inLanguage":"cs"},{"@type":"Organization","@id":"https:\/\/lanaja.sk\/cs\/#organization","name":"Lanaja","alternateName":"Al\u017ebeta Andr\u00e1\u0161ikov\u00e1 - Lanaja","url":"https:\/\/lanaja.sk\/cs\/","logo":{"@type":"ImageObject","inLanguage":"cs","@id":"https:\/\/lanaja.sk\/cs\/#\/schema\/logo\/image\/","url":"https:\/\/lanaja.sk\/wp-content\/uploads\/2024\/01\/Lanaja.sk-logo.png","contentUrl":"https:\/\/lanaja.sk\/wp-content\/uploads\/2024\/01\/Lanaja.sk-logo.png","width":600,"height":300,"caption":"Lanaja"},"image":{"@id":"https:\/\/lanaja.sk\/cs\/#\/schema\/logo\/image\/"},"sameAs":["https:\/\/www.facebook.com\/Abreadbag","https:\/\/www.instagram.com\/lanaja_sk\/"]}]}},"_links":{"self":[{"href":"https:\/\/lanaja.sk\/cs\/wp-json\/wp\/v2\/product\/13336","targetHints":{"allow":["GET"]}}],"collection":[{"href":"https:\/\/lanaja.sk\/cs\/wp-json\/wp\/v2\/product"}],"about":[{"href":"https:\/\/lanaja.sk\/cs\/wp-json\/wp\/v2\/types\/product"}],"version-history":[{"count":2,"href":"https:\/\/lanaja.sk\/cs\/wp-json\/wp\/v2\/product\/13336\/revisions"}],"predecessor-version":[{"id":16178,"href":"https:\/\/lanaja.sk\/cs\/wp-json\/wp\/v2\/product\/13336\/revisions\/16178"}],"wp:featuredmedia":[{"embeddable":true,"href":"https:\/\/lanaja.sk\/cs\/wp-json\/wp\/v2\/media\/15646"}],"wp:attachment":[{"href":"https:\/\/lanaja.sk\/cs\/wp-json\/wp\/v2\/media?parent=13336"}],"wp:term":[{"taxonomy":"product_brand","embeddable":true,"href":"https:\/\/lanaja.sk\/cs\/wp-json\/wp\/v2\/product_brand?post=13336"},{"taxonomy":"product_cat","embeddable":true,"href":"https:\/\/lanaja.sk\/cs\/wp-json\/wp\/v2\/product_cat?post=13336"},{"taxonomy":"product_tag","embeddable":true,"href":"https:\/\/lanaja.sk\/cs\/wp-json\/wp\/v2\/product_tag?post=13336"}],"curies":[{"name":"wp","href":"https:\/\/api.w.org\/{rel}","templated":true}]}}