{"id":13337,"date":"2022-04-17T18:34:46","date_gmt":"2022-04-17T16:34:46","guid":{"rendered":"https:\/\/lanaja.sk\/obchod\/neza\u0159azen\u00e9\/lnene-povleceni-classic-2\/"},"modified":"2025-09-28T17:16:31","modified_gmt":"2025-09-28T15:16:31","slug":"lnene-povleceni-classic-2","status":"publish","type":"product","link":"https:\/\/lanaja.sk\/cs\/obchod\/lnene-povleceni-classic-2\/","title":{"rendered":"Ln\u011bn\u00fd povlak na pol\u0161t\u00e1\u0159 KLASIK"},"content":{"rendered":"<h2>Ln\u011bn\u00fd povlak na pol\u0161t\u00e1\u0159 KLASIK<\/h2>\n<p>&nbsp;<\/p>\n<p>Z\u00e1le\u017e\u00ed na tom, z jak\u00e9ho materi\u00e1lu pro v\u00e1s pr\u00e1dlo \u0161ijeme, kde a za jak\u00fdch podm\u00ednek byl len vyroben. Proto jsou v\u0161echny na\u0161e <strong> ln\u011bn\u00e9 tkaniny <\/strong>certifikov\u00e1ny OEKO-TEX STANDART 100. a vyroben\u00e9 v Evrop\u011b. Certifikace zaji\u0161\u0165uje ekologickou bezpe\u010dnost textiln\u00edch v\u00fdrobk\u016f ve v\u0161ech f\u00e1z\u00edch v\u00fdroby (suroviny a vl\u00e1kna, p\u0159\u00edze, tkaniny, kone\u010dn\u00e9 v\u00fdrobky). V\u00fdrobky s certifikac\u00ed OEKO-TEX neobsahuj\u00ed alergenn\u00ed, toxick\u00e1 barviva, pesticidy, t\u011b\u017ek\u00e9 kovy a dal\u0161\u00ed \u0161kodliv\u00e9 l\u00e1tky. Jsou vhodn\u00e9 i pro citlivou d\u011btskou poko\u017eku. Certifikace je dobrovoln\u00e1 a mus\u00ed b\u00fdt ka\u017edoro\u010dn\u011b aktualizov\u00e1na. D\u00edky tomu si jako z\u00e1kazn\u00edk m\u016f\u017eete b\u00fdt jisti, \u017ee si zakl\u00e1d\u00e1me na kvalit\u011b na\u0161ich ln\u011bn\u00fdch l\u00e1tek. Proto jsou v\u0161echny na\u0161e produkty \u0161it\u00e9 na m\u00edru s ohledem na \u017eivotn\u00ed prost\u0159ed\u00ed a va\u0161e zdrav\u00ed. Certifik\u00e1t zaru\u010duje jejich bezpe\u010dnost a zdravotn\u00ed nez\u00e1vadnost. D\u00edky sv\u00e9mu evropsk\u00e9mu p\u016fvodu si m\u016f\u017eete b\u00fdt jisti, \u017ee jsou vyr\u00e1b\u011bny podle vysok\u00fdch standard\u016f kvality a udr\u017eitelnosti.<\/p>\n<p>Ln\u011bn\u00e9 povle\u010den\u00ed \u0161ijeme tak\u00e9 na m\u00edru, proto n\u00e1m nev\u00e1hejte napsat, pokud pot\u0159ebujete jin\u00fd rozm\u011br. Povle\u010den\u00ed si m\u016f\u017eete tak\u00e9 sladit s <a href=\"https:\/\/lanaja.sk\/cs\/kategorie-produktu\/loznice\/lnene-prosteradla\/\" target=\"_blank\" rel=\"noopener\">ln\u011bn\u00fdm prost\u011bradlem<\/a> s gumi\u010dkou nebo bez n\u00ed. Pokud jste majitelem velk\u00fdch dvojit\u00fdch povlak\u016f na p\u0159ikr\u00fdvky, doubleking size, \u0161ijeme ln\u011bn\u00e1 povle\u010den\u00ed na m\u00edru i na velk\u00e9 velikosti.<\/p>\n<h4>Barvy<\/h4>\n<p><strong>1. Ln\u011bn\u00fd povlak na pol\u0161t\u00e1\u0159 KLASIK r\u016f\u017eov\u00fd<\/strong><\/p>\n<p><strong>2. Ln\u011bn\u00fd povlak na pol\u0161t\u00e1\u0159 KLASIK ml\u00e9\u010dn\u011b b\u00edl\u00e9<\/strong><\/p>\n<p><strong>3. Ln\u011bn\u00fd povlak na pol\u0161t\u00e1\u0159 KLASIK p\u0159\u00edrodn\u00ed b\u00e9\u017eov\u00e1<\/strong><\/p>\n<h4>Na p\u0159\u00e1n\u00ed personalizujeme a vy\u0161\u00edv\u00e1me monogramy<\/h4>\n<p>Ln\u011bn\u00e9 povlaky na pol\u0161t\u00e1\u0159e lze tak\u00e9 personalizovat a vy\u0161\u00edvat monogramem, nap\u0159. k\u0159estn\u00ed jm\u00e9no nebo inici\u00e1ly. Vy\u0161\u00edv\u00e1me je vy\u0161\u00edvac\u00edm strojem, cena se odv\u00edj\u00ed od velikosti v\u00fd\u0161ivky a po\u010dtu p\u00edsmen nebo vzoru. Pokud m\u00e1te z\u00e1jem o personalizaci, napi\u0161te n\u00e1m p\u0159ed objedn\u00e1n\u00edm e-mail, r\u00e1di v\u00e1m porad\u00edme s v\u00fdb\u011brem vhodn\u00e9 velikosti a barvy v\u00fd\u0161ivky.<\/p>\n<h4>Zap\u00edn\u00e1n\u00ed<\/h4>\n<p>NEBARVEN\u00c9 P\u0158\u00cdRODN\u00cd D\u0158EV\u011aN\u00c9 KNOFL\u00cdKY JSOU NA POL\u0160T\u00c1\u0158\u00cdCH RU\u010cN\u011a NA\u0160IT\u00c9, vybrat si m\u016f\u017eete i knofl\u00edky z p\u0159\u00edrodn\u00edho kokosu, sta\u010d\u00ed n\u00e1m to napsat do pozn\u00e1mky p\u0159i objedn\u00e1vce.<\/p>\n<p>Gram\u00e1\u017e lnu: 185 g\/m2<\/p>\n<p><strong>\u0160ijeme ln\u011bn\u00e9 v\u00fdrobky v na\u0161\u00ed d\u00edln\u011b podle va\u0161ich p\u0159edstav a na m\u00edru, tak\u017ee mus\u00edte po\u010d\u00edtat s dod\u00e1n\u00edm 5-15 pracovn\u00edch dn\u016f, v z\u00e1vislosti na konkr\u00e9tn\u00edm produktu.<\/strong><\/p>\n<p>&nbsp;<\/p>\n","protected":false},"excerpt":{"rendered":"<p>Ln\u011bn\u00e9 povlaky na pol\u0161t\u00e1\u0159e jsou \u0161it\u00e9 ze 100% lnu o gram\u00e1\u017ei 185 g\/m2 pr\u00e9miov\u00e9 kvality, tento len je vyroben v Evrop\u011b, zm\u011bk\u010den, p\u0159edepran\u00fd a z\u00e1rove\u0148 certifikovan\u00fd.<\/p>\n<p>1. Ln\u011bn\u00fd povlak na pol\u0161t\u00e1\u0159 r\u016f\u017eov\u00fd<\/p>\n<p>2. Ln\u011bn\u00fd povlak na pol\u0161t\u00e1\u0159 ml\u00e9\u010dn\u011b b\u00edl\u00fd<\/p>\n<p>3. Ln\u011bn\u00fd povlak na pol\u0161t\u00e1\u0159 p\u0159\u00edrodn\u00ed b\u00e9\u017eov\u00e1<\/p>\n","protected":false},"featured_media":7312,"template":"","meta":[],"product_brand":[],"product_cat":[392,363],"product_tag":[393],"class_list":{"0":"post-13337","1":"product","2":"type-product","3":"status-publish","4":"has-post-thumbnail","6":"product_cat-lnene-povlaky-na-polstare","7":"product_cat-lnene-povleceni-cs","8":"product_tag-lneny-povlak-na-polstar","10":"first","11":"onbackorder","12":"shipping-taxable","13":"purchasable","14":"product-type-variable"},"yoast_head":"<!-- This site is optimized with the Yoast SEO plugin v27.4 - https:\/\/yoast.com\/product\/yoast-seo-wordpress\/ -->\n<title>Ln\u011bn\u00fd povlak na pol\u0161t\u00e1\u0159 KLASIK &#8226; Lanaja-slovensk\u00e1 udr\u017eiteln\u00e1 zna\u010dka a v\u00fdrobce ln\u011bn\u00e9ho textilu<\/title>\n<meta name=\"description\" content=\"Ln\u011bn\u00fd povlak na pol\u0161t\u00e1\u0159 KLASIK je u\u0161it\u00fd v na\u0161\u00ed d\u00edln\u011b z certifikovan\u00e9ho evropsk\u00e9ho lnu, zodpov\u011bdn\u011b, udr\u017eiteln\u011b, eticky...\" \/>\n<meta name=\"robots\" content=\"index, follow, max-snippet:-1, max-image-preview:large, max-video-preview:-1\" \/>\n<link rel=\"canonical\" href=\"https:\/\/lanaja.sk\/cs\/obchod\/lnene-povleceni-classic-2\/\" \/>\n<meta property=\"og:locale\" content=\"cs_CZ\" \/>\n<meta property=\"og:type\" content=\"article\" \/>\n<meta property=\"og:title\" content=\"Ln\u011bn\u00fd povlak na pol\u0161t\u00e1\u0159 KLASIK &#8226; Lanaja-slovensk\u00e1 udr\u017eiteln\u00e1 zna\u010dka a v\u00fdrobce ln\u011bn\u00e9ho textilu\" \/>\n<meta property=\"og:description\" content=\"Ln\u011bn\u00fd povlak na pol\u0161t\u00e1\u0159 KLASIK je u\u0161it\u00fd v na\u0161\u00ed d\u00edln\u011b z certifikovan\u00e9ho evropsk\u00e9ho lnu, zodpov\u011bdn\u011b, udr\u017eiteln\u011b, eticky...\" \/>\n<meta property=\"og:url\" content=\"https:\/\/lanaja.sk\/cs\/obchod\/lnene-povleceni-classic-2\/\" \/>\n<meta property=\"og:site_name\" content=\"Lanaja-slovensk\u00e1 udr\u017eiteln\u00e1 zna\u010dka a v\u00fdrobce ln\u011bn\u00e9ho textilu\" \/>\n<meta property=\"article:publisher\" content=\"https:\/\/www.facebook.com\/Abreadbag\" \/>\n<meta property=\"article:modified_time\" content=\"2025-09-28T15:16:31+00:00\" \/>\n<meta property=\"og:image\" content=\"https:\/\/lanaja.sk\/wp-content\/uploads\/2022\/04\/lanova-obliecka-na-vankus14-e1650213165783-jpg.webp\" \/>\n\t<meta property=\"og:image:width\" content=\"737\" \/>\n\t<meta property=\"og:image:height\" content=\"850\" \/>\n\t<meta property=\"og:image:type\" content=\"image\/jpeg\" \/>\n<meta name=\"twitter:card\" content=\"summary_large_image\" \/>\n<meta name=\"twitter:label1\" content=\"Odhadovan\u00e1 doba \u010dten\u00ed\" \/>\n\t<meta name=\"twitter:data1\" content=\"2 minuty\" \/>\n<script type=\"application\/ld+json\" class=\"yoast-schema-graph\">{\"@context\":\"https:\\\/\\\/schema.org\",\"@graph\":[{\"@type\":\"WebPage\",\"@id\":\"https:\\\/\\\/lanaja.sk\\\/cs\\\/obchod\\\/lnene-povleceni-classic-2\\\/\",\"url\":\"https:\\\/\\\/lanaja.sk\\\/cs\\\/obchod\\\/lnene-povleceni-classic-2\\\/\",\"name\":\"Ln\u011bn\u00fd povlak na pol\u0161t\u00e1\u0159 KLASIK &#8226; Lanaja-slovensk\u00e1 udr\u017eiteln\u00e1 zna\u010dka a v\u00fdrobce ln\u011bn\u00e9ho textilu\",\"isPartOf\":{\"@id\":\"https:\\\/\\\/lanaja.sk\\\/cs\\\/#website\"},\"primaryImageOfPage\":{\"@id\":\"https:\\\/\\\/lanaja.sk\\\/cs\\\/obchod\\\/lnene-povleceni-classic-2\\\/#primaryimage\"},\"image\":{\"@id\":\"https:\\\/\\\/lanaja.sk\\\/cs\\\/obchod\\\/lnene-povleceni-classic-2\\\/#primaryimage\"},\"thumbnailUrl\":\"https:\\\/\\\/lanaja.sk\\\/wp-content\\\/uploads\\\/2022\\\/04\\\/lanova-obliecka-na-vankus14-e1650213165783-jpg.webp\",\"datePublished\":\"2022-04-17T16:34:46+00:00\",\"dateModified\":\"2025-09-28T15:16:31+00:00\",\"description\":\"Ln\u011bn\u00fd povlak na pol\u0161t\u00e1\u0159 KLASIK je u\u0161it\u00fd v na\u0161\u00ed d\u00edln\u011b z certifikovan\u00e9ho evropsk\u00e9ho lnu, zodpov\u011bdn\u011b, udr\u017eiteln\u011b, eticky...\",\"breadcrumb\":{\"@id\":\"https:\\\/\\\/lanaja.sk\\\/cs\\\/obchod\\\/lnene-povleceni-classic-2\\\/#breadcrumb\"},\"inLanguage\":\"cs\",\"potentialAction\":[{\"@type\":\"ReadAction\",\"target\":[\"https:\\\/\\\/lanaja.sk\\\/cs\\\/obchod\\\/lnene-povleceni-classic-2\\\/\"]}]},{\"@type\":\"ImageObject\",\"inLanguage\":\"cs\",\"@id\":\"https:\\\/\\\/lanaja.sk\\\/cs\\\/obchod\\\/lnene-povleceni-classic-2\\\/#primaryimage\",\"url\":\"https:\\\/\\\/lanaja.sk\\\/wp-content\\\/uploads\\\/2022\\\/04\\\/lanova-obliecka-na-vankus14-e1650213165783-jpg.webp\",\"contentUrl\":\"https:\\\/\\\/lanaja.sk\\\/wp-content\\\/uploads\\\/2022\\\/04\\\/lanova-obliecka-na-vankus14-e1650213165783-jpg.webp\",\"width\":737,\"height\":850,\"caption\":\"detsk\u00e9 oblie\u010dky\"},{\"@type\":\"BreadcrumbList\",\"@id\":\"https:\\\/\\\/lanaja.sk\\\/cs\\\/obchod\\\/lnene-povleceni-classic-2\\\/#breadcrumb\",\"itemListElement\":[{\"@type\":\"ListItem\",\"position\":1,\"name\":\"Home\",\"item\":\"https:\\\/\\\/lanaja.sk\\\/cs\\\/\"},{\"@type\":\"ListItem\",\"position\":2,\"name\":\"Obchod\",\"item\":\"https:\\\/\\\/lanaja.sk\\\/cs\\\/obchod-cz\\\/\"},{\"@type\":\"ListItem\",\"position\":3,\"name\":\"Ln\u011bn\u00fd povlak na pol\u0161t\u00e1\u0159 KLASIK\"}]},{\"@type\":\"WebSite\",\"@id\":\"https:\\\/\\\/lanaja.sk\\\/cs\\\/#website\",\"url\":\"https:\\\/\\\/lanaja.sk\\\/cs\\\/\",\"name\":\"Lanaja - bytov\u00fd textil z \u013eanu a \u013eanov\u00e9 v\u00fdrobky\",\"description\":\"Jedine\u010dn\u00fd bytov\u00fd textil, ln\u011bn\u00e9 pytl\u00edky, ln\u011bn\u00e9 ubrusy, ln\u011bn\u00e9 lo\u017en\u00ed povle\u010den\u00ed, ln\u011bn\u00e9 ut\u011brky, ln\u011bn\u00e9 prost\u00edr\u00e1n\u00ed vyroben\u00e9 a \u0161it\u00e9 na Slovensku\",\"publisher\":{\"@id\":\"https:\\\/\\\/lanaja.sk\\\/cs\\\/#organization\"},\"alternateName\":\"Lanaja - v\u00fdrobky z \u013eanu, \u013eanov\u00fd bytov\u00fd textil\",\"potentialAction\":[{\"@type\":\"SearchAction\",\"target\":{\"@type\":\"EntryPoint\",\"urlTemplate\":\"https:\\\/\\\/lanaja.sk\\\/cs\\\/?s={search_term_string}\"},\"query-input\":{\"@type\":\"PropertyValueSpecification\",\"valueRequired\":true,\"valueName\":\"search_term_string\"}}],\"inLanguage\":\"cs\"},{\"@type\":\"Organization\",\"@id\":\"https:\\\/\\\/lanaja.sk\\\/cs\\\/#organization\",\"name\":\"Lanaja\",\"alternateName\":\"Al\u017ebeta Andr\u00e1\u0161ikov\u00e1 - Lanaja\",\"url\":\"https:\\\/\\\/lanaja.sk\\\/cs\\\/\",\"logo\":{\"@type\":\"ImageObject\",\"inLanguage\":\"cs\",\"@id\":\"https:\\\/\\\/lanaja.sk\\\/cs\\\/#\\\/schema\\\/logo\\\/image\\\/\",\"url\":\"https:\\\/\\\/lanaja.sk\\\/wp-content\\\/uploads\\\/2024\\\/01\\\/Lanaja.sk-logo.png\",\"contentUrl\":\"https:\\\/\\\/lanaja.sk\\\/wp-content\\\/uploads\\\/2024\\\/01\\\/Lanaja.sk-logo.png\",\"width\":600,\"height\":300,\"caption\":\"Lanaja\"},\"image\":{\"@id\":\"https:\\\/\\\/lanaja.sk\\\/cs\\\/#\\\/schema\\\/logo\\\/image\\\/\"},\"sameAs\":[\"https:\\\/\\\/www.facebook.com\\\/Abreadbag\",\"https:\\\/\\\/www.instagram.com\\\/lanaja_sk\\\/\"]}]}<\/script>\n<!-- \/ Yoast SEO plugin. -->","yoast_head_json":{"title":"Ln\u011bn\u00fd povlak na pol\u0161t\u00e1\u0159 KLASIK &#8226; Lanaja-slovensk\u00e1 udr\u017eiteln\u00e1 zna\u010dka a v\u00fdrobce ln\u011bn\u00e9ho textilu","description":"Ln\u011bn\u00fd povlak na pol\u0161t\u00e1\u0159 KLASIK je u\u0161it\u00fd v na\u0161\u00ed d\u00edln\u011b z certifikovan\u00e9ho evropsk\u00e9ho lnu, zodpov\u011bdn\u011b, udr\u017eiteln\u011b, eticky...","robots":{"index":"index","follow":"follow","max-snippet":"max-snippet:-1","max-image-preview":"max-image-preview:large","max-video-preview":"max-video-preview:-1"},"canonical":"https:\/\/lanaja.sk\/cs\/obchod\/lnene-povleceni-classic-2\/","og_locale":"cs_CZ","og_type":"article","og_title":"Ln\u011bn\u00fd povlak na pol\u0161t\u00e1\u0159 KLASIK &#8226; Lanaja-slovensk\u00e1 udr\u017eiteln\u00e1 zna\u010dka a v\u00fdrobce ln\u011bn\u00e9ho textilu","og_description":"Ln\u011bn\u00fd povlak na pol\u0161t\u00e1\u0159 KLASIK je u\u0161it\u00fd v na\u0161\u00ed d\u00edln\u011b z certifikovan\u00e9ho evropsk\u00e9ho lnu, zodpov\u011bdn\u011b, udr\u017eiteln\u011b, eticky...","og_url":"https:\/\/lanaja.sk\/cs\/obchod\/lnene-povleceni-classic-2\/","og_site_name":"Lanaja-slovensk\u00e1 udr\u017eiteln\u00e1 zna\u010dka a v\u00fdrobce ln\u011bn\u00e9ho textilu","article_publisher":"https:\/\/www.facebook.com\/Abreadbag","article_modified_time":"2025-09-28T15:16:31+00:00","og_image":[{"width":737,"height":850,"url":"https:\/\/lanaja.sk\/wp-content\/uploads\/2022\/04\/lanova-obliecka-na-vankus14-e1650213165783-jpg.webp","type":"image\/jpeg"}],"twitter_card":"summary_large_image","twitter_misc":{"Odhadovan\u00e1 doba \u010dten\u00ed":"2 minuty"},"schema":{"@context":"https:\/\/schema.org","@graph":[{"@type":"WebPage","@id":"https:\/\/lanaja.sk\/cs\/obchod\/lnene-povleceni-classic-2\/","url":"https:\/\/lanaja.sk\/cs\/obchod\/lnene-povleceni-classic-2\/","name":"Ln\u011bn\u00fd povlak na pol\u0161t\u00e1\u0159 KLASIK &#8226; Lanaja-slovensk\u00e1 udr\u017eiteln\u00e1 zna\u010dka a v\u00fdrobce ln\u011bn\u00e9ho textilu","isPartOf":{"@id":"https:\/\/lanaja.sk\/cs\/#website"},"primaryImageOfPage":{"@id":"https:\/\/lanaja.sk\/cs\/obchod\/lnene-povleceni-classic-2\/#primaryimage"},"image":{"@id":"https:\/\/lanaja.sk\/cs\/obchod\/lnene-povleceni-classic-2\/#primaryimage"},"thumbnailUrl":"https:\/\/lanaja.sk\/wp-content\/uploads\/2022\/04\/lanova-obliecka-na-vankus14-e1650213165783-jpg.webp","datePublished":"2022-04-17T16:34:46+00:00","dateModified":"2025-09-28T15:16:31+00:00","description":"Ln\u011bn\u00fd povlak na pol\u0161t\u00e1\u0159 KLASIK je u\u0161it\u00fd v na\u0161\u00ed d\u00edln\u011b z certifikovan\u00e9ho evropsk\u00e9ho lnu, zodpov\u011bdn\u011b, udr\u017eiteln\u011b, eticky...","breadcrumb":{"@id":"https:\/\/lanaja.sk\/cs\/obchod\/lnene-povleceni-classic-2\/#breadcrumb"},"inLanguage":"cs","potentialAction":[{"@type":"ReadAction","target":["https:\/\/lanaja.sk\/cs\/obchod\/lnene-povleceni-classic-2\/"]}]},{"@type":"ImageObject","inLanguage":"cs","@id":"https:\/\/lanaja.sk\/cs\/obchod\/lnene-povleceni-classic-2\/#primaryimage","url":"https:\/\/lanaja.sk\/wp-content\/uploads\/2022\/04\/lanova-obliecka-na-vankus14-e1650213165783-jpg.webp","contentUrl":"https:\/\/lanaja.sk\/wp-content\/uploads\/2022\/04\/lanova-obliecka-na-vankus14-e1650213165783-jpg.webp","width":737,"height":850,"caption":"detsk\u00e9 oblie\u010dky"},{"@type":"BreadcrumbList","@id":"https:\/\/lanaja.sk\/cs\/obchod\/lnene-povleceni-classic-2\/#breadcrumb","itemListElement":[{"@type":"ListItem","position":1,"name":"Home","item":"https:\/\/lanaja.sk\/cs\/"},{"@type":"ListItem","position":2,"name":"Obchod","item":"https:\/\/lanaja.sk\/cs\/obchod-cz\/"},{"@type":"ListItem","position":3,"name":"Ln\u011bn\u00fd povlak na pol\u0161t\u00e1\u0159 KLASIK"}]},{"@type":"WebSite","@id":"https:\/\/lanaja.sk\/cs\/#website","url":"https:\/\/lanaja.sk\/cs\/","name":"Lanaja - bytov\u00fd textil z \u013eanu a \u013eanov\u00e9 v\u00fdrobky","description":"Jedine\u010dn\u00fd bytov\u00fd textil, ln\u011bn\u00e9 pytl\u00edky, ln\u011bn\u00e9 ubrusy, ln\u011bn\u00e9 lo\u017en\u00ed povle\u010den\u00ed, ln\u011bn\u00e9 ut\u011brky, ln\u011bn\u00e9 prost\u00edr\u00e1n\u00ed vyroben\u00e9 a \u0161it\u00e9 na Slovensku","publisher":{"@id":"https:\/\/lanaja.sk\/cs\/#organization"},"alternateName":"Lanaja - v\u00fdrobky z \u013eanu, \u013eanov\u00fd bytov\u00fd textil","potentialAction":[{"@type":"SearchAction","target":{"@type":"EntryPoint","urlTemplate":"https:\/\/lanaja.sk\/cs\/?s={search_term_string}"},"query-input":{"@type":"PropertyValueSpecification","valueRequired":true,"valueName":"search_term_string"}}],"inLanguage":"cs"},{"@type":"Organization","@id":"https:\/\/lanaja.sk\/cs\/#organization","name":"Lanaja","alternateName":"Al\u017ebeta Andr\u00e1\u0161ikov\u00e1 - Lanaja","url":"https:\/\/lanaja.sk\/cs\/","logo":{"@type":"ImageObject","inLanguage":"cs","@id":"https:\/\/lanaja.sk\/cs\/#\/schema\/logo\/image\/","url":"https:\/\/lanaja.sk\/wp-content\/uploads\/2024\/01\/Lanaja.sk-logo.png","contentUrl":"https:\/\/lanaja.sk\/wp-content\/uploads\/2024\/01\/Lanaja.sk-logo.png","width":600,"height":300,"caption":"Lanaja"},"image":{"@id":"https:\/\/lanaja.sk\/cs\/#\/schema\/logo\/image\/"},"sameAs":["https:\/\/www.facebook.com\/Abreadbag","https:\/\/www.instagram.com\/lanaja_sk\/"]}]}},"_links":{"self":[{"href":"https:\/\/lanaja.sk\/cs\/wp-json\/wp\/v2\/product\/13337","targetHints":{"allow":["GET"]}}],"collection":[{"href":"https:\/\/lanaja.sk\/cs\/wp-json\/wp\/v2\/product"}],"about":[{"href":"https:\/\/lanaja.sk\/cs\/wp-json\/wp\/v2\/types\/product"}],"version-history":[{"count":1,"href":"https:\/\/lanaja.sk\/cs\/wp-json\/wp\/v2\/product\/13337\/revisions"}],"predecessor-version":[{"id":16676,"href":"https:\/\/lanaja.sk\/cs\/wp-json\/wp\/v2\/product\/13337\/revisions\/16676"}],"wp:featuredmedia":[{"embeddable":true,"href":"https:\/\/lanaja.sk\/cs\/wp-json\/wp\/v2\/media\/7312"}],"wp:attachment":[{"href":"https:\/\/lanaja.sk\/cs\/wp-json\/wp\/v2\/media?parent=13337"}],"wp:term":[{"taxonomy":"product_brand","embeddable":true,"href":"https:\/\/lanaja.sk\/cs\/wp-json\/wp\/v2\/product_brand?post=13337"},{"taxonomy":"product_cat","embeddable":true,"href":"https:\/\/lanaja.sk\/cs\/wp-json\/wp\/v2\/product_cat?post=13337"},{"taxonomy":"product_tag","embeddable":true,"href":"https:\/\/lanaja.sk\/cs\/wp-json\/wp\/v2\/product_tag?post=13337"}],"curies":[{"name":"wp","href":"https:\/\/api.w.org\/{rel}","templated":true}]}}