{"id":13338,"date":"2021-11-13T15:04:12","date_gmt":"2021-11-13T14:04:12","guid":{"rendered":"https:\/\/lanaja.sk\/obchod\/neza\u0159azen\u00e9\/lneny-prehoz-v-15-barvach-2\/"},"modified":"2025-08-10T17:21:38","modified_gmt":"2025-08-10T15:21:38","slug":"lneny-prehoz-v-15-barvach-2","status":"publish","type":"product","link":"https:\/\/lanaja.sk\/cs\/obchod\/lneny-prehoz-v-15-barvach-2\/","title":{"rendered":"Ln\u011bn\u00fd p\u0159ehoz v 15 barv\u00e1ch"},"content":{"rendered":"<h2><strong>Ln\u011bn\u00fd p\u0159ehoz v 15 barv\u00e1ch<\/strong><\/h2>\n<p>&nbsp;<\/p>\n<p>Lo\u017enice je jedn\u00edm z nejintimn\u011bj\u0161\u00edch m\u00edst ve va\u0161em dom\u011b. Je to bezpe\u010dn\u00e9 \u00fato\u010di\u0161t\u011b pro relaxaci, \u010das pro sny, nov\u00e9 a kr\u00e1sn\u011bj\u0161\u00ed z\u00edt\u0159ky v podob\u011b slune\u010dn\u00fdch, ale i m\u00e9n\u011b slune\u010dn\u00fdch r\u00e1n. Barvy a vzory, materi\u00e1ly a textury ur\u010d\u00ed t\u00f3n, dojem a atmosf\u00e9ru m\u00edstnosti spolu s lo\u017en\u00edm pr\u00e1dlem. Kdy\u017e se zamysl\u00edte nad designem sv\u00e9 lo\u017enice a lo\u017en\u00edm pr\u00e1dlem, jako jsou prost\u011bradla, povle\u010den\u00ed, mal\u00e9 pol\u0161t\u00e1\u0159ky, zjist\u00edte, \u017ee jedn\u00edm z nejd\u016fle\u017eit\u011bj\u0161\u00edch prvk\u016f ka\u017ed\u00e9ho lo\u017en\u00edho pr\u00e1dla v lo\u017enici je i p\u0159ikr\u00fdvka postele, ln\u011bn\u00fd p\u0159ehoz.<\/p>\n<p>Velikosti vaflov\u00fdch p\u0159ehoz\u016f jsou na man\u017eelskou postel, jednopostel, ale i do d\u011btsk\u00e9 post\u00fdlky, vaflov\u00e9 p\u0159ehozy na postele jsou \u0161ity z jednoho kusu l\u00e1tky, nejsou spojovan\u00e9. Po cel\u00e9m obvodu jsou detailn\u011b pro\u0161it\u00e9, aby se po v\u00edcen\u00e1sobn\u00e9m pran\u00ed nep\u0159ekrucovaly po kraj\u00edch. Takto v\u00e1m budou p\u011bkn\u011b dr\u017eet tvar a dlouh\u00e1 l\u00e9ta v\u00e1s budou t\u011b\u0161it svou jedine\u010dnou strukturou.<\/p>\n<h4>Ln\u011bn\u00e9 vaflov\u00e9 p\u0159ehozy \u0161ijeme i na m\u00edru.<\/h4>\n<p>Ln\u011bn\u00fd p\u0159ehoz um\u00edme u\u0161\u00edt i p\u0159esn\u011b na m\u00edru, pokud jste si nena\u0161li svou velikost, napi\u0161te n\u00e1m, r\u00e1di v\u00e1m porad\u00edme. \u0160\u00ed\u0159ka p\u0159ehozu je omezena od 195 cm do 210 cm v z\u00e1vislosti na konkr\u00e9tn\u00ed barv\u011b.<\/p>\n<p>Materi\u00e1l: 53% len, 47% bavlna<\/p>\n<p>1. B\u00edl\u00e1<\/p>\n<p>2. Kr\u00e9mov\u011b-p\u00edskov\u00e1 (antick\u00e1 b\u00edl\u00e1)<\/p>\n<p>3. Tmav\u011b \u0161ed\u00e1<\/p>\n<p>4. Fialov\u00e1<\/p>\n<p>5. Sv\u011btle azurov\u00e1 (odst\u00edn jemn\u00e9 zeleno-modro-\u0161ed\u00e9)<\/p>\n<p>6. Sv\u011btle \u0161ed\u00e1<\/p>\n<p>7. Ocelov\u011b modr\u00e1<\/p>\n<p>8. Olivov\u011b \u017elut\u00e1<\/p>\n<p>9. R\u016f\u017eov\u00e1<\/p>\n<p>10. Sko\u0159ice<\/p>\n<p>11. Tmav\u011b modr\u00e1<\/p>\n<p>12. Zelenomodr\u00e1<\/p>\n<p>13. \u010cern\u00e1<\/p>\n<p>14. P\u0159\u00edrodn\u00ed<\/p>\n<p>15. Khaki zelen\u00e1<\/p>\n<p>&nbsp;<\/p>\n<p>Barvu si m\u016f\u017eete vybrat z 15 barev podle nov\u00e9ho vzorn\u00edku ln\u011bn\u00fdch vafl\u00ed, kter\u00fd najdete na fotk\u00e1ch. Sta\u010d\u00ed, kdy\u017e n\u00e1m do pozn\u00e1mky p\u0159i objedn\u00e1vce nap\u00ed\u0161ete v\u00e1mi zvolenou barvu, zda by se li\u0161ila od voliteln\u00fdch barev v rozbalovac\u00ed li\u0161t\u011b.<\/p>\n<p>Doporu\u010dujeme je zkombinovat s vaflov\u00fdmi povlaky na mal\u00e9 pol\u0161t\u00e1\u0159ky <a href=\"https:\/\/lanaja.sk\/cs\/kategorie-produktu\/loznice\/lnene-povleceni-cs\/lnene-povlaky-na-polstare\/\">ZDE.<\/a><\/p>\n<p><strong>Ln\u011bn\u00e9 v\u00fdrobky \u0161ijeme v na\u0161\u00ed d\u00edln\u011b podle va\u0161ich p\u0159edstav a na m\u00edru, proto je t\u0159eba po\u010d\u00edtat s dod\u00e1n\u00edm 5\u201315 pracovn\u00edch dn\u016f, v z\u00e1vislosti na konkr\u00e9tn\u00edm produktu.<\/strong><\/p>\n<p>V\u00edce o n\u00e1s, o Lanaja, z ka\u017edodenn\u00edho \u017eivota v na\u0161em ateli\u00e9ru a hodnocen\u00ed spokojen\u00fdch z\u00e1kazn\u00edk\u016f si m\u016f\u017eete prohl\u00e9dnout i na na\u0161ich soci\u00e1ln\u00edch s\u00edt\u00edch <a href=\"https:\/\/www.instagram.com\/lanaja_sk\" target=\"_blank\" rel=\"noopener\">Lanaja na Instagramu<\/a> a <a href=\"https:\/\/www.facebook.com\/Abreadbag\/\" target=\"_blank\" rel=\"noopener\">Lanaja na Facebooku.<\/a><\/p>\n","protected":false},"excerpt":{"rendered":"<p>Strukturovan\u00e9 ln\u011bn\u00e9 vaflov\u00e9 p\u0159ehozy se staly velmi obl\u00edben\u00e9, a to d\u00edky vysok\u00e9 kvalit\u011b, le\u017e\u00e9rn\u00edmu vzhledu, dlouh\u00e9 \u017eivotnosti, pohodl\u00ed a p\u0159edev\u0161\u00edm d\u00edky v\u0161estrann\u00e9mu zp\u016fsobu pou\u017eit\u00ed.<\/p>\n<p>Na\u0161e ln\u011bn\u00e9 p\u0159ehozy \u0161ijeme v\u011bt\u0161inou ze sm\u011bsi lnu a bavlny, abychom dos\u00e1hli maxim\u00e1ln\u00ed \u00farovn\u011b trvanlivosti, savosti a jemnosti. Vaflov\u00e1 l\u00e1tka je \u0161etrn\u00e1 k poko\u017ece a m\u00e1 hypoalergenn\u00ed vlastnosti. Len vyva\u017euje m\u011bkkost bavlny a vytv\u00e1\u0159\u00ed vysoce kvalitn\u00ed a trvanliv\u00fd materi\u00e1l, zat\u00edmco bavlna vyrovn\u00e1v\u00e1 tvrdost lnu, v\u00fdsledkem \u010deho\u017e je \u00fatuln\u00e1 a super m\u011bkk\u00e1 p\u0159ikr\u00fdvka. P\u0159ehozy se t\u011b\u0161\u00ed velk\u00e9 oblib\u011b i jako d\u011btsk\u00e9 deky, piknikov\u00e9 deky v men\u0161\u00edch velikostech a\u017e po velk\u00e9 velikosti na man\u017eelsk\u00e9 postele.<\/p>\n","protected":false},"featured_media":7174,"template":"","meta":[],"product_brand":[],"product_cat":[379,380],"product_tag":[406,407,382,381,405],"class_list":{"0":"post-13338","1":"product","2":"type-product","3":"status-publish","4":"has-post-thumbnail","6":"product_cat-lnene-prehozy","7":"product_cat-loznice","8":"product_tag-detska-deka-cs","9":"product_tag-dvojluzko","10":"product_tag-lnena-prikryvka","11":"product_tag-lneny-prehoz-na-postel","12":"product_tag-vaflovy-prehoz-na-postel","14":"first","15":"onbackorder","16":"shipping-taxable","17":"purchasable","18":"product-type-variable"},"yoast_head":"<!-- This site is optimized with the Yoast SEO plugin v27.4 - https:\/\/yoast.com\/product\/yoast-seo-wordpress\/ -->\n<title>Ln\u011bn\u00fd p\u0159ehoz v 15 barv\u00e1ch &#8226; Lanaja-slovensk\u00e1 udr\u017eiteln\u00e1 zna\u010dka a v\u00fdrobce ln\u011bn\u00e9ho textilu<\/title>\n<meta name=\"description\" content=\"Ln\u011bn\u00fd p\u0159ehoz um\u00edme u\u0161\u00edt i p\u0159esn\u011b na m\u00edru. Velikosti vaflov\u00fdch p\u0159ehoz\u016f jsou na man\u017eelskou postel, jednopostel, ale i do d\u011btsk\u00e9 post\u00fdlky.\" \/>\n<meta name=\"robots\" content=\"index, follow, max-snippet:-1, max-image-preview:large, max-video-preview:-1\" \/>\n<link rel=\"canonical\" href=\"https:\/\/lanaja.sk\/cs\/obchod\/lneny-prehoz-v-15-barvach-2\/\" \/>\n<meta property=\"og:locale\" content=\"cs_CZ\" \/>\n<meta property=\"og:type\" content=\"article\" \/>\n<meta property=\"og:title\" content=\"Ln\u011bn\u00fd p\u0159ehoz v 15 barv\u00e1ch &#8226; Lanaja-slovensk\u00e1 udr\u017eiteln\u00e1 zna\u010dka a v\u00fdrobce ln\u011bn\u00e9ho textilu\" \/>\n<meta property=\"og:description\" content=\"Ln\u011bn\u00fd p\u0159ehoz um\u00edme u\u0161\u00edt i p\u0159esn\u011b na m\u00edru. Velikosti vaflov\u00fdch p\u0159ehoz\u016f jsou na man\u017eelskou postel, jednopostel, ale i do d\u011btsk\u00e9 post\u00fdlky.\" \/>\n<meta property=\"og:url\" content=\"https:\/\/lanaja.sk\/cs\/obchod\/lneny-prehoz-v-15-barvach-2\/\" \/>\n<meta property=\"og:site_name\" content=\"Lanaja-slovensk\u00e1 udr\u017eiteln\u00e1 zna\u010dka a v\u00fdrobce ln\u011bn\u00e9ho textilu\" \/>\n<meta property=\"article:publisher\" content=\"https:\/\/www.facebook.com\/Abreadbag\" \/>\n<meta property=\"article:modified_time\" content=\"2025-08-10T15:21:38+00:00\" \/>\n<meta property=\"og:image\" content=\"https:\/\/lanaja.sk\/wp-content\/uploads\/2021\/11\/vaflovy\u0301-prehoz2-scaled-e1636812048369-jpg.webp\" \/>\n\t<meta property=\"og:image:width\" content=\"900\" \/>\n\t<meta property=\"og:image:height\" content=\"600\" \/>\n\t<meta property=\"og:image:type\" content=\"image\/jpeg\" \/>\n<meta name=\"twitter:card\" content=\"summary_large_image\" \/>\n<meta name=\"twitter:label1\" content=\"Odhadovan\u00e1 doba \u010dten\u00ed\" \/>\n\t<meta name=\"twitter:data1\" content=\"2 minuty\" \/>\n<script type=\"application\/ld+json\" class=\"yoast-schema-graph\">{\"@context\":\"https:\\\/\\\/schema.org\",\"@graph\":[{\"@type\":\"WebPage\",\"@id\":\"https:\\\/\\\/lanaja.sk\\\/cs\\\/obchod\\\/lneny-prehoz-v-15-barvach-2\\\/\",\"url\":\"https:\\\/\\\/lanaja.sk\\\/cs\\\/obchod\\\/lneny-prehoz-v-15-barvach-2\\\/\",\"name\":\"Ln\u011bn\u00fd p\u0159ehoz v 15 barv\u00e1ch &#8226; Lanaja-slovensk\u00e1 udr\u017eiteln\u00e1 zna\u010dka a v\u00fdrobce ln\u011bn\u00e9ho textilu\",\"isPartOf\":{\"@id\":\"https:\\\/\\\/lanaja.sk\\\/cs\\\/#website\"},\"primaryImageOfPage\":{\"@id\":\"https:\\\/\\\/lanaja.sk\\\/cs\\\/obchod\\\/lneny-prehoz-v-15-barvach-2\\\/#primaryimage\"},\"image\":{\"@id\":\"https:\\\/\\\/lanaja.sk\\\/cs\\\/obchod\\\/lneny-prehoz-v-15-barvach-2\\\/#primaryimage\"},\"thumbnailUrl\":\"https:\\\/\\\/lanaja.sk\\\/wp-content\\\/uploads\\\/2021\\\/11\\\/vaflovy\u0301-prehoz2-scaled-e1636812048369-jpg.webp\",\"datePublished\":\"2021-11-13T14:04:12+00:00\",\"dateModified\":\"2025-08-10T15:21:38+00:00\",\"description\":\"Ln\u011bn\u00fd p\u0159ehoz um\u00edme u\u0161\u00edt i p\u0159esn\u011b na m\u00edru. Velikosti vaflov\u00fdch p\u0159ehoz\u016f jsou na man\u017eelskou postel, jednopostel, ale i do d\u011btsk\u00e9 post\u00fdlky.\",\"breadcrumb\":{\"@id\":\"https:\\\/\\\/lanaja.sk\\\/cs\\\/obchod\\\/lneny-prehoz-v-15-barvach-2\\\/#breadcrumb\"},\"inLanguage\":\"cs\",\"potentialAction\":[{\"@type\":\"ReadAction\",\"target\":[\"https:\\\/\\\/lanaja.sk\\\/cs\\\/obchod\\\/lneny-prehoz-v-15-barvach-2\\\/\"]}]},{\"@type\":\"ImageObject\",\"inLanguage\":\"cs\",\"@id\":\"https:\\\/\\\/lanaja.sk\\\/cs\\\/obchod\\\/lneny-prehoz-v-15-barvach-2\\\/#primaryimage\",\"url\":\"https:\\\/\\\/lanaja.sk\\\/wp-content\\\/uploads\\\/2021\\\/11\\\/vaflovy\u0301-prehoz2-scaled-e1636812048369-jpg.webp\",\"contentUrl\":\"https:\\\/\\\/lanaja.sk\\\/wp-content\\\/uploads\\\/2021\\\/11\\\/vaflovy\u0301-prehoz2-scaled-e1636812048369-jpg.webp\",\"width\":900,\"height\":600,\"caption\":\"prehoz na poste\u013e\"},{\"@type\":\"BreadcrumbList\",\"@id\":\"https:\\\/\\\/lanaja.sk\\\/cs\\\/obchod\\\/lneny-prehoz-v-15-barvach-2\\\/#breadcrumb\",\"itemListElement\":[{\"@type\":\"ListItem\",\"position\":1,\"name\":\"Home\",\"item\":\"https:\\\/\\\/lanaja.sk\\\/cs\\\/\"},{\"@type\":\"ListItem\",\"position\":2,\"name\":\"Obchod\",\"item\":\"https:\\\/\\\/lanaja.sk\\\/cs\\\/obchod-cz\\\/\"},{\"@type\":\"ListItem\",\"position\":3,\"name\":\"Ln\u011bn\u00fd p\u0159ehoz v 15 barv\u00e1ch\"}]},{\"@type\":\"WebSite\",\"@id\":\"https:\\\/\\\/lanaja.sk\\\/cs\\\/#website\",\"url\":\"https:\\\/\\\/lanaja.sk\\\/cs\\\/\",\"name\":\"Lanaja - bytov\u00fd textil z \u013eanu a \u013eanov\u00e9 v\u00fdrobky\",\"description\":\"Jedine\u010dn\u00fd bytov\u00fd textil, ln\u011bn\u00e9 pytl\u00edky, ln\u011bn\u00e9 ubrusy, ln\u011bn\u00e9 lo\u017en\u00ed povle\u010den\u00ed, ln\u011bn\u00e9 ut\u011brky, ln\u011bn\u00e9 prost\u00edr\u00e1n\u00ed vyroben\u00e9 a \u0161it\u00e9 na Slovensku\",\"publisher\":{\"@id\":\"https:\\\/\\\/lanaja.sk\\\/cs\\\/#organization\"},\"alternateName\":\"Lanaja - v\u00fdrobky z \u013eanu, \u013eanov\u00fd bytov\u00fd textil\",\"potentialAction\":[{\"@type\":\"SearchAction\",\"target\":{\"@type\":\"EntryPoint\",\"urlTemplate\":\"https:\\\/\\\/lanaja.sk\\\/cs\\\/?s={search_term_string}\"},\"query-input\":{\"@type\":\"PropertyValueSpecification\",\"valueRequired\":true,\"valueName\":\"search_term_string\"}}],\"inLanguage\":\"cs\"},{\"@type\":\"Organization\",\"@id\":\"https:\\\/\\\/lanaja.sk\\\/cs\\\/#organization\",\"name\":\"Lanaja\",\"alternateName\":\"Al\u017ebeta Andr\u00e1\u0161ikov\u00e1 - Lanaja\",\"url\":\"https:\\\/\\\/lanaja.sk\\\/cs\\\/\",\"logo\":{\"@type\":\"ImageObject\",\"inLanguage\":\"cs\",\"@id\":\"https:\\\/\\\/lanaja.sk\\\/cs\\\/#\\\/schema\\\/logo\\\/image\\\/\",\"url\":\"https:\\\/\\\/lanaja.sk\\\/wp-content\\\/uploads\\\/2024\\\/01\\\/Lanaja.sk-logo.png\",\"contentUrl\":\"https:\\\/\\\/lanaja.sk\\\/wp-content\\\/uploads\\\/2024\\\/01\\\/Lanaja.sk-logo.png\",\"width\":600,\"height\":300,\"caption\":\"Lanaja\"},\"image\":{\"@id\":\"https:\\\/\\\/lanaja.sk\\\/cs\\\/#\\\/schema\\\/logo\\\/image\\\/\"},\"sameAs\":[\"https:\\\/\\\/www.facebook.com\\\/Abreadbag\",\"https:\\\/\\\/www.instagram.com\\\/lanaja_sk\\\/\"]}]}<\/script>\n<!-- \/ Yoast SEO plugin. -->","yoast_head_json":{"title":"Ln\u011bn\u00fd p\u0159ehoz v 15 barv\u00e1ch &#8226; Lanaja-slovensk\u00e1 udr\u017eiteln\u00e1 zna\u010dka a v\u00fdrobce ln\u011bn\u00e9ho textilu","description":"Ln\u011bn\u00fd p\u0159ehoz um\u00edme u\u0161\u00edt i p\u0159esn\u011b na m\u00edru. Velikosti vaflov\u00fdch p\u0159ehoz\u016f jsou na man\u017eelskou postel, jednopostel, ale i do d\u011btsk\u00e9 post\u00fdlky.","robots":{"index":"index","follow":"follow","max-snippet":"max-snippet:-1","max-image-preview":"max-image-preview:large","max-video-preview":"max-video-preview:-1"},"canonical":"https:\/\/lanaja.sk\/cs\/obchod\/lneny-prehoz-v-15-barvach-2\/","og_locale":"cs_CZ","og_type":"article","og_title":"Ln\u011bn\u00fd p\u0159ehoz v 15 barv\u00e1ch &#8226; Lanaja-slovensk\u00e1 udr\u017eiteln\u00e1 zna\u010dka a v\u00fdrobce ln\u011bn\u00e9ho textilu","og_description":"Ln\u011bn\u00fd p\u0159ehoz um\u00edme u\u0161\u00edt i p\u0159esn\u011b na m\u00edru. Velikosti vaflov\u00fdch p\u0159ehoz\u016f jsou na man\u017eelskou postel, jednopostel, ale i do d\u011btsk\u00e9 post\u00fdlky.","og_url":"https:\/\/lanaja.sk\/cs\/obchod\/lneny-prehoz-v-15-barvach-2\/","og_site_name":"Lanaja-slovensk\u00e1 udr\u017eiteln\u00e1 zna\u010dka a v\u00fdrobce ln\u011bn\u00e9ho textilu","article_publisher":"https:\/\/www.facebook.com\/Abreadbag","article_modified_time":"2025-08-10T15:21:38+00:00","og_image":[{"width":900,"height":600,"url":"https:\/\/lanaja.sk\/wp-content\/uploads\/2021\/11\/vaflovy\u0301-prehoz2-scaled-e1636812048369-jpg.webp","type":"image\/jpeg"}],"twitter_card":"summary_large_image","twitter_misc":{"Odhadovan\u00e1 doba \u010dten\u00ed":"2 minuty"},"schema":{"@context":"https:\/\/schema.org","@graph":[{"@type":"WebPage","@id":"https:\/\/lanaja.sk\/cs\/obchod\/lneny-prehoz-v-15-barvach-2\/","url":"https:\/\/lanaja.sk\/cs\/obchod\/lneny-prehoz-v-15-barvach-2\/","name":"Ln\u011bn\u00fd p\u0159ehoz v 15 barv\u00e1ch &#8226; Lanaja-slovensk\u00e1 udr\u017eiteln\u00e1 zna\u010dka a v\u00fdrobce ln\u011bn\u00e9ho textilu","isPartOf":{"@id":"https:\/\/lanaja.sk\/cs\/#website"},"primaryImageOfPage":{"@id":"https:\/\/lanaja.sk\/cs\/obchod\/lneny-prehoz-v-15-barvach-2\/#primaryimage"},"image":{"@id":"https:\/\/lanaja.sk\/cs\/obchod\/lneny-prehoz-v-15-barvach-2\/#primaryimage"},"thumbnailUrl":"https:\/\/lanaja.sk\/wp-content\/uploads\/2021\/11\/vaflovy\u0301-prehoz2-scaled-e1636812048369-jpg.webp","datePublished":"2021-11-13T14:04:12+00:00","dateModified":"2025-08-10T15:21:38+00:00","description":"Ln\u011bn\u00fd p\u0159ehoz um\u00edme u\u0161\u00edt i p\u0159esn\u011b na m\u00edru. Velikosti vaflov\u00fdch p\u0159ehoz\u016f jsou na man\u017eelskou postel, jednopostel, ale i do d\u011btsk\u00e9 post\u00fdlky.","breadcrumb":{"@id":"https:\/\/lanaja.sk\/cs\/obchod\/lneny-prehoz-v-15-barvach-2\/#breadcrumb"},"inLanguage":"cs","potentialAction":[{"@type":"ReadAction","target":["https:\/\/lanaja.sk\/cs\/obchod\/lneny-prehoz-v-15-barvach-2\/"]}]},{"@type":"ImageObject","inLanguage":"cs","@id":"https:\/\/lanaja.sk\/cs\/obchod\/lneny-prehoz-v-15-barvach-2\/#primaryimage","url":"https:\/\/lanaja.sk\/wp-content\/uploads\/2021\/11\/vaflovy\u0301-prehoz2-scaled-e1636812048369-jpg.webp","contentUrl":"https:\/\/lanaja.sk\/wp-content\/uploads\/2021\/11\/vaflovy\u0301-prehoz2-scaled-e1636812048369-jpg.webp","width":900,"height":600,"caption":"prehoz na poste\u013e"},{"@type":"BreadcrumbList","@id":"https:\/\/lanaja.sk\/cs\/obchod\/lneny-prehoz-v-15-barvach-2\/#breadcrumb","itemListElement":[{"@type":"ListItem","position":1,"name":"Home","item":"https:\/\/lanaja.sk\/cs\/"},{"@type":"ListItem","position":2,"name":"Obchod","item":"https:\/\/lanaja.sk\/cs\/obchod-cz\/"},{"@type":"ListItem","position":3,"name":"Ln\u011bn\u00fd p\u0159ehoz v 15 barv\u00e1ch"}]},{"@type":"WebSite","@id":"https:\/\/lanaja.sk\/cs\/#website","url":"https:\/\/lanaja.sk\/cs\/","name":"Lanaja - bytov\u00fd textil z \u013eanu a \u013eanov\u00e9 v\u00fdrobky","description":"Jedine\u010dn\u00fd bytov\u00fd textil, ln\u011bn\u00e9 pytl\u00edky, ln\u011bn\u00e9 ubrusy, ln\u011bn\u00e9 lo\u017en\u00ed povle\u010den\u00ed, ln\u011bn\u00e9 ut\u011brky, ln\u011bn\u00e9 prost\u00edr\u00e1n\u00ed vyroben\u00e9 a \u0161it\u00e9 na Slovensku","publisher":{"@id":"https:\/\/lanaja.sk\/cs\/#organization"},"alternateName":"Lanaja - v\u00fdrobky z \u013eanu, \u013eanov\u00fd bytov\u00fd textil","potentialAction":[{"@type":"SearchAction","target":{"@type":"EntryPoint","urlTemplate":"https:\/\/lanaja.sk\/cs\/?s={search_term_string}"},"query-input":{"@type":"PropertyValueSpecification","valueRequired":true,"valueName":"search_term_string"}}],"inLanguage":"cs"},{"@type":"Organization","@id":"https:\/\/lanaja.sk\/cs\/#organization","name":"Lanaja","alternateName":"Al\u017ebeta Andr\u00e1\u0161ikov\u00e1 - Lanaja","url":"https:\/\/lanaja.sk\/cs\/","logo":{"@type":"ImageObject","inLanguage":"cs","@id":"https:\/\/lanaja.sk\/cs\/#\/schema\/logo\/image\/","url":"https:\/\/lanaja.sk\/wp-content\/uploads\/2024\/01\/Lanaja.sk-logo.png","contentUrl":"https:\/\/lanaja.sk\/wp-content\/uploads\/2024\/01\/Lanaja.sk-logo.png","width":600,"height":300,"caption":"Lanaja"},"image":{"@id":"https:\/\/lanaja.sk\/cs\/#\/schema\/logo\/image\/"},"sameAs":["https:\/\/www.facebook.com\/Abreadbag","https:\/\/www.instagram.com\/lanaja_sk\/"]}]}},"_links":{"self":[{"href":"https:\/\/lanaja.sk\/cs\/wp-json\/wp\/v2\/product\/13338","targetHints":{"allow":["GET"]}}],"collection":[{"href":"https:\/\/lanaja.sk\/cs\/wp-json\/wp\/v2\/product"}],"about":[{"href":"https:\/\/lanaja.sk\/cs\/wp-json\/wp\/v2\/types\/product"}],"version-history":[{"count":1,"href":"https:\/\/lanaja.sk\/cs\/wp-json\/wp\/v2\/product\/13338\/revisions"}],"predecessor-version":[{"id":16533,"href":"https:\/\/lanaja.sk\/cs\/wp-json\/wp\/v2\/product\/13338\/revisions\/16533"}],"wp:featuredmedia":[{"embeddable":true,"href":"https:\/\/lanaja.sk\/cs\/wp-json\/wp\/v2\/media\/7174"}],"wp:attachment":[{"href":"https:\/\/lanaja.sk\/cs\/wp-json\/wp\/v2\/media?parent=13338"}],"wp:term":[{"taxonomy":"product_brand","embeddable":true,"href":"https:\/\/lanaja.sk\/cs\/wp-json\/wp\/v2\/product_brand?post=13338"},{"taxonomy":"product_cat","embeddable":true,"href":"https:\/\/lanaja.sk\/cs\/wp-json\/wp\/v2\/product_cat?post=13338"},{"taxonomy":"product_tag","embeddable":true,"href":"https:\/\/lanaja.sk\/cs\/wp-json\/wp\/v2\/product_tag?post=13338"}],"curies":[{"name":"wp","href":"https:\/\/api.w.org\/{rel}","templated":true}]}}