{"id":13339,"date":"2022-02-02T10:03:06","date_gmt":"2022-02-02T09:03:06","guid":{"rendered":"https:\/\/lanaja.sk\/obchod\/neza\u0159azen\u00e9\/lneny-frote-rucnik\/"},"modified":"2025-07-16T13:05:04","modified_gmt":"2025-07-16T11:05:04","slug":"lneny-frote-rucnik","status":"publish","type":"product","link":"https:\/\/lanaja.sk\/cs\/obchod\/lneny-frote-rucnik\/","title":{"rendered":"Ln\u011bn\u00e1 frot\u00e9 osu\u0161ka"},"content":{"rendered":"<h2><strong>Ln\u011bn\u00e1 frot\u00e9 osu\u0161ka<\/strong><\/h2>\n<p>Ln\u011bn\u00e9 frot\u00e9 osu\u0161ky maj\u00ed rafinovan\u00fd a z\u00e1rove\u0148 jedine\u010dn\u00fd vzhled, jsou lehk\u00e9, m\u011bkk\u00e9 a z\u00e1rove\u0148 pevn\u00e9. Jedna strana v\u00e1s pot\u011b\u0161\u00ed podkladem ve sv\u011btl\u00e9m b\u00e9\u017eov\u00e9m odst\u00ednu a druh\u00e1 strana je naopak zkombinovan\u00e1 s podkladem v p\u0159\u00edrodn\u00ed nebarven\u00e9 hn\u011bd\u00e9 barv\u011b.<\/p>\n<p>V na\u0161\u00ed d\u00edln\u011b \u0161ijeme ru\u010dn\u00edky a osu\u0161ky p\u0159ev\u00e1\u017en\u011b ze sm\u011bsi lnu a bavlny, abychom dos\u00e1hli maxim\u00e1ln\u00ed odolnosti, savosti a m\u011bkkosti. M\u016f\u017eete si zkombinovat vlastn\u00ed sadu ru\u010dn\u00edk\u016f a ru\u010dn\u00edk\u016f, p\u0159ijde v\u00e1m zabalen\u00e1 v d\u00e1rkov\u00e9 krabi\u010dce, stejn\u011b jako v\u0161echny produkty od n\u00e1s.<\/p>\n<p><strong>V\u0161echny ln\u011bn\u00e9 tkaniny jsou certifikov\u00e1ny <\/strong>OEKO-TEX STANDART 100. vyrobeno v Evrop\u011b.<\/p>\n<p>Ln\u011bn\u00e1 frot\u00e9 osu\u0161ka je u\u0161ita z p\u0159\u00edrodn\u00edho lnu: 80% len, 20% bavlna, gram\u00e1\u017e 500g\/m2<\/p>\n<p>Len m\u00e1 tu fantastickou vlastnost, \u017ee absorbuje a\u017e o 40 % v\u00edce vlhkosti ne\u017e bavlna a jin\u00e9 materi\u00e1ly, a z\u00e1rove\u0148, proto\u017ee jeho vl\u00e1kna jsou dut\u00e1, ji <strong>rychleji odpa\u0159uje<\/strong>. Len je <strong>je antistatick\u00fd, nep\u0159itahuje prach a d\u00edky p\u0159irozen\u00e9 rovnov\u00e1ze pH dokonce pom\u00e1h\u00e1 zjem\u0148ovat a chr\u00e1nit poko\u017eku.<\/strong> Ln\u011bn\u00e1 tkanina je n\u011bkolikr\u00e1t <strong>pevn\u011bj\u0161\u00ed ne\u017e bavlna<\/strong>,  <strong>Je trvanliv\u00e1 a pou\u017e\u00edv\u00e1n\u00ed takov\u00fdch v\u00fdrobk\u016f je dlouholet\u00e1 z\u00e1ruka spokojenosti.<\/strong>, \u010d\u00edm \u010dast\u011bji budete ln\u011bn\u00e9 osu\u0161ky a ru\u010dn\u00edky pr\u00e1t, t\u00edm budou m\u011bk\u010d\u00ed a kr\u00e1sn\u011bj\u0161\u00ed. Proto se nemus\u00edte b\u00e1t vy\u0161\u0161\u00ed investice, kter\u00e1 v\u00e1m a va\u0161\u00ed rodin\u011b zaru\u010d\u00ed zdrav\u011bj\u0161\u00ed sp\u00e1nek na dlouh\u00e1 l\u00e9ta a v neposledn\u00ed \u0159ad\u011b vytvo\u0159\u00edte pro sebe a sv\u00e9 bl\u00edzk\u00e9 bezpe\u010dn\u011bj\u0161\u00ed a zdrav\u011bj\u0161\u00ed domov. Ln\u011bn\u00e1 l\u00e1tka m\u00e1 <strong>lehk\u00fd mas\u00e1\u017en\u00ed \u00fa\u010dinek<\/strong> d\u00edky mikroskopick\u00fdm zlom\u016fm na sv\u00e9m vn\u011bj\u0161\u00edm povrchu. Jej\u00ed nepravideln\u00fd, hrub\u0161\u00ed povrch s malink\u00fdmi hrudkami a vr\u00e1s\u010ditou strukturou v\u00e1m zajist\u00ed mas\u00e1\u017e, stimuluje pr\u016ftok krve a podpo\u0159\u00ed relaxaci. D\u00edky <strong>jedine\u010dn\u00e9 filtraci, schopnosti odol\u00e1vat bakteri\u00edm, prody\u0161nosti, absorpci a odpa\u0159ov\u00e1n\u00ed vlhkosti je len zn\u00e1m\u00fd jako antialergick\u00fd materi\u00e1l.<\/strong> Je doporu\u010dov\u00e1n pro <strong>lidi s ko\u017en\u00edmi onemocn\u011bn\u00edmi, alergiky a je vhodn\u00fd i pro mal\u00e9 d\u011bti.<\/strong> M\u00e1 vysokou schopnost <strong>potla\u010dit bakterie, rozto\u010de a pl\u00edsn\u011b a je vysoce repelentn\u00ed v\u016f\u010di hmyzu.<\/strong> Len je \u0161etrn\u00fd k \u017eivotn\u00edmu prost\u0159ed\u00ed, z\u00e1rove\u0148 je obnoviteln\u00fdm zdrojem, p\u0159i jeho p\u011bstov\u00e1n\u00ed se nepou\u017e\u00edvaj\u00ed \u017e\u00e1dn\u00e1 hnojiva a nepot\u0159ebuje \u017e\u00e1dn\u00e9 z\u00e1vlahy, len je tak\u00e9 pln\u011b biologicky odbourateln\u00fd.<\/p>\n<p class=\"article\"><strong>Velikost: ln\u011bn\u00e1 frot\u00e9 osu\u0161ka cca <\/strong> 135 \u00d7 65 cm<\/p>\n<p>Fotografie: autorsk\u00e1 fotografie Lanaja s p\u0159idan\u00fdmi produkty p\u0159\u00edrodn\u00ed slovensk\u00e9 kosmetiky <a href=\"https:\/\/www.soaphoria.sk\/sk\/botanica-slavica-premium\/946-obnovujuci-cistiaci-gel-s-ochrannym-komplexom-premium.html\" target=\"_blank\" rel=\"noopener\">SOAPHORIA<\/a><\/p>\n<p><strong>Po\u010d\u00edtejte s dodac\u00ed lh\u016ftou 5-15 pracovn\u00edch dn\u016f, pokud nem\u00e1me produkt \u0161it\u00fd skladem, ru\u010dn\u00ed pr\u00e1ce vy\u017eaduje n\u00e1\u0161 \u010das. Ln\u011bn\u00e9 v\u00fdrobky \u0161ijeme v na\u0161\u00ed d\u00edln\u011b dle Va\u0161eho p\u0159\u00e1n\u00ed a na m\u00edru v z\u00e1vislosti na konkr\u00e9tn\u00edm v\u00fdrobku.<\/strong><\/p>\n<p>&nbsp;<\/p>\n","protected":false},"excerpt":{"rendered":"<p>Ln\u011bn\u00e9 frot\u00e9 osu\u0161ky maj\u00ed rafinovan\u00fd a z\u00e1rove\u0148 jedine\u010dn\u00fd vzhled, jsou lehk\u00e9, m\u011bkk\u00e9 a pevn\u00e9 z\u00e1rove\u0148. Jedna strana v\u00e1s pot\u011b\u0161\u00ed podkladem ve sv\u011btl\u00e9m b\u00e9\u017eov\u00e9m odst\u00ednu a druh\u00e1 strana je naopak zkombinovan\u00e1 s podkladem v p\u0159\u00edrodn\u00ed nebarven\u00e9 hn\u011bd\u00e9 barv\u011b.<\/p>\n","protected":false},"featured_media":7224,"template":"","meta":[],"product_brand":[],"product_cat":[389,184],"product_tag":[408,354],"class_list":{"0":"post-13339","1":"product","2":"type-product","3":"status-publish","4":"has-post-thumbnail","6":"product_cat-koupelna","7":"product_cat-lnene-rucniky-osusky","8":"product_tag-lneny-frote-rucnik","9":"product_tag-lneny-rucnik-cs-2","11":"first","12":"onbackorder","13":"shipping-taxable","14":"purchasable","15":"product-type-simple"},"yoast_head":"<!-- This site is optimized with the Yoast SEO plugin v27.4 - https:\/\/yoast.com\/product\/yoast-seo-wordpress\/ -->\n<title>Ln\u011bn\u00e1 frot\u00e9 osu\u0161ka &#8226; Lanaja-slovensk\u00e1 udr\u017eiteln\u00e1 zna\u010dka a v\u00fdrobce ln\u011bn\u00e9ho textilu<\/title>\n<meta name=\"description\" content=\"Ln\u011bn\u00e1 frot\u00e9 osu\u0161ka je u\u0161ita v na\u0161\u00ed d\u00edln\u011b z p\u0159\u00edrodn\u00ed ln\u011bn\u00e9 l\u00e1tky: 80 % len, 20 % bavlna, gram\u00e1\u017e 500 g\/m2, certifikovan\u00fd evropsk\u00fd len...\" \/>\n<meta name=\"robots\" content=\"index, follow, max-snippet:-1, max-image-preview:large, max-video-preview:-1\" \/>\n<link rel=\"canonical\" href=\"https:\/\/lanaja.sk\/cs\/obchod\/lneny-frote-rucnik\/\" \/>\n<meta property=\"og:locale\" content=\"cs_CZ\" \/>\n<meta property=\"og:type\" content=\"article\" \/>\n<meta property=\"og:title\" content=\"Ln\u011bn\u00e1 frot\u00e9 osu\u0161ka &#8226; Lanaja-slovensk\u00e1 udr\u017eiteln\u00e1 zna\u010dka a v\u00fdrobce ln\u011bn\u00e9ho textilu\" \/>\n<meta property=\"og:description\" content=\"Ln\u011bn\u00e1 frot\u00e9 osu\u0161ka je u\u0161ita v na\u0161\u00ed d\u00edln\u011b z p\u0159\u00edrodn\u00ed ln\u011bn\u00e9 l\u00e1tky: 80 % len, 20 % bavlna, gram\u00e1\u017e 500 g\/m2, certifikovan\u00fd evropsk\u00fd len...\" \/>\n<meta property=\"og:url\" content=\"https:\/\/lanaja.sk\/cs\/obchod\/lneny-frote-rucnik\/\" \/>\n<meta property=\"og:site_name\" content=\"Lanaja-slovensk\u00e1 udr\u017eiteln\u00e1 zna\u010dka a v\u00fdrobce ln\u011bn\u00e9ho textilu\" \/>\n<meta property=\"article:publisher\" content=\"https:\/\/www.facebook.com\/Abreadbag\" \/>\n<meta property=\"article:modified_time\" content=\"2025-07-16T11:05:04+00:00\" \/>\n<meta property=\"og:image\" content=\"https:\/\/lanaja.sk\/wp-content\/uploads\/2022\/02\/frote-lanove-osusky3-scaled-e1643792512950-jpg.webp\" \/>\n\t<meta property=\"og:image:width\" content=\"850\" \/>\n\t<meta property=\"og:image:height\" content=\"613\" \/>\n\t<meta property=\"og:image:type\" content=\"image\/jpeg\" \/>\n<meta name=\"twitter:card\" content=\"summary_large_image\" \/>\n<meta name=\"twitter:label1\" content=\"Odhadovan\u00e1 doba \u010dten\u00ed\" \/>\n\t<meta name=\"twitter:data1\" content=\"3 minuty\" \/>\n<script type=\"application\/ld+json\" class=\"yoast-schema-graph\">{\"@context\":\"https:\\\/\\\/schema.org\",\"@graph\":[{\"@type\":\"WebPage\",\"@id\":\"https:\\\/\\\/lanaja.sk\\\/cs\\\/obchod\\\/lneny-frote-rucnik\\\/\",\"url\":\"https:\\\/\\\/lanaja.sk\\\/cs\\\/obchod\\\/lneny-frote-rucnik\\\/\",\"name\":\"Ln\u011bn\u00e1 frot\u00e9 osu\u0161ka &#8226; Lanaja-slovensk\u00e1 udr\u017eiteln\u00e1 zna\u010dka a v\u00fdrobce ln\u011bn\u00e9ho textilu\",\"isPartOf\":{\"@id\":\"https:\\\/\\\/lanaja.sk\\\/cs\\\/#website\"},\"primaryImageOfPage\":{\"@id\":\"https:\\\/\\\/lanaja.sk\\\/cs\\\/obchod\\\/lneny-frote-rucnik\\\/#primaryimage\"},\"image\":{\"@id\":\"https:\\\/\\\/lanaja.sk\\\/cs\\\/obchod\\\/lneny-frote-rucnik\\\/#primaryimage\"},\"thumbnailUrl\":\"https:\\\/\\\/lanaja.sk\\\/wp-content\\\/uploads\\\/2022\\\/02\\\/frote-lanove-osusky3-scaled-e1643792512950-jpg.webp\",\"datePublished\":\"2022-02-02T09:03:06+00:00\",\"dateModified\":\"2025-07-16T11:05:04+00:00\",\"description\":\"Ln\u011bn\u00e1 frot\u00e9 osu\u0161ka je u\u0161ita v na\u0161\u00ed d\u00edln\u011b z p\u0159\u00edrodn\u00ed ln\u011bn\u00e9 l\u00e1tky: 80 % len, 20 % bavlna, gram\u00e1\u017e 500 g\\\/m2, certifikovan\u00fd evropsk\u00fd len...\",\"breadcrumb\":{\"@id\":\"https:\\\/\\\/lanaja.sk\\\/cs\\\/obchod\\\/lneny-frote-rucnik\\\/#breadcrumb\"},\"inLanguage\":\"cs\",\"potentialAction\":[{\"@type\":\"ReadAction\",\"target\":[\"https:\\\/\\\/lanaja.sk\\\/cs\\\/obchod\\\/lneny-frote-rucnik\\\/\"]}]},{\"@type\":\"ImageObject\",\"inLanguage\":\"cs\",\"@id\":\"https:\\\/\\\/lanaja.sk\\\/cs\\\/obchod\\\/lneny-frote-rucnik\\\/#primaryimage\",\"url\":\"https:\\\/\\\/lanaja.sk\\\/wp-content\\\/uploads\\\/2022\\\/02\\\/frote-lanove-osusky3-scaled-e1643792512950-jpg.webp\",\"contentUrl\":\"https:\\\/\\\/lanaja.sk\\\/wp-content\\\/uploads\\\/2022\\\/02\\\/frote-lanove-osusky3-scaled-e1643792512950-jpg.webp\",\"width\":850,\"height\":613,\"caption\":\"frot\u00e9 osu\u0161ka\"},{\"@type\":\"BreadcrumbList\",\"@id\":\"https:\\\/\\\/lanaja.sk\\\/cs\\\/obchod\\\/lneny-frote-rucnik\\\/#breadcrumb\",\"itemListElement\":[{\"@type\":\"ListItem\",\"position\":1,\"name\":\"Home\",\"item\":\"https:\\\/\\\/lanaja.sk\\\/cs\\\/\"},{\"@type\":\"ListItem\",\"position\":2,\"name\":\"Obchod\",\"item\":\"https:\\\/\\\/lanaja.sk\\\/cs\\\/obchod-cz\\\/\"},{\"@type\":\"ListItem\",\"position\":3,\"name\":\"Ln\u011bn\u00e1 frot\u00e9 osu\u0161ka\"}]},{\"@type\":\"WebSite\",\"@id\":\"https:\\\/\\\/lanaja.sk\\\/cs\\\/#website\",\"url\":\"https:\\\/\\\/lanaja.sk\\\/cs\\\/\",\"name\":\"Lanaja - bytov\u00fd textil z \u013eanu a \u013eanov\u00e9 v\u00fdrobky\",\"description\":\"Jedine\u010dn\u00fd bytov\u00fd textil, ln\u011bn\u00e9 pytl\u00edky, ln\u011bn\u00e9 ubrusy, ln\u011bn\u00e9 lo\u017en\u00ed povle\u010den\u00ed, ln\u011bn\u00e9 ut\u011brky, ln\u011bn\u00e9 prost\u00edr\u00e1n\u00ed vyroben\u00e9 a \u0161it\u00e9 na Slovensku\",\"publisher\":{\"@id\":\"https:\\\/\\\/lanaja.sk\\\/cs\\\/#organization\"},\"alternateName\":\"Lanaja - v\u00fdrobky z \u013eanu, \u013eanov\u00fd bytov\u00fd textil\",\"potentialAction\":[{\"@type\":\"SearchAction\",\"target\":{\"@type\":\"EntryPoint\",\"urlTemplate\":\"https:\\\/\\\/lanaja.sk\\\/cs\\\/?s={search_term_string}\"},\"query-input\":{\"@type\":\"PropertyValueSpecification\",\"valueRequired\":true,\"valueName\":\"search_term_string\"}}],\"inLanguage\":\"cs\"},{\"@type\":\"Organization\",\"@id\":\"https:\\\/\\\/lanaja.sk\\\/cs\\\/#organization\",\"name\":\"Lanaja\",\"alternateName\":\"Al\u017ebeta Andr\u00e1\u0161ikov\u00e1 - Lanaja\",\"url\":\"https:\\\/\\\/lanaja.sk\\\/cs\\\/\",\"logo\":{\"@type\":\"ImageObject\",\"inLanguage\":\"cs\",\"@id\":\"https:\\\/\\\/lanaja.sk\\\/cs\\\/#\\\/schema\\\/logo\\\/image\\\/\",\"url\":\"https:\\\/\\\/lanaja.sk\\\/wp-content\\\/uploads\\\/2024\\\/01\\\/Lanaja.sk-logo.png\",\"contentUrl\":\"https:\\\/\\\/lanaja.sk\\\/wp-content\\\/uploads\\\/2024\\\/01\\\/Lanaja.sk-logo.png\",\"width\":600,\"height\":300,\"caption\":\"Lanaja\"},\"image\":{\"@id\":\"https:\\\/\\\/lanaja.sk\\\/cs\\\/#\\\/schema\\\/logo\\\/image\\\/\"},\"sameAs\":[\"https:\\\/\\\/www.facebook.com\\\/Abreadbag\",\"https:\\\/\\\/www.instagram.com\\\/lanaja_sk\\\/\"]}]}<\/script>\n<!-- \/ Yoast SEO plugin. -->","yoast_head_json":{"title":"Ln\u011bn\u00e1 frot\u00e9 osu\u0161ka &#8226; Lanaja-slovensk\u00e1 udr\u017eiteln\u00e1 zna\u010dka a v\u00fdrobce ln\u011bn\u00e9ho textilu","description":"Ln\u011bn\u00e1 frot\u00e9 osu\u0161ka je u\u0161ita v na\u0161\u00ed d\u00edln\u011b z p\u0159\u00edrodn\u00ed ln\u011bn\u00e9 l\u00e1tky: 80 % len, 20 % bavlna, gram\u00e1\u017e 500 g\/m2, certifikovan\u00fd evropsk\u00fd len...","robots":{"index":"index","follow":"follow","max-snippet":"max-snippet:-1","max-image-preview":"max-image-preview:large","max-video-preview":"max-video-preview:-1"},"canonical":"https:\/\/lanaja.sk\/cs\/obchod\/lneny-frote-rucnik\/","og_locale":"cs_CZ","og_type":"article","og_title":"Ln\u011bn\u00e1 frot\u00e9 osu\u0161ka &#8226; Lanaja-slovensk\u00e1 udr\u017eiteln\u00e1 zna\u010dka a v\u00fdrobce ln\u011bn\u00e9ho textilu","og_description":"Ln\u011bn\u00e1 frot\u00e9 osu\u0161ka je u\u0161ita v na\u0161\u00ed d\u00edln\u011b z p\u0159\u00edrodn\u00ed ln\u011bn\u00e9 l\u00e1tky: 80 % len, 20 % bavlna, gram\u00e1\u017e 500 g\/m2, certifikovan\u00fd evropsk\u00fd len...","og_url":"https:\/\/lanaja.sk\/cs\/obchod\/lneny-frote-rucnik\/","og_site_name":"Lanaja-slovensk\u00e1 udr\u017eiteln\u00e1 zna\u010dka a v\u00fdrobce ln\u011bn\u00e9ho textilu","article_publisher":"https:\/\/www.facebook.com\/Abreadbag","article_modified_time":"2025-07-16T11:05:04+00:00","og_image":[{"width":850,"height":613,"url":"https:\/\/lanaja.sk\/wp-content\/uploads\/2022\/02\/frote-lanove-osusky3-scaled-e1643792512950-jpg.webp","type":"image\/jpeg"}],"twitter_card":"summary_large_image","twitter_misc":{"Odhadovan\u00e1 doba \u010dten\u00ed":"3 minuty"},"schema":{"@context":"https:\/\/schema.org","@graph":[{"@type":"WebPage","@id":"https:\/\/lanaja.sk\/cs\/obchod\/lneny-frote-rucnik\/","url":"https:\/\/lanaja.sk\/cs\/obchod\/lneny-frote-rucnik\/","name":"Ln\u011bn\u00e1 frot\u00e9 osu\u0161ka &#8226; Lanaja-slovensk\u00e1 udr\u017eiteln\u00e1 zna\u010dka a v\u00fdrobce ln\u011bn\u00e9ho textilu","isPartOf":{"@id":"https:\/\/lanaja.sk\/cs\/#website"},"primaryImageOfPage":{"@id":"https:\/\/lanaja.sk\/cs\/obchod\/lneny-frote-rucnik\/#primaryimage"},"image":{"@id":"https:\/\/lanaja.sk\/cs\/obchod\/lneny-frote-rucnik\/#primaryimage"},"thumbnailUrl":"https:\/\/lanaja.sk\/wp-content\/uploads\/2022\/02\/frote-lanove-osusky3-scaled-e1643792512950-jpg.webp","datePublished":"2022-02-02T09:03:06+00:00","dateModified":"2025-07-16T11:05:04+00:00","description":"Ln\u011bn\u00e1 frot\u00e9 osu\u0161ka je u\u0161ita v na\u0161\u00ed d\u00edln\u011b z p\u0159\u00edrodn\u00ed ln\u011bn\u00e9 l\u00e1tky: 80 % len, 20 % bavlna, gram\u00e1\u017e 500 g\/m2, certifikovan\u00fd evropsk\u00fd len...","breadcrumb":{"@id":"https:\/\/lanaja.sk\/cs\/obchod\/lneny-frote-rucnik\/#breadcrumb"},"inLanguage":"cs","potentialAction":[{"@type":"ReadAction","target":["https:\/\/lanaja.sk\/cs\/obchod\/lneny-frote-rucnik\/"]}]},{"@type":"ImageObject","inLanguage":"cs","@id":"https:\/\/lanaja.sk\/cs\/obchod\/lneny-frote-rucnik\/#primaryimage","url":"https:\/\/lanaja.sk\/wp-content\/uploads\/2022\/02\/frote-lanove-osusky3-scaled-e1643792512950-jpg.webp","contentUrl":"https:\/\/lanaja.sk\/wp-content\/uploads\/2022\/02\/frote-lanove-osusky3-scaled-e1643792512950-jpg.webp","width":850,"height":613,"caption":"frot\u00e9 osu\u0161ka"},{"@type":"BreadcrumbList","@id":"https:\/\/lanaja.sk\/cs\/obchod\/lneny-frote-rucnik\/#breadcrumb","itemListElement":[{"@type":"ListItem","position":1,"name":"Home","item":"https:\/\/lanaja.sk\/cs\/"},{"@type":"ListItem","position":2,"name":"Obchod","item":"https:\/\/lanaja.sk\/cs\/obchod-cz\/"},{"@type":"ListItem","position":3,"name":"Ln\u011bn\u00e1 frot\u00e9 osu\u0161ka"}]},{"@type":"WebSite","@id":"https:\/\/lanaja.sk\/cs\/#website","url":"https:\/\/lanaja.sk\/cs\/","name":"Lanaja - bytov\u00fd textil z \u013eanu a \u013eanov\u00e9 v\u00fdrobky","description":"Jedine\u010dn\u00fd bytov\u00fd textil, ln\u011bn\u00e9 pytl\u00edky, ln\u011bn\u00e9 ubrusy, ln\u011bn\u00e9 lo\u017en\u00ed povle\u010den\u00ed, ln\u011bn\u00e9 ut\u011brky, ln\u011bn\u00e9 prost\u00edr\u00e1n\u00ed vyroben\u00e9 a \u0161it\u00e9 na Slovensku","publisher":{"@id":"https:\/\/lanaja.sk\/cs\/#organization"},"alternateName":"Lanaja - v\u00fdrobky z \u013eanu, \u013eanov\u00fd bytov\u00fd textil","potentialAction":[{"@type":"SearchAction","target":{"@type":"EntryPoint","urlTemplate":"https:\/\/lanaja.sk\/cs\/?s={search_term_string}"},"query-input":{"@type":"PropertyValueSpecification","valueRequired":true,"valueName":"search_term_string"}}],"inLanguage":"cs"},{"@type":"Organization","@id":"https:\/\/lanaja.sk\/cs\/#organization","name":"Lanaja","alternateName":"Al\u017ebeta Andr\u00e1\u0161ikov\u00e1 - Lanaja","url":"https:\/\/lanaja.sk\/cs\/","logo":{"@type":"ImageObject","inLanguage":"cs","@id":"https:\/\/lanaja.sk\/cs\/#\/schema\/logo\/image\/","url":"https:\/\/lanaja.sk\/wp-content\/uploads\/2024\/01\/Lanaja.sk-logo.png","contentUrl":"https:\/\/lanaja.sk\/wp-content\/uploads\/2024\/01\/Lanaja.sk-logo.png","width":600,"height":300,"caption":"Lanaja"},"image":{"@id":"https:\/\/lanaja.sk\/cs\/#\/schema\/logo\/image\/"},"sameAs":["https:\/\/www.facebook.com\/Abreadbag","https:\/\/www.instagram.com\/lanaja_sk\/"]}]}},"_links":{"self":[{"href":"https:\/\/lanaja.sk\/cs\/wp-json\/wp\/v2\/product\/13339","targetHints":{"allow":["GET"]}}],"collection":[{"href":"https:\/\/lanaja.sk\/cs\/wp-json\/wp\/v2\/product"}],"about":[{"href":"https:\/\/lanaja.sk\/cs\/wp-json\/wp\/v2\/types\/product"}],"version-history":[{"count":1,"href":"https:\/\/lanaja.sk\/cs\/wp-json\/wp\/v2\/product\/13339\/revisions"}],"predecessor-version":[{"id":16373,"href":"https:\/\/lanaja.sk\/cs\/wp-json\/wp\/v2\/product\/13339\/revisions\/16373"}],"wp:featuredmedia":[{"embeddable":true,"href":"https:\/\/lanaja.sk\/cs\/wp-json\/wp\/v2\/media\/7224"}],"wp:attachment":[{"href":"https:\/\/lanaja.sk\/cs\/wp-json\/wp\/v2\/media?parent=13339"}],"wp:term":[{"taxonomy":"product_brand","embeddable":true,"href":"https:\/\/lanaja.sk\/cs\/wp-json\/wp\/v2\/product_brand?post=13339"},{"taxonomy":"product_cat","embeddable":true,"href":"https:\/\/lanaja.sk\/cs\/wp-json\/wp\/v2\/product_cat?post=13339"},{"taxonomy":"product_tag","embeddable":true,"href":"https:\/\/lanaja.sk\/cs\/wp-json\/wp\/v2\/product_tag?post=13339"}],"curies":[{"name":"wp","href":"https:\/\/api.w.org\/{rel}","templated":true}]}}