{"id":13342,"date":"2021-10-23T17:33:27","date_gmt":"2021-10-23T15:33:27","guid":{"rendered":"https:\/\/lanaja.sk\/obchod\/neza\u0159azen\u00e9\/lnena-prosteradla-matej\/"},"modified":"2025-09-28T18:02:11","modified_gmt":"2025-09-28T16:02:11","slug":"lnena-prosteradla-matej","status":"publish","type":"product","link":"https:\/\/lanaja.sk\/cs\/obchod\/lnena-prosteradla-matej\/","title":{"rendered":"Ln\u011bn\u00e9 povle\u010den\u00ed MATEJ"},"content":{"rendered":"<p><strong>Ln\u011bn\u00e9 povle\u010den\u00ed MATEJ<\/strong><\/p>\n<p>Ln\u011bn\u00e9 povle\u010den\u00ed MATEJ je u\u0161ito ze 100% certifikovan\u00e9ho lnu 185g\/m2 pr\u00e9miov\u00e9 kvality, toto povle\u010den\u00ed je m\u011bk\u010den\u00e9, ide\u00e1ln\u00ed na lo\u017en\u00ed pr\u00e1dlo a z\u00e1rove\u0148 dostate\u010dn\u011b pevn\u00e9.<\/p>\n<p>Pokud si p\u0159ejete ln\u011bn\u00e9 povle\u010den\u00ed prodlou\u017eit, napi\u0161te n\u00e1m, r\u00e1di v\u00e1m porad\u00edme a uprav\u00edme p\u0159esn\u011b podle va\u0161ich po\u017eadavk\u016f a na m\u00edru.<\/p>\n<p>Volbou vn\u011bj\u0161\u00edho pro\u0161it\u00ed po obvodu (roubov\u00e1n\u00ed na 1 mm od okraje) zaru\u010duje tvarovou st\u00e1lost p\u0159i pran\u00ed. Povle\u010den\u00ed se nekrout\u00ed a po vypr\u00e1n\u00ed je sta\u010d\u00ed vyt\u0159epat a nechat uschnout. Ka\u017ed\u00e1 lo\u017en\u00ed souprava v\u00e1m dom\u016f p\u0159ijde kr\u00e1sn\u011b zabalen\u00e1 v d\u00e1rkov\u00e9 krabi\u010dce. P\u0159ed \u0161it\u00edm se l\u00e1tka vypere a vy\u017eehl\u00ed, tak\u017ee se nemus\u00edte b\u00e1t, \u017ee by se p\u0159i dal\u0161\u00edm pran\u00ed srazila. Chceme v\u00e1m p\u0159in\u00e9st kvalitn\u00ed lo\u017en\u00ed pr\u00e1dlo, kter\u00e9 je pln\u011b funk\u010dn\u00ed, zdravotn\u011b nez\u00e1vadn\u00e9 a s individu\u00e1ln\u00edmi ln\u011bn\u00fdmi benefity i zdrav\u00ed prosp\u011b\u0161n\u00e9.<\/p>\n<p>Zap\u00edn\u00e1n\u00ed na povle\u010den\u00ed Matej je \u0159e\u0161eno d\u0159ev\u011bn\u00fdmi knofl\u00edky. P\u0159i objedn\u00e1vce si m\u016f\u017eete vybrat dva typy knofl\u00edk\u016f: d\u0159ev\u011bn\u00e9 nebo kokosov\u00e9. Typ zap\u00edn\u00e1n\u00ed: zap\u00edn\u00e1n\u00ed na viditeln\u00fd knofl\u00edk nebo zap\u00edn\u00e1n\u00ed na skryt\u00e9 knofl\u00edky. Zap\u00edn\u00e1n\u00ed na zip (upozorn\u011bn\u00ed pro na\u0161e mil\u00e9 z\u00e1kazn\u00edky: kvalitn\u00ed zipy \u0161ijeme do ln\u011bn\u00fdch prost\u011bradel, ale m\u00e1me dlouholet\u00e9 zku\u0161enosti, \u017ee zipov\u00e9 b\u011bhouny nevydr\u017e\u00ed tak dlouho jako klasick\u00e9 knofl\u00edkov\u00e9 uz\u00e1v\u011bry, co\u017e nem\u016f\u017eeme ovlivnit). Proto doporu\u010dujeme zvolit klasick\u00e9 zap\u00edn\u00e1n\u00ed na knofl\u00edky.<\/p>\n<p>Nechte len p\u0159ikr\u010dit, je to jeho p\u0159irozen\u00e1 vlastnost a dod\u00e1v\u00e1 mu autenticitu a kr\u00e1snou p\u0159irozenou texturu, kter\u00e1 je mu tak vlastn\u00ed, zapome\u0148te na \u017eelezo a nechte ho vyniknout v cel\u00e9 sv\u00e9 kr\u00e1se.<\/p>\n<p>Ln\u011bn\u00e9 povle\u010den\u00ed dok\u00e1\u017ee d\u00edky sv\u00e9 molekul\u00e1rn\u00ed struktu\u0159e absorbovat a\u017e 20 % sv\u00e9 hmotnosti z vlhkosti, proto dokonale absorbuje pot a zaru\u010d\u00ed v\u00e1m pln\u011bj\u0161\u00ed a zdrav\u011bj\u0161\u00ed sp\u00e1nek. A\u0165 u\u017e je hork\u00e1 letn\u00ed noc nebo chladn\u00e9 zimn\u00ed r\u00e1no, ln\u011bn\u00e1 prost\u011bradla reguluj\u00ed v\u00fdm\u011bnu tepla mezi poko\u017ekou a vzduchem jako \u017e\u00e1dn\u00e1 jin\u00e1 tkanina. Ln\u011bn\u00e9 vl\u00e1kno je dut\u00e9, tak\u017ee se vyzna\u010duj\u00ed t\u011bmito schopnostmi, udr\u017euje teplo ve vl\u00e1knech, ochlazuje a spolehliv\u011b odstra\u0148uje p\u0159ebyte\u010dnou vlhkost. Tuto v\u00e1hu v\u0159ele doporu\u010duji v chladn\u00e9m obdob\u00ed, pokud m\u00e1te r\u00e1di teplo, skv\u011ble v\u00e1s zah\u0159ej\u00ed, v l\u00e9t\u011b naopak ochlad\u00ed.<\/p>\n<p>V\u00edce o v\u00fdhod\u00e1ch ln\u011bn\u00e9ho pr\u00e1dla se do\u010dtete na na\u0161em blogu <a href=\"https:\/\/lanaja.sk\/lanove-obliecky\" rel=\"noopener\">LEN a jeho \u00da\u010cINKY pro zdrav\u00fd a plnohodnotn\u00fd sp\u00e1nek<\/a><\/p>\n<p>Povle\u010den\u00ed Mat\u011bj m\u016f\u017eete tak\u00e9 sladit se samostatn\u00fdmi povlaky na pol\u0161t\u00e1\u0159e <strong> <a href=\"https:\/\/lanaja.sk\/cs\/obchod\/loznice\/lnene-povleceni-cs\/lnene-povleceni-classic-3\/\" rel=\"noopener\">ZDE <\/a> <\/strong>a tak\u00e9 s ln\u011bn\u00fdmi p\u0159ehozy a <strong> <a href=\"https:\/\/lanaja.sk\/cs\/obchod\/loznice\/lnene-prehozy\/lneny-vaflovy-prehoz-15-barev\/\" rel=\"noopener\">ZDE<\/a> <\/strong><\/p>\n<p><strong>Ln\u011bn\u00e9 v\u00fdrobky \u0161ijeme v na\u0161\u00ed d\u00edln\u011b dle Va\u0161eho p\u0159\u00e1n\u00ed a na m\u00edru, proto je pot\u0159eba po\u010d\u00edtat s dod\u00e1n\u00edm do 5-15 pracovn\u00edch dn\u016f, v z\u00e1vislosti na konkr\u00e9tn\u00edm produktu.<\/strong><\/p>\n","protected":false},"excerpt":{"rendered":"<p>V\u00fdb\u011brem ln\u011bn\u00e9ho povle\u010den\u00ed Matej dod\u00e1te sv\u00e9 lo\u017enici nejen estetick\u00fd a p\u0159\u00edrodn\u00ed prvek, ale tak\u00e9 investujete do kvality sp\u00e1nku a pohody ve va\u0161\u00ed dom\u00e1cnosti. Ln\u011bn\u00e1 povle\u010den\u00ed jsou odoln\u00e1, odoln\u00e1 a z\u00e1rove\u0148 p\u0159\u00edjemn\u00e1 na dotek. D\u00edky sv\u00e9 jedine\u010dn\u00e9 struktu\u0159e a vlastnostem lnu vytv\u00e1\u0159ej\u00ed prost\u0159ed\u00ed pro zdrav\u00fd a uvoln\u011bn\u00fd sp\u00e1nek a p\u0159isp\u00edvaj\u00ed k va\u0161emu celkov\u00e9mu pohodl\u00ed.<\/p>\n","protected":false},"featured_media":7147,"template":"","meta":[],"product_brand":[],"product_cat":[365,363,364],"product_tag":[367],"class_list":{"0":"post-13342","1":"product","2":"type-product","3":"status-publish","4":"has-post-thumbnail","6":"product_cat-lnena-prosteradla-ve-standardnich-velikostech","7":"product_cat-lnene-povleceni-cs","8":"product_cat-lnene-povleceni-do-detske-postylky","9":"product_tag-lnene-povleceni","11":"first","12":"onbackorder","13":"shipping-taxable","14":"purchasable","15":"product-type-variable"},"yoast_head":"<!-- This site is optimized with the Yoast SEO plugin v27.4 - https:\/\/yoast.com\/product\/yoast-seo-wordpress\/ -->\n<title>Ln\u011bn\u00e9 povle\u010den\u00ed MATEJ &#8226; Lanaja-slovensk\u00e1 udr\u017eiteln\u00e1 zna\u010dka a v\u00fdrobce ln\u011bn\u00e9ho textilu<\/title>\n<meta name=\"description\" content=\"Ln\u011bn\u00e9 povle\u010den\u00ed MATEJ je u\u0161ito ze 100% certifikovan\u00e9ho lnu 185g\/m2 pr\u00e9miov\u00e9 kvality, toto povle\u010den\u00ed je m\u011bk\u010den\u00e9, ide\u00e1ln\u00ed na lo\u017en\u00ed pr\u00e1dlo\" \/>\n<meta name=\"robots\" content=\"index, follow, max-snippet:-1, max-image-preview:large, max-video-preview:-1\" \/>\n<link rel=\"canonical\" href=\"https:\/\/lanaja.sk\/cs\/obchod\/lnena-prosteradla-matej\/\" \/>\n<meta property=\"og:locale\" content=\"cs_CZ\" \/>\n<meta property=\"og:type\" content=\"article\" \/>\n<meta property=\"og:title\" content=\"Ln\u011bn\u00e9 povle\u010den\u00ed MATEJ &#8226; Lanaja-slovensk\u00e1 udr\u017eiteln\u00e1 zna\u010dka a v\u00fdrobce ln\u011bn\u00e9ho textilu\" \/>\n<meta property=\"og:description\" content=\"Ln\u011bn\u00e9 povle\u010den\u00ed MATEJ je u\u0161ito ze 100% certifikovan\u00e9ho lnu 185g\/m2 pr\u00e9miov\u00e9 kvality, toto povle\u010den\u00ed je m\u011bk\u010den\u00e9, ide\u00e1ln\u00ed na lo\u017en\u00ed pr\u00e1dlo\" \/>\n<meta property=\"og:url\" content=\"https:\/\/lanaja.sk\/cs\/obchod\/lnena-prosteradla-matej\/\" \/>\n<meta property=\"og:site_name\" content=\"Lanaja-slovensk\u00e1 udr\u017eiteln\u00e1 zna\u010dka a v\u00fdrobce ln\u011bn\u00e9ho textilu\" \/>\n<meta property=\"article:publisher\" content=\"https:\/\/www.facebook.com\/Abreadbag\" \/>\n<meta property=\"article:modified_time\" content=\"2025-09-28T16:02:11+00:00\" \/>\n<meta property=\"og:image\" content=\"https:\/\/lanaja.sk\/wp-content\/uploads\/2021\/10\/lanove-obliecky-karo4-e1635002697221-jpg.webp\" \/>\n\t<meta property=\"og:image:width\" content=\"785\" \/>\n\t<meta property=\"og:image:height\" content=\"900\" \/>\n\t<meta property=\"og:image:type\" content=\"image\/jpeg\" \/>\n<meta name=\"twitter:card\" content=\"summary_large_image\" \/>\n<meta name=\"twitter:label1\" content=\"Odhadovan\u00e1 doba \u010dten\u00ed\" \/>\n\t<meta name=\"twitter:data1\" content=\"3 minuty\" \/>\n<script type=\"application\/ld+json\" class=\"yoast-schema-graph\">{\"@context\":\"https:\\\/\\\/schema.org\",\"@graph\":[{\"@type\":\"WebPage\",\"@id\":\"https:\\\/\\\/lanaja.sk\\\/cs\\\/obchod\\\/lnena-prosteradla-matej\\\/\",\"url\":\"https:\\\/\\\/lanaja.sk\\\/cs\\\/obchod\\\/lnena-prosteradla-matej\\\/\",\"name\":\"Ln\u011bn\u00e9 povle\u010den\u00ed MATEJ &#8226; Lanaja-slovensk\u00e1 udr\u017eiteln\u00e1 zna\u010dka a v\u00fdrobce ln\u011bn\u00e9ho textilu\",\"isPartOf\":{\"@id\":\"https:\\\/\\\/lanaja.sk\\\/cs\\\/#website\"},\"primaryImageOfPage\":{\"@id\":\"https:\\\/\\\/lanaja.sk\\\/cs\\\/obchod\\\/lnena-prosteradla-matej\\\/#primaryimage\"},\"image\":{\"@id\":\"https:\\\/\\\/lanaja.sk\\\/cs\\\/obchod\\\/lnena-prosteradla-matej\\\/#primaryimage\"},\"thumbnailUrl\":\"https:\\\/\\\/lanaja.sk\\\/wp-content\\\/uploads\\\/2021\\\/10\\\/lanove-obliecky-karo4-e1635002697221-jpg.webp\",\"datePublished\":\"2021-10-23T15:33:27+00:00\",\"dateModified\":\"2025-09-28T16:02:11+00:00\",\"description\":\"Ln\u011bn\u00e9 povle\u010den\u00ed MATEJ je u\u0161ito ze 100% certifikovan\u00e9ho lnu 185g\\\/m2 pr\u00e9miov\u00e9 kvality, toto povle\u010den\u00ed je m\u011bk\u010den\u00e9, ide\u00e1ln\u00ed na lo\u017en\u00ed pr\u00e1dlo\",\"breadcrumb\":{\"@id\":\"https:\\\/\\\/lanaja.sk\\\/cs\\\/obchod\\\/lnena-prosteradla-matej\\\/#breadcrumb\"},\"inLanguage\":\"cs\",\"potentialAction\":[{\"@type\":\"ReadAction\",\"target\":[\"https:\\\/\\\/lanaja.sk\\\/cs\\\/obchod\\\/lnena-prosteradla-matej\\\/\"]}]},{\"@type\":\"ImageObject\",\"inLanguage\":\"cs\",\"@id\":\"https:\\\/\\\/lanaja.sk\\\/cs\\\/obchod\\\/lnena-prosteradla-matej\\\/#primaryimage\",\"url\":\"https:\\\/\\\/lanaja.sk\\\/wp-content\\\/uploads\\\/2021\\\/10\\\/lanove-obliecky-karo4-e1635002697221-jpg.webp\",\"contentUrl\":\"https:\\\/\\\/lanaja.sk\\\/wp-content\\\/uploads\\\/2021\\\/10\\\/lanove-obliecky-karo4-e1635002697221-jpg.webp\",\"width\":785,\"height\":900},{\"@type\":\"BreadcrumbList\",\"@id\":\"https:\\\/\\\/lanaja.sk\\\/cs\\\/obchod\\\/lnena-prosteradla-matej\\\/#breadcrumb\",\"itemListElement\":[{\"@type\":\"ListItem\",\"position\":1,\"name\":\"Home\",\"item\":\"https:\\\/\\\/lanaja.sk\\\/cs\\\/\"},{\"@type\":\"ListItem\",\"position\":2,\"name\":\"Obchod\",\"item\":\"https:\\\/\\\/lanaja.sk\\\/cs\\\/obchod-cz\\\/\"},{\"@type\":\"ListItem\",\"position\":3,\"name\":\"Ln\u011bn\u00e9 povle\u010den\u00ed MATEJ\"}]},{\"@type\":\"WebSite\",\"@id\":\"https:\\\/\\\/lanaja.sk\\\/cs\\\/#website\",\"url\":\"https:\\\/\\\/lanaja.sk\\\/cs\\\/\",\"name\":\"Lanaja - bytov\u00fd textil z \u013eanu a \u013eanov\u00e9 v\u00fdrobky\",\"description\":\"Jedine\u010dn\u00fd bytov\u00fd textil, ln\u011bn\u00e9 pytl\u00edky, ln\u011bn\u00e9 ubrusy, ln\u011bn\u00e9 lo\u017en\u00ed povle\u010den\u00ed, ln\u011bn\u00e9 ut\u011brky, ln\u011bn\u00e9 prost\u00edr\u00e1n\u00ed vyroben\u00e9 a \u0161it\u00e9 na Slovensku\",\"publisher\":{\"@id\":\"https:\\\/\\\/lanaja.sk\\\/cs\\\/#organization\"},\"alternateName\":\"Lanaja - v\u00fdrobky z \u013eanu, \u013eanov\u00fd bytov\u00fd textil\",\"potentialAction\":[{\"@type\":\"SearchAction\",\"target\":{\"@type\":\"EntryPoint\",\"urlTemplate\":\"https:\\\/\\\/lanaja.sk\\\/cs\\\/?s={search_term_string}\"},\"query-input\":{\"@type\":\"PropertyValueSpecification\",\"valueRequired\":true,\"valueName\":\"search_term_string\"}}],\"inLanguage\":\"cs\"},{\"@type\":\"Organization\",\"@id\":\"https:\\\/\\\/lanaja.sk\\\/cs\\\/#organization\",\"name\":\"Lanaja\",\"alternateName\":\"Al\u017ebeta Andr\u00e1\u0161ikov\u00e1 - Lanaja\",\"url\":\"https:\\\/\\\/lanaja.sk\\\/cs\\\/\",\"logo\":{\"@type\":\"ImageObject\",\"inLanguage\":\"cs\",\"@id\":\"https:\\\/\\\/lanaja.sk\\\/cs\\\/#\\\/schema\\\/logo\\\/image\\\/\",\"url\":\"https:\\\/\\\/lanaja.sk\\\/wp-content\\\/uploads\\\/2024\\\/01\\\/Lanaja.sk-logo.png\",\"contentUrl\":\"https:\\\/\\\/lanaja.sk\\\/wp-content\\\/uploads\\\/2024\\\/01\\\/Lanaja.sk-logo.png\",\"width\":600,\"height\":300,\"caption\":\"Lanaja\"},\"image\":{\"@id\":\"https:\\\/\\\/lanaja.sk\\\/cs\\\/#\\\/schema\\\/logo\\\/image\\\/\"},\"sameAs\":[\"https:\\\/\\\/www.facebook.com\\\/Abreadbag\",\"https:\\\/\\\/www.instagram.com\\\/lanaja_sk\\\/\"]}]}<\/script>\n<!-- \/ Yoast SEO plugin. -->","yoast_head_json":{"title":"Ln\u011bn\u00e9 povle\u010den\u00ed MATEJ &#8226; Lanaja-slovensk\u00e1 udr\u017eiteln\u00e1 zna\u010dka a v\u00fdrobce ln\u011bn\u00e9ho textilu","description":"Ln\u011bn\u00e9 povle\u010den\u00ed MATEJ je u\u0161ito ze 100% certifikovan\u00e9ho lnu 185g\/m2 pr\u00e9miov\u00e9 kvality, toto povle\u010den\u00ed je m\u011bk\u010den\u00e9, ide\u00e1ln\u00ed na lo\u017en\u00ed pr\u00e1dlo","robots":{"index":"index","follow":"follow","max-snippet":"max-snippet:-1","max-image-preview":"max-image-preview:large","max-video-preview":"max-video-preview:-1"},"canonical":"https:\/\/lanaja.sk\/cs\/obchod\/lnena-prosteradla-matej\/","og_locale":"cs_CZ","og_type":"article","og_title":"Ln\u011bn\u00e9 povle\u010den\u00ed MATEJ &#8226; Lanaja-slovensk\u00e1 udr\u017eiteln\u00e1 zna\u010dka a v\u00fdrobce ln\u011bn\u00e9ho textilu","og_description":"Ln\u011bn\u00e9 povle\u010den\u00ed MATEJ je u\u0161ito ze 100% certifikovan\u00e9ho lnu 185g\/m2 pr\u00e9miov\u00e9 kvality, toto povle\u010den\u00ed je m\u011bk\u010den\u00e9, ide\u00e1ln\u00ed na lo\u017en\u00ed pr\u00e1dlo","og_url":"https:\/\/lanaja.sk\/cs\/obchod\/lnena-prosteradla-matej\/","og_site_name":"Lanaja-slovensk\u00e1 udr\u017eiteln\u00e1 zna\u010dka a v\u00fdrobce ln\u011bn\u00e9ho textilu","article_publisher":"https:\/\/www.facebook.com\/Abreadbag","article_modified_time":"2025-09-28T16:02:11+00:00","og_image":[{"width":785,"height":900,"url":"https:\/\/lanaja.sk\/wp-content\/uploads\/2021\/10\/lanove-obliecky-karo4-e1635002697221-jpg.webp","type":"image\/jpeg"}],"twitter_card":"summary_large_image","twitter_misc":{"Odhadovan\u00e1 doba \u010dten\u00ed":"3 minuty"},"schema":{"@context":"https:\/\/schema.org","@graph":[{"@type":"WebPage","@id":"https:\/\/lanaja.sk\/cs\/obchod\/lnena-prosteradla-matej\/","url":"https:\/\/lanaja.sk\/cs\/obchod\/lnena-prosteradla-matej\/","name":"Ln\u011bn\u00e9 povle\u010den\u00ed MATEJ &#8226; Lanaja-slovensk\u00e1 udr\u017eiteln\u00e1 zna\u010dka a v\u00fdrobce ln\u011bn\u00e9ho textilu","isPartOf":{"@id":"https:\/\/lanaja.sk\/cs\/#website"},"primaryImageOfPage":{"@id":"https:\/\/lanaja.sk\/cs\/obchod\/lnena-prosteradla-matej\/#primaryimage"},"image":{"@id":"https:\/\/lanaja.sk\/cs\/obchod\/lnena-prosteradla-matej\/#primaryimage"},"thumbnailUrl":"https:\/\/lanaja.sk\/wp-content\/uploads\/2021\/10\/lanove-obliecky-karo4-e1635002697221-jpg.webp","datePublished":"2021-10-23T15:33:27+00:00","dateModified":"2025-09-28T16:02:11+00:00","description":"Ln\u011bn\u00e9 povle\u010den\u00ed MATEJ je u\u0161ito ze 100% certifikovan\u00e9ho lnu 185g\/m2 pr\u00e9miov\u00e9 kvality, toto povle\u010den\u00ed je m\u011bk\u010den\u00e9, ide\u00e1ln\u00ed na lo\u017en\u00ed pr\u00e1dlo","breadcrumb":{"@id":"https:\/\/lanaja.sk\/cs\/obchod\/lnena-prosteradla-matej\/#breadcrumb"},"inLanguage":"cs","potentialAction":[{"@type":"ReadAction","target":["https:\/\/lanaja.sk\/cs\/obchod\/lnena-prosteradla-matej\/"]}]},{"@type":"ImageObject","inLanguage":"cs","@id":"https:\/\/lanaja.sk\/cs\/obchod\/lnena-prosteradla-matej\/#primaryimage","url":"https:\/\/lanaja.sk\/wp-content\/uploads\/2021\/10\/lanove-obliecky-karo4-e1635002697221-jpg.webp","contentUrl":"https:\/\/lanaja.sk\/wp-content\/uploads\/2021\/10\/lanove-obliecky-karo4-e1635002697221-jpg.webp","width":785,"height":900},{"@type":"BreadcrumbList","@id":"https:\/\/lanaja.sk\/cs\/obchod\/lnena-prosteradla-matej\/#breadcrumb","itemListElement":[{"@type":"ListItem","position":1,"name":"Home","item":"https:\/\/lanaja.sk\/cs\/"},{"@type":"ListItem","position":2,"name":"Obchod","item":"https:\/\/lanaja.sk\/cs\/obchod-cz\/"},{"@type":"ListItem","position":3,"name":"Ln\u011bn\u00e9 povle\u010den\u00ed MATEJ"}]},{"@type":"WebSite","@id":"https:\/\/lanaja.sk\/cs\/#website","url":"https:\/\/lanaja.sk\/cs\/","name":"Lanaja - bytov\u00fd textil z \u013eanu a \u013eanov\u00e9 v\u00fdrobky","description":"Jedine\u010dn\u00fd bytov\u00fd textil, ln\u011bn\u00e9 pytl\u00edky, ln\u011bn\u00e9 ubrusy, ln\u011bn\u00e9 lo\u017en\u00ed povle\u010den\u00ed, ln\u011bn\u00e9 ut\u011brky, ln\u011bn\u00e9 prost\u00edr\u00e1n\u00ed vyroben\u00e9 a \u0161it\u00e9 na Slovensku","publisher":{"@id":"https:\/\/lanaja.sk\/cs\/#organization"},"alternateName":"Lanaja - v\u00fdrobky z \u013eanu, \u013eanov\u00fd bytov\u00fd textil","potentialAction":[{"@type":"SearchAction","target":{"@type":"EntryPoint","urlTemplate":"https:\/\/lanaja.sk\/cs\/?s={search_term_string}"},"query-input":{"@type":"PropertyValueSpecification","valueRequired":true,"valueName":"search_term_string"}}],"inLanguage":"cs"},{"@type":"Organization","@id":"https:\/\/lanaja.sk\/cs\/#organization","name":"Lanaja","alternateName":"Al\u017ebeta Andr\u00e1\u0161ikov\u00e1 - Lanaja","url":"https:\/\/lanaja.sk\/cs\/","logo":{"@type":"ImageObject","inLanguage":"cs","@id":"https:\/\/lanaja.sk\/cs\/#\/schema\/logo\/image\/","url":"https:\/\/lanaja.sk\/wp-content\/uploads\/2024\/01\/Lanaja.sk-logo.png","contentUrl":"https:\/\/lanaja.sk\/wp-content\/uploads\/2024\/01\/Lanaja.sk-logo.png","width":600,"height":300,"caption":"Lanaja"},"image":{"@id":"https:\/\/lanaja.sk\/cs\/#\/schema\/logo\/image\/"},"sameAs":["https:\/\/www.facebook.com\/Abreadbag","https:\/\/www.instagram.com\/lanaja_sk\/"]}]}},"_links":{"self":[{"href":"https:\/\/lanaja.sk\/cs\/wp-json\/wp\/v2\/product\/13342","targetHints":{"allow":["GET"]}}],"collection":[{"href":"https:\/\/lanaja.sk\/cs\/wp-json\/wp\/v2\/product"}],"about":[{"href":"https:\/\/lanaja.sk\/cs\/wp-json\/wp\/v2\/types\/product"}],"version-history":[{"count":2,"href":"https:\/\/lanaja.sk\/cs\/wp-json\/wp\/v2\/product\/13342\/revisions"}],"predecessor-version":[{"id":16682,"href":"https:\/\/lanaja.sk\/cs\/wp-json\/wp\/v2\/product\/13342\/revisions\/16682"}],"wp:featuredmedia":[{"embeddable":true,"href":"https:\/\/lanaja.sk\/cs\/wp-json\/wp\/v2\/media\/7147"}],"wp:attachment":[{"href":"https:\/\/lanaja.sk\/cs\/wp-json\/wp\/v2\/media?parent=13342"}],"wp:term":[{"taxonomy":"product_brand","embeddable":true,"href":"https:\/\/lanaja.sk\/cs\/wp-json\/wp\/v2\/product_brand?post=13342"},{"taxonomy":"product_cat","embeddable":true,"href":"https:\/\/lanaja.sk\/cs\/wp-json\/wp\/v2\/product_cat?post=13342"},{"taxonomy":"product_tag","embeddable":true,"href":"https:\/\/lanaja.sk\/cs\/wp-json\/wp\/v2\/product_tag?post=13342"}],"curies":[{"name":"wp","href":"https:\/\/api.w.org\/{rel}","templated":true}]}}