{"id":13352,"date":"2021-11-13T16:03:16","date_gmt":"2021-11-13T15:03:16","guid":{"rendered":"https:\/\/lanaja.sk\/obchod\/neza\u0159azen\u00e9\/lneny-ubrus-4\/"},"modified":"2025-07-29T20:48:44","modified_gmt":"2025-07-29T18:48:44","slug":"lneny-ubrus-4","status":"publish","type":"product","link":"https:\/\/lanaja.sk\/cs\/obchod\/lneny-ubrus-4\/","title":{"rendered":"Ln\u011bn\u00fd ubrus"},"content":{"rendered":"<h2>Ln\u011bn\u00fd ubrus<\/h2>\n<p>Ano, jsem LEN a kr\u010d\u00edm \u2665 se<\/p>\n<p>Ln\u011bn\u00fd ubrus je u\u0161it z m\u011bk\u010den\u00e9ho p\u0159edepran\u00e9ho lnu, kter\u00fd je vym\u00fdv\u00e1n pomoc\u00ed kamene, tzv. stone washing nebo s ozna\u010den\u00edm STONEWASHED. Na fotk\u00e1ch je vyfocen ln\u011bn\u00fd ubrus v ml\u00e9\u010dn\u00e9 barv\u011b.<\/p>\n<p>Len je p\u0159edepran\u00fd na 40 \u00b0C. Proto ji\u017e nen\u00ed t\u0159eba po\u010d\u00edtat s jeho sr\u00e1\u017elivost\u00ed. Dovolte lnu ma\u010dkat se, je to jeho p\u0159irozen\u00e1 vlastnost. Pokud jste p\u0159ece jen velc\u00ed kamar\u00e1di se \u017eehli\u010dkou a \u017eehl\u00edte v\u0161e, co v\u00e1m p\u0159ijde pod ruce, doporu\u010duji ln\u011bn\u00fd ubrus \u017eehlit vlhk\u00fd, nebo jemn\u011b nakropen\u00fd.<\/p>\n<p>Pokud hled\u00e1te vytvo\u0159en\u00ed udr\u017eiteln\u011bj\u0161\u00edho a ekologi\u010dt\u011bj\u0161\u00edho prost\u0159ed\u00ed ve va\u0161em domov\u011b, ekologick\u00e9 spojen\u00ed 100% lnu je ur\u010dit\u011b materi\u00e1lem, do kter\u00e9ho se v\u00e1m vyplat\u00ed investovat. 100% len je \u0161etrn\u00fd k \u017eivotn\u00edmu prost\u0159ed\u00ed, z\u00e1rove\u0148 je obnoviteln\u00fdm zdrojem. P\u0159i jeho p\u011bstov\u00e1n\u00ed se nepou\u017e\u00edvaj\u00ed \u017e\u00e1dn\u00e1 hnojiva a nepot\u0159ebuje \u017e\u00e1dn\u00e9 zavla\u017eov\u00e1n\u00ed, len je tak\u00e9 pln\u011b biologicky odbourateln\u00fd.<\/p>\n<p><strong>Ln\u011bn\u00e1 vl\u00e1kna maj\u00ed schopnost absorbovat a uvol\u0148ovat vlhkost,<\/strong> proto jsou vhodn\u00e1 i na m\u00edsta vystaven\u00e1 vy\u0161\u0161\u00ed vlhkosti vzduchu, jako nap\u0159\u00edklad kuchy\u0148, zahrada a venkovn\u00ed terasa. \u010c\u00edm v\u00edce se ln\u011bn\u00e9 ubrusy pou\u017e\u00edvaj\u00ed, t\u00edm jsou m\u011bk\u010d\u00ed a p\u0159\u00edjemn\u011bj\u0161\u00ed na dotek. Len m\u00e1 sv\u00e1 vl\u00e1kna dut\u00e1, proto se ne\u010distoty zp\u016fsoben\u00e9 polit\u00edm z n\u011bj dob\u0159e \u010dist\u00ed a perou, z\u016fst\u00e1vaj\u00ed na povrchu vl\u00e1ken. T\u00edm, \u017ee len m\u00e1 schopnost absorbovat v\u011bt\u0161\u00ed mno\u017estv\u00ed vody, pohlcovat vlhkost a z\u00e1rove\u0148 tuto vlhkost rychle ze sv\u00fdch vl\u00e1ken odpa\u0159it, jsou ln\u011bn\u00e9 ubrusy ide\u00e1ln\u00ed i pro prost\u0159en\u00ed stol\u016f p\u0159i pod\u00e1v\u00e1n\u00ed j\u00eddel a n\u00e1poj\u016f.<\/p>\n<p>Jako bonus v\u00e1m p\u0159ijdou v\u0161echny v\u00fdrobky kr\u00e1sn\u011b zabalen\u00e9, a my v\u00e1s tak odleh\u010d\u00edme od starost\u00ed s vym\u00fd\u0161len\u00edm d\u00e1rkov\u00fdch balen\u00ed. Bal\u00ed\u010dek m\u016f\u017eete rovnou darovat, a\u0165 u\u017e ke sv\u00e1tku, nebo k V\u00e1noc\u016fm. Sestavte si vlastn\u00ed kombinaci barev a doraz\u00ed k v\u00e1m kr\u00e1sn\u00e1 a vo\u0148av\u00e1 krabi\u010dka.<\/p>\n<p><strong>Ln\u011bn\u00e9 ubrusy se pro v\u00e1s p\u0159ipravuj\u00ed a \u0161ij\u00ed v na\u0161\u00ed d\u00edln\u011b i na m\u00edru. <\/strong>Pokud si p\u0159ejete jin\u00fd rozm\u011br, napi\u0161te n\u00e1m velikost va\u0161\u00ed horn\u00ed desky stolu, velmi r\u00e1di v\u00e1m porad\u00edme. Zkombinujte je s na\u0161imi <a href=\"https:\/\/lanaja.sk\/cs\/kategorie-produktu\/kuchyne\/lnene-uterky\/\" target=\"_blank\" rel=\"noopener\">ln\u011bn\u00fdmi ut\u011brkami<\/a><\/p>\n<p><strong>Po\u010d\u00edtejte s dodac\u00ed lh\u016ftou 5-15 pracovn\u00edch dn\u016f, pokud nem\u00e1me produkt \u0161it\u00fd skladem, ru\u010dn\u00ed pr\u00e1ce vy\u017eaduje n\u00e1\u0161 \u010das. Ln\u011bn\u00e9 v\u00fdrobky \u0161ijeme v na\u0161\u00ed d\u00edln\u011b dle Va\u0161eho p\u0159\u00e1n\u00ed a na m\u00edru v z\u00e1vislosti na konkr\u00e9tn\u00edm v\u00fdrobku.<\/strong><\/p>\n","protected":false},"excerpt":{"rendered":"<p><strong>Na\u0161e ln\u011bn\u00e9 ubrusy v\u00e1m u\u0161ijeme na m\u00edru a pe\u010dliv\u011b vypereme.<\/strong> D\u00edky tomu se v\u00e1m nezmen\u0161\u00ed, nesraz\u00ed a neztrat\u00ed sv\u016fj tvar ani po n\u011bkolika pran\u00edch. M\u016f\u017eete si vybrat z r\u016fzn\u00fdch odst\u00edn\u016f a vzor\u016f, kter\u00e9 dokonale dopln\u00ed v\u00e1\u0161 interi\u00e9r a p\u0159inesou do n\u011bj p\u0159\u00edrodn\u00ed eleganci. Pokud si ln\u011bn\u00fdm ubrusem prost\u0159ete j\u00eddeln\u00ed st\u016fl, dodaj\u00ed va\u0161emu p\u0159ipraven\u00e9mu j\u00eddlu atmosf\u00e9ru jednoduch\u00e9ho luxusu. Celkov\u011b jsou ln\u011bn\u00e9 ubrusy \u201eum\u011blci\u201c samy o sob\u011b; svou p\u0159\u00edrodn\u00ed v\u016fn\u00ed a strukturou p\u0159in\u00e1\u0161ej\u00ed do va\u0161eho domova p\u0159\u00edrodu, jednoduchost a autenticitu. Jsou to neoby\u010dejn\u00e9 textiln\u00ed klenoty, kter\u00e9 o\u017eiv\u00ed v\u00e1\u0161 interi\u00e9r a z\u00e1rove\u0148 p\u0159isp\u00edvaj\u00ed k udr\u017eitelnosti d\u00edky pou\u017eit\u00ed p\u0159\u00edrodn\u00edch materi\u00e1l\u016f.<\/p>\n","protected":false},"featured_media":7178,"template":"","meta":[],"product_brand":[],"product_cat":[351],"product_tag":[352],"class_list":{"0":"post-13352","1":"product","2":"type-product","3":"status-publish","4":"has-post-thumbnail","6":"product_cat-lnene-ubrusy-a-prostirani","7":"product_tag-lneny-ubrus","9":"first","10":"onbackorder","11":"shipping-taxable","12":"purchasable","13":"product-type-variable"},"yoast_head":"<!-- This site is optimized with the Yoast SEO plugin v27.4 - https:\/\/yoast.com\/product\/yoast-seo-wordpress\/ -->\n<title>Ln\u011bn\u00fd ubrus &#8226; Lanaja-slovensk\u00e1 udr\u017eiteln\u00e1 zna\u010dka a v\u00fdrobce ln\u011bn\u00e9ho textilu<\/title>\n<meta name=\"description\" content=\"Ln\u011bn\u00fd ubrus je u\u0161it z m\u011bk\u010den\u00e9ho p\u0159edepran\u00e9ho lnu ml\u00e9\u010dn\u011b b\u00edl\u00e9 barvy, kter\u00fd je vym\u00fdv\u00e1n pomoc\u00ed kamene, tzv. stone washing.\" \/>\n<meta name=\"robots\" content=\"index, follow, max-snippet:-1, max-image-preview:large, max-video-preview:-1\" \/>\n<link rel=\"canonical\" href=\"https:\/\/lanaja.sk\/cs\/obchod\/lneny-ubrus-4\/\" \/>\n<meta property=\"og:locale\" content=\"cs_CZ\" \/>\n<meta property=\"og:type\" content=\"article\" \/>\n<meta property=\"og:title\" content=\"Ln\u011bn\u00fd ubrus &#8226; Lanaja-slovensk\u00e1 udr\u017eiteln\u00e1 zna\u010dka a v\u00fdrobce ln\u011bn\u00e9ho textilu\" \/>\n<meta property=\"og:description\" content=\"Ln\u011bn\u00fd ubrus je u\u0161it z m\u011bk\u010den\u00e9ho p\u0159edepran\u00e9ho lnu ml\u00e9\u010dn\u011b b\u00edl\u00e9 barvy, kter\u00fd je vym\u00fdv\u00e1n pomoc\u00ed kamene, tzv. stone washing.\" \/>\n<meta property=\"og:url\" content=\"https:\/\/lanaja.sk\/cs\/obchod\/lneny-ubrus-4\/\" \/>\n<meta property=\"og:site_name\" content=\"Lanaja-slovensk\u00e1 udr\u017eiteln\u00e1 zna\u010dka a v\u00fdrobce ln\u011bn\u00e9ho textilu\" \/>\n<meta property=\"article:publisher\" content=\"https:\/\/www.facebook.com\/Abreadbag\" \/>\n<meta property=\"article:modified_time\" content=\"2025-07-29T18:48:44+00:00\" \/>\n<meta property=\"og:image\" content=\"https:\/\/lanaja.sk\/wp-content\/uploads\/2021\/11\/l\u030canovy\u0301-obrus-mliec\u030cny9-e1636815519221-jpg.webp\" \/>\n\t<meta property=\"og:image:width\" content=\"600\" \/>\n\t<meta property=\"og:image:height\" content=\"900\" \/>\n\t<meta property=\"og:image:type\" content=\"image\/jpeg\" \/>\n<meta name=\"twitter:card\" content=\"summary_large_image\" \/>\n<meta name=\"twitter:label1\" content=\"Odhadovan\u00e1 doba \u010dten\u00ed\" \/>\n\t<meta name=\"twitter:data1\" content=\"2 minuty\" \/>\n<script type=\"application\/ld+json\" class=\"yoast-schema-graph\">{\"@context\":\"https:\\\/\\\/schema.org\",\"@graph\":[{\"@type\":\"WebPage\",\"@id\":\"https:\\\/\\\/lanaja.sk\\\/cs\\\/obchod\\\/lneny-ubrus-4\\\/\",\"url\":\"https:\\\/\\\/lanaja.sk\\\/cs\\\/obchod\\\/lneny-ubrus-4\\\/\",\"name\":\"Ln\u011bn\u00fd ubrus &#8226; Lanaja-slovensk\u00e1 udr\u017eiteln\u00e1 zna\u010dka a v\u00fdrobce ln\u011bn\u00e9ho textilu\",\"isPartOf\":{\"@id\":\"https:\\\/\\\/lanaja.sk\\\/cs\\\/#website\"},\"primaryImageOfPage\":{\"@id\":\"https:\\\/\\\/lanaja.sk\\\/cs\\\/obchod\\\/lneny-ubrus-4\\\/#primaryimage\"},\"image\":{\"@id\":\"https:\\\/\\\/lanaja.sk\\\/cs\\\/obchod\\\/lneny-ubrus-4\\\/#primaryimage\"},\"thumbnailUrl\":\"https:\\\/\\\/lanaja.sk\\\/wp-content\\\/uploads\\\/2021\\\/11\\\/l\u030canovy\u0301-obrus-mliec\u030cny9-e1636815519221-jpg.webp\",\"datePublished\":\"2021-11-13T15:03:16+00:00\",\"dateModified\":\"2025-07-29T18:48:44+00:00\",\"description\":\"Ln\u011bn\u00fd ubrus je u\u0161it z m\u011bk\u010den\u00e9ho p\u0159edepran\u00e9ho lnu ml\u00e9\u010dn\u011b b\u00edl\u00e9 barvy, kter\u00fd je vym\u00fdv\u00e1n pomoc\u00ed kamene, tzv. stone washing.\",\"breadcrumb\":{\"@id\":\"https:\\\/\\\/lanaja.sk\\\/cs\\\/obchod\\\/lneny-ubrus-4\\\/#breadcrumb\"},\"inLanguage\":\"cs\",\"potentialAction\":[{\"@type\":\"ReadAction\",\"target\":[\"https:\\\/\\\/lanaja.sk\\\/cs\\\/obchod\\\/lneny-ubrus-4\\\/\"]}]},{\"@type\":\"ImageObject\",\"inLanguage\":\"cs\",\"@id\":\"https:\\\/\\\/lanaja.sk\\\/cs\\\/obchod\\\/lneny-ubrus-4\\\/#primaryimage\",\"url\":\"https:\\\/\\\/lanaja.sk\\\/wp-content\\\/uploads\\\/2021\\\/11\\\/l\u030canovy\u0301-obrus-mliec\u030cny9-e1636815519221-jpg.webp\",\"contentUrl\":\"https:\\\/\\\/lanaja.sk\\\/wp-content\\\/uploads\\\/2021\\\/11\\\/l\u030canovy\u0301-obrus-mliec\u030cny9-e1636815519221-jpg.webp\",\"width\":600,\"height\":900,\"caption\":\"viano\u010dn\u00fd obrus\"},{\"@type\":\"BreadcrumbList\",\"@id\":\"https:\\\/\\\/lanaja.sk\\\/cs\\\/obchod\\\/lneny-ubrus-4\\\/#breadcrumb\",\"itemListElement\":[{\"@type\":\"ListItem\",\"position\":1,\"name\":\"Home\",\"item\":\"https:\\\/\\\/lanaja.sk\\\/cs\\\/\"},{\"@type\":\"ListItem\",\"position\":2,\"name\":\"Obchod\",\"item\":\"https:\\\/\\\/lanaja.sk\\\/cs\\\/obchod-cz\\\/\"},{\"@type\":\"ListItem\",\"position\":3,\"name\":\"Ln\u011bn\u00fd ubrus\"}]},{\"@type\":\"WebSite\",\"@id\":\"https:\\\/\\\/lanaja.sk\\\/cs\\\/#website\",\"url\":\"https:\\\/\\\/lanaja.sk\\\/cs\\\/\",\"name\":\"Lanaja - bytov\u00fd textil z \u013eanu a \u013eanov\u00e9 v\u00fdrobky\",\"description\":\"Jedine\u010dn\u00fd bytov\u00fd textil, ln\u011bn\u00e9 pytl\u00edky, ln\u011bn\u00e9 ubrusy, ln\u011bn\u00e9 lo\u017en\u00ed povle\u010den\u00ed, ln\u011bn\u00e9 ut\u011brky, ln\u011bn\u00e9 prost\u00edr\u00e1n\u00ed vyroben\u00e9 a \u0161it\u00e9 na Slovensku\",\"publisher\":{\"@id\":\"https:\\\/\\\/lanaja.sk\\\/cs\\\/#organization\"},\"alternateName\":\"Lanaja - v\u00fdrobky z \u013eanu, \u013eanov\u00fd bytov\u00fd textil\",\"potentialAction\":[{\"@type\":\"SearchAction\",\"target\":{\"@type\":\"EntryPoint\",\"urlTemplate\":\"https:\\\/\\\/lanaja.sk\\\/cs\\\/?s={search_term_string}\"},\"query-input\":{\"@type\":\"PropertyValueSpecification\",\"valueRequired\":true,\"valueName\":\"search_term_string\"}}],\"inLanguage\":\"cs\"},{\"@type\":\"Organization\",\"@id\":\"https:\\\/\\\/lanaja.sk\\\/cs\\\/#organization\",\"name\":\"Lanaja\",\"alternateName\":\"Al\u017ebeta Andr\u00e1\u0161ikov\u00e1 - Lanaja\",\"url\":\"https:\\\/\\\/lanaja.sk\\\/cs\\\/\",\"logo\":{\"@type\":\"ImageObject\",\"inLanguage\":\"cs\",\"@id\":\"https:\\\/\\\/lanaja.sk\\\/cs\\\/#\\\/schema\\\/logo\\\/image\\\/\",\"url\":\"https:\\\/\\\/lanaja.sk\\\/wp-content\\\/uploads\\\/2024\\\/01\\\/Lanaja.sk-logo.png\",\"contentUrl\":\"https:\\\/\\\/lanaja.sk\\\/wp-content\\\/uploads\\\/2024\\\/01\\\/Lanaja.sk-logo.png\",\"width\":600,\"height\":300,\"caption\":\"Lanaja\"},\"image\":{\"@id\":\"https:\\\/\\\/lanaja.sk\\\/cs\\\/#\\\/schema\\\/logo\\\/image\\\/\"},\"sameAs\":[\"https:\\\/\\\/www.facebook.com\\\/Abreadbag\",\"https:\\\/\\\/www.instagram.com\\\/lanaja_sk\\\/\"]}]}<\/script>\n<!-- \/ Yoast SEO plugin. -->","yoast_head_json":{"title":"Ln\u011bn\u00fd ubrus &#8226; Lanaja-slovensk\u00e1 udr\u017eiteln\u00e1 zna\u010dka a v\u00fdrobce ln\u011bn\u00e9ho textilu","description":"Ln\u011bn\u00fd ubrus je u\u0161it z m\u011bk\u010den\u00e9ho p\u0159edepran\u00e9ho lnu ml\u00e9\u010dn\u011b b\u00edl\u00e9 barvy, kter\u00fd je vym\u00fdv\u00e1n pomoc\u00ed kamene, tzv. stone washing.","robots":{"index":"index","follow":"follow","max-snippet":"max-snippet:-1","max-image-preview":"max-image-preview:large","max-video-preview":"max-video-preview:-1"},"canonical":"https:\/\/lanaja.sk\/cs\/obchod\/lneny-ubrus-4\/","og_locale":"cs_CZ","og_type":"article","og_title":"Ln\u011bn\u00fd ubrus &#8226; Lanaja-slovensk\u00e1 udr\u017eiteln\u00e1 zna\u010dka a v\u00fdrobce ln\u011bn\u00e9ho textilu","og_description":"Ln\u011bn\u00fd ubrus je u\u0161it z m\u011bk\u010den\u00e9ho p\u0159edepran\u00e9ho lnu ml\u00e9\u010dn\u011b b\u00edl\u00e9 barvy, kter\u00fd je vym\u00fdv\u00e1n pomoc\u00ed kamene, tzv. stone washing.","og_url":"https:\/\/lanaja.sk\/cs\/obchod\/lneny-ubrus-4\/","og_site_name":"Lanaja-slovensk\u00e1 udr\u017eiteln\u00e1 zna\u010dka a v\u00fdrobce ln\u011bn\u00e9ho textilu","article_publisher":"https:\/\/www.facebook.com\/Abreadbag","article_modified_time":"2025-07-29T18:48:44+00:00","og_image":[{"width":600,"height":900,"url":"https:\/\/lanaja.sk\/wp-content\/uploads\/2021\/11\/l\u030canovy\u0301-obrus-mliec\u030cny9-e1636815519221-jpg.webp","type":"image\/jpeg"}],"twitter_card":"summary_large_image","twitter_misc":{"Odhadovan\u00e1 doba \u010dten\u00ed":"2 minuty"},"schema":{"@context":"https:\/\/schema.org","@graph":[{"@type":"WebPage","@id":"https:\/\/lanaja.sk\/cs\/obchod\/lneny-ubrus-4\/","url":"https:\/\/lanaja.sk\/cs\/obchod\/lneny-ubrus-4\/","name":"Ln\u011bn\u00fd ubrus &#8226; Lanaja-slovensk\u00e1 udr\u017eiteln\u00e1 zna\u010dka a v\u00fdrobce ln\u011bn\u00e9ho textilu","isPartOf":{"@id":"https:\/\/lanaja.sk\/cs\/#website"},"primaryImageOfPage":{"@id":"https:\/\/lanaja.sk\/cs\/obchod\/lneny-ubrus-4\/#primaryimage"},"image":{"@id":"https:\/\/lanaja.sk\/cs\/obchod\/lneny-ubrus-4\/#primaryimage"},"thumbnailUrl":"https:\/\/lanaja.sk\/wp-content\/uploads\/2021\/11\/l\u030canovy\u0301-obrus-mliec\u030cny9-e1636815519221-jpg.webp","datePublished":"2021-11-13T15:03:16+00:00","dateModified":"2025-07-29T18:48:44+00:00","description":"Ln\u011bn\u00fd ubrus je u\u0161it z m\u011bk\u010den\u00e9ho p\u0159edepran\u00e9ho lnu ml\u00e9\u010dn\u011b b\u00edl\u00e9 barvy, kter\u00fd je vym\u00fdv\u00e1n pomoc\u00ed kamene, tzv. stone washing.","breadcrumb":{"@id":"https:\/\/lanaja.sk\/cs\/obchod\/lneny-ubrus-4\/#breadcrumb"},"inLanguage":"cs","potentialAction":[{"@type":"ReadAction","target":["https:\/\/lanaja.sk\/cs\/obchod\/lneny-ubrus-4\/"]}]},{"@type":"ImageObject","inLanguage":"cs","@id":"https:\/\/lanaja.sk\/cs\/obchod\/lneny-ubrus-4\/#primaryimage","url":"https:\/\/lanaja.sk\/wp-content\/uploads\/2021\/11\/l\u030canovy\u0301-obrus-mliec\u030cny9-e1636815519221-jpg.webp","contentUrl":"https:\/\/lanaja.sk\/wp-content\/uploads\/2021\/11\/l\u030canovy\u0301-obrus-mliec\u030cny9-e1636815519221-jpg.webp","width":600,"height":900,"caption":"viano\u010dn\u00fd obrus"},{"@type":"BreadcrumbList","@id":"https:\/\/lanaja.sk\/cs\/obchod\/lneny-ubrus-4\/#breadcrumb","itemListElement":[{"@type":"ListItem","position":1,"name":"Home","item":"https:\/\/lanaja.sk\/cs\/"},{"@type":"ListItem","position":2,"name":"Obchod","item":"https:\/\/lanaja.sk\/cs\/obchod-cz\/"},{"@type":"ListItem","position":3,"name":"Ln\u011bn\u00fd ubrus"}]},{"@type":"WebSite","@id":"https:\/\/lanaja.sk\/cs\/#website","url":"https:\/\/lanaja.sk\/cs\/","name":"Lanaja - bytov\u00fd textil z \u013eanu a \u013eanov\u00e9 v\u00fdrobky","description":"Jedine\u010dn\u00fd bytov\u00fd textil, ln\u011bn\u00e9 pytl\u00edky, ln\u011bn\u00e9 ubrusy, ln\u011bn\u00e9 lo\u017en\u00ed povle\u010den\u00ed, ln\u011bn\u00e9 ut\u011brky, ln\u011bn\u00e9 prost\u00edr\u00e1n\u00ed vyroben\u00e9 a \u0161it\u00e9 na Slovensku","publisher":{"@id":"https:\/\/lanaja.sk\/cs\/#organization"},"alternateName":"Lanaja - v\u00fdrobky z \u013eanu, \u013eanov\u00fd bytov\u00fd textil","potentialAction":[{"@type":"SearchAction","target":{"@type":"EntryPoint","urlTemplate":"https:\/\/lanaja.sk\/cs\/?s={search_term_string}"},"query-input":{"@type":"PropertyValueSpecification","valueRequired":true,"valueName":"search_term_string"}}],"inLanguage":"cs"},{"@type":"Organization","@id":"https:\/\/lanaja.sk\/cs\/#organization","name":"Lanaja","alternateName":"Al\u017ebeta Andr\u00e1\u0161ikov\u00e1 - Lanaja","url":"https:\/\/lanaja.sk\/cs\/","logo":{"@type":"ImageObject","inLanguage":"cs","@id":"https:\/\/lanaja.sk\/cs\/#\/schema\/logo\/image\/","url":"https:\/\/lanaja.sk\/wp-content\/uploads\/2024\/01\/Lanaja.sk-logo.png","contentUrl":"https:\/\/lanaja.sk\/wp-content\/uploads\/2024\/01\/Lanaja.sk-logo.png","width":600,"height":300,"caption":"Lanaja"},"image":{"@id":"https:\/\/lanaja.sk\/cs\/#\/schema\/logo\/image\/"},"sameAs":["https:\/\/www.facebook.com\/Abreadbag","https:\/\/www.instagram.com\/lanaja_sk\/"]}]}},"_links":{"self":[{"href":"https:\/\/lanaja.sk\/cs\/wp-json\/wp\/v2\/product\/13352","targetHints":{"allow":["GET"]}}],"collection":[{"href":"https:\/\/lanaja.sk\/cs\/wp-json\/wp\/v2\/product"}],"about":[{"href":"https:\/\/lanaja.sk\/cs\/wp-json\/wp\/v2\/types\/product"}],"version-history":[{"count":1,"href":"https:\/\/lanaja.sk\/cs\/wp-json\/wp\/v2\/product\/13352\/revisions"}],"predecessor-version":[{"id":16423,"href":"https:\/\/lanaja.sk\/cs\/wp-json\/wp\/v2\/product\/13352\/revisions\/16423"}],"wp:featuredmedia":[{"embeddable":true,"href":"https:\/\/lanaja.sk\/cs\/wp-json\/wp\/v2\/media\/7178"}],"wp:attachment":[{"href":"https:\/\/lanaja.sk\/cs\/wp-json\/wp\/v2\/media?parent=13352"}],"wp:term":[{"taxonomy":"product_brand","embeddable":true,"href":"https:\/\/lanaja.sk\/cs\/wp-json\/wp\/v2\/product_brand?post=13352"},{"taxonomy":"product_cat","embeddable":true,"href":"https:\/\/lanaja.sk\/cs\/wp-json\/wp\/v2\/product_cat?post=13352"},{"taxonomy":"product_tag","embeddable":true,"href":"https:\/\/lanaja.sk\/cs\/wp-json\/wp\/v2\/product_tag?post=13352"}],"curies":[{"name":"wp","href":"https:\/\/api.w.org\/{rel}","templated":true}]}}