{"id":13361,"date":"2021-11-07T10:23:03","date_gmt":"2021-11-07T09:23:03","guid":{"rendered":"https:\/\/lanaja.sk\/obchod\/neza\u0159azen\u00e9\/lnene-ubrousky-3\/"},"modified":"2025-07-29T21:03:58","modified_gmt":"2025-07-29T19:03:58","slug":"lnene-ubrousky-3","status":"publish","type":"product","link":"https:\/\/lanaja.sk\/cs\/obchod\/lnene-ubrousky-3\/","title":{"rendered":"Ln\u011bn\u00e9 ubrousky"},"content":{"rendered":"<p><strong>Ln\u011bn\u00e9 ubrousky u\u0161it\u00e9 ze 100% p\u0159edepran\u00e9ho m\u011bk\u010den\u00e9ho lnu jsou ide\u00e1ln\u00ed n\u00e1hradou pap\u00edrov\u00fdch ubrousk\u016f a serv\u00edtek. Nejen\u017ee p\u016fsob\u00ed elegantn\u011bji a vytv\u00e1\u0159\u00ed slavnostn\u011bj\u0161\u00ed atmosf\u00e9ru p\u0159i stolov\u00e1n\u00ed, ale jejich opakovan\u00fdm pou\u017e\u00edv\u00e1n\u00edm \u0161et\u0159\u00edte na\u0161i p\u0159\u00edrodu a \u017eivotn\u00ed prost\u0159ed\u00ed a nevytv\u00e1\u0159\u00edte dal\u0161\u00ed zbyte\u010dn\u00fd odpad. Pokud jsi i ty nad\u0161encem ZERO WASTE a \u017eivota BEZ ODPADU, toto je pro tebe to prav\u00e9 \u0159e\u0161en\u00ed, jak odpad eliminovat na minimum. A my ti za to D\u011aKUJEME \u2013 d\u011bkujeme, \u017ee n\u00e1m pom\u00e1h\u00e1\u0161 chr\u00e1nit na\u0161e \u017eivotn\u00ed prost\u0159ed\u00ed. V\u011b\u0159\u00edm, \u017ee spole\u010dnou osv\u011btou a s na\u0161\u00ed i va\u0161\u00ed pomoc\u00ed to dok\u00e1\u017eeme!<\/strong><\/p>\n<p>Ubrousky jsou precizn\u011b pro\u0161it\u00e9, aby len i po pran\u00ed dr\u017eel sv\u016fj tvar. Je p\u0159edepran\u00fd, tak\u017ee se nemus\u00edte b\u00e1t, \u017ee by se srazily.<\/p>\n<p>V p\u0159\u00edpad\u011b z\u00e1jmu o jin\u00fd rozm\u011br, napi\u0161te mi p\u0159ed objedn\u00e1vkou zpr\u00e1vu, r\u00e1di v\u00e1m porad\u00edme.<\/p>\n<p>A\u0165 u\u017e se rozhodnete pro ln\u011bn\u00e9 ut\u011brky na chleba, nebo ln\u011bn\u00e9 pytl\u00edky, bude to spr\u00e1vn\u00e1 volba nejen pro va\u0161e zdrav\u00ed, ale pom\u016f\u017eete tak chr\u00e1nit i na\u0161e \u017eivotn\u00ed prost\u0159ed\u00ed. D\u011bkujeme v\u00e1m, \u017ee n\u00e1m pom\u00e1h\u00e1te \u0161\u00ed\u0159it my\u0161lenku o pot\u0159eb\u011b recyklovat a spole\u010dn\u011b vym\u011b\u0148ujeme tis\u00edce um\u011bl\u00fdch s\u00e1\u010dk\u016f za ln\u011bn\u00e9 pytl\u00edky \u2665<\/p>\n<p>V\u0161echny na\u0161e pytl\u00edky na pe\u010divo jsou 100% kompostovateln\u00e9 a ve va\u0161em dom\u00e1c\u00edm kompostu se rozlo\u017e\u00ed do m\u011bs\u00edce.<\/p>\n<p><strong>Jako bonus v\u00e1m p\u0159ijdou v\u0161echny v\u00fdrobky kr\u00e1sn\u011b zabalen\u00e9, a my v\u00e1s tak odleh\u010d\u00edme od starost\u00ed s vym\u00fd\u0161len\u00edm d\u00e1rkov\u00fdch balen\u00ed. Bal\u00ed\u010dek m\u016f\u017eete rovnou darovat, a\u0165 u\u017e ke sv\u00e1tku, nebo k V\u00e1noc\u016fm. Sestavte si vlastn\u00ed kombinaci barev a doraz\u00ed k v\u00e1m kr\u00e1sn\u00e1 a vo\u0148av\u00e1 krabi\u010dka.<\/strong><\/p>\n<p>Ln\u011bn\u00e9 ubrousky m\u016f\u017eete kombinovat s ln\u011bnou \u0161t\u00f3lou <a href=\"https:\/\/lanaja.sk\/cs\/obchod\/kuchyne\/lnene-ubrusy-a-prostirani\/lnena-stola\/\" target=\"_blank\" rel=\"noopener noreferrer\">ZDE<\/a> a prost\u00edr\u00e1n\u00edm ln\u011bn\u00e9ho stolu <a href=\"https:\/\/lanaja.sk\/cs\/kategorie-produktu\/kuchyne\/lnene-ubrusy-a-prostirani\/\" target=\"_blank\" rel=\"noopener noreferrer\">ZDE<\/a><\/p>\n<p>Dod\u00e1n\u00ed a u\u0161it\u00ed v\u00fdrobk\u016f je 5-15 pracovn\u00edch dn\u016f v z\u00e1vislosti na konkr\u00e9tn\u00edm produktu.<\/p>\n<p><strong>BARVY SI M\u016e\u017dETE VYBRAT POMOC\u00cd P\u0158ILO\u017dEN\u00c9HO VZORN\u00cdKU A VYBRANOU BARVU NAPSAT DO POZN\u00c1MKY V OBJEDN\u00c1VCE. Na fotk\u00e1ch jsou barvy ubrousk\u016f: MAUV\u00c9 FIALOV\u00c1, PUDROV\u00c1 FIALOV\u00c1 a R\u016e\u017dOV\u00c1 BARVA.<\/strong><\/p>\n<p>&nbsp;<\/p>\n<p>FOTO: Daniela Sl\u00e1vik<\/p>\n","protected":false},"excerpt":{"rendered":"<p>Ln\u011bn\u00e9 ubrousky u\u0161it\u00e9 ze 100% p\u0159edepran\u00e9ho m\u011bk\u010den\u00e9ho lnu jsou ide\u00e1ln\u00ed n\u00e1hradou pap\u00edrov\u00fdch ubrousk\u016f a serv\u00edtek. Nejen\u017ee p\u016fsob\u00ed elegantn\u011bji a vytv\u00e1\u0159\u00ed slavnostn\u011bj\u0161\u00ed atmosf\u00e9ru p\u0159i stolov\u00e1n\u00ed, ale jejich opakovan\u00fdm pou\u017e\u00edv\u00e1n\u00edm \u0161et\u0159\u00edte na\u0161i p\u0159\u00edrodu a \u017eivotn\u00ed prost\u0159ed\u00ed a nevytv\u00e1\u0159\u00edte dal\u0161\u00ed zbyte\u010dn\u00fd odpad. Pokud jsi i ty nad\u0161encem ZERO WASTE a \u017eivota BEZ ODPADU, toto je pro tebe to [&hellip;]<\/p>\n","protected":false},"featured_media":7151,"template":"","meta":[],"product_brand":[],"product_cat":[351],"product_tag":[361],"class_list":{"0":"post-13361","1":"product","2":"type-product","3":"status-publish","4":"has-post-thumbnail","6":"product_cat-lnene-ubrusy-a-prostirani","7":"product_tag-lnene-ubrousky","9":"first","10":"onbackorder","11":"shipping-taxable","12":"purchasable","13":"product-type-variable"},"yoast_head":"<!-- This site is optimized with the Yoast SEO plugin v27.4 - https:\/\/yoast.com\/product\/yoast-seo-wordpress\/ -->\n<title>Ln\u011bn\u00e9 ubrousky &#8226; Lanaja-slovensk\u00e1 udr\u017eiteln\u00e1 zna\u010dka a v\u00fdrobce ln\u011bn\u00e9ho textilu<\/title>\n<meta name=\"description\" content=\"Ln\u011bn\u00e9 s\u00e1\u010dky na kv\u00e1skov\u00e9 pe\u010divo, ln\u011bn\u00e9 ubrousky, ln\u011bn\u00e9 ubrusy, ln\u011bn\u00e1 prost\u00edr\u00e1n\u00ed, ln\u011bn\u00e9 povle\u010den\u00ed,ln\u011bn\u00e9 z\u00e1st\u011bry\" \/>\n<meta name=\"robots\" content=\"index, follow, max-snippet:-1, max-image-preview:large, max-video-preview:-1\" \/>\n<link rel=\"canonical\" href=\"https:\/\/lanaja.sk\/cs\/obchod\/lnene-ubrousky-3\/\" \/>\n<meta property=\"og:locale\" content=\"cs_CZ\" \/>\n<meta property=\"og:type\" content=\"article\" \/>\n<meta property=\"og:title\" content=\"Ln\u011bn\u00e9 ubrousky &#8226; Lanaja-slovensk\u00e1 udr\u017eiteln\u00e1 zna\u010dka a v\u00fdrobce ln\u011bn\u00e9ho textilu\" \/>\n<meta property=\"og:description\" content=\"Ln\u011bn\u00e9 s\u00e1\u010dky na kv\u00e1skov\u00e9 pe\u010divo, ln\u011bn\u00e9 ubrousky, ln\u011bn\u00e9 ubrusy, ln\u011bn\u00e1 prost\u00edr\u00e1n\u00ed, ln\u011bn\u00e9 povle\u010den\u00ed,ln\u011bn\u00e9 z\u00e1st\u011bry\" \/>\n<meta property=\"og:url\" content=\"https:\/\/lanaja.sk\/cs\/obchod\/lnene-ubrousky-3\/\" \/>\n<meta property=\"og:site_name\" content=\"Lanaja-slovensk\u00e1 udr\u017eiteln\u00e1 zna\u010dka a v\u00fdrobce ln\u011bn\u00e9ho textilu\" \/>\n<meta property=\"article:publisher\" content=\"https:\/\/www.facebook.com\/Abreadbag\" \/>\n<meta property=\"article:modified_time\" content=\"2025-07-29T19:03:58+00:00\" \/>\n<meta property=\"og:image\" content=\"https:\/\/lanaja.sk\/wp-content\/uploads\/2021\/11\/A-bread-bag-Vianoce-14-of-18-scaled-e1636276420135-jpg.webp\" \/>\n\t<meta property=\"og:image:width\" content=\"600\" \/>\n\t<meta property=\"og:image:height\" content=\"900\" \/>\n\t<meta property=\"og:image:type\" content=\"image\/jpeg\" \/>\n<meta name=\"twitter:card\" content=\"summary_large_image\" \/>\n<meta name=\"twitter:label1\" content=\"Odhadovan\u00e1 doba \u010dten\u00ed\" \/>\n\t<meta name=\"twitter:data1\" content=\"2 minuty\" \/>\n<script type=\"application\/ld+json\" class=\"yoast-schema-graph\">{\"@context\":\"https:\\\/\\\/schema.org\",\"@graph\":[{\"@type\":\"WebPage\",\"@id\":\"https:\\\/\\\/lanaja.sk\\\/cs\\\/obchod\\\/lnene-ubrousky-3\\\/\",\"url\":\"https:\\\/\\\/lanaja.sk\\\/cs\\\/obchod\\\/lnene-ubrousky-3\\\/\",\"name\":\"Ln\u011bn\u00e9 ubrousky &#8226; Lanaja-slovensk\u00e1 udr\u017eiteln\u00e1 zna\u010dka a v\u00fdrobce ln\u011bn\u00e9ho textilu\",\"isPartOf\":{\"@id\":\"https:\\\/\\\/lanaja.sk\\\/cs\\\/#website\"},\"primaryImageOfPage\":{\"@id\":\"https:\\\/\\\/lanaja.sk\\\/cs\\\/obchod\\\/lnene-ubrousky-3\\\/#primaryimage\"},\"image\":{\"@id\":\"https:\\\/\\\/lanaja.sk\\\/cs\\\/obchod\\\/lnene-ubrousky-3\\\/#primaryimage\"},\"thumbnailUrl\":\"https:\\\/\\\/lanaja.sk\\\/wp-content\\\/uploads\\\/2021\\\/11\\\/A-bread-bag-Vianoce-14-of-18-scaled-e1636276420135-jpg.webp\",\"datePublished\":\"2021-11-07T09:23:03+00:00\",\"dateModified\":\"2025-07-29T19:03:58+00:00\",\"description\":\"Ln\u011bn\u00e9 s\u00e1\u010dky na kv\u00e1skov\u00e9 pe\u010divo, ln\u011bn\u00e9 ubrousky, ln\u011bn\u00e9 ubrusy, ln\u011bn\u00e1 prost\u00edr\u00e1n\u00ed, ln\u011bn\u00e9 povle\u010den\u00ed,ln\u011bn\u00e9 z\u00e1st\u011bry\",\"breadcrumb\":{\"@id\":\"https:\\\/\\\/lanaja.sk\\\/cs\\\/obchod\\\/lnene-ubrousky-3\\\/#breadcrumb\"},\"inLanguage\":\"cs\",\"potentialAction\":[{\"@type\":\"ReadAction\",\"target\":[\"https:\\\/\\\/lanaja.sk\\\/cs\\\/obchod\\\/lnene-ubrousky-3\\\/\"]}]},{\"@type\":\"ImageObject\",\"inLanguage\":\"cs\",\"@id\":\"https:\\\/\\\/lanaja.sk\\\/cs\\\/obchod\\\/lnene-ubrousky-3\\\/#primaryimage\",\"url\":\"https:\\\/\\\/lanaja.sk\\\/wp-content\\\/uploads\\\/2021\\\/11\\\/A-bread-bag-Vianoce-14-of-18-scaled-e1636276420135-jpg.webp\",\"contentUrl\":\"https:\\\/\\\/lanaja.sk\\\/wp-content\\\/uploads\\\/2021\\\/11\\\/A-bread-bag-Vianoce-14-of-18-scaled-e1636276420135-jpg.webp\",\"width\":600,\"height\":900,\"caption\":\"\u013eanov\u00fd obrus\"},{\"@type\":\"BreadcrumbList\",\"@id\":\"https:\\\/\\\/lanaja.sk\\\/cs\\\/obchod\\\/lnene-ubrousky-3\\\/#breadcrumb\",\"itemListElement\":[{\"@type\":\"ListItem\",\"position\":1,\"name\":\"Home\",\"item\":\"https:\\\/\\\/lanaja.sk\\\/cs\\\/\"},{\"@type\":\"ListItem\",\"position\":2,\"name\":\"Obchod\",\"item\":\"https:\\\/\\\/lanaja.sk\\\/cs\\\/obchod-cz\\\/\"},{\"@type\":\"ListItem\",\"position\":3,\"name\":\"Ln\u011bn\u00e9 ubrousky\"}]},{\"@type\":\"WebSite\",\"@id\":\"https:\\\/\\\/lanaja.sk\\\/cs\\\/#website\",\"url\":\"https:\\\/\\\/lanaja.sk\\\/cs\\\/\",\"name\":\"Lanaja - bytov\u00fd textil z \u013eanu a \u013eanov\u00e9 v\u00fdrobky\",\"description\":\"Jedine\u010dn\u00fd bytov\u00fd textil, ln\u011bn\u00e9 pytl\u00edky, ln\u011bn\u00e9 ubrusy, ln\u011bn\u00e9 lo\u017en\u00ed povle\u010den\u00ed, ln\u011bn\u00e9 ut\u011brky, ln\u011bn\u00e9 prost\u00edr\u00e1n\u00ed vyroben\u00e9 a \u0161it\u00e9 na Slovensku\",\"publisher\":{\"@id\":\"https:\\\/\\\/lanaja.sk\\\/cs\\\/#organization\"},\"alternateName\":\"Lanaja - v\u00fdrobky z \u013eanu, \u013eanov\u00fd bytov\u00fd textil\",\"potentialAction\":[{\"@type\":\"SearchAction\",\"target\":{\"@type\":\"EntryPoint\",\"urlTemplate\":\"https:\\\/\\\/lanaja.sk\\\/cs\\\/?s={search_term_string}\"},\"query-input\":{\"@type\":\"PropertyValueSpecification\",\"valueRequired\":true,\"valueName\":\"search_term_string\"}}],\"inLanguage\":\"cs\"},{\"@type\":\"Organization\",\"@id\":\"https:\\\/\\\/lanaja.sk\\\/cs\\\/#organization\",\"name\":\"Lanaja\",\"alternateName\":\"Al\u017ebeta Andr\u00e1\u0161ikov\u00e1 - Lanaja\",\"url\":\"https:\\\/\\\/lanaja.sk\\\/cs\\\/\",\"logo\":{\"@type\":\"ImageObject\",\"inLanguage\":\"cs\",\"@id\":\"https:\\\/\\\/lanaja.sk\\\/cs\\\/#\\\/schema\\\/logo\\\/image\\\/\",\"url\":\"https:\\\/\\\/lanaja.sk\\\/wp-content\\\/uploads\\\/2024\\\/01\\\/Lanaja.sk-logo.png\",\"contentUrl\":\"https:\\\/\\\/lanaja.sk\\\/wp-content\\\/uploads\\\/2024\\\/01\\\/Lanaja.sk-logo.png\",\"width\":600,\"height\":300,\"caption\":\"Lanaja\"},\"image\":{\"@id\":\"https:\\\/\\\/lanaja.sk\\\/cs\\\/#\\\/schema\\\/logo\\\/image\\\/\"},\"sameAs\":[\"https:\\\/\\\/www.facebook.com\\\/Abreadbag\",\"https:\\\/\\\/www.instagram.com\\\/lanaja_sk\\\/\"]}]}<\/script>\n<!-- \/ Yoast SEO plugin. -->","yoast_head_json":{"title":"Ln\u011bn\u00e9 ubrousky &#8226; Lanaja-slovensk\u00e1 udr\u017eiteln\u00e1 zna\u010dka a v\u00fdrobce ln\u011bn\u00e9ho textilu","description":"Ln\u011bn\u00e9 s\u00e1\u010dky na kv\u00e1skov\u00e9 pe\u010divo, ln\u011bn\u00e9 ubrousky, ln\u011bn\u00e9 ubrusy, ln\u011bn\u00e1 prost\u00edr\u00e1n\u00ed, ln\u011bn\u00e9 povle\u010den\u00ed,ln\u011bn\u00e9 z\u00e1st\u011bry","robots":{"index":"index","follow":"follow","max-snippet":"max-snippet:-1","max-image-preview":"max-image-preview:large","max-video-preview":"max-video-preview:-1"},"canonical":"https:\/\/lanaja.sk\/cs\/obchod\/lnene-ubrousky-3\/","og_locale":"cs_CZ","og_type":"article","og_title":"Ln\u011bn\u00e9 ubrousky &#8226; Lanaja-slovensk\u00e1 udr\u017eiteln\u00e1 zna\u010dka a v\u00fdrobce ln\u011bn\u00e9ho textilu","og_description":"Ln\u011bn\u00e9 s\u00e1\u010dky na kv\u00e1skov\u00e9 pe\u010divo, ln\u011bn\u00e9 ubrousky, ln\u011bn\u00e9 ubrusy, ln\u011bn\u00e1 prost\u00edr\u00e1n\u00ed, ln\u011bn\u00e9 povle\u010den\u00ed,ln\u011bn\u00e9 z\u00e1st\u011bry","og_url":"https:\/\/lanaja.sk\/cs\/obchod\/lnene-ubrousky-3\/","og_site_name":"Lanaja-slovensk\u00e1 udr\u017eiteln\u00e1 zna\u010dka a v\u00fdrobce ln\u011bn\u00e9ho textilu","article_publisher":"https:\/\/www.facebook.com\/Abreadbag","article_modified_time":"2025-07-29T19:03:58+00:00","og_image":[{"width":600,"height":900,"url":"https:\/\/lanaja.sk\/wp-content\/uploads\/2021\/11\/A-bread-bag-Vianoce-14-of-18-scaled-e1636276420135-jpg.webp","type":"image\/jpeg"}],"twitter_card":"summary_large_image","twitter_misc":{"Odhadovan\u00e1 doba \u010dten\u00ed":"2 minuty"},"schema":{"@context":"https:\/\/schema.org","@graph":[{"@type":"WebPage","@id":"https:\/\/lanaja.sk\/cs\/obchod\/lnene-ubrousky-3\/","url":"https:\/\/lanaja.sk\/cs\/obchod\/lnene-ubrousky-3\/","name":"Ln\u011bn\u00e9 ubrousky &#8226; Lanaja-slovensk\u00e1 udr\u017eiteln\u00e1 zna\u010dka a v\u00fdrobce ln\u011bn\u00e9ho textilu","isPartOf":{"@id":"https:\/\/lanaja.sk\/cs\/#website"},"primaryImageOfPage":{"@id":"https:\/\/lanaja.sk\/cs\/obchod\/lnene-ubrousky-3\/#primaryimage"},"image":{"@id":"https:\/\/lanaja.sk\/cs\/obchod\/lnene-ubrousky-3\/#primaryimage"},"thumbnailUrl":"https:\/\/lanaja.sk\/wp-content\/uploads\/2021\/11\/A-bread-bag-Vianoce-14-of-18-scaled-e1636276420135-jpg.webp","datePublished":"2021-11-07T09:23:03+00:00","dateModified":"2025-07-29T19:03:58+00:00","description":"Ln\u011bn\u00e9 s\u00e1\u010dky na kv\u00e1skov\u00e9 pe\u010divo, ln\u011bn\u00e9 ubrousky, ln\u011bn\u00e9 ubrusy, ln\u011bn\u00e1 prost\u00edr\u00e1n\u00ed, ln\u011bn\u00e9 povle\u010den\u00ed,ln\u011bn\u00e9 z\u00e1st\u011bry","breadcrumb":{"@id":"https:\/\/lanaja.sk\/cs\/obchod\/lnene-ubrousky-3\/#breadcrumb"},"inLanguage":"cs","potentialAction":[{"@type":"ReadAction","target":["https:\/\/lanaja.sk\/cs\/obchod\/lnene-ubrousky-3\/"]}]},{"@type":"ImageObject","inLanguage":"cs","@id":"https:\/\/lanaja.sk\/cs\/obchod\/lnene-ubrousky-3\/#primaryimage","url":"https:\/\/lanaja.sk\/wp-content\/uploads\/2021\/11\/A-bread-bag-Vianoce-14-of-18-scaled-e1636276420135-jpg.webp","contentUrl":"https:\/\/lanaja.sk\/wp-content\/uploads\/2021\/11\/A-bread-bag-Vianoce-14-of-18-scaled-e1636276420135-jpg.webp","width":600,"height":900,"caption":"\u013eanov\u00fd obrus"},{"@type":"BreadcrumbList","@id":"https:\/\/lanaja.sk\/cs\/obchod\/lnene-ubrousky-3\/#breadcrumb","itemListElement":[{"@type":"ListItem","position":1,"name":"Home","item":"https:\/\/lanaja.sk\/cs\/"},{"@type":"ListItem","position":2,"name":"Obchod","item":"https:\/\/lanaja.sk\/cs\/obchod-cz\/"},{"@type":"ListItem","position":3,"name":"Ln\u011bn\u00e9 ubrousky"}]},{"@type":"WebSite","@id":"https:\/\/lanaja.sk\/cs\/#website","url":"https:\/\/lanaja.sk\/cs\/","name":"Lanaja - bytov\u00fd textil z \u013eanu a \u013eanov\u00e9 v\u00fdrobky","description":"Jedine\u010dn\u00fd bytov\u00fd textil, ln\u011bn\u00e9 pytl\u00edky, ln\u011bn\u00e9 ubrusy, ln\u011bn\u00e9 lo\u017en\u00ed povle\u010den\u00ed, ln\u011bn\u00e9 ut\u011brky, ln\u011bn\u00e9 prost\u00edr\u00e1n\u00ed vyroben\u00e9 a \u0161it\u00e9 na Slovensku","publisher":{"@id":"https:\/\/lanaja.sk\/cs\/#organization"},"alternateName":"Lanaja - v\u00fdrobky z \u013eanu, \u013eanov\u00fd bytov\u00fd textil","potentialAction":[{"@type":"SearchAction","target":{"@type":"EntryPoint","urlTemplate":"https:\/\/lanaja.sk\/cs\/?s={search_term_string}"},"query-input":{"@type":"PropertyValueSpecification","valueRequired":true,"valueName":"search_term_string"}}],"inLanguage":"cs"},{"@type":"Organization","@id":"https:\/\/lanaja.sk\/cs\/#organization","name":"Lanaja","alternateName":"Al\u017ebeta Andr\u00e1\u0161ikov\u00e1 - Lanaja","url":"https:\/\/lanaja.sk\/cs\/","logo":{"@type":"ImageObject","inLanguage":"cs","@id":"https:\/\/lanaja.sk\/cs\/#\/schema\/logo\/image\/","url":"https:\/\/lanaja.sk\/wp-content\/uploads\/2024\/01\/Lanaja.sk-logo.png","contentUrl":"https:\/\/lanaja.sk\/wp-content\/uploads\/2024\/01\/Lanaja.sk-logo.png","width":600,"height":300,"caption":"Lanaja"},"image":{"@id":"https:\/\/lanaja.sk\/cs\/#\/schema\/logo\/image\/"},"sameAs":["https:\/\/www.facebook.com\/Abreadbag","https:\/\/www.instagram.com\/lanaja_sk\/"]}]}},"_links":{"self":[{"href":"https:\/\/lanaja.sk\/cs\/wp-json\/wp\/v2\/product\/13361","targetHints":{"allow":["GET"]}}],"collection":[{"href":"https:\/\/lanaja.sk\/cs\/wp-json\/wp\/v2\/product"}],"about":[{"href":"https:\/\/lanaja.sk\/cs\/wp-json\/wp\/v2\/types\/product"}],"version-history":[{"count":1,"href":"https:\/\/lanaja.sk\/cs\/wp-json\/wp\/v2\/product\/13361\/revisions"}],"predecessor-version":[{"id":16425,"href":"https:\/\/lanaja.sk\/cs\/wp-json\/wp\/v2\/product\/13361\/revisions\/16425"}],"wp:featuredmedia":[{"embeddable":true,"href":"https:\/\/lanaja.sk\/cs\/wp-json\/wp\/v2\/media\/7151"}],"wp:attachment":[{"href":"https:\/\/lanaja.sk\/cs\/wp-json\/wp\/v2\/media?parent=13361"}],"wp:term":[{"taxonomy":"product_brand","embeddable":true,"href":"https:\/\/lanaja.sk\/cs\/wp-json\/wp\/v2\/product_brand?post=13361"},{"taxonomy":"product_cat","embeddable":true,"href":"https:\/\/lanaja.sk\/cs\/wp-json\/wp\/v2\/product_cat?post=13361"},{"taxonomy":"product_tag","embeddable":true,"href":"https:\/\/lanaja.sk\/cs\/wp-json\/wp\/v2\/product_tag?post=13361"}],"curies":[{"name":"wp","href":"https:\/\/api.w.org\/{rel}","templated":true}]}}