{"id":13367,"date":"2022-03-16T10:56:40","date_gmt":"2022-03-16T09:56:40","guid":{"rendered":"https:\/\/lanaja.sk\/obchod\/neza\u0159azen\u00e9\/povleceni-filip\/"},"modified":"2025-09-28T17:56:27","modified_gmt":"2025-09-28T15:56:27","slug":"povleceni-filip","status":"publish","type":"product","link":"https:\/\/lanaja.sk\/cs\/obchod\/povleceni-filip\/","title":{"rendered":"Ln\u011bn\u00e9 povle\u010den\u00ed Filip"},"content":{"rendered":"<h2>Ln\u011bn\u00e9 povle\u010den\u00ed Filip<\/h2>\n<p>&nbsp;<\/p>\n<p>Pokud chcete ve sv\u00e9m dom\u011b vytvo\u0159it udr\u017eiteln\u011bj\u0161\u00ed a ekologi\u010dt\u011bj\u0161\u00ed prost\u0159ed\u00ed, ekologick\u00e1 kombinace 100% lnu je rozhodn\u011b materi\u00e1l, do kter\u00e9ho se vyplat\u00ed investovat. 100% len je \u0161etrn\u00fd k \u017eivotn\u00edmu prost\u0159ed\u00ed, z\u00e1rove\u0148 je to obnoviteln\u00fd zdroj. P\u0159i p\u011bstov\u00e1n\u00ed se nepou\u017e\u00edvaj\u00ed \u017e\u00e1dn\u00e1 hnojiva a nepot\u0159ebuje \u017e\u00e1dn\u00e9 zavla\u017eov\u00e1n\u00ed. Len je tak\u00e9 pln\u011b biologicky odbourateln\u00fd.<\/p>\n<p>Ln\u011bn\u00e9 povle\u010den\u00ed Filip je u\u0161ito z p\u0159\u00edrodn\u00edho evropsk\u00e9ho lnu v bled\u011b modr\u00e9 barv\u011b, kter\u00fd je p\u0159edepran\u00fd, certifikovan\u00fd, upraven\u00fd a zm\u011bk\u010den\u00fd technologi\u00ed stonewash. Ln\u011bn\u00e1 tkanina tak z\u00edsk\u00e1v\u00e1 obl\u00edben\u00fd m\u011bk\u010d\u00ed vzhled, p\u0159irozen\u011b a rovnom\u011brn\u011b se ma\u010dk\u00e1. P\u0159i pou\u017e\u00edv\u00e1n\u00ed se v\u00e1m odm\u011bn\u00ed p\u0159\u00edjemn\u00fdm pocitem hebkosti, b\u011bhem sp\u00e1nku prokrv\u00ed a jemn\u011b mas\u00edruje va\u0161i poko\u017eku, podpo\u0159\u00ed relaxaci, \u010d\u00edm\u017e ji d\u00edky sv\u00e9mu p\u0159irozen\u00e9mu pH zjemn\u00ed a ochr\u00e1n\u00ed. Tento len nen\u00ed t\u0159eba \u017eehlit, po vypr\u00e1n\u00ed je kr\u00e1sn\u011b poma\u010dkan\u00fd.<\/p>\n<p><strong>Odpo\u010di\u0148te si po dobrodru\u017en\u00e9m dni a pono\u0159te se do m\u011bkk\u00e9ho objet\u00ed lnu. Dop\u0159ejte si kvalitn\u00ed sp\u00e1nek, proto\u017ee ka\u017ed\u00fd den je nov\u00e9 dobrodru\u017estv\u00ed. Odpo\u010di\u0148te si a p\u0159ipravte se na dal\u0161\u00ed!<\/strong><\/p>\n<h4><strong>V\u00fdhody lo\u017en\u00edho pr\u00e1dla a lo\u017en\u00edho pr\u00e1dla ze 100% lnu:<\/strong><\/h4>\n<p>&#8211; Lo\u017en\u00ed pr\u00e1dlo ze 100% lnu je d\u00edky sv\u00e9 unik\u00e1tn\u00ed filtraci, schopnosti odol\u00e1vat bakteri\u00edm, vzdu\u0161nosti, absorpci vlhkosti a odpa\u0159ov\u00e1n\u00ed zn\u00e1m\u00e9 <strong>jako antialergick\u00e9, doporu\u010duje se pro osoby s ko\u017en\u00edmi chorobami, alergiemi a je vhodn\u00e9 i pro mal\u00e9 d\u011bti.<\/strong> M\u00e1 vysokou schopnost potla\u010dovat bakterie, rozto\u010de a pl\u00edsn\u011b, je vysoce repelentn\u00ed proti hmyzu.<\/p>\n<p>&#8211;<strong>100% len je antistatick\u00fd, nep\u0159itahuje prach a d\u00edky sv\u00e9 p\u0159irozen\u00e9 rovnov\u00e1ze pH m\u016f\u017ee dokonce pomoci zjemnit a chr\u00e1nit poko\u017eku. <\/strong> <\/p>\n<p>&#8211; Ln\u011bn\u00e1 tkanina m\u00e1 d\u00edky mikroskopick\u00fdm trhlink\u00e1m na vn\u011bj\u0161\u00edm povrchu lehk\u00fd mas\u00e1\u017en\u00ed \u00fa\u010dinek. Dop\u0159ejte si <strong>bezplatnou<\/strong> mas\u00e1\u017e. Nepravidelnosti, drsn\u011bj\u0161\u00ed povrch, drobn\u00e9 hrbolky a vr\u00e1s\u010dit\u00e1 textura v\u00e1m poskytnou mas\u00e1\u017e b\u011bhem sp\u00e1nku, <strong>stimuluj\u00ed pr\u016ftok krve a podpo\u0159\u00ed relaxaci.<\/strong><\/p>\n<p>&#8211; <strong>Ln\u011bn\u00e9 pr\u00e1dlo m\u00e1 vysokou prody\u0161nost a tepelnou vodivost,<\/strong> je to prody\u0161n\u00e1 tkanina, v zim\u011b v\u00e1s zah\u0159eje a v l\u00e9t\u011b ochlad\u00ed. M\u00e1 p\u011btkr\u00e1t vy\u0161\u0161\u00ed tepelnou vodivost ne\u017e vlna a ve srovn\u00e1n\u00ed s bavlnou nebo hedv\u00e1b\u00edm samoreguluje teplotu a v\u00fdh\u0159evnost asi o \u010dty\u0159i stupn\u011b.<\/p>\n<p>&#8211;  <strong>Ln\u011bn\u00e9 povle\u010den\u00ed dok\u00e1\u017ee d\u00edky sv\u00e9 molekul\u00e1rn\u00ed struktu\u0159e absorbovat a\u017e 20 % sv\u00e9 hmotnosti z vlhkosti, proto dokonale absorbuje pot a zaru\u010d\u00ed v\u00e1m pln\u011bj\u0161\u00ed a zdrav\u011bj\u0161\u00ed sp\u00e1nek. <\/strong> A\u0165 u\u017e je hork\u00e1 letn\u00ed noc nebo chladn\u00e9 zimn\u00ed r\u00e1no, ln\u011bn\u00e1 prost\u011bradla reguluj\u00ed v\u00fdm\u011bnu tepla mezi poko\u017ekou a vzduchem jako \u017e\u00e1dn\u00e1 jin\u00e1 tkanina. Ln\u011bn\u00e9 vl\u00e1kno je dut\u00e9, tak\u017ee se t\u011bmito schopnostmi vyzna\u010dujeme. Udr\u017euje teplo ve sv\u00fdch vl\u00e1knech, ochlazuje a spolehliv\u011b odv\u00e1d\u00ed p\u0159ebyte\u010dnou vlhkost.<\/p>\n<p>-ln\u011bn\u00e1 tkanina je n\u011bkolikan\u00e1sobn\u011b pevn\u011bj\u0161\u00ed ne\u017e bavlna, trvanliv\u00e1 a pou\u017eit\u00ed takov\u00e9ho lo\u017en\u00edho pr\u00e1dla je dlouhodobou z\u00e1rukou spokojenosti. \u010c\u00edm \u010dast\u011bji budete pr\u00e1t lo\u017en\u00ed pr\u00e1dlo, t\u00edm bude m\u011bk\u010d\u00ed a kr\u00e1sn\u011bj\u0161\u00ed. Nen\u00ed tedy t\u0159eba se ob\u00e1vat vy\u0161\u0161\u00ed investice, kter\u00e1 v\u00e1m i va\u0161\u00ed rodin\u011b zaru\u010d\u00ed zdrav\u011bj\u0161\u00ed sp\u00e1nek na mnoho let a v neposledn\u00ed \u0159ad\u011b vytvo\u0159\u00ed bezpe\u010dn\u011bj\u0161\u00ed a zdrav\u011bj\u0161\u00ed domov pro v\u00e1s i va\u0161e bl\u00edzk\u00e9.<\/p>\n<p>Ln\u011bn\u00e1 tkanina m\u00e1 jedine\u010dn\u00fd majest\u00e1tn\u00ed vzhled, kter\u00fd \u017e\u00e1dn\u00fd jin\u00fd druh textilu nedok\u00e1\u017ee napodobit. Len je pravd\u011bpodobn\u011b jedin\u00fd materi\u00e1l, kter\u00fd se ide\u00e1ln\u011b hod\u00ed do jak\u00e9hokoli stylu interi\u00e9ru a vytv\u00e1\u0159\u00ed univerz\u00e1ln\u00ed estetick\u00fd vzhled. Zn\u00e1te slowfashion v m\u00f3dn\u00edm pr\u016fmyslu a j\u00e1 se v\u00e1m pokus\u00edm p\u0159ibl\u00ed\u017eit slowliving. Pomalou m\u00f3du v bytov\u00e9m a interi\u00e9rov\u00e9m designu z udr\u017eiteln\u00fdch a p\u0159\u00edrodn\u00edch materi\u00e1l\u016f, kter\u00e9 n\u00e1m vydr\u017e\u00ed des\u00edtky let, ne jen p\u00e1r let nebo m\u011bs\u00edc\u016f.<\/p>\n<p>T\u00edm, \u017ee bylo na ln\u011bn\u00e9m povle\u010den\u00ed zvoleno i vn\u011bj\u0161\u00ed pro\u0161it\u00ed (pro\u0161tepov\u00e1n\u00ed na 1 mm od okraje) po obvodu, v\u00e1m zaru\u010d\u00ed st\u00e1lost tvaru p\u0159i pran\u00ed. Povle\u010den\u00ed se nekrout\u00ed a po vypr\u00e1n\u00ed je sta\u010d\u00ed vyt\u0159epat a nechat uschnout. Ka\u017ed\u00e1 lo\u017en\u00ed souprava v\u00e1m dom\u016f p\u0159ijde kr\u00e1sn\u011b zabalen\u00e1 v d\u00e1rkov\u00e9 krabi\u010dce. P\u0159ed \u0161it\u00edm se l\u00e1tka vypere a vy\u017eehl\u00ed, tak\u017ee se nemus\u00edte b\u00e1t, \u017ee by se p\u0159i dal\u0161\u00edm pran\u00ed srazila. Chceme v\u00e1m p\u0159in\u00e9st kvalitn\u00ed lo\u017en\u00ed pr\u00e1dlo, kter\u00e9 je pln\u011b funk\u010dn\u00ed, zdravotn\u011b nez\u00e1vadn\u00e9 a s individu\u00e1ln\u00edmi ln\u011bn\u00fdmi benefity i zdrav\u00ed prosp\u011b\u0161n\u00e9.<\/p>\n<p>Zap\u00edn\u00e1n\u00ed na ln\u011bn\u00e9m povle\u010den\u00ed Filip je \u0159e\u0161eno d\u0159ev\u011bn\u00fdmi knofl\u00edky. P\u0159i objedn\u00e1vce si m\u016f\u017eete vybrat dva typy knofl\u00edk\u016f: d\u0159ev\u011bn\u00e9 nebo kokosov\u00e9. Typ zap\u00edn\u00e1n\u00ed: zap\u00edn\u00e1n\u00ed na viditeln\u00fd knofl\u00edk nebo zap\u00edn\u00e1n\u00ed na skryt\u00e9 knofl\u00edky. Zap\u00edn\u00e1n\u00ed na zip (upozorn\u011bn\u00ed pro na\u0161e mil\u00e9 z\u00e1kazn\u00edky: kvalitn\u00ed zipy \u0161ijeme do ln\u011bn\u00fdch prost\u011bradel, ale m\u00e1me dlouholet\u00e9 zku\u0161enosti, \u017ee zipov\u00e9 b\u011bhouny nevydr\u017e\u00ed tak dlouho jako klasick\u00e9 knofl\u00edkov\u00e9 uz\u00e1v\u011bry, co\u017e nem\u016f\u017eeme ovlivnit). Proto doporu\u010dujeme zvolit klasick\u00e9 zap\u00edn\u00e1n\u00ed na knofl\u00edky.<\/p>\n<p><strong>\u0160ijeme ln\u011bn\u00e9 v\u00fdrobky v na\u0161\u00ed d\u00edln\u011b podle va\u0161ich p\u0159edstav a na m\u00edru, tak\u017ee mus\u00edte po\u010d\u00edtat s dod\u00e1n\u00edm 5-15 pracovn\u00edch dn\u016f, v z\u00e1vislosti na konkr\u00e9tn\u00edm produktu. Barvy na jednotliv\u00fdch monitorech, mobiln\u00edch telefonech mohou b\u00fdt zobrazeny v m\u00edrn\u011b odli\u0161n\u00e9m odst\u00ednu, za kter\u00fd neneseme odpov\u011bdnost, barevn\u00e9 hloubky jednotliv\u00fdch za\u0159\u00edzen\u00ed se li\u0161\u00ed.<\/strong><\/p>\n<p><strong>Ln\u011bn\u00e9 povle\u010den\u00ed FILIP barva: SOFT GREEN, 185g\/m2<\/strong><\/p>\n","protected":false},"excerpt":{"rendered":"<p>Ln\u011bn\u00e9 povle\u010den\u00ed Filip je u\u0161ito z p\u0159\u00edrodn\u00edho evropsk\u00e9ho lnu v tlumen\u00e9 zelen\u00e9 barv\u011b, kter\u00fd je p\u0159edepran\u00fd, certifikovan\u00fd, upraven\u00fd a m\u011bk\u010den\u00fd technologi\u00ed stonewash. Ln\u011bn\u00e1 tkanina tak z\u00edsk\u00e1v\u00e1 obl\u00edben\u00fd m\u011bk\u010d\u00ed vzhled, p\u0159irozen\u011b a rovnom\u011brn\u011b poma\u010dkan\u00e1 a odm\u011bn\u00ed v\u00e1s p\u0159\u00edjemn\u00fdm pocitem m\u011bkkosti p\u0159i pou\u017e\u00edv\u00e1n\u00ed, b\u011bhem sp\u00e1nku p\u0159ekrveje a jemn\u011b mas\u00edruje va\u0161i poko\u017eku, podporuje relaxaci, \u010d\u00edm\u017e ji d\u00edky sv\u00e9mu p\u0159irozen\u00e9mu pH zjem\u0148uje a chr\u00e1n\u00ed. Tento len se nemus\u00ed \u017eehlit, po vypr\u00e1n\u00ed je kr\u00e1sn\u011b poma\u010dkan\u00fd.<\/p>\n","protected":false},"featured_media":7283,"template":"","meta":[],"product_brand":[],"product_cat":[365,363],"product_tag":[175],"class_list":{"0":"post-13367","1":"product","2":"type-product","3":"status-publish","4":"has-post-thumbnail","6":"product_cat-lnena-prosteradla-ve-standardnich-velikostech","7":"product_cat-lnene-povleceni-cs","8":"product_tag-povleceni-filip","10":"first","11":"onbackorder","12":"shipping-taxable","13":"purchasable","14":"product-type-variable"},"yoast_head":"<!-- This site is optimized with the Yoast SEO plugin v27.4 - https:\/\/yoast.com\/product\/yoast-seo-wordpress\/ -->\n<title>Ln\u011bn\u00e9 povle\u010den\u00ed Filip &#8226; Lanaja-slovensk\u00e1 udr\u017eiteln\u00e1 zna\u010dka a v\u00fdrobce ln\u011bn\u00e9ho textilu<\/title>\n<meta name=\"description\" content=\"Ln\u011bn\u00e9 povle\u010den\u00ed Filip Filip je u\u0161ito z p\u0159\u00edrodn\u00edho evropsk\u00e9ho lnu v tlumen\u00e9 zelen\u00e9 barv\u011b, Je p\u0159edepran\u00e9, certifikovan\u00e9 a m\u011bk\u010den\u00e9\" \/>\n<meta name=\"robots\" content=\"index, follow, max-snippet:-1, max-image-preview:large, max-video-preview:-1\" \/>\n<link rel=\"canonical\" href=\"https:\/\/lanaja.sk\/cs\/obchod\/povleceni-filip\/\" \/>\n<meta property=\"og:locale\" content=\"cs_CZ\" \/>\n<meta property=\"og:type\" content=\"article\" \/>\n<meta property=\"og:title\" content=\"Ln\u011bn\u00e9 povle\u010den\u00ed Filip &#8226; Lanaja-slovensk\u00e1 udr\u017eiteln\u00e1 zna\u010dka a v\u00fdrobce ln\u011bn\u00e9ho textilu\" \/>\n<meta property=\"og:description\" content=\"Ln\u011bn\u00e9 povle\u010den\u00ed Filip Filip je u\u0161ito z p\u0159\u00edrodn\u00edho evropsk\u00e9ho lnu v tlumen\u00e9 zelen\u00e9 barv\u011b, Je p\u0159edepran\u00e9, certifikovan\u00e9 a m\u011bk\u010den\u00e9\" \/>\n<meta property=\"og:url\" content=\"https:\/\/lanaja.sk\/cs\/obchod\/povleceni-filip\/\" \/>\n<meta property=\"og:site_name\" content=\"Lanaja-slovensk\u00e1 udr\u017eiteln\u00e1 zna\u010dka a v\u00fdrobce ln\u011bn\u00e9ho textilu\" \/>\n<meta property=\"article:publisher\" content=\"https:\/\/www.facebook.com\/Abreadbag\" \/>\n<meta property=\"article:modified_time\" content=\"2025-09-28T15:56:27+00:00\" \/>\n<meta property=\"og:image\" content=\"https:\/\/lanaja.sk\/wp-content\/uploads\/2022\/03\/l\u030canove\u0301-obliec\u030cky-zelene\u03016-scaled-e1647424206352-jpg.webp\" \/>\n\t<meta property=\"og:image:width\" content=\"567\" \/>\n\t<meta property=\"og:image:height\" content=\"850\" \/>\n\t<meta property=\"og:image:type\" content=\"image\/jpeg\" \/>\n<meta name=\"twitter:card\" content=\"summary_large_image\" \/>\n<meta name=\"twitter:label1\" content=\"Odhadovan\u00e1 doba \u010dten\u00ed\" \/>\n\t<meta name=\"twitter:data1\" content=\"5 minut\" \/>\n<script type=\"application\/ld+json\" class=\"yoast-schema-graph\">{\"@context\":\"https:\\\/\\\/schema.org\",\"@graph\":[{\"@type\":\"WebPage\",\"@id\":\"https:\\\/\\\/lanaja.sk\\\/cs\\\/obchod\\\/povleceni-filip\\\/\",\"url\":\"https:\\\/\\\/lanaja.sk\\\/cs\\\/obchod\\\/povleceni-filip\\\/\",\"name\":\"Ln\u011bn\u00e9 povle\u010den\u00ed Filip &#8226; Lanaja-slovensk\u00e1 udr\u017eiteln\u00e1 zna\u010dka a v\u00fdrobce ln\u011bn\u00e9ho textilu\",\"isPartOf\":{\"@id\":\"https:\\\/\\\/lanaja.sk\\\/cs\\\/#website\"},\"primaryImageOfPage\":{\"@id\":\"https:\\\/\\\/lanaja.sk\\\/cs\\\/obchod\\\/povleceni-filip\\\/#primaryimage\"},\"image\":{\"@id\":\"https:\\\/\\\/lanaja.sk\\\/cs\\\/obchod\\\/povleceni-filip\\\/#primaryimage\"},\"thumbnailUrl\":\"https:\\\/\\\/lanaja.sk\\\/wp-content\\\/uploads\\\/2022\\\/03\\\/l\u030canove\u0301-obliec\u030cky-zelene\u03016-scaled-e1647424206352-jpg.webp\",\"datePublished\":\"2022-03-16T09:56:40+00:00\",\"dateModified\":\"2025-09-28T15:56:27+00:00\",\"description\":\"Ln\u011bn\u00e9 povle\u010den\u00ed Filip Filip je u\u0161ito z p\u0159\u00edrodn\u00edho evropsk\u00e9ho lnu v tlumen\u00e9 zelen\u00e9 barv\u011b, Je p\u0159edepran\u00e9, certifikovan\u00e9 a m\u011bk\u010den\u00e9\",\"breadcrumb\":{\"@id\":\"https:\\\/\\\/lanaja.sk\\\/cs\\\/obchod\\\/povleceni-filip\\\/#breadcrumb\"},\"inLanguage\":\"cs\",\"potentialAction\":[{\"@type\":\"ReadAction\",\"target\":[\"https:\\\/\\\/lanaja.sk\\\/cs\\\/obchod\\\/povleceni-filip\\\/\"]}]},{\"@type\":\"ImageObject\",\"inLanguage\":\"cs\",\"@id\":\"https:\\\/\\\/lanaja.sk\\\/cs\\\/obchod\\\/povleceni-filip\\\/#primaryimage\",\"url\":\"https:\\\/\\\/lanaja.sk\\\/wp-content\\\/uploads\\\/2022\\\/03\\\/l\u030canove\u0301-obliec\u030cky-zelene\u03016-scaled-e1647424206352-jpg.webp\",\"contentUrl\":\"https:\\\/\\\/lanaja.sk\\\/wp-content\\\/uploads\\\/2022\\\/03\\\/l\u030canove\u0301-obliec\u030cky-zelene\u03016-scaled-e1647424206352-jpg.webp\",\"width\":567,\"height\":850,\"caption\":\"poste\u013en\u00e9 oblie\u010dky\"},{\"@type\":\"BreadcrumbList\",\"@id\":\"https:\\\/\\\/lanaja.sk\\\/cs\\\/obchod\\\/povleceni-filip\\\/#breadcrumb\",\"itemListElement\":[{\"@type\":\"ListItem\",\"position\":1,\"name\":\"Home\",\"item\":\"https:\\\/\\\/lanaja.sk\\\/cs\\\/\"},{\"@type\":\"ListItem\",\"position\":2,\"name\":\"Obchod\",\"item\":\"https:\\\/\\\/lanaja.sk\\\/cs\\\/obchod-cz\\\/\"},{\"@type\":\"ListItem\",\"position\":3,\"name\":\"Ln\u011bn\u00e9 povle\u010den\u00ed Filip\"}]},{\"@type\":\"WebSite\",\"@id\":\"https:\\\/\\\/lanaja.sk\\\/cs\\\/#website\",\"url\":\"https:\\\/\\\/lanaja.sk\\\/cs\\\/\",\"name\":\"Lanaja - bytov\u00fd textil z \u013eanu a \u013eanov\u00e9 v\u00fdrobky\",\"description\":\"Jedine\u010dn\u00fd bytov\u00fd textil, ln\u011bn\u00e9 pytl\u00edky, ln\u011bn\u00e9 ubrusy, ln\u011bn\u00e9 lo\u017en\u00ed povle\u010den\u00ed, ln\u011bn\u00e9 ut\u011brky, ln\u011bn\u00e9 prost\u00edr\u00e1n\u00ed vyroben\u00e9 a \u0161it\u00e9 na Slovensku\",\"publisher\":{\"@id\":\"https:\\\/\\\/lanaja.sk\\\/cs\\\/#organization\"},\"alternateName\":\"Lanaja - v\u00fdrobky z \u013eanu, \u013eanov\u00fd bytov\u00fd textil\",\"potentialAction\":[{\"@type\":\"SearchAction\",\"target\":{\"@type\":\"EntryPoint\",\"urlTemplate\":\"https:\\\/\\\/lanaja.sk\\\/cs\\\/?s={search_term_string}\"},\"query-input\":{\"@type\":\"PropertyValueSpecification\",\"valueRequired\":true,\"valueName\":\"search_term_string\"}}],\"inLanguage\":\"cs\"},{\"@type\":\"Organization\",\"@id\":\"https:\\\/\\\/lanaja.sk\\\/cs\\\/#organization\",\"name\":\"Lanaja\",\"alternateName\":\"Al\u017ebeta Andr\u00e1\u0161ikov\u00e1 - Lanaja\",\"url\":\"https:\\\/\\\/lanaja.sk\\\/cs\\\/\",\"logo\":{\"@type\":\"ImageObject\",\"inLanguage\":\"cs\",\"@id\":\"https:\\\/\\\/lanaja.sk\\\/cs\\\/#\\\/schema\\\/logo\\\/image\\\/\",\"url\":\"https:\\\/\\\/lanaja.sk\\\/wp-content\\\/uploads\\\/2024\\\/01\\\/Lanaja.sk-logo.png\",\"contentUrl\":\"https:\\\/\\\/lanaja.sk\\\/wp-content\\\/uploads\\\/2024\\\/01\\\/Lanaja.sk-logo.png\",\"width\":600,\"height\":300,\"caption\":\"Lanaja\"},\"image\":{\"@id\":\"https:\\\/\\\/lanaja.sk\\\/cs\\\/#\\\/schema\\\/logo\\\/image\\\/\"},\"sameAs\":[\"https:\\\/\\\/www.facebook.com\\\/Abreadbag\",\"https:\\\/\\\/www.instagram.com\\\/lanaja_sk\\\/\"]}]}<\/script>\n<!-- \/ Yoast SEO plugin. -->","yoast_head_json":{"title":"Ln\u011bn\u00e9 povle\u010den\u00ed Filip &#8226; Lanaja-slovensk\u00e1 udr\u017eiteln\u00e1 zna\u010dka a v\u00fdrobce ln\u011bn\u00e9ho textilu","description":"Ln\u011bn\u00e9 povle\u010den\u00ed Filip Filip je u\u0161ito z p\u0159\u00edrodn\u00edho evropsk\u00e9ho lnu v tlumen\u00e9 zelen\u00e9 barv\u011b, Je p\u0159edepran\u00e9, certifikovan\u00e9 a m\u011bk\u010den\u00e9","robots":{"index":"index","follow":"follow","max-snippet":"max-snippet:-1","max-image-preview":"max-image-preview:large","max-video-preview":"max-video-preview:-1"},"canonical":"https:\/\/lanaja.sk\/cs\/obchod\/povleceni-filip\/","og_locale":"cs_CZ","og_type":"article","og_title":"Ln\u011bn\u00e9 povle\u010den\u00ed Filip &#8226; Lanaja-slovensk\u00e1 udr\u017eiteln\u00e1 zna\u010dka a v\u00fdrobce ln\u011bn\u00e9ho textilu","og_description":"Ln\u011bn\u00e9 povle\u010den\u00ed Filip Filip je u\u0161ito z p\u0159\u00edrodn\u00edho evropsk\u00e9ho lnu v tlumen\u00e9 zelen\u00e9 barv\u011b, Je p\u0159edepran\u00e9, certifikovan\u00e9 a m\u011bk\u010den\u00e9","og_url":"https:\/\/lanaja.sk\/cs\/obchod\/povleceni-filip\/","og_site_name":"Lanaja-slovensk\u00e1 udr\u017eiteln\u00e1 zna\u010dka a v\u00fdrobce ln\u011bn\u00e9ho textilu","article_publisher":"https:\/\/www.facebook.com\/Abreadbag","article_modified_time":"2025-09-28T15:56:27+00:00","og_image":[{"width":567,"height":850,"url":"https:\/\/lanaja.sk\/wp-content\/uploads\/2022\/03\/l\u030canove\u0301-obliec\u030cky-zelene\u03016-scaled-e1647424206352-jpg.webp","type":"image\/jpeg"}],"twitter_card":"summary_large_image","twitter_misc":{"Odhadovan\u00e1 doba \u010dten\u00ed":"5 minut"},"schema":{"@context":"https:\/\/schema.org","@graph":[{"@type":"WebPage","@id":"https:\/\/lanaja.sk\/cs\/obchod\/povleceni-filip\/","url":"https:\/\/lanaja.sk\/cs\/obchod\/povleceni-filip\/","name":"Ln\u011bn\u00e9 povle\u010den\u00ed Filip &#8226; Lanaja-slovensk\u00e1 udr\u017eiteln\u00e1 zna\u010dka a v\u00fdrobce ln\u011bn\u00e9ho textilu","isPartOf":{"@id":"https:\/\/lanaja.sk\/cs\/#website"},"primaryImageOfPage":{"@id":"https:\/\/lanaja.sk\/cs\/obchod\/povleceni-filip\/#primaryimage"},"image":{"@id":"https:\/\/lanaja.sk\/cs\/obchod\/povleceni-filip\/#primaryimage"},"thumbnailUrl":"https:\/\/lanaja.sk\/wp-content\/uploads\/2022\/03\/l\u030canove\u0301-obliec\u030cky-zelene\u03016-scaled-e1647424206352-jpg.webp","datePublished":"2022-03-16T09:56:40+00:00","dateModified":"2025-09-28T15:56:27+00:00","description":"Ln\u011bn\u00e9 povle\u010den\u00ed Filip Filip je u\u0161ito z p\u0159\u00edrodn\u00edho evropsk\u00e9ho lnu v tlumen\u00e9 zelen\u00e9 barv\u011b, Je p\u0159edepran\u00e9, certifikovan\u00e9 a m\u011bk\u010den\u00e9","breadcrumb":{"@id":"https:\/\/lanaja.sk\/cs\/obchod\/povleceni-filip\/#breadcrumb"},"inLanguage":"cs","potentialAction":[{"@type":"ReadAction","target":["https:\/\/lanaja.sk\/cs\/obchod\/povleceni-filip\/"]}]},{"@type":"ImageObject","inLanguage":"cs","@id":"https:\/\/lanaja.sk\/cs\/obchod\/povleceni-filip\/#primaryimage","url":"https:\/\/lanaja.sk\/wp-content\/uploads\/2022\/03\/l\u030canove\u0301-obliec\u030cky-zelene\u03016-scaled-e1647424206352-jpg.webp","contentUrl":"https:\/\/lanaja.sk\/wp-content\/uploads\/2022\/03\/l\u030canove\u0301-obliec\u030cky-zelene\u03016-scaled-e1647424206352-jpg.webp","width":567,"height":850,"caption":"poste\u013en\u00e9 oblie\u010dky"},{"@type":"BreadcrumbList","@id":"https:\/\/lanaja.sk\/cs\/obchod\/povleceni-filip\/#breadcrumb","itemListElement":[{"@type":"ListItem","position":1,"name":"Home","item":"https:\/\/lanaja.sk\/cs\/"},{"@type":"ListItem","position":2,"name":"Obchod","item":"https:\/\/lanaja.sk\/cs\/obchod-cz\/"},{"@type":"ListItem","position":3,"name":"Ln\u011bn\u00e9 povle\u010den\u00ed Filip"}]},{"@type":"WebSite","@id":"https:\/\/lanaja.sk\/cs\/#website","url":"https:\/\/lanaja.sk\/cs\/","name":"Lanaja - bytov\u00fd textil z \u013eanu a \u013eanov\u00e9 v\u00fdrobky","description":"Jedine\u010dn\u00fd bytov\u00fd textil, ln\u011bn\u00e9 pytl\u00edky, ln\u011bn\u00e9 ubrusy, ln\u011bn\u00e9 lo\u017en\u00ed povle\u010den\u00ed, ln\u011bn\u00e9 ut\u011brky, ln\u011bn\u00e9 prost\u00edr\u00e1n\u00ed vyroben\u00e9 a \u0161it\u00e9 na Slovensku","publisher":{"@id":"https:\/\/lanaja.sk\/cs\/#organization"},"alternateName":"Lanaja - v\u00fdrobky z \u013eanu, \u013eanov\u00fd bytov\u00fd textil","potentialAction":[{"@type":"SearchAction","target":{"@type":"EntryPoint","urlTemplate":"https:\/\/lanaja.sk\/cs\/?s={search_term_string}"},"query-input":{"@type":"PropertyValueSpecification","valueRequired":true,"valueName":"search_term_string"}}],"inLanguage":"cs"},{"@type":"Organization","@id":"https:\/\/lanaja.sk\/cs\/#organization","name":"Lanaja","alternateName":"Al\u017ebeta Andr\u00e1\u0161ikov\u00e1 - Lanaja","url":"https:\/\/lanaja.sk\/cs\/","logo":{"@type":"ImageObject","inLanguage":"cs","@id":"https:\/\/lanaja.sk\/cs\/#\/schema\/logo\/image\/","url":"https:\/\/lanaja.sk\/wp-content\/uploads\/2024\/01\/Lanaja.sk-logo.png","contentUrl":"https:\/\/lanaja.sk\/wp-content\/uploads\/2024\/01\/Lanaja.sk-logo.png","width":600,"height":300,"caption":"Lanaja"},"image":{"@id":"https:\/\/lanaja.sk\/cs\/#\/schema\/logo\/image\/"},"sameAs":["https:\/\/www.facebook.com\/Abreadbag","https:\/\/www.instagram.com\/lanaja_sk\/"]}]}},"_links":{"self":[{"href":"https:\/\/lanaja.sk\/cs\/wp-json\/wp\/v2\/product\/13367","targetHints":{"allow":["GET"]}}],"collection":[{"href":"https:\/\/lanaja.sk\/cs\/wp-json\/wp\/v2\/product"}],"about":[{"href":"https:\/\/lanaja.sk\/cs\/wp-json\/wp\/v2\/types\/product"}],"version-history":[{"count":1,"href":"https:\/\/lanaja.sk\/cs\/wp-json\/wp\/v2\/product\/13367\/revisions"}],"predecessor-version":[{"id":16681,"href":"https:\/\/lanaja.sk\/cs\/wp-json\/wp\/v2\/product\/13367\/revisions\/16681"}],"wp:featuredmedia":[{"embeddable":true,"href":"https:\/\/lanaja.sk\/cs\/wp-json\/wp\/v2\/media\/7283"}],"wp:attachment":[{"href":"https:\/\/lanaja.sk\/cs\/wp-json\/wp\/v2\/media?parent=13367"}],"wp:term":[{"taxonomy":"product_brand","embeddable":true,"href":"https:\/\/lanaja.sk\/cs\/wp-json\/wp\/v2\/product_brand?post=13367"},{"taxonomy":"product_cat","embeddable":true,"href":"https:\/\/lanaja.sk\/cs\/wp-json\/wp\/v2\/product_cat?post=13367"},{"taxonomy":"product_tag","embeddable":true,"href":"https:\/\/lanaja.sk\/cs\/wp-json\/wp\/v2\/product_tag?post=13367"}],"curies":[{"name":"wp","href":"https:\/\/api.w.org\/{rel}","templated":true}]}}