{"id":13368,"date":"2024-04-14T19:31:16","date_gmt":"2024-04-14T17:31:16","guid":{"rendered":"https:\/\/lanaja.sk\/obchod\/neza\u0159azen\u00e9\/lnene-prosteradlo-classic-bez-gumicky\/"},"modified":"2025-08-22T08:37:03","modified_gmt":"2025-08-22T06:37:03","slug":"lnene-prosteradlo-classic-bez-gumicky","status":"publish","type":"product","link":"https:\/\/lanaja.sk\/cs\/obchod\/lnene-prosteradlo-classic-bez-gumicky\/","title":{"rendered":"Ln\u011bn\u00e9 prost\u011bradlo CLASSIC bez gumi\u010dky"},"content":{"rendered":"<h2>Ln\u011bn\u00e9 prost\u011bradlo Classic bez gumi\u010dky<\/h2>\n<p data-sourcepos=\"1:1-1:92\">Objevte kr\u00e1su a blahod\u00e1rn\u00e9 vlastnosti lnu s na\u0161\u00edm ln\u011bn\u00fdm prost\u011bradlem KLASIK.<strong> Dop\u0159ejte si zdrav\u00fd sp\u00e1nek, <\/strong>prost\u011bradlo je u\u0161it\u00e9 z certifikovan\u00e9ho, m\u011bkk\u00e9ho p\u0159edepran\u00e9ho lnu, kter\u00fd je jemn\u00fd k va\u0161\u00ed poko\u017ece a z\u00e1rove\u0148 odoln\u00fd. D\u00edky sv\u00fdm unik\u00e1tn\u00edm vlastnostem v\u00e1m zajist\u00ed dokonal\u00fd komfort.<\/p>\n<h4 data-sourcepos=\"5:1-5:40\"><strong>Pro\u010d si vybrat na\u0161e ln\u011bn\u00e9 prost\u011bradlo?<\/strong><\/h4>\n<h4><strong>Jedine\u010dn\u00e9 vlastnosti lnu:<\/strong><\/h4>\n<ol>\n<li><strong>Hypoalergenn\u00ed a antibakteri\u00e1ln\u00ed:<\/strong> Len je ide\u00e1ln\u00ed pro lidi s citlivou poko\u017ekou nebo alergiemi. Dok\u00e1\u017ee eliminovat bakterie a rozto\u010de, kter\u00e9 se b\u011b\u017en\u011b vyskytuj\u00ed v posteli, \u010d\u00edm\u017e sni\u017euje riziko alergick\u00fdch reakc\u00ed a ko\u017en\u00edch probl\u00e9m\u016f.<\/li>\n<li><strong>Termoregul\u00e1tor:<\/strong> Len v l\u00e9t\u011b chlad\u00ed a v zim\u011b h\u0159eje. Reguluje t\u011blesnou teplotu a zabra\u0148uje p\u0159eh\u0159\u00e1t\u00ed b\u011bhem sp\u00e1nku.<\/li>\n<li><strong>Prody\u0161n\u00e9 a sav\u00e9:<\/strong> Len umo\u017e\u0148uje volnou cirkulaci vzduchu a odv\u00e1d\u00ed vlhkost od t\u011bla. D\u00edky tomu se budete v posteli v\u017edy c\u00edtit p\u0159\u00edjemn\u011b v suchu a pohodl\u00ed.<\/li>\n<li><strong>P\u0159\u00edrodn\u00ed a antistatick\u00fd:<\/strong> Len je 100% p\u0159\u00edrodn\u00ed materi\u00e1l, kter\u00fd neobsahuje \u017e\u00e1dn\u00e9 \u0161kodliv\u00e9 chemik\u00e1lie. Je antistatick\u00fd a nep\u0159itahuje prach.<\/li>\n<li><strong>M\u011bkk\u00fd a p\u0159\u00edjemn\u00fd na dotek: <\/strong>D\u00edky p\u0159edepran\u00ed je len jemn\u00fd a hebk\u00fd na dotek. B\u011bhem sp\u00e1nku prokrvuje a jemn\u011b mas\u00edruje va\u0161i poko\u017eku, \u010d\u00edm\u017e podporuje jej\u00ed relaxaci a regeneraci.<\/li>\n<li><strong>Odoln\u00fd a trvanliv\u00fd:<\/strong> Len je pevn\u00fd a odoln\u00fd materi\u00e1l, tak\u017ee v\u00e1m na\u0161e prost\u011bradlo vydr\u017e\u00ed dlouh\u00e1 l\u00e9ta. Nemus\u00edte se b\u00e1t, \u017ee by se po\u0161kodil nebo vybledl. Pokud m\u00e1te doma neklidn\u00e9 sp\u00e1\u010de, kte\u0159\u00ed ve sp\u00e1nku \u0161oupou nohama, zva\u017ete, zda do n\u011bj investujete. M\u016f\u017ee se st\u00e1t, \u017ee na m\u00edstech, kde jsou paty, bude prost\u011bradlo po letech ten\u010d\u00ed.<\/li>\n<li><strong>\u0160etrn\u00e9 k \u017eivotn\u00edmu prost\u0159ed\u00ed a udr\u017eiteln\u00e9:<\/strong> Len je obnoviteln\u00fd zdroj a jeho v\u00fdroba je \u0161etrn\u00e1 k \u017eivotn\u00edmu prost\u0159ed\u00ed. Na\u0161e prost\u011bradlo je vyrobeno ze 100% lnu, tak\u017ee neobsahuje \u017e\u00e1dn\u00e9 \u0161kodliv\u00e9 chemik\u00e1lie.<\/li>\n<li><strong>Kr\u00e1sn\u00fd design:<\/strong> ln\u011bn\u00e9 prost\u011bradlo v barv\u011b CLASSIC dod\u00e1 va\u0161\u00ed lo\u017enici minimalistick\u00fd a vzdu\u0161n\u00fd vzhled. Len je p\u0159irozen\u011b ma\u010dkav\u00fd, tak\u017ee prost\u011bradlo bude v\u017edy vypadat skv\u011ble.<\/li>\n<\/ol>\n<h4><strong>VELIKOST: <\/strong><\/h4>\n<ol>\n<li>145&#215;255 cm, doporu\u010dujeme pro rozm\u011br matrace max. 90x200x20 cm, pokud chcete m\u00edt pod n\u00edm zastr\u010den\u00e9 prost\u011bradlo.<\/li>\n<li>175&#215;255 cm, doporu\u010dujeme pro rozm\u011br matrace max. 120x200x20 cm<\/li>\n<li>195&#215;255 cm, doporu\u010dujeme pro rozm\u011br matrace max. 140x200x20 cm<\/li>\n<li>215&#215;255 cm, doporu\u010deno pro rozm\u011br matrace max. 160x200x20 cm<\/li>\n<li>235&#215;255 cm, doporu\u010dujeme pro rozm\u011br matrace max. 180x200x20 cm<\/li>\n<li>255&#215;255 cm, doporu\u010dujeme pro rozm\u011br matrace max. 200x200x20 cm<\/li>\n<\/ol>\n<p>&nbsp;<\/p>\n<p><strong>BARVY: viz p\u0159ilo\u017een\u00e1 \u0161ablona: <\/strong>B\u00cdL\u00c1, P\u0158\u00cdRODN\u00cd, SV\u011aTLE \u0160ED\u00c1, TMAV\u011a \u0160ED\u00c1, ZAPR\u00c1\u0160EN\u00c1 R\u016e\u017dOV\u00c1, M\u00c1TOV\u011a ZELEN\u00c1, BLED\u011a MODR\u00c1, D\u017d\u00cdNOV\u011a MODR\u00c1, \u010cERN\u00c1, SKO\u0158ICOV\u00c1.<\/p>\n<p>Pokud by v\u00fd\u0161ka va\u0161\u00ed matrace byla vy\u0161\u0161\u00ed ne\u017e 20 cm, napi\u0161te n\u00e1m p\u0159ed objedn\u00e1vkou, tato prost\u011bradla by byla kr\u00e1tk\u00e1. Pokud byste jimi cht\u011bli matraci zcela zakr\u00fdt a prost\u011bradlo vlo\u017eit pod matraci, bude mal\u00e1, kr\u00e1tk\u00e1 a \u00fazk\u00e1. <strong>Na\u0161e ln\u011bn\u00e9 prost\u011bradlo je k dispozici v r\u016fzn\u00fdch velikostech, tak\u017ee si m\u016f\u017eete vybrat tu, kter\u00e1 dokonale padne na va\u0161i matraci.<\/strong> Nab\u00edz\u00edme tak\u00e9 mo\u017enost zhotoven\u00ed plachty na m\u00edru, r\u00e1di v\u00e1m porad\u00edme s v\u00fdb\u011brem vhodn\u00e9ho rozm\u011bru.<\/p>\n<p><strong>Po\u010d\u00edtejte s dodac\u00ed lh\u016ftou 5-15 pracovn\u00edch dn\u016f, pokud nem\u00e1me produkt \u0161it\u00fd skladem, ru\u010dn\u00ed pr\u00e1ce vy\u017eaduje n\u00e1\u0161 \u010das. Ln\u011bn\u00e9 v\u00fdrobky \u0161ijeme v na\u0161\u00ed d\u00edln\u011b dle Va\u0161eho p\u0159\u00e1n\u00ed a na m\u00edru v z\u00e1vislosti na konkr\u00e9tn\u00edm v\u00fdrobku.<\/strong><\/p>\n<ul data-sourcepos=\"7:1-16:0\">\n<li style=\"list-style-type: none;\">\n<\/li>\n<\/ul>\n","protected":false},"excerpt":{"rendered":"<p>V\u00edtejte v na\u0161em ateli\u00e9ru Lanaja, kde pro v\u00e1s s l\u00e1skou \u0161ijeme ln\u011bn\u00e9 v\u00fdrobky i prost\u011bradla. Ka\u017ed\u00fd kus l\u00e1tky, kter\u00fd pou\u017e\u00edv\u00e1me, je pe\u010dliv\u011b vyb\u00edr\u00e1n a s l\u00e1skou zpracov\u00e1v\u00e1n tak, aby v\u00e1m p\u0159inesl to nejlep\u0161\u00ed.<\/p>\n<p>Na\u0161e ln\u011bn\u00e1 prost\u011bradla jsou \u0161it\u00e1 s maxim\u00e1ln\u00ed p\u00e9\u010d\u00ed a pozornost\u00ed ke ka\u017ed\u00e9mu detailu, ka\u017ed\u00fd \u0161ev je pe\u010dliv\u011b promy\u0161len\u00fd, ka\u017ed\u00fd roh je precizn\u011b slad\u011bn tak, aby va\u0161e ln\u011bn\u00e9 pr\u00e1dlo nejen vypadalo perfektn\u011b, ale bylo funk\u010dn\u00ed a dlouho v\u00e1m slou\u017eilo.<\/p>\n<p>V \u010dem jsou na\u0161e ln\u011bn\u00e1 prost\u011bradla jedine\u010dn\u00e1? Na\u0161e schopnost p\u0159izp\u016fsobit je va\u0161im pot\u0159eb\u00e1m a rozm\u011br\u016fm matrace. D\u00e1v\u00e1 v\u00e1m pocit bezpe\u010d\u00ed a pohodl\u00ed b\u011bhem sp\u00e1nku. N\u00e1\u0161 len je tkan\u00fd a zpracov\u00e1van\u00fd v Evrop\u011b, poch\u00e1z\u00ed z pobaltsk\u00fdch zem\u00ed, kter\u00e9 jsou celosv\u011btov\u011b zn\u00e1m\u00e9 p\u011bstov\u00e1n\u00edm, zpracov\u00e1n\u00edm a produkc\u00ed kvalitn\u00edho lnu.<\/p>\n","protected":false},"featured_media":12976,"template":"","meta":[],"product_brand":[],"product_cat":[182,380,355,357],"product_tag":[418,417],"class_list":{"0":"post-13368","1":"product","2":"type-product","3":"status-publish","4":"has-post-thumbnail","6":"product_cat-lnene-prosteradla","7":"product_cat-loznice","8":"product_cat-prosteradlo-na-jednoluzko","9":"product_cat-prosteradlo-na-manzelskou-postel","10":"product_tag-lnene-prosteradlo-bez-gumicky","11":"product_tag-lnene-prosteradlo-classic","13":"first","14":"onbackorder","15":"shipping-taxable","16":"purchasable","17":"product-type-variable"},"yoast_head":"<!-- This site is optimized with the Yoast SEO plugin v27.4 - https:\/\/yoast.com\/product\/yoast-seo-wordpress\/ -->\n<title>Ln\u011bn\u00e9 prost\u011bradlo CLASSIC bez gumi\u010dky &#8226; Lanaja-slovensk\u00e1 udr\u017eiteln\u00e1 zna\u010dka a v\u00fdrobce ln\u011bn\u00e9ho textilu<\/title>\n<meta name=\"description\" content=\"ln\u011bn\u00e9 prost\u011bradlo Classic je \u0161it\u00e9 bez gumi\u010dky. Dop\u0159ejte si zdrav\u00fd sp\u00e1nek ve lnu, kter\u00fd je \u0161etrn\u00fd k va\u0161\u00ed poko\u017ece a z\u00e1rove\u0148 trvanliv\u00fd...\" \/>\n<meta name=\"robots\" content=\"index, follow, max-snippet:-1, max-image-preview:large, max-video-preview:-1\" \/>\n<link rel=\"canonical\" href=\"https:\/\/lanaja.sk\/cs\/obchod\/lnene-prosteradlo-classic-bez-gumicky\/\" \/>\n<meta property=\"og:locale\" content=\"cs_CZ\" \/>\n<meta property=\"og:type\" content=\"article\" \/>\n<meta property=\"og:title\" content=\"Ln\u011bn\u00e9 prost\u011bradlo CLASSIC bez gumi\u010dky &#8226; Lanaja-slovensk\u00e1 udr\u017eiteln\u00e1 zna\u010dka a v\u00fdrobce ln\u011bn\u00e9ho textilu\" \/>\n<meta property=\"og:description\" content=\"ln\u011bn\u00e9 prost\u011bradlo Classic je \u0161it\u00e9 bez gumi\u010dky. Dop\u0159ejte si zdrav\u00fd sp\u00e1nek ve lnu, kter\u00fd je \u0161etrn\u00fd k va\u0161\u00ed poko\u017ece a z\u00e1rove\u0148 trvanliv\u00fd...\" \/>\n<meta property=\"og:url\" content=\"https:\/\/lanaja.sk\/cs\/obchod\/lnene-prosteradlo-classic-bez-gumicky\/\" \/>\n<meta property=\"og:site_name\" content=\"Lanaja-slovensk\u00e1 udr\u017eiteln\u00e1 zna\u010dka a v\u00fdrobce ln\u011bn\u00e9ho textilu\" \/>\n<meta property=\"article:publisher\" content=\"https:\/\/www.facebook.com\/Abreadbag\" \/>\n<meta property=\"article:modified_time\" content=\"2025-08-22T06:37:03+00:00\" \/>\n<meta property=\"og:image\" content=\"https:\/\/lanaja.sk\/wp-content\/uploads\/2024\/04\/lanova-plachta-bez-gumicky-scaled.webp\" \/>\n\t<meta property=\"og:image:width\" content=\"2560\" \/>\n\t<meta property=\"og:image:height\" content=\"2384\" \/>\n\t<meta property=\"og:image:type\" content=\"image\/jpeg\" \/>\n<meta name=\"twitter:card\" content=\"summary_large_image\" \/>\n<meta name=\"twitter:label1\" content=\"Odhadovan\u00e1 doba \u010dten\u00ed\" \/>\n\t<meta name=\"twitter:data1\" content=\"3 minuty\" \/>\n<script type=\"application\/ld+json\" class=\"yoast-schema-graph\">{\"@context\":\"https:\\\/\\\/schema.org\",\"@graph\":[{\"@type\":\"WebPage\",\"@id\":\"https:\\\/\\\/lanaja.sk\\\/cs\\\/obchod\\\/lnene-prosteradlo-classic-bez-gumicky\\\/\",\"url\":\"https:\\\/\\\/lanaja.sk\\\/cs\\\/obchod\\\/lnene-prosteradlo-classic-bez-gumicky\\\/\",\"name\":\"Ln\u011bn\u00e9 prost\u011bradlo CLASSIC bez gumi\u010dky &#8226; Lanaja-slovensk\u00e1 udr\u017eiteln\u00e1 zna\u010dka a v\u00fdrobce ln\u011bn\u00e9ho textilu\",\"isPartOf\":{\"@id\":\"https:\\\/\\\/lanaja.sk\\\/cs\\\/#website\"},\"primaryImageOfPage\":{\"@id\":\"https:\\\/\\\/lanaja.sk\\\/cs\\\/obchod\\\/lnene-prosteradlo-classic-bez-gumicky\\\/#primaryimage\"},\"image\":{\"@id\":\"https:\\\/\\\/lanaja.sk\\\/cs\\\/obchod\\\/lnene-prosteradlo-classic-bez-gumicky\\\/#primaryimage\"},\"thumbnailUrl\":\"https:\\\/\\\/lanaja.sk\\\/wp-content\\\/uploads\\\/2024\\\/04\\\/lanova-plachta-bez-gumicky-scaled.webp\",\"datePublished\":\"2024-04-14T17:31:16+00:00\",\"dateModified\":\"2025-08-22T06:37:03+00:00\",\"description\":\"ln\u011bn\u00e9 prost\u011bradlo Classic je \u0161it\u00e9 bez gumi\u010dky. Dop\u0159ejte si zdrav\u00fd sp\u00e1nek ve lnu, kter\u00fd je \u0161etrn\u00fd k va\u0161\u00ed poko\u017ece a z\u00e1rove\u0148 trvanliv\u00fd...\",\"breadcrumb\":{\"@id\":\"https:\\\/\\\/lanaja.sk\\\/cs\\\/obchod\\\/lnene-prosteradlo-classic-bez-gumicky\\\/#breadcrumb\"},\"inLanguage\":\"cs\",\"potentialAction\":[{\"@type\":\"ReadAction\",\"target\":[\"https:\\\/\\\/lanaja.sk\\\/cs\\\/obchod\\\/lnene-prosteradlo-classic-bez-gumicky\\\/\"]}]},{\"@type\":\"ImageObject\",\"inLanguage\":\"cs\",\"@id\":\"https:\\\/\\\/lanaja.sk\\\/cs\\\/obchod\\\/lnene-prosteradlo-classic-bez-gumicky\\\/#primaryimage\",\"url\":\"https:\\\/\\\/lanaja.sk\\\/wp-content\\\/uploads\\\/2024\\\/04\\\/lanova-plachta-bez-gumicky-scaled.webp\",\"contentUrl\":\"https:\\\/\\\/lanaja.sk\\\/wp-content\\\/uploads\\\/2024\\\/04\\\/lanova-plachta-bez-gumicky-scaled.webp\",\"width\":2560,\"height\":2384,\"caption\":\"ln\u011bn\u00e9 prost\u011bradlo na postel \u0161it\u00e9 na Slovensku\"},{\"@type\":\"BreadcrumbList\",\"@id\":\"https:\\\/\\\/lanaja.sk\\\/cs\\\/obchod\\\/lnene-prosteradlo-classic-bez-gumicky\\\/#breadcrumb\",\"itemListElement\":[{\"@type\":\"ListItem\",\"position\":1,\"name\":\"Home\",\"item\":\"https:\\\/\\\/lanaja.sk\\\/cs\\\/\"},{\"@type\":\"ListItem\",\"position\":2,\"name\":\"Obchod\",\"item\":\"https:\\\/\\\/lanaja.sk\\\/cs\\\/obchod-cz\\\/\"},{\"@type\":\"ListItem\",\"position\":3,\"name\":\"Ln\u011bn\u00e9 prost\u011bradlo CLASSIC bez gumi\u010dky\"}]},{\"@type\":\"WebSite\",\"@id\":\"https:\\\/\\\/lanaja.sk\\\/cs\\\/#website\",\"url\":\"https:\\\/\\\/lanaja.sk\\\/cs\\\/\",\"name\":\"Lanaja - bytov\u00fd textil z \u013eanu a \u013eanov\u00e9 v\u00fdrobky\",\"description\":\"Jedine\u010dn\u00fd bytov\u00fd textil, ln\u011bn\u00e9 pytl\u00edky, ln\u011bn\u00e9 ubrusy, ln\u011bn\u00e9 lo\u017en\u00ed povle\u010den\u00ed, ln\u011bn\u00e9 ut\u011brky, ln\u011bn\u00e9 prost\u00edr\u00e1n\u00ed vyroben\u00e9 a \u0161it\u00e9 na Slovensku\",\"publisher\":{\"@id\":\"https:\\\/\\\/lanaja.sk\\\/cs\\\/#organization\"},\"alternateName\":\"Lanaja - v\u00fdrobky z \u013eanu, \u013eanov\u00fd bytov\u00fd textil\",\"potentialAction\":[{\"@type\":\"SearchAction\",\"target\":{\"@type\":\"EntryPoint\",\"urlTemplate\":\"https:\\\/\\\/lanaja.sk\\\/cs\\\/?s={search_term_string}\"},\"query-input\":{\"@type\":\"PropertyValueSpecification\",\"valueRequired\":true,\"valueName\":\"search_term_string\"}}],\"inLanguage\":\"cs\"},{\"@type\":\"Organization\",\"@id\":\"https:\\\/\\\/lanaja.sk\\\/cs\\\/#organization\",\"name\":\"Lanaja\",\"alternateName\":\"Al\u017ebeta Andr\u00e1\u0161ikov\u00e1 - Lanaja\",\"url\":\"https:\\\/\\\/lanaja.sk\\\/cs\\\/\",\"logo\":{\"@type\":\"ImageObject\",\"inLanguage\":\"cs\",\"@id\":\"https:\\\/\\\/lanaja.sk\\\/cs\\\/#\\\/schema\\\/logo\\\/image\\\/\",\"url\":\"https:\\\/\\\/lanaja.sk\\\/wp-content\\\/uploads\\\/2024\\\/01\\\/Lanaja.sk-logo.png\",\"contentUrl\":\"https:\\\/\\\/lanaja.sk\\\/wp-content\\\/uploads\\\/2024\\\/01\\\/Lanaja.sk-logo.png\",\"width\":600,\"height\":300,\"caption\":\"Lanaja\"},\"image\":{\"@id\":\"https:\\\/\\\/lanaja.sk\\\/cs\\\/#\\\/schema\\\/logo\\\/image\\\/\"},\"sameAs\":[\"https:\\\/\\\/www.facebook.com\\\/Abreadbag\",\"https:\\\/\\\/www.instagram.com\\\/lanaja_sk\\\/\"]}]}<\/script>\n<!-- \/ Yoast SEO plugin. -->","yoast_head_json":{"title":"Ln\u011bn\u00e9 prost\u011bradlo CLASSIC bez gumi\u010dky &#8226; Lanaja-slovensk\u00e1 udr\u017eiteln\u00e1 zna\u010dka a v\u00fdrobce ln\u011bn\u00e9ho textilu","description":"ln\u011bn\u00e9 prost\u011bradlo Classic je \u0161it\u00e9 bez gumi\u010dky. Dop\u0159ejte si zdrav\u00fd sp\u00e1nek ve lnu, kter\u00fd je \u0161etrn\u00fd k va\u0161\u00ed poko\u017ece a z\u00e1rove\u0148 trvanliv\u00fd...","robots":{"index":"index","follow":"follow","max-snippet":"max-snippet:-1","max-image-preview":"max-image-preview:large","max-video-preview":"max-video-preview:-1"},"canonical":"https:\/\/lanaja.sk\/cs\/obchod\/lnene-prosteradlo-classic-bez-gumicky\/","og_locale":"cs_CZ","og_type":"article","og_title":"Ln\u011bn\u00e9 prost\u011bradlo CLASSIC bez gumi\u010dky &#8226; Lanaja-slovensk\u00e1 udr\u017eiteln\u00e1 zna\u010dka a v\u00fdrobce ln\u011bn\u00e9ho textilu","og_description":"ln\u011bn\u00e9 prost\u011bradlo Classic je \u0161it\u00e9 bez gumi\u010dky. Dop\u0159ejte si zdrav\u00fd sp\u00e1nek ve lnu, kter\u00fd je \u0161etrn\u00fd k va\u0161\u00ed poko\u017ece a z\u00e1rove\u0148 trvanliv\u00fd...","og_url":"https:\/\/lanaja.sk\/cs\/obchod\/lnene-prosteradlo-classic-bez-gumicky\/","og_site_name":"Lanaja-slovensk\u00e1 udr\u017eiteln\u00e1 zna\u010dka a v\u00fdrobce ln\u011bn\u00e9ho textilu","article_publisher":"https:\/\/www.facebook.com\/Abreadbag","article_modified_time":"2025-08-22T06:37:03+00:00","og_image":[{"width":2560,"height":2384,"url":"https:\/\/lanaja.sk\/wp-content\/uploads\/2024\/04\/lanova-plachta-bez-gumicky-scaled.webp","type":"image\/jpeg"}],"twitter_card":"summary_large_image","twitter_misc":{"Odhadovan\u00e1 doba \u010dten\u00ed":"3 minuty"},"schema":{"@context":"https:\/\/schema.org","@graph":[{"@type":"WebPage","@id":"https:\/\/lanaja.sk\/cs\/obchod\/lnene-prosteradlo-classic-bez-gumicky\/","url":"https:\/\/lanaja.sk\/cs\/obchod\/lnene-prosteradlo-classic-bez-gumicky\/","name":"Ln\u011bn\u00e9 prost\u011bradlo CLASSIC bez gumi\u010dky &#8226; Lanaja-slovensk\u00e1 udr\u017eiteln\u00e1 zna\u010dka a v\u00fdrobce ln\u011bn\u00e9ho textilu","isPartOf":{"@id":"https:\/\/lanaja.sk\/cs\/#website"},"primaryImageOfPage":{"@id":"https:\/\/lanaja.sk\/cs\/obchod\/lnene-prosteradlo-classic-bez-gumicky\/#primaryimage"},"image":{"@id":"https:\/\/lanaja.sk\/cs\/obchod\/lnene-prosteradlo-classic-bez-gumicky\/#primaryimage"},"thumbnailUrl":"https:\/\/lanaja.sk\/wp-content\/uploads\/2024\/04\/lanova-plachta-bez-gumicky-scaled.webp","datePublished":"2024-04-14T17:31:16+00:00","dateModified":"2025-08-22T06:37:03+00:00","description":"ln\u011bn\u00e9 prost\u011bradlo Classic je \u0161it\u00e9 bez gumi\u010dky. Dop\u0159ejte si zdrav\u00fd sp\u00e1nek ve lnu, kter\u00fd je \u0161etrn\u00fd k va\u0161\u00ed poko\u017ece a z\u00e1rove\u0148 trvanliv\u00fd...","breadcrumb":{"@id":"https:\/\/lanaja.sk\/cs\/obchod\/lnene-prosteradlo-classic-bez-gumicky\/#breadcrumb"},"inLanguage":"cs","potentialAction":[{"@type":"ReadAction","target":["https:\/\/lanaja.sk\/cs\/obchod\/lnene-prosteradlo-classic-bez-gumicky\/"]}]},{"@type":"ImageObject","inLanguage":"cs","@id":"https:\/\/lanaja.sk\/cs\/obchod\/lnene-prosteradlo-classic-bez-gumicky\/#primaryimage","url":"https:\/\/lanaja.sk\/wp-content\/uploads\/2024\/04\/lanova-plachta-bez-gumicky-scaled.webp","contentUrl":"https:\/\/lanaja.sk\/wp-content\/uploads\/2024\/04\/lanova-plachta-bez-gumicky-scaled.webp","width":2560,"height":2384,"caption":"ln\u011bn\u00e9 prost\u011bradlo na postel \u0161it\u00e9 na Slovensku"},{"@type":"BreadcrumbList","@id":"https:\/\/lanaja.sk\/cs\/obchod\/lnene-prosteradlo-classic-bez-gumicky\/#breadcrumb","itemListElement":[{"@type":"ListItem","position":1,"name":"Home","item":"https:\/\/lanaja.sk\/cs\/"},{"@type":"ListItem","position":2,"name":"Obchod","item":"https:\/\/lanaja.sk\/cs\/obchod-cz\/"},{"@type":"ListItem","position":3,"name":"Ln\u011bn\u00e9 prost\u011bradlo CLASSIC bez gumi\u010dky"}]},{"@type":"WebSite","@id":"https:\/\/lanaja.sk\/cs\/#website","url":"https:\/\/lanaja.sk\/cs\/","name":"Lanaja - bytov\u00fd textil z \u013eanu a \u013eanov\u00e9 v\u00fdrobky","description":"Jedine\u010dn\u00fd bytov\u00fd textil, ln\u011bn\u00e9 pytl\u00edky, ln\u011bn\u00e9 ubrusy, ln\u011bn\u00e9 lo\u017en\u00ed povle\u010den\u00ed, ln\u011bn\u00e9 ut\u011brky, ln\u011bn\u00e9 prost\u00edr\u00e1n\u00ed vyroben\u00e9 a \u0161it\u00e9 na Slovensku","publisher":{"@id":"https:\/\/lanaja.sk\/cs\/#organization"},"alternateName":"Lanaja - v\u00fdrobky z \u013eanu, \u013eanov\u00fd bytov\u00fd textil","potentialAction":[{"@type":"SearchAction","target":{"@type":"EntryPoint","urlTemplate":"https:\/\/lanaja.sk\/cs\/?s={search_term_string}"},"query-input":{"@type":"PropertyValueSpecification","valueRequired":true,"valueName":"search_term_string"}}],"inLanguage":"cs"},{"@type":"Organization","@id":"https:\/\/lanaja.sk\/cs\/#organization","name":"Lanaja","alternateName":"Al\u017ebeta Andr\u00e1\u0161ikov\u00e1 - Lanaja","url":"https:\/\/lanaja.sk\/cs\/","logo":{"@type":"ImageObject","inLanguage":"cs","@id":"https:\/\/lanaja.sk\/cs\/#\/schema\/logo\/image\/","url":"https:\/\/lanaja.sk\/wp-content\/uploads\/2024\/01\/Lanaja.sk-logo.png","contentUrl":"https:\/\/lanaja.sk\/wp-content\/uploads\/2024\/01\/Lanaja.sk-logo.png","width":600,"height":300,"caption":"Lanaja"},"image":{"@id":"https:\/\/lanaja.sk\/cs\/#\/schema\/logo\/image\/"},"sameAs":["https:\/\/www.facebook.com\/Abreadbag","https:\/\/www.instagram.com\/lanaja_sk\/"]}]}},"_links":{"self":[{"href":"https:\/\/lanaja.sk\/cs\/wp-json\/wp\/v2\/product\/13368","targetHints":{"allow":["GET"]}}],"collection":[{"href":"https:\/\/lanaja.sk\/cs\/wp-json\/wp\/v2\/product"}],"about":[{"href":"https:\/\/lanaja.sk\/cs\/wp-json\/wp\/v2\/types\/product"}],"version-history":[{"count":1,"href":"https:\/\/lanaja.sk\/cs\/wp-json\/wp\/v2\/product\/13368\/revisions"}],"predecessor-version":[{"id":16566,"href":"https:\/\/lanaja.sk\/cs\/wp-json\/wp\/v2\/product\/13368\/revisions\/16566"}],"wp:featuredmedia":[{"embeddable":true,"href":"https:\/\/lanaja.sk\/cs\/wp-json\/wp\/v2\/media\/12976"}],"wp:attachment":[{"href":"https:\/\/lanaja.sk\/cs\/wp-json\/wp\/v2\/media?parent=13368"}],"wp:term":[{"taxonomy":"product_brand","embeddable":true,"href":"https:\/\/lanaja.sk\/cs\/wp-json\/wp\/v2\/product_brand?post=13368"},{"taxonomy":"product_cat","embeddable":true,"href":"https:\/\/lanaja.sk\/cs\/wp-json\/wp\/v2\/product_cat?post=13368"},{"taxonomy":"product_tag","embeddable":true,"href":"https:\/\/lanaja.sk\/cs\/wp-json\/wp\/v2\/product_tag?post=13368"}],"curies":[{"name":"wp","href":"https:\/\/api.w.org\/{rel}","templated":true}]}}