{"id":13376,"date":"2023-05-21T19:07:50","date_gmt":"2023-05-21T17:07:50","guid":{"rendered":"https:\/\/lanaja.sk\/obchod\/neza\u0159azen\u00e9\/lnene-pyzamo-elizabeth\/"},"modified":"2025-10-05T12:44:15","modified_gmt":"2025-10-05T10:44:15","slug":"lnene-pyzamo-elizabeth-7","status":"publish","type":"product","link":"https:\/\/lanaja.sk\/cs\/obchod\/lnene-pyzamo-elizabeth-7\/","title":{"rendered":"Ln\u011bn\u00e9 py\u017eamo Elizabeth"},"content":{"rendered":"<h2><strong>Ln\u011bn\u00e9 py\u017eamo Elizabeth<\/strong><\/h2>\n<p>&nbsp;<\/p>\n<p>V jemn\u00e9m letn\u00edm v\u00e1nku se loni v l\u00e9t\u011b zrodil n\u00e1pad, kter\u00fd se spojil s v\u00fdrazn\u00fdm dotekem lnu. Trvalo to hodn\u011b \u010dasu a testov\u00e1n\u00ed, ne\u017e jsme se dostali do fin\u00e1le. V na\u0161em ateli\u00e9ru Lanaja jsme u\u0161ili ln\u011bn\u00e9 py\u017eamo v kr\u00e1tk\u00e9 verzi, kouzeln\u00e9 oble\u010den\u00ed na letn\u00ed tepl\u00e9 m\u011bs\u00edce. S kr\u00e1tk\u00fdmi ruk\u00e1vy a \u0161ortkami vytvo\u0159\u00ed o\u00e1zu osv\u011b\u017euj\u00edc\u00ed pohody, kter\u00e1 v\u00e1s pohlt\u00ed a obklop\u00ed p\u0159\u00edrodn\u00ed v\u016fn\u00ed.<\/p>\n<p>S\u00edla udr\u017eitelnosti a etiky pulzuje v na\u0161ich srdc\u00edch. S ka\u017ed\u00fdm spojem, kter\u00fd spoj\u00edme, s ka\u017ed\u00fdm detailem, kter\u00fd u\u0161ijeme, se rod\u00ed jedine\u010dn\u00fd kousek, kter\u00fd si zaslou\u017e\u00ed b\u00fdt sv\u011bdomit\u011b no\u0161en. Jsme nad\u0161en\u00ed pro \u0159emesln\u00e9 zpracov\u00e1n\u00ed, kter\u00e9 zd\u016fraz\u0148uje kr\u00e1su lnu a z\u00e1rove\u0148 respektuje \u017eivotn\u00ed prost\u0159ed\u00ed.<\/p>\n<p>Brzy tu bude l\u00e9to a se slun\u00ed\u010dkem p\u0159ich\u00e1z\u00ed tepl\u00e9 po\u010das\u00ed, kter\u00e9 n\u00e1m v\u0161em p\u0159in\u00e1\u0161\u00ed spoustu energie. Na\u0161e ln\u011bn\u00e1 py\u017eama Elizabeth jsou u\u0161ita z evropsk\u00e9ho certifikovan\u00e9ho lnu z \u010cesk\u00e9 republiky a Litvy, jsou m\u011bkk\u00e1 na dotek a p\u0159\u00edjemn\u00e1 na no\u0161en\u00ed. Jeho p\u0159irozen\u00e1 schopnost regulovat t\u011blesnou teplotu a odv\u00e1d\u011bt vlhkost v\u00e1m umo\u017en\u00ed klidn\u011b a pohodln\u011b sp\u00e1t po celou noc. C\u00edt\u00edte, jak se jemn\u00fd len op\u00edr\u00e1 o va\u0161i poko\u017eku a vytv\u00e1\u0159\u00ed p\u0159\u00edjemn\u00fd chladiv\u00fd pocit. Jeho m\u011bkkost a st\u0159ih v\u00e1m poskytne absolutn\u00ed pohodl\u00ed a volnost pohybu.<\/p>\n<p>Jednoduch\u00fd a minimalistick\u00fd design se skv\u011ble hod\u00ed pro ka\u017edou p\u0159\u00edle\u017eitost \u2013 a\u0165 u\u017e se chyst\u00e1te sp\u00e1t nebo relaxovat v pohodl\u00ed domova.<\/p>\n<p>Bled\u011b modr\u00e1 barva ln\u011bn\u00e9ho py\u017eama p\u0159in\u00e1\u0161\u00ed klid a nekone\u010dn\u00fd prostor pro va\u0161e my\u0161lenky a fantazii. Je to barva ticha, kter\u00e1 v\u00e1s sv\u00e1d\u00ed k objeven\u00ed vnit\u0159n\u00edho klidu a bezstarostnosti.<\/p>\n<p>Na fotk\u00e1ch m\u00e1 na\u0161e modelka Eli na sob\u011b ln\u011bn\u00e9 py\u017eamo v bled\u011b modr\u00e9 barv\u011b v prodlou\u017een\u00e9 verzi ko\u0161ile, zat\u00edmco Lubka m\u00e1 na sob\u011b py\u017eamo v prodlou\u017een\u00e9 verzi ko\u0161ile ve sv\u011btle \u0161ed\u00e9 barv\u011b. Pro srovn\u00e1n\u00ed st\u0159ihu se m\u016f\u017eete pod\u00edvat na ln\u011bnou ko\u0161ili ve zkr\u00e1cen\u00e9 d\u00e9lce <a href=\"https:\/\/lanaja.sk\/cs\/obchod\/loznice\/lnene-pyzamo\/lnene-pyzamo-elizabeth-4\/\" target=\"_blank\" rel=\"noopener\">ZDE<\/a>  Velikost ln\u011bn\u00e9ho py\u017eama je UNI S-M, m\u016f\u017eeme z nich u\u0161\u00edt v\u011bt\u0161\u00ed velikost, napi\u0161te n\u00e1m sv\u00e9 m\u00edry: Obvod prsou, obvod pasu a obvod bok\u016f, v\u00fd\u0161ka va\u0161\u00ed postavy, zde tak\u00e9 upravujeme p\u0159edn\u00ed a zadn\u00ed sedadlo kalhot, p\u0159eci jen len nen\u00ed elastick\u00fd materi\u00e1l a z\u00e1le\u017e\u00ed n\u00e1m na tom, abyste se v na\u0161em py\u017eamu c\u00edtili pohodln\u011b a u\u0161ijeme je na m\u00edru va\u0161im osobn\u00edm m\u00edr\u00e1m,  Tak to fungovalo u n\u00e1s. Cena py\u017eama se pak upravuje podle rozm\u011br\u016f.<\/p>\n<p>Ka\u017ed\u00e1 z n\u00e1s je jin\u00e1, jedine\u010dn\u00e1, s v\u011bt\u0161\u00edm \u010di men\u0161\u00edm b\u0159\u00ed\u0161kem, boky nebo horn\u00edm obvodem, a tak to m\u00e1 b\u00fdt, jsme kr\u00e1sn\u00e9 p\u0159esn\u011b takov\u00e9, jak\u00e9 jsme.<\/p>\n<p>&nbsp;<\/p>\n<p><strong>S-M zkr\u00e1cen\u00e1 d\u00e9lka ko\u0161ile:  <\/strong><\/p>\n<p>d\u00e9lka zad m\u011b\u0159en\u00e1 st\u0159edem cca 60cm<\/p>\n<p>\u0160\u00ed\u0159ka ko\u0161ile p\u0159es prsa cca 56cm x2<\/p>\n<p>kra\u0165asy p\u00e1sek s gumou 3cm: 49cm x 2 v nata\u017een\u00e9m stavu do max, 35cm x 2 v nenata\u017een\u00e9m stavu<\/p>\n<p>d\u00e9lka cca 38cm<\/p>\n<p>&nbsp;<\/p>\n<p><strong>Prodlou\u017een\u00e1 d\u00e9lka ko\u0161ile S-M<\/strong><\/p>\n<p>D\u00e9lka ko\u0161ile: cca 74cm<\/p>\n<p>\u0160\u00ed\u0159ka ko\u0161ile p\u0159es prsa cca 56cm x2<\/p>\n<p>Kra\u0165asy p\u00e1s v nenata\u017een\u00e9m stavu 35cm x2, v nata\u017een\u00e9m stavu do max. 49cm x 2<\/p>\n<p>d\u00e9lka cca 38cm<\/p>\n<p>&nbsp;<\/p>\n<p><strong>Velikost L zkr\u00e1cen\u00e1 d\u00e9lka ko\u0161ile<\/strong><\/p>\n<p>d\u00e9lka zad m\u011b\u0159en\u00e1 st\u0159edem cca 60cm<\/p>\n<p>\u0160\u00ed\u0159ka ko\u0161ile cca 64cm x 2<\/p>\n<p>\u0161\u00ed\u0159ka ramen cca 56cm<\/p>\n<p>kra\u0165asy v nenata\u017een\u00e9m stavu cca 41cm x 2<\/p>\n<p>v nata\u017een\u00e9m stavu do max. cca 58cm x 2<\/p>\n<p>d\u00e9lka 42 cm, p\u0159edn\u00ed sada 37cm, zadn\u00ed sada 46cm,<\/p>\n<p>spodn\u00ed obvod (kolem stehna) cca 38,5cm x 2<\/p>\n<p>boky (m\u011b\u0159en\u00e9 jsou kalhoty, ne postava) 63cm x 2<\/p>\n<p>&nbsp;<\/p>\n<p><strong>Velikost L prodlou\u017een\u00e1 d\u00e9lka ko\u0161ile<\/strong><\/p>\n<p>d\u00e9lka zad m\u011b\u0159en\u00e1 st\u0159edem cca 75cm<\/p>\n<p>\u0160\u00ed\u0159ka ko\u0161ile cca 64cm x 2<\/p>\n<p>\u0161\u00ed\u0159ka ramen cca 56cm<\/p>\n<p>kra\u0165asy v nenata\u017een\u00e9m stavu cca 41cm x 2<\/p>\n<p>v nata\u017een\u00e9m stavu do max. cca 58cm x 2<\/p>\n<p>d\u00e9lka 42 cm, p\u0159edn\u00ed sada 37cm, zadn\u00ed sada 46cm,<\/p>\n<p>spodn\u00ed obvod (kolem stehna) cca 38,5cm x 2<\/p>\n<p>boky (m\u011b\u0159en\u00e9 jsou kalhoty, ne postava) 63cm x 2<\/p>\n<p>&nbsp;<\/p>\n<p><strong>BARVA: bled\u011b modr\u00e1, zap\u00edn\u00e1n\u00ed na p\u0159\u00edrodn\u00ed kokosov\u00e9 knofl\u00edky<\/strong><\/p>\n<p>Ln\u011bn\u00e1 py\u017eama s dlouh\u00fdm ruk\u00e1vem a dlouh\u00e9 pohodln\u00e9 kalhoty <a href=\"https:\/\/lanaja.sk\/obchod\/lanove-pyzama\/lanove-pyzamo-2\/\" rel=\"noopener\">\u0161ijeme tak\u00e9 ZDE<\/a><\/p>\n<p>Ln\u011bn\u00e9 turbany do vlas\u016f, kter\u00e9 m\u016f\u017eete vid\u011bt na na\u0161ich fotk\u00e1ch v b\u00edl\u00e9 a sko\u0159icov\u00e9 barv\u011b, jsou \u0161it\u00e9 i v dal\u0161\u00edch barv\u00e1ch <a href=\"https:\/\/lanaja.sk\/obchod\/kupelna\/lanove-uteraky-osusky\/lanovy-uterak-turban-na-vlasy\/\" rel=\"noopener\">ZDE<\/a><\/p>\n<p><strong>Po\u010d\u00edtejte s dodac\u00ed lh\u016ftou 5-15 pracovn\u00edch dn\u016f, pokud nem\u00e1me produkt \u0161it\u00fd skladem, ru\u010dn\u00ed pr\u00e1ce vy\u017eaduje n\u00e1\u0161 \u010das. Ln\u011bn\u00e9 v\u00fdrobky \u0161ijeme v na\u0161\u00ed d\u00edln\u011b dle Va\u0161eho p\u0159\u00e1n\u00ed a na m\u00edru v z\u00e1vislosti na konkr\u00e9tn\u00edm v\u00fdrobku.<\/strong><\/p>\n","protected":false},"excerpt":{"rendered":"<p>V jemn\u00e9m letn\u00edm v\u00e1nku se loni v l\u00e9t\u011b zrodil n\u00e1pad, kter\u00fd se spojil s v\u00fdrazn\u00fdm dotekem lnu. Trvalo to hodn\u011b \u010dasu a testov\u00e1n\u00ed, ne\u017e jsme se dostali do fin\u00e1le. V na\u0161em ateli\u00e9ru Lanaja jsme u\u0161ili ln\u011bn\u00e9 py\u017eamo v kr\u00e1tk\u00e9 verzi, kouzeln\u00e9 oble\u010den\u00ed na letn\u00ed tepl\u00e9 m\u011bs\u00edce. S kr\u00e1tk\u00fdmi ruk\u00e1vy a \u0161ortkami vytvo\u0159\u00ed o\u00e1zu osv\u011b\u017euj\u00edc\u00ed pohody, kter\u00e1 v\u00e1s pohlt\u00ed a obklop\u00ed p\u0159\u00edrodn\u00ed v\u016fn\u00ed.<\/p>\n","protected":false},"featured_media":8586,"template":"","meta":[],"product_brand":[],"product_cat":[178,380],"product_tag":[428],"class_list":{"0":"post-13376","1":"product","2":"type-product","3":"status-publish","4":"has-post-thumbnail","6":"product_cat-lnene-pyzamo","7":"product_cat-loznice","8":"product_tag-lnene-pyzamo","10":"first","11":"onbackorder","12":"shipping-taxable","13":"purchasable","14":"product-type-variable"},"yoast_head":"<!-- This site is optimized with the Yoast SEO plugin v27.4 - https:\/\/yoast.com\/product\/yoast-seo-wordpress\/ -->\n<title>Ln\u011bn\u00e9 py\u017eamo Elizabeth &#8226; Lanaja-slovensk\u00e1 udr\u017eiteln\u00e1 zna\u010dka a v\u00fdrobce ln\u011bn\u00e9ho textilu<\/title>\n<meta name=\"description\" content=\"Ln\u011bn\u00e9 py\u017eamo Elizabeth je u\u0161it\u00e9 z evropsk\u00e9ho certifikovan\u00e9ho lnu z \u010cesk\u00e9 republiky a Litvy, je m\u011bkk\u00e9 na dotek a p\u0159\u00edjemn\u00e9 na no\u0161en\u00ed...\" \/>\n<meta name=\"robots\" content=\"index, follow, max-snippet:-1, max-image-preview:large, max-video-preview:-1\" \/>\n<link rel=\"canonical\" href=\"https:\/\/lanaja.sk\/cs\/obchod\/lnene-pyzamo-elizabeth-7\/\" \/>\n<meta property=\"og:locale\" content=\"cs_CZ\" \/>\n<meta property=\"og:type\" content=\"article\" \/>\n<meta property=\"og:title\" content=\"Ln\u011bn\u00e9 py\u017eamo Elizabeth &#8226; Lanaja-slovensk\u00e1 udr\u017eiteln\u00e1 zna\u010dka a v\u00fdrobce ln\u011bn\u00e9ho textilu\" \/>\n<meta property=\"og:description\" content=\"Ln\u011bn\u00e9 py\u017eamo Elizabeth je u\u0161it\u00e9 z evropsk\u00e9ho certifikovan\u00e9ho lnu z \u010cesk\u00e9 republiky a Litvy, je m\u011bkk\u00e9 na dotek a p\u0159\u00edjemn\u00e9 na no\u0161en\u00ed...\" \/>\n<meta property=\"og:url\" content=\"https:\/\/lanaja.sk\/cs\/obchod\/lnene-pyzamo-elizabeth-7\/\" \/>\n<meta property=\"og:site_name\" content=\"Lanaja-slovensk\u00e1 udr\u017eiteln\u00e1 zna\u010dka a v\u00fdrobce ln\u011bn\u00e9ho textilu\" \/>\n<meta property=\"article:publisher\" content=\"https:\/\/www.facebook.com\/Abreadbag\" \/>\n<meta property=\"article:modified_time\" content=\"2025-10-05T10:44:15+00:00\" \/>\n<meta property=\"og:image\" content=\"https:\/\/lanaja.sk\/wp-content\/uploads\/2023\/05\/lanove-pyzamo176-scaled-e1684688037884.webp\" \/>\n\t<meta property=\"og:image:width\" content=\"1237\" \/>\n\t<meta property=\"og:image:height\" content=\"1900\" \/>\n\t<meta property=\"og:image:type\" content=\"image\/jpeg\" \/>\n<meta name=\"twitter:card\" content=\"summary_large_image\" \/>\n<meta name=\"twitter:label1\" content=\"Odhadovan\u00e1 doba \u010dten\u00ed\" \/>\n\t<meta name=\"twitter:data1\" content=\"4 minuty\" \/>\n<script type=\"application\/ld+json\" class=\"yoast-schema-graph\">{\"@context\":\"https:\\\/\\\/schema.org\",\"@graph\":[{\"@type\":\"WebPage\",\"@id\":\"https:\\\/\\\/lanaja.sk\\\/cs\\\/obchod\\\/lnene-pyzamo-elizabeth-7\\\/\",\"url\":\"https:\\\/\\\/lanaja.sk\\\/cs\\\/obchod\\\/lnene-pyzamo-elizabeth-7\\\/\",\"name\":\"Ln\u011bn\u00e9 py\u017eamo Elizabeth &#8226; Lanaja-slovensk\u00e1 udr\u017eiteln\u00e1 zna\u010dka a v\u00fdrobce ln\u011bn\u00e9ho textilu\",\"isPartOf\":{\"@id\":\"https:\\\/\\\/lanaja.sk\\\/cs\\\/#website\"},\"primaryImageOfPage\":{\"@id\":\"https:\\\/\\\/lanaja.sk\\\/cs\\\/obchod\\\/lnene-pyzamo-elizabeth-7\\\/#primaryimage\"},\"image\":{\"@id\":\"https:\\\/\\\/lanaja.sk\\\/cs\\\/obchod\\\/lnene-pyzamo-elizabeth-7\\\/#primaryimage\"},\"thumbnailUrl\":\"https:\\\/\\\/lanaja.sk\\\/wp-content\\\/uploads\\\/2023\\\/05\\\/lanove-pyzamo176-scaled-e1684688037884.webp\",\"datePublished\":\"2023-05-21T17:07:50+00:00\",\"dateModified\":\"2025-10-05T10:44:15+00:00\",\"description\":\"Ln\u011bn\u00e9 py\u017eamo Elizabeth je u\u0161it\u00e9 z evropsk\u00e9ho certifikovan\u00e9ho lnu z \u010cesk\u00e9 republiky a Litvy, je m\u011bkk\u00e9 na dotek a p\u0159\u00edjemn\u00e9 na no\u0161en\u00ed...\",\"breadcrumb\":{\"@id\":\"https:\\\/\\\/lanaja.sk\\\/cs\\\/obchod\\\/lnene-pyzamo-elizabeth-7\\\/#breadcrumb\"},\"inLanguage\":\"cs\",\"potentialAction\":[{\"@type\":\"ReadAction\",\"target\":[\"https:\\\/\\\/lanaja.sk\\\/cs\\\/obchod\\\/lnene-pyzamo-elizabeth-7\\\/\"]}]},{\"@type\":\"ImageObject\",\"inLanguage\":\"cs\",\"@id\":\"https:\\\/\\\/lanaja.sk\\\/cs\\\/obchod\\\/lnene-pyzamo-elizabeth-7\\\/#primaryimage\",\"url\":\"https:\\\/\\\/lanaja.sk\\\/wp-content\\\/uploads\\\/2023\\\/05\\\/lanove-pyzamo176-scaled-e1684688037884.webp\",\"contentUrl\":\"https:\\\/\\\/lanaja.sk\\\/wp-content\\\/uploads\\\/2023\\\/05\\\/lanove-pyzamo176-scaled-e1684688037884.webp\",\"width\":1237,\"height\":1900,\"caption\":\"d\u00e1mske \u013eanov\u00e9 py\u017eamo\"},{\"@type\":\"BreadcrumbList\",\"@id\":\"https:\\\/\\\/lanaja.sk\\\/cs\\\/obchod\\\/lnene-pyzamo-elizabeth-7\\\/#breadcrumb\",\"itemListElement\":[{\"@type\":\"ListItem\",\"position\":1,\"name\":\"Home\",\"item\":\"https:\\\/\\\/lanaja.sk\\\/cs\\\/\"},{\"@type\":\"ListItem\",\"position\":2,\"name\":\"Obchod\",\"item\":\"https:\\\/\\\/lanaja.sk\\\/cs\\\/obchod-cz\\\/\"},{\"@type\":\"ListItem\",\"position\":3,\"name\":\"Ln\u011bn\u00e9 py\u017eamo Elizabeth\"}]},{\"@type\":\"WebSite\",\"@id\":\"https:\\\/\\\/lanaja.sk\\\/cs\\\/#website\",\"url\":\"https:\\\/\\\/lanaja.sk\\\/cs\\\/\",\"name\":\"Lanaja - bytov\u00fd textil z \u013eanu a \u013eanov\u00e9 v\u00fdrobky\",\"description\":\"Jedine\u010dn\u00fd bytov\u00fd textil, ln\u011bn\u00e9 pytl\u00edky, ln\u011bn\u00e9 ubrusy, ln\u011bn\u00e9 lo\u017en\u00ed povle\u010den\u00ed, ln\u011bn\u00e9 ut\u011brky, ln\u011bn\u00e9 prost\u00edr\u00e1n\u00ed vyroben\u00e9 a \u0161it\u00e9 na Slovensku\",\"publisher\":{\"@id\":\"https:\\\/\\\/lanaja.sk\\\/cs\\\/#organization\"},\"alternateName\":\"Lanaja - v\u00fdrobky z \u013eanu, \u013eanov\u00fd bytov\u00fd textil\",\"potentialAction\":[{\"@type\":\"SearchAction\",\"target\":{\"@type\":\"EntryPoint\",\"urlTemplate\":\"https:\\\/\\\/lanaja.sk\\\/cs\\\/?s={search_term_string}\"},\"query-input\":{\"@type\":\"PropertyValueSpecification\",\"valueRequired\":true,\"valueName\":\"search_term_string\"}}],\"inLanguage\":\"cs\"},{\"@type\":\"Organization\",\"@id\":\"https:\\\/\\\/lanaja.sk\\\/cs\\\/#organization\",\"name\":\"Lanaja\",\"alternateName\":\"Al\u017ebeta Andr\u00e1\u0161ikov\u00e1 - Lanaja\",\"url\":\"https:\\\/\\\/lanaja.sk\\\/cs\\\/\",\"logo\":{\"@type\":\"ImageObject\",\"inLanguage\":\"cs\",\"@id\":\"https:\\\/\\\/lanaja.sk\\\/cs\\\/#\\\/schema\\\/logo\\\/image\\\/\",\"url\":\"https:\\\/\\\/lanaja.sk\\\/wp-content\\\/uploads\\\/2024\\\/01\\\/Lanaja.sk-logo.png\",\"contentUrl\":\"https:\\\/\\\/lanaja.sk\\\/wp-content\\\/uploads\\\/2024\\\/01\\\/Lanaja.sk-logo.png\",\"width\":600,\"height\":300,\"caption\":\"Lanaja\"},\"image\":{\"@id\":\"https:\\\/\\\/lanaja.sk\\\/cs\\\/#\\\/schema\\\/logo\\\/image\\\/\"},\"sameAs\":[\"https:\\\/\\\/www.facebook.com\\\/Abreadbag\",\"https:\\\/\\\/www.instagram.com\\\/lanaja_sk\\\/\"]}]}<\/script>\n<!-- \/ Yoast SEO plugin. -->","yoast_head_json":{"title":"Ln\u011bn\u00e9 py\u017eamo Elizabeth &#8226; Lanaja-slovensk\u00e1 udr\u017eiteln\u00e1 zna\u010dka a v\u00fdrobce ln\u011bn\u00e9ho textilu","description":"Ln\u011bn\u00e9 py\u017eamo Elizabeth je u\u0161it\u00e9 z evropsk\u00e9ho certifikovan\u00e9ho lnu z \u010cesk\u00e9 republiky a Litvy, je m\u011bkk\u00e9 na dotek a p\u0159\u00edjemn\u00e9 na no\u0161en\u00ed...","robots":{"index":"index","follow":"follow","max-snippet":"max-snippet:-1","max-image-preview":"max-image-preview:large","max-video-preview":"max-video-preview:-1"},"canonical":"https:\/\/lanaja.sk\/cs\/obchod\/lnene-pyzamo-elizabeth-7\/","og_locale":"cs_CZ","og_type":"article","og_title":"Ln\u011bn\u00e9 py\u017eamo Elizabeth &#8226; Lanaja-slovensk\u00e1 udr\u017eiteln\u00e1 zna\u010dka a v\u00fdrobce ln\u011bn\u00e9ho textilu","og_description":"Ln\u011bn\u00e9 py\u017eamo Elizabeth je u\u0161it\u00e9 z evropsk\u00e9ho certifikovan\u00e9ho lnu z \u010cesk\u00e9 republiky a Litvy, je m\u011bkk\u00e9 na dotek a p\u0159\u00edjemn\u00e9 na no\u0161en\u00ed...","og_url":"https:\/\/lanaja.sk\/cs\/obchod\/lnene-pyzamo-elizabeth-7\/","og_site_name":"Lanaja-slovensk\u00e1 udr\u017eiteln\u00e1 zna\u010dka a v\u00fdrobce ln\u011bn\u00e9ho textilu","article_publisher":"https:\/\/www.facebook.com\/Abreadbag","article_modified_time":"2025-10-05T10:44:15+00:00","og_image":[{"width":1237,"height":1900,"url":"https:\/\/lanaja.sk\/wp-content\/uploads\/2023\/05\/lanove-pyzamo176-scaled-e1684688037884.webp","type":"image\/jpeg"}],"twitter_card":"summary_large_image","twitter_misc":{"Odhadovan\u00e1 doba \u010dten\u00ed":"4 minuty"},"schema":{"@context":"https:\/\/schema.org","@graph":[{"@type":"WebPage","@id":"https:\/\/lanaja.sk\/cs\/obchod\/lnene-pyzamo-elizabeth-7\/","url":"https:\/\/lanaja.sk\/cs\/obchod\/lnene-pyzamo-elizabeth-7\/","name":"Ln\u011bn\u00e9 py\u017eamo Elizabeth &#8226; Lanaja-slovensk\u00e1 udr\u017eiteln\u00e1 zna\u010dka a v\u00fdrobce ln\u011bn\u00e9ho textilu","isPartOf":{"@id":"https:\/\/lanaja.sk\/cs\/#website"},"primaryImageOfPage":{"@id":"https:\/\/lanaja.sk\/cs\/obchod\/lnene-pyzamo-elizabeth-7\/#primaryimage"},"image":{"@id":"https:\/\/lanaja.sk\/cs\/obchod\/lnene-pyzamo-elizabeth-7\/#primaryimage"},"thumbnailUrl":"https:\/\/lanaja.sk\/wp-content\/uploads\/2023\/05\/lanove-pyzamo176-scaled-e1684688037884.webp","datePublished":"2023-05-21T17:07:50+00:00","dateModified":"2025-10-05T10:44:15+00:00","description":"Ln\u011bn\u00e9 py\u017eamo Elizabeth je u\u0161it\u00e9 z evropsk\u00e9ho certifikovan\u00e9ho lnu z \u010cesk\u00e9 republiky a Litvy, je m\u011bkk\u00e9 na dotek a p\u0159\u00edjemn\u00e9 na no\u0161en\u00ed...","breadcrumb":{"@id":"https:\/\/lanaja.sk\/cs\/obchod\/lnene-pyzamo-elizabeth-7\/#breadcrumb"},"inLanguage":"cs","potentialAction":[{"@type":"ReadAction","target":["https:\/\/lanaja.sk\/cs\/obchod\/lnene-pyzamo-elizabeth-7\/"]}]},{"@type":"ImageObject","inLanguage":"cs","@id":"https:\/\/lanaja.sk\/cs\/obchod\/lnene-pyzamo-elizabeth-7\/#primaryimage","url":"https:\/\/lanaja.sk\/wp-content\/uploads\/2023\/05\/lanove-pyzamo176-scaled-e1684688037884.webp","contentUrl":"https:\/\/lanaja.sk\/wp-content\/uploads\/2023\/05\/lanove-pyzamo176-scaled-e1684688037884.webp","width":1237,"height":1900,"caption":"d\u00e1mske \u013eanov\u00e9 py\u017eamo"},{"@type":"BreadcrumbList","@id":"https:\/\/lanaja.sk\/cs\/obchod\/lnene-pyzamo-elizabeth-7\/#breadcrumb","itemListElement":[{"@type":"ListItem","position":1,"name":"Home","item":"https:\/\/lanaja.sk\/cs\/"},{"@type":"ListItem","position":2,"name":"Obchod","item":"https:\/\/lanaja.sk\/cs\/obchod-cz\/"},{"@type":"ListItem","position":3,"name":"Ln\u011bn\u00e9 py\u017eamo Elizabeth"}]},{"@type":"WebSite","@id":"https:\/\/lanaja.sk\/cs\/#website","url":"https:\/\/lanaja.sk\/cs\/","name":"Lanaja - bytov\u00fd textil z \u013eanu a \u013eanov\u00e9 v\u00fdrobky","description":"Jedine\u010dn\u00fd bytov\u00fd textil, ln\u011bn\u00e9 pytl\u00edky, ln\u011bn\u00e9 ubrusy, ln\u011bn\u00e9 lo\u017en\u00ed povle\u010den\u00ed, ln\u011bn\u00e9 ut\u011brky, ln\u011bn\u00e9 prost\u00edr\u00e1n\u00ed vyroben\u00e9 a \u0161it\u00e9 na Slovensku","publisher":{"@id":"https:\/\/lanaja.sk\/cs\/#organization"},"alternateName":"Lanaja - v\u00fdrobky z \u013eanu, \u013eanov\u00fd bytov\u00fd textil","potentialAction":[{"@type":"SearchAction","target":{"@type":"EntryPoint","urlTemplate":"https:\/\/lanaja.sk\/cs\/?s={search_term_string}"},"query-input":{"@type":"PropertyValueSpecification","valueRequired":true,"valueName":"search_term_string"}}],"inLanguage":"cs"},{"@type":"Organization","@id":"https:\/\/lanaja.sk\/cs\/#organization","name":"Lanaja","alternateName":"Al\u017ebeta Andr\u00e1\u0161ikov\u00e1 - Lanaja","url":"https:\/\/lanaja.sk\/cs\/","logo":{"@type":"ImageObject","inLanguage":"cs","@id":"https:\/\/lanaja.sk\/cs\/#\/schema\/logo\/image\/","url":"https:\/\/lanaja.sk\/wp-content\/uploads\/2024\/01\/Lanaja.sk-logo.png","contentUrl":"https:\/\/lanaja.sk\/wp-content\/uploads\/2024\/01\/Lanaja.sk-logo.png","width":600,"height":300,"caption":"Lanaja"},"image":{"@id":"https:\/\/lanaja.sk\/cs\/#\/schema\/logo\/image\/"},"sameAs":["https:\/\/www.facebook.com\/Abreadbag","https:\/\/www.instagram.com\/lanaja_sk\/"]}]}},"_links":{"self":[{"href":"https:\/\/lanaja.sk\/cs\/wp-json\/wp\/v2\/product\/13376","targetHints":{"allow":["GET"]}}],"collection":[{"href":"https:\/\/lanaja.sk\/cs\/wp-json\/wp\/v2\/product"}],"about":[{"href":"https:\/\/lanaja.sk\/cs\/wp-json\/wp\/v2\/types\/product"}],"version-history":[{"count":1,"href":"https:\/\/lanaja.sk\/cs\/wp-json\/wp\/v2\/product\/13376\/revisions"}],"predecessor-version":[{"id":16694,"href":"https:\/\/lanaja.sk\/cs\/wp-json\/wp\/v2\/product\/13376\/revisions\/16694"}],"wp:featuredmedia":[{"embeddable":true,"href":"https:\/\/lanaja.sk\/cs\/wp-json\/wp\/v2\/media\/8586"}],"wp:attachment":[{"href":"https:\/\/lanaja.sk\/cs\/wp-json\/wp\/v2\/media?parent=13376"}],"wp:term":[{"taxonomy":"product_brand","embeddable":true,"href":"https:\/\/lanaja.sk\/cs\/wp-json\/wp\/v2\/product_brand?post=13376"},{"taxonomy":"product_cat","embeddable":true,"href":"https:\/\/lanaja.sk\/cs\/wp-json\/wp\/v2\/product_cat?post=13376"},{"taxonomy":"product_tag","embeddable":true,"href":"https:\/\/lanaja.sk\/cs\/wp-json\/wp\/v2\/product_tag?post=13376"}],"curies":[{"name":"wp","href":"https:\/\/api.w.org\/{rel}","templated":true}]}}