{"id":13384,"date":"2023-05-22T13:05:41","date_gmt":"2023-05-22T11:05:41","guid":{"rendered":"https:\/\/lanaja.sk\/obchod\/neza\u0159azen\u00e9\/lnene-pyzamo-elizabeth-2\/"},"modified":"2025-10-05T12:54:39","modified_gmt":"2025-10-05T10:54:39","slug":"lnene-pyzamo-elizabeth-2","status":"publish","type":"product","link":"https:\/\/lanaja.sk\/cs\/obchod\/lnene-pyzamo-elizabeth-2\/","title":{"rendered":"Ln\u011bn\u00e9 py\u017eamo Elizabeth"},"content":{"rendered":"<h2><strong>Ln\u011bn\u00e9 py\u017eamo Elizabeth<\/strong><\/h2>\n<p>Ln\u011bn\u00e9 py\u017eamo Elizabeth je jako proch\u00e1zka v de\u0161ti \u2013 ka\u017ed\u00e1 kapka je jedine\u010dn\u00e1. Ve sv\u011btle \u0161ed\u00e9 barv\u011b lnu m\u016f\u017eete naj\u00edt rovnov\u00e1hu mezi sv\u011btlem a st\u00ednem, mezi pozn\u00e1n\u00edm a tajemstv\u00edm. Sv\u011btle \u0161ed\u00e1 barva v\u00e1s obklop\u00ed jemn\u00fdmi pa\u017eemi a vykouzl\u00ed \u00fasm\u011bv na tv\u00e1\u0159i. Je to barva, kter\u00e1 vyjad\u0159uje vnit\u0159n\u00ed s\u00edlu, zp\u016fsob, jak si odpo\u010dinout od ru\u0161n\u00e9ho sv\u011bta a naj\u00edt vnit\u0159n\u00ed klid v sob\u011b. Jedn\u00e1 se o py\u017eamo pro \u017eeny, kter\u00e9 v\u011b\u0159\u00ed v eleganci a hodnotu m\u011bkkosti. V t\u011bchto py\u017eamech m\u016f\u017eete naj\u00edt sv\u00e9 vnit\u0159n\u00ed j\u00e1 a vyj\u00e1d\u0159it ho sv\u011btu beze slov.<\/p>\n<p>S\u00edla udr\u017eitelnosti a etiky pulzuje v na\u0161ich srdc\u00edch. S ka\u017ed\u00fdm \u0161vem, kter\u00fd spoj\u00edme, s ka\u017ed\u00fdm detailem, kter\u00fd u\u0161ijeme, se zrod\u00ed jedine\u010dn\u00fd kousek, kter\u00fd si zaslou\u017e\u00ed b\u00fdt sv\u011bdomit\u011b no\u0161en. Jsme nad\u0161en\u00ed pro \u0159emesln\u00e9 zpracov\u00e1n\u00ed, kter\u00e9 zd\u016fraz\u0148uje kr\u00e1su lnu a z\u00e1rove\u0148 respektuje \u017eivotn\u00ed prost\u0159ed\u00ed.<\/p>\n<p>Brzy tu bude l\u00e9to a se slun\u00ed\u010dkem p\u0159ich\u00e1z\u00ed tepl\u00e9 po\u010das\u00ed, kter\u00e9 n\u00e1m v\u0161em p\u0159in\u00e1\u0161\u00ed spoustu energie. Na\u0161e ln\u011bn\u00e1 py\u017eama Elizabeth jsou \u0161it\u00e1 z evropsk\u00e9ho certifikovan\u00e9ho lnu z \u010cesk\u00e9 republiky a Litvy. Je m\u011bkk\u00fd na dotek a p\u0159\u00edjemn\u00fd na no\u0161en\u00ed. Jeho p\u0159irozen\u00e1 schopnost regulovat t\u011blesnou teplotu a odv\u00e1d\u011bt vlhkost v\u00e1m umo\u017en\u00ed klidn\u011b a pohodln\u011b sp\u00e1t po celou noc. C\u00edt\u00edte, jak se jemn\u00fd len op\u00edr\u00e1 o va\u0161i poko\u017eku a vytv\u00e1\u0159\u00ed p\u0159\u00edjemn\u00fd chladiv\u00fd pocit. Jeho m\u011bkkost a st\u0159ih v\u00e1m poskytne absolutn\u00ed pohodl\u00ed a volnost pohybu.<\/p>\n<p>Jednoduch\u00fd a minimalistick\u00fd design se skv\u011ble hod\u00ed pro ka\u017edou p\u0159\u00edle\u017eitost \u2013 a\u0165 u\u017e se chyst\u00e1te sp\u00e1t nebo relaxovat v pohodl\u00ed domova.<\/p>\n<p>Na fotk\u00e1ch m\u00e1 n\u00e1\u0161 model Eli na sob\u011b ln\u011bn\u00e9 py\u017eamo v bled\u011b modr\u00e9 barv\u011b v prodlou\u017een\u00e9 verzi ko\u0161ile. Lubka m\u00e1 na sob\u011b py\u017eamo v prodlou\u017een\u00e9 verzi ko\u0161ile ve sv\u011btle \u0161ed\u00e9 barv\u011b. Pro srovn\u00e1n\u00ed st\u0159ihu se m\u016f\u017eete pod\u00edvat na ln\u011bnou ko\u0161ili ve zkr\u00e1cen\u00e9 d\u00e9lce <a href=\"https:\/\/lanaja.sk\/cs\/obchod\/loznice\/lnene-pyzamo\/lnene-pyzamo-elizabeth-4\/\" target=\"_blank\" rel=\"noopener\">ZDE.<\/a> Velikost ln\u011bn\u00e9ho py\u017eama je UNI S-M, ale um\u00edme V\u00e1m z n\u011bj u\u0161\u00edt i v\u011bt\u0161\u00ed velikost. Napi\u0161te n\u00e1m Va\u0161e m\u00edry: Obvod p\u0159es prsa, obvod pasu a obvod bok\u016f, a v\u00fd\u0161ku Va\u0161\u00ed postavy. P\u0159izp\u016fsob\u00edme v\u00e1m i p\u0159edn\u00ed a zadn\u00ed sed kalhot, p\u0159ece jen len nen\u00ed elastick\u00fd materi\u00e1l a n\u00e1m z\u00e1le\u017e\u00ed na tom, abyste se v na\u0161em py\u017eamu c\u00edtili pohodln\u011b. U\u0161ijeme v\u00e1m je na va\u0161e osobn\u00ed m\u00edry, takto se n\u00e1m to osv\u011bd\u010dilo. Cena py\u017eama se pak upravuje podle rozm\u011br\u016f.<\/p>\n<h4 style=\"text-align: center;\">Ka\u017ed\u00e1 jsme jin\u00e1, jedine\u010dn\u00e1, s v\u011bt\u0161\u00edm \u010di men\u0161\u00edm b\u0159\u00ed\u0161kem, boky \u010di horn\u00edm obvodem, a tak to m\u00e1 b\u00fdt. Jsme kr\u00e1sn\u00ed takov\u00ed, jac\u00ed jsme.<\/h4>\n<p>&nbsp;<\/p>\n<h4><strong>Velikost S-M zkr\u00e1cen\u00e1 d\u00e9lka ko\u0161ile:  <\/strong><\/h4>\n<p>d\u00e9lka zad m\u011b\u0159en\u00e1 st\u0159edem cca 60cm<\/p>\n<p>\u0160\u00ed\u0159ka ko\u0161ile p\u0159es prsa cca 56cm x2<\/p>\n<p>p\u00e1sek na kra\u0165asy s gumou 3cm: 49cm x 2 v nata\u017een\u00e9m stavu do max, 35cm x 2 v nenata\u017een\u00e9m stavu<\/p>\n<p>d\u00e9lka cca 38cm<\/p>\n<p>&nbsp;<\/p>\n<h4><strong>Prodlou\u017een\u00e1 d\u00e9lka ko\u0161ile S-M<\/strong><\/h4>\n<p>D\u00e9lka ko\u0161ile: cca 74cm<\/p>\n<p>\u0160\u00ed\u0159ka ko\u0161ile p\u0159es prsa cca 56cm x2<\/p>\n<p>Kra\u0165asy p\u00e1s v nenata\u017een\u00e9m stavu 35cm x2, v nata\u017een\u00e9m stavu do max. 49cm x 2<\/p>\n<p>d\u00e9lka cca 38cm<\/p>\n<p>&nbsp;<\/p>\n<h4><strong>Velikost L zkr\u00e1cen\u00e1 d\u00e9lka ko\u0161ile<\/strong><\/h4>\n<p>d\u00e9lka zad m\u011b\u0159en\u00e1 st\u0159edem cca 60cm<\/p>\n<p>\u0160\u00ed\u0159ka ko\u0161ile cca 64cm x 2<\/p>\n<p>\u0161\u00ed\u0159ka ramen cca 56cm<\/p>\n<p>kra\u0165asy v nenata\u017een\u00e9m stavu cca 41cm x 2<\/p>\n<p>v nata\u017een\u00e9m stavu do max. cca 58cm x 2<\/p>\n<p>d\u00e9lka 42 cm, p\u0159edn\u00ed sada 37cm, zadn\u00ed sada 46cm,<\/p>\n<p>spodn\u00ed obvod (kolem stehna) cca 38,5cm x 2<\/p>\n<p>boky (m\u011b\u0159en\u00e9 jsou kalhoty, ne postava) 63cm x 2<\/p>\n<p>&nbsp;<\/p>\n<h4><strong>Velikost L prodlou\u017een\u00e1 d\u00e9lka ko\u0161ile<\/strong><\/h4>\n<p>d\u00e9lka zad m\u011b\u0159en\u00e1 st\u0159edem cca 75cm<\/p>\n<p>\u0160\u00ed\u0159ka ko\u0161ile cca 64cm x 2<\/p>\n<p>\u0161\u00ed\u0159ka ramen cca 56cm<\/p>\n<p>kra\u0165asy v nenata\u017een\u00e9m stavu cca 41cm x 2<\/p>\n<p>v nata\u017een\u00e9m stavu do max. cca 58cm x 2<\/p>\n<p>d\u00e9lka 42 cm, p\u0159edn\u00ed sada 37cm, zadn\u00ed sada 46cm,<\/p>\n<p>spodn\u00ed obvod (kolem stehna) cca 38,5cm x 2<\/p>\n<p>boky (m\u011b\u0159en\u00e9 jsou kalhoty, ne postava) 63cm x 2<\/p>\n<p>&nbsp;<\/p>\n<p><strong>BARVA: <\/strong>sv\u011btle \u0161ed\u00e1, zap\u00edn\u00e1n\u00ed na knofl\u00edky z p\u0159\u00edrodn\u00edho kokosu<\/p>\n<p>Ln\u011bn\u00e1 py\u017eama s dlouh\u00fdm ruk\u00e1vem a dlouh\u00e9 pohodln\u00e9 kalhoty <a href=\"https:\/\/lanaja.sk\/obchod\/lanove-pyzama\/lanove-pyzamo-2\/\" rel=\"noopener\">\u0161ijeme tak\u00e9 ZDE<\/a><\/p>\n<p><strong>Po\u010d\u00edtejte s dodac\u00ed lh\u016ftou 5-15 pracovn\u00edch dn\u016f, pokud nem\u00e1me produkt \u0161it\u00fd skladem, ru\u010dn\u00ed pr\u00e1ce vy\u017eaduje n\u00e1\u0161 \u010das. Ln\u011bn\u00e9 v\u00fdrobky \u0161ijeme v na\u0161\u00ed d\u00edln\u011b dle Va\u0161eho p\u0159\u00e1n\u00ed a na m\u00edru v z\u00e1vislosti na konkr\u00e9tn\u00edm v\u00fdrobku.<\/strong><\/p>\n","protected":false},"excerpt":{"rendered":"<p>V jemn\u00e9m letn\u00edm v\u00e1nku se loni v l\u00e9t\u011b zrodil n\u00e1pad, kter\u00fd se spojil s v\u00fdrazn\u00fdm dotekem lnu. Trvalo to hodn\u011b \u010dasu a testov\u00e1n\u00ed, ne\u017e jsme se dostali do fin\u00e1le. V na\u0161em ateli\u00e9ru Lanaja jsme u\u0161ili ln\u011bn\u00e9 py\u017eamo v kr\u00e1tk\u00e9 verzi, kouzeln\u00e9 oble\u010den\u00ed na letn\u00ed tepl\u00e9 m\u011bs\u00edce. S kr\u00e1tk\u00fdmi ruk\u00e1vy a \u0161ortkami vytvo\u0159\u00ed o\u00e1zu osv\u011b\u017euj\u00edc\u00ed pohody, kter\u00e1 v\u00e1s pohlt\u00ed a obklop\u00ed p\u0159\u00edrodn\u00ed v\u016fn\u00ed.<\/p>\n","protected":false},"featured_media":8608,"template":"","meta":[],"product_brand":[],"product_cat":[178,380],"product_tag":[430],"class_list":{"0":"post-13384","1":"product","2":"type-product","3":"status-publish","4":"has-post-thumbnail","6":"product_cat-lnene-pyzamo","7":"product_cat-loznice","8":"product_tag-lnene-pyzamo-elizabeth","10":"first","11":"onbackorder","12":"shipping-taxable","13":"purchasable","14":"product-type-variable"},"yoast_head":"<!-- This site is optimized with the Yoast SEO plugin v27.4 - https:\/\/yoast.com\/product\/yoast-seo-wordpress\/ -->\n<title>Ln\u011bn\u00e9 py\u017eamo Elizabeth &#8226; Lanaja-slovensk\u00e1 udr\u017eiteln\u00e1 zna\u010dka a v\u00fdrobce ln\u011bn\u00e9ho textilu<\/title>\n<meta name=\"description\" content=\"Ln\u011bn\u00e1 py\u017eama Elizabeth jsou u\u0161ita z evropsk\u00e9ho certifikovan\u00e9ho lnu z \u010cesk\u00e9 republiky a Litvy, jsou m\u011bkk\u00e1 na dotek a p\u0159\u00edjemn\u00e1 na no\u0161en\u00ed.\" \/>\n<meta name=\"robots\" content=\"index, follow, max-snippet:-1, max-image-preview:large, max-video-preview:-1\" \/>\n<link rel=\"canonical\" href=\"https:\/\/lanaja.sk\/cs\/obchod\/lnene-pyzamo-elizabeth-2\/\" \/>\n<meta property=\"og:locale\" content=\"cs_CZ\" \/>\n<meta property=\"og:type\" content=\"article\" \/>\n<meta property=\"og:title\" content=\"Ln\u011bn\u00e9 py\u017eamo Elizabeth &#8226; Lanaja-slovensk\u00e1 udr\u017eiteln\u00e1 zna\u010dka a v\u00fdrobce ln\u011bn\u00e9ho textilu\" \/>\n<meta property=\"og:description\" content=\"Ln\u011bn\u00e1 py\u017eama Elizabeth jsou u\u0161ita z evropsk\u00e9ho certifikovan\u00e9ho lnu z \u010cesk\u00e9 republiky a Litvy, jsou m\u011bkk\u00e1 na dotek a p\u0159\u00edjemn\u00e1 na no\u0161en\u00ed.\" \/>\n<meta property=\"og:url\" content=\"https:\/\/lanaja.sk\/cs\/obchod\/lnene-pyzamo-elizabeth-2\/\" \/>\n<meta property=\"og:site_name\" content=\"Lanaja-slovensk\u00e1 udr\u017eiteln\u00e1 zna\u010dka a v\u00fdrobce ln\u011bn\u00e9ho textilu\" \/>\n<meta property=\"article:publisher\" content=\"https:\/\/www.facebook.com\/Abreadbag\" \/>\n<meta property=\"article:modified_time\" content=\"2025-10-05T10:54:39+00:00\" \/>\n<meta property=\"og:image\" content=\"https:\/\/lanaja.sk\/wp-content\/uploads\/2023\/05\/lanove-pyzamo129-scaled-e1684753182434.webp\" \/>\n\t<meta property=\"og:image:width\" content=\"1426\" \/>\n\t<meta property=\"og:image:height\" content=\"1900\" \/>\n\t<meta property=\"og:image:type\" content=\"image\/jpeg\" \/>\n<meta name=\"twitter:card\" content=\"summary_large_image\" \/>\n<meta name=\"twitter:label1\" content=\"Odhadovan\u00e1 doba \u010dten\u00ed\" \/>\n\t<meta name=\"twitter:data1\" content=\"4 minuty\" \/>\n<script type=\"application\/ld+json\" class=\"yoast-schema-graph\">{\"@context\":\"https:\\\/\\\/schema.org\",\"@graph\":[{\"@type\":\"WebPage\",\"@id\":\"https:\\\/\\\/lanaja.sk\\\/cs\\\/obchod\\\/lnene-pyzamo-elizabeth-2\\\/\",\"url\":\"https:\\\/\\\/lanaja.sk\\\/cs\\\/obchod\\\/lnene-pyzamo-elizabeth-2\\\/\",\"name\":\"Ln\u011bn\u00e9 py\u017eamo Elizabeth &#8226; Lanaja-slovensk\u00e1 udr\u017eiteln\u00e1 zna\u010dka a v\u00fdrobce ln\u011bn\u00e9ho textilu\",\"isPartOf\":{\"@id\":\"https:\\\/\\\/lanaja.sk\\\/cs\\\/#website\"},\"primaryImageOfPage\":{\"@id\":\"https:\\\/\\\/lanaja.sk\\\/cs\\\/obchod\\\/lnene-pyzamo-elizabeth-2\\\/#primaryimage\"},\"image\":{\"@id\":\"https:\\\/\\\/lanaja.sk\\\/cs\\\/obchod\\\/lnene-pyzamo-elizabeth-2\\\/#primaryimage\"},\"thumbnailUrl\":\"https:\\\/\\\/lanaja.sk\\\/wp-content\\\/uploads\\\/2023\\\/05\\\/lanove-pyzamo129-scaled-e1684753182434.webp\",\"datePublished\":\"2023-05-22T11:05:41+00:00\",\"dateModified\":\"2025-10-05T10:54:39+00:00\",\"description\":\"Ln\u011bn\u00e1 py\u017eama Elizabeth jsou u\u0161ita z evropsk\u00e9ho certifikovan\u00e9ho lnu z \u010cesk\u00e9 republiky a Litvy, jsou m\u011bkk\u00e1 na dotek a p\u0159\u00edjemn\u00e1 na no\u0161en\u00ed.\",\"breadcrumb\":{\"@id\":\"https:\\\/\\\/lanaja.sk\\\/cs\\\/obchod\\\/lnene-pyzamo-elizabeth-2\\\/#breadcrumb\"},\"inLanguage\":\"cs\",\"potentialAction\":[{\"@type\":\"ReadAction\",\"target\":[\"https:\\\/\\\/lanaja.sk\\\/cs\\\/obchod\\\/lnene-pyzamo-elizabeth-2\\\/\"]}]},{\"@type\":\"ImageObject\",\"inLanguage\":\"cs\",\"@id\":\"https:\\\/\\\/lanaja.sk\\\/cs\\\/obchod\\\/lnene-pyzamo-elizabeth-2\\\/#primaryimage\",\"url\":\"https:\\\/\\\/lanaja.sk\\\/wp-content\\\/uploads\\\/2023\\\/05\\\/lanove-pyzamo129-scaled-e1684753182434.webp\",\"contentUrl\":\"https:\\\/\\\/lanaja.sk\\\/wp-content\\\/uploads\\\/2023\\\/05\\\/lanove-pyzamo129-scaled-e1684753182434.webp\",\"width\":1426,\"height\":1900,\"caption\":\"\u013eanov\u00e9 py\u017eamo Elizabeth\"},{\"@type\":\"BreadcrumbList\",\"@id\":\"https:\\\/\\\/lanaja.sk\\\/cs\\\/obchod\\\/lnene-pyzamo-elizabeth-2\\\/#breadcrumb\",\"itemListElement\":[{\"@type\":\"ListItem\",\"position\":1,\"name\":\"Home\",\"item\":\"https:\\\/\\\/lanaja.sk\\\/cs\\\/\"},{\"@type\":\"ListItem\",\"position\":2,\"name\":\"Obchod\",\"item\":\"https:\\\/\\\/lanaja.sk\\\/cs\\\/obchod-cz\\\/\"},{\"@type\":\"ListItem\",\"position\":3,\"name\":\"Ln\u011bn\u00e9 py\u017eamo Elizabeth\"}]},{\"@type\":\"WebSite\",\"@id\":\"https:\\\/\\\/lanaja.sk\\\/cs\\\/#website\",\"url\":\"https:\\\/\\\/lanaja.sk\\\/cs\\\/\",\"name\":\"Lanaja - bytov\u00fd textil z \u013eanu a \u013eanov\u00e9 v\u00fdrobky\",\"description\":\"Jedine\u010dn\u00fd bytov\u00fd textil, ln\u011bn\u00e9 pytl\u00edky, ln\u011bn\u00e9 ubrusy, ln\u011bn\u00e9 lo\u017en\u00ed povle\u010den\u00ed, ln\u011bn\u00e9 ut\u011brky, ln\u011bn\u00e9 prost\u00edr\u00e1n\u00ed vyroben\u00e9 a \u0161it\u00e9 na Slovensku\",\"publisher\":{\"@id\":\"https:\\\/\\\/lanaja.sk\\\/cs\\\/#organization\"},\"alternateName\":\"Lanaja - v\u00fdrobky z \u013eanu, \u013eanov\u00fd bytov\u00fd textil\",\"potentialAction\":[{\"@type\":\"SearchAction\",\"target\":{\"@type\":\"EntryPoint\",\"urlTemplate\":\"https:\\\/\\\/lanaja.sk\\\/cs\\\/?s={search_term_string}\"},\"query-input\":{\"@type\":\"PropertyValueSpecification\",\"valueRequired\":true,\"valueName\":\"search_term_string\"}}],\"inLanguage\":\"cs\"},{\"@type\":\"Organization\",\"@id\":\"https:\\\/\\\/lanaja.sk\\\/cs\\\/#organization\",\"name\":\"Lanaja\",\"alternateName\":\"Al\u017ebeta Andr\u00e1\u0161ikov\u00e1 - Lanaja\",\"url\":\"https:\\\/\\\/lanaja.sk\\\/cs\\\/\",\"logo\":{\"@type\":\"ImageObject\",\"inLanguage\":\"cs\",\"@id\":\"https:\\\/\\\/lanaja.sk\\\/cs\\\/#\\\/schema\\\/logo\\\/image\\\/\",\"url\":\"https:\\\/\\\/lanaja.sk\\\/wp-content\\\/uploads\\\/2024\\\/01\\\/Lanaja.sk-logo.png\",\"contentUrl\":\"https:\\\/\\\/lanaja.sk\\\/wp-content\\\/uploads\\\/2024\\\/01\\\/Lanaja.sk-logo.png\",\"width\":600,\"height\":300,\"caption\":\"Lanaja\"},\"image\":{\"@id\":\"https:\\\/\\\/lanaja.sk\\\/cs\\\/#\\\/schema\\\/logo\\\/image\\\/\"},\"sameAs\":[\"https:\\\/\\\/www.facebook.com\\\/Abreadbag\",\"https:\\\/\\\/www.instagram.com\\\/lanaja_sk\\\/\"]}]}<\/script>\n<!-- \/ Yoast SEO plugin. -->","yoast_head_json":{"title":"Ln\u011bn\u00e9 py\u017eamo Elizabeth &#8226; Lanaja-slovensk\u00e1 udr\u017eiteln\u00e1 zna\u010dka a v\u00fdrobce ln\u011bn\u00e9ho textilu","description":"Ln\u011bn\u00e1 py\u017eama Elizabeth jsou u\u0161ita z evropsk\u00e9ho certifikovan\u00e9ho lnu z \u010cesk\u00e9 republiky a Litvy, jsou m\u011bkk\u00e1 na dotek a p\u0159\u00edjemn\u00e1 na no\u0161en\u00ed.","robots":{"index":"index","follow":"follow","max-snippet":"max-snippet:-1","max-image-preview":"max-image-preview:large","max-video-preview":"max-video-preview:-1"},"canonical":"https:\/\/lanaja.sk\/cs\/obchod\/lnene-pyzamo-elizabeth-2\/","og_locale":"cs_CZ","og_type":"article","og_title":"Ln\u011bn\u00e9 py\u017eamo Elizabeth &#8226; Lanaja-slovensk\u00e1 udr\u017eiteln\u00e1 zna\u010dka a v\u00fdrobce ln\u011bn\u00e9ho textilu","og_description":"Ln\u011bn\u00e1 py\u017eama Elizabeth jsou u\u0161ita z evropsk\u00e9ho certifikovan\u00e9ho lnu z \u010cesk\u00e9 republiky a Litvy, jsou m\u011bkk\u00e1 na dotek a p\u0159\u00edjemn\u00e1 na no\u0161en\u00ed.","og_url":"https:\/\/lanaja.sk\/cs\/obchod\/lnene-pyzamo-elizabeth-2\/","og_site_name":"Lanaja-slovensk\u00e1 udr\u017eiteln\u00e1 zna\u010dka a v\u00fdrobce ln\u011bn\u00e9ho textilu","article_publisher":"https:\/\/www.facebook.com\/Abreadbag","article_modified_time":"2025-10-05T10:54:39+00:00","og_image":[{"width":1426,"height":1900,"url":"https:\/\/lanaja.sk\/wp-content\/uploads\/2023\/05\/lanove-pyzamo129-scaled-e1684753182434.webp","type":"image\/jpeg"}],"twitter_card":"summary_large_image","twitter_misc":{"Odhadovan\u00e1 doba \u010dten\u00ed":"4 minuty"},"schema":{"@context":"https:\/\/schema.org","@graph":[{"@type":"WebPage","@id":"https:\/\/lanaja.sk\/cs\/obchod\/lnene-pyzamo-elizabeth-2\/","url":"https:\/\/lanaja.sk\/cs\/obchod\/lnene-pyzamo-elizabeth-2\/","name":"Ln\u011bn\u00e9 py\u017eamo Elizabeth &#8226; Lanaja-slovensk\u00e1 udr\u017eiteln\u00e1 zna\u010dka a v\u00fdrobce ln\u011bn\u00e9ho textilu","isPartOf":{"@id":"https:\/\/lanaja.sk\/cs\/#website"},"primaryImageOfPage":{"@id":"https:\/\/lanaja.sk\/cs\/obchod\/lnene-pyzamo-elizabeth-2\/#primaryimage"},"image":{"@id":"https:\/\/lanaja.sk\/cs\/obchod\/lnene-pyzamo-elizabeth-2\/#primaryimage"},"thumbnailUrl":"https:\/\/lanaja.sk\/wp-content\/uploads\/2023\/05\/lanove-pyzamo129-scaled-e1684753182434.webp","datePublished":"2023-05-22T11:05:41+00:00","dateModified":"2025-10-05T10:54:39+00:00","description":"Ln\u011bn\u00e1 py\u017eama Elizabeth jsou u\u0161ita z evropsk\u00e9ho certifikovan\u00e9ho lnu z \u010cesk\u00e9 republiky a Litvy, jsou m\u011bkk\u00e1 na dotek a p\u0159\u00edjemn\u00e1 na no\u0161en\u00ed.","breadcrumb":{"@id":"https:\/\/lanaja.sk\/cs\/obchod\/lnene-pyzamo-elizabeth-2\/#breadcrumb"},"inLanguage":"cs","potentialAction":[{"@type":"ReadAction","target":["https:\/\/lanaja.sk\/cs\/obchod\/lnene-pyzamo-elizabeth-2\/"]}]},{"@type":"ImageObject","inLanguage":"cs","@id":"https:\/\/lanaja.sk\/cs\/obchod\/lnene-pyzamo-elizabeth-2\/#primaryimage","url":"https:\/\/lanaja.sk\/wp-content\/uploads\/2023\/05\/lanove-pyzamo129-scaled-e1684753182434.webp","contentUrl":"https:\/\/lanaja.sk\/wp-content\/uploads\/2023\/05\/lanove-pyzamo129-scaled-e1684753182434.webp","width":1426,"height":1900,"caption":"\u013eanov\u00e9 py\u017eamo Elizabeth"},{"@type":"BreadcrumbList","@id":"https:\/\/lanaja.sk\/cs\/obchod\/lnene-pyzamo-elizabeth-2\/#breadcrumb","itemListElement":[{"@type":"ListItem","position":1,"name":"Home","item":"https:\/\/lanaja.sk\/cs\/"},{"@type":"ListItem","position":2,"name":"Obchod","item":"https:\/\/lanaja.sk\/cs\/obchod-cz\/"},{"@type":"ListItem","position":3,"name":"Ln\u011bn\u00e9 py\u017eamo Elizabeth"}]},{"@type":"WebSite","@id":"https:\/\/lanaja.sk\/cs\/#website","url":"https:\/\/lanaja.sk\/cs\/","name":"Lanaja - bytov\u00fd textil z \u013eanu a \u013eanov\u00e9 v\u00fdrobky","description":"Jedine\u010dn\u00fd bytov\u00fd textil, ln\u011bn\u00e9 pytl\u00edky, ln\u011bn\u00e9 ubrusy, ln\u011bn\u00e9 lo\u017en\u00ed povle\u010den\u00ed, ln\u011bn\u00e9 ut\u011brky, ln\u011bn\u00e9 prost\u00edr\u00e1n\u00ed vyroben\u00e9 a \u0161it\u00e9 na Slovensku","publisher":{"@id":"https:\/\/lanaja.sk\/cs\/#organization"},"alternateName":"Lanaja - v\u00fdrobky z \u013eanu, \u013eanov\u00fd bytov\u00fd textil","potentialAction":[{"@type":"SearchAction","target":{"@type":"EntryPoint","urlTemplate":"https:\/\/lanaja.sk\/cs\/?s={search_term_string}"},"query-input":{"@type":"PropertyValueSpecification","valueRequired":true,"valueName":"search_term_string"}}],"inLanguage":"cs"},{"@type":"Organization","@id":"https:\/\/lanaja.sk\/cs\/#organization","name":"Lanaja","alternateName":"Al\u017ebeta Andr\u00e1\u0161ikov\u00e1 - Lanaja","url":"https:\/\/lanaja.sk\/cs\/","logo":{"@type":"ImageObject","inLanguage":"cs","@id":"https:\/\/lanaja.sk\/cs\/#\/schema\/logo\/image\/","url":"https:\/\/lanaja.sk\/wp-content\/uploads\/2024\/01\/Lanaja.sk-logo.png","contentUrl":"https:\/\/lanaja.sk\/wp-content\/uploads\/2024\/01\/Lanaja.sk-logo.png","width":600,"height":300,"caption":"Lanaja"},"image":{"@id":"https:\/\/lanaja.sk\/cs\/#\/schema\/logo\/image\/"},"sameAs":["https:\/\/www.facebook.com\/Abreadbag","https:\/\/www.instagram.com\/lanaja_sk\/"]}]}},"_links":{"self":[{"href":"https:\/\/lanaja.sk\/cs\/wp-json\/wp\/v2\/product\/13384","targetHints":{"allow":["GET"]}}],"collection":[{"href":"https:\/\/lanaja.sk\/cs\/wp-json\/wp\/v2\/product"}],"about":[{"href":"https:\/\/lanaja.sk\/cs\/wp-json\/wp\/v2\/types\/product"}],"version-history":[{"count":1,"href":"https:\/\/lanaja.sk\/cs\/wp-json\/wp\/v2\/product\/13384\/revisions"}],"predecessor-version":[{"id":16695,"href":"https:\/\/lanaja.sk\/cs\/wp-json\/wp\/v2\/product\/13384\/revisions\/16695"}],"wp:featuredmedia":[{"embeddable":true,"href":"https:\/\/lanaja.sk\/cs\/wp-json\/wp\/v2\/media\/8608"}],"wp:attachment":[{"href":"https:\/\/lanaja.sk\/cs\/wp-json\/wp\/v2\/media?parent=13384"}],"wp:term":[{"taxonomy":"product_brand","embeddable":true,"href":"https:\/\/lanaja.sk\/cs\/wp-json\/wp\/v2\/product_brand?post=13384"},{"taxonomy":"product_cat","embeddable":true,"href":"https:\/\/lanaja.sk\/cs\/wp-json\/wp\/v2\/product_cat?post=13384"},{"taxonomy":"product_tag","embeddable":true,"href":"https:\/\/lanaja.sk\/cs\/wp-json\/wp\/v2\/product_tag?post=13384"}],"curies":[{"name":"wp","href":"https:\/\/api.w.org\/{rel}","templated":true}]}}