{"id":13395,"date":"2025-11-07T19:28:20","date_gmt":"2025-11-07T18:28:20","guid":{"rendered":"https:\/\/lanaja.sk\/obchod\/neza\u0159azen\u00e9\/povleceni-dum-u-lesa\/"},"modified":"2025-10-05T14:41:51","modified_gmt":"2025-10-05T12:41:51","slug":"povleceni-dum-u-lesa","status":"publish","type":"product","link":"https:\/\/lanaja.sk\/cs\/obchod\/povleceni-dum-u-lesa\/","title":{"rendered":"Ln\u011bn\u00e9 povle\u010den\u00ed D\u016fm u lesa"},"content":{"rendered":"<h2><strong>Ln\u011bn\u00e9 povle\u010den\u00ed D\u016fm u lesa<\/strong><\/h2>\n<p>Zaklepejte na dve\u0159e domu, kter\u00fd ti\u0161e stoj\u00ed u lesa. Otev\u0159ete je a vstupte do poh\u00e1dkov\u00e9ho p\u0159\u00edb\u011bhu, kter\u00fd se v\u00e1m odkryje na na\u0161em <strong>autorsk\u00e9m ln\u011bn\u00e9m povle\u010den\u00ed D\u016fm u lesa.<\/strong> Realita se zde setk\u00e1v\u00e1 s fantazi\u00ed a v korun\u00e1ch strom\u016f se d\u011bj\u00ed z\u00e1zraky.<\/p>\n<p>Vstupte do z\u00e1zra\u010dn\u00e9ho sv\u011bta p\u0159\u00edrody s na\u0161\u00edm nov\u00fdm ln\u011bn\u00fdm povle\u010den\u00edm, na kter\u00e9m je zhmotn\u011bn <strong>autorsk\u00fd potisk a grafick\u00fd n\u00e1vrh Patr\u00edcie Kojnok Ku\u0161ick\u00e9.<\/strong> V t\u00e9to poh\u00e1dkov\u00e9 kolekci se na ka\u017ed\u00e9m kousku lnu objevuje dotek samotn\u00e9 p\u0159\u00edrody. Ka\u017ed\u00fd motiv na ln\u011bn\u00e9m povle\u010den\u00ed je navr\u017een s velk\u00fdm citem, kreativitou a dlouh\u00fdmi hodinami str\u00e1ven\u00fdmi kresbou. Mnohokr\u00e1t d\u011bkuji Patricii za to, \u017ee si ud\u011blala \u010das a souhlasila se spoluprac\u00ed, detaily a kone\u010dn\u00fd v\u00fdsledek je \u00fa\u017easn\u00fd.<\/p>\n<p><strong>S ln\u011bn\u00fdm povle\u010den\u00edm D\u016fm u lesa <\/strong>se ocitnete uprost\u0159ed p\u0159\u00edrodn\u00edho divadla, kde se motivy \u017eivota prol\u00ednaj\u00ed s krajinou na ml\u00e9\u010dn\u00e9m lnu. Ka\u017ed\u00e1 noc v nich bude jako cesta do taj\u016f lesa a vt\u00e1hne v\u00e1s do p\u0159\u00edb\u011bhu o p\u0159\u00e1telstv\u00ed a harmonii mezi velk\u00fdmi a mal\u00fdmi lesn\u00edmi tvory. P\u0159eje\u010fte prsty po potisku, kter\u00fd v\u00e1s p\u0159enese do \u00fatuln\u00e9ho domu mezi zv\u00ed\u0159ec\u00ed p\u0159\u00e1telstv\u00ed.<\/p>\n<p>Tam najdete nap\u0159\u00edklad. Je\u017eek, kter\u00fd symbolizuje s\u00edlu a odvahu. Se sv\u00fdmi ostny je mal\u00fdm lesn\u00edm ryt\u00ed\u0159em a u\u010d\u00ed n\u00e1s, \u017ee vnit\u0159n\u00ed s\u00edla a odhodl\u00e1n\u00ed mohou p\u0159ekonat jak\u00e9koliv p\u0159ek\u00e1\u017eky. Veverka, symbolizuj\u00edc\u00ed d\u011btstv\u00ed pln\u00e9 radosti, bezprost\u0159edn\u00ed, bezstarostn\u00e9, kdy\u017e jsme \u0161plhali po stromech, dr\u017eeli se jejich v\u011btv\u00ed, se \u0161ibalsk\u00fdm \u00fasm\u011bvem a jiskrami v o\u010d\u00edch. Pomal\u00fd pohyb hlem\u00fd\u017ed\u011b n\u00e1m zase p\u0159ipom\u00edn\u00e1, \u017ee ka\u017ed\u00fd krok v \u017eivot\u011b je t\u0159eba pro\u017e\u00edvat s klidem a trp\u011blivost\u00ed. Sova je symbolem moudrosti a tajemstv\u00ed, odhaluje skryt\u00e9 poklady lesa.<\/p>\n<p><strong>V d\u00e1lce stoj\u00ed mal\u00fd domek, \u00fato\u010di\u0161t\u011b v srdci lesa<\/strong>. Jeho dve\u0159e jsou v\u017edy otev\u0159en\u00e9, je to m\u00edsto, kde se sd\u00edl\u00ed nekone\u010dn\u00e9 mno\u017estv\u00ed p\u0159\u00edb\u011bh\u016f. Strom ve sv\u00fdch v\u011btv\u00edch skr\u00fdv\u00e1 spoustu \u017eivota, je sv\u011bdkem v\u0161eho d\u011bn\u00ed v kr\u00e1lovstv\u00ed lesa. Jeho koruna roztahuje n\u00e1ru\u010d a poskytuje \u00fato\u010di\u0161t\u011b v\u0161em tvor\u016fm, kte\u0159\u00ed pot\u0159ebuj\u00ed ochranu a l\u00e1sku, a samoz\u0159ejm\u011b lesn\u00ed plody, chu\u0165 sladk\u00fdch jahod, omamnou v\u016fni hub. Pro d\u011bti jsou to kresby, kter\u00e9 o\u017e\u00edvaj\u00ed a probouzej\u00ed jejich fantazii a samoz\u0159ejm\u011b tu na\u0161i, tu dosp\u011blou. M\u016f\u017eete jim ka\u017ed\u00fd ve\u010der vypr\u00e1v\u011bt jin\u00fd p\u0159\u00edb\u011bh, ten v\u00e1\u0161, jen v\u00e1\u0161, jedine\u010dn\u00fd, spole\u010dn\u00fd, a kdo v\u00ed, mo\u017en\u00e1 se bude tradovat jako kdysi a va\u0161e d\u011bti ho jednou budou vypr\u00e1v\u011bt t\u011bm sv\u00fdm d\u011btem. To by byla slu\u0161n\u00e1 v\u00fdzva, co vy na to? Pro d\u011bti je toto povle\u010den\u00ed br\u00e1nou do poh\u00e1dkov\u00e9ho sv\u011bta, bude jejich v\u011brn\u00fdm spole\u010dn\u00edkem pln\u00fdm dobrodru\u017estv\u00ed a nekone\u010dn\u00e9 fantazie. Setk\u00e1n\u00ed s medv\u011bdem, my\u0161kou, li\u0161kou, pt\u00e1\u010dkem, srnkou \u010di v\u010delou m\u016f\u017ee b\u00fdt p\u0159evypr\u00e1v\u011bno do kouzeln\u00e9ho p\u0159\u00edb\u011bhu p\u0159ed span\u00edm s tepl\u00fdm \u0161\u00e1lkem kakaa. <strong>Ln\u011bn\u00e9 povle\u010den\u00ed je ur\u010deno<\/strong> pro v\u0161echny milovn\u00edky p\u0159\u00edrody a jej\u00edch kouzel, mal\u00e9 i velk\u00e9, d\u011bti i dosp\u011bl\u00e9. D\u00edky nim se m\u016f\u017eete pono\u0159it do sn\u016f pln\u00fdch dobrodru\u017estv\u00ed, zat\u00edmco jemn\u00fd dotek lnu v\u00e1m dop\u0159eje p\u0159\u00edjemn\u00fd odpo\u010dinek. Jsou perfektn\u00edm d\u00e1rkem pro va\u0161e bl\u00edzk\u00e9. Darujte jim kousek p\u0159\u00edrody a um\u011bleck\u00e9 d\u00edlo, kter\u00e9 bude doprov\u00e1zet jejich sp\u00e1nek a vnese do jejich \u017eivota kouzelnou atmosf\u00e9ru.<\/p>\n<p>Autorsk\u00fd n\u00e1vrh potisku <a href=\"https:\/\/www.instagram.com\/patri_kusi_works\/\" target=\"_blank\" rel=\"noopener\">Patr\u00edcia Kojnok Ku\u0161ick\u00e1<\/a><\/p>\n<p><strong>Ln\u011bn\u00e9 povle\u010den\u00ed D\u016fm u lesa<\/strong><\/p>\n<p>Potisk na ml\u00e9\u010dn\u00e9 \u010desk\u00e9 pr\u00e1dlo certifikovan\u00fdmi barvami, zap\u00edn\u00e1n\u00ed na kokosov\u00e9 knofl\u00edky.<\/p>\n<p><strong>Po\u010d\u00edtejte s dodac\u00ed lh\u016ftou 5-15 pracovn\u00edch dn\u016f, pokud nem\u00e1me produkt \u0161it\u00fd skladem, ru\u010dn\u00ed pr\u00e1ce vy\u017eaduje n\u00e1\u0161 \u010das. Ln\u011bn\u00e9 v\u00fdrobky \u0161ijeme v na\u0161\u00ed d\u00edln\u011b dle Va\u0161eho p\u0159\u00e1n\u00ed a na m\u00edru v z\u00e1vislosti na konkr\u00e9tn\u00edm v\u00fdrobku.<\/strong><\/p>\n<p>&nbsp;<\/p>\n","protected":false},"excerpt":{"rendered":"<p>Zaklepejte na dve\u0159e domu, kter\u00fd ti\u0161e stoj\u00ed u lesa. Otev\u0159ete je a vstupte do poh\u00e1dkov\u00e9ho p\u0159\u00edb\u011bhu, kter\u00fd se v\u00e1m odkryje na na\u0161em <strong>autorsk\u00e9m ln\u011bn\u00e9m povle\u010den\u00ed D\u016fm u lesa.<\/strong> Realita se zde setk\u00e1v\u00e1 s fantazi\u00ed a v korun\u00e1ch strom\u016f se d\u011bj\u00ed z\u00e1zraky.<\/p>\n<p>Vstupte do z\u00e1zra\u010dn\u00e9ho sv\u011bta p\u0159\u00edrody s na\u0161\u00edm nov\u00fdm ln\u011bn\u00fdm povle\u010den\u00edm, na kter\u00e9m je zhmotn\u011bn autorsk\u00fd potisk a grafick\u00fd n\u00e1vrh <strong>Patr\u00edcie Kojnok Ku\u0161ick\u00e9.<\/strong> V t\u00e9to poh\u00e1dkov\u00e9 kolekci se na ka\u017ed\u00e9m kousku lnu objevuje dotek samotn\u00e9 p\u0159\u00edrody. Ka\u017ed\u00fd motiv na ln\u011bn\u00e9m povle\u010den\u00ed je navr\u017een s velk\u00fdm citem, kreativitou a dlouh\u00fdmi hodinami str\u00e1ven\u00fdmi kresbou. Mnohokr\u00e1t d\u011bkuji Patricii za to, \u017ee si ud\u011blala \u010das a souhlasila se spoluprac\u00ed, detaily a kone\u010dn\u00fd v\u00fdsledek je \u00fa\u017easn\u00fd.<\/p>\n","protected":false},"featured_media":16209,"template":"","meta":[],"product_brand":[],"product_cat":[365,363,364],"product_tag":[367,437,436],"class_list":{"0":"post-13395","1":"product","2":"type-product","3":"status-publish","4":"has-post-thumbnail","6":"product_cat-lnena-prosteradla-ve-standardnich-velikostech","7":"product_cat-lnene-povleceni-cs","8":"product_cat-lnene-povleceni-do-detske-postylky","9":"product_tag-lnene-povleceni","10":"product_tag-originalni-autorske-povleceni","11":"product_tag-slovenske-povleceni","13":"first","14":"onbackorder","15":"shipping-taxable","16":"purchasable","17":"product-type-variable"},"yoast_head":"<!-- This site is optimized with the Yoast SEO plugin v27.4 - https:\/\/yoast.com\/product\/yoast-seo-wordpress\/ -->\n<title>Ln\u011bn\u00e9 povle\u010den\u00ed D\u016fm u lesa &#8226; Lanaja-slovensk\u00e1 udr\u017eiteln\u00e1 zna\u010dka a v\u00fdrobce ln\u011bn\u00e9ho textilu<\/title>\n<meta name=\"description\" content=\"Autorsk\u00e9 ln\u011bn\u00e9 povle\u010den\u00ed D\u016fm u lesa s origin\u00e1ln\u00edm potiskem a n\u00e1vrhem od Patr\u00edcie Kojnok Ku\u0161ick\u00e9 je jedine\u010dn\u00e9, poh\u00e1dkov\u00e9, s n\u00e1dhern\u00fdmi ilustracemi...\" \/>\n<meta name=\"robots\" content=\"index, follow, max-snippet:-1, max-image-preview:large, max-video-preview:-1\" \/>\n<link rel=\"canonical\" href=\"https:\/\/lanaja.sk\/cs\/obchod\/povleceni-dum-u-lesa\/\" \/>\n<meta property=\"og:locale\" content=\"cs_CZ\" \/>\n<meta property=\"og:type\" content=\"article\" \/>\n<meta property=\"og:title\" content=\"Ln\u011bn\u00e9 povle\u010den\u00ed D\u016fm u lesa &#8226; Lanaja-slovensk\u00e1 udr\u017eiteln\u00e1 zna\u010dka a v\u00fdrobce ln\u011bn\u00e9ho textilu\" \/>\n<meta property=\"og:description\" content=\"Autorsk\u00e9 ln\u011bn\u00e9 povle\u010den\u00ed D\u016fm u lesa s origin\u00e1ln\u00edm potiskem a n\u00e1vrhem od Patr\u00edcie Kojnok Ku\u0161ick\u00e9 je jedine\u010dn\u00e9, poh\u00e1dkov\u00e9, s n\u00e1dhern\u00fdmi ilustracemi...\" \/>\n<meta property=\"og:url\" content=\"https:\/\/lanaja.sk\/cs\/obchod\/povleceni-dum-u-lesa\/\" \/>\n<meta property=\"og:site_name\" content=\"Lanaja-slovensk\u00e1 udr\u017eiteln\u00e1 zna\u010dka a v\u00fdrobce ln\u011bn\u00e9ho textilu\" \/>\n<meta property=\"article:publisher\" content=\"https:\/\/www.facebook.com\/Abreadbag\" \/>\n<meta property=\"og:image\" content=\"https:\/\/lanaja.sk\/wp-content\/uploads\/2023\/07\/dom-pri-lese-obliecky116-scaled-e1688745911929.webp\" \/>\n\t<meta property=\"og:image:width\" content=\"1900\" \/>\n\t<meta property=\"og:image:height\" content=\"1511\" \/>\n\t<meta property=\"og:image:type\" content=\"image\/jpeg\" \/>\n<meta name=\"twitter:card\" content=\"summary_large_image\" \/>\n<meta name=\"twitter:label1\" content=\"Odhadovan\u00e1 doba \u010dten\u00ed\" \/>\n\t<meta name=\"twitter:data1\" content=\"4 minuty\" \/>\n<script type=\"application\/ld+json\" class=\"yoast-schema-graph\">{\"@context\":\"https:\\\/\\\/schema.org\",\"@graph\":[{\"@type\":\"WebPage\",\"@id\":\"https:\\\/\\\/lanaja.sk\\\/cs\\\/obchod\\\/povleceni-dum-u-lesa\\\/\",\"url\":\"https:\\\/\\\/lanaja.sk\\\/cs\\\/obchod\\\/povleceni-dum-u-lesa\\\/\",\"name\":\"Ln\u011bn\u00e9 povle\u010den\u00ed D\u016fm u lesa &#8226; Lanaja-slovensk\u00e1 udr\u017eiteln\u00e1 zna\u010dka a v\u00fdrobce ln\u011bn\u00e9ho textilu\",\"isPartOf\":{\"@id\":\"https:\\\/\\\/lanaja.sk\\\/cs\\\/#website\"},\"primaryImageOfPage\":{\"@id\":\"https:\\\/\\\/lanaja.sk\\\/cs\\\/obchod\\\/povleceni-dum-u-lesa\\\/#primaryimage\"},\"image\":{\"@id\":\"https:\\\/\\\/lanaja.sk\\\/cs\\\/obchod\\\/povleceni-dum-u-lesa\\\/#primaryimage\"},\"thumbnailUrl\":\"https:\\\/\\\/lanaja.sk\\\/wp-content\\\/uploads\\\/2023\\\/07\\\/dom-pri-lese-obliecky116-scaled-e1688745911929.webp\",\"datePublished\":\"2025-11-07T18:28:20+00:00\",\"description\":\"Autorsk\u00e9 ln\u011bn\u00e9 povle\u010den\u00ed D\u016fm u lesa s origin\u00e1ln\u00edm potiskem a n\u00e1vrhem od Patr\u00edcie Kojnok Ku\u0161ick\u00e9 je jedine\u010dn\u00e9, poh\u00e1dkov\u00e9, s n\u00e1dhern\u00fdmi ilustracemi...\",\"breadcrumb\":{\"@id\":\"https:\\\/\\\/lanaja.sk\\\/cs\\\/obchod\\\/povleceni-dum-u-lesa\\\/#breadcrumb\"},\"inLanguage\":\"cs\",\"potentialAction\":[{\"@type\":\"ReadAction\",\"target\":[\"https:\\\/\\\/lanaja.sk\\\/cs\\\/obchod\\\/povleceni-dum-u-lesa\\\/\"]}]},{\"@type\":\"ImageObject\",\"inLanguage\":\"cs\",\"@id\":\"https:\\\/\\\/lanaja.sk\\\/cs\\\/obchod\\\/povleceni-dum-u-lesa\\\/#primaryimage\",\"url\":\"https:\\\/\\\/lanaja.sk\\\/wp-content\\\/uploads\\\/2023\\\/07\\\/dom-pri-lese-obliecky116-scaled-e1688745911929.webp\",\"contentUrl\":\"https:\\\/\\\/lanaja.sk\\\/wp-content\\\/uploads\\\/2023\\\/07\\\/dom-pri-lese-obliecky116-scaled-e1688745911929.webp\",\"width\":1900,\"height\":1511,\"caption\":\"Origialne oblie\u010dky pre deti s lesn\u00fdm mot\u00edvom a so zvieratkami\"},{\"@type\":\"BreadcrumbList\",\"@id\":\"https:\\\/\\\/lanaja.sk\\\/cs\\\/obchod\\\/povleceni-dum-u-lesa\\\/#breadcrumb\",\"itemListElement\":[{\"@type\":\"ListItem\",\"position\":1,\"name\":\"Home\",\"item\":\"https:\\\/\\\/lanaja.sk\\\/cs\\\/\"},{\"@type\":\"ListItem\",\"position\":2,\"name\":\"Obchod\",\"item\":\"https:\\\/\\\/lanaja.sk\\\/cs\\\/obchod-cz\\\/\"},{\"@type\":\"ListItem\",\"position\":3,\"name\":\"Ln\u011bn\u00e9 povle\u010den\u00ed D\u016fm u lesa\"}]},{\"@type\":\"WebSite\",\"@id\":\"https:\\\/\\\/lanaja.sk\\\/cs\\\/#website\",\"url\":\"https:\\\/\\\/lanaja.sk\\\/cs\\\/\",\"name\":\"Lanaja - bytov\u00fd textil z \u013eanu a \u013eanov\u00e9 v\u00fdrobky\",\"description\":\"Jedine\u010dn\u00fd bytov\u00fd textil, ln\u011bn\u00e9 pytl\u00edky, ln\u011bn\u00e9 ubrusy, ln\u011bn\u00e9 lo\u017en\u00ed povle\u010den\u00ed, ln\u011bn\u00e9 ut\u011brky, ln\u011bn\u00e9 prost\u00edr\u00e1n\u00ed vyroben\u00e9 a \u0161it\u00e9 na Slovensku\",\"publisher\":{\"@id\":\"https:\\\/\\\/lanaja.sk\\\/cs\\\/#organization\"},\"alternateName\":\"Lanaja - v\u00fdrobky z \u013eanu, \u013eanov\u00fd bytov\u00fd textil\",\"potentialAction\":[{\"@type\":\"SearchAction\",\"target\":{\"@type\":\"EntryPoint\",\"urlTemplate\":\"https:\\\/\\\/lanaja.sk\\\/cs\\\/?s={search_term_string}\"},\"query-input\":{\"@type\":\"PropertyValueSpecification\",\"valueRequired\":true,\"valueName\":\"search_term_string\"}}],\"inLanguage\":\"cs\"},{\"@type\":\"Organization\",\"@id\":\"https:\\\/\\\/lanaja.sk\\\/cs\\\/#organization\",\"name\":\"Lanaja\",\"alternateName\":\"Al\u017ebeta Andr\u00e1\u0161ikov\u00e1 - Lanaja\",\"url\":\"https:\\\/\\\/lanaja.sk\\\/cs\\\/\",\"logo\":{\"@type\":\"ImageObject\",\"inLanguage\":\"cs\",\"@id\":\"https:\\\/\\\/lanaja.sk\\\/cs\\\/#\\\/schema\\\/logo\\\/image\\\/\",\"url\":\"https:\\\/\\\/lanaja.sk\\\/wp-content\\\/uploads\\\/2024\\\/01\\\/Lanaja.sk-logo.png\",\"contentUrl\":\"https:\\\/\\\/lanaja.sk\\\/wp-content\\\/uploads\\\/2024\\\/01\\\/Lanaja.sk-logo.png\",\"width\":600,\"height\":300,\"caption\":\"Lanaja\"},\"image\":{\"@id\":\"https:\\\/\\\/lanaja.sk\\\/cs\\\/#\\\/schema\\\/logo\\\/image\\\/\"},\"sameAs\":[\"https:\\\/\\\/www.facebook.com\\\/Abreadbag\",\"https:\\\/\\\/www.instagram.com\\\/lanaja_sk\\\/\"]}]}<\/script>\n<!-- \/ Yoast SEO plugin. -->","yoast_head_json":{"title":"Ln\u011bn\u00e9 povle\u010den\u00ed D\u016fm u lesa &#8226; Lanaja-slovensk\u00e1 udr\u017eiteln\u00e1 zna\u010dka a v\u00fdrobce ln\u011bn\u00e9ho textilu","description":"Autorsk\u00e9 ln\u011bn\u00e9 povle\u010den\u00ed D\u016fm u lesa s origin\u00e1ln\u00edm potiskem a n\u00e1vrhem od Patr\u00edcie Kojnok Ku\u0161ick\u00e9 je jedine\u010dn\u00e9, poh\u00e1dkov\u00e9, s n\u00e1dhern\u00fdmi ilustracemi...","robots":{"index":"index","follow":"follow","max-snippet":"max-snippet:-1","max-image-preview":"max-image-preview:large","max-video-preview":"max-video-preview:-1"},"canonical":"https:\/\/lanaja.sk\/cs\/obchod\/povleceni-dum-u-lesa\/","og_locale":"cs_CZ","og_type":"article","og_title":"Ln\u011bn\u00e9 povle\u010den\u00ed D\u016fm u lesa &#8226; Lanaja-slovensk\u00e1 udr\u017eiteln\u00e1 zna\u010dka a v\u00fdrobce ln\u011bn\u00e9ho textilu","og_description":"Autorsk\u00e9 ln\u011bn\u00e9 povle\u010den\u00ed D\u016fm u lesa s origin\u00e1ln\u00edm potiskem a n\u00e1vrhem od Patr\u00edcie Kojnok Ku\u0161ick\u00e9 je jedine\u010dn\u00e9, poh\u00e1dkov\u00e9, s n\u00e1dhern\u00fdmi ilustracemi...","og_url":"https:\/\/lanaja.sk\/cs\/obchod\/povleceni-dum-u-lesa\/","og_site_name":"Lanaja-slovensk\u00e1 udr\u017eiteln\u00e1 zna\u010dka a v\u00fdrobce ln\u011bn\u00e9ho textilu","article_publisher":"https:\/\/www.facebook.com\/Abreadbag","og_image":[{"width":1900,"height":1511,"url":"https:\/\/lanaja.sk\/wp-content\/uploads\/2023\/07\/dom-pri-lese-obliecky116-scaled-e1688745911929.webp","type":"image\/jpeg"}],"twitter_card":"summary_large_image","twitter_misc":{"Odhadovan\u00e1 doba \u010dten\u00ed":"4 minuty"},"schema":{"@context":"https:\/\/schema.org","@graph":[{"@type":"WebPage","@id":"https:\/\/lanaja.sk\/cs\/obchod\/povleceni-dum-u-lesa\/","url":"https:\/\/lanaja.sk\/cs\/obchod\/povleceni-dum-u-lesa\/","name":"Ln\u011bn\u00e9 povle\u010den\u00ed D\u016fm u lesa &#8226; Lanaja-slovensk\u00e1 udr\u017eiteln\u00e1 zna\u010dka a v\u00fdrobce ln\u011bn\u00e9ho textilu","isPartOf":{"@id":"https:\/\/lanaja.sk\/cs\/#website"},"primaryImageOfPage":{"@id":"https:\/\/lanaja.sk\/cs\/obchod\/povleceni-dum-u-lesa\/#primaryimage"},"image":{"@id":"https:\/\/lanaja.sk\/cs\/obchod\/povleceni-dum-u-lesa\/#primaryimage"},"thumbnailUrl":"https:\/\/lanaja.sk\/wp-content\/uploads\/2023\/07\/dom-pri-lese-obliecky116-scaled-e1688745911929.webp","datePublished":"2025-11-07T18:28:20+00:00","description":"Autorsk\u00e9 ln\u011bn\u00e9 povle\u010den\u00ed D\u016fm u lesa s origin\u00e1ln\u00edm potiskem a n\u00e1vrhem od Patr\u00edcie Kojnok Ku\u0161ick\u00e9 je jedine\u010dn\u00e9, poh\u00e1dkov\u00e9, s n\u00e1dhern\u00fdmi ilustracemi...","breadcrumb":{"@id":"https:\/\/lanaja.sk\/cs\/obchod\/povleceni-dum-u-lesa\/#breadcrumb"},"inLanguage":"cs","potentialAction":[{"@type":"ReadAction","target":["https:\/\/lanaja.sk\/cs\/obchod\/povleceni-dum-u-lesa\/"]}]},{"@type":"ImageObject","inLanguage":"cs","@id":"https:\/\/lanaja.sk\/cs\/obchod\/povleceni-dum-u-lesa\/#primaryimage","url":"https:\/\/lanaja.sk\/wp-content\/uploads\/2023\/07\/dom-pri-lese-obliecky116-scaled-e1688745911929.webp","contentUrl":"https:\/\/lanaja.sk\/wp-content\/uploads\/2023\/07\/dom-pri-lese-obliecky116-scaled-e1688745911929.webp","width":1900,"height":1511,"caption":"Origialne oblie\u010dky pre deti s lesn\u00fdm mot\u00edvom a so zvieratkami"},{"@type":"BreadcrumbList","@id":"https:\/\/lanaja.sk\/cs\/obchod\/povleceni-dum-u-lesa\/#breadcrumb","itemListElement":[{"@type":"ListItem","position":1,"name":"Home","item":"https:\/\/lanaja.sk\/cs\/"},{"@type":"ListItem","position":2,"name":"Obchod","item":"https:\/\/lanaja.sk\/cs\/obchod-cz\/"},{"@type":"ListItem","position":3,"name":"Ln\u011bn\u00e9 povle\u010den\u00ed D\u016fm u lesa"}]},{"@type":"WebSite","@id":"https:\/\/lanaja.sk\/cs\/#website","url":"https:\/\/lanaja.sk\/cs\/","name":"Lanaja - bytov\u00fd textil z \u013eanu a \u013eanov\u00e9 v\u00fdrobky","description":"Jedine\u010dn\u00fd bytov\u00fd textil, ln\u011bn\u00e9 pytl\u00edky, ln\u011bn\u00e9 ubrusy, ln\u011bn\u00e9 lo\u017en\u00ed povle\u010den\u00ed, ln\u011bn\u00e9 ut\u011brky, ln\u011bn\u00e9 prost\u00edr\u00e1n\u00ed vyroben\u00e9 a \u0161it\u00e9 na Slovensku","publisher":{"@id":"https:\/\/lanaja.sk\/cs\/#organization"},"alternateName":"Lanaja - v\u00fdrobky z \u013eanu, \u013eanov\u00fd bytov\u00fd textil","potentialAction":[{"@type":"SearchAction","target":{"@type":"EntryPoint","urlTemplate":"https:\/\/lanaja.sk\/cs\/?s={search_term_string}"},"query-input":{"@type":"PropertyValueSpecification","valueRequired":true,"valueName":"search_term_string"}}],"inLanguage":"cs"},{"@type":"Organization","@id":"https:\/\/lanaja.sk\/cs\/#organization","name":"Lanaja","alternateName":"Al\u017ebeta Andr\u00e1\u0161ikov\u00e1 - Lanaja","url":"https:\/\/lanaja.sk\/cs\/","logo":{"@type":"ImageObject","inLanguage":"cs","@id":"https:\/\/lanaja.sk\/cs\/#\/schema\/logo\/image\/","url":"https:\/\/lanaja.sk\/wp-content\/uploads\/2024\/01\/Lanaja.sk-logo.png","contentUrl":"https:\/\/lanaja.sk\/wp-content\/uploads\/2024\/01\/Lanaja.sk-logo.png","width":600,"height":300,"caption":"Lanaja"},"image":{"@id":"https:\/\/lanaja.sk\/cs\/#\/schema\/logo\/image\/"},"sameAs":["https:\/\/www.facebook.com\/Abreadbag","https:\/\/www.instagram.com\/lanaja_sk\/"]}]}},"_links":{"self":[{"href":"https:\/\/lanaja.sk\/cs\/wp-json\/wp\/v2\/product\/13395","targetHints":{"allow":["GET"]}}],"collection":[{"href":"https:\/\/lanaja.sk\/cs\/wp-json\/wp\/v2\/product"}],"about":[{"href":"https:\/\/lanaja.sk\/cs\/wp-json\/wp\/v2\/types\/product"}],"version-history":[{"count":2,"href":"https:\/\/lanaja.sk\/cs\/wp-json\/wp\/v2\/product\/13395\/revisions"}],"predecessor-version":[{"id":16686,"href":"https:\/\/lanaja.sk\/cs\/wp-json\/wp\/v2\/product\/13395\/revisions\/16686"}],"wp:featuredmedia":[{"embeddable":true,"href":"https:\/\/lanaja.sk\/cs\/wp-json\/wp\/v2\/media\/16209"}],"wp:attachment":[{"href":"https:\/\/lanaja.sk\/cs\/wp-json\/wp\/v2\/media?parent=13395"}],"wp:term":[{"taxonomy":"product_brand","embeddable":true,"href":"https:\/\/lanaja.sk\/cs\/wp-json\/wp\/v2\/product_brand?post=13395"},{"taxonomy":"product_cat","embeddable":true,"href":"https:\/\/lanaja.sk\/cs\/wp-json\/wp\/v2\/product_cat?post=13395"},{"taxonomy":"product_tag","embeddable":true,"href":"https:\/\/lanaja.sk\/cs\/wp-json\/wp\/v2\/product_tag?post=13395"}],"curies":[{"name":"wp","href":"https:\/\/api.w.org\/{rel}","templated":true}]}}