{"id":13404,"date":"2023-07-07T19:05:58","date_gmt":"2023-07-07T17:05:58","guid":{"rendered":"https:\/\/lanaja.sk\/obchod\/neza\u0159azen\u00e9\/lneny-povlak-na-polstar-dum-u-lesa\/"},"modified":"2025-10-05T14:41:52","modified_gmt":"2025-10-05T12:41:52","slug":"lneny-povlak-na-polstar-dum-u-lesa","status":"publish","type":"product","link":"https:\/\/lanaja.sk\/cs\/obchod\/lneny-povlak-na-polstar-dum-u-lesa\/","title":{"rendered":"Ln\u011bn\u00fd povlak na pol\u0161t\u00e1\u0159 &#8222;D\u016eM U LESA&#8220;"},"content":{"rendered":"<p><strong>Ln\u011bn\u00fd povlak na pol\u0161t\u00e1\u0159 &#8222;D\u016eM U LESA&#8220;<\/strong><\/p>\n<p>&nbsp;<\/p>\n<p>Zaklepejte na dve\u0159e domu, kter\u00fd ti\u0161e stoj\u00ed u lesa. Otev\u0159ete je a vstupte do poh\u00e1dkov\u00e9ho p\u0159\u00edb\u011bhu, kter\u00fd se v\u00e1m odkryje na na\u0161em autorsk\u00e9m ln\u011bn\u00e9m povle\u010den\u00ed D\u016fm u lesa. Realita se zde setk\u00e1v\u00e1 s fantazi\u00ed a v korun\u00e1ch strom\u016f se d\u011bj\u00ed z\u00e1zraky.<\/p>\n<p>Vstupte do z\u00e1zra\u010dn\u00e9ho sv\u011bta p\u0159\u00edrody s na\u0161\u00edm nov\u00fdm ln\u011bn\u00fdm povle\u010den\u00edm, na kter\u00e9m je zhmotn\u011bn autorsk\u00fd potisk a grafick\u00fd n\u00e1vrh <strong>Patr\u00edcie Kojnok Ku\u0161ick\u00e9.<\/strong> Ka\u017ed\u00fd motiv na ln\u011bn\u00e9m povle\u010den\u00ed je navr\u017een s velk\u00fdm citem, kreativitou a dlouh\u00fdmi hodinami str\u00e1ven\u00fdmi kresbou. Mnohokr\u00e1t d\u011bkuji Patricii za to, \u017ee si ud\u011blala \u010das a souhlasila se spoluprac\u00ed, detaily a kone\u010dn\u00fd v\u00fdsledek je \u00fa\u017easn\u00fd.<\/p>\n<p><strong>S ln\u011bn\u00fdm povle\u010den\u00edm D\u016fm u lesa<\/strong> se ocitnete uprost\u0159ed p\u0159\u00edrodn\u00edho divadla, kde se motivy \u017eivota prol\u00ednaj\u00ed s krajinou na ml\u00e9\u010dn\u00e9m lnu. Ka\u017ed\u00e1 noc v nich bude jako cesta do taj\u016f lesa a vt\u00e1hne v\u00e1s do p\u0159\u00edb\u011bhu o p\u0159\u00e1telstv\u00ed a harmonii mezi velk\u00fdmi a mal\u00fdmi lesn\u00edmi tvory. P\u0159eje\u010fte prsty po potisku, kter\u00fd v\u00e1s p\u0159enese do \u00fatuln\u00e9ho domu mezi zv\u00ed\u0159ec\u00ed p\u0159\u00e1telstv\u00ed.<\/p>\n<p><strong>K samostatn\u00fdm povlak\u016fm na pol\u0161t\u00e1\u0159e si u n\u00e1s m\u016f\u017eete sladit i ln\u011bn\u00e9 povle\u010den\u00ed. &#8222;D\u016fm u lesa&#8220; <a href=\"https:\/\/lanaja.sk\/cs\/obchod\/loznice\/lnene-povleceni-cs\/povleceni-dum-u-lesa\/\" target=\"_blank\" rel=\"noopener\">ZDE<\/a> bu\u010f na d\u011btskou post\u00fdlku, nebo na velkou postel, jsou ur\u010deny <\/strong>pro v\u0161echny milovn\u00edky p\u0159\u00edrody a jej\u00edch p\u016fvab\u016f, mal\u00e9 i velk\u00e9, d\u011bti i dosp\u011bl\u00e9. D\u00edky nim se m\u016f\u017eete pono\u0159it do sn\u016f pln\u00fdch dobrodru\u017estv\u00ed, zat\u00edmco jemn\u00fd dotek lnu v\u00e1m dop\u0159eje p\u0159\u00edjemn\u00fd odpo\u010dinek. Jsou perfektn\u00edm d\u00e1rkem pro va\u0161e bl\u00edzk\u00e9. Darujte jim kousek p\u0159\u00edrody a um\u011bleck\u00e9 d\u00edlo, kter\u00e9 bude doprov\u00e1zet jejich sp\u00e1nek a vnese do jejich \u017eivota kouzelnou atmosf\u00e9ru.<\/p>\n<p>M\u00e1te chu\u0165 na jednobarevnou kombinaci? Skv\u011ble se k nim hod\u00ed jednobarevn\u00e9 povle\u010den\u00ed <a href=\"https:\/\/lanaja.sk\/cs\/obchod\/loznice\/lnene-povleceni-cs\/lnene-pradlo-david\/\" target=\"_blank\" rel=\"noopener\">D\u00c1VID<\/a> ve sv\u011btle \u0161ed\u00e9 lnu, <a href=\"https:\/\/lanaja.sk\/cs\/obchod\/loznice\/lnene-povleceni-cs\/povleceni-viktor\/\" target=\"_blank\" rel=\"noopener\">VIKTOR<\/a> v tmav\u011b \u0161ed\u00e9m lnu, <a href=\"https:\/\/lanaja.sk\/cs\/obchod\/loznice\/lnene-povleceni-cs\/povleceni-klaudia\/\" target=\"_blank\" rel=\"noopener\">KLAUDIA<\/a> v pra\u0161n\u00e9 r\u016f\u017eov\u00e9, <a href=\"https:\/\/lanaja.sk\/cs\/obchod\/loznice\/lnene-povleceni-cs\/adam-lnene-pradlo-ve-2-barvach\/\" target=\"_blank\" rel=\"noopener\">ADAM<\/a> v \u010dokol\u00e1dov\u00e9 barv\u011b, <a href=\"https:\/\/lanaja.sk\/cs\/obchod\/loznice\/lnene-povleceni-cs\/nela-lnene-povleceni\/\" target=\"_blank\" rel=\"noopener\">NELA<\/a> a jejich jemn\u00e1 m\u00e1tov\u00e1 barva, <a href=\"https:\/\/lanaja.sk\/cs\/obchod\/loznice\/lnene-povleceni-cs\/lnene-povleceni-jakub\/\" target=\"_blank\" rel=\"noopener\">JAKUB<\/a> dokonal\u00e1 kombinace lesn\u00ed zelen\u00e9 barvy, <a href=\"https:\/\/lanaja.sk\/cs\/obchod\/loznice\/lnene-povleceni-cs\/lnene-povleceni-katarina\/\" target=\"_blank\" rel=\"noopener\">KATAR\u00cdNA<\/a> v z\u00e1\u0159iv\u011b slune\u010dn\u011b \u017elut\u00e9 barv\u011b, <a href=\"https:\/\/lanaja.sk\/cs\/obchod\/loznice\/lnene-povleceni-cs\/lnena-prosteradla-miriam\/\" target=\"_blank\" rel=\"noopener\">MIRIAM<\/a> v tlumen\u00e9 okrov\u00e9 barv\u011b jsou pro n\u011b jako stvo\u0159en\u00e9.<\/p>\n<p>Autorsk\u00fd tisk <a href=\"https:\/\/www.instagram.com\/patri_kusi_works\/\" target=\"_blank\" rel=\"noopener\">: Patr\u00edcia Kojnok Ku\u0161ick\u00e1<\/a><\/p>\n<p><strong>Ln\u011bn\u00e9 povle\u010den\u00ed &#8222;D\u016eM U LESA&#8220;<\/strong><\/p>\n<p>Potisk na ml\u00e9\u010dn\u00e9 \u010desk\u00e9 pr\u00e1dlo certifikovan\u00fdmi barvami, zap\u00edn\u00e1n\u00ed na kokosov\u00e9 knofl\u00edky.<\/p>\n<p><strong>Po\u010d\u00edtejte s dodac\u00ed lh\u016ftou 5-15 pracovn\u00edch dn\u016f, pokud nem\u00e1me produkt \u0161it\u00fd skladem, ru\u010dn\u00ed pr\u00e1ce vy\u017eaduje n\u00e1\u0161 \u010das. Ln\u011bn\u00e9 v\u00fdrobky \u0161ijeme v na\u0161\u00ed d\u00edln\u011b dle Va\u0161eho p\u0159\u00e1n\u00ed a na m\u00edru v z\u00e1vislosti na konkr\u00e9tn\u00edm v\u00fdrobku.<\/strong><\/p>\n<p>&nbsp;<\/p>\n","protected":false},"excerpt":{"rendered":"<p>Zaklepejte na dve\u0159e domu, kter\u00fd ti\u0161e stoj\u00ed u lesa. Otev\u0159ete je a vstupte do poh\u00e1dkov\u00e9ho p\u0159\u00edb\u011bhu, kter\u00fd se v\u00e1m odkryje na na\u0161em autorsk\u00e9m ln\u011bn\u00e9m povle\u010den\u00ed D\u016fm u lesa. Realita se zde setk\u00e1v\u00e1 s fantazi\u00ed a v korun\u00e1ch strom\u016f se d\u011bj\u00ed z\u00e1zraky.<\/p>\n<p>Vstupte do z\u00e1zra\u010dn\u00e9ho sv\u011bta p\u0159\u00edrody s na\u0161\u00edm nov\u00fdm ln\u011bn\u00fdm povle\u010den\u00edm, na kter\u00e9m je zhmotn\u011bn autorsk\u00fd potisk a grafick\u00fd n\u00e1vrh <strong>Patr\u00edcie Kojnok Ku\u0161ick\u00e9.<\/strong> Ka\u017ed\u00fd motiv na ln\u011bn\u00e9m povle\u010den\u00ed je navr\u017een s velk\u00fdm citem, kreativitou a dlouh\u00fdmi hodinami str\u00e1ven\u00fdmi kresbou. Mnohokr\u00e1t d\u011bkuji Patricii za to, \u017ee si ud\u011blala \u010das a souhlasila se spoluprac\u00ed, detaily a kone\u010dn\u00fd v\u00fdsledek je \u00fa\u017easn\u00fd.<\/p>\n","protected":false},"featured_media":13012,"template":"","meta":[],"product_brand":[],"product_cat":[392,363,364],"product_tag":[439,438],"class_list":{"0":"post-13404","1":"product","2":"type-product","3":"status-publish","4":"has-post-thumbnail","6":"product_cat-lnene-povlaky-na-polstare","7":"product_cat-lnene-povleceni-cs","8":"product_cat-lnene-povleceni-do-detske-postylky","9":"product_tag-detska-povleceni","10":"product_tag-povleceni-dum-u-lesa","12":"first","13":"onbackorder","14":"shipping-taxable","15":"purchasable","16":"product-type-variable"},"yoast_head":"<!-- This site is optimized with the Yoast SEO plugin v27.4 - https:\/\/yoast.com\/product\/yoast-seo-wordpress\/ -->\n<title>Ln\u011bn\u00fd povlak na pol\u0161t\u00e1\u0159 &quot;D\u016eM U LESA&quot; &#8226; Lanaja-slovensk\u00e1 udr\u017eiteln\u00e1 zna\u010dka a v\u00fdrobce ln\u011bn\u00e9ho textilu<\/title>\n<meta name=\"description\" content=\"Autorsk\u00e9 ln\u011bn\u00e9 povlaky na pol\u0161t\u00e1\u0159e s origin\u00e1ln\u00edm potiskem a designem Patricie Kojnok Ku\u0161ick\u00e9 jsou jedine\u010dn\u00e9, poh\u00e1dkov\u00e9, s kr\u00e1sn\u00fdmi ilustracemi...\" \/>\n<meta name=\"robots\" content=\"index, follow, max-snippet:-1, max-image-preview:large, max-video-preview:-1\" \/>\n<link rel=\"canonical\" href=\"https:\/\/lanaja.sk\/cs\/obchod\/lneny-povlak-na-polstar-dum-u-lesa\/\" \/>\n<meta property=\"og:locale\" content=\"cs_CZ\" \/>\n<meta property=\"og:type\" content=\"article\" \/>\n<meta property=\"og:title\" content=\"Ln\u011bn\u00fd povlak na pol\u0161t\u00e1\u0159 &quot;D\u016eM U LESA&quot; &#8226; Lanaja-slovensk\u00e1 udr\u017eiteln\u00e1 zna\u010dka a v\u00fdrobce ln\u011bn\u00e9ho textilu\" \/>\n<meta property=\"og:description\" content=\"Autorsk\u00e9 ln\u011bn\u00e9 povlaky na pol\u0161t\u00e1\u0159e s origin\u00e1ln\u00edm potiskem a designem Patricie Kojnok Ku\u0161ick\u00e9 jsou jedine\u010dn\u00e9, poh\u00e1dkov\u00e9, s kr\u00e1sn\u00fdmi ilustracemi...\" \/>\n<meta property=\"og:url\" content=\"https:\/\/lanaja.sk\/cs\/obchod\/lneny-povlak-na-polstar-dum-u-lesa\/\" \/>\n<meta property=\"og:site_name\" content=\"Lanaja-slovensk\u00e1 udr\u017eiteln\u00e1 zna\u010dka a v\u00fdrobce ln\u011bn\u00e9ho textilu\" \/>\n<meta property=\"article:publisher\" content=\"https:\/\/www.facebook.com\/Abreadbag\" \/>\n<meta property=\"article:modified_time\" content=\"2025-10-05T12:41:52+00:00\" \/>\n<meta property=\"og:image\" content=\"https:\/\/lanaja.sk\/wp-content\/uploads\/2023\/07\/dom-pri-lese-obliecky106-scaled-e1688748303114.webp\" \/>\n\t<meta property=\"og:image:width\" content=\"1425\" \/>\n\t<meta property=\"og:image:height\" content=\"1900\" \/>\n\t<meta property=\"og:image:type\" content=\"image\/jpeg\" \/>\n<meta name=\"twitter:card\" content=\"summary_large_image\" \/>\n<meta name=\"twitter:label1\" content=\"Odhadovan\u00e1 doba \u010dten\u00ed\" \/>\n\t<meta name=\"twitter:data1\" content=\"3 minuty\" \/>\n<script type=\"application\/ld+json\" class=\"yoast-schema-graph\">{\"@context\":\"https:\\\/\\\/schema.org\",\"@graph\":[{\"@type\":\"WebPage\",\"@id\":\"https:\\\/\\\/lanaja.sk\\\/cs\\\/obchod\\\/lneny-povlak-na-polstar-dum-u-lesa\\\/\",\"url\":\"https:\\\/\\\/lanaja.sk\\\/cs\\\/obchod\\\/lneny-povlak-na-polstar-dum-u-lesa\\\/\",\"name\":\"Ln\u011bn\u00fd povlak na pol\u0161t\u00e1\u0159 \\\"D\u016eM U LESA\\\" &#8226; Lanaja-slovensk\u00e1 udr\u017eiteln\u00e1 zna\u010dka a v\u00fdrobce ln\u011bn\u00e9ho textilu\",\"isPartOf\":{\"@id\":\"https:\\\/\\\/lanaja.sk\\\/cs\\\/#website\"},\"primaryImageOfPage\":{\"@id\":\"https:\\\/\\\/lanaja.sk\\\/cs\\\/obchod\\\/lneny-povlak-na-polstar-dum-u-lesa\\\/#primaryimage\"},\"image\":{\"@id\":\"https:\\\/\\\/lanaja.sk\\\/cs\\\/obchod\\\/lneny-povlak-na-polstar-dum-u-lesa\\\/#primaryimage\"},\"thumbnailUrl\":\"https:\\\/\\\/lanaja.sk\\\/wp-content\\\/uploads\\\/2023\\\/07\\\/dom-pri-lese-obliecky106-scaled-e1688748303114.webp\",\"datePublished\":\"2023-07-07T17:05:58+00:00\",\"dateModified\":\"2025-10-05T12:41:52+00:00\",\"description\":\"Autorsk\u00e9 ln\u011bn\u00e9 povlaky na pol\u0161t\u00e1\u0159e s origin\u00e1ln\u00edm potiskem a designem Patricie Kojnok Ku\u0161ick\u00e9 jsou jedine\u010dn\u00e9, poh\u00e1dkov\u00e9, s kr\u00e1sn\u00fdmi ilustracemi...\",\"breadcrumb\":{\"@id\":\"https:\\\/\\\/lanaja.sk\\\/cs\\\/obchod\\\/lneny-povlak-na-polstar-dum-u-lesa\\\/#breadcrumb\"},\"inLanguage\":\"cs\",\"potentialAction\":[{\"@type\":\"ReadAction\",\"target\":[\"https:\\\/\\\/lanaja.sk\\\/cs\\\/obchod\\\/lneny-povlak-na-polstar-dum-u-lesa\\\/\"]}]},{\"@type\":\"ImageObject\",\"inLanguage\":\"cs\",\"@id\":\"https:\\\/\\\/lanaja.sk\\\/cs\\\/obchod\\\/lneny-povlak-na-polstar-dum-u-lesa\\\/#primaryimage\",\"url\":\"https:\\\/\\\/lanaja.sk\\\/wp-content\\\/uploads\\\/2023\\\/07\\\/dom-pri-lese-obliecky106-scaled-e1688748303114.webp\",\"contentUrl\":\"https:\\\/\\\/lanaja.sk\\\/wp-content\\\/uploads\\\/2023\\\/07\\\/dom-pri-lese-obliecky106-scaled-e1688748303114.webp\",\"width\":1425,\"height\":1900,\"caption\":\"detsk\u00e9 \u013eanov\u00e9 oblie\u010dky so zvieratkami, dom\u010dekom a lesom\"},{\"@type\":\"BreadcrumbList\",\"@id\":\"https:\\\/\\\/lanaja.sk\\\/cs\\\/obchod\\\/lneny-povlak-na-polstar-dum-u-lesa\\\/#breadcrumb\",\"itemListElement\":[{\"@type\":\"ListItem\",\"position\":1,\"name\":\"Home\",\"item\":\"https:\\\/\\\/lanaja.sk\\\/cs\\\/\"},{\"@type\":\"ListItem\",\"position\":2,\"name\":\"Obchod\",\"item\":\"https:\\\/\\\/lanaja.sk\\\/cs\\\/obchod-cz\\\/\"},{\"@type\":\"ListItem\",\"position\":3,\"name\":\"Ln\u011bn\u00fd povlak na pol\u0161t\u00e1\u0159 &#8222;D\u016eM U LESA&#8220;\"}]},{\"@type\":\"WebSite\",\"@id\":\"https:\\\/\\\/lanaja.sk\\\/cs\\\/#website\",\"url\":\"https:\\\/\\\/lanaja.sk\\\/cs\\\/\",\"name\":\"Lanaja - bytov\u00fd textil z \u013eanu a \u013eanov\u00e9 v\u00fdrobky\",\"description\":\"Jedine\u010dn\u00fd bytov\u00fd textil, ln\u011bn\u00e9 pytl\u00edky, ln\u011bn\u00e9 ubrusy, ln\u011bn\u00e9 lo\u017en\u00ed povle\u010den\u00ed, ln\u011bn\u00e9 ut\u011brky, ln\u011bn\u00e9 prost\u00edr\u00e1n\u00ed vyroben\u00e9 a \u0161it\u00e9 na Slovensku\",\"publisher\":{\"@id\":\"https:\\\/\\\/lanaja.sk\\\/cs\\\/#organization\"},\"alternateName\":\"Lanaja - v\u00fdrobky z \u013eanu, \u013eanov\u00fd bytov\u00fd textil\",\"potentialAction\":[{\"@type\":\"SearchAction\",\"target\":{\"@type\":\"EntryPoint\",\"urlTemplate\":\"https:\\\/\\\/lanaja.sk\\\/cs\\\/?s={search_term_string}\"},\"query-input\":{\"@type\":\"PropertyValueSpecification\",\"valueRequired\":true,\"valueName\":\"search_term_string\"}}],\"inLanguage\":\"cs\"},{\"@type\":\"Organization\",\"@id\":\"https:\\\/\\\/lanaja.sk\\\/cs\\\/#organization\",\"name\":\"Lanaja\",\"alternateName\":\"Al\u017ebeta Andr\u00e1\u0161ikov\u00e1 - Lanaja\",\"url\":\"https:\\\/\\\/lanaja.sk\\\/cs\\\/\",\"logo\":{\"@type\":\"ImageObject\",\"inLanguage\":\"cs\",\"@id\":\"https:\\\/\\\/lanaja.sk\\\/cs\\\/#\\\/schema\\\/logo\\\/image\\\/\",\"url\":\"https:\\\/\\\/lanaja.sk\\\/wp-content\\\/uploads\\\/2024\\\/01\\\/Lanaja.sk-logo.png\",\"contentUrl\":\"https:\\\/\\\/lanaja.sk\\\/wp-content\\\/uploads\\\/2024\\\/01\\\/Lanaja.sk-logo.png\",\"width\":600,\"height\":300,\"caption\":\"Lanaja\"},\"image\":{\"@id\":\"https:\\\/\\\/lanaja.sk\\\/cs\\\/#\\\/schema\\\/logo\\\/image\\\/\"},\"sameAs\":[\"https:\\\/\\\/www.facebook.com\\\/Abreadbag\",\"https:\\\/\\\/www.instagram.com\\\/lanaja_sk\\\/\"]}]}<\/script>\n<!-- \/ Yoast SEO plugin. -->","yoast_head_json":{"title":"Ln\u011bn\u00fd povlak na pol\u0161t\u00e1\u0159 \"D\u016eM U LESA\" &#8226; Lanaja-slovensk\u00e1 udr\u017eiteln\u00e1 zna\u010dka a v\u00fdrobce ln\u011bn\u00e9ho textilu","description":"Autorsk\u00e9 ln\u011bn\u00e9 povlaky na pol\u0161t\u00e1\u0159e s origin\u00e1ln\u00edm potiskem a designem Patricie Kojnok Ku\u0161ick\u00e9 jsou jedine\u010dn\u00e9, poh\u00e1dkov\u00e9, s kr\u00e1sn\u00fdmi ilustracemi...","robots":{"index":"index","follow":"follow","max-snippet":"max-snippet:-1","max-image-preview":"max-image-preview:large","max-video-preview":"max-video-preview:-1"},"canonical":"https:\/\/lanaja.sk\/cs\/obchod\/lneny-povlak-na-polstar-dum-u-lesa\/","og_locale":"cs_CZ","og_type":"article","og_title":"Ln\u011bn\u00fd povlak na pol\u0161t\u00e1\u0159 \"D\u016eM U LESA\" &#8226; Lanaja-slovensk\u00e1 udr\u017eiteln\u00e1 zna\u010dka a v\u00fdrobce ln\u011bn\u00e9ho textilu","og_description":"Autorsk\u00e9 ln\u011bn\u00e9 povlaky na pol\u0161t\u00e1\u0159e s origin\u00e1ln\u00edm potiskem a designem Patricie Kojnok Ku\u0161ick\u00e9 jsou jedine\u010dn\u00e9, poh\u00e1dkov\u00e9, s kr\u00e1sn\u00fdmi ilustracemi...","og_url":"https:\/\/lanaja.sk\/cs\/obchod\/lneny-povlak-na-polstar-dum-u-lesa\/","og_site_name":"Lanaja-slovensk\u00e1 udr\u017eiteln\u00e1 zna\u010dka a v\u00fdrobce ln\u011bn\u00e9ho textilu","article_publisher":"https:\/\/www.facebook.com\/Abreadbag","article_modified_time":"2025-10-05T12:41:52+00:00","og_image":[{"width":1425,"height":1900,"url":"https:\/\/lanaja.sk\/wp-content\/uploads\/2023\/07\/dom-pri-lese-obliecky106-scaled-e1688748303114.webp","type":"image\/jpeg"}],"twitter_card":"summary_large_image","twitter_misc":{"Odhadovan\u00e1 doba \u010dten\u00ed":"3 minuty"},"schema":{"@context":"https:\/\/schema.org","@graph":[{"@type":"WebPage","@id":"https:\/\/lanaja.sk\/cs\/obchod\/lneny-povlak-na-polstar-dum-u-lesa\/","url":"https:\/\/lanaja.sk\/cs\/obchod\/lneny-povlak-na-polstar-dum-u-lesa\/","name":"Ln\u011bn\u00fd povlak na pol\u0161t\u00e1\u0159 \"D\u016eM U LESA\" &#8226; Lanaja-slovensk\u00e1 udr\u017eiteln\u00e1 zna\u010dka a v\u00fdrobce ln\u011bn\u00e9ho textilu","isPartOf":{"@id":"https:\/\/lanaja.sk\/cs\/#website"},"primaryImageOfPage":{"@id":"https:\/\/lanaja.sk\/cs\/obchod\/lneny-povlak-na-polstar-dum-u-lesa\/#primaryimage"},"image":{"@id":"https:\/\/lanaja.sk\/cs\/obchod\/lneny-povlak-na-polstar-dum-u-lesa\/#primaryimage"},"thumbnailUrl":"https:\/\/lanaja.sk\/wp-content\/uploads\/2023\/07\/dom-pri-lese-obliecky106-scaled-e1688748303114.webp","datePublished":"2023-07-07T17:05:58+00:00","dateModified":"2025-10-05T12:41:52+00:00","description":"Autorsk\u00e9 ln\u011bn\u00e9 povlaky na pol\u0161t\u00e1\u0159e s origin\u00e1ln\u00edm potiskem a designem Patricie Kojnok Ku\u0161ick\u00e9 jsou jedine\u010dn\u00e9, poh\u00e1dkov\u00e9, s kr\u00e1sn\u00fdmi ilustracemi...","breadcrumb":{"@id":"https:\/\/lanaja.sk\/cs\/obchod\/lneny-povlak-na-polstar-dum-u-lesa\/#breadcrumb"},"inLanguage":"cs","potentialAction":[{"@type":"ReadAction","target":["https:\/\/lanaja.sk\/cs\/obchod\/lneny-povlak-na-polstar-dum-u-lesa\/"]}]},{"@type":"ImageObject","inLanguage":"cs","@id":"https:\/\/lanaja.sk\/cs\/obchod\/lneny-povlak-na-polstar-dum-u-lesa\/#primaryimage","url":"https:\/\/lanaja.sk\/wp-content\/uploads\/2023\/07\/dom-pri-lese-obliecky106-scaled-e1688748303114.webp","contentUrl":"https:\/\/lanaja.sk\/wp-content\/uploads\/2023\/07\/dom-pri-lese-obliecky106-scaled-e1688748303114.webp","width":1425,"height":1900,"caption":"detsk\u00e9 \u013eanov\u00e9 oblie\u010dky so zvieratkami, dom\u010dekom a lesom"},{"@type":"BreadcrumbList","@id":"https:\/\/lanaja.sk\/cs\/obchod\/lneny-povlak-na-polstar-dum-u-lesa\/#breadcrumb","itemListElement":[{"@type":"ListItem","position":1,"name":"Home","item":"https:\/\/lanaja.sk\/cs\/"},{"@type":"ListItem","position":2,"name":"Obchod","item":"https:\/\/lanaja.sk\/cs\/obchod-cz\/"},{"@type":"ListItem","position":3,"name":"Ln\u011bn\u00fd povlak na pol\u0161t\u00e1\u0159 &#8222;D\u016eM U LESA&#8220;"}]},{"@type":"WebSite","@id":"https:\/\/lanaja.sk\/cs\/#website","url":"https:\/\/lanaja.sk\/cs\/","name":"Lanaja - bytov\u00fd textil z \u013eanu a \u013eanov\u00e9 v\u00fdrobky","description":"Jedine\u010dn\u00fd bytov\u00fd textil, ln\u011bn\u00e9 pytl\u00edky, ln\u011bn\u00e9 ubrusy, ln\u011bn\u00e9 lo\u017en\u00ed povle\u010den\u00ed, ln\u011bn\u00e9 ut\u011brky, ln\u011bn\u00e9 prost\u00edr\u00e1n\u00ed vyroben\u00e9 a \u0161it\u00e9 na Slovensku","publisher":{"@id":"https:\/\/lanaja.sk\/cs\/#organization"},"alternateName":"Lanaja - v\u00fdrobky z \u013eanu, \u013eanov\u00fd bytov\u00fd textil","potentialAction":[{"@type":"SearchAction","target":{"@type":"EntryPoint","urlTemplate":"https:\/\/lanaja.sk\/cs\/?s={search_term_string}"},"query-input":{"@type":"PropertyValueSpecification","valueRequired":true,"valueName":"search_term_string"}}],"inLanguage":"cs"},{"@type":"Organization","@id":"https:\/\/lanaja.sk\/cs\/#organization","name":"Lanaja","alternateName":"Al\u017ebeta Andr\u00e1\u0161ikov\u00e1 - Lanaja","url":"https:\/\/lanaja.sk\/cs\/","logo":{"@type":"ImageObject","inLanguage":"cs","@id":"https:\/\/lanaja.sk\/cs\/#\/schema\/logo\/image\/","url":"https:\/\/lanaja.sk\/wp-content\/uploads\/2024\/01\/Lanaja.sk-logo.png","contentUrl":"https:\/\/lanaja.sk\/wp-content\/uploads\/2024\/01\/Lanaja.sk-logo.png","width":600,"height":300,"caption":"Lanaja"},"image":{"@id":"https:\/\/lanaja.sk\/cs\/#\/schema\/logo\/image\/"},"sameAs":["https:\/\/www.facebook.com\/Abreadbag","https:\/\/www.instagram.com\/lanaja_sk\/"]}]}},"_links":{"self":[{"href":"https:\/\/lanaja.sk\/cs\/wp-json\/wp\/v2\/product\/13404","targetHints":{"allow":["GET"]}}],"collection":[{"href":"https:\/\/lanaja.sk\/cs\/wp-json\/wp\/v2\/product"}],"about":[{"href":"https:\/\/lanaja.sk\/cs\/wp-json\/wp\/v2\/types\/product"}],"version-history":[{"count":3,"href":"https:\/\/lanaja.sk\/cs\/wp-json\/wp\/v2\/product\/13404\/revisions"}],"predecessor-version":[{"id":16717,"href":"https:\/\/lanaja.sk\/cs\/wp-json\/wp\/v2\/product\/13404\/revisions\/16717"}],"wp:featuredmedia":[{"embeddable":true,"href":"https:\/\/lanaja.sk\/cs\/wp-json\/wp\/v2\/media\/13012"}],"wp:attachment":[{"href":"https:\/\/lanaja.sk\/cs\/wp-json\/wp\/v2\/media?parent=13404"}],"wp:term":[{"taxonomy":"product_brand","embeddable":true,"href":"https:\/\/lanaja.sk\/cs\/wp-json\/wp\/v2\/product_brand?post=13404"},{"taxonomy":"product_cat","embeddable":true,"href":"https:\/\/lanaja.sk\/cs\/wp-json\/wp\/v2\/product_cat?post=13404"},{"taxonomy":"product_tag","embeddable":true,"href":"https:\/\/lanaja.sk\/cs\/wp-json\/wp\/v2\/product_tag?post=13404"}],"curies":[{"name":"wp","href":"https:\/\/api.w.org\/{rel}","templated":true}]}}