{"id":13413,"date":"2023-07-08T18:06:08","date_gmt":"2023-07-08T16:06:08","guid":{"rendered":"https:\/\/lanaja.sk\/obchod\/neza\u0159azen\u00e9\/lneny-vaflovy-prehoz-15-barev\/"},"modified":"2025-10-05T14:39:38","modified_gmt":"2025-10-05T12:39:38","slug":"lneny-vaflovy-prehoz-15-barev","status":"publish","type":"product","link":"https:\/\/lanaja.sk\/cs\/obchod\/lneny-vaflovy-prehoz-15-barev\/","title":{"rendered":"Ln\u011bn\u00fd vaflov\u00fd p\u0159ehoz 15 barev"},"content":{"rendered":"<h2><strong>Ln\u011bn\u00fd vaflov\u00fd p\u0159ehoz v 15 barv\u00e1ch<\/strong><\/h2>\n<p>&nbsp;<\/p>\n<p>Lo\u017enice je jedn\u00edm z nejintimn\u011bj\u0161\u00edch m\u00edst ve va\u0161em dom\u011b. Je to bezpe\u010dn\u00e9 \u00fato\u010di\u0161t\u011b pro relaxaci, \u010das pro sny, nov\u00e9 a kr\u00e1sn\u011bj\u0161\u00ed z\u00edt\u0159ky v podob\u011b slune\u010dn\u00fdch, ale i m\u00e9n\u011b slune\u010dn\u00fdch r\u00e1n. Barvy a vzory, materi\u00e1ly a textury ur\u010duj\u00ed t\u00f3n, pocit a atmosf\u00e9ru m\u00edstnosti spolu s lo\u017en\u00edm pr\u00e1dlem. Ln\u011bn\u00fd vaflov\u00fd p\u0159ehoz je sou\u010d\u00e1st\u00ed tohoto odkazu a t\u0159e\u0161ni\u010dkou na dortu.<\/p>\n<p>Kdy\u017e se zamysl\u00edte nad designem sv\u00e9 lo\u017enice a lo\u017en\u00edm pr\u00e1dlem, jako jsou prost\u011bradla, povle\u010den\u00ed, mal\u00e9 pol\u0161t\u00e1\u0159ky, zjist\u00edte, \u017ee jedn\u00edm z nejd\u016fle\u017eit\u011bj\u0161\u00edch prvk\u016f ka\u017ed\u00e9 lo\u017enice je i vn\u011bj\u0161\u00ed p\u0159ikr\u00fdvka postele, p\u0159ehoz. \u0160trukturovan\u00e9 p\u0159ehozy, nebo deky se staly velmi obl\u00edben\u00e9, a to d\u00edky vysok\u00e9 kvalit\u011b, le\u017e\u00e9rn\u00edmu vzhledu, dlouh\u00e9 \u017eivotnosti, pohodl\u00ed a p\u0159edev\u0161\u00edm d\u00edky v\u0161estrann\u00e9mu zp\u016fsobu pou\u017eit\u00ed.<\/p>\n<p>Jejich velikosti jsou na man\u017eelskou postel, jednol\u016f\u017eko, ale i do d\u011btsk\u00e9 post\u00fdlky. \u0160ili jsme je u\u017e i jako d\u011btsk\u00e9 p\u0159ikr\u00fdvky do ko\u010d\u00e1rk\u016f, nebo autoseda\u010dek. Vaflov\u00e9 p\u0159ehozy na postele jsou \u0161it\u00e9 z jednoho kusu l\u00e1tky, nejsou spojovan\u00e9. Po cel\u00e9m obvodu jsou detailn\u011b pro\u0161tepovan\u00e9, aby se po v\u00edcen\u00e1sobn\u00e9m pran\u00ed nep\u0159ekrucovaly po okraj\u00edch. Takto v\u00e1m budou dr\u017eet hezky tvar a dlouh\u00e1 l\u00e9ta v\u00e1s budou t\u011b\u0161it svou jedine\u010dnou strukturou.<\/p>\n<p>\u013danov\u00fd vaflov\u00fd p\u0159ehoz um\u00edme u\u0161\u00edt i p\u0159esn\u011b na m\u00edru. Pokud jste si nena\u0161li svou velikost, napi\u0161te mi zpr\u00e1vu, velmi r\u00e1da v\u00e1m porad\u00edm. \u0160\u00ed\u0159ka p\u0159ehoz\u016f je omezena od 195 cm do 210 cm v z\u00e1vislosti na konkr\u00e9tn\u00ed barv\u011b.<\/p>\n<h4>Vyb\u00edrat m\u016f\u017eete z 15 barev dle nov\u00e9ho vzorn\u00edku ln\u011bn\u00fdch vafl\u00ed:<\/h4>\n<p>1. B\u00edl\u00e1<\/p>\n<p>2.Kr\u00e9mov\u011b-p\u00edskov\u00e1 (antick\u00e1 b\u00edl\u00e1)<\/p>\n<p>3. Tmav\u011b \u0161ed\u00e1<\/p>\n<p>4. Fialov\u00e1 pra\u0161n\u00e1<\/p>\n<p>5. Sv\u011btle azurov\u00e1 (odst\u00edn jemn\u00e9 zeleno-modro-\u0161ed\u00e9)<\/p>\n<p>6. Sv\u011btle \u0161ed\u00e1<\/p>\n<p>7. Ocelov\u011b modr\u00e1<\/p>\n<p>8. Olivov\u011b \u017elut\u00e1<\/p>\n<p>9. R\u016f\u017eov\u00e1<\/p>\n<p>10. Sko\u0159ice<\/p>\n<p>11. Tmav\u011b modr\u00e1<\/p>\n<p>12. Zelenomodr\u00e1<\/p>\n<p>13. \u010cern\u00e1<\/p>\n<p>14. P\u0159\u00edrodn\u00ed<\/p>\n<p>15. Khaki zelen\u00e1<\/p>\n<p>Materi\u00e1l: 53% len, 47% bavlna<\/p>\n<p>ta\u010d\u00ed, kdy\u017e n\u00e1m zvolenou barvu ze vzorn\u00edku (a na fotk\u00e1ch) nap\u00ed\u0161ete do pozn\u00e1mky u objedn\u00e1vky, pokud by byla jin\u00e1 ne\u017e voliteln\u00e9 barvy v rozbalovac\u00edm seznamu. R\u00e1di v\u00e1m porad\u00edme, napi\u0161te n\u00e1m, pokud si nebudete moci vybrat spr\u00e1vnou barvu nebo spr\u00e1vnou velikost p\u0159ehozu.<\/p>\n<h4>Kombinujte je s na\u0161\u00edm ln\u011bn\u00fdm povle\u010den\u00edm <a href=\"https:\/\/lanaja.sk\/cs\/kategorie-produktu\/loznice\/lnene-povleceni-cs\/\">ZDE<\/a><\/h4>\n<p><strong>Vst\u00fapte do z\u00e1zra\u010dn\u00e9ho sveta pr\u00edrody s na\u0161imi nov\u00fdmi \u013eanov\u00fdmi oblie\u010dkami, na ktor\u00fdch je zhmotnen\u00e1 autorsk\u00e1 potla\u010d a grafick\u00fd n\u00e1vrh <a href=\"https:\/\/www.instagram.com\/patri_kusi_works\/\" target=\"_blank\" rel=\"noopener\">Patr\u00edcie Kojnok Ku\u0161ickej<\/a><\/strong>. V t\u00e9to b\u00e1je\u010dn\u00e9 kolekci ukazuje ka\u017ed\u00fd kus lnu dotek samotn\u00e9 p\u0159\u00edrody. Ka\u017ed\u00fd motiv na ln\u011bn\u00e9m povle\u010den\u00ed je navr\u017een\u00fd s velk\u00fdm citem, kreativitou a dlouh\u00fdmi hodinami str\u00e1ven\u00fdmi kresbou. Patr\u00edcii pat\u0159\u00ed velk\u00e9 d\u00edky, \u017ee si na\u0161la \u010das a souhlasila se spoluprac\u00ed, detaily a kone\u010dn\u00fd v\u00fdsledek je n\u00e1dhern\u00fd.<\/p>\n<p><a href=\"https:\/\/lanaja.sk\/cs\/obchod\/loznice\/lnene-povleceni-cs\/povleceni-dum-u-lesa\/?swcfpc=1\" target=\"_blank\" rel=\"noopener\"><br \/>\n  <strong>S ln\u011bn\u00fdm povle\u010den\u00edm D\u016fm u lesa se ocitnete uprost\u0159ed p\u0159\u00edrodn\u00edho divadla, kde se motivy \u017eivota prol\u00ednaj\u00ed s krajinou na ml\u00e9\u010dn\u00e9m lnu.<\/strong><br \/>\n<\/a> Ka\u017ed\u00e1 noc v nich bude jako putov\u00e1n\u00ed do taj\u016f lesa a vt\u00e1hne v\u00e1s do p\u0159\u00edb\u011bhu o p\u0159\u00e1telstv\u00ed a harmonii mezi velk\u00fdmi i mal\u00fdmi lesn\u00edmi tvory. P\u0159ejd\u011bte sv\u00fdmi prsty po potisku, kter\u00fd v\u00e1s p\u0159enese do \u00fatuln\u00e9ho dome\u010dku mezi p\u0159\u00e1telstv\u00ed zv\u00ed\u0159\u00e1tek. Ln\u011bn\u00e9 povle\u010den\u00ed m\u016f\u017eete kombinovat s ln\u011bn\u00fdmi vaflov\u00fdmi p\u0159ehozy.<\/p>\n<p><strong>Po\u010d\u00edtejte s dodac\u00ed lh\u016ftou 5-15 pracovn\u00edch dn\u016f, pokud nem\u00e1me produkt \u0161it\u00fd skladem, ru\u010dn\u00ed pr\u00e1ce vy\u017eaduje n\u00e1\u0161 \u010das. Ln\u011bn\u00e9 v\u00fdrobky \u0161ijeme v na\u0161\u00ed d\u00edln\u011b dle Va\u0161eho p\u0159\u00e1n\u00ed a na m\u00edru v z\u00e1vislosti na konkr\u00e9tn\u00edm v\u00fdrobku.<\/strong><\/p>\n<p>&nbsp;<\/p>\n","protected":false},"excerpt":{"rendered":"<p>Kdy\u017e se zamysl\u00edte nad designem sv\u00e9 lo\u017enice a lo\u017en\u00edm pr\u00e1dlem, jako jsou prost\u011bradla, povle\u010den\u00ed, mal\u00e9 pol\u0161t\u00e1\u0159ky, zjist\u00edte, \u017ee jedn\u00edm z nejd\u016fle\u017eit\u011bj\u0161\u00edch prvk\u016f ka\u017ed\u00e9 lo\u017enice je i vn\u011bj\u0161\u00ed p\u0159ikr\u00fdvka postele, p\u0159ehoz. Strukturovan\u00e9 ln\u011bn\u00e9 vaflov\u00e9 p\u0159ehozy se staly velmi obl\u00edben\u00e9, a to d\u00edky vysok\u00e9 kvalit\u011b, le\u017e\u00e9rn\u00edmu vzhledu, dlouh\u00e9 \u017eivotnosti, pohodl\u00ed a p\u0159edev\u0161\u00edm d\u00edky v\u0161estrann\u00e9mu zp\u016fsobu pou\u017eit\u00ed.<\/p>\n","protected":false},"featured_media":16217,"template":"","meta":[],"product_brand":[],"product_cat":[379,380],"product_tag":[442,406,381,441,440,405],"class_list":{"0":"post-13413","1":"product","2":"type-product","3":"status-publish","4":"has-post-thumbnail","6":"product_cat-lnene-prehozy","7":"product_cat-loznice","8":"product_tag-detska-deka-cs-2","9":"product_tag-detska-deka-cs","10":"product_tag-lneny-prehoz-na-postel","11":"product_tag-pokryvka-na-postel-cs","12":"product_tag-pokryvka-na-postel","13":"product_tag-vaflovy-prehoz-na-postel","15":"first","16":"onbackorder","17":"shipping-taxable","18":"purchasable","19":"product-type-variable"},"yoast_head":"<!-- This site is optimized with the Yoast SEO plugin v27.4 - https:\/\/yoast.com\/product\/yoast-seo-wordpress\/ -->\n<title>Ln\u011bn\u00fd vaflov\u00fd p\u0159ehoz 15 barev &#8226; Lanaja-slovensk\u00e1 udr\u017eiteln\u00e1 zna\u010dka a v\u00fdrobce ln\u011bn\u00e9ho textilu<\/title>\n<meta name=\"description\" content=\"Ln\u011bn\u00e9 vaflov\u00e9 p\u0159ehozy \u0161ijeme tak\u00e9 v 15 barv\u00e1ch na m\u00edru v na\u0161em studiu Lanaja, r\u00e1di v\u00e1m porad\u00edme a pom\u016f\u017eeme vybrat vhodnou velikost a barvu\" \/>\n<meta name=\"robots\" content=\"index, follow, max-snippet:-1, max-image-preview:large, max-video-preview:-1\" \/>\n<link rel=\"canonical\" href=\"https:\/\/lanaja.sk\/cs\/obchod\/lneny-vaflovy-prehoz-15-barev\/\" \/>\n<meta property=\"og:locale\" content=\"cs_CZ\" \/>\n<meta property=\"og:type\" content=\"article\" \/>\n<meta property=\"og:title\" content=\"Ln\u011bn\u00fd vaflov\u00fd p\u0159ehoz 15 barev &#8226; Lanaja-slovensk\u00e1 udr\u017eiteln\u00e1 zna\u010dka a v\u00fdrobce ln\u011bn\u00e9ho textilu\" \/>\n<meta property=\"og:description\" content=\"Ln\u011bn\u00e9 vaflov\u00e9 p\u0159ehozy \u0161ijeme tak\u00e9 v 15 barv\u00e1ch na m\u00edru v na\u0161em studiu Lanaja, r\u00e1di v\u00e1m porad\u00edme a pom\u016f\u017eeme vybrat vhodnou velikost a barvu\" \/>\n<meta property=\"og:url\" content=\"https:\/\/lanaja.sk\/cs\/obchod\/lneny-vaflovy-prehoz-15-barev\/\" \/>\n<meta property=\"og:site_name\" content=\"Lanaja-slovensk\u00e1 udr\u017eiteln\u00e1 zna\u010dka a v\u00fdrobce ln\u011bn\u00e9ho textilu\" \/>\n<meta property=\"article:publisher\" content=\"https:\/\/www.facebook.com\/Abreadbag\" \/>\n<meta property=\"article:modified_time\" content=\"2025-10-05T12:39:38+00:00\" \/>\n<meta property=\"og:image\" content=\"https:\/\/lanaja.sk\/wp-content\/uploads\/2023\/07\/dom-pri-lese-obliecky151-scaled-e1688831670578.webp\" \/>\n\t<meta property=\"og:image:width\" content=\"1425\" \/>\n\t<meta property=\"og:image:height\" content=\"1900\" \/>\n\t<meta property=\"og:image:type\" content=\"image\/jpeg\" \/>\n<meta name=\"twitter:card\" content=\"summary_large_image\" \/>\n<meta name=\"twitter:label1\" content=\"Odhadovan\u00e1 doba \u010dten\u00ed\" \/>\n\t<meta name=\"twitter:data1\" content=\"4 minuty\" \/>\n<script type=\"application\/ld+json\" class=\"yoast-schema-graph\">{\"@context\":\"https:\\\/\\\/schema.org\",\"@graph\":[{\"@type\":\"WebPage\",\"@id\":\"https:\\\/\\\/lanaja.sk\\\/cs\\\/obchod\\\/lneny-vaflovy-prehoz-15-barev\\\/\",\"url\":\"https:\\\/\\\/lanaja.sk\\\/cs\\\/obchod\\\/lneny-vaflovy-prehoz-15-barev\\\/\",\"name\":\"Ln\u011bn\u00fd vaflov\u00fd p\u0159ehoz 15 barev &#8226; Lanaja-slovensk\u00e1 udr\u017eiteln\u00e1 zna\u010dka a v\u00fdrobce ln\u011bn\u00e9ho textilu\",\"isPartOf\":{\"@id\":\"https:\\\/\\\/lanaja.sk\\\/cs\\\/#website\"},\"primaryImageOfPage\":{\"@id\":\"https:\\\/\\\/lanaja.sk\\\/cs\\\/obchod\\\/lneny-vaflovy-prehoz-15-barev\\\/#primaryimage\"},\"image\":{\"@id\":\"https:\\\/\\\/lanaja.sk\\\/cs\\\/obchod\\\/lneny-vaflovy-prehoz-15-barev\\\/#primaryimage\"},\"thumbnailUrl\":\"https:\\\/\\\/lanaja.sk\\\/wp-content\\\/uploads\\\/2023\\\/07\\\/dom-pri-lese-obliecky151-scaled-e1688831670578.webp\",\"datePublished\":\"2023-07-08T16:06:08+00:00\",\"dateModified\":\"2025-10-05T12:39:38+00:00\",\"description\":\"Ln\u011bn\u00e9 vaflov\u00e9 p\u0159ehozy \u0161ijeme tak\u00e9 v 15 barv\u00e1ch na m\u00edru v na\u0161em studiu Lanaja, r\u00e1di v\u00e1m porad\u00edme a pom\u016f\u017eeme vybrat vhodnou velikost a barvu\",\"breadcrumb\":{\"@id\":\"https:\\\/\\\/lanaja.sk\\\/cs\\\/obchod\\\/lneny-vaflovy-prehoz-15-barev\\\/#breadcrumb\"},\"inLanguage\":\"cs\",\"potentialAction\":[{\"@type\":\"ReadAction\",\"target\":[\"https:\\\/\\\/lanaja.sk\\\/cs\\\/obchod\\\/lneny-vaflovy-prehoz-15-barev\\\/\"]}]},{\"@type\":\"ImageObject\",\"inLanguage\":\"cs\",\"@id\":\"https:\\\/\\\/lanaja.sk\\\/cs\\\/obchod\\\/lneny-vaflovy-prehoz-15-barev\\\/#primaryimage\",\"url\":\"https:\\\/\\\/lanaja.sk\\\/wp-content\\\/uploads\\\/2023\\\/07\\\/dom-pri-lese-obliecky151-scaled-e1688831670578.webp\",\"contentUrl\":\"https:\\\/\\\/lanaja.sk\\\/wp-content\\\/uploads\\\/2023\\\/07\\\/dom-pri-lese-obliecky151-scaled-e1688831670578.webp\",\"width\":1425,\"height\":1900,\"caption\":\"Prehoz na man\u017eelsk\u00fa poste\u013e z vafloviny\"},{\"@type\":\"BreadcrumbList\",\"@id\":\"https:\\\/\\\/lanaja.sk\\\/cs\\\/obchod\\\/lneny-vaflovy-prehoz-15-barev\\\/#breadcrumb\",\"itemListElement\":[{\"@type\":\"ListItem\",\"position\":1,\"name\":\"Home\",\"item\":\"https:\\\/\\\/lanaja.sk\\\/cs\\\/\"},{\"@type\":\"ListItem\",\"position\":2,\"name\":\"Obchod\",\"item\":\"https:\\\/\\\/lanaja.sk\\\/cs\\\/obchod-cz\\\/\"},{\"@type\":\"ListItem\",\"position\":3,\"name\":\"Ln\u011bn\u00fd vaflov\u00fd p\u0159ehoz 15 barev\"}]},{\"@type\":\"WebSite\",\"@id\":\"https:\\\/\\\/lanaja.sk\\\/cs\\\/#website\",\"url\":\"https:\\\/\\\/lanaja.sk\\\/cs\\\/\",\"name\":\"Lanaja - bytov\u00fd textil z \u013eanu a \u013eanov\u00e9 v\u00fdrobky\",\"description\":\"Jedine\u010dn\u00fd bytov\u00fd textil, ln\u011bn\u00e9 pytl\u00edky, ln\u011bn\u00e9 ubrusy, ln\u011bn\u00e9 lo\u017en\u00ed povle\u010den\u00ed, ln\u011bn\u00e9 ut\u011brky, ln\u011bn\u00e9 prost\u00edr\u00e1n\u00ed vyroben\u00e9 a \u0161it\u00e9 na Slovensku\",\"publisher\":{\"@id\":\"https:\\\/\\\/lanaja.sk\\\/cs\\\/#organization\"},\"alternateName\":\"Lanaja - v\u00fdrobky z \u013eanu, \u013eanov\u00fd bytov\u00fd textil\",\"potentialAction\":[{\"@type\":\"SearchAction\",\"target\":{\"@type\":\"EntryPoint\",\"urlTemplate\":\"https:\\\/\\\/lanaja.sk\\\/cs\\\/?s={search_term_string}\"},\"query-input\":{\"@type\":\"PropertyValueSpecification\",\"valueRequired\":true,\"valueName\":\"search_term_string\"}}],\"inLanguage\":\"cs\"},{\"@type\":\"Organization\",\"@id\":\"https:\\\/\\\/lanaja.sk\\\/cs\\\/#organization\",\"name\":\"Lanaja\",\"alternateName\":\"Al\u017ebeta Andr\u00e1\u0161ikov\u00e1 - Lanaja\",\"url\":\"https:\\\/\\\/lanaja.sk\\\/cs\\\/\",\"logo\":{\"@type\":\"ImageObject\",\"inLanguage\":\"cs\",\"@id\":\"https:\\\/\\\/lanaja.sk\\\/cs\\\/#\\\/schema\\\/logo\\\/image\\\/\",\"url\":\"https:\\\/\\\/lanaja.sk\\\/wp-content\\\/uploads\\\/2024\\\/01\\\/Lanaja.sk-logo.png\",\"contentUrl\":\"https:\\\/\\\/lanaja.sk\\\/wp-content\\\/uploads\\\/2024\\\/01\\\/Lanaja.sk-logo.png\",\"width\":600,\"height\":300,\"caption\":\"Lanaja\"},\"image\":{\"@id\":\"https:\\\/\\\/lanaja.sk\\\/cs\\\/#\\\/schema\\\/logo\\\/image\\\/\"},\"sameAs\":[\"https:\\\/\\\/www.facebook.com\\\/Abreadbag\",\"https:\\\/\\\/www.instagram.com\\\/lanaja_sk\\\/\"]}]}<\/script>\n<!-- \/ Yoast SEO plugin. -->","yoast_head_json":{"title":"Ln\u011bn\u00fd vaflov\u00fd p\u0159ehoz 15 barev &#8226; Lanaja-slovensk\u00e1 udr\u017eiteln\u00e1 zna\u010dka a v\u00fdrobce ln\u011bn\u00e9ho textilu","description":"Ln\u011bn\u00e9 vaflov\u00e9 p\u0159ehozy \u0161ijeme tak\u00e9 v 15 barv\u00e1ch na m\u00edru v na\u0161em studiu Lanaja, r\u00e1di v\u00e1m porad\u00edme a pom\u016f\u017eeme vybrat vhodnou velikost a barvu","robots":{"index":"index","follow":"follow","max-snippet":"max-snippet:-1","max-image-preview":"max-image-preview:large","max-video-preview":"max-video-preview:-1"},"canonical":"https:\/\/lanaja.sk\/cs\/obchod\/lneny-vaflovy-prehoz-15-barev\/","og_locale":"cs_CZ","og_type":"article","og_title":"Ln\u011bn\u00fd vaflov\u00fd p\u0159ehoz 15 barev &#8226; Lanaja-slovensk\u00e1 udr\u017eiteln\u00e1 zna\u010dka a v\u00fdrobce ln\u011bn\u00e9ho textilu","og_description":"Ln\u011bn\u00e9 vaflov\u00e9 p\u0159ehozy \u0161ijeme tak\u00e9 v 15 barv\u00e1ch na m\u00edru v na\u0161em studiu Lanaja, r\u00e1di v\u00e1m porad\u00edme a pom\u016f\u017eeme vybrat vhodnou velikost a barvu","og_url":"https:\/\/lanaja.sk\/cs\/obchod\/lneny-vaflovy-prehoz-15-barev\/","og_site_name":"Lanaja-slovensk\u00e1 udr\u017eiteln\u00e1 zna\u010dka a v\u00fdrobce ln\u011bn\u00e9ho textilu","article_publisher":"https:\/\/www.facebook.com\/Abreadbag","article_modified_time":"2025-10-05T12:39:38+00:00","og_image":[{"width":1425,"height":1900,"url":"https:\/\/lanaja.sk\/wp-content\/uploads\/2023\/07\/dom-pri-lese-obliecky151-scaled-e1688831670578.webp","type":"image\/jpeg"}],"twitter_card":"summary_large_image","twitter_misc":{"Odhadovan\u00e1 doba \u010dten\u00ed":"4 minuty"},"schema":{"@context":"https:\/\/schema.org","@graph":[{"@type":"WebPage","@id":"https:\/\/lanaja.sk\/cs\/obchod\/lneny-vaflovy-prehoz-15-barev\/","url":"https:\/\/lanaja.sk\/cs\/obchod\/lneny-vaflovy-prehoz-15-barev\/","name":"Ln\u011bn\u00fd vaflov\u00fd p\u0159ehoz 15 barev &#8226; Lanaja-slovensk\u00e1 udr\u017eiteln\u00e1 zna\u010dka a v\u00fdrobce ln\u011bn\u00e9ho textilu","isPartOf":{"@id":"https:\/\/lanaja.sk\/cs\/#website"},"primaryImageOfPage":{"@id":"https:\/\/lanaja.sk\/cs\/obchod\/lneny-vaflovy-prehoz-15-barev\/#primaryimage"},"image":{"@id":"https:\/\/lanaja.sk\/cs\/obchod\/lneny-vaflovy-prehoz-15-barev\/#primaryimage"},"thumbnailUrl":"https:\/\/lanaja.sk\/wp-content\/uploads\/2023\/07\/dom-pri-lese-obliecky151-scaled-e1688831670578.webp","datePublished":"2023-07-08T16:06:08+00:00","dateModified":"2025-10-05T12:39:38+00:00","description":"Ln\u011bn\u00e9 vaflov\u00e9 p\u0159ehozy \u0161ijeme tak\u00e9 v 15 barv\u00e1ch na m\u00edru v na\u0161em studiu Lanaja, r\u00e1di v\u00e1m porad\u00edme a pom\u016f\u017eeme vybrat vhodnou velikost a barvu","breadcrumb":{"@id":"https:\/\/lanaja.sk\/cs\/obchod\/lneny-vaflovy-prehoz-15-barev\/#breadcrumb"},"inLanguage":"cs","potentialAction":[{"@type":"ReadAction","target":["https:\/\/lanaja.sk\/cs\/obchod\/lneny-vaflovy-prehoz-15-barev\/"]}]},{"@type":"ImageObject","inLanguage":"cs","@id":"https:\/\/lanaja.sk\/cs\/obchod\/lneny-vaflovy-prehoz-15-barev\/#primaryimage","url":"https:\/\/lanaja.sk\/wp-content\/uploads\/2023\/07\/dom-pri-lese-obliecky151-scaled-e1688831670578.webp","contentUrl":"https:\/\/lanaja.sk\/wp-content\/uploads\/2023\/07\/dom-pri-lese-obliecky151-scaled-e1688831670578.webp","width":1425,"height":1900,"caption":"Prehoz na man\u017eelsk\u00fa poste\u013e z vafloviny"},{"@type":"BreadcrumbList","@id":"https:\/\/lanaja.sk\/cs\/obchod\/lneny-vaflovy-prehoz-15-barev\/#breadcrumb","itemListElement":[{"@type":"ListItem","position":1,"name":"Home","item":"https:\/\/lanaja.sk\/cs\/"},{"@type":"ListItem","position":2,"name":"Obchod","item":"https:\/\/lanaja.sk\/cs\/obchod-cz\/"},{"@type":"ListItem","position":3,"name":"Ln\u011bn\u00fd vaflov\u00fd p\u0159ehoz 15 barev"}]},{"@type":"WebSite","@id":"https:\/\/lanaja.sk\/cs\/#website","url":"https:\/\/lanaja.sk\/cs\/","name":"Lanaja - bytov\u00fd textil z \u013eanu a \u013eanov\u00e9 v\u00fdrobky","description":"Jedine\u010dn\u00fd bytov\u00fd textil, ln\u011bn\u00e9 pytl\u00edky, ln\u011bn\u00e9 ubrusy, ln\u011bn\u00e9 lo\u017en\u00ed povle\u010den\u00ed, ln\u011bn\u00e9 ut\u011brky, ln\u011bn\u00e9 prost\u00edr\u00e1n\u00ed vyroben\u00e9 a \u0161it\u00e9 na Slovensku","publisher":{"@id":"https:\/\/lanaja.sk\/cs\/#organization"},"alternateName":"Lanaja - v\u00fdrobky z \u013eanu, \u013eanov\u00fd bytov\u00fd textil","potentialAction":[{"@type":"SearchAction","target":{"@type":"EntryPoint","urlTemplate":"https:\/\/lanaja.sk\/cs\/?s={search_term_string}"},"query-input":{"@type":"PropertyValueSpecification","valueRequired":true,"valueName":"search_term_string"}}],"inLanguage":"cs"},{"@type":"Organization","@id":"https:\/\/lanaja.sk\/cs\/#organization","name":"Lanaja","alternateName":"Al\u017ebeta Andr\u00e1\u0161ikov\u00e1 - Lanaja","url":"https:\/\/lanaja.sk\/cs\/","logo":{"@type":"ImageObject","inLanguage":"cs","@id":"https:\/\/lanaja.sk\/cs\/#\/schema\/logo\/image\/","url":"https:\/\/lanaja.sk\/wp-content\/uploads\/2024\/01\/Lanaja.sk-logo.png","contentUrl":"https:\/\/lanaja.sk\/wp-content\/uploads\/2024\/01\/Lanaja.sk-logo.png","width":600,"height":300,"caption":"Lanaja"},"image":{"@id":"https:\/\/lanaja.sk\/cs\/#\/schema\/logo\/image\/"},"sameAs":["https:\/\/www.facebook.com\/Abreadbag","https:\/\/www.instagram.com\/lanaja_sk\/"]}]}},"_links":{"self":[{"href":"https:\/\/lanaja.sk\/cs\/wp-json\/wp\/v2\/product\/13413","targetHints":{"allow":["GET"]}}],"collection":[{"href":"https:\/\/lanaja.sk\/cs\/wp-json\/wp\/v2\/product"}],"about":[{"href":"https:\/\/lanaja.sk\/cs\/wp-json\/wp\/v2\/types\/product"}],"version-history":[{"count":2,"href":"https:\/\/lanaja.sk\/cs\/wp-json\/wp\/v2\/product\/13413\/revisions"}],"predecessor-version":[{"id":16716,"href":"https:\/\/lanaja.sk\/cs\/wp-json\/wp\/v2\/product\/13413\/revisions\/16716"}],"wp:featuredmedia":[{"embeddable":true,"href":"https:\/\/lanaja.sk\/cs\/wp-json\/wp\/v2\/media\/16217"}],"wp:attachment":[{"href":"https:\/\/lanaja.sk\/cs\/wp-json\/wp\/v2\/media?parent=13413"}],"wp:term":[{"taxonomy":"product_brand","embeddable":true,"href":"https:\/\/lanaja.sk\/cs\/wp-json\/wp\/v2\/product_brand?post=13413"},{"taxonomy":"product_cat","embeddable":true,"href":"https:\/\/lanaja.sk\/cs\/wp-json\/wp\/v2\/product_cat?post=13413"},{"taxonomy":"product_tag","embeddable":true,"href":"https:\/\/lanaja.sk\/cs\/wp-json\/wp\/v2\/product_tag?post=13413"}],"curies":[{"name":"wp","href":"https:\/\/api.w.org\/{rel}","templated":true}]}}