{"id":13416,"date":"2022-10-10T18:23:42","date_gmt":"2022-10-10T16:23:42","guid":{"rendered":"https:\/\/lanaja.sk\/obchod\/neza\u0159azen\u00e9\/lnene-pyzamo-anna\/"},"modified":"2025-10-05T14:28:51","modified_gmt":"2025-10-05T12:28:51","slug":"lnene-pyzamo-anna","status":"publish","type":"product","link":"https:\/\/lanaja.sk\/cs\/obchod\/lnene-pyzamo-anna\/","title":{"rendered":"Ln\u011bn\u00e9 py\u017eamo Anna"},"content":{"rendered":"<h2><strong>Ln\u011bn\u00e9 py\u017eamo Anna<\/strong><\/h2>\n<p>&nbsp;<\/p>\n<p><strong>Ln\u011bn\u00e9 py\u017eamo Anna<\/strong> je pe\u010dliv\u011b u\u0161it\u00fd certifikovan\u00fd \u010desk\u00fd len, kter\u00fd je nejen m\u011bkk\u00fd a p\u0159\u00edjemn\u00fd na dotek, ale tak\u00e9 dostate\u010dn\u011b siln\u00fd, aby v\u00e1m dodal pocit luxusu a kvality.<\/p>\n<h4>Nad\u010dasov\u00e1 elegance<\/h4>\n<p>Ln\u011bn\u00e9 py\u017eamo Anna vypad\u00e1 elegantn\u011b a stylov\u011b. Zam\u011b\u0159ili jsme se p\u0159edev\u0161\u00edm na bezchybn\u00e9 zpracov\u00e1n\u00ed a \u0161it\u00ed z kvalitn\u00edch ln\u011bn\u00fdch l\u00e1tek, s prvky v\u0161estrannosti, hravosti a n\u00e1dechu koketnosti.<\/p>\n<p>Ln\u011bn\u00e1 py\u017eama jsou navr\u017eena tak, abyste bez v\u011bt\u0161\u00ed n\u00e1mahy vypadali elegantn\u011b. A\u0165 u\u017e je budete nosit spu\u0161t\u011bn\u00e1, kdy v\u00e1m spolehliv\u011b zah\u0159ej\u00ed k\u0159\u00ed\u017ee v chladn\u00fdch dnech, nebo uv\u00e1zan\u00e1 na uzel v zkr\u00e1cen\u00e9 d\u00e9lce a s vyhrnut\u00fdmi ruk\u00e1vy, budou va\u0161\u00edm v\u011brn\u00fdm spole\u010dn\u00edkem po cel\u00fd rok. Jeho horn\u00ed \u010d\u00e1st m\u016f\u017eete v l\u00e9t\u011b pou\u017e\u00edt i jako kr\u00e1tkou no\u010dn\u00ed ko\u0161ili. St\u0159ih kalhot s pasem na gumi\u010dku je pohodln\u00fd, \u0161ir\u0161\u00ed a rovn\u00fd, nebudou v\u00e1s omezovat v pohybu.<\/p>\n<h4>V\u00fdhody zdrav\u00e9ho sp\u00e1nku ve lnu<\/h4>\n<p>Ln\u011bn\u00e9 py\u017eamo Anna je pran\u00e9 a vysr\u00e1\u017een\u00e9. <strong> <\/strong>Ln\u011bn\u00e1 l\u00e1tka tak z\u00edsk\u00e1 obl\u00edben\u00fd jemn\u011bj\u0161\u00ed vzhled, p\u0159irozen\u011b a rovnom\u011brn\u011b ma\u010dkan\u00fd, a p\u0159i pou\u017e\u00edv\u00e1n\u00ed v\u00e1s odm\u011bn\u00ed p\u0159\u00edjemn\u00fdm pocitem jemnosti. B\u011bhem sp\u00e1nku v\u00e1m prokrv\u00ed a jemn\u011b promas\u00edruje poko\u017eku, podpo\u0159\u00ed relaxaci a z\u00e1rove\u0148 ji zjemn\u00ed a ochr\u00e1n\u00ed d\u00edky sv\u00e9mu p\u0159irozen\u00e9mu pH. Tento len nen\u00ed pot\u0159eba \u017eehlit, je p\u0159ekr\u00e1sn\u011b zvr\u00e1sn\u011bn\u00fd po vypr\u00e1n\u00ed.<\/p>\n<p>Len m\u00e1 schopnost odol\u00e1vat bakteri\u00edm, je antialergick\u00fd a doporu\u010duje se lidem s ko\u017en\u00edmi chorobami a alergiemi. M\u00e1 vysokou schopnost potla\u010dovat bakterie, rozto\u010de a pl\u00edsn\u011b a je vysoce odpuzuj\u00edc\u00ed hmyz.<\/p>\n<p>D\u00edky sv\u00e9 molekul\u00e1rn\u00ed struktu\u0159e dok\u00e1\u017ee ln\u011bn\u00e9 py\u017eamo absorbovat a\u017e 20 % sv\u00e9 hmotnosti ve vlhkosti. Proto vynikaj\u00edc\u00ed saje pot a zaru\u010d\u00ed v\u00e1m plnohodnotn\u011bj\u0161\u00ed a zdrav\u011bj\u0161\u00ed sp\u00e1nek. Ln\u011bn\u00e9 vl\u00e1kno je dut\u00e9, tak\u017ee se vyzna\u010duj\u00ed t\u011bmito schopnostmi, udr\u017euje teplo ve vl\u00e1knech, ochlazuje a spolehliv\u011b odstra\u0148uje p\u0159ebyte\u010dnou vlhkost.<\/p>\n<p>Ln\u011bn\u00e1 tkanina m\u00e1 lehk\u00fd mas\u00e1\u017en\u00ed \u00fa\u010dinek d\u00edky mikroskopick\u00fdm p\u0159est\u00e1vk\u00e1m na vn\u011bj\u0161\u00edm povrchu. Dop\u0159ejte si bezplatnou mas\u00e1\u017e. Nepravidelnosti, drsn\u011bj\u0161\u00ed povrch, drobn\u00e9 hrbolky a vr\u00e1s\u010dit\u00e1 textura v\u00e1m poskytnou mas\u00e1\u017e b\u011bhem sp\u00e1nku, stimuluj\u00ed pr\u016ftok krve a podpo\u0159\u00ed relaxaci.<\/p>\n<p>Dop\u0159ejte si pohodl\u00ed s na\u0161\u00edm ln\u011bn\u00fdm py\u017eamem a za\u010dn\u011bte ka\u017ed\u00fd ve\u010der s pocitem dokonal\u00e9 relaxace.<\/p>\n<h4><strong>Vysok\u00e1 odolnost a dlouh\u00e1 \u017eivotnost:<\/strong><\/h4>\n<p>Len je zn\u00e1m\u00fd svou odolnost\u00ed a dlouhou \u017eivotnost\u00ed. Na\u0161e py\u017eama jsou pe\u010dliv\u011b \u0161it\u00e1 tak, aby vydr\u017eela ka\u017edodenn\u00ed pou\u017e\u00edv\u00e1n\u00ed a z\u00e1rove\u0148 si d\u00e9le zachovala sv\u016fj elegantn\u00ed vzhled. Jejich v\u0161estrann\u00fd vzhled v\u00e1m umo\u017en\u00ed vypadat dob\u0159e a c\u00edtit se sebev\u011bdom\u011b nejen v lo\u017enici, ale i mimo ni.<\/p>\n<h4><strong>Velikost:<\/strong><\/h4>\n<p><strong>S\/M:<\/strong> KO\u0160ILE S KOKOSOV\u00ddMI KNOFL\u00cdKY<\/p>\n<p>d\u00e9lka m\u011b\u0159en\u00e1 st\u0159edem h\u0159betu cca 75 cm<\/p>\n<p>\u0161\u00ed\u0159ka p\u0159es prsa cca 59cm (x2cm)<\/p>\n<p>d\u00e9lka ruk\u00e1vu m\u011b\u0159en\u00e1 od l\u00edmce cca 73cm<\/p>\n<p>KALHOTY:<\/p>\n<p>vnit\u0159n\u00ed d\u00e9lka kalhot cca 76cm<\/p>\n<p>vn\u011bj\u0161\u00ed d\u00e9lka kalhot 101 cm<\/p>\n<p>opasek v nenapnut\u00e9m stavu cca 66cm, napnut\u00fd 84cm, max. 90 cm<\/p>\n<h4><strong>Maluje:<\/strong><\/h4>\n<h4>ml\u00e9\u010dn\u011b b\u00edl\u00e1, zapr\u00e1\u0161en\u00e1 r\u016f\u017eov\u00e1, m\u00e1tov\u011b zelen\u00e1<\/h4>\n<p>Ln\u011bn\u00e9 py\u017eamo dopl\u0148uje na fotk\u00e1ch ln\u011bn\u00fd vaflov\u00fd \u017eupan z na\u0161\u00ed kolekce <a href=\"https:\/\/lanaja.sk\/cs\/obchod\/koupelna\/lnene-zupany\/lneny-vaflovy-zupan-2\/\" rel=\"noopener\">ZDE.<\/a><\/p>\n<p><strong>Po\u010d\u00edtejte s dodac\u00ed lh\u016ftou 5-15 pracovn\u00edch dn\u016f, pokud nem\u00e1me produkt \u0161it\u00fd skladem, ru\u010dn\u00ed pr\u00e1ce vy\u017eaduje n\u00e1\u0161 \u010das. Ln\u011bn\u00e9 v\u00fdrobky \u0161ijeme v na\u0161\u00ed d\u00edln\u011b dle Va\u0161eho p\u0159\u00e1n\u00ed a na m\u00edru, dle konkr\u00e9tn\u00edho v\u00fdrobku.<\/strong><\/p>\n","protected":false},"excerpt":{"rendered":"<p>Ln\u011bn\u00e9 py\u017eamo Anna u\u0161it\u00e9 z na\u0161eho nejjemn\u011bj\u0161\u00edho lnu je dokonal\u00fdm spole\u010dn\u00edkem b\u011bhem sp\u00e1nku i voln\u00fdch dn\u016f. Zvolili jsme minimalistick\u00fd styl, velkorys\u00fd st\u0159ih s d\u016frazem na udr\u017eitelnost a certifikovan\u00fd evropsk\u00fd len. Pou\u017eit\u00e9 kokosov\u00e9 knofl\u00edky na ln\u011bn\u00e9m py\u017eamu jsou stejn\u011b biologicky odbourateln\u00e9. Pravideln\u00e9 no\u0161en\u00ed a pran\u00ed zvy\u0161uje p\u0159irozenou m\u011bkkost a hladkost pr\u00e1dla. Ko\u0161ile je co nejpohodln\u011bj\u0161\u00ed, kalhoty s gumou v pase maj\u00ed rovn\u00fd \u0161ir\u0161\u00ed st\u0159ih pro v\u011bt\u0161\u00ed pohodl\u00ed a pohodl\u00ed. Minimalistick\u00e1 klasika z \u010dist\u00e9ho lnu.<\/p>\n","protected":false},"featured_media":7389,"template":"","meta":[],"product_brand":[],"product_cat":[178,380],"product_tag":[428],"class_list":{"0":"post-13416","1":"product","2":"type-product","3":"status-publish","4":"has-post-thumbnail","6":"product_cat-lnene-pyzamo","7":"product_cat-loznice","8":"product_tag-lnene-pyzamo","10":"first","11":"instock","12":"shipping-taxable","13":"purchasable","14":"product-type-variable"},"yoast_head":"<!-- This site is optimized with the Yoast SEO plugin v27.4 - https:\/\/yoast.com\/product\/yoast-seo-wordpress\/ -->\n<title>Ln\u011bn\u00e9 py\u017eamo Anna &#8226; Lanaja-slovensk\u00e1 udr\u017eiteln\u00e1 zna\u010dka a v\u00fdrobce ln\u011bn\u00e9ho textilu<\/title>\n<meta name=\"description\" content=\"Ln\u011bn\u00e1 py\u017eama Anna p\u016fsob\u00ed elegantn\u011b a stylov\u011b, zam\u011b\u0159ili jsme se p\u0159edev\u0161\u00edm na bezchybn\u00e9 zpracov\u00e1n\u00ed a \u0161it\u00ed z kvalitn\u00edch ln\u011bn\u00fdch l\u00e1tek s prvky univerz\u00e1lnosti\" \/>\n<meta name=\"robots\" content=\"index, follow, max-snippet:-1, max-image-preview:large, max-video-preview:-1\" \/>\n<link rel=\"canonical\" href=\"https:\/\/lanaja.sk\/cs\/obchod\/lnene-pyzamo-anna\/\" \/>\n<meta property=\"og:locale\" content=\"cs_CZ\" \/>\n<meta property=\"og:type\" content=\"article\" \/>\n<meta property=\"og:title\" content=\"Ln\u011bn\u00e9 py\u017eamo Anna &#8226; Lanaja-slovensk\u00e1 udr\u017eiteln\u00e1 zna\u010dka a v\u00fdrobce ln\u011bn\u00e9ho textilu\" \/>\n<meta property=\"og:description\" content=\"Ln\u011bn\u00e1 py\u017eama Anna p\u016fsob\u00ed elegantn\u011b a stylov\u011b, zam\u011b\u0159ili jsme se p\u0159edev\u0161\u00edm na bezchybn\u00e9 zpracov\u00e1n\u00ed a \u0161it\u00ed z kvalitn\u00edch ln\u011bn\u00fdch l\u00e1tek s prvky univerz\u00e1lnosti\" \/>\n<meta property=\"og:url\" content=\"https:\/\/lanaja.sk\/cs\/obchod\/lnene-pyzamo-anna\/\" \/>\n<meta property=\"og:site_name\" content=\"Lanaja-slovensk\u00e1 udr\u017eiteln\u00e1 zna\u010dka a v\u00fdrobce ln\u011bn\u00e9ho textilu\" \/>\n<meta property=\"article:publisher\" content=\"https:\/\/www.facebook.com\/Abreadbag\" \/>\n<meta property=\"article:modified_time\" content=\"2025-10-05T12:28:51+00:00\" \/>\n<meta property=\"og:image\" content=\"https:\/\/lanaja.sk\/wp-content\/uploads\/2022\/10\/lanove-pyzamo11-e1665418343491-jpg.webp\" \/>\n\t<meta property=\"og:image:width\" content=\"600\" \/>\n\t<meta property=\"og:image:height\" content=\"900\" \/>\n\t<meta property=\"og:image:type\" content=\"image\/jpeg\" \/>\n<meta name=\"twitter:card\" content=\"summary_large_image\" \/>\n<meta name=\"twitter:label1\" content=\"Odhadovan\u00e1 doba \u010dten\u00ed\" \/>\n\t<meta name=\"twitter:data1\" content=\"3 minuty\" \/>\n<script type=\"application\/ld+json\" class=\"yoast-schema-graph\">{\"@context\":\"https:\\\/\\\/schema.org\",\"@graph\":[{\"@type\":\"WebPage\",\"@id\":\"https:\\\/\\\/lanaja.sk\\\/cs\\\/obchod\\\/lnene-pyzamo-anna\\\/\",\"url\":\"https:\\\/\\\/lanaja.sk\\\/cs\\\/obchod\\\/lnene-pyzamo-anna\\\/\",\"name\":\"Ln\u011bn\u00e9 py\u017eamo Anna &#8226; Lanaja-slovensk\u00e1 udr\u017eiteln\u00e1 zna\u010dka a v\u00fdrobce ln\u011bn\u00e9ho textilu\",\"isPartOf\":{\"@id\":\"https:\\\/\\\/lanaja.sk\\\/cs\\\/#website\"},\"primaryImageOfPage\":{\"@id\":\"https:\\\/\\\/lanaja.sk\\\/cs\\\/obchod\\\/lnene-pyzamo-anna\\\/#primaryimage\"},\"image\":{\"@id\":\"https:\\\/\\\/lanaja.sk\\\/cs\\\/obchod\\\/lnene-pyzamo-anna\\\/#primaryimage\"},\"thumbnailUrl\":\"https:\\\/\\\/lanaja.sk\\\/wp-content\\\/uploads\\\/2022\\\/10\\\/lanove-pyzamo11-e1665418343491-jpg.webp\",\"datePublished\":\"2022-10-10T16:23:42+00:00\",\"dateModified\":\"2025-10-05T12:28:51+00:00\",\"description\":\"Ln\u011bn\u00e1 py\u017eama Anna p\u016fsob\u00ed elegantn\u011b a stylov\u011b, zam\u011b\u0159ili jsme se p\u0159edev\u0161\u00edm na bezchybn\u00e9 zpracov\u00e1n\u00ed a \u0161it\u00ed z kvalitn\u00edch ln\u011bn\u00fdch l\u00e1tek s prvky univerz\u00e1lnosti\",\"breadcrumb\":{\"@id\":\"https:\\\/\\\/lanaja.sk\\\/cs\\\/obchod\\\/lnene-pyzamo-anna\\\/#breadcrumb\"},\"inLanguage\":\"cs\",\"potentialAction\":[{\"@type\":\"ReadAction\",\"target\":[\"https:\\\/\\\/lanaja.sk\\\/cs\\\/obchod\\\/lnene-pyzamo-anna\\\/\"]}]},{\"@type\":\"ImageObject\",\"inLanguage\":\"cs\",\"@id\":\"https:\\\/\\\/lanaja.sk\\\/cs\\\/obchod\\\/lnene-pyzamo-anna\\\/#primaryimage\",\"url\":\"https:\\\/\\\/lanaja.sk\\\/wp-content\\\/uploads\\\/2022\\\/10\\\/lanove-pyzamo11-e1665418343491-jpg.webp\",\"contentUrl\":\"https:\\\/\\\/lanaja.sk\\\/wp-content\\\/uploads\\\/2022\\\/10\\\/lanove-pyzamo11-e1665418343491-jpg.webp\",\"width\":600,\"height\":900,\"caption\":\"d\u00e1mske py\u017eamo\"},{\"@type\":\"BreadcrumbList\",\"@id\":\"https:\\\/\\\/lanaja.sk\\\/cs\\\/obchod\\\/lnene-pyzamo-anna\\\/#breadcrumb\",\"itemListElement\":[{\"@type\":\"ListItem\",\"position\":1,\"name\":\"Home\",\"item\":\"https:\\\/\\\/lanaja.sk\\\/cs\\\/\"},{\"@type\":\"ListItem\",\"position\":2,\"name\":\"Obchod\",\"item\":\"https:\\\/\\\/lanaja.sk\\\/cs\\\/obchod-cz\\\/\"},{\"@type\":\"ListItem\",\"position\":3,\"name\":\"Ln\u011bn\u00e9 py\u017eamo Anna\"}]},{\"@type\":\"WebSite\",\"@id\":\"https:\\\/\\\/lanaja.sk\\\/cs\\\/#website\",\"url\":\"https:\\\/\\\/lanaja.sk\\\/cs\\\/\",\"name\":\"Lanaja - bytov\u00fd textil z \u013eanu a \u013eanov\u00e9 v\u00fdrobky\",\"description\":\"Jedine\u010dn\u00fd bytov\u00fd textil, ln\u011bn\u00e9 pytl\u00edky, ln\u011bn\u00e9 ubrusy, ln\u011bn\u00e9 lo\u017en\u00ed povle\u010den\u00ed, ln\u011bn\u00e9 ut\u011brky, ln\u011bn\u00e9 prost\u00edr\u00e1n\u00ed vyroben\u00e9 a \u0161it\u00e9 na Slovensku\",\"publisher\":{\"@id\":\"https:\\\/\\\/lanaja.sk\\\/cs\\\/#organization\"},\"alternateName\":\"Lanaja - v\u00fdrobky z \u013eanu, \u013eanov\u00fd bytov\u00fd textil\",\"potentialAction\":[{\"@type\":\"SearchAction\",\"target\":{\"@type\":\"EntryPoint\",\"urlTemplate\":\"https:\\\/\\\/lanaja.sk\\\/cs\\\/?s={search_term_string}\"},\"query-input\":{\"@type\":\"PropertyValueSpecification\",\"valueRequired\":true,\"valueName\":\"search_term_string\"}}],\"inLanguage\":\"cs\"},{\"@type\":\"Organization\",\"@id\":\"https:\\\/\\\/lanaja.sk\\\/cs\\\/#organization\",\"name\":\"Lanaja\",\"alternateName\":\"Al\u017ebeta Andr\u00e1\u0161ikov\u00e1 - Lanaja\",\"url\":\"https:\\\/\\\/lanaja.sk\\\/cs\\\/\",\"logo\":{\"@type\":\"ImageObject\",\"inLanguage\":\"cs\",\"@id\":\"https:\\\/\\\/lanaja.sk\\\/cs\\\/#\\\/schema\\\/logo\\\/image\\\/\",\"url\":\"https:\\\/\\\/lanaja.sk\\\/wp-content\\\/uploads\\\/2024\\\/01\\\/Lanaja.sk-logo.png\",\"contentUrl\":\"https:\\\/\\\/lanaja.sk\\\/wp-content\\\/uploads\\\/2024\\\/01\\\/Lanaja.sk-logo.png\",\"width\":600,\"height\":300,\"caption\":\"Lanaja\"},\"image\":{\"@id\":\"https:\\\/\\\/lanaja.sk\\\/cs\\\/#\\\/schema\\\/logo\\\/image\\\/\"},\"sameAs\":[\"https:\\\/\\\/www.facebook.com\\\/Abreadbag\",\"https:\\\/\\\/www.instagram.com\\\/lanaja_sk\\\/\"]}]}<\/script>\n<!-- \/ Yoast SEO plugin. -->","yoast_head_json":{"title":"Ln\u011bn\u00e9 py\u017eamo Anna &#8226; Lanaja-slovensk\u00e1 udr\u017eiteln\u00e1 zna\u010dka a v\u00fdrobce ln\u011bn\u00e9ho textilu","description":"Ln\u011bn\u00e1 py\u017eama Anna p\u016fsob\u00ed elegantn\u011b a stylov\u011b, zam\u011b\u0159ili jsme se p\u0159edev\u0161\u00edm na bezchybn\u00e9 zpracov\u00e1n\u00ed a \u0161it\u00ed z kvalitn\u00edch ln\u011bn\u00fdch l\u00e1tek s prvky univerz\u00e1lnosti","robots":{"index":"index","follow":"follow","max-snippet":"max-snippet:-1","max-image-preview":"max-image-preview:large","max-video-preview":"max-video-preview:-1"},"canonical":"https:\/\/lanaja.sk\/cs\/obchod\/lnene-pyzamo-anna\/","og_locale":"cs_CZ","og_type":"article","og_title":"Ln\u011bn\u00e9 py\u017eamo Anna &#8226; Lanaja-slovensk\u00e1 udr\u017eiteln\u00e1 zna\u010dka a v\u00fdrobce ln\u011bn\u00e9ho textilu","og_description":"Ln\u011bn\u00e1 py\u017eama Anna p\u016fsob\u00ed elegantn\u011b a stylov\u011b, zam\u011b\u0159ili jsme se p\u0159edev\u0161\u00edm na bezchybn\u00e9 zpracov\u00e1n\u00ed a \u0161it\u00ed z kvalitn\u00edch ln\u011bn\u00fdch l\u00e1tek s prvky univerz\u00e1lnosti","og_url":"https:\/\/lanaja.sk\/cs\/obchod\/lnene-pyzamo-anna\/","og_site_name":"Lanaja-slovensk\u00e1 udr\u017eiteln\u00e1 zna\u010dka a v\u00fdrobce ln\u011bn\u00e9ho textilu","article_publisher":"https:\/\/www.facebook.com\/Abreadbag","article_modified_time":"2025-10-05T12:28:51+00:00","og_image":[{"width":600,"height":900,"url":"https:\/\/lanaja.sk\/wp-content\/uploads\/2022\/10\/lanove-pyzamo11-e1665418343491-jpg.webp","type":"image\/jpeg"}],"twitter_card":"summary_large_image","twitter_misc":{"Odhadovan\u00e1 doba \u010dten\u00ed":"3 minuty"},"schema":{"@context":"https:\/\/schema.org","@graph":[{"@type":"WebPage","@id":"https:\/\/lanaja.sk\/cs\/obchod\/lnene-pyzamo-anna\/","url":"https:\/\/lanaja.sk\/cs\/obchod\/lnene-pyzamo-anna\/","name":"Ln\u011bn\u00e9 py\u017eamo Anna &#8226; Lanaja-slovensk\u00e1 udr\u017eiteln\u00e1 zna\u010dka a v\u00fdrobce ln\u011bn\u00e9ho textilu","isPartOf":{"@id":"https:\/\/lanaja.sk\/cs\/#website"},"primaryImageOfPage":{"@id":"https:\/\/lanaja.sk\/cs\/obchod\/lnene-pyzamo-anna\/#primaryimage"},"image":{"@id":"https:\/\/lanaja.sk\/cs\/obchod\/lnene-pyzamo-anna\/#primaryimage"},"thumbnailUrl":"https:\/\/lanaja.sk\/wp-content\/uploads\/2022\/10\/lanove-pyzamo11-e1665418343491-jpg.webp","datePublished":"2022-10-10T16:23:42+00:00","dateModified":"2025-10-05T12:28:51+00:00","description":"Ln\u011bn\u00e1 py\u017eama Anna p\u016fsob\u00ed elegantn\u011b a stylov\u011b, zam\u011b\u0159ili jsme se p\u0159edev\u0161\u00edm na bezchybn\u00e9 zpracov\u00e1n\u00ed a \u0161it\u00ed z kvalitn\u00edch ln\u011bn\u00fdch l\u00e1tek s prvky univerz\u00e1lnosti","breadcrumb":{"@id":"https:\/\/lanaja.sk\/cs\/obchod\/lnene-pyzamo-anna\/#breadcrumb"},"inLanguage":"cs","potentialAction":[{"@type":"ReadAction","target":["https:\/\/lanaja.sk\/cs\/obchod\/lnene-pyzamo-anna\/"]}]},{"@type":"ImageObject","inLanguage":"cs","@id":"https:\/\/lanaja.sk\/cs\/obchod\/lnene-pyzamo-anna\/#primaryimage","url":"https:\/\/lanaja.sk\/wp-content\/uploads\/2022\/10\/lanove-pyzamo11-e1665418343491-jpg.webp","contentUrl":"https:\/\/lanaja.sk\/wp-content\/uploads\/2022\/10\/lanove-pyzamo11-e1665418343491-jpg.webp","width":600,"height":900,"caption":"d\u00e1mske py\u017eamo"},{"@type":"BreadcrumbList","@id":"https:\/\/lanaja.sk\/cs\/obchod\/lnene-pyzamo-anna\/#breadcrumb","itemListElement":[{"@type":"ListItem","position":1,"name":"Home","item":"https:\/\/lanaja.sk\/cs\/"},{"@type":"ListItem","position":2,"name":"Obchod","item":"https:\/\/lanaja.sk\/cs\/obchod-cz\/"},{"@type":"ListItem","position":3,"name":"Ln\u011bn\u00e9 py\u017eamo Anna"}]},{"@type":"WebSite","@id":"https:\/\/lanaja.sk\/cs\/#website","url":"https:\/\/lanaja.sk\/cs\/","name":"Lanaja - bytov\u00fd textil z \u013eanu a \u013eanov\u00e9 v\u00fdrobky","description":"Jedine\u010dn\u00fd bytov\u00fd textil, ln\u011bn\u00e9 pytl\u00edky, ln\u011bn\u00e9 ubrusy, ln\u011bn\u00e9 lo\u017en\u00ed povle\u010den\u00ed, ln\u011bn\u00e9 ut\u011brky, ln\u011bn\u00e9 prost\u00edr\u00e1n\u00ed vyroben\u00e9 a \u0161it\u00e9 na Slovensku","publisher":{"@id":"https:\/\/lanaja.sk\/cs\/#organization"},"alternateName":"Lanaja - v\u00fdrobky z \u013eanu, \u013eanov\u00fd bytov\u00fd textil","potentialAction":[{"@type":"SearchAction","target":{"@type":"EntryPoint","urlTemplate":"https:\/\/lanaja.sk\/cs\/?s={search_term_string}"},"query-input":{"@type":"PropertyValueSpecification","valueRequired":true,"valueName":"search_term_string"}}],"inLanguage":"cs"},{"@type":"Organization","@id":"https:\/\/lanaja.sk\/cs\/#organization","name":"Lanaja","alternateName":"Al\u017ebeta Andr\u00e1\u0161ikov\u00e1 - Lanaja","url":"https:\/\/lanaja.sk\/cs\/","logo":{"@type":"ImageObject","inLanguage":"cs","@id":"https:\/\/lanaja.sk\/cs\/#\/schema\/logo\/image\/","url":"https:\/\/lanaja.sk\/wp-content\/uploads\/2024\/01\/Lanaja.sk-logo.png","contentUrl":"https:\/\/lanaja.sk\/wp-content\/uploads\/2024\/01\/Lanaja.sk-logo.png","width":600,"height":300,"caption":"Lanaja"},"image":{"@id":"https:\/\/lanaja.sk\/cs\/#\/schema\/logo\/image\/"},"sameAs":["https:\/\/www.facebook.com\/Abreadbag","https:\/\/www.instagram.com\/lanaja_sk\/"]}]}},"_links":{"self":[{"href":"https:\/\/lanaja.sk\/cs\/wp-json\/wp\/v2\/product\/13416","targetHints":{"allow":["GET"]}}],"collection":[{"href":"https:\/\/lanaja.sk\/cs\/wp-json\/wp\/v2\/product"}],"about":[{"href":"https:\/\/lanaja.sk\/cs\/wp-json\/wp\/v2\/types\/product"}],"version-history":[{"count":1,"href":"https:\/\/lanaja.sk\/cs\/wp-json\/wp\/v2\/product\/13416\/revisions"}],"predecessor-version":[{"id":16715,"href":"https:\/\/lanaja.sk\/cs\/wp-json\/wp\/v2\/product\/13416\/revisions\/16715"}],"wp:featuredmedia":[{"embeddable":true,"href":"https:\/\/lanaja.sk\/cs\/wp-json\/wp\/v2\/media\/7389"}],"wp:attachment":[{"href":"https:\/\/lanaja.sk\/cs\/wp-json\/wp\/v2\/media?parent=13416"}],"wp:term":[{"taxonomy":"product_brand","embeddable":true,"href":"https:\/\/lanaja.sk\/cs\/wp-json\/wp\/v2\/product_brand?post=13416"},{"taxonomy":"product_cat","embeddable":true,"href":"https:\/\/lanaja.sk\/cs\/wp-json\/wp\/v2\/product_cat?post=13416"},{"taxonomy":"product_tag","embeddable":true,"href":"https:\/\/lanaja.sk\/cs\/wp-json\/wp\/v2\/product_tag?post=13416"}],"curies":[{"name":"wp","href":"https:\/\/api.w.org\/{rel}","templated":true}]}}