{"id":14218,"date":"2024-05-23T13:03:26","date_gmt":"2024-05-23T11:03:26","guid":{"rendered":"https:\/\/lanaja.sk\/obchod\/nezaraden\u00e9\/lneny-top-unique\/"},"modified":"2024-05-23T13:03:45","modified_gmt":"2024-05-23T11:03:45","slug":"lneny-top-unique","status":"publish","type":"product","link":"https:\/\/lanaja.sk\/cs\/obchod\/lneny-top-unique\/","title":{"rendered":"Ln\u011bn\u00fd top UNIQUE"},"content":{"rendered":"<h2>Ln\u011bn\u00fd top se skryt\u00fdm odkazem: UNIQUE<\/h2>\n<p>Na\u0161e ln\u011bn\u00e9 topy byly u\u0161ity upcyklac\u00ed na\u0161ich l\u00e1tek a vdechli jsme jim nov\u00fd \u017eivot. Nesou skryt\u00e9 poselstv\u00ed, proto\u017ee ka\u017ed\u00fd z n\u00e1s je jedine\u010dn\u00fd, s jedine\u010dn\u00fdm p\u0159\u00edb\u011bhem, ve sv\u011bt\u011b, kde se v\u0161echno zd\u00e1 b\u00fdt stejn\u00e9. D\u00edky na\u0161emu povle\u010den\u00ed m\u016f\u017eete svou osobnost vyj\u00e1d\u0159it i t\u00edm, co nos\u00edte.<\/p>\n<p>V na\u0161\u00ed d\u00edln\u011b jsme pou\u017eili zbytkov\u00e9 l\u00e1tky a u\u0161ili z nich kolekci lnu.<br \/>\nSt\u0159ih top\u016f je navr\u017een do p\u00edsmene A a p\u011bkn\u011b kop\u00edruje postavu, po stran\u00e1ch s rozparky. Lze je nosit voln\u011b spu\u0161t\u011bn\u00e9 nebo zastr\u010den\u00e9 v sukni nebo kalhot\u00e1ch, s ohrnut\u00fdmi nebo spu\u0161t\u011bn\u00fdmi ruk\u00e1vy.<\/p>\n<p><strong>Poselstv\u00ed uvnit\u0159 vrcholu je v\u00e1\u0161 tajemn\u00fd zp\u016fsob, jak sd\u011blit sob\u011b a sv\u011btu:<\/strong> <strong>J\u00e1&#8230;&#8230;. A po\u0159\u00e1d jsem to j\u00e1.&#8220;<\/strong><br \/>\nJe to symbol, kter\u00fd vypov\u00edd\u00e1 o jedine\u010dnosti, s\u00edle \u017eensk\u00e9 individuality. Je to v\u00e1\u0161 p\u0159\u00edb\u011bh, kter\u00fd stoj\u00ed za to sly\u0161et. Skryt\u00fd vzkaz z vnit\u0159n\u00ed strany topu vykouzl\u00ed \u00fasm\u011bv i z toho nejpo\u0161mourn\u011bj\u0161\u00edho podzimn\u00edho dne.<\/p>\n<p>St\u00e1v\u00e1te se nositelem sv\u00e9ho vlastn\u00edho p\u0159\u00edb\u011bhu, kter\u00fd je odli\u0161n\u00fd od v\u0161ech ostatn\u00edch. Udr\u017eiteln\u00e1 m\u00f3da, kter\u00e1 m\u00e1 sv\u016fj vlastn\u00ed p\u0159\u00edb\u011bh a vy si vytvo\u0159\u00edte nov\u00fd, sv\u016fj vlastn\u00ed, kdy\u017e mu d\u00e1te druhou \u0161anci.<br \/>\nNa\u0161e upcyklovan\u00e9 ln\u011bn\u00e9 topy vznikly jako manifest osobnosti, odvahy hledat kr\u00e1su v jednoduchosti a tv\u00e1rnosti v materi\u00e1lech, kter\u00e9 se pro mnoh\u00e9 staly nepou\u017e\u00edvan\u00fdmi kousky. Se vzkazem uvnit\u0159 se mohou st\u00e1t kr\u00e1sn\u00fdm d\u00e1rkem. Upcyklovan\u00fd materi\u00e1l znamen\u00e1 m\u00e9n\u011b odpadu s n\u00e1dechem zodpov\u011bdnosti.<\/p>\n<p>LN\u011aN\u00dd TOP V CIHLOV\u00c9 BARV\u011a s vy\u0161it\u00fdm vzkazem: &#8222;UNIQUE&#8220;<\/p>\n<p>D\u011bkujeme za spolupr\u00e1ci Zuzce <a href=\"https:\/\/www.sabbadesign.sk\/\" target=\"_blank\" rel=\"noreferrer noopener\">SabbaDesign<\/a> za zap\u016fj\u010den\u00ed kr\u00e1sn\u00fdch kabelek na na\u0161e focen\u00ed.<\/p>\n<p class=\"article\"><strong>Velikost: <\/strong>XS\/M<br \/>\nObvod prsou 108cm (m\u011b\u0159eno naho\u0159e)<br \/>\nRuk\u00e1v p\u0159es rameno 53cm, v\u00fdst\u0159ih 60cm<br \/>\nD\u00e9lka od ramene 60cm<\/p>\n<p>Prohl\u00e9dn\u011bte si cel\u00e9 <a href=\"https:\/\/lanaja.sk\/kategoria-produktu\/upcyklovana-kolekcia\/\">na\u0161e limitovan\u00e9 upcyklovan\u00e9 kolo &#8222;LN\u011aN\u00c9 P\u0158\u00cdB\u011aHY&#8220; <\/a> <\/p>\n","protected":false},"excerpt":{"rendered":"<p>V na\u0161\u00ed mal\u00e9 rodinn\u00e9 d\u00edln\u011b se sna\u017e\u00edme, aby ka\u017ed\u00fd kousek, kter\u00fd u\u0161ijeme, byl nejen kr\u00e1sn\u00fd a praktick\u00fd, ale tak\u00e9 zt\u011bles\u0148oval na\u0161e p\u0159esv\u011bd\u010den\u00ed o udr\u017eitelnosti a odpov\u011bdn\u00e9m p\u0159\u00edstupu k m\u00f3d\u011b. Upcyklace je pro n\u00e1s p\u0159irozenou sou\u010d\u00e1st\u00ed tv\u016fr\u010d\u00edho procesu a zbytky l\u00e1tek se st\u00e1vaj\u00ed poklady. Ka\u017ed\u00fd den v na\u0161\u00ed d\u00edln\u011b vznikaj\u00ed p\u0159i st\u0159\u00edh\u00e1n\u00ed a \u0161it\u00ed ln\u011bn\u00fdch v\u00fdrobk\u016f odst\u0159i\u017eky l\u00e1tek. Sna\u017e\u00edme se minimalizovat odpad a \u0161et\u0159it tyto kusy materi\u00e1lu, jinak by skon\u010dily na skl\u00e1dce. D\u00e1v\u00e1me jim nov\u00fd \u017eivot t\u00edm, \u017ee je p\u0159em\u011b\u0148ujeme na kr\u00e1sn\u00e9 a funk\u010dn\u00ed produkty. Ka\u017ed\u00e1 kombinace l\u00e1tek je jedine\u010dn\u00e1 a vytv\u00e1\u0159\u00ed origin\u00e1ln\u00ed design, kter\u00fd nenajdete v \u017e\u00e1dn\u00e9m obchod\u011b.<\/p>\n","protected":false},"featured_media":14206,"template":"","meta":[],"product_brand":[],"product_cat":[421],"product_tag":[427,425],"class_list":{"0":"post-14218","1":"product","2":"type-product","3":"status-publish","4":"has-post-thumbnail","6":"product_cat-upcyklovana-kolekce","7":"product_tag-lneny-top","8":"product_tag-upcyklovana-kolekce","10":"first","11":"instock","12":"shipping-taxable","13":"purchasable","14":"product-type-simple"},"yoast_head":"<!-- This site is optimized with the Yoast SEO plugin v27.4 - https:\/\/yoast.com\/product\/yoast-seo-wordpress\/ -->\n<title>Ln\u011bn\u00fd top UNIQUE &#8226; Lanaja-slovensk\u00e1 udr\u017eiteln\u00e1 zna\u010dka a v\u00fdrobce ln\u011bn\u00e9ho textilu<\/title>\n<meta name=\"description\" content=\"Ln\u011bn\u00fd top se skryt\u00fdm odkazem: UNIQUE. D\u00edky na\u0161emu povle\u010den\u00ed m\u016f\u017eete svou osobnost vyj\u00e1d\u0159it i t\u00edm, co nos\u00edte. Ka\u017ed\u00fd z n\u00e1s je v\u00fdjime\u010dn\u00fd, s jedine\u010dn\u00fdm p\u0159\u00edb\u011bhem...\" \/>\n<meta name=\"robots\" content=\"index, follow, max-snippet:-1, max-image-preview:large, max-video-preview:-1\" \/>\n<link rel=\"canonical\" href=\"https:\/\/lanaja.sk\/cs\/obchod\/lneny-top-unique\/\" \/>\n<meta property=\"og:locale\" content=\"cs_CZ\" \/>\n<meta property=\"og:type\" content=\"article\" \/>\n<meta property=\"og:title\" content=\"Ln\u011bn\u00fd top UNIQUE &#8226; Lanaja-slovensk\u00e1 udr\u017eiteln\u00e1 zna\u010dka a v\u00fdrobce ln\u011bn\u00e9ho textilu\" \/>\n<meta property=\"og:description\" content=\"Ln\u011bn\u00fd top se skryt\u00fdm odkazem: UNIQUE. D\u00edky na\u0161emu povle\u010den\u00ed m\u016f\u017eete svou osobnost vyj\u00e1d\u0159it i t\u00edm, co nos\u00edte. Ka\u017ed\u00fd z n\u00e1s je v\u00fdjime\u010dn\u00fd, s jedine\u010dn\u00fdm p\u0159\u00edb\u011bhem...\" \/>\n<meta property=\"og:url\" content=\"https:\/\/lanaja.sk\/cs\/obchod\/lneny-top-unique\/\" \/>\n<meta property=\"og:site_name\" content=\"Lanaja-slovensk\u00e1 udr\u017eiteln\u00e1 zna\u010dka a v\u00fdrobce ln\u011bn\u00e9ho textilu\" \/>\n<meta property=\"article:publisher\" content=\"https:\/\/www.facebook.com\/Abreadbag\" \/>\n<meta property=\"article:modified_time\" content=\"2024-05-23T11:03:45+00:00\" \/>\n<meta property=\"og:image\" content=\"https:\/\/lanaja.sk\/wp-content\/uploads\/2024\/05\/lanovy-top-oranzovy4.jpg\" \/>\n\t<meta property=\"og:image:width\" content=\"2292\" \/>\n\t<meta property=\"og:image:height\" content=\"2413\" \/>\n\t<meta property=\"og:image:type\" content=\"image\/jpeg\" \/>\n<meta name=\"twitter:card\" content=\"summary_large_image\" \/>\n<meta name=\"twitter:label1\" content=\"Odhadovan\u00e1 doba \u010dten\u00ed\" \/>\n\t<meta name=\"twitter:data1\" content=\"2 minuty\" \/>\n<script type=\"application\/ld+json\" class=\"yoast-schema-graph\">{\"@context\":\"https:\\\/\\\/schema.org\",\"@graph\":[{\"@type\":\"WebPage\",\"@id\":\"https:\\\/\\\/lanaja.sk\\\/cs\\\/obchod\\\/lneny-top-unique\\\/\",\"url\":\"https:\\\/\\\/lanaja.sk\\\/cs\\\/obchod\\\/lneny-top-unique\\\/\",\"name\":\"Ln\u011bn\u00fd top UNIQUE &#8226; Lanaja-slovensk\u00e1 udr\u017eiteln\u00e1 zna\u010dka a v\u00fdrobce ln\u011bn\u00e9ho textilu\",\"isPartOf\":{\"@id\":\"https:\\\/\\\/lanaja.sk\\\/cs\\\/#website\"},\"primaryImageOfPage\":{\"@id\":\"https:\\\/\\\/lanaja.sk\\\/cs\\\/obchod\\\/lneny-top-unique\\\/#primaryimage\"},\"image\":{\"@id\":\"https:\\\/\\\/lanaja.sk\\\/cs\\\/obchod\\\/lneny-top-unique\\\/#primaryimage\"},\"thumbnailUrl\":\"https:\\\/\\\/lanaja.sk\\\/wp-content\\\/uploads\\\/2024\\\/05\\\/lanovy-top-oranzovy4.jpg\",\"datePublished\":\"2024-05-23T11:03:26+00:00\",\"dateModified\":\"2024-05-23T11:03:45+00:00\",\"description\":\"Ln\u011bn\u00fd top se skryt\u00fdm odkazem: UNIQUE. D\u00edky na\u0161emu povle\u010den\u00ed m\u016f\u017eete svou osobnost vyj\u00e1d\u0159it i t\u00edm, co nos\u00edte. Ka\u017ed\u00fd z n\u00e1s je v\u00fdjime\u010dn\u00fd, s jedine\u010dn\u00fdm p\u0159\u00edb\u011bhem...\",\"breadcrumb\":{\"@id\":\"https:\\\/\\\/lanaja.sk\\\/cs\\\/obchod\\\/lneny-top-unique\\\/#breadcrumb\"},\"inLanguage\":\"cs\",\"potentialAction\":[{\"@type\":\"ReadAction\",\"target\":[\"https:\\\/\\\/lanaja.sk\\\/cs\\\/obchod\\\/lneny-top-unique\\\/\"]}]},{\"@type\":\"ImageObject\",\"inLanguage\":\"cs\",\"@id\":\"https:\\\/\\\/lanaja.sk\\\/cs\\\/obchod\\\/lneny-top-unique\\\/#primaryimage\",\"url\":\"https:\\\/\\\/lanaja.sk\\\/wp-content\\\/uploads\\\/2024\\\/05\\\/lanovy-top-oranzovy4.jpg\",\"contentUrl\":\"https:\\\/\\\/lanaja.sk\\\/wp-content\\\/uploads\\\/2024\\\/05\\\/lanovy-top-oranzovy4.jpg\",\"width\":2292,\"height\":2413,\"caption\":\"\u013eanov\u00fd top Lanaja a men\u017eestrov\u00e1 kabelka Sabba design\"},{\"@type\":\"BreadcrumbList\",\"@id\":\"https:\\\/\\\/lanaja.sk\\\/cs\\\/obchod\\\/lneny-top-unique\\\/#breadcrumb\",\"itemListElement\":[{\"@type\":\"ListItem\",\"position\":1,\"name\":\"Home\",\"item\":\"https:\\\/\\\/lanaja.sk\\\/cs\\\/\"},{\"@type\":\"ListItem\",\"position\":2,\"name\":\"Obchod\",\"item\":\"https:\\\/\\\/lanaja.sk\\\/cs\\\/obchod-cz\\\/\"},{\"@type\":\"ListItem\",\"position\":3,\"name\":\"Ln\u011bn\u00fd top UNIQUE\"}]},{\"@type\":\"WebSite\",\"@id\":\"https:\\\/\\\/lanaja.sk\\\/cs\\\/#website\",\"url\":\"https:\\\/\\\/lanaja.sk\\\/cs\\\/\",\"name\":\"Lanaja - bytov\u00fd textil z \u013eanu a \u013eanov\u00e9 v\u00fdrobky\",\"description\":\"Jedine\u010dn\u00fd bytov\u00fd textil, ln\u011bn\u00e9 pytl\u00edky, ln\u011bn\u00e9 ubrusy, ln\u011bn\u00e9 lo\u017en\u00ed povle\u010den\u00ed, ln\u011bn\u00e9 ut\u011brky, ln\u011bn\u00e9 prost\u00edr\u00e1n\u00ed vyroben\u00e9 a \u0161it\u00e9 na Slovensku\",\"publisher\":{\"@id\":\"https:\\\/\\\/lanaja.sk\\\/cs\\\/#organization\"},\"alternateName\":\"Lanaja - v\u00fdrobky z \u013eanu, \u013eanov\u00fd bytov\u00fd textil\",\"potentialAction\":[{\"@type\":\"SearchAction\",\"target\":{\"@type\":\"EntryPoint\",\"urlTemplate\":\"https:\\\/\\\/lanaja.sk\\\/cs\\\/?s={search_term_string}\"},\"query-input\":{\"@type\":\"PropertyValueSpecification\",\"valueRequired\":true,\"valueName\":\"search_term_string\"}}],\"inLanguage\":\"cs\"},{\"@type\":\"Organization\",\"@id\":\"https:\\\/\\\/lanaja.sk\\\/cs\\\/#organization\",\"name\":\"Lanaja\",\"alternateName\":\"Al\u017ebeta Andr\u00e1\u0161ikov\u00e1 - Lanaja\",\"url\":\"https:\\\/\\\/lanaja.sk\\\/cs\\\/\",\"logo\":{\"@type\":\"ImageObject\",\"inLanguage\":\"cs\",\"@id\":\"https:\\\/\\\/lanaja.sk\\\/cs\\\/#\\\/schema\\\/logo\\\/image\\\/\",\"url\":\"https:\\\/\\\/lanaja.sk\\\/wp-content\\\/uploads\\\/2024\\\/01\\\/Lanaja.sk-logo.png\",\"contentUrl\":\"https:\\\/\\\/lanaja.sk\\\/wp-content\\\/uploads\\\/2024\\\/01\\\/Lanaja.sk-logo.png\",\"width\":600,\"height\":300,\"caption\":\"Lanaja\"},\"image\":{\"@id\":\"https:\\\/\\\/lanaja.sk\\\/cs\\\/#\\\/schema\\\/logo\\\/image\\\/\"},\"sameAs\":[\"https:\\\/\\\/www.facebook.com\\\/Abreadbag\",\"https:\\\/\\\/www.instagram.com\\\/lanaja_sk\\\/\"]}]}<\/script>\n<!-- \/ Yoast SEO plugin. -->","yoast_head_json":{"title":"Ln\u011bn\u00fd top UNIQUE &#8226; Lanaja-slovensk\u00e1 udr\u017eiteln\u00e1 zna\u010dka a v\u00fdrobce ln\u011bn\u00e9ho textilu","description":"Ln\u011bn\u00fd top se skryt\u00fdm odkazem: UNIQUE. D\u00edky na\u0161emu povle\u010den\u00ed m\u016f\u017eete svou osobnost vyj\u00e1d\u0159it i t\u00edm, co nos\u00edte. Ka\u017ed\u00fd z n\u00e1s je v\u00fdjime\u010dn\u00fd, s jedine\u010dn\u00fdm p\u0159\u00edb\u011bhem...","robots":{"index":"index","follow":"follow","max-snippet":"max-snippet:-1","max-image-preview":"max-image-preview:large","max-video-preview":"max-video-preview:-1"},"canonical":"https:\/\/lanaja.sk\/cs\/obchod\/lneny-top-unique\/","og_locale":"cs_CZ","og_type":"article","og_title":"Ln\u011bn\u00fd top UNIQUE &#8226; Lanaja-slovensk\u00e1 udr\u017eiteln\u00e1 zna\u010dka a v\u00fdrobce ln\u011bn\u00e9ho textilu","og_description":"Ln\u011bn\u00fd top se skryt\u00fdm odkazem: UNIQUE. D\u00edky na\u0161emu povle\u010den\u00ed m\u016f\u017eete svou osobnost vyj\u00e1d\u0159it i t\u00edm, co nos\u00edte. Ka\u017ed\u00fd z n\u00e1s je v\u00fdjime\u010dn\u00fd, s jedine\u010dn\u00fdm p\u0159\u00edb\u011bhem...","og_url":"https:\/\/lanaja.sk\/cs\/obchod\/lneny-top-unique\/","og_site_name":"Lanaja-slovensk\u00e1 udr\u017eiteln\u00e1 zna\u010dka a v\u00fdrobce ln\u011bn\u00e9ho textilu","article_publisher":"https:\/\/www.facebook.com\/Abreadbag","article_modified_time":"2024-05-23T11:03:45+00:00","og_image":[{"width":2292,"height":2413,"url":"https:\/\/lanaja.sk\/wp-content\/uploads\/2024\/05\/lanovy-top-oranzovy4.jpg","type":"image\/jpeg"}],"twitter_card":"summary_large_image","twitter_misc":{"Odhadovan\u00e1 doba \u010dten\u00ed":"2 minuty"},"schema":{"@context":"https:\/\/schema.org","@graph":[{"@type":"WebPage","@id":"https:\/\/lanaja.sk\/cs\/obchod\/lneny-top-unique\/","url":"https:\/\/lanaja.sk\/cs\/obchod\/lneny-top-unique\/","name":"Ln\u011bn\u00fd top UNIQUE &#8226; Lanaja-slovensk\u00e1 udr\u017eiteln\u00e1 zna\u010dka a v\u00fdrobce ln\u011bn\u00e9ho textilu","isPartOf":{"@id":"https:\/\/lanaja.sk\/cs\/#website"},"primaryImageOfPage":{"@id":"https:\/\/lanaja.sk\/cs\/obchod\/lneny-top-unique\/#primaryimage"},"image":{"@id":"https:\/\/lanaja.sk\/cs\/obchod\/lneny-top-unique\/#primaryimage"},"thumbnailUrl":"https:\/\/lanaja.sk\/wp-content\/uploads\/2024\/05\/lanovy-top-oranzovy4.jpg","datePublished":"2024-05-23T11:03:26+00:00","dateModified":"2024-05-23T11:03:45+00:00","description":"Ln\u011bn\u00fd top se skryt\u00fdm odkazem: UNIQUE. D\u00edky na\u0161emu povle\u010den\u00ed m\u016f\u017eete svou osobnost vyj\u00e1d\u0159it i t\u00edm, co nos\u00edte. Ka\u017ed\u00fd z n\u00e1s je v\u00fdjime\u010dn\u00fd, s jedine\u010dn\u00fdm p\u0159\u00edb\u011bhem...","breadcrumb":{"@id":"https:\/\/lanaja.sk\/cs\/obchod\/lneny-top-unique\/#breadcrumb"},"inLanguage":"cs","potentialAction":[{"@type":"ReadAction","target":["https:\/\/lanaja.sk\/cs\/obchod\/lneny-top-unique\/"]}]},{"@type":"ImageObject","inLanguage":"cs","@id":"https:\/\/lanaja.sk\/cs\/obchod\/lneny-top-unique\/#primaryimage","url":"https:\/\/lanaja.sk\/wp-content\/uploads\/2024\/05\/lanovy-top-oranzovy4.jpg","contentUrl":"https:\/\/lanaja.sk\/wp-content\/uploads\/2024\/05\/lanovy-top-oranzovy4.jpg","width":2292,"height":2413,"caption":"\u013eanov\u00fd top Lanaja a men\u017eestrov\u00e1 kabelka Sabba design"},{"@type":"BreadcrumbList","@id":"https:\/\/lanaja.sk\/cs\/obchod\/lneny-top-unique\/#breadcrumb","itemListElement":[{"@type":"ListItem","position":1,"name":"Home","item":"https:\/\/lanaja.sk\/cs\/"},{"@type":"ListItem","position":2,"name":"Obchod","item":"https:\/\/lanaja.sk\/cs\/obchod-cz\/"},{"@type":"ListItem","position":3,"name":"Ln\u011bn\u00fd top UNIQUE"}]},{"@type":"WebSite","@id":"https:\/\/lanaja.sk\/cs\/#website","url":"https:\/\/lanaja.sk\/cs\/","name":"Lanaja - bytov\u00fd textil z \u013eanu a \u013eanov\u00e9 v\u00fdrobky","description":"Jedine\u010dn\u00fd bytov\u00fd textil, ln\u011bn\u00e9 pytl\u00edky, ln\u011bn\u00e9 ubrusy, ln\u011bn\u00e9 lo\u017en\u00ed povle\u010den\u00ed, ln\u011bn\u00e9 ut\u011brky, ln\u011bn\u00e9 prost\u00edr\u00e1n\u00ed vyroben\u00e9 a \u0161it\u00e9 na Slovensku","publisher":{"@id":"https:\/\/lanaja.sk\/cs\/#organization"},"alternateName":"Lanaja - v\u00fdrobky z \u013eanu, \u013eanov\u00fd bytov\u00fd textil","potentialAction":[{"@type":"SearchAction","target":{"@type":"EntryPoint","urlTemplate":"https:\/\/lanaja.sk\/cs\/?s={search_term_string}"},"query-input":{"@type":"PropertyValueSpecification","valueRequired":true,"valueName":"search_term_string"}}],"inLanguage":"cs"},{"@type":"Organization","@id":"https:\/\/lanaja.sk\/cs\/#organization","name":"Lanaja","alternateName":"Al\u017ebeta Andr\u00e1\u0161ikov\u00e1 - Lanaja","url":"https:\/\/lanaja.sk\/cs\/","logo":{"@type":"ImageObject","inLanguage":"cs","@id":"https:\/\/lanaja.sk\/cs\/#\/schema\/logo\/image\/","url":"https:\/\/lanaja.sk\/wp-content\/uploads\/2024\/01\/Lanaja.sk-logo.png","contentUrl":"https:\/\/lanaja.sk\/wp-content\/uploads\/2024\/01\/Lanaja.sk-logo.png","width":600,"height":300,"caption":"Lanaja"},"image":{"@id":"https:\/\/lanaja.sk\/cs\/#\/schema\/logo\/image\/"},"sameAs":["https:\/\/www.facebook.com\/Abreadbag","https:\/\/www.instagram.com\/lanaja_sk\/"]}]}},"_links":{"self":[{"href":"https:\/\/lanaja.sk\/cs\/wp-json\/wp\/v2\/product\/14218","targetHints":{"allow":["GET"]}}],"collection":[{"href":"https:\/\/lanaja.sk\/cs\/wp-json\/wp\/v2\/product"}],"about":[{"href":"https:\/\/lanaja.sk\/cs\/wp-json\/wp\/v2\/types\/product"}],"version-history":[{"count":1,"href":"https:\/\/lanaja.sk\/cs\/wp-json\/wp\/v2\/product\/14218\/revisions"}],"predecessor-version":[{"id":14219,"href":"https:\/\/lanaja.sk\/cs\/wp-json\/wp\/v2\/product\/14218\/revisions\/14219"}],"wp:featuredmedia":[{"embeddable":true,"href":"https:\/\/lanaja.sk\/cs\/wp-json\/wp\/v2\/media\/14206"}],"wp:attachment":[{"href":"https:\/\/lanaja.sk\/cs\/wp-json\/wp\/v2\/media?parent=14218"}],"wp:term":[{"taxonomy":"product_brand","embeddable":true,"href":"https:\/\/lanaja.sk\/cs\/wp-json\/wp\/v2\/product_brand?post=14218"},{"taxonomy":"product_cat","embeddable":true,"href":"https:\/\/lanaja.sk\/cs\/wp-json\/wp\/v2\/product_cat?post=14218"},{"taxonomy":"product_tag","embeddable":true,"href":"https:\/\/lanaja.sk\/cs\/wp-json\/wp\/v2\/product_tag?post=14218"}],"curies":[{"name":"wp","href":"https:\/\/api.w.org\/{rel}","templated":true}]}}