{"id":14244,"date":"2024-05-26T17:31:17","date_gmt":"2024-05-26T15:31:17","guid":{"rendered":"https:\/\/lanaja.sk\/obchod\/nezaraden\u00e9\/ruzove-platene-kratasy\/"},"modified":"2024-05-26T20:55:25","modified_gmt":"2024-05-26T18:55:25","slug":"ruzove-platene-kratasy","status":"publish","type":"product","link":"https:\/\/lanaja.sk\/cs\/obchod\/ruzove-platene-kratasy\/","title":{"rendered":"R\u016f\u017eov\u00e9 pl\u00e1t\u011bn\u00e9 kra\u0165asy"},"content":{"rendered":"<h2>R\u016f\u017eov\u00e9 ln\u011bn\u00e9 \u0161ortky Elizabeth<\/h2>\n<h4 data-sourcepos=\"15:1-15:29\"><strong>V\u00fdhody ln\u011bn\u00fdch \u0161ortek:<\/strong><\/h4>\n<ul>\n<li data-sourcepos=\"17:1-17:127\"><strong>Pohodl\u00ed:<\/strong> Ln\u011bn\u00e9 \u0161ortky jsou m\u011bkk\u00e9 a p\u0159\u00edjemn\u00e9 na dotek. D\u00edky sv\u00e9 prody\u0161nosti a savosti v\u00e1m zajist\u00ed pohodl\u00ed po cel\u00fd den.<\/li>\n<li data-sourcepos=\"19:1-19:126\"><strong>Snadn\u00e1 \u00fadr\u017eba:<\/strong> Ln\u011bn\u00e9 \u0161ortky nevy\u017eaduj\u00ed zvl\u00e1\u0161tn\u00ed p\u00e9\u010di, jsou dob\u0159e udr\u017eovan\u00e9 a vypran\u00e9, p\u00e9\u010de o n\u011b je snadn\u00e1. Lze je pr\u00e1t v pra\u010dce na 40 \u00b0C a su\u0161it v su\u0161i\u010dce na \u0161etrn\u00fd program.<\/li>\n<li data-sourcepos=\"21:1-22:0\"><strong>Kombinace s r\u016fzn\u00fdmi outfity:<\/strong> Lze je snadno kombinovat s r\u016fzn\u00fdm oble\u010den\u00edm. M\u016f\u017eete je nosit s tri\u010dkem, ko\u0161il\u00ed, poloko\u0161il\u00ed nebo dokonce s elegantn\u011bj\u0161\u00ed halenkou. Len m\u00e1 kr\u00e1sn\u00fd p\u0159\u00edrodn\u00ed vzhled a dod\u00e1v\u00e1 \u0161ortk\u00e1m le\u017e\u00e9rn\u00ed \u0161mrnc. Ln\u011bn\u00e9 kra\u0165asy si m\u016f\u017eete vz\u00edt do pr\u00e1ce, na pl\u00e1\u017e, do m\u011bsta i na ve\u010dern\u00ed proch\u00e1zku.<\/li>\n<li data-sourcepos=\"21:1-22:0\"><strong>Len je p\u0159irozen\u011b prody\u0161n\u00fd a chladiv\u00fd.<\/strong>  D\u00edky sv\u00e9 jedine\u010dn\u00e9 struktu\u0159e len umo\u017e\u0148uje volnou cirkulaci vzduchu, odv\u00e1d\u00ed vlhkost od t\u011bla a udr\u017euje v\u00e1s v chladu i v t\u011bch nejteplej\u0161\u00edch dnech. Je p\u0159irozen\u011b odoln\u00fd v\u016f\u010di pl\u00edsn\u00edm a bakteri\u00edm, tak\u017ee je ide\u00e1ln\u00ed pro lidi s citlivou poko\u017ekou.<\/li>\n<li data-sourcepos=\"21:1-22:0\"><strong>St\u0159ih:<\/strong> Ln\u011bn\u00e9 \u0161ortky maj\u00ed pohodln\u00fd voln\u011bj\u0161\u00ed st\u0159ih se zv\u00fd\u0161en\u00fdm pasem se siln\u011bj\u0161\u00ed gumi\u010dkou, ale poddajnou gumi\u010dkou, d\u00edky kter\u00e9 budou tak\u00e9 vypadat jako va\u0161e druh\u00e1 k\u016f\u017ee.<\/li>\n<li data-sourcepos=\"21:1-22:0\"><strong>Udr\u017eiteln\u00e1 v\u00fdroba:<\/strong> Db\u00e1me na to, aby v\u00fdroba na\u0161ich \u0161ortek byla \u0161etrn\u00e1 k \u017eivotn\u00edmu prost\u0159ed\u00ed. Pou\u017e\u00edv\u00e1me p\u0159\u00edrodn\u00ed ln\u011bn\u00e9 tkaniny a minimalizujeme odpad.<\/li>\n<\/ul>\n<p>&nbsp;<\/p>\n<p><strong>S na\u0161imi pl\u00e1t\u011bn\u00fdmi kra\u0165asy za\u017eijete:<\/strong><\/p>\n<ul data-sourcepos=\"21:1-24:0\">\n<li data-sourcepos=\"21:1-21:210\"><strong>Nezapomenuteln\u00e1 letn\u00ed dobrodru\u017estv\u00ed:<\/strong> Vydejte se na v\u00fdlet do p\u0159\u00edrody, u\u017eijte si piknik v parku nebo jen relaxujte na pl\u00e1\u017ei. V ln\u011bn\u00fdch \u0161ortk\u00e1ch se budete c\u00edtit pohodln\u011b a stylov\u011b v ka\u017ed\u00e9 situaci.<\/li>\n<li data-sourcepos=\"23:1-24:0\"><strong>Udr\u017eiteln\u00fd p\u0159\u00edstup k m\u00f3d\u011b:<\/strong> N\u00e1kupem pl\u00e1t\u011bn\u00fdch \u0161ortek podporujete udr\u017eitelnou m\u00f3du a \u0161et\u0159\u00edte \u017eivotn\u00ed prost\u0159ed\u00ed.<\/li>\n<li data-sourcepos=\"23:1-24:0\"><strong>Slovensk\u00e1 produkce:<\/strong> Na\u0161e ln\u011bn\u00e9 kra\u0165asy \u0161ijeme s l\u00e1skou a p\u00e9\u010d\u00ed v na\u0161\u00ed d\u00edln\u011b na Slovensku. Podporou m\u00edstn\u00ed produkce p\u0159isp\u00edv\u00e1te k udr\u017een\u00ed \u0159emesln\u00fdch tradic a k rozvoji slovensk\u00e9 ekonomiky. M\u016f\u017eete si tak b\u00fdt jisti, \u017ee jste si koupili kvalitn\u00ed produkt vyroben\u00fd s respektem k tradici a smyslem pro detail.<\/li>\n<li data-sourcepos=\"23:1-24:0\"><strong>Kvalitn\u00ed materi\u00e1ly:<\/strong> Pou\u017e\u00edv\u00e1me pouze certifikovan\u00e9 evropsk\u00e9 ln\u011bn\u00e9 tkaniny t\u00e9 nejvy\u0161\u0161\u00ed kvality.<\/li>\n<\/ul>\n<p>&nbsp;<\/p>\n<p><strong>R\u016f\u017eov\u00e9 ln\u011bn\u00e9 kra\u0165asy jsou ihned k dispozici k odesl\u00e1n\u00ed ve velikostech:  <\/strong><\/p>\n<p><strong>1. velikost XS\/S: <\/strong>pas v nenata\u017een\u00e9m stavu 32 cm x 2 cm, d\u00e9lka boku 34 cm, vnit\u0159n\u00ed d\u00e9lka od rozkroku 9 cm, p\u0159edn\u00ed strana 27 cm.<\/p>\n<p><strong>2. velikost L: <\/strong>p\u00e1s v nenata\u017een\u00e9m stavu 41 cm x 2 cm, d\u00e9lka boku 42 cm, vnit\u0159n\u00ed d\u00e9lka 9 cm, p\u0159edn\u00ed d\u00e9lka 36 cm<\/p>\n<p><strong>Po\u010d\u00edtejte s dodac\u00ed lh\u016ftou 5-15 pracovn\u00edch dn\u016f, pokud nem\u00e1me produkt \u0161it\u00fd skladem, ru\u010dn\u00ed pr\u00e1ce vy\u017eaduje n\u00e1\u0161 \u010das. Ln\u011bn\u00e9 v\u00fdrobky \u0161ijeme v na\u0161\u00ed d\u00edln\u011b dle Va\u0161eho p\u0159\u00e1n\u00ed a na m\u00edru v z\u00e1vislosti na konkr\u00e9tn\u00edm v\u00fdrobku.  <\/strong><\/p>\n<p>&nbsp;<\/p>\n<p data-sourcepos=\"19:1-19:40\">\n","protected":false},"excerpt":{"rendered":"<p>L\u00e9to je v pln\u00e9m proudu a s n\u00edm p\u0159ich\u00e1z\u00ed \u010das lehk\u00e9ho a vzdu\u0161n\u00e9ho oble\u010den\u00ed. Pokud hled\u00e1te pohodln\u00e9 kra\u0165asy, kter\u00e9 v\u00e1m zp\u0159\u00edjemn\u00ed hork\u00e9 letn\u00ed dny, pl\u00e1t\u011bn\u00e9 kra\u0165asy jsou ide\u00e1ln\u00ed volbou. Mnoz\u00ed z n\u00e1s ji\u017e znaj\u00ed ln\u011bn\u00e9 ko\u0161ile a \u0161aty, ale ln\u011bn\u00e9 \u0161ortky jsou st\u00e1le pon\u011bkud nedocen\u011bn\u00fdm kouskem oble\u010den\u00ed. P\u0159itom nab\u00edzej\u00ed mnoho v\u00fdhod v hork\u00fdch dnech.<\/p>\n","protected":false},"featured_media":14248,"template":"","meta":[],"product_brand":[],"product_cat":[421],"product_tag":[446,425],"class_list":{"0":"post-14244","1":"product","2":"type-product","3":"status-publish","4":"has-post-thumbnail","6":"product_cat-upcyklovana-kolekce","7":"product_tag-lnene-kratasy","8":"product_tag-upcyklovana-kolekce","10":"first","11":"instock","12":"shipping-taxable","13":"purchasable","14":"product-type-variable"},"yoast_head":"<!-- This site is optimized with the Yoast SEO plugin v27.4 - https:\/\/yoast.com\/product\/yoast-seo-wordpress\/ -->\n<title>R\u016f\u017eov\u00e9 pl\u00e1t\u011bn\u00e9 kra\u0165asy &#8226; Lanaja-slovensk\u00e1 udr\u017eiteln\u00e1 zna\u010dka a v\u00fdrobce ln\u011bn\u00e9ho textilu<\/title>\n<meta name=\"description\" content=\"Pokud hled\u00e1te pohodln\u00e9 kra\u0165asy, kter\u00e9 v\u00e1m zp\u0159\u00edjemn\u00ed hork\u00e9 letn\u00ed dny, r\u016f\u017eov\u00e9 ln\u011bn\u00e9 kra\u0165asy jsou perfektn\u00ed volbou a z\u00e1rove\u0148\" \/>\n<meta name=\"robots\" content=\"index, follow, max-snippet:-1, max-image-preview:large, max-video-preview:-1\" \/>\n<link rel=\"canonical\" href=\"https:\/\/lanaja.sk\/cs\/obchod\/ruzove-platene-kratasy\/\" \/>\n<meta property=\"og:locale\" content=\"cs_CZ\" \/>\n<meta property=\"og:type\" content=\"article\" \/>\n<meta property=\"og:title\" content=\"R\u016f\u017eov\u00e9 pl\u00e1t\u011bn\u00e9 kra\u0165asy &#8226; Lanaja-slovensk\u00e1 udr\u017eiteln\u00e1 zna\u010dka a v\u00fdrobce ln\u011bn\u00e9ho textilu\" \/>\n<meta property=\"og:description\" content=\"Pokud hled\u00e1te pohodln\u00e9 kra\u0165asy, kter\u00e9 v\u00e1m zp\u0159\u00edjemn\u00ed hork\u00e9 letn\u00ed dny, r\u016f\u017eov\u00e9 ln\u011bn\u00e9 kra\u0165asy jsou perfektn\u00ed volbou a z\u00e1rove\u0148\" \/>\n<meta property=\"og:url\" content=\"https:\/\/lanaja.sk\/cs\/obchod\/ruzove-platene-kratasy\/\" \/>\n<meta property=\"og:site_name\" content=\"Lanaja-slovensk\u00e1 udr\u017eiteln\u00e1 zna\u010dka a v\u00fdrobce ln\u011bn\u00e9ho textilu\" \/>\n<meta property=\"article:publisher\" content=\"https:\/\/www.facebook.com\/Abreadbag\" \/>\n<meta property=\"article:modified_time\" content=\"2024-05-26T18:55:25+00:00\" \/>\n<meta property=\"og:image\" content=\"https:\/\/lanaja.sk\/wp-content\/uploads\/2024\/05\/lanove-pyzamo-1-1024x1024.png\" \/>\n\t<meta property=\"og:image:width\" content=\"1024\" \/>\n\t<meta property=\"og:image:height\" content=\"1024\" \/>\n\t<meta property=\"og:image:type\" content=\"image\/png\" \/>\n<meta name=\"twitter:card\" content=\"summary_large_image\" \/>\n<meta name=\"twitter:label1\" content=\"Odhadovan\u00e1 doba \u010dten\u00ed\" \/>\n\t<meta name=\"twitter:data1\" content=\"3 minuty\" \/>\n<script type=\"application\/ld+json\" class=\"yoast-schema-graph\">{\"@context\":\"https:\\\/\\\/schema.org\",\"@graph\":[{\"@type\":\"WebPage\",\"@id\":\"https:\\\/\\\/lanaja.sk\\\/cs\\\/obchod\\\/ruzove-platene-kratasy\\\/\",\"url\":\"https:\\\/\\\/lanaja.sk\\\/cs\\\/obchod\\\/ruzove-platene-kratasy\\\/\",\"name\":\"R\u016f\u017eov\u00e9 pl\u00e1t\u011bn\u00e9 kra\u0165asy &#8226; Lanaja-slovensk\u00e1 udr\u017eiteln\u00e1 zna\u010dka a v\u00fdrobce ln\u011bn\u00e9ho textilu\",\"isPartOf\":{\"@id\":\"https:\\\/\\\/lanaja.sk\\\/cs\\\/#website\"},\"primaryImageOfPage\":{\"@id\":\"https:\\\/\\\/lanaja.sk\\\/cs\\\/obchod\\\/ruzove-platene-kratasy\\\/#primaryimage\"},\"image\":{\"@id\":\"https:\\\/\\\/lanaja.sk\\\/cs\\\/obchod\\\/ruzove-platene-kratasy\\\/#primaryimage\"},\"thumbnailUrl\":\"https:\\\/\\\/lanaja.sk\\\/wp-content\\\/uploads\\\/2024\\\/05\\\/lanove-pyzamo-1-e1716738478305.png\",\"datePublished\":\"2024-05-26T15:31:17+00:00\",\"dateModified\":\"2024-05-26T18:55:25+00:00\",\"description\":\"Pokud hled\u00e1te pohodln\u00e9 kra\u0165asy, kter\u00e9 v\u00e1m zp\u0159\u00edjemn\u00ed hork\u00e9 letn\u00ed dny, r\u016f\u017eov\u00e9 ln\u011bn\u00e9 kra\u0165asy jsou perfektn\u00ed volbou a z\u00e1rove\u0148\",\"breadcrumb\":{\"@id\":\"https:\\\/\\\/lanaja.sk\\\/cs\\\/obchod\\\/ruzove-platene-kratasy\\\/#breadcrumb\"},\"inLanguage\":\"cs\",\"potentialAction\":[{\"@type\":\"ReadAction\",\"target\":[\"https:\\\/\\\/lanaja.sk\\\/cs\\\/obchod\\\/ruzove-platene-kratasy\\\/\"]}]},{\"@type\":\"ImageObject\",\"inLanguage\":\"cs\",\"@id\":\"https:\\\/\\\/lanaja.sk\\\/cs\\\/obchod\\\/ruzove-platene-kratasy\\\/#primaryimage\",\"url\":\"https:\\\/\\\/lanaja.sk\\\/wp-content\\\/uploads\\\/2024\\\/05\\\/lanove-pyzamo-1-e1716738478305.png\",\"contentUrl\":\"https:\\\/\\\/lanaja.sk\\\/wp-content\\\/uploads\\\/2024\\\/05\\\/lanove-pyzamo-1-e1716738478305.png\",\"width\":3072,\"height\":3072,\"caption\":\"d\u00e1mske \u013eanov\u00e1 ko\u0161e\u013ea a d\u00e1mske \u013eanov\u00e9 kr\u00e1tke nohavice\"},{\"@type\":\"BreadcrumbList\",\"@id\":\"https:\\\/\\\/lanaja.sk\\\/cs\\\/obchod\\\/ruzove-platene-kratasy\\\/#breadcrumb\",\"itemListElement\":[{\"@type\":\"ListItem\",\"position\":1,\"name\":\"Home\",\"item\":\"https:\\\/\\\/lanaja.sk\\\/cs\\\/\"},{\"@type\":\"ListItem\",\"position\":2,\"name\":\"Obchod\",\"item\":\"https:\\\/\\\/lanaja.sk\\\/cs\\\/obchod-cz\\\/\"},{\"@type\":\"ListItem\",\"position\":3,\"name\":\"R\u016f\u017eov\u00e9 pl\u00e1t\u011bn\u00e9 kra\u0165asy\"}]},{\"@type\":\"WebSite\",\"@id\":\"https:\\\/\\\/lanaja.sk\\\/cs\\\/#website\",\"url\":\"https:\\\/\\\/lanaja.sk\\\/cs\\\/\",\"name\":\"Lanaja - bytov\u00fd textil z \u013eanu a \u013eanov\u00e9 v\u00fdrobky\",\"description\":\"Jedine\u010dn\u00fd bytov\u00fd textil, ln\u011bn\u00e9 pytl\u00edky, ln\u011bn\u00e9 ubrusy, ln\u011bn\u00e9 lo\u017en\u00ed povle\u010den\u00ed, ln\u011bn\u00e9 ut\u011brky, ln\u011bn\u00e9 prost\u00edr\u00e1n\u00ed vyroben\u00e9 a \u0161it\u00e9 na Slovensku\",\"publisher\":{\"@id\":\"https:\\\/\\\/lanaja.sk\\\/cs\\\/#organization\"},\"alternateName\":\"Lanaja - v\u00fdrobky z \u013eanu, \u013eanov\u00fd bytov\u00fd textil\",\"potentialAction\":[{\"@type\":\"SearchAction\",\"target\":{\"@type\":\"EntryPoint\",\"urlTemplate\":\"https:\\\/\\\/lanaja.sk\\\/cs\\\/?s={search_term_string}\"},\"query-input\":{\"@type\":\"PropertyValueSpecification\",\"valueRequired\":true,\"valueName\":\"search_term_string\"}}],\"inLanguage\":\"cs\"},{\"@type\":\"Organization\",\"@id\":\"https:\\\/\\\/lanaja.sk\\\/cs\\\/#organization\",\"name\":\"Lanaja\",\"alternateName\":\"Al\u017ebeta Andr\u00e1\u0161ikov\u00e1 - Lanaja\",\"url\":\"https:\\\/\\\/lanaja.sk\\\/cs\\\/\",\"logo\":{\"@type\":\"ImageObject\",\"inLanguage\":\"cs\",\"@id\":\"https:\\\/\\\/lanaja.sk\\\/cs\\\/#\\\/schema\\\/logo\\\/image\\\/\",\"url\":\"https:\\\/\\\/lanaja.sk\\\/wp-content\\\/uploads\\\/2024\\\/01\\\/Lanaja.sk-logo.png\",\"contentUrl\":\"https:\\\/\\\/lanaja.sk\\\/wp-content\\\/uploads\\\/2024\\\/01\\\/Lanaja.sk-logo.png\",\"width\":600,\"height\":300,\"caption\":\"Lanaja\"},\"image\":{\"@id\":\"https:\\\/\\\/lanaja.sk\\\/cs\\\/#\\\/schema\\\/logo\\\/image\\\/\"},\"sameAs\":[\"https:\\\/\\\/www.facebook.com\\\/Abreadbag\",\"https:\\\/\\\/www.instagram.com\\\/lanaja_sk\\\/\"]}]}<\/script>\n<!-- \/ Yoast SEO plugin. -->","yoast_head_json":{"title":"R\u016f\u017eov\u00e9 pl\u00e1t\u011bn\u00e9 kra\u0165asy &#8226; Lanaja-slovensk\u00e1 udr\u017eiteln\u00e1 zna\u010dka a v\u00fdrobce ln\u011bn\u00e9ho textilu","description":"Pokud hled\u00e1te pohodln\u00e9 kra\u0165asy, kter\u00e9 v\u00e1m zp\u0159\u00edjemn\u00ed hork\u00e9 letn\u00ed dny, r\u016f\u017eov\u00e9 ln\u011bn\u00e9 kra\u0165asy jsou perfektn\u00ed volbou a z\u00e1rove\u0148","robots":{"index":"index","follow":"follow","max-snippet":"max-snippet:-1","max-image-preview":"max-image-preview:large","max-video-preview":"max-video-preview:-1"},"canonical":"https:\/\/lanaja.sk\/cs\/obchod\/ruzove-platene-kratasy\/","og_locale":"cs_CZ","og_type":"article","og_title":"R\u016f\u017eov\u00e9 pl\u00e1t\u011bn\u00e9 kra\u0165asy &#8226; Lanaja-slovensk\u00e1 udr\u017eiteln\u00e1 zna\u010dka a v\u00fdrobce ln\u011bn\u00e9ho textilu","og_description":"Pokud hled\u00e1te pohodln\u00e9 kra\u0165asy, kter\u00e9 v\u00e1m zp\u0159\u00edjemn\u00ed hork\u00e9 letn\u00ed dny, r\u016f\u017eov\u00e9 ln\u011bn\u00e9 kra\u0165asy jsou perfektn\u00ed volbou a z\u00e1rove\u0148","og_url":"https:\/\/lanaja.sk\/cs\/obchod\/ruzove-platene-kratasy\/","og_site_name":"Lanaja-slovensk\u00e1 udr\u017eiteln\u00e1 zna\u010dka a v\u00fdrobce ln\u011bn\u00e9ho textilu","article_publisher":"https:\/\/www.facebook.com\/Abreadbag","article_modified_time":"2024-05-26T18:55:25+00:00","og_image":[{"width":1024,"height":1024,"url":"https:\/\/lanaja.sk\/wp-content\/uploads\/2024\/05\/lanove-pyzamo-1-1024x1024.png","type":"image\/png"}],"twitter_card":"summary_large_image","twitter_misc":{"Odhadovan\u00e1 doba \u010dten\u00ed":"3 minuty"},"schema":{"@context":"https:\/\/schema.org","@graph":[{"@type":"WebPage","@id":"https:\/\/lanaja.sk\/cs\/obchod\/ruzove-platene-kratasy\/","url":"https:\/\/lanaja.sk\/cs\/obchod\/ruzove-platene-kratasy\/","name":"R\u016f\u017eov\u00e9 pl\u00e1t\u011bn\u00e9 kra\u0165asy &#8226; Lanaja-slovensk\u00e1 udr\u017eiteln\u00e1 zna\u010dka a v\u00fdrobce ln\u011bn\u00e9ho textilu","isPartOf":{"@id":"https:\/\/lanaja.sk\/cs\/#website"},"primaryImageOfPage":{"@id":"https:\/\/lanaja.sk\/cs\/obchod\/ruzove-platene-kratasy\/#primaryimage"},"image":{"@id":"https:\/\/lanaja.sk\/cs\/obchod\/ruzove-platene-kratasy\/#primaryimage"},"thumbnailUrl":"https:\/\/lanaja.sk\/wp-content\/uploads\/2024\/05\/lanove-pyzamo-1-e1716738478305.png","datePublished":"2024-05-26T15:31:17+00:00","dateModified":"2024-05-26T18:55:25+00:00","description":"Pokud hled\u00e1te pohodln\u00e9 kra\u0165asy, kter\u00e9 v\u00e1m zp\u0159\u00edjemn\u00ed hork\u00e9 letn\u00ed dny, r\u016f\u017eov\u00e9 ln\u011bn\u00e9 kra\u0165asy jsou perfektn\u00ed volbou a z\u00e1rove\u0148","breadcrumb":{"@id":"https:\/\/lanaja.sk\/cs\/obchod\/ruzove-platene-kratasy\/#breadcrumb"},"inLanguage":"cs","potentialAction":[{"@type":"ReadAction","target":["https:\/\/lanaja.sk\/cs\/obchod\/ruzove-platene-kratasy\/"]}]},{"@type":"ImageObject","inLanguage":"cs","@id":"https:\/\/lanaja.sk\/cs\/obchod\/ruzove-platene-kratasy\/#primaryimage","url":"https:\/\/lanaja.sk\/wp-content\/uploads\/2024\/05\/lanove-pyzamo-1-e1716738478305.png","contentUrl":"https:\/\/lanaja.sk\/wp-content\/uploads\/2024\/05\/lanove-pyzamo-1-e1716738478305.png","width":3072,"height":3072,"caption":"d\u00e1mske \u013eanov\u00e1 ko\u0161e\u013ea a d\u00e1mske \u013eanov\u00e9 kr\u00e1tke nohavice"},{"@type":"BreadcrumbList","@id":"https:\/\/lanaja.sk\/cs\/obchod\/ruzove-platene-kratasy\/#breadcrumb","itemListElement":[{"@type":"ListItem","position":1,"name":"Home","item":"https:\/\/lanaja.sk\/cs\/"},{"@type":"ListItem","position":2,"name":"Obchod","item":"https:\/\/lanaja.sk\/cs\/obchod-cz\/"},{"@type":"ListItem","position":3,"name":"R\u016f\u017eov\u00e9 pl\u00e1t\u011bn\u00e9 kra\u0165asy"}]},{"@type":"WebSite","@id":"https:\/\/lanaja.sk\/cs\/#website","url":"https:\/\/lanaja.sk\/cs\/","name":"Lanaja - bytov\u00fd textil z \u013eanu a \u013eanov\u00e9 v\u00fdrobky","description":"Jedine\u010dn\u00fd bytov\u00fd textil, ln\u011bn\u00e9 pytl\u00edky, ln\u011bn\u00e9 ubrusy, ln\u011bn\u00e9 lo\u017en\u00ed povle\u010den\u00ed, ln\u011bn\u00e9 ut\u011brky, ln\u011bn\u00e9 prost\u00edr\u00e1n\u00ed vyroben\u00e9 a \u0161it\u00e9 na Slovensku","publisher":{"@id":"https:\/\/lanaja.sk\/cs\/#organization"},"alternateName":"Lanaja - v\u00fdrobky z \u013eanu, \u013eanov\u00fd bytov\u00fd textil","potentialAction":[{"@type":"SearchAction","target":{"@type":"EntryPoint","urlTemplate":"https:\/\/lanaja.sk\/cs\/?s={search_term_string}"},"query-input":{"@type":"PropertyValueSpecification","valueRequired":true,"valueName":"search_term_string"}}],"inLanguage":"cs"},{"@type":"Organization","@id":"https:\/\/lanaja.sk\/cs\/#organization","name":"Lanaja","alternateName":"Al\u017ebeta Andr\u00e1\u0161ikov\u00e1 - Lanaja","url":"https:\/\/lanaja.sk\/cs\/","logo":{"@type":"ImageObject","inLanguage":"cs","@id":"https:\/\/lanaja.sk\/cs\/#\/schema\/logo\/image\/","url":"https:\/\/lanaja.sk\/wp-content\/uploads\/2024\/01\/Lanaja.sk-logo.png","contentUrl":"https:\/\/lanaja.sk\/wp-content\/uploads\/2024\/01\/Lanaja.sk-logo.png","width":600,"height":300,"caption":"Lanaja"},"image":{"@id":"https:\/\/lanaja.sk\/cs\/#\/schema\/logo\/image\/"},"sameAs":["https:\/\/www.facebook.com\/Abreadbag","https:\/\/www.instagram.com\/lanaja_sk\/"]}]}},"_links":{"self":[{"href":"https:\/\/lanaja.sk\/cs\/wp-json\/wp\/v2\/product\/14244","targetHints":{"allow":["GET"]}}],"collection":[{"href":"https:\/\/lanaja.sk\/cs\/wp-json\/wp\/v2\/product"}],"about":[{"href":"https:\/\/lanaja.sk\/cs\/wp-json\/wp\/v2\/types\/product"}],"version-history":[{"count":2,"href":"https:\/\/lanaja.sk\/cs\/wp-json\/wp\/v2\/product\/14244\/revisions"}],"predecessor-version":[{"id":14291,"href":"https:\/\/lanaja.sk\/cs\/wp-json\/wp\/v2\/product\/14244\/revisions\/14291"}],"wp:featuredmedia":[{"embeddable":true,"href":"https:\/\/lanaja.sk\/cs\/wp-json\/wp\/v2\/media\/14248"}],"wp:attachment":[{"href":"https:\/\/lanaja.sk\/cs\/wp-json\/wp\/v2\/media?parent=14244"}],"wp:term":[{"taxonomy":"product_brand","embeddable":true,"href":"https:\/\/lanaja.sk\/cs\/wp-json\/wp\/v2\/product_brand?post=14244"},{"taxonomy":"product_cat","embeddable":true,"href":"https:\/\/lanaja.sk\/cs\/wp-json\/wp\/v2\/product_cat?post=14244"},{"taxonomy":"product_tag","embeddable":true,"href":"https:\/\/lanaja.sk\/cs\/wp-json\/wp\/v2\/product_tag?post=14244"}],"curies":[{"name":"wp","href":"https:\/\/api.w.org\/{rel}","templated":true}]}}