{"id":14334,"date":"2024-05-27T18:30:52","date_gmt":"2024-05-27T16:30:52","guid":{"rendered":"https:\/\/lanaja.sk\/obchod\/nezaraden\u00e9\/detsky-rostouci-lneny-zupan\/"},"modified":"2024-05-27T18:32:05","modified_gmt":"2024-05-27T16:32:05","slug":"detsky-rostouci-lneny-zupan","status":"publish","type":"product","link":"https:\/\/lanaja.sk\/cs\/obchod\/detsky-rostouci-lneny-zupan\/","title":{"rendered":"D\u011btsk\u00fd rostouc\u00ed ln\u011bn\u00fd \u017eupan"},"content":{"rendered":"<h2>D\u011btsk\u00fd rostouc\u00ed ln\u011bn\u00fd \u017eupan<\/h2>\n<p>D\u011btsk\u00fd ln\u011bn\u00fd vaflov\u00fd \u017eupan nen\u00ed jen oby\u010dejn\u00fd \u017eupan. <strong>Je to rostouc\u00ed \u017eupan,<\/strong> kter\u00fd poroste s va\u0161\u00edm d\u00edt\u011btem a bude mu slou\u017eit mnohem d\u00e9le ne\u017e jen rok nebo dva. D\u00edky ohrnut\u00fdm ruk\u00e1v\u016fm a prodlou\u017een\u00e9 d\u00e9lce ji va\u0161e d\u00edt\u011b m\u016f\u017ee nosit mnohem d\u00e9le. Ruk\u00e1vy lze snadno zap\u00edt a zap\u00ednat, pozd\u011bji je lze spustit a \u017eupan se st\u00e1v\u00e1 praktick\u00fdm spole\u010dn\u00edkem, jak va\u0161e d\u00edt\u011b roste.<\/p>\n<p>\u017dupany jsou p\u0159edepran\u00e9 tak, aby se ji\u017e nesr\u00e1\u017eely a zachovaly si sv\u016fj st\u0159ih a tvar i po \u010dast\u00e9m no\u0161en\u00ed a pran\u00ed, kdy jsou je\u0161t\u011b m\u011bk\u010d\u00ed a autenti\u010dt\u011bj\u0161\u00ed. Jsou roubovan\u00e9, precizn\u011b pro\u0161it\u00e9 do nejmen\u0161\u00edch detail\u016f s ohledem na udr\u017eitelnost a prakti\u010dnost.<\/p>\n<h4 data-sourcepos=\"15:1-15:36\"><strong>Zdrav\u00e9 a p\u0159\u00edjemn\u00e9 na no\u0161en\u00ed:<\/strong><\/h4>\n<p>Abychom zajistili maxim\u00e1ln\u00ed spokojenost na\u0161ich nejmen\u0161\u00edch z\u00e1kazn\u00edk\u016f, \u0161ijeme v na\u0161\u00ed d\u00edln\u011b vaflov\u00e9 \u017eupany z materi\u00e1lov\u00e9ho slo\u017een\u00ed: <strong>53% len, 47% bavlna<\/strong> pro dosa\u017een\u00ed maxim\u00e1ln\u00ed odolnosti, savosti a m\u011bkkosti. Ka\u017ed\u00fd u\u0161it\u00fd kus je pro n\u00e1s v\u00fdzvou a z\u00e1rove\u0148 p\u0159\u00edle\u017eitost\u00ed, jak p\u0159en\u00e9st na\u0161e nad\u0161en\u00ed a l\u00e1sku k p\u0159\u00edrodn\u00edm materi\u00e1l\u016fm na v\u00e1s.<\/p>\n<p data-sourcepos=\"17:1-17:41\">Ln\u011bn\u00e1 vafle je <strong>p\u0159irozen\u011b antibakteri\u00e1ln\u00ed, protipl\u00eds\u0148ov\u00e1 a m\u00e1 protiz\u00e1n\u011btliv\u00e9 \u00fa\u010dinky<\/strong>. Chr\u00e1n\u00ed citlivou d\u011btskou poko\u017eku p\u0159ed podr\u00e1\u017ed\u011bn\u00edm a infekcemi. Len je tak\u00e9 <strong>hypoalergenn\u00ed<\/strong>, tak\u017ee je ide\u00e1ln\u00ed pro d\u011bti s alergiemi a citlivou poko\u017ekou. D\u00edky <strong>sv\u00e9 prody\u0161nosti<\/strong> umo\u017e\u0148uje poko\u017ece voln\u011b d\u00fdchat, zabra\u0148uje p\u0159eh\u0159\u00e1t\u00ed a pocen\u00ed. V ln\u011bn\u00e9m \u017eupanu se va\u0161e d\u00edt\u011b bude c\u00edtit pohodln\u011b a spokojen\u011b po cel\u00fd rok.<\/p>\n<p data-sourcepos=\"17:1-17:41\"><strong>Jedine\u010dn\u00fd design a \u0159emesln\u00e9 zpracov\u00e1n\u00ed:<\/strong><\/p>\n<p data-sourcepos=\"33:1-33:277\">Ka\u017ed\u00fd ln\u011bn\u00fd vaflov\u00fd \u017eupan je <strong>u\u0161it p\u0159\u00edmo v na\u0161\u00ed d\u00edln\u011b s l\u00e1skou a preciznost\u00ed<\/strong>. Design \u017eupanu je nad\u010dasov\u00fd a elegantn\u00ed, tak\u017ee je vhodn\u00fd pro chlapce i d\u00edvky. \u017dupan je k dispozici v r\u016fzn\u00fdch barv\u00e1ch a velikostech. <strong>Investice<\/strong> do kvalitn\u00edho ln\u011bn\u00e9ho \u017eupanu se bohat\u011b vr\u00e1t\u00ed v podob\u011b jeho dlouh\u00e9 \u017eivotnosti a spokojenosti va\u0161eho d\u00edt\u011bte.<\/p>\n<h3 data-sourcepos=\"33:1-33:277\">VELIKOST:<\/h3>\n<ol>\n<li><strong>cca 98\/116<\/strong> d\u00e9lka ramen cca 75 cm, \u0161\u00ed\u0159ka prsou 43 x 2 cm, ruk\u00e1v m\u011b\u0159en\u00fd v rozlo\u017een\u00e9m stavu cca 36 cm, od kapuce cca 47 cm<\/li>\n<li><strong>122\/140 <\/strong>d\u00e9lka ramen cca 85 cm, \u0161\u00ed\u0159ka prsou cca 45 x 2 cm, ramenn\u00ed ruk\u00e1v m\u011b\u0159en\u00fd rozvinut\u00fd cca 40 cm, od kapuce 54 cm<\/li>\n<\/ol>\n<p>Pokud jste zde nena\u0161li sv\u00e9 velikosti, napi\u0161te n\u00e1m, \u017eupan v\u00e1m r\u00e1di u\u0161ijeme, st\u0159ih p\u0159izp\u016fsob\u00edme v\u011bt\u0161\u00ed d\u011btsk\u00e9 velikosti.<\/p>\n<p>Na\u0161e UNISEX ln\u011bn\u00e9 \u017eupany pro celou rodinu i dosp\u011bl\u00e9 si m\u016f\u017eete prohl\u00e9dnout <a href=\"https:\/\/lanaja.sk\/kategoria-produktu\/lanove-zupany\/\">ZDE,<\/a> sladit sv\u00e9 ratolesti a ta prav\u00e1 r\u00f3ba m\u016f\u017ee za\u010d\u00edt. Pokud se chyst\u00e1te na dovolenou, \u017eupany jsou lehk\u00e9, skladn\u00e9 a ve chv\u00edl\u00edch relaxace, a\u0165 u\u017e po\u010d\u00edt\u00e1te kdekoliv, v\u00e1m svou strukturou poskytnou jemnou mas\u00e1\u017e poko\u017eky a svou m\u011bkkost\u00ed a savost\u00ed v\u00e1s bezpe\u010dn\u011b ochr\u00e1n\u00ed.<\/p>\n<p>V\u0161echny barvy najdete v <a href=\"https:\/\/lanaja.sk\/vzorkovnik-lanovych-latok\/?swcfpc=1\" target=\"_blank\" rel=\"noopener\">na\u0161em VZORN\u00cdKU LN\u011aN\u00ddCH VAFL\u00cd,<\/a> sta\u010d\u00ed p\u0159i objedn\u00e1vce napsat V\u00e1mi zvolenou barvu do pozn\u00e1mky.<\/p>\n<p>FOTO: Kristina Pol\u00e1kov\u00e1 <a href=\"https:\/\/www.instagram.com\/kristypphoto\/?fbclid=IwZXh0bgNhZW0CMTAAAR3L7vwHs5GColHkStaxd92AXoYe_dHgoHd6oGzvg-oKJOx8Of4tDom7xo0_aem_AdbU5Fmb77yHWur6qdiwsZqvfTzhZ2efgugXUns8RFCobzeMIDX8wyTzSLPJxKAy85mBpVgz-YIARzNQ0SmLqsl1\" target=\"_blank\" rel=\"noopener\">Kristipfoto<\/a> ve spolupr\u00e1ci s <a href=\"https:\/\/www.instagram.com\/romi_kamasova\/?fbclid=IwZXh0bgNhZW0CMTAAAR3pIaKlAdW9j3A69sfILtBBuAKLf8o1WTU7402zmNveCqbDR7PiB_cQ5jQ_aem_Ada9Jvhh9rVfd4DxQp1RI_for_RI1eZNjI06ThHJPkGgspG7hk8lATJpK3BRSNIPfc9Uhp2L9a9iW7zeTbzu5ZVt\" target=\"_blank\" rel=\"noopener\">Romankou Kamasovou<\/a> a na\u0161\u00edm ln\u011bn\u00fdm \u017eupanem v zapr\u00e1\u0161en\u00e9 r\u016f\u017eov\u00e9 barv\u011b.<\/p>\n<p><strong>Po\u010d\u00edtejte s dodac\u00ed lh\u016ftou 5-15 pracovn\u00edch dn\u016f, pokud nem\u00e1me produkt \u0161it\u00fd skladem, ru\u010dn\u00ed pr\u00e1ce vy\u017eaduje n\u00e1\u0161 \u010das. Ln\u011bn\u00e9 v\u00fdrobky \u0161ijeme v na\u0161\u00ed d\u00edln\u011b dle Va\u0161eho p\u0159\u00e1n\u00ed a na m\u00edru v z\u00e1vislosti na konkr\u00e9tn\u00edm v\u00fdrobku.<\/strong><\/p>\n<p>&nbsp;<\/p>\n<h4 data-sourcepos=\"31:1-31:47\"><\/h4>\n<p>&nbsp;<\/p>\n","protected":false},"excerpt":{"rendered":"<p>D\u011btsk\u00fd sv\u011bt je pln\u00fd dobrodru\u017estv\u00ed a her. Je d\u016fle\u017eit\u00e9, aby se d\u011bti c\u00edtily pohodln\u011b a z\u00e1rove\u0148 byly chr\u00e1n\u011bny p\u0159ed vn\u011bj\u0161\u00edmi vlivy. Na\u0161e ln\u011bn\u00e9 vaflov\u00e9 \u017eupany jsou perfektn\u00ed volbou, spln\u00ed v\u0161echny jejich pot\u0159eby a stanou se ned\u00edlnou sou\u010d\u00e1st\u00ed jejich ka\u017edodenn\u00edho \u017eivota. D\u011btsk\u00fd ln\u011bn\u00fd \u017eupan jsme navrhli tak, aby rostl s va\u0161imi d\u011btmi a je v\u011brnou kopi\u00ed na\u0161eho \u017eupanu pro dosp\u011bl\u00e9, kter\u00fd zn\u00e1te ji\u017e dlouho.<\/p>\n","protected":false},"featured_media":14301,"template":"","meta":[],"product_brand":[],"product_cat":[450],"product_tag":[451,452],"class_list":{"0":"post-14334","1":"product","2":"type-product","3":"status-publish","4":"has-post-thumbnail","6":"product_cat-detske-zupany-cs","7":"product_tag-detsky-lneny-zupan","8":"product_tag-lnene-zupany","10":"first","11":"onbackorder","12":"shipping-taxable","13":"purchasable","14":"product-type-variable"},"yoast_head":"<!-- This site is optimized with the Yoast SEO plugin v27.4 - https:\/\/yoast.com\/product\/yoast-seo-wordpress\/ -->\n<title>D\u011btsk\u00fd rostouc\u00ed ln\u011bn\u00fd \u017eupan &#8226; Lanaja-slovensk\u00e1 udr\u017eiteln\u00e1 zna\u010dka a v\u00fdrobce ln\u011bn\u00e9ho textilu<\/title>\n<meta name=\"description\" content=\"D\u011btsk\u00fd ln\u011bn\u00fd vaflov\u00fd \u017eupan nen\u00ed jen oby\u010dejn\u00fd \u017eupan. Je to rostouc\u00ed \u017eupan, kter\u00fd bude r\u016fst s va\u0161\u00edm d\u00edt\u011btem d\u00e9le ne\u017e jen rok nebo dva.\" \/>\n<meta name=\"robots\" content=\"index, follow, max-snippet:-1, max-image-preview:large, max-video-preview:-1\" \/>\n<link rel=\"canonical\" href=\"https:\/\/lanaja.sk\/cs\/obchod\/detsky-rostouci-lneny-zupan\/\" \/>\n<meta property=\"og:locale\" content=\"cs_CZ\" \/>\n<meta property=\"og:type\" content=\"article\" \/>\n<meta property=\"og:title\" content=\"D\u011btsk\u00fd rostouc\u00ed ln\u011bn\u00fd \u017eupan &#8226; Lanaja-slovensk\u00e1 udr\u017eiteln\u00e1 zna\u010dka a v\u00fdrobce ln\u011bn\u00e9ho textilu\" \/>\n<meta property=\"og:description\" content=\"D\u011btsk\u00fd ln\u011bn\u00fd vaflov\u00fd \u017eupan nen\u00ed jen oby\u010dejn\u00fd \u017eupan. Je to rostouc\u00ed \u017eupan, kter\u00fd bude r\u016fst s va\u0161\u00edm d\u00edt\u011btem d\u00e9le ne\u017e jen rok nebo dva.\" \/>\n<meta property=\"og:url\" content=\"https:\/\/lanaja.sk\/cs\/obchod\/detsky-rostouci-lneny-zupan\/\" \/>\n<meta property=\"og:site_name\" content=\"Lanaja-slovensk\u00e1 udr\u017eiteln\u00e1 zna\u010dka a v\u00fdrobce ln\u011bn\u00e9ho textilu\" \/>\n<meta property=\"article:publisher\" content=\"https:\/\/www.facebook.com\/Abreadbag\" \/>\n<meta property=\"article:modified_time\" content=\"2024-05-27T16:32:05+00:00\" \/>\n<meta property=\"og:image\" content=\"https:\/\/lanaja.sk\/wp-content\/uploads\/2024\/05\/DSC_1745-scaled.jpg\" \/>\n\t<meta property=\"og:image:width\" content=\"1698\" \/>\n\t<meta property=\"og:image:height\" content=\"2560\" \/>\n\t<meta property=\"og:image:type\" content=\"image\/jpeg\" \/>\n<meta name=\"twitter:card\" content=\"summary_large_image\" \/>\n<meta name=\"twitter:label1\" content=\"Odhadovan\u00e1 doba \u010dten\u00ed\" \/>\n\t<meta name=\"twitter:data1\" content=\"3 minuty\" \/>\n<script type=\"application\/ld+json\" class=\"yoast-schema-graph\">{\"@context\":\"https:\\\/\\\/schema.org\",\"@graph\":[{\"@type\":\"WebPage\",\"@id\":\"https:\\\/\\\/lanaja.sk\\\/cs\\\/obchod\\\/detsky-rostouci-lneny-zupan\\\/\",\"url\":\"https:\\\/\\\/lanaja.sk\\\/cs\\\/obchod\\\/detsky-rostouci-lneny-zupan\\\/\",\"name\":\"D\u011btsk\u00fd rostouc\u00ed ln\u011bn\u00fd \u017eupan &#8226; Lanaja-slovensk\u00e1 udr\u017eiteln\u00e1 zna\u010dka a v\u00fdrobce ln\u011bn\u00e9ho textilu\",\"isPartOf\":{\"@id\":\"https:\\\/\\\/lanaja.sk\\\/cs\\\/#website\"},\"primaryImageOfPage\":{\"@id\":\"https:\\\/\\\/lanaja.sk\\\/cs\\\/obchod\\\/detsky-rostouci-lneny-zupan\\\/#primaryimage\"},\"image\":{\"@id\":\"https:\\\/\\\/lanaja.sk\\\/cs\\\/obchod\\\/detsky-rostouci-lneny-zupan\\\/#primaryimage\"},\"thumbnailUrl\":\"https:\\\/\\\/lanaja.sk\\\/wp-content\\\/uploads\\\/2024\\\/05\\\/DSC_1745-scaled.jpg\",\"datePublished\":\"2024-05-27T16:30:52+00:00\",\"dateModified\":\"2024-05-27T16:32:05+00:00\",\"description\":\"D\u011btsk\u00fd ln\u011bn\u00fd vaflov\u00fd \u017eupan nen\u00ed jen oby\u010dejn\u00fd \u017eupan. Je to rostouc\u00ed \u017eupan, kter\u00fd bude r\u016fst s va\u0161\u00edm d\u00edt\u011btem d\u00e9le ne\u017e jen rok nebo dva.\",\"breadcrumb\":{\"@id\":\"https:\\\/\\\/lanaja.sk\\\/cs\\\/obchod\\\/detsky-rostouci-lneny-zupan\\\/#breadcrumb\"},\"inLanguage\":\"cs\",\"potentialAction\":[{\"@type\":\"ReadAction\",\"target\":[\"https:\\\/\\\/lanaja.sk\\\/cs\\\/obchod\\\/detsky-rostouci-lneny-zupan\\\/\"]}]},{\"@type\":\"ImageObject\",\"inLanguage\":\"cs\",\"@id\":\"https:\\\/\\\/lanaja.sk\\\/cs\\\/obchod\\\/detsky-rostouci-lneny-zupan\\\/#primaryimage\",\"url\":\"https:\\\/\\\/lanaja.sk\\\/wp-content\\\/uploads\\\/2024\\\/05\\\/DSC_1745-scaled.jpg\",\"contentUrl\":\"https:\\\/\\\/lanaja.sk\\\/wp-content\\\/uploads\\\/2024\\\/05\\\/DSC_1745-scaled.jpg\",\"width\":1698,\"height\":2560,\"caption\":\"detsk\u00e9 \u013eanov\u00e9 vaflov\u00e9 \u017eupany u\u0161it\u00e9 na Slovensku\"},{\"@type\":\"BreadcrumbList\",\"@id\":\"https:\\\/\\\/lanaja.sk\\\/cs\\\/obchod\\\/detsky-rostouci-lneny-zupan\\\/#breadcrumb\",\"itemListElement\":[{\"@type\":\"ListItem\",\"position\":1,\"name\":\"Home\",\"item\":\"https:\\\/\\\/lanaja.sk\\\/cs\\\/\"},{\"@type\":\"ListItem\",\"position\":2,\"name\":\"Obchod\",\"item\":\"https:\\\/\\\/lanaja.sk\\\/cs\\\/obchod-cz\\\/\"},{\"@type\":\"ListItem\",\"position\":3,\"name\":\"D\u011btsk\u00fd rostouc\u00ed ln\u011bn\u00fd \u017eupan\"}]},{\"@type\":\"WebSite\",\"@id\":\"https:\\\/\\\/lanaja.sk\\\/cs\\\/#website\",\"url\":\"https:\\\/\\\/lanaja.sk\\\/cs\\\/\",\"name\":\"Lanaja - bytov\u00fd textil z \u013eanu a \u013eanov\u00e9 v\u00fdrobky\",\"description\":\"Jedine\u010dn\u00fd bytov\u00fd textil, ln\u011bn\u00e9 pytl\u00edky, ln\u011bn\u00e9 ubrusy, ln\u011bn\u00e9 lo\u017en\u00ed povle\u010den\u00ed, ln\u011bn\u00e9 ut\u011brky, ln\u011bn\u00e9 prost\u00edr\u00e1n\u00ed vyroben\u00e9 a \u0161it\u00e9 na Slovensku\",\"publisher\":{\"@id\":\"https:\\\/\\\/lanaja.sk\\\/cs\\\/#organization\"},\"alternateName\":\"Lanaja - v\u00fdrobky z \u013eanu, \u013eanov\u00fd bytov\u00fd textil\",\"potentialAction\":[{\"@type\":\"SearchAction\",\"target\":{\"@type\":\"EntryPoint\",\"urlTemplate\":\"https:\\\/\\\/lanaja.sk\\\/cs\\\/?s={search_term_string}\"},\"query-input\":{\"@type\":\"PropertyValueSpecification\",\"valueRequired\":true,\"valueName\":\"search_term_string\"}}],\"inLanguage\":\"cs\"},{\"@type\":\"Organization\",\"@id\":\"https:\\\/\\\/lanaja.sk\\\/cs\\\/#organization\",\"name\":\"Lanaja\",\"alternateName\":\"Al\u017ebeta Andr\u00e1\u0161ikov\u00e1 - Lanaja\",\"url\":\"https:\\\/\\\/lanaja.sk\\\/cs\\\/\",\"logo\":{\"@type\":\"ImageObject\",\"inLanguage\":\"cs\",\"@id\":\"https:\\\/\\\/lanaja.sk\\\/cs\\\/#\\\/schema\\\/logo\\\/image\\\/\",\"url\":\"https:\\\/\\\/lanaja.sk\\\/wp-content\\\/uploads\\\/2024\\\/01\\\/Lanaja.sk-logo.png\",\"contentUrl\":\"https:\\\/\\\/lanaja.sk\\\/wp-content\\\/uploads\\\/2024\\\/01\\\/Lanaja.sk-logo.png\",\"width\":600,\"height\":300,\"caption\":\"Lanaja\"},\"image\":{\"@id\":\"https:\\\/\\\/lanaja.sk\\\/cs\\\/#\\\/schema\\\/logo\\\/image\\\/\"},\"sameAs\":[\"https:\\\/\\\/www.facebook.com\\\/Abreadbag\",\"https:\\\/\\\/www.instagram.com\\\/lanaja_sk\\\/\"]}]}<\/script>\n<!-- \/ Yoast SEO plugin. -->","yoast_head_json":{"title":"D\u011btsk\u00fd rostouc\u00ed ln\u011bn\u00fd \u017eupan &#8226; Lanaja-slovensk\u00e1 udr\u017eiteln\u00e1 zna\u010dka a v\u00fdrobce ln\u011bn\u00e9ho textilu","description":"D\u011btsk\u00fd ln\u011bn\u00fd vaflov\u00fd \u017eupan nen\u00ed jen oby\u010dejn\u00fd \u017eupan. Je to rostouc\u00ed \u017eupan, kter\u00fd bude r\u016fst s va\u0161\u00edm d\u00edt\u011btem d\u00e9le ne\u017e jen rok nebo dva.","robots":{"index":"index","follow":"follow","max-snippet":"max-snippet:-1","max-image-preview":"max-image-preview:large","max-video-preview":"max-video-preview:-1"},"canonical":"https:\/\/lanaja.sk\/cs\/obchod\/detsky-rostouci-lneny-zupan\/","og_locale":"cs_CZ","og_type":"article","og_title":"D\u011btsk\u00fd rostouc\u00ed ln\u011bn\u00fd \u017eupan &#8226; Lanaja-slovensk\u00e1 udr\u017eiteln\u00e1 zna\u010dka a v\u00fdrobce ln\u011bn\u00e9ho textilu","og_description":"D\u011btsk\u00fd ln\u011bn\u00fd vaflov\u00fd \u017eupan nen\u00ed jen oby\u010dejn\u00fd \u017eupan. Je to rostouc\u00ed \u017eupan, kter\u00fd bude r\u016fst s va\u0161\u00edm d\u00edt\u011btem d\u00e9le ne\u017e jen rok nebo dva.","og_url":"https:\/\/lanaja.sk\/cs\/obchod\/detsky-rostouci-lneny-zupan\/","og_site_name":"Lanaja-slovensk\u00e1 udr\u017eiteln\u00e1 zna\u010dka a v\u00fdrobce ln\u011bn\u00e9ho textilu","article_publisher":"https:\/\/www.facebook.com\/Abreadbag","article_modified_time":"2024-05-27T16:32:05+00:00","og_image":[{"width":1698,"height":2560,"url":"https:\/\/lanaja.sk\/wp-content\/uploads\/2024\/05\/DSC_1745-scaled.jpg","type":"image\/jpeg"}],"twitter_card":"summary_large_image","twitter_misc":{"Odhadovan\u00e1 doba \u010dten\u00ed":"3 minuty"},"schema":{"@context":"https:\/\/schema.org","@graph":[{"@type":"WebPage","@id":"https:\/\/lanaja.sk\/cs\/obchod\/detsky-rostouci-lneny-zupan\/","url":"https:\/\/lanaja.sk\/cs\/obchod\/detsky-rostouci-lneny-zupan\/","name":"D\u011btsk\u00fd rostouc\u00ed ln\u011bn\u00fd \u017eupan &#8226; Lanaja-slovensk\u00e1 udr\u017eiteln\u00e1 zna\u010dka a v\u00fdrobce ln\u011bn\u00e9ho textilu","isPartOf":{"@id":"https:\/\/lanaja.sk\/cs\/#website"},"primaryImageOfPage":{"@id":"https:\/\/lanaja.sk\/cs\/obchod\/detsky-rostouci-lneny-zupan\/#primaryimage"},"image":{"@id":"https:\/\/lanaja.sk\/cs\/obchod\/detsky-rostouci-lneny-zupan\/#primaryimage"},"thumbnailUrl":"https:\/\/lanaja.sk\/wp-content\/uploads\/2024\/05\/DSC_1745-scaled.jpg","datePublished":"2024-05-27T16:30:52+00:00","dateModified":"2024-05-27T16:32:05+00:00","description":"D\u011btsk\u00fd ln\u011bn\u00fd vaflov\u00fd \u017eupan nen\u00ed jen oby\u010dejn\u00fd \u017eupan. Je to rostouc\u00ed \u017eupan, kter\u00fd bude r\u016fst s va\u0161\u00edm d\u00edt\u011btem d\u00e9le ne\u017e jen rok nebo dva.","breadcrumb":{"@id":"https:\/\/lanaja.sk\/cs\/obchod\/detsky-rostouci-lneny-zupan\/#breadcrumb"},"inLanguage":"cs","potentialAction":[{"@type":"ReadAction","target":["https:\/\/lanaja.sk\/cs\/obchod\/detsky-rostouci-lneny-zupan\/"]}]},{"@type":"ImageObject","inLanguage":"cs","@id":"https:\/\/lanaja.sk\/cs\/obchod\/detsky-rostouci-lneny-zupan\/#primaryimage","url":"https:\/\/lanaja.sk\/wp-content\/uploads\/2024\/05\/DSC_1745-scaled.jpg","contentUrl":"https:\/\/lanaja.sk\/wp-content\/uploads\/2024\/05\/DSC_1745-scaled.jpg","width":1698,"height":2560,"caption":"detsk\u00e9 \u013eanov\u00e9 vaflov\u00e9 \u017eupany u\u0161it\u00e9 na Slovensku"},{"@type":"BreadcrumbList","@id":"https:\/\/lanaja.sk\/cs\/obchod\/detsky-rostouci-lneny-zupan\/#breadcrumb","itemListElement":[{"@type":"ListItem","position":1,"name":"Home","item":"https:\/\/lanaja.sk\/cs\/"},{"@type":"ListItem","position":2,"name":"Obchod","item":"https:\/\/lanaja.sk\/cs\/obchod-cz\/"},{"@type":"ListItem","position":3,"name":"D\u011btsk\u00fd rostouc\u00ed ln\u011bn\u00fd \u017eupan"}]},{"@type":"WebSite","@id":"https:\/\/lanaja.sk\/cs\/#website","url":"https:\/\/lanaja.sk\/cs\/","name":"Lanaja - bytov\u00fd textil z \u013eanu a \u013eanov\u00e9 v\u00fdrobky","description":"Jedine\u010dn\u00fd bytov\u00fd textil, ln\u011bn\u00e9 pytl\u00edky, ln\u011bn\u00e9 ubrusy, ln\u011bn\u00e9 lo\u017en\u00ed povle\u010den\u00ed, ln\u011bn\u00e9 ut\u011brky, ln\u011bn\u00e9 prost\u00edr\u00e1n\u00ed vyroben\u00e9 a \u0161it\u00e9 na Slovensku","publisher":{"@id":"https:\/\/lanaja.sk\/cs\/#organization"},"alternateName":"Lanaja - v\u00fdrobky z \u013eanu, \u013eanov\u00fd bytov\u00fd textil","potentialAction":[{"@type":"SearchAction","target":{"@type":"EntryPoint","urlTemplate":"https:\/\/lanaja.sk\/cs\/?s={search_term_string}"},"query-input":{"@type":"PropertyValueSpecification","valueRequired":true,"valueName":"search_term_string"}}],"inLanguage":"cs"},{"@type":"Organization","@id":"https:\/\/lanaja.sk\/cs\/#organization","name":"Lanaja","alternateName":"Al\u017ebeta Andr\u00e1\u0161ikov\u00e1 - Lanaja","url":"https:\/\/lanaja.sk\/cs\/","logo":{"@type":"ImageObject","inLanguage":"cs","@id":"https:\/\/lanaja.sk\/cs\/#\/schema\/logo\/image\/","url":"https:\/\/lanaja.sk\/wp-content\/uploads\/2024\/01\/Lanaja.sk-logo.png","contentUrl":"https:\/\/lanaja.sk\/wp-content\/uploads\/2024\/01\/Lanaja.sk-logo.png","width":600,"height":300,"caption":"Lanaja"},"image":{"@id":"https:\/\/lanaja.sk\/cs\/#\/schema\/logo\/image\/"},"sameAs":["https:\/\/www.facebook.com\/Abreadbag","https:\/\/www.instagram.com\/lanaja_sk\/"]}]}},"_links":{"self":[{"href":"https:\/\/lanaja.sk\/cs\/wp-json\/wp\/v2\/product\/14334","targetHints":{"allow":["GET"]}}],"collection":[{"href":"https:\/\/lanaja.sk\/cs\/wp-json\/wp\/v2\/product"}],"about":[{"href":"https:\/\/lanaja.sk\/cs\/wp-json\/wp\/v2\/types\/product"}],"version-history":[{"count":1,"href":"https:\/\/lanaja.sk\/cs\/wp-json\/wp\/v2\/product\/14334\/revisions"}],"predecessor-version":[{"id":14335,"href":"https:\/\/lanaja.sk\/cs\/wp-json\/wp\/v2\/product\/14334\/revisions\/14335"}],"wp:featuredmedia":[{"embeddable":true,"href":"https:\/\/lanaja.sk\/cs\/wp-json\/wp\/v2\/media\/14301"}],"wp:attachment":[{"href":"https:\/\/lanaja.sk\/cs\/wp-json\/wp\/v2\/media?parent=14334"}],"wp:term":[{"taxonomy":"product_brand","embeddable":true,"href":"https:\/\/lanaja.sk\/cs\/wp-json\/wp\/v2\/product_brand?post=14334"},{"taxonomy":"product_cat","embeddable":true,"href":"https:\/\/lanaja.sk\/cs\/wp-json\/wp\/v2\/product_cat?post=14334"},{"taxonomy":"product_tag","embeddable":true,"href":"https:\/\/lanaja.sk\/cs\/wp-json\/wp\/v2\/product_tag?post=14334"}],"curies":[{"name":"wp","href":"https:\/\/api.w.org\/{rel}","templated":true}]}}