{"id":14352,"date":"2020-10-06T18:35:08","date_gmt":"2020-10-06T16:35:08","guid":{"rendered":"https:\/\/lanaja.sk\/obchod\/neza\u0159azen\u00e9\/lnene-rucniky-cinnamon\/"},"modified":"2025-07-06T16:45:14","modified_gmt":"2025-07-06T14:45:14","slug":"lnene-rucniky-cinnamon","status":"publish","type":"product","link":"https:\/\/lanaja.sk\/cs\/obchod\/lnene-rucniky-cinnamon\/","title":{"rendered":"Ln\u011bn\u00e1 ut\u011brka SKO\u0158ICE"},"content":{"rendered":"<h2><strong>Ln\u011bn\u00e1 ut\u011brka <\/strong> SKO\u0158ICE<\/h2>\n<p><strong>Ln\u011bn\u00e1 ut\u011brka <\/strong> SKO\u0158ICE je u\u0161it\u00e1 ze 100% pr\u00e9miov\u00e9ho lnu 185g. Mo\u017enost \u0161\u00edt i v jin\u00fdch barv\u00e1ch<a href=\"https:\/\/lanaja.sk\/cs\/kategorie-produktu\/kuchyne\/lnene-uterky\/\" target=\"_blank\" rel=\"noopener noreferrer\"> ZDE<\/a><\/p>\n<p>Velk\u00e9 oblib\u011b se u v\u00e1s t\u011b\u0161\u00ed pr\u00e1v\u011b tyto ut\u011brky jako samostatn\u00e9 obaly na chl\u00e9b, m\u00edsto ln\u011bn\u00fdch pytl\u00edk\u016f. Pokud si pe\u010dete sv\u016fj kv\u00e1skov\u00fd chl\u00e9b, je to ide\u00e1ln\u00ed volba i na p\u0159ekryt\u00ed o\u0161atek.<\/p>\n<p>J\u00e1 do ut\u011brky bal\u00edm chl\u00e9b a tak ho vkl\u00e1d\u00e1m do s\u00e1\u010dku, vyhnu se tak tomu, abych ln\u011bn\u00fd s\u00e1\u010dek na chl\u00e9b musela \u010dasto pr\u00e1t. Ut\u011brku jen opr\u00e1\u0161\u00edm od drobk\u016f a mouky a chl\u00e9b do n\u00ed op\u011bt zabal\u00edm, s\u00e1\u010dek mi tak dlouho z\u016fstane \u010dist\u00fd.<\/p>\n<p>Len m\u00e1 dut\u00e1 vl\u00e1kna, tak\u017ee absorbuje vlhkost mnohem l\u00e9pe ne\u017e jin\u00e9 materi\u00e1ly a rychleji schne.<\/p>\n<p>Len je p\u0159edepran\u00fd na 40 \u00b0C. Proto ji\u017e nen\u00ed nutn\u00e9 po\u010d\u00edtat s jeho sr\u00e1\u017elivost\u00ed. Dovolte lnu kr\u010dit se, je to jeho p\u0159irozen\u00e1 vlastnost. Pokud jste p\u0159ece jen velc\u00ed kamar\u00e1di s \u017eehli\u010dkou a \u017eehl\u00edte v\u0161e, co v\u00e1m p\u0159ijde pod ruce, doporu\u010duji len \u017eehlit vlhk\u00fd, nebo jemn\u011b nakropen\u00fd. Jeho velkou v\u00fdhodou je, \u017ee \u010d\u00edm \u010dast\u011bji jej perete, t\u00edm je kr\u00e1sn\u011bj\u0161\u00ed a m\u011bk\u010d\u00ed.<\/p>\n<p>A\u0165 u\u017e se rozhodnete pro ln\u011bn\u00e9 ut\u011brky na chl\u00e9b, nebo ln\u011bn\u00e9 pytl\u00edky, bude to spr\u00e1vn\u00e1 volba nejen pro va\u0161e zdrav\u00ed, ale pom\u016f\u017eete chr\u00e1nit na\u0161e \u017eivotn\u00ed prost\u0159ed\u00ed. D\u011bkujeme v\u00e1m, \u017ee n\u00e1m pom\u00e1h\u00e1te \u0161\u00ed\u0159it my\u0161lenku o pot\u0159eb\u011b recyklovat a spole\u010dn\u011b vym\u011b\u0148ujeme tis\u00edce plastov\u00fdch s\u00e1\u010dk\u016f za ln\u011bn\u00e9 pytl\u00edky \u2665<\/p>\n<p>V\u0161echny l\u00e1tky, se kter\u00fdmi pracujeme a \u0161ij\u00ed se z nich nejen s\u00e1\u010dky na chl\u00e9b, jsou p\u0159edem p\u0159edepran\u00e9, aby se k v\u00e1m dom\u016f dostal dokonale \u010dist\u00fd v\u00fdrobek \u2665<\/p>\n<p><strong>Jako bonus v\u00e1m p\u0159ijdou v\u0161echny v\u00fdrobky kr\u00e1sn\u011b zabalen\u00e9 a my v\u00e1s odbremen\u00edme od starost\u00ed a vym\u00fd\u0161len\u00edm d\u00e1rkov\u00fdch balen\u00ed. Bal\u00ed\u010dek m\u016f\u017eete rovnou darovat, a\u0165 u\u017e k sv\u00e1tku, nebo k V\u00e1noc\u016fm. Sestavte si vlastn\u00ed kombinaci barev, p\u0159ijde k v\u00e1m kr\u00e1sn\u00e1 a vo\u0148av\u00e1 krabi\u010dka \u2665<\/strong><\/p>\n<p class=\"article\"><strong>Velikost: <\/strong>45\u00d760 cm (ln\u011bn\u00e1 ut\u011brka SKO\u0158ICE)<\/p>\n<p><b>Barva<\/b>: sko\u0159icov\u00e1<\/p>\n<p><strong>Po\u010d\u00edtejte s dodac\u00ed lh\u016ftou 5-15 pracovn\u00edch dn\u016f, pokud nem\u00e1me produkt \u0161it\u00fd skladem, ru\u010dn\u00ed pr\u00e1ce vy\u017eaduje n\u00e1\u0161 \u010das. Ln\u011bn\u00e9 v\u00fdrobky \u0161ijeme v na\u0161\u00ed d\u00edln\u011b dle Va\u0161eho p\u0159\u00e1n\u00ed a na m\u00edru v z\u00e1vislosti na konkr\u00e9tn\u00edm v\u00fdrobku.<\/strong><\/p>\n<p>V\u00edce o n\u00e1s, o Lanaja, z ka\u017edodenn\u00edho \u017eivota v na\u0161em ateli\u00e9ru, hodnocen\u00ed spokojen\u00fdch z\u00e1kazn\u00edk\u016f, si m\u016f\u017eete prohl\u00e9dnout i na na\u0161ich soci\u00e1ln\u00edch s\u00edt\u00edch <a href=\"https:\/\/www.instagram.com\/lanaja_sk\" target=\"_blank\" rel=\"noopener\">Lanaja na Instagramu<\/a> a <a href=\"https:\/\/www.facebook.com\/Abreadbag\/\" target=\"_blank\" rel=\"noopener\">Lanaja na Facebooku<\/a><\/p>\n","protected":false},"excerpt":{"rendered":"<p>Pokud hled\u00e1\u0161 spolehlivou, ekologicky \u0161etrnou a odolnou kuchy\u0148skou ut\u011brku, na\u0161el\/na\u0161la jsi m\u011b. Jsem tu, abych ti pomohla udr\u017eovat tvou kuchyni \u010distou a hygienickou a z\u00e1rove\u0148 ti poskytla pohodl\u00ed a jistotu. Sta\u0148 se m\u00fdm spole\u010dn\u00edkem v kuchyni a za\u010dn\u011bme spole\u010dn\u011b tvo\u0159it nezapomenuteln\u00e9 kulin\u00e1\u0159sk\u00e9 z\u00e1\u017eitky<\/p>\n<p>&nbsp;<\/p>\n","protected":false},"featured_media":6962,"template":"","meta":[],"product_brand":[],"product_cat":[181],"product_tag":[344],"class_list":{"0":"post-14352","1":"product","2":"type-product","3":"status-publish","4":"has-post-thumbnail","6":"product_cat-lnene-uterky","7":"product_tag-lneny-rucnik","9":"first","10":"instock","11":"shipping-taxable","12":"purchasable","13":"product-type-simple"},"yoast_head":"<!-- This site is optimized with the Yoast SEO plugin v27.4 - https:\/\/yoast.com\/product\/yoast-seo-wordpress\/ -->\n<title>Ln\u011bn\u00e1 ut\u011brka SKO\u0158ICE &#8226; Lanaja-slovensk\u00e1 udr\u017eiteln\u00e1 zna\u010dka a v\u00fdrobce ln\u011bn\u00e9ho textilu<\/title>\n<meta name=\"description\" content=\"Ln\u011bn\u00e1 ut\u011brka SKO\u0158ICE je u\u0161it\u00e1 ze 100% pr\u00e9miov\u00e9ho lnu 185g, pokud si pe\u010dete sv\u016fj kv\u00e1skov\u00fd chl\u00e9b, je to ide\u00e1ln\u00ed volba i na p\u0159ikryt\u00ed o\u0161atek.\" \/>\n<meta name=\"robots\" content=\"index, follow, max-snippet:-1, max-image-preview:large, max-video-preview:-1\" \/>\n<link rel=\"canonical\" href=\"https:\/\/lanaja.sk\/cs\/obchod\/lnene-rucniky-cinnamon\/\" \/>\n<meta property=\"og:locale\" content=\"cs_CZ\" \/>\n<meta property=\"og:type\" content=\"article\" \/>\n<meta property=\"og:title\" content=\"Ln\u011bn\u00e1 ut\u011brka SKO\u0158ICE &#8226; Lanaja-slovensk\u00e1 udr\u017eiteln\u00e1 zna\u010dka a v\u00fdrobce ln\u011bn\u00e9ho textilu\" \/>\n<meta property=\"og:description\" content=\"Ln\u011bn\u00e1 ut\u011brka SKO\u0158ICE je u\u0161it\u00e1 ze 100% pr\u00e9miov\u00e9ho lnu 185g, pokud si pe\u010dete sv\u016fj kv\u00e1skov\u00fd chl\u00e9b, je to ide\u00e1ln\u00ed volba i na p\u0159ikryt\u00ed o\u0161atek.\" \/>\n<meta property=\"og:url\" content=\"https:\/\/lanaja.sk\/cs\/obchod\/lnene-rucniky-cinnamon\/\" \/>\n<meta property=\"og:site_name\" content=\"Lanaja-slovensk\u00e1 udr\u017eiteln\u00e1 zna\u010dka a v\u00fdrobce ln\u011bn\u00e9ho textilu\" \/>\n<meta property=\"article:publisher\" content=\"https:\/\/www.facebook.com\/Abreadbag\" \/>\n<meta property=\"article:modified_time\" content=\"2025-07-06T14:45:14+00:00\" \/>\n<meta property=\"og:image\" content=\"https:\/\/lanaja.sk\/wp-content\/uploads\/2020\/10\/lanove-utierky-4.jpg\" \/>\n<meta name=\"twitter:card\" content=\"summary_large_image\" \/>\n<meta name=\"twitter:label1\" content=\"Odhadovan\u00e1 doba \u010dten\u00ed\" \/>\n\t<meta name=\"twitter:data1\" content=\"3 minuty\" \/>\n<script type=\"application\/ld+json\" class=\"yoast-schema-graph\">{\"@context\":\"https:\\\/\\\/schema.org\",\"@graph\":[{\"@type\":\"WebPage\",\"@id\":\"https:\\\/\\\/lanaja.sk\\\/cs\\\/obchod\\\/lnene-rucniky-cinnamon\\\/\",\"url\":\"https:\\\/\\\/lanaja.sk\\\/cs\\\/obchod\\\/lnene-rucniky-cinnamon\\\/\",\"name\":\"Ln\u011bn\u00e1 ut\u011brka SKO\u0158ICE &#8226; Lanaja-slovensk\u00e1 udr\u017eiteln\u00e1 zna\u010dka a v\u00fdrobce ln\u011bn\u00e9ho textilu\",\"isPartOf\":{\"@id\":\"https:\\\/\\\/lanaja.sk\\\/cs\\\/#website\"},\"primaryImageOfPage\":{\"@id\":\"https:\\\/\\\/lanaja.sk\\\/cs\\\/obchod\\\/lnene-rucniky-cinnamon\\\/#primaryimage\"},\"image\":{\"@id\":\"https:\\\/\\\/lanaja.sk\\\/cs\\\/obchod\\\/lnene-rucniky-cinnamon\\\/#primaryimage\"},\"thumbnailUrl\":\"https:\\\/\\\/lanaja.sk\\\/wp-content\\\/uploads\\\/2020\\\/10\\\/lanove-utierky-4-e1604258594774-jpg.webp\",\"datePublished\":\"2020-10-06T16:35:08+00:00\",\"dateModified\":\"2025-07-06T14:45:14+00:00\",\"description\":\"Ln\u011bn\u00e1 ut\u011brka SKO\u0158ICE je u\u0161it\u00e1 ze 100% pr\u00e9miov\u00e9ho lnu 185g, pokud si pe\u010dete sv\u016fj kv\u00e1skov\u00fd chl\u00e9b, je to ide\u00e1ln\u00ed volba i na p\u0159ikryt\u00ed o\u0161atek.\",\"breadcrumb\":{\"@id\":\"https:\\\/\\\/lanaja.sk\\\/cs\\\/obchod\\\/lnene-rucniky-cinnamon\\\/#breadcrumb\"},\"inLanguage\":\"cs\",\"potentialAction\":[{\"@type\":\"ReadAction\",\"target\":[\"https:\\\/\\\/lanaja.sk\\\/cs\\\/obchod\\\/lnene-rucniky-cinnamon\\\/\"]}]},{\"@type\":\"ImageObject\",\"inLanguage\":\"cs\",\"@id\":\"https:\\\/\\\/lanaja.sk\\\/cs\\\/obchod\\\/lnene-rucniky-cinnamon\\\/#primaryimage\",\"url\":\"https:\\\/\\\/lanaja.sk\\\/wp-content\\\/uploads\\\/2020\\\/10\\\/lanove-utierky-4-e1604258594774-jpg.webp\",\"contentUrl\":\"https:\\\/\\\/lanaja.sk\\\/wp-content\\\/uploads\\\/2020\\\/10\\\/lanove-utierky-4-e1604258594774-jpg.webp\",\"width\":600,\"height\":800,\"caption\":\"slovensk\u00e9 utierky\"},{\"@type\":\"BreadcrumbList\",\"@id\":\"https:\\\/\\\/lanaja.sk\\\/cs\\\/obchod\\\/lnene-rucniky-cinnamon\\\/#breadcrumb\",\"itemListElement\":[{\"@type\":\"ListItem\",\"position\":1,\"name\":\"Home\",\"item\":\"https:\\\/\\\/lanaja.sk\\\/cs\\\/\"},{\"@type\":\"ListItem\",\"position\":2,\"name\":\"Obchod\",\"item\":\"https:\\\/\\\/lanaja.sk\\\/cs\\\/obchod-cz\\\/\"},{\"@type\":\"ListItem\",\"position\":3,\"name\":\"Ln\u011bn\u00e1 ut\u011brka SKO\u0158ICE\"}]},{\"@type\":\"WebSite\",\"@id\":\"https:\\\/\\\/lanaja.sk\\\/cs\\\/#website\",\"url\":\"https:\\\/\\\/lanaja.sk\\\/cs\\\/\",\"name\":\"Lanaja - bytov\u00fd textil z \u013eanu a \u013eanov\u00e9 v\u00fdrobky\",\"description\":\"Jedine\u010dn\u00fd bytov\u00fd textil, ln\u011bn\u00e9 pytl\u00edky, ln\u011bn\u00e9 ubrusy, ln\u011bn\u00e9 lo\u017en\u00ed povle\u010den\u00ed, ln\u011bn\u00e9 ut\u011brky, ln\u011bn\u00e9 prost\u00edr\u00e1n\u00ed vyroben\u00e9 a \u0161it\u00e9 na Slovensku\",\"publisher\":{\"@id\":\"https:\\\/\\\/lanaja.sk\\\/cs\\\/#organization\"},\"alternateName\":\"Lanaja - v\u00fdrobky z \u013eanu, \u013eanov\u00fd bytov\u00fd textil\",\"potentialAction\":[{\"@type\":\"SearchAction\",\"target\":{\"@type\":\"EntryPoint\",\"urlTemplate\":\"https:\\\/\\\/lanaja.sk\\\/cs\\\/?s={search_term_string}\"},\"query-input\":{\"@type\":\"PropertyValueSpecification\",\"valueRequired\":true,\"valueName\":\"search_term_string\"}}],\"inLanguage\":\"cs\"},{\"@type\":\"Organization\",\"@id\":\"https:\\\/\\\/lanaja.sk\\\/cs\\\/#organization\",\"name\":\"Lanaja\",\"alternateName\":\"Al\u017ebeta Andr\u00e1\u0161ikov\u00e1 - Lanaja\",\"url\":\"https:\\\/\\\/lanaja.sk\\\/cs\\\/\",\"logo\":{\"@type\":\"ImageObject\",\"inLanguage\":\"cs\",\"@id\":\"https:\\\/\\\/lanaja.sk\\\/cs\\\/#\\\/schema\\\/logo\\\/image\\\/\",\"url\":\"https:\\\/\\\/lanaja.sk\\\/wp-content\\\/uploads\\\/2024\\\/01\\\/Lanaja.sk-logo.png\",\"contentUrl\":\"https:\\\/\\\/lanaja.sk\\\/wp-content\\\/uploads\\\/2024\\\/01\\\/Lanaja.sk-logo.png\",\"width\":600,\"height\":300,\"caption\":\"Lanaja\"},\"image\":{\"@id\":\"https:\\\/\\\/lanaja.sk\\\/cs\\\/#\\\/schema\\\/logo\\\/image\\\/\"},\"sameAs\":[\"https:\\\/\\\/www.facebook.com\\\/Abreadbag\",\"https:\\\/\\\/www.instagram.com\\\/lanaja_sk\\\/\"]}]}<\/script>\n<!-- \/ Yoast SEO plugin. -->","yoast_head_json":{"title":"Ln\u011bn\u00e1 ut\u011brka SKO\u0158ICE &#8226; Lanaja-slovensk\u00e1 udr\u017eiteln\u00e1 zna\u010dka a v\u00fdrobce ln\u011bn\u00e9ho textilu","description":"Ln\u011bn\u00e1 ut\u011brka SKO\u0158ICE je u\u0161it\u00e1 ze 100% pr\u00e9miov\u00e9ho lnu 185g, pokud si pe\u010dete sv\u016fj kv\u00e1skov\u00fd chl\u00e9b, je to ide\u00e1ln\u00ed volba i na p\u0159ikryt\u00ed o\u0161atek.","robots":{"index":"index","follow":"follow","max-snippet":"max-snippet:-1","max-image-preview":"max-image-preview:large","max-video-preview":"max-video-preview:-1"},"canonical":"https:\/\/lanaja.sk\/cs\/obchod\/lnene-rucniky-cinnamon\/","og_locale":"cs_CZ","og_type":"article","og_title":"Ln\u011bn\u00e1 ut\u011brka SKO\u0158ICE &#8226; Lanaja-slovensk\u00e1 udr\u017eiteln\u00e1 zna\u010dka a v\u00fdrobce ln\u011bn\u00e9ho textilu","og_description":"Ln\u011bn\u00e1 ut\u011brka SKO\u0158ICE je u\u0161it\u00e1 ze 100% pr\u00e9miov\u00e9ho lnu 185g, pokud si pe\u010dete sv\u016fj kv\u00e1skov\u00fd chl\u00e9b, je to ide\u00e1ln\u00ed volba i na p\u0159ikryt\u00ed o\u0161atek.","og_url":"https:\/\/lanaja.sk\/cs\/obchod\/lnene-rucniky-cinnamon\/","og_site_name":"Lanaja-slovensk\u00e1 udr\u017eiteln\u00e1 zna\u010dka a v\u00fdrobce ln\u011bn\u00e9ho textilu","article_publisher":"https:\/\/www.facebook.com\/Abreadbag","article_modified_time":"2025-07-06T14:45:14+00:00","og_image":[{"url":"https:\/\/lanaja.sk\/wp-content\/uploads\/2020\/10\/lanove-utierky-4.jpg","type":"","width":"","height":""}],"twitter_card":"summary_large_image","twitter_misc":{"Odhadovan\u00e1 doba \u010dten\u00ed":"3 minuty"},"schema":{"@context":"https:\/\/schema.org","@graph":[{"@type":"WebPage","@id":"https:\/\/lanaja.sk\/cs\/obchod\/lnene-rucniky-cinnamon\/","url":"https:\/\/lanaja.sk\/cs\/obchod\/lnene-rucniky-cinnamon\/","name":"Ln\u011bn\u00e1 ut\u011brka SKO\u0158ICE &#8226; Lanaja-slovensk\u00e1 udr\u017eiteln\u00e1 zna\u010dka a v\u00fdrobce ln\u011bn\u00e9ho textilu","isPartOf":{"@id":"https:\/\/lanaja.sk\/cs\/#website"},"primaryImageOfPage":{"@id":"https:\/\/lanaja.sk\/cs\/obchod\/lnene-rucniky-cinnamon\/#primaryimage"},"image":{"@id":"https:\/\/lanaja.sk\/cs\/obchod\/lnene-rucniky-cinnamon\/#primaryimage"},"thumbnailUrl":"https:\/\/lanaja.sk\/wp-content\/uploads\/2020\/10\/lanove-utierky-4-e1604258594774-jpg.webp","datePublished":"2020-10-06T16:35:08+00:00","dateModified":"2025-07-06T14:45:14+00:00","description":"Ln\u011bn\u00e1 ut\u011brka SKO\u0158ICE je u\u0161it\u00e1 ze 100% pr\u00e9miov\u00e9ho lnu 185g, pokud si pe\u010dete sv\u016fj kv\u00e1skov\u00fd chl\u00e9b, je to ide\u00e1ln\u00ed volba i na p\u0159ikryt\u00ed o\u0161atek.","breadcrumb":{"@id":"https:\/\/lanaja.sk\/cs\/obchod\/lnene-rucniky-cinnamon\/#breadcrumb"},"inLanguage":"cs","potentialAction":[{"@type":"ReadAction","target":["https:\/\/lanaja.sk\/cs\/obchod\/lnene-rucniky-cinnamon\/"]}]},{"@type":"ImageObject","inLanguage":"cs","@id":"https:\/\/lanaja.sk\/cs\/obchod\/lnene-rucniky-cinnamon\/#primaryimage","url":"https:\/\/lanaja.sk\/wp-content\/uploads\/2020\/10\/lanove-utierky-4-e1604258594774-jpg.webp","contentUrl":"https:\/\/lanaja.sk\/wp-content\/uploads\/2020\/10\/lanove-utierky-4-e1604258594774-jpg.webp","width":600,"height":800,"caption":"slovensk\u00e9 utierky"},{"@type":"BreadcrumbList","@id":"https:\/\/lanaja.sk\/cs\/obchod\/lnene-rucniky-cinnamon\/#breadcrumb","itemListElement":[{"@type":"ListItem","position":1,"name":"Home","item":"https:\/\/lanaja.sk\/cs\/"},{"@type":"ListItem","position":2,"name":"Obchod","item":"https:\/\/lanaja.sk\/cs\/obchod-cz\/"},{"@type":"ListItem","position":3,"name":"Ln\u011bn\u00e1 ut\u011brka SKO\u0158ICE"}]},{"@type":"WebSite","@id":"https:\/\/lanaja.sk\/cs\/#website","url":"https:\/\/lanaja.sk\/cs\/","name":"Lanaja - bytov\u00fd textil z \u013eanu a \u013eanov\u00e9 v\u00fdrobky","description":"Jedine\u010dn\u00fd bytov\u00fd textil, ln\u011bn\u00e9 pytl\u00edky, ln\u011bn\u00e9 ubrusy, ln\u011bn\u00e9 lo\u017en\u00ed povle\u010den\u00ed, ln\u011bn\u00e9 ut\u011brky, ln\u011bn\u00e9 prost\u00edr\u00e1n\u00ed vyroben\u00e9 a \u0161it\u00e9 na Slovensku","publisher":{"@id":"https:\/\/lanaja.sk\/cs\/#organization"},"alternateName":"Lanaja - v\u00fdrobky z \u013eanu, \u013eanov\u00fd bytov\u00fd textil","potentialAction":[{"@type":"SearchAction","target":{"@type":"EntryPoint","urlTemplate":"https:\/\/lanaja.sk\/cs\/?s={search_term_string}"},"query-input":{"@type":"PropertyValueSpecification","valueRequired":true,"valueName":"search_term_string"}}],"inLanguage":"cs"},{"@type":"Organization","@id":"https:\/\/lanaja.sk\/cs\/#organization","name":"Lanaja","alternateName":"Al\u017ebeta Andr\u00e1\u0161ikov\u00e1 - Lanaja","url":"https:\/\/lanaja.sk\/cs\/","logo":{"@type":"ImageObject","inLanguage":"cs","@id":"https:\/\/lanaja.sk\/cs\/#\/schema\/logo\/image\/","url":"https:\/\/lanaja.sk\/wp-content\/uploads\/2024\/01\/Lanaja.sk-logo.png","contentUrl":"https:\/\/lanaja.sk\/wp-content\/uploads\/2024\/01\/Lanaja.sk-logo.png","width":600,"height":300,"caption":"Lanaja"},"image":{"@id":"https:\/\/lanaja.sk\/cs\/#\/schema\/logo\/image\/"},"sameAs":["https:\/\/www.facebook.com\/Abreadbag","https:\/\/www.instagram.com\/lanaja_sk\/"]}]}},"_links":{"self":[{"href":"https:\/\/lanaja.sk\/cs\/wp-json\/wp\/v2\/product\/14352","targetHints":{"allow":["GET"]}}],"collection":[{"href":"https:\/\/lanaja.sk\/cs\/wp-json\/wp\/v2\/product"}],"about":[{"href":"https:\/\/lanaja.sk\/cs\/wp-json\/wp\/v2\/types\/product"}],"version-history":[{"count":3,"href":"https:\/\/lanaja.sk\/cs\/wp-json\/wp\/v2\/product\/14352\/revisions"}],"predecessor-version":[{"id":16236,"href":"https:\/\/lanaja.sk\/cs\/wp-json\/wp\/v2\/product\/14352\/revisions\/16236"}],"wp:featuredmedia":[{"embeddable":true,"href":"https:\/\/lanaja.sk\/cs\/wp-json\/wp\/v2\/media\/6962"}],"wp:attachment":[{"href":"https:\/\/lanaja.sk\/cs\/wp-json\/wp\/v2\/media?parent=14352"}],"wp:term":[{"taxonomy":"product_brand","embeddable":true,"href":"https:\/\/lanaja.sk\/cs\/wp-json\/wp\/v2\/product_brand?post=14352"},{"taxonomy":"product_cat","embeddable":true,"href":"https:\/\/lanaja.sk\/cs\/wp-json\/wp\/v2\/product_cat?post=14352"},{"taxonomy":"product_tag","embeddable":true,"href":"https:\/\/lanaja.sk\/cs\/wp-json\/wp\/v2\/product_tag?post=14352"}],"curies":[{"name":"wp","href":"https:\/\/api.w.org\/{rel}","templated":true}]}}