{"id":16230,"date":"2024-11-01T17:26:35","date_gmt":"2024-11-01T16:26:35","guid":{"rendered":"https:\/\/lanaja.sk\/obchod\/nezaraden\u00e9\/vanocni-lnene-uterky-snehova-vlocka\/"},"modified":"2024-11-01T17:26:35","modified_gmt":"2024-11-01T16:26:35","slug":"vanocni-lnene-uterky-snehova-vlocka","status":"publish","type":"product","link":"https:\/\/lanaja.sk\/cs\/obchod\/vanocni-lnene-uterky-snehova-vlocka\/","title":{"rendered":"V\u00e1no\u010dn\u00ed ln\u011bn\u00e9 ut\u011brky SN\u011aHOV\u00c1 VLO\u010cKA"},"content":{"rendered":"<h2><strong>D\u00e1rkov\u00e9 balen\u00ed v\u00e1no\u010dn\u00edch ln\u011bn\u00fdch ut\u011brek<\/strong><\/h2>\n<p>V\u00e1noce jsou ide\u00e1ln\u00edm obdob\u00edm k tomu, abychom zpomalili a vychutnali si chv\u00edle s na\u0161imi bl\u00edzk\u00fdmi. P\u0159edstavte si v\u016fni sko\u0159ice a pern\u00ed\u010dk\u016f, prask\u00e1n\u00ed ohn\u011b v krbu a \u00fasm\u011bvy va\u0161ich nejbli\u017e\u0161\u00edch. Pamatujete si na ty \u010dasy, kdy jste jako d\u011bti s o\u010dima pln\u00fdma o\u010dek\u00e1v\u00e1n\u00ed otev\u00edrali v\u00e1no\u010dn\u00ed d\u00e1rky? V\u016fn\u011b kol\u00e1\u010d\u016f se nesla cel\u00fdm domem a vy jste se t\u011b\u0161ili na spole\u010dn\u00e9 chv\u00edle s rodinou. I proto si v usp\u011bchan\u00e9m sv\u011bt\u011b \u010d\u00edm d\u00e1l v\u00edce uv\u011bdomujeme hodnotu jednoduchosti a p\u0159irozenosti.    <\/p>\n<div>V\u00e1noce jsou \u010dasem, kdy chceme jeden druh\u00e9mu ud\u011blat radost. A co takhle obdarovat n\u011bkoho d\u00e1rkem, kter\u00fd bude nejen kr\u00e1sn\u00fd, ale i praktick\u00fd? Na\u0161e d\u00e1rkov\u00e1 sada v\u00e1no\u010dn\u00edch ln\u011bn\u00fdch ut\u011brek SN\u011aHOV\u00c1 VLO\u010cKA a <a href=\"https:\/\/lanaja.sk\/obchod\/kuchyna\/lanove-utierky\/vianocne-lanove-utierky-vianocny-stromcek\/\">V\u00c1NO\u010cN\u00cd STROME\u010cEK<\/a> je symbolem domova, tepla a l\u00e1sky.  <\/div>\n<div><\/div>\n<div><\/div>\n<div><\/div>\n<h2><\/h2>\n<h2>Pro\u010d si zamilujete v\u00e1no\u010dn\u00ed ut\u011brky?<\/h2>\n<div>\n<div><strong>Dlouh\u00e1 \u017eivotnost<\/strong><strong> a kvalita:<\/strong> Len je p\u0159\u00edrodn\u00ed materi\u00e1l, kter\u00fd se vyzna\u010duje vysokou absorpc\u00ed, odolnost\u00ed a antibakteri\u00e1ln\u00edmi vlastnostmi. Na\u0161e v\u00e1no\u010dn\u00ed ln\u011bn\u00e9 ut\u011brky jsou u\u0161ity z certifikovan\u00e9ho nebarven\u00e9ho p\u0159\u00edrodn\u00edho 100% lnu s 245 g\/m\u00b2 a vydr\u017e\u00ed v\u00e1m dlouh\u00e9 roky. <\/div>\n<div><strong>V\u00e1no\u010dn\u00ed atmosf\u00e9ra:<\/strong> Ka\u017ed\u00e1 ut\u011brka nese kousek v\u00e1no\u010dn\u00ed magie. Jemn\u00e1 v\u00fd\u0161ivka v\u00e1no\u010dn\u00edho strome\u010dku nebo sn\u011bhov\u00e9 vlo\u010dky v\u00e1m p\u0159ipomene pravou sv\u00e1te\u010dn\u00ed atmosf\u00e9ru. <\/div>\n<div><strong>P\u0159\u00edrodn\u00ed materi\u00e1l:<\/strong> Len je zn\u00e1m\u00fd svou odolnost\u00ed, p\u0159irozenou antibakteri\u00e1ln\u00ed schopnost\u00ed a schopnost\u00ed regulovat vlhkost. Ut\u011brky jsou \u0161etrn\u00e9 k \u017eivotn\u00edmu prost\u0159ed\u00ed a vydr\u017e\u00ed v\u00e1m dlouh\u00e9 roky. <\/div>\n<div><strong>Spojen\u00ed generac\u00ed:<\/strong> Darujte je sv\u00fdm prarodi\u010d\u016fm, rodi\u010d\u016fm nebo p\u0159\u00e1tel\u016fm. Budou p\u0159ipom\u00ednkou jednoduch\u00fdch radost\u00ed a tradic, kter\u00e9 spojuj\u00ed rodiny. <\/div>\n<div><strong>D\u00e1rkov\u00e9 balen\u00ed:<\/strong> Na\u0161e v\u00e1no\u010dn\u00ed ln\u011bn\u00e9 ut\u011brky jsou pe\u010dliv\u011b zabaleny ve dvoukusov\u00e9m d\u00e1rkov\u00e9m balen\u00ed v krabi\u010dce.<\/div>\n<div><strong>D\u00e1rek s osobn\u00edm dotykem:<\/strong> V d\u00e1rkov\u00e9m balen\u00ed s ut\u011brkami najdete i personalizovanou v\u00e1no\u010dn\u00ed karti\u010dku s origin\u00e1ln\u00edm textem a m\u00edstem, kam si m\u016f\u017eete dopsat jm\u00e9no obdarovan\u00e9ho.<\/div>\n<div><strong>Slovensk\u00fd v\u00fdrobek:<\/strong> Na\u0161e v\u00e1no\u010dn\u00ed ln\u011bn\u00e9 ut\u011brky jsou u\u0161ity s l\u00e1skou na Slovensku.<\/div>\n<div><\/div>\n<div>\n<div>\n<h2><\/h2>\n<h2>Komu darovat v\u00e1no\u010dn\u00ed ln\u011bn\u00e9 ut\u011brky?<\/h2>\n<p>&nbsp;<\/p>\n<p><strong>Babi\u010dce:<\/strong> Pot\u011b\u0161te svou babi\u010dku praktick\u00fdm a z\u00e1rove\u0148 kr\u00e1sn\u00fdm d\u00e1rkem, kter\u00fd j\u00ed p\u0159ipomene va\u0161e spole\u010dn\u00e9 chv\u00edle v kuchyni.<\/p>\n<p><strong>Mamince:<\/strong> Pod\u011bkujte sv\u00e9 mamince za v\u0161echno, co pro v\u00e1s ud\u011blala. Ln\u011bn\u00e9 ut\u011brky pro ni budou nejen u\u017eite\u010dn\u00fdm pomocn\u00edkem, ale i mil\u00fdm gestem. <\/p>\n<p><strong>Sest\u0159e:<\/strong> Obdarujte svou sestru origin\u00e1ln\u00edm d\u00e1rkem, kter\u00fd je jin\u00fd ne\u017e v\u0161echny ostatn\u00ed.<\/p>\n<p><strong>Kamar\u00e1dce:<\/strong> P\u0159ekvapte svou kamar\u00e1dku a uka\u017ete j\u00ed, \u017ee v\u00e1m na n\u00ed z\u00e1le\u017e\u00ed.<\/p>\n<p><strong>Kolegyni:<\/strong> Pot\u011b\u0161te svou kolegyni a vytvo\u0159te si p\u0159\u00edjemn\u011bj\u0161\u00ed atmosf\u00e9ru v pr\u00e1ci.<\/p>\n<p><strong>Milovn\u00edk\u016fm tradic:<\/strong> Pro ty, kte\u0159\u00ed si cen\u00ed klasick\u00fdch hodnot a r\u00e1di se obklopuj\u00ed kvalitn\u00edmi a trvanliv\u00fdmi v\u011bcmi.<\/p>\n<p><strong>Gurm\u00e1n\u016fm:<\/strong> Pro v\u0161echny, kte\u0159\u00ed miluj\u00ed va\u0159en\u00ed a r\u00e1di tr\u00e1v\u00ed \u010das v kuchyni.<\/p>\n<p><strong>V\u0161em, kte\u0159\u00ed hledaj\u00ed jedine\u010dn\u00fd d\u00e1rek:<\/strong> Pro ty, kte\u0159\u00ed cht\u011bj\u00ed pot\u011b\u0161it sv\u00e9 bl\u00edzk\u00e9 origin\u00e1ln\u00edm a praktick\u00fdm d\u00e1rkem.<\/p>\n<\/div>\n<\/div>\n<\/div>\n<div><\/div>\n<div><\/div>\n<div><\/div>\n<div><\/div>\n<div>\n<div>\n<div>\n<h4><b>Ka\u017ed\u00e1 ut\u011brka je jedine\u010dn\u00e1, je \u0161it\u00e1 a vy\u0161\u00edvan\u00e1 s l\u00e1skou. D\u00edky limitovan\u00e9 edici m\u016f\u017eete m\u00edt jistotu, \u017ee v\u00e1\u0161 d\u00e1rek bude skute\u010dn\u011b origin\u00e1ln\u00ed a zah\u0159eje u srdce.  <\/b><\/h4>\n<\/div>\n<\/div>\n<\/div>\n<div><\/div>\n<div><\/div>\n<div><\/div>\n<div><strong>Obsah d\u00e1rkov\u00e9ho balen\u00ed: <\/strong><\/div>\n<div>&#8211; <strong>2 ks<\/strong> ln\u011bn\u00fdch ut\u011brek z certifikovan\u00e9ho nebarven\u00e9ho p\u0159\u00edrodn\u00edho 100% lnu s 245 g\/m\u00b2<\/div>\n<div>  <strong>1 ks<\/strong> ln\u011bn\u00e1 ut\u011brka bez v\u00fd\u0161ivky + 1 <strong>ks<\/strong> ln\u011bn\u00e1 ut\u011brka s b\u00edlou strojovou v\u00fd\u0161ivkou.<\/div>\n<div><strong>&#8211;<\/strong> personalizovan\u00e1 v\u00e1no\u010dn\u00ed karti\u010dka s origin\u00e1ln\u00edm textem a m\u00edstem, kam si m\u016f\u017eete dopsat jm\u00e9no obdarovan\u00e9ho.<\/div>\n<div><\/div>\n<div><strong>V\u00e1no\u010dn\u00ed ln\u011bn\u00e9 ut\u011brky rozm\u011bry:<\/strong> cca 45 x 69 cm, v\u00fd\u0161ivka 8 x 8 cm.<\/div>\n<div><\/div>\n<div>\n<h3><a href=\"https:\/\/lanaja.sk\/kategoria-produktu\/kuchyna\/lanove-utierky\/\" rel=\"noopener\">Cel\u00e1 kolekce ln\u011bn\u00fdch ut\u011brek Lanaja<\/a><\/h3>\n<\/div>\n<div><\/div>\n","protected":false},"excerpt":{"rendered":"<p>V\u00e1no\u010dn\u00ed d\u00e1rek, kter\u00fd zah\u0159eje u srdce. D\u00e1rkov\u00e9 balen\u00ed ln\u011bn\u00fdch ut\u011brek s v\u00e1no\u010dn\u00ed v\u00fd\u0161ivkou. 100% p\u0159\u00edrodn\u00ed nebarven\u00fd len, slovensk\u00e1 v\u00fdroba, personalizovan\u00e1 karti\u010dka. Ide\u00e1ln\u00ed d\u00e1rek pro rodinu a p\u0159\u00e1tele.   <\/p>\n","protected":false},"featured_media":15171,"template":"","meta":[],"product_brand":[],"product_cat":[429,181],"product_tag":[],"class_list":{"0":"post-16230","1":"product","2":"type-product","3":"status-publish","4":"has-post-thumbnail","6":"product_cat-kuchyne","7":"product_cat-lnene-uterky","9":"first","10":"instock","11":"shipping-taxable","12":"purchasable","13":"product-type-simple"},"yoast_head":"<!-- This site is optimized with the Yoast SEO plugin v27.4 - https:\/\/yoast.com\/product\/yoast-seo-wordpress\/ -->\n<title>V\u00e1no\u010dn\u00ed ln\u011bn\u00e9 ut\u011brky SN\u011aHOV\u00c1 VLO\u010cKA &#8226; Lanaja-slovensk\u00e1 udr\u017eiteln\u00e1 zna\u010dka a v\u00fdrobce ln\u011bn\u00e9ho textilu<\/title>\n<meta name=\"description\" content=\"Hled\u00e1te origin\u00e1ln\u00ed v\u00e1no\u010dn\u00ed d\u00e1rek? Na\u0161e v\u00e1no\u010dn\u00ed ln\u011bn\u00e9 ut\u011brky jsou ide\u00e1ln\u00edm d\u00e1rkem pro babi\u010dku, maminku, sestru nebo kamar\u00e1dku.\" \/>\n<meta name=\"robots\" content=\"index, follow, max-snippet:-1, max-image-preview:large, max-video-preview:-1\" \/>\n<link rel=\"canonical\" href=\"https:\/\/lanaja.sk\/cs\/obchod\/vanocni-lnene-uterky-snehova-vlocka\/\" \/>\n<meta property=\"og:locale\" content=\"cs_CZ\" \/>\n<meta property=\"og:type\" content=\"article\" \/>\n<meta property=\"og:title\" content=\"V\u00e1no\u010dn\u00ed ln\u011bn\u00e9 ut\u011brky SN\u011aHOV\u00c1 VLO\u010cKA &#8226; Lanaja-slovensk\u00e1 udr\u017eiteln\u00e1 zna\u010dka a v\u00fdrobce ln\u011bn\u00e9ho textilu\" \/>\n<meta property=\"og:description\" content=\"Hled\u00e1te origin\u00e1ln\u00ed v\u00e1no\u010dn\u00ed d\u00e1rek? Na\u0161e v\u00e1no\u010dn\u00ed ln\u011bn\u00e9 ut\u011brky jsou ide\u00e1ln\u00edm d\u00e1rkem pro babi\u010dku, maminku, sestru nebo kamar\u00e1dku.\" \/>\n<meta property=\"og:url\" content=\"https:\/\/lanaja.sk\/cs\/obchod\/vanocni-lnene-uterky-snehova-vlocka\/\" \/>\n<meta property=\"og:site_name\" content=\"Lanaja-slovensk\u00e1 udr\u017eiteln\u00e1 zna\u010dka a v\u00fdrobce ln\u011bn\u00e9ho textilu\" \/>\n<meta property=\"article:publisher\" content=\"https:\/\/www.facebook.com\/Abreadbag\" \/>\n<meta property=\"og:image\" content=\"https:\/\/lanaja.sk\/wp-content\/uploads\/2024\/11\/vianocna-lanova-utierka21-scaled.jpg\" \/>\n\t<meta property=\"og:image:width\" content=\"2560\" \/>\n\t<meta property=\"og:image:height\" content=\"2192\" \/>\n\t<meta property=\"og:image:type\" content=\"image\/jpeg\" \/>\n<meta name=\"twitter:card\" content=\"summary_large_image\" \/>\n<meta name=\"twitter:label1\" content=\"Odhadovan\u00e1 doba \u010dten\u00ed\" \/>\n\t<meta name=\"twitter:data1\" content=\"4 minuty\" \/>\n<script type=\"application\/ld+json\" class=\"yoast-schema-graph\">{\"@context\":\"https:\\\/\\\/schema.org\",\"@graph\":[{\"@type\":\"WebPage\",\"@id\":\"https:\\\/\\\/lanaja.sk\\\/cs\\\/obchod\\\/vanocni-lnene-uterky-snehova-vlocka\\\/\",\"url\":\"https:\\\/\\\/lanaja.sk\\\/cs\\\/obchod\\\/vanocni-lnene-uterky-snehova-vlocka\\\/\",\"name\":\"V\u00e1no\u010dn\u00ed ln\u011bn\u00e9 ut\u011brky SN\u011aHOV\u00c1 VLO\u010cKA &#8226; Lanaja-slovensk\u00e1 udr\u017eiteln\u00e1 zna\u010dka a v\u00fdrobce ln\u011bn\u00e9ho textilu\",\"isPartOf\":{\"@id\":\"https:\\\/\\\/lanaja.sk\\\/cs\\\/#website\"},\"primaryImageOfPage\":{\"@id\":\"https:\\\/\\\/lanaja.sk\\\/cs\\\/obchod\\\/vanocni-lnene-uterky-snehova-vlocka\\\/#primaryimage\"},\"image\":{\"@id\":\"https:\\\/\\\/lanaja.sk\\\/cs\\\/obchod\\\/vanocni-lnene-uterky-snehova-vlocka\\\/#primaryimage\"},\"thumbnailUrl\":\"https:\\\/\\\/lanaja.sk\\\/wp-content\\\/uploads\\\/2024\\\/11\\\/vianocna-lanova-utierka21-scaled.jpg\",\"datePublished\":\"2024-11-01T16:26:35+00:00\",\"description\":\"Hled\u00e1te origin\u00e1ln\u00ed v\u00e1no\u010dn\u00ed d\u00e1rek? Na\u0161e v\u00e1no\u010dn\u00ed ln\u011bn\u00e9 ut\u011brky jsou ide\u00e1ln\u00edm d\u00e1rkem pro babi\u010dku, maminku, sestru nebo kamar\u00e1dku.\",\"breadcrumb\":{\"@id\":\"https:\\\/\\\/lanaja.sk\\\/cs\\\/obchod\\\/vanocni-lnene-uterky-snehova-vlocka\\\/#breadcrumb\"},\"inLanguage\":\"cs\",\"potentialAction\":[{\"@type\":\"ReadAction\",\"target\":[\"https:\\\/\\\/lanaja.sk\\\/cs\\\/obchod\\\/vanocni-lnene-uterky-snehova-vlocka\\\/\"]}]},{\"@type\":\"ImageObject\",\"inLanguage\":\"cs\",\"@id\":\"https:\\\/\\\/lanaja.sk\\\/cs\\\/obchod\\\/vanocni-lnene-uterky-snehova-vlocka\\\/#primaryimage\",\"url\":\"https:\\\/\\\/lanaja.sk\\\/wp-content\\\/uploads\\\/2024\\\/11\\\/vianocna-lanova-utierka21-scaled.jpg\",\"contentUrl\":\"https:\\\/\\\/lanaja.sk\\\/wp-content\\\/uploads\\\/2024\\\/11\\\/vianocna-lanova-utierka21-scaled.jpg\",\"width\":2560,\"height\":2192,\"caption\":\"Dar\u010dekov\u00e9 balenie viano\u010dn\u00fdch utierok s v\u00fd\u0161ivkov u\u0161it\u00fdch z nefarben\u00e9ho pr\u00edrodn\u00e9ho \u013eanu\"},{\"@type\":\"BreadcrumbList\",\"@id\":\"https:\\\/\\\/lanaja.sk\\\/cs\\\/obchod\\\/vanocni-lnene-uterky-snehova-vlocka\\\/#breadcrumb\",\"itemListElement\":[{\"@type\":\"ListItem\",\"position\":1,\"name\":\"Home\",\"item\":\"https:\\\/\\\/lanaja.sk\\\/cs\\\/\"},{\"@type\":\"ListItem\",\"position\":2,\"name\":\"Obchod\",\"item\":\"https:\\\/\\\/lanaja.sk\\\/cs\\\/obchod-cz\\\/\"},{\"@type\":\"ListItem\",\"position\":3,\"name\":\"V\u00e1no\u010dn\u00ed ln\u011bn\u00e9 ut\u011brky SN\u011aHOV\u00c1 VLO\u010cKA\"}]},{\"@type\":\"WebSite\",\"@id\":\"https:\\\/\\\/lanaja.sk\\\/cs\\\/#website\",\"url\":\"https:\\\/\\\/lanaja.sk\\\/cs\\\/\",\"name\":\"Lanaja - bytov\u00fd textil z \u013eanu a \u013eanov\u00e9 v\u00fdrobky\",\"description\":\"Jedine\u010dn\u00fd bytov\u00fd textil, ln\u011bn\u00e9 pytl\u00edky, ln\u011bn\u00e9 ubrusy, ln\u011bn\u00e9 lo\u017en\u00ed povle\u010den\u00ed, ln\u011bn\u00e9 ut\u011brky, ln\u011bn\u00e9 prost\u00edr\u00e1n\u00ed vyroben\u00e9 a \u0161it\u00e9 na Slovensku\",\"publisher\":{\"@id\":\"https:\\\/\\\/lanaja.sk\\\/cs\\\/#organization\"},\"alternateName\":\"Lanaja - v\u00fdrobky z \u013eanu, \u013eanov\u00fd bytov\u00fd textil\",\"potentialAction\":[{\"@type\":\"SearchAction\",\"target\":{\"@type\":\"EntryPoint\",\"urlTemplate\":\"https:\\\/\\\/lanaja.sk\\\/cs\\\/?s={search_term_string}\"},\"query-input\":{\"@type\":\"PropertyValueSpecification\",\"valueRequired\":true,\"valueName\":\"search_term_string\"}}],\"inLanguage\":\"cs\"},{\"@type\":\"Organization\",\"@id\":\"https:\\\/\\\/lanaja.sk\\\/cs\\\/#organization\",\"name\":\"Lanaja\",\"alternateName\":\"Al\u017ebeta Andr\u00e1\u0161ikov\u00e1 - Lanaja\",\"url\":\"https:\\\/\\\/lanaja.sk\\\/cs\\\/\",\"logo\":{\"@type\":\"ImageObject\",\"inLanguage\":\"cs\",\"@id\":\"https:\\\/\\\/lanaja.sk\\\/cs\\\/#\\\/schema\\\/logo\\\/image\\\/\",\"url\":\"https:\\\/\\\/lanaja.sk\\\/wp-content\\\/uploads\\\/2024\\\/01\\\/Lanaja.sk-logo.png\",\"contentUrl\":\"https:\\\/\\\/lanaja.sk\\\/wp-content\\\/uploads\\\/2024\\\/01\\\/Lanaja.sk-logo.png\",\"width\":600,\"height\":300,\"caption\":\"Lanaja\"},\"image\":{\"@id\":\"https:\\\/\\\/lanaja.sk\\\/cs\\\/#\\\/schema\\\/logo\\\/image\\\/\"},\"sameAs\":[\"https:\\\/\\\/www.facebook.com\\\/Abreadbag\",\"https:\\\/\\\/www.instagram.com\\\/lanaja_sk\\\/\"]}]}<\/script>\n<!-- \/ Yoast SEO plugin. -->","yoast_head_json":{"title":"V\u00e1no\u010dn\u00ed ln\u011bn\u00e9 ut\u011brky SN\u011aHOV\u00c1 VLO\u010cKA &#8226; Lanaja-slovensk\u00e1 udr\u017eiteln\u00e1 zna\u010dka a v\u00fdrobce ln\u011bn\u00e9ho textilu","description":"Hled\u00e1te origin\u00e1ln\u00ed v\u00e1no\u010dn\u00ed d\u00e1rek? Na\u0161e v\u00e1no\u010dn\u00ed ln\u011bn\u00e9 ut\u011brky jsou ide\u00e1ln\u00edm d\u00e1rkem pro babi\u010dku, maminku, sestru nebo kamar\u00e1dku.","robots":{"index":"index","follow":"follow","max-snippet":"max-snippet:-1","max-image-preview":"max-image-preview:large","max-video-preview":"max-video-preview:-1"},"canonical":"https:\/\/lanaja.sk\/cs\/obchod\/vanocni-lnene-uterky-snehova-vlocka\/","og_locale":"cs_CZ","og_type":"article","og_title":"V\u00e1no\u010dn\u00ed ln\u011bn\u00e9 ut\u011brky SN\u011aHOV\u00c1 VLO\u010cKA &#8226; Lanaja-slovensk\u00e1 udr\u017eiteln\u00e1 zna\u010dka a v\u00fdrobce ln\u011bn\u00e9ho textilu","og_description":"Hled\u00e1te origin\u00e1ln\u00ed v\u00e1no\u010dn\u00ed d\u00e1rek? Na\u0161e v\u00e1no\u010dn\u00ed ln\u011bn\u00e9 ut\u011brky jsou ide\u00e1ln\u00edm d\u00e1rkem pro babi\u010dku, maminku, sestru nebo kamar\u00e1dku.","og_url":"https:\/\/lanaja.sk\/cs\/obchod\/vanocni-lnene-uterky-snehova-vlocka\/","og_site_name":"Lanaja-slovensk\u00e1 udr\u017eiteln\u00e1 zna\u010dka a v\u00fdrobce ln\u011bn\u00e9ho textilu","article_publisher":"https:\/\/www.facebook.com\/Abreadbag","og_image":[{"width":2560,"height":2192,"url":"https:\/\/lanaja.sk\/wp-content\/uploads\/2024\/11\/vianocna-lanova-utierka21-scaled.jpg","type":"image\/jpeg"}],"twitter_card":"summary_large_image","twitter_misc":{"Odhadovan\u00e1 doba \u010dten\u00ed":"4 minuty"},"schema":{"@context":"https:\/\/schema.org","@graph":[{"@type":"WebPage","@id":"https:\/\/lanaja.sk\/cs\/obchod\/vanocni-lnene-uterky-snehova-vlocka\/","url":"https:\/\/lanaja.sk\/cs\/obchod\/vanocni-lnene-uterky-snehova-vlocka\/","name":"V\u00e1no\u010dn\u00ed ln\u011bn\u00e9 ut\u011brky SN\u011aHOV\u00c1 VLO\u010cKA &#8226; Lanaja-slovensk\u00e1 udr\u017eiteln\u00e1 zna\u010dka a v\u00fdrobce ln\u011bn\u00e9ho textilu","isPartOf":{"@id":"https:\/\/lanaja.sk\/cs\/#website"},"primaryImageOfPage":{"@id":"https:\/\/lanaja.sk\/cs\/obchod\/vanocni-lnene-uterky-snehova-vlocka\/#primaryimage"},"image":{"@id":"https:\/\/lanaja.sk\/cs\/obchod\/vanocni-lnene-uterky-snehova-vlocka\/#primaryimage"},"thumbnailUrl":"https:\/\/lanaja.sk\/wp-content\/uploads\/2024\/11\/vianocna-lanova-utierka21-scaled.jpg","datePublished":"2024-11-01T16:26:35+00:00","description":"Hled\u00e1te origin\u00e1ln\u00ed v\u00e1no\u010dn\u00ed d\u00e1rek? Na\u0161e v\u00e1no\u010dn\u00ed ln\u011bn\u00e9 ut\u011brky jsou ide\u00e1ln\u00edm d\u00e1rkem pro babi\u010dku, maminku, sestru nebo kamar\u00e1dku.","breadcrumb":{"@id":"https:\/\/lanaja.sk\/cs\/obchod\/vanocni-lnene-uterky-snehova-vlocka\/#breadcrumb"},"inLanguage":"cs","potentialAction":[{"@type":"ReadAction","target":["https:\/\/lanaja.sk\/cs\/obchod\/vanocni-lnene-uterky-snehova-vlocka\/"]}]},{"@type":"ImageObject","inLanguage":"cs","@id":"https:\/\/lanaja.sk\/cs\/obchod\/vanocni-lnene-uterky-snehova-vlocka\/#primaryimage","url":"https:\/\/lanaja.sk\/wp-content\/uploads\/2024\/11\/vianocna-lanova-utierka21-scaled.jpg","contentUrl":"https:\/\/lanaja.sk\/wp-content\/uploads\/2024\/11\/vianocna-lanova-utierka21-scaled.jpg","width":2560,"height":2192,"caption":"Dar\u010dekov\u00e9 balenie viano\u010dn\u00fdch utierok s v\u00fd\u0161ivkov u\u0161it\u00fdch z nefarben\u00e9ho pr\u00edrodn\u00e9ho \u013eanu"},{"@type":"BreadcrumbList","@id":"https:\/\/lanaja.sk\/cs\/obchod\/vanocni-lnene-uterky-snehova-vlocka\/#breadcrumb","itemListElement":[{"@type":"ListItem","position":1,"name":"Home","item":"https:\/\/lanaja.sk\/cs\/"},{"@type":"ListItem","position":2,"name":"Obchod","item":"https:\/\/lanaja.sk\/cs\/obchod-cz\/"},{"@type":"ListItem","position":3,"name":"V\u00e1no\u010dn\u00ed ln\u011bn\u00e9 ut\u011brky SN\u011aHOV\u00c1 VLO\u010cKA"}]},{"@type":"WebSite","@id":"https:\/\/lanaja.sk\/cs\/#website","url":"https:\/\/lanaja.sk\/cs\/","name":"Lanaja - bytov\u00fd textil z \u013eanu a \u013eanov\u00e9 v\u00fdrobky","description":"Jedine\u010dn\u00fd bytov\u00fd textil, ln\u011bn\u00e9 pytl\u00edky, ln\u011bn\u00e9 ubrusy, ln\u011bn\u00e9 lo\u017en\u00ed povle\u010den\u00ed, ln\u011bn\u00e9 ut\u011brky, ln\u011bn\u00e9 prost\u00edr\u00e1n\u00ed vyroben\u00e9 a \u0161it\u00e9 na Slovensku","publisher":{"@id":"https:\/\/lanaja.sk\/cs\/#organization"},"alternateName":"Lanaja - v\u00fdrobky z \u013eanu, \u013eanov\u00fd bytov\u00fd textil","potentialAction":[{"@type":"SearchAction","target":{"@type":"EntryPoint","urlTemplate":"https:\/\/lanaja.sk\/cs\/?s={search_term_string}"},"query-input":{"@type":"PropertyValueSpecification","valueRequired":true,"valueName":"search_term_string"}}],"inLanguage":"cs"},{"@type":"Organization","@id":"https:\/\/lanaja.sk\/cs\/#organization","name":"Lanaja","alternateName":"Al\u017ebeta Andr\u00e1\u0161ikov\u00e1 - Lanaja","url":"https:\/\/lanaja.sk\/cs\/","logo":{"@type":"ImageObject","inLanguage":"cs","@id":"https:\/\/lanaja.sk\/cs\/#\/schema\/logo\/image\/","url":"https:\/\/lanaja.sk\/wp-content\/uploads\/2024\/01\/Lanaja.sk-logo.png","contentUrl":"https:\/\/lanaja.sk\/wp-content\/uploads\/2024\/01\/Lanaja.sk-logo.png","width":600,"height":300,"caption":"Lanaja"},"image":{"@id":"https:\/\/lanaja.sk\/cs\/#\/schema\/logo\/image\/"},"sameAs":["https:\/\/www.facebook.com\/Abreadbag","https:\/\/www.instagram.com\/lanaja_sk\/"]}]}},"_links":{"self":[{"href":"https:\/\/lanaja.sk\/cs\/wp-json\/wp\/v2\/product\/16230","targetHints":{"allow":["GET"]}}],"collection":[{"href":"https:\/\/lanaja.sk\/cs\/wp-json\/wp\/v2\/product"}],"about":[{"href":"https:\/\/lanaja.sk\/cs\/wp-json\/wp\/v2\/types\/product"}],"version-history":[{"count":0,"href":"https:\/\/lanaja.sk\/cs\/wp-json\/wp\/v2\/product\/16230\/revisions"}],"wp:featuredmedia":[{"embeddable":true,"href":"https:\/\/lanaja.sk\/cs\/wp-json\/wp\/v2\/media\/15171"}],"wp:attachment":[{"href":"https:\/\/lanaja.sk\/cs\/wp-json\/wp\/v2\/media?parent=16230"}],"wp:term":[{"taxonomy":"product_brand","embeddable":true,"href":"https:\/\/lanaja.sk\/cs\/wp-json\/wp\/v2\/product_brand?post=16230"},{"taxonomy":"product_cat","embeddable":true,"href":"https:\/\/lanaja.sk\/cs\/wp-json\/wp\/v2\/product_cat?post=16230"},{"taxonomy":"product_tag","embeddable":true,"href":"https:\/\/lanaja.sk\/cs\/wp-json\/wp\/v2\/product_tag?post=16230"}],"curies":[{"name":"wp","href":"https:\/\/api.w.org\/{rel}","templated":true}]}}